{"id":3669,"date":"2022-05-24T23:54:37","date_gmt":"2022-05-24T20:54:37","guid":{"rendered":"https:\/\/beebipai.ee\/?post_type=product&#038;p=3669"},"modified":"2023-09-10T19:21:57","modified_gmt":"2023-09-10T16:21:57","slug":"neobulle-orgaaniline-rinnanibusid-rahustav-oli-50-ml","status":"publish","type":"product","link":"https:\/\/beebipai.ee\/lt\/product\/neobulle-orgaaniline-rinnanibusid-rahustav-oli-50-ml\/","title":{"rendered":"Neobule ekologi\u0161kas speneli\u0173 raminamasis aliejus, 50 ml"},"content":{"rendered":"<div data-elementor-type=\"wp-post\" data-elementor-id=\"3669\" class=\"elementor elementor-3669\">\n\t\t\t\t\t\t<section class=\"elementor-section elementor-top-section elementor-element elementor-element-baaaa33 elementor-section-boxed elementor-section-height-default elementor-section-height-default\" data-id=\"baaaa33\" data-element_type=\"section\" data-e-type=\"section\">\n\t\t\t\t\t\t<div class=\"elementor-container elementor-column-gap-default\">\n\t\t\t\t\t<div class=\"elementor-column elementor-col-50 elementor-top-column elementor-element elementor-element-7e06266\" data-id=\"7e06266\" data-element_type=\"column\" data-e-type=\"column\">\n\t\t\t<div class=\"elementor-widget-wrap elementor-element-populated\">\n\t\t\t\t\t\t<div class=\"elementor-element elementor-element-f9b368e elementor-widget elementor-widget-heading\" data-id=\"f9b368e\" data-element_type=\"widget\" data-e-type=\"widget\" data-widget_type=\"heading.default\">\n\t\t\t\t<div class=\"elementor-widget-container\">\n\t\t\t\t\t<h2 class=\"elementor-heading-title elementor-size-default\">Neobule ekologi\u0161kas speneli\u0173 raminamasis aliejus<\/h2>\t\t\t\t<\/div>\n\t\t\t\t<\/div>\n\t\t\t\t<div class=\"elementor-element elementor-element-1a830f9 elementor-widget elementor-widget-text-editor\" data-id=\"1a830f9\" data-element_type=\"widget\" data-e-type=\"widget\" data-widget_type=\"text-editor.default\">\n\t\t\t\t<div class=\"elementor-widget-container\">\n\t\t\t\t\t\t\t\t\t<p>Motinos pienas yra geriausias, nat\u016braliausias ir sveikiausias pasirinkimas j\u016bs\u0173 vaikui. Pasaulio sveikatos organizacija rekomenduoja pirmuosius 6 jo gyvenimo m\u0117nesius maitinti tik kr\u016btimi, o ateityje maitinti kr\u016btimi lygiagre\u010diai su papildomu maitinimu.<\/p><p>Be daugelio nauding\u0173 motinos pieno savybi\u0173, \u017eindymas sukuria ypating\u0105 motinos ir vaiko artum\u0105. \u0160ios akimirkos tarp j\u016bs\u0173 ir j\u016bs\u0173 k\u016bdikio yra nepakartojamos.<\/p><p>\u017dindymas taip pat padeda k\u016bdikiui palaikyti k\u016bno temperat\u016br\u0105, u\u017etikrina odos kontakt\u0105 ir artum\u0105. Suteikia k\u016bdikio prie\u017ei\u016br\u0105 ir saugum\u0105.\u00a0<\/p><p>Ta\u010diau \u017eindymo prad\u017eioje gali pasitaikyti nes\u0117kmi\u0173, \u012f kurias da\u017enai neatsi\u017evelgiama ir kartais jos gali suma\u017einti nor\u0105 toliau \u017eindyti.<\/p><p>Daugeliu atvej\u0173 jau antr\u0105 dien\u0105 speneliai tampa labai jautr\u016bs ir i\u0161 prad\u017ei\u0173 link\u0119 blog\u0117ti ir blog\u0117ti. Tai ne visada rei\u0161kia, kad maitinate k\u016bdik\u012f neteisingai arba kad k\u016bdikio \u010diulpimo technika yra neteisinga. \u017dindymas yra nauja na\u0161ta kr\u016btims, tod\u0117l speneliai i\u0161 prad\u017ei\u0173 tampa jautr\u016bs.\u00a0<\/p><p>Taip pat speneliai gali prad\u0117ti intensyviau raudonuoti, l\u016b\u017eti arba atsirasti \u012ftr\u016bkim\u0173. Visa tai moteriai sukelia skausm\u0105, o kai \u012f galv\u0105 ateina mintys apie pasidavim\u0105 \u2013 paprasta ir lengva.<\/p><p>\u017dinokite, kad galima suma\u017einti speneli\u0173 jautrum\u0105 ir pad\u0117ti sau bei savo k\u016bdikiui. Po pirmos k\u016bdikio gyvenimo savait\u0117s kr\u016btis taip pat pradeda priprasti prie naujo kr\u016bvio ir jautrumas pama\u017eu nyksta.<\/p>\t\t\t\t\t\t\t\t<\/div>\n\t\t\t\t<\/div>\n\t\t\t\t\t<\/div>\n\t\t<\/div>\n\t\t\t\t<div class=\"elementor-column elementor-col-50 elementor-top-column elementor-element elementor-element-e738524\" data-id=\"e738524\" data-element_type=\"column\" data-e-type=\"column\">\n\t\t\t<div class=\"elementor-widget-wrap elementor-element-populated\">\n\t\t\t\t\t\t<div class=\"elementor-element elementor-element-50ac2f2 elementor-widget elementor-widget-image\" data-id=\"50ac2f2\" data-element_type=\"widget\" data-e-type=\"widget\" data-widget_type=\"image.default\">\n\t\t\t\t<div class=\"elementor-widget-container\">\n\t\t\t\t\t\t\t\t\t\t\t\t\t\t\t<img fetchpriority=\"high\" decoding=\"async\" width=\"681\" height=\"1024\" src=\"https:\/\/beebipai.ee\/wp-content\/uploads\/2022\/05\/Neobulle-rinnanibuoli5-1-681x1024.jpg\" class=\"attachment-large size-large wp-image-3676\" alt=\"\" srcset=\"https:\/\/beebipai.ee\/wp-content\/uploads\/2022\/05\/Neobulle-rinnanibuoli5-1-681x1024.jpg 681w, https:\/\/beebipai.ee\/wp-content\/uploads\/2022\/05\/Neobulle-rinnanibuoli5-1-e1653461246724-199x300.jpg 199w, https:\/\/beebipai.ee\/wp-content\/uploads\/2022\/05\/Neobulle-rinnanibuoli5-1-e1653461246724-8x12.jpg 8w, https:\/\/beebipai.ee\/wp-content\/uploads\/2022\/05\/Neobulle-rinnanibuoli5-1-600x903.jpg 600w, https:\/\/beebipai.ee\/wp-content\/uploads\/2022\/05\/Neobulle-rinnanibuoli5-1-e1653461246724.jpg 400w\" sizes=\"(max-width: 681px) 100vw, 681px\" \/>\t\t\t\t\t\t\t\t\t\t\t\t\t\t\t<\/div>\n\t\t\t\t<\/div>\n\t\t\t\t\t<\/div>\n\t\t<\/div>\n\t\t\t\t\t<\/div>\n\t\t<\/section>\n\t\t\t\t<section class=\"elementor-section elementor-top-section elementor-element elementor-element-57ab4b1 elementor-section-boxed elementor-section-height-default elementor-section-height-default\" data-id=\"57ab4b1\" data-element_type=\"section\" data-e-type=\"section\">\n\t\t\t\t\t\t<div class=\"elementor-container elementor-column-gap-default\">\n\t\t\t\t\t<div class=\"elementor-column elementor-col-50 elementor-top-column elementor-element elementor-element-cf89f50\" data-id=\"cf89f50\" data-element_type=\"column\" data-e-type=\"column\">\n\t\t\t<div class=\"elementor-widget-wrap elementor-element-populated\">\n\t\t\t\t\t\t<div class=\"elementor-element elementor-element-8ee1557 elementor-widget elementor-widget-image\" data-id=\"8ee1557\" data-element_type=\"widget\" data-e-type=\"widget\" data-widget_type=\"image.default\">\n\t\t\t\t<div class=\"elementor-widget-container\">\n\t\t\t\t\t\t\t\t\t\t\t\t\t\t\t<img decoding=\"async\" width=\"400\" height=\"400\" src=\"https:\/\/beebipai.ee\/wp-content\/uploads\/2022\/05\/Neobulle-rindasid-rahustav-oli1-e1653461888942.webp\" class=\"attachment-large size-large wp-image-3673\" alt=\"\" srcset=\"https:\/\/beebipai.ee\/wp-content\/uploads\/2022\/05\/Neobulle-rindasid-rahustav-oli1-e1653461888942.webp 400w, https:\/\/beebipai.ee\/wp-content\/uploads\/2022\/05\/Neobulle-rindasid-rahustav-oli1-e1653461888942-300x300.webp 300w, https:\/\/beebipai.ee\/wp-content\/uploads\/2022\/05\/Neobulle-rindasid-rahustav-oli1-e1653461888942-150x150.webp 150w, https:\/\/beebipai.ee\/wp-content\/uploads\/2022\/05\/Neobulle-rindasid-rahustav-oli1-e1653461888942-12x12.webp 12w, https:\/\/beebipai.ee\/wp-content\/uploads\/2022\/05\/Neobulle-rindasid-rahustav-oli1-e1653461888942-100x100.webp 100w\" sizes=\"(max-width: 400px) 100vw, 400px\" \/>\t\t\t\t\t\t\t\t\t\t\t\t\t\t\t<\/div>\n\t\t\t\t<\/div>\n\t\t\t\t\t<\/div>\n\t\t<\/div>\n\t\t\t\t<div class=\"elementor-column elementor-col-50 elementor-top-column elementor-element elementor-element-82a16e3\" data-id=\"82a16e3\" data-element_type=\"column\" data-e-type=\"column\">\n\t\t\t<div class=\"elementor-widget-wrap elementor-element-populated\">\n\t\t\t\t\t\t<div class=\"elementor-element elementor-element-656cbfa elementor-widget elementor-widget-text-editor\" data-id=\"656cbfa\" data-element_type=\"widget\" data-e-type=\"widget\" data-widget_type=\"text-editor.default\">\n\t\t\t\t<div class=\"elementor-widget-container\">\n\t\t\t\t\t\t\t\t\t<p>Neobule raminantis speneli\u0173 aliejus pasi\u017eymi trigubu poveikiu. Aliejus ramina, palaiko ir apsaugo gle\u017enus ir jautrius spenelius. Skystas ir subtilus masa\u017eo aliejus lengvai tepamas. \u0160ildantis aliejaus poveikis skatina laktacij\u0105 ir daro pien\u0105 lengviau prieinam\u0105 k\u016bdikiui. Ramina ir maitina plon\u0105 speneli\u0173 srities od\u0105.\u00a0<\/p><p>Aliejuje n\u0117ra eterini\u0173 aliej\u0173 ir n\u0117ra kvapi\u0173j\u0173 med\u017eiag\u0173.\u00a0<\/p><p>Aliejumi patepkite kr\u016btis tarp maitinim\u0173. Prie\u0161 maitinim\u0105 kr\u016bties plauti neb\u016btina<\/p>\t\t\t\t\t\t\t\t<\/div>\n\t\t\t\t<\/div>\n\t\t\t\t\t<\/div>\n\t\t<\/div>\n\t\t\t\t\t<\/div>\n\t\t<\/section>\n\t\t\t\t<section class=\"elementor-section elementor-top-section elementor-element elementor-element-8001898 elementor-section-boxed elementor-section-height-default elementor-section-height-default\" data-id=\"8001898\" data-element_type=\"section\" data-e-type=\"section\">\n\t\t\t\t\t\t<div class=\"elementor-container elementor-column-gap-default\">\n\t\t\t\t\t<div class=\"elementor-column elementor-col-50 elementor-top-column elementor-element elementor-element-f83fe70\" data-id=\"f83fe70\" data-element_type=\"column\" data-e-type=\"column\">\n\t\t\t<div class=\"elementor-widget-wrap elementor-element-populated\">\n\t\t\t\t\t\t<div class=\"elementor-element elementor-element-ffeb754 elementor-widget elementor-widget-text-editor\" data-id=\"ffeb754\" data-element_type=\"widget\" data-e-type=\"widget\" data-widget_type=\"text-editor.default\">\n\t\t\t\t<div class=\"elementor-widget-container\">\n\t\t\t\t\t\t\t\t\t<p>Nepamir\u0161kite kuo lengviau pasir\u016bpinti \u017eindymu.<\/p><p>Kr\u016bties specialaus paruo\u0161imo \u017eindymui nereikia. Kr\u016btin\u0117 visada \u0161vari ir paruo\u0161ta. \u017dinoma, speneli\u0173 negalima apdoroti dezinfekuojan\u010diomis priemon\u0117mis, tokiomis kaip briliantin\u0117 \u017ealuma.<\/p><p>Kr\u016bt\u012f galima pasi\u016blyti v\u0117si\u0105 po \u017eindymo ir \u0161ilt\u0105 prie\u0161 \u017eindym\u0105. Tai suma\u017eina diskomfort\u0105, susijus\u012f su i\u0161siliejimu, ir skatina pieno tek\u0117jim\u0105.<\/p><p>Gerkite pakankamai, reikia 1,5-2 litr\u0173 skys\u010dio, kad laktacija taip pat vykt\u0173 be problem\u0173.<\/p><p>Jei k\u016bdikis pakankamai valgo prie kr\u016bties (min. 8 valg. per dien\u0105), atsibunda laiku pavalgyti, priauga normalus svoris, \u0161lapinasi \u2013 tuomet \u017eindomas vaikas pats reguliuoja savo valgymo laik\u0105. Taip pat \u0161iuo atveju nereikia mel\u017eti kr\u016bt\u0173. K\u016bdikis taip pat reguliuoja jam reikaling\u0105 pieno kiek\u012f.<\/p><p>Naudokite atramin\u0119 liemen\u0117l\u0119, kad palaikytum\u0117te kr\u016btis, kurios pasunk\u0117jo nuo pieno. Liemen\u0117l\u0117 gali b\u016bti pagaminta i\u0161 odai nekenksmingos med\u017eiagos ir neturi niekur spausti.<\/p>\t\t\t\t\t\t\t\t<\/div>\n\t\t\t\t<\/div>\n\t\t\t\t\t<\/div>\n\t\t<\/div>\n\t\t\t\t<div class=\"elementor-column elementor-col-50 elementor-top-column elementor-element elementor-element-3637169\" data-id=\"3637169\" data-element_type=\"column\" data-e-type=\"column\">\n\t\t\t<div class=\"elementor-widget-wrap elementor-element-populated\">\n\t\t\t\t\t\t<div class=\"elementor-element elementor-element-35eb7e1 elementor-widget elementor-widget-image\" data-id=\"35eb7e1\" data-element_type=\"widget\" data-e-type=\"widget\" data-widget_type=\"image.default\">\n\t\t\t\t<div class=\"elementor-widget-container\">\n\t\t\t\t\t\t\t\t\t\t\t\t\t\t\t<img decoding=\"async\" width=\"390\" height=\"565\" src=\"https:\/\/beebipai.ee\/wp-content\/uploads\/2022\/05\/Neobulle-rahustav-rinnaoli2.jpg\" class=\"attachment-large size-large wp-image-3671\" alt=\"\" srcset=\"https:\/\/beebipai.ee\/wp-content\/uploads\/2022\/05\/Neobulle-rahustav-rinnaoli2.jpg 390w, https:\/\/beebipai.ee\/wp-content\/uploads\/2022\/05\/Neobulle-rahustav-rinnaoli2-207x300.jpg 207w, https:\/\/beebipai.ee\/wp-content\/uploads\/2022\/05\/Neobulle-rahustav-rinnaoli2-8x12.jpg 8w\" sizes=\"(max-width: 390px) 100vw, 390px\" \/>\t\t\t\t\t\t\t\t\t\t\t\t\t\t\t<\/div>\n\t\t\t\t<\/div>\n\t\t\t\t\t<\/div>\n\t\t<\/div>\n\t\t\t\t\t<\/div>\n\t\t<\/section>\n\t\t\t\t<\/div>","protected":false},"excerpt":{"rendered":"<p>Neobulle spenelius raminantis aliejus yra puikus pagalbininkas \u017eindan\u010dioms mamoms. Ma\u017eindamas speneli\u0173 jautrum\u0105 ir ramindamas spenelius, jis palaiko ir skatina tolesn\u012f \u017eindym\u0105. \u0160ildantis aliejaus poveikis skatina pieno tek\u0117jim\u0105, tod\u0117l pienas lengviau pasiekiamas k\u016bdikiui.<\/p>\n<p>100% ingredient\u0173 yra i\u0161 ekologinio \u016bkininkavimo<\/p>\n<p>Pagaminta Pranc\u016bzijoje<\/p>","protected":false},"featured_media":5868,"template":"","meta":{"_monsterinsights_skip_tracking":false,"_monsterinsights_sitenote_active":false,"_monsterinsights_sitenote_note":"","_monsterinsights_sitenote_category":0,"site-sidebar-layout":"no-sidebar","site-content-layout":"page-builder","ast-site-content-layout":"full-width-container","site-content-style":"unboxed","site-sidebar-style":"unboxed","ast-global-header-display":"","ast-banner-title-visibility":"","ast-main-header-display":"","ast-hfb-above-header-display":"","ast-hfb-below-header-display":"","ast-hfb-mobile-header-display":"","site-post-title":"disabled","ast-breadcrumbs-content":"","ast-featured-img":"disabled","footer-sml-layout":"","ast-disable-related-posts":"","theme-transparent-header-meta":"default","adv-header-id-meta":"","stick-header-meta":"","header-above-stick-meta":"","header-main-stick-meta":"","header-below-stick-meta":"","astra-migrate-meta-layouts":"set","ast-page-background-enabled":"default","ast-page-background-meta":{"desktop":{"background-color":"","background-image":"","background-repeat":"repeat","background-position":"center center","background-size":"auto","background-attachment":"scroll","background-type":"","background-media":"","overlay-type":"","overlay-color":"","overlay-opacity":"","overlay-gradient":""},"tablet":{"background-color":"","background-image":"","background-repeat":"repeat","background-position":"center center","background-size":"auto","background-attachment":"scroll","background-type":"","background-media":"","overlay-type":"","overlay-color":"","overlay-opacity":"","overlay-gradient":""},"mobile":{"background-color":"","background-image":"","background-repeat":"repeat","background-position":"center center","background-size":"auto","background-attachment":"scroll","background-type":"","background-media":"","overlay-type":"","overlay-color":"","overlay-opacity":"","overlay-gradient":""}},"ast-content-background-meta":{"desktop":{"background-color":"var(--ast-global-color-5)","background-image":"","background-repeat":"repeat","background-position":"center center","background-size":"auto","background-attachment":"scroll","background-type":"","background-media":"","overlay-type":"","overlay-color":"","overlay-opacity":"","overlay-gradient":""},"tablet":{"background-color":"var(--ast-global-color-5)","background-image":"","background-repeat":"repeat","background-position":"center center","background-size":"auto","background-attachment":"scroll","background-type":"","background-media":"","overlay-type":"","overlay-color":"","overlay-opacity":"","overlay-gradient":""},"mobile":{"background-color":"var(--ast-global-color-5)","background-image":"","background-repeat":"repeat","background-position":"center center","background-size":"auto","background-attachment":"scroll","background-type":"","background-media":"","overlay-type":"","overlay-color":"","overlay-opacity":"","overlay-gradient":""}}},"product_brand":[],"product_cat":[22,103],"product_tag":[],"class_list":{"0":"post-3669","1":"product","2":"type-product","3":"status-publish","4":"has-post-thumbnail","6":"product_cat-emale","7":"product_cat-imetamine","8":"desktop-align-left","9":"tablet-align-left","10":"mobile-align-left","12":"first","13":"instock","14":"taxable","15":"shipping-taxable","16":"purchasable","17":"product-type-simple"},"yoast_head":"<!-- This site is optimized with the Yoast SEO plugin v27.3 - https:\/\/yoast.com\/product\/yoast-seo-wordpress\/ -->\n<title>Neobulle orgaaniline rinnanibusid rahustav \u00f5li, 50 ml - Beebipai<\/title>\n<meta name=\"description\" content=\"Neobulle orgaaniline rinnanibusid rahustav \u00f5li leevendab kiiresti rinnanibude valulikkuse. Vaata toodet Neobulle orgaaniline rinnanibusid rahustav \u00f5li!\" \/>\n<meta name=\"robots\" content=\"index, follow, max-snippet:-1, max-image-preview:large, max-video-preview:-1\" \/>\n<link rel=\"canonical\" href=\"https:\/\/beebipai.ee\/lt\/product\/neobulle-orgaaniline-rinnanibusid-rahustav-oli-50-ml\/\" \/>\n<meta property=\"og:locale\" content=\"lt_LT\" \/>\n<meta property=\"og:type\" content=\"article\" \/>\n<meta property=\"og:title\" content=\"Neobulle orgaaniline rinnanibusid rahustav \u00f5li, 50 ml - Beebipai\" \/>\n<meta property=\"og:description\" content=\"Neobulle orgaaniline rinnanibusid rahustav \u00f5li leevendab kiiresti rinnanibude valulikkuse. Vaata toodet Neobulle orgaaniline rinnanibusid rahustav \u00f5li!\" \/>\n<meta property=\"og:url\" content=\"https:\/\/beebipai.ee\/lt\/product\/neobulle-orgaaniline-rinnanibusid-rahustav-oli-50-ml\/\" \/>\n<meta property=\"og:site_name\" content=\"Beebipai\" \/>\n<meta property=\"article:modified_time\" content=\"2023-09-10T16:21:57+00:00\" \/>\n<meta property=\"og:image\" content=\"https:\/\/beebipai.ee\/wp-content\/uploads\/2022\/05\/neobulle-rinnanibusid-rahustav-oli-e1660720965528.jpg\" \/>\n\t<meta property=\"og:image:width\" content=\"700\" \/>\n\t<meta property=\"og:image:height\" content=\"559\" \/>\n\t<meta property=\"og:image:type\" content=\"image\/jpeg\" \/>\n<meta name=\"twitter:card\" content=\"summary_large_image\" \/>\n<meta name=\"twitter:label1\" content=\"Est. reading time\" \/>\n\t<meta name=\"twitter:data1\" content=\"3 minut\u0117s\" \/>\n<script type=\"application\/ld+json\" class=\"yoast-schema-graph\">{\"@context\":\"https:\\\/\\\/schema.org\",\"@graph\":[{\"@type\":\"WebPage\",\"@id\":\"https:\\\/\\\/beebipai.ee\\\/product\\\/neobulle-orgaaniline-rinnanibusid-rahustav-oli-50-ml\\\/\",\"url\":\"https:\\\/\\\/beebipai.ee\\\/product\\\/neobulle-orgaaniline-rinnanibusid-rahustav-oli-50-ml\\\/\",\"name\":\"Neobulle orgaaniline rinnanibusid rahustav \u00f5li, 50 ml - Beebipai\",\"isPartOf\":{\"@id\":\"https:\\\/\\\/beebipai.ee\\\/en\\\/#website\"},\"primaryImageOfPage\":{\"@id\":\"https:\\\/\\\/beebipai.ee\\\/product\\\/neobulle-orgaaniline-rinnanibusid-rahustav-oli-50-ml\\\/#primaryimage\"},\"image\":{\"@id\":\"https:\\\/\\\/beebipai.ee\\\/product\\\/neobulle-orgaaniline-rinnanibusid-rahustav-oli-50-ml\\\/#primaryimage\"},\"thumbnailUrl\":\"https:\\\/\\\/beebipai.ee\\\/wp-content\\\/uploads\\\/2022\\\/05\\\/neobulle-rinnanibusid-rahustav-oli-e1660720965528.jpg\",\"datePublished\":\"2022-05-24T20:54:37+00:00\",\"dateModified\":\"2023-09-10T16:21:57+00:00\",\"description\":\"Neobulle orgaaniline rinnanibusid rahustav \u00f5li leevendab kiiresti rinnanibude valulikkuse. Vaata toodet Neobulle orgaaniline rinnanibusid rahustav \u00f5li!\",\"breadcrumb\":{\"@id\":\"https:\\\/\\\/beebipai.ee\\\/product\\\/neobulle-orgaaniline-rinnanibusid-rahustav-oli-50-ml\\\/#breadcrumb\"},\"inLanguage\":\"lt-LT\",\"potentialAction\":[{\"@type\":\"ReadAction\",\"target\":[\"https:\\\/\\\/beebipai.ee\\\/product\\\/neobulle-orgaaniline-rinnanibusid-rahustav-oli-50-ml\\\/\"]}]},{\"@type\":\"ImageObject\",\"inLanguage\":\"lt-LT\",\"@id\":\"https:\\\/\\\/beebipai.ee\\\/product\\\/neobulle-orgaaniline-rinnanibusid-rahustav-oli-50-ml\\\/#primaryimage\",\"url\":\"https:\\\/\\\/beebipai.ee\\\/wp-content\\\/uploads\\\/2022\\\/05\\\/neobulle-rinnanibusid-rahustav-oli-e1660720965528.jpg\",\"contentUrl\":\"https:\\\/\\\/beebipai.ee\\\/wp-content\\\/uploads\\\/2022\\\/05\\\/neobulle-rinnanibusid-rahustav-oli-e1660720965528.jpg\",\"width\":700,\"height\":559},{\"@type\":\"BreadcrumbList\",\"@id\":\"https:\\\/\\\/beebipai.ee\\\/product\\\/neobulle-orgaaniline-rinnanibusid-rahustav-oli-50-ml\\\/#breadcrumb\",\"itemListElement\":[{\"@type\":\"ListItem\",\"position\":1,\"name\":\"Home\",\"item\":\"https:\\\/\\\/beebipai.ee\\\/\"},{\"@type\":\"ListItem\",\"position\":2,\"name\":\"Pood\",\"item\":\"https:\\\/\\\/beebipai.ee\\\/store\\\/\"},{\"@type\":\"ListItem\",\"position\":3,\"name\":\"Neobulle orgaaniline rinnanibusid rahustav \u00f5li, 50 ml\"}]},{\"@type\":\"WebSite\",\"@id\":\"https:\\\/\\\/beebipai.ee\\\/en\\\/#website\",\"url\":\"https:\\\/\\\/beebipai.ee\\\/en\\\/\",\"name\":\"Beebipai\",\"description\":\"Rasedate ja beebide veebipood\",\"potentialAction\":[{\"@type\":\"SearchAction\",\"target\":{\"@type\":\"EntryPoint\",\"urlTemplate\":\"https:\\\/\\\/beebipai.ee\\\/en\\\/?s={search_term_string}\"},\"query-input\":{\"@type\":\"PropertyValueSpecification\",\"valueRequired\":true,\"valueName\":\"search_term_string\"}}],\"inLanguage\":\"lt-LT\"}]}<\/script>\n<!-- \/ Yoast SEO plugin. -->","yoast_head_json":{"title":"Neobulle orgaaniline rinnanibusid rahustav \u00f5li, 50 ml - Beebipai","description":"Neobulle orgaaniline rinnanibusid rahustav \u00f5li leevendab kiiresti rinnanibude valulikkuse. Vaata toodet Neobulle orgaaniline rinnanibusid rahustav \u00f5li!","robots":{"index":"index","follow":"follow","max-snippet":"max-snippet:-1","max-image-preview":"max-image-preview:large","max-video-preview":"max-video-preview:-1"},"canonical":"https:\/\/beebipai.ee\/lt\/product\/neobulle-orgaaniline-rinnanibusid-rahustav-oli-50-ml\/","og_locale":"lt_LT","og_type":"article","og_title":"Neobulle orgaaniline rinnanibusid rahustav \u00f5li, 50 ml - Beebipai","og_description":"Neobulle orgaaniline rinnanibusid rahustav \u00f5li leevendab kiiresti rinnanibude valulikkuse. Vaata toodet Neobulle orgaaniline rinnanibusid rahustav \u00f5li!","og_url":"https:\/\/beebipai.ee\/lt\/product\/neobulle-orgaaniline-rinnanibusid-rahustav-oli-50-ml\/","og_site_name":"Beebipai","article_modified_time":"2023-09-10T16:21:57+00:00","og_image":[{"width":700,"height":559,"url":"https:\/\/beebipai.ee\/wp-content\/uploads\/2022\/05\/neobulle-rinnanibusid-rahustav-oli-e1660720965528.jpg","type":"image\/jpeg"}],"twitter_card":"summary_large_image","twitter_misc":{"Est. reading time":"3 minut\u0117s"},"schema":{"@context":"https:\/\/schema.org","@graph":[{"@type":"WebPage","@id":"https:\/\/beebipai.ee\/product\/neobulle-orgaaniline-rinnanibusid-rahustav-oli-50-ml\/","url":"https:\/\/beebipai.ee\/product\/neobulle-orgaaniline-rinnanibusid-rahustav-oli-50-ml\/","name":"Neobulle orgaaniline rinnanibusid rahustav \u00f5li, 50 ml - Beebipai","isPartOf":{"@id":"https:\/\/beebipai.ee\/en\/#website"},"primaryImageOfPage":{"@id":"https:\/\/beebipai.ee\/product\/neobulle-orgaaniline-rinnanibusid-rahustav-oli-50-ml\/#primaryimage"},"image":{"@id":"https:\/\/beebipai.ee\/product\/neobulle-orgaaniline-rinnanibusid-rahustav-oli-50-ml\/#primaryimage"},"thumbnailUrl":"https:\/\/beebipai.ee\/wp-content\/uploads\/2022\/05\/neobulle-rinnanibusid-rahustav-oli-e1660720965528.jpg","datePublished":"2022-05-24T20:54:37+00:00","dateModified":"2023-09-10T16:21:57+00:00","description":"Neobulle orgaaniline rinnanibusid rahustav \u00f5li leevendab kiiresti rinnanibude valulikkuse. Vaata toodet Neobulle orgaaniline rinnanibusid rahustav \u00f5li!","breadcrumb":{"@id":"https:\/\/beebipai.ee\/product\/neobulle-orgaaniline-rinnanibusid-rahustav-oli-50-ml\/#breadcrumb"},"inLanguage":"lt-LT","potentialAction":[{"@type":"ReadAction","target":["https:\/\/beebipai.ee\/product\/neobulle-orgaaniline-rinnanibusid-rahustav-oli-50-ml\/"]}]},{"@type":"ImageObject","inLanguage":"lt-LT","@id":"https:\/\/beebipai.ee\/product\/neobulle-orgaaniline-rinnanibusid-rahustav-oli-50-ml\/#primaryimage","url":"https:\/\/beebipai.ee\/wp-content\/uploads\/2022\/05\/neobulle-rinnanibusid-rahustav-oli-e1660720965528.jpg","contentUrl":"https:\/\/beebipai.ee\/wp-content\/uploads\/2022\/05\/neobulle-rinnanibusid-rahustav-oli-e1660720965528.jpg","width":700,"height":559},{"@type":"BreadcrumbList","@id":"https:\/\/beebipai.ee\/product\/neobulle-orgaaniline-rinnanibusid-rahustav-oli-50-ml\/#breadcrumb","itemListElement":[{"@type":"ListItem","position":1,"name":"Home","item":"https:\/\/beebipai.ee\/"},{"@type":"ListItem","position":2,"name":"Pood","item":"https:\/\/beebipai.ee\/store\/"},{"@type":"ListItem","position":3,"name":"Neobulle orgaaniline rinnanibusid rahustav \u00f5li, 50 ml"}]},{"@type":"WebSite","@id":"https:\/\/beebipai.ee\/en\/#website","url":"https:\/\/beebipai.ee\/en\/","name":"Beebipai","description":"Rasedate ja beebide veebipood","potentialAction":[{"@type":"SearchAction","target":{"@type":"EntryPoint","urlTemplate":"https:\/\/beebipai.ee\/en\/?s={search_term_string}"},"query-input":{"@type":"PropertyValueSpecification","valueRequired":true,"valueName":"search_term_string"}}],"inLanguage":"lt-LT"}]}},"_links":{"self":[{"href":"https:\/\/beebipai.ee\/lt\/wp-json\/wp\/v2\/product\/3669","targetHints":{"allow":["GET"]}}],"collection":[{"href":"https:\/\/beebipai.ee\/lt\/wp-json\/wp\/v2\/product"}],"about":[{"href":"https:\/\/beebipai.ee\/lt\/wp-json\/wp\/v2\/types\/product"}],"version-history":[{"count":5,"href":"https:\/\/beebipai.ee\/lt\/wp-json\/wp\/v2\/product\/3669\/revisions"}],"predecessor-version":[{"id":5457,"href":"https:\/\/beebipai.ee\/lt\/wp-json\/wp\/v2\/product\/3669\/revisions\/5457"}],"wp:featuredmedia":[{"embeddable":true,"href":"https:\/\/beebipai.ee\/lt\/wp-json\/wp\/v2\/media\/5868"}],"wp:attachment":[{"href":"https:\/\/beebipai.ee\/lt\/wp-json\/wp\/v2\/media?parent=3669"}],"wp:term":[{"taxonomy":"product_brand","embeddable":true,"href":"https:\/\/beebipai.ee\/lt\/wp-json\/wp\/v2\/product_brand?post=3669"},{"taxonomy":"product_cat","embeddable":true,"href":"https:\/\/beebipai.ee\/lt\/wp-json\/wp\/v2\/product_cat?post=3669"},{"taxonomy":"product_tag","embeddable":true,"href":"https:\/\/beebipai.ee\/lt\/wp-json\/wp\/v2\/product_tag?post=3669"}],"curies":[{"name":"wp","href":"https:\/\/api.w.org\/{rel}","templated":true}]}}