{"id":3437,"date":"2022-05-18T22:06:11","date_gmt":"2022-05-18T19:06:11","guid":{"rendered":"https:\/\/beebipai.ee\/?post_type=product&#038;p=3437"},"modified":"2022-09-13T22:18:11","modified_gmt":"2022-09-13T19:18:11","slug":"neobulle-lahklihaoli","status":"publish","type":"product","link":"https:\/\/beebipai.ee\/lt\/product\/neobulle-lahklihaoli\/","title":{"rendered":"Neobulle orgaaniline lahkliha\u00f5li, 20 ml"},"content":{"rendered":"<div data-elementor-type=\"wp-post\" data-elementor-id=\"3437\" class=\"elementor elementor-3437\">\n\t\t\t\t\t\t<section class=\"elementor-section elementor-top-section elementor-element elementor-element-f447bed elementor-section-boxed elementor-section-height-default elementor-section-height-default\" data-id=\"f447bed\" data-element_type=\"section\" data-e-type=\"section\">\n\t\t\t\t\t\t<div class=\"elementor-container elementor-column-gap-default\">\n\t\t\t\t\t<div class=\"elementor-column elementor-col-50 elementor-top-column elementor-element elementor-element-ab58a96\" data-id=\"ab58a96\" data-element_type=\"column\" data-e-type=\"column\">\n\t\t\t<div class=\"elementor-widget-wrap elementor-element-populated\">\n\t\t\t\t\t\t<div class=\"elementor-element elementor-element-0878a10 elementor-widget elementor-widget-heading\" data-id=\"0878a10\" data-element_type=\"widget\" data-e-type=\"widget\" data-widget_type=\"heading.default\">\n\t\t\t\t<div class=\"elementor-widget-container\">\n\t\t\t\t\t<h2 class=\"elementor-heading-title elementor-size-default\">Orgaaniline lahkliha\u00f5li<\/h2>\t\t\t\t<\/div>\n\t\t\t\t<\/div>\n\t\t\t\t<div class=\"elementor-element elementor-element-6e290d1 elementor-widget elementor-widget-text-editor\" data-id=\"6e290d1\" data-element_type=\"widget\" data-e-type=\"widget\" data-widget_type=\"text-editor.default\">\n\t\t\t\t<div class=\"elementor-widget-container\">\n\t\t\t\t\t\t\t\t\t<p>S\u00fcnnituse ajal toimuvad s\u00fcnnitusteedes suured muutused, et v\u00f5imaldada s\u00fcndida kauaoodatud lapsel. S\u00fcnnitusteed hakkavad s\u00fcnnituseks valmistuma juba raseduse ajal.<\/p><p>S\u00fcnnitusteed on loodud erakordselt elastseks ja venivaks, et nad kohanevad kenasti s\u00fcndiva lapse suuruse, asendi ja s\u00fcndimise kiirusega ning peale s\u00fcnnitust taastuvad oma esialgsesse olekusse. S\u00fcnnituse ajal tupe lihased paigutuvad \u00fcmber ning moodustub s\u00fcnnikanal.\u00a0<\/p><p>Lapse laskumise k\u00e4igus l\u00e4bi s\u00fcnnitusteede v\u00f5ivad tekkida s\u00fcnnitusteedes nii pindmisemad marrastused kui ka natuke suuremad lihaste ja\/v\u00f5i naha rebendid. Rebendite teket ja nende ulatust m\u00f5jutavad v\u00e4ga paljud erinevad faktorid:<\/p><ul><li>geneetiliselt kaasa antud kudede elastsus<\/li><li>lapse suurus<\/li><li>lapse s\u00fcnnitusteede l\u00e4bimise kiirus<\/li><li>lapse s\u00e4ttumine s\u00fcnnitusteedes<\/li><li>ema asend s\u00fcnnitusel<\/li><li>instrumentaalne s\u00fcnnitus (vaakums\u00fcnnitus)<\/li><li>rasedusaegsed tupep\u00f5letikud (seenp\u00f5letik)<\/li><\/ul><p>S\u00fcnnitusteede rebendite tekkeriski v\u00e4hendamiseks saab ise \u00a0 \u00fcht teist \u00e4ra teha. Muidugi on asju, mida muuta ei saa, kuid on ka palju neid, mida saab.<\/p><ul><li>ravi v\u00e4lja rasedusaegsed tupep\u00f5letikud. Need muudavad tupekoed rebenditele vastuv\u00f5tlikumaks. Ise\u00e4ranis seenp\u00f5letik, mida esineb raseduse ajal \u00fcsna palju<\/li><li>tee v\u00e4iksed muudatused, et seenp\u00f5letikke \u00e4ra hoida \u2013 vaata \u00fcle toidulaud, v\u00e4henda h\u00fcgieenisidemet ja stringide kandmist, kasuta intiimpesugeeli<\/li><li>raseduse viimasel kuul v\u00f5id alustada s\u00fcnnitusteede ettevalmistust lahkiliha\u00f5liga<\/li><li>tee \u00e4mmaemandaga koost\u00f6\u00f6d, tema n\u00e4eb ja tunneb lapse laskumise kiirust ja s\u00fcnnitusteede seisukorda<\/li><\/ul>\t\t\t\t\t\t\t\t<\/div>\n\t\t\t\t<\/div>\n\t\t\t\t\t<\/div>\n\t\t<\/div>\n\t\t\t\t<div class=\"elementor-column elementor-col-50 elementor-top-column elementor-element elementor-element-10a1948\" data-id=\"10a1948\" data-element_type=\"column\" data-e-type=\"column\">\n\t\t\t<div class=\"elementor-widget-wrap elementor-element-populated\">\n\t\t\t\t\t\t<div class=\"elementor-element elementor-element-8450fc6 elementor-widget elementor-widget-image\" data-id=\"8450fc6\" data-element_type=\"widget\" data-e-type=\"widget\" data-widget_type=\"image.default\">\n\t\t\t\t<div class=\"elementor-widget-container\">\n\t\t\t\t\t\t\t\t\t\t\t\t\t\t\t<img fetchpriority=\"high\" decoding=\"async\" width=\"768\" height=\"431\" src=\"https:\/\/beebipai.ee\/wp-content\/uploads\/2022\/05\/Neobulle-orgaaniline-lahklihaoli7-768x431.webp\" class=\"attachment-medium_large size-medium_large wp-image-6624\" alt=\"\" srcset=\"https:\/\/beebipai.ee\/wp-content\/uploads\/2022\/05\/Neobulle-orgaaniline-lahklihaoli7-768x431.webp 768w, https:\/\/beebipai.ee\/wp-content\/uploads\/2022\/05\/Neobulle-orgaaniline-lahklihaoli7-e1663096215277-300x168.webp 300w, https:\/\/beebipai.ee\/wp-content\/uploads\/2022\/05\/Neobulle-orgaaniline-lahklihaoli7-1024x575.webp 1024w, https:\/\/beebipai.ee\/wp-content\/uploads\/2022\/05\/Neobulle-orgaaniline-lahklihaoli7-e1663096215277-18x10.webp 18w, https:\/\/beebipai.ee\/wp-content\/uploads\/2022\/05\/Neobulle-orgaaniline-lahklihaoli7-600x337.webp 600w, https:\/\/beebipai.ee\/wp-content\/uploads\/2022\/05\/Neobulle-orgaaniline-lahklihaoli7-e1663096215277.webp 400w\" sizes=\"(max-width: 768px) 100vw, 768px\" \/>\t\t\t\t\t\t\t\t\t\t\t\t\t\t\t<\/div>\n\t\t\t\t<\/div>\n\t\t\t\t<div class=\"elementor-element elementor-element-62fe367 elementor-widget elementor-widget-image\" data-id=\"62fe367\" data-element_type=\"widget\" data-e-type=\"widget\" data-widget_type=\"image.default\">\n\t\t\t\t<div class=\"elementor-widget-container\">\n\t\t\t\t\t\t\t\t\t\t\t\t\t\t\t<img decoding=\"async\" width=\"1010\" height=\"1024\" src=\"https:\/\/beebipai.ee\/wp-content\/uploads\/2022\/05\/Neobulle-orgaaniline-lahklihaoli6-1010x1024.jpg\" class=\"attachment-large size-large wp-image-6620\" alt=\"\" srcset=\"https:\/\/beebipai.ee\/wp-content\/uploads\/2022\/05\/Neobulle-orgaaniline-lahklihaoli6-1010x1024.jpg 1010w, https:\/\/beebipai.ee\/wp-content\/uploads\/2022\/05\/Neobulle-orgaaniline-lahklihaoli6-e1663095598466-296x300.jpg 296w, https:\/\/beebipai.ee\/wp-content\/uploads\/2022\/05\/Neobulle-orgaaniline-lahklihaoli6-768x779.jpg 768w, https:\/\/beebipai.ee\/wp-content\/uploads\/2022\/05\/Neobulle-orgaaniline-lahklihaoli6-1515x1536.jpg 1515w, https:\/\/beebipai.ee\/wp-content\/uploads\/2022\/05\/Neobulle-orgaaniline-lahklihaoli6-2020x2048.jpg 2020w, https:\/\/beebipai.ee\/wp-content\/uploads\/2022\/05\/Neobulle-orgaaniline-lahklihaoli6-e1663095598466-12x12.jpg 12w, https:\/\/beebipai.ee\/wp-content\/uploads\/2022\/05\/Neobulle-orgaaniline-lahklihaoli6-600x608.jpg 600w, https:\/\/beebipai.ee\/wp-content\/uploads\/2022\/05\/Neobulle-orgaaniline-lahklihaoli6-e1663095598466-100x100.jpg 100w, https:\/\/beebipai.ee\/wp-content\/uploads\/2022\/05\/Neobulle-orgaaniline-lahklihaoli6-e1663095598466.jpg 400w\" sizes=\"(max-width: 1010px) 100vw, 1010px\" \/>\t\t\t\t\t\t\t\t\t\t\t\t\t\t\t<\/div>\n\t\t\t\t<\/div>\n\t\t\t\t\t<\/div>\n\t\t<\/div>\n\t\t\t\t\t<\/div>\n\t\t<\/section>\n\t\t\t\t<section class=\"elementor-section elementor-top-section elementor-element elementor-element-fee9675 elementor-section-boxed elementor-section-height-default elementor-section-height-default\" data-id=\"fee9675\" data-element_type=\"section\" data-e-type=\"section\">\n\t\t\t\t\t\t<div class=\"elementor-container elementor-column-gap-default\">\n\t\t\t\t\t<div class=\"elementor-column elementor-col-50 elementor-top-column elementor-element elementor-element-8e3e1b2\" data-id=\"8e3e1b2\" data-element_type=\"column\" data-e-type=\"column\">\n\t\t\t<div class=\"elementor-widget-wrap elementor-element-populated\">\n\t\t\t\t\t\t<div class=\"elementor-element elementor-element-d270c2b elementor-widget elementor-widget-text-editor\" data-id=\"d270c2b\" data-element_type=\"widget\" data-e-type=\"widget\" data-widget_type=\"text-editor.default\">\n\t\t\t\t<div class=\"elementor-widget-container\">\n\t\t\t\t\t\t\t\t\t<p>S\u00fcnnituseks ettevalmistavat orgaanilist lahkliha\u00f5li v\u00f5ib hakata kasutama alates 32-st rasedusn\u00e4dalast. Lahkliha\u00f5li regulaarne kasutamine enne s\u00fcnnitust muudab lahkliha koed elastsemaks ja paremini venivamakas.\u00a0 Masseerivad liigutused \u00f5li peale kandmiseks parandavad vereringet ja t\u00f5stavad kudede elastsust veelgi.<\/p><p>Sellega v\u00e4heneb olulisel m\u00e4\u00e4ral risk s\u00fcnnitusaegsete rebendite tekkeks.<\/p><p>Neobulle lahkliha\u00f5li p\u00e4rineb 100 % mahep\u00f5llumajandusest. Hoolikalt valitud orgaanilised koostisosad sobivad ideaalselt \u00f5rnale ja tundlikule lahklihapiirkonnale.<\/p><p>Neobulle lahkliha\u00f5li on kasutatav ka s\u00fcnnitusj\u00e4rgses perioodis, aidates s\u00fcnnitusteedel kiiremini taastuda ning v\u00e4hendades v\u00f5imalikku valu ja ebamugavustunnet<\/p><p>Neobulle \u00f5li on pumbaga pudelis, mis teeb kasutamise mugavaks, lihtsaks ja puhtaks<\/p>\t\t\t\t\t\t\t\t<\/div>\n\t\t\t\t<\/div>\n\t\t\t\t\t<\/div>\n\t\t<\/div>\n\t\t\t\t<div class=\"elementor-column elementor-col-50 elementor-top-column elementor-element elementor-element-1fd2f2d\" data-id=\"1fd2f2d\" data-element_type=\"column\" data-e-type=\"column\">\n\t\t\t<div class=\"elementor-widget-wrap elementor-element-populated\">\n\t\t\t\t\t\t<div class=\"elementor-element elementor-element-2889021 elementor-widget elementor-widget-image\" data-id=\"2889021\" data-element_type=\"widget\" data-e-type=\"widget\" data-widget_type=\"image.default\">\n\t\t\t\t<div class=\"elementor-widget-container\">\n\t\t\t\t\t\t\t\t\t\t\t\t\t\t\t<img decoding=\"async\" width=\"450\" height=\"300\" src=\"https:\/\/beebipai.ee\/wp-content\/uploads\/2022\/05\/Neobulle-orgaaniline-lahklihaoli8.webp\" class=\"attachment-medium_large size-medium_large wp-image-6625\" alt=\"\" srcset=\"https:\/\/beebipai.ee\/wp-content\/uploads\/2022\/05\/Neobulle-orgaaniline-lahklihaoli8.webp 450w, https:\/\/beebipai.ee\/wp-content\/uploads\/2022\/05\/Neobulle-orgaaniline-lahklihaoli8-300x200.webp 300w, https:\/\/beebipai.ee\/wp-content\/uploads\/2022\/05\/Neobulle-orgaaniline-lahklihaoli8-18x12.webp 18w\" sizes=\"(max-width: 450px) 100vw, 450px\" \/>\t\t\t\t\t\t\t\t\t\t\t\t\t\t\t<\/div>\n\t\t\t\t<\/div>\n\t\t\t\t\t<\/div>\n\t\t<\/div>\n\t\t\t\t\t<\/div>\n\t\t<\/section>\n\t\t\t\t<section class=\"elementor-section elementor-top-section elementor-element elementor-element-1bb3ffa elementor-section-boxed elementor-section-height-default elementor-section-height-default\" data-id=\"1bb3ffa\" data-element_type=\"section\" data-e-type=\"section\">\n\t\t\t\t\t\t<div class=\"elementor-container elementor-column-gap-default\">\n\t\t\t\t\t<div class=\"elementor-column elementor-col-50 elementor-top-column elementor-element elementor-element-5233ffd\" data-id=\"5233ffd\" data-element_type=\"column\" data-e-type=\"column\">\n\t\t\t<div class=\"elementor-widget-wrap elementor-element-populated\">\n\t\t\t\t\t\t<div class=\"elementor-element elementor-element-7c29bac elementor-widget elementor-widget-video\" data-id=\"7c29bac\" data-element_type=\"widget\" data-e-type=\"widget\" data-settings=\"{&quot;youtube_url&quot;:&quot;https:\\\/\\\/www.youtube.com\\\/watch?v=TwzD5Z98ELc&quot;,&quot;video_type&quot;:&quot;youtube&quot;,&quot;controls&quot;:&quot;yes&quot;}\" data-widget_type=\"video.default\">\n\t\t\t\t<div class=\"elementor-widget-container\">\n\t\t\t\t\t\t\t<div class=\"elementor-wrapper elementor-open-inline\">\n\t\t\t<div class=\"elementor-video\"><\/div>\t\t<\/div>\n\t\t\t\t\t\t<\/div>\n\t\t\t\t<\/div>\n\t\t\t\t\t<\/div>\n\t\t<\/div>\n\t\t\t\t<div class=\"elementor-column elementor-col-50 elementor-top-column elementor-element elementor-element-ea63ed4\" data-id=\"ea63ed4\" data-element_type=\"column\" data-e-type=\"column\">\n\t\t\t<div class=\"elementor-widget-wrap elementor-element-populated\">\n\t\t\t\t\t\t<div class=\"elementor-element elementor-element-6fc6d4d elementor-icon-list--layout-traditional elementor-list-item-link-full_width elementor-widget elementor-widget-icon-list\" data-id=\"6fc6d4d\" data-element_type=\"widget\" data-e-type=\"widget\" data-widget_type=\"icon-list.default\">\n\t\t\t\t<div class=\"elementor-widget-container\">\n\t\t\t\t\t\t\t<ul class=\"elementor-icon-list-items\">\n\t\t\t\t\t\t\t<li class=\"elementor-icon-list-item\">\n\t\t\t\t\t\t\t\t\t\t\t<span class=\"elementor-icon-list-icon\">\n\t\t\t\t\t\t\t<i aria-hidden=\"true\" class=\"fas fa-check\"><\/i>\t\t\t\t\t\t<\/span>\n\t\t\t\t\t\t\t\t\t\t<span class=\"elementor-icon-list-text\">Alusta regulaarse lahkliha \u00f5litamise ja massaaziga alates 32 -st rasedusn\u00e4dalast<\/span>\n\t\t\t\t\t\t\t\t\t<\/li>\n\t\t\t\t\t\t\t\t<li class=\"elementor-icon-list-item\">\n\t\t\t\t\t\t\t\t\t\t\t<span class=\"elementor-icon-list-icon\">\n\t\t\t\t\t\t\t<i aria-hidden=\"true\" class=\"fas fa-check\"><\/i>\t\t\t\t\t\t<\/span>\n\t\t\t\t\t\t\t\t\t\t<span class=\"elementor-icon-list-text\">Kanna 1 kord p\u00e4evas 1-2 tilka \u00f5li lahklihale<\/span>\n\t\t\t\t\t\t\t\t\t<\/li>\n\t\t\t\t\t\t\t\t<li class=\"elementor-icon-list-item\">\n\t\t\t\t\t\t\t\t\t\t\t<span class=\"elementor-icon-list-icon\">\n\t\t\t\t\t\t\t<i aria-hidden=\"true\" class=\"fas fa-check\"><\/i>\t\t\t\t\t\t<\/span>\n\t\t\t\t\t\t\t\t\t\t<span class=\"elementor-icon-list-text\">\u00d5li paremaks imendumiseks kasuta lahklihamassaa\u017ei<\/span>\n\t\t\t\t\t\t\t\t\t<\/li>\n\t\t\t\t\t\t\t\t<li class=\"elementor-icon-list-item\">\n\t\t\t\t\t\t\t\t\t\t\t<span class=\"elementor-icon-list-icon\">\n\t\t\t\t\t\t\t<i aria-hidden=\"true\" class=\"fas fa-check\"><\/i>\t\t\t\t\t\t<\/span>\n\t\t\t\t\t\t\t\t\t\t<span class=\"elementor-icon-list-text\">S\u00fcnnitusj\u00e4rgselt kasuta 2-4 korda p\u00e4evas, vastavalt vajadusele<\/span>\n\t\t\t\t\t\t\t\t\t<\/li>\n\t\t\t\t\t\t<\/ul>\n\t\t\t\t\t\t<\/div>\n\t\t\t\t<\/div>\n\t\t\t\t\t<\/div>\n\t\t<\/div>\n\t\t\t\t\t<\/div>\n\t\t<\/section>\n\t\t\t\t<\/div>","protected":false},"excerpt":{"rendered":"<p>Orgaaniline, s\u00fcnnituseks ettevalmistav, lahkliha\u00f5li aitab v\u00e4hendada rebendite tekkeriski s\u00fcnnitusel. Toitvate ja taastavate omadustega orgaaniline lahkliha\u00f5li on heaks abimeheks ka s\u00fcnnitusj\u00e4rgsel taastumisperioodil.<\/p>","protected":false},"featured_media":6617,"template":"","meta":{"_monsterinsights_skip_tracking":false,"_monsterinsights_sitenote_active":false,"_monsterinsights_sitenote_note":"","_monsterinsights_sitenote_category":0,"site-sidebar-layout":"no-sidebar","site-content-layout":"page-builder","ast-site-content-layout":"default","site-content-style":"default","site-sidebar-style":"default","ast-global-header-display":"","ast-banner-title-visibility":"","ast-main-header-display":"","ast-hfb-above-header-display":"","ast-hfb-below-header-display":"","ast-hfb-mobile-header-display":"","site-post-title":"disabled","ast-breadcrumbs-content":"","ast-featured-img":"disabled","footer-sml-layout":"","ast-disable-related-posts":"","theme-transparent-header-meta":"default","adv-header-id-meta":"","stick-header-meta":"","header-above-stick-meta":"","header-main-stick-meta":"","header-below-stick-meta":"","astra-migrate-meta-layouts":"default","ast-page-background-enabled":"default","ast-page-background-meta":{"desktop":{"background-color":"","background-image":"","background-repeat":"repeat","background-position":"center center","background-size":"auto","background-attachment":"scroll","background-type":"","background-media":"","overlay-type":"","overlay-color":"","overlay-opacity":"","overlay-gradient":""},"tablet":{"background-color":"","background-image":"","background-repeat":"repeat","background-position":"center center","background-size":"auto","background-attachment":"scroll","background-type":"","background-media":"","overlay-type":"","overlay-color":"","overlay-opacity":"","overlay-gradient":""},"mobile":{"background-color":"","background-image":"","background-repeat":"repeat","background-position":"center center","background-size":"auto","background-attachment":"scroll","background-type":"","background-media":"","overlay-type":"","overlay-color":"","overlay-opacity":"","overlay-gradient":""}},"ast-content-background-meta":{"desktop":{"background-color":"var(--ast-global-color-5)","background-image":"","background-repeat":"repeat","background-position":"center center","background-size":"auto","background-attachment":"scroll","background-type":"","background-media":"","overlay-type":"","overlay-color":"","overlay-opacity":"","overlay-gradient":""},"tablet":{"background-color":"var(--ast-global-color-5)","background-image":"","background-repeat":"repeat","background-position":"center center","background-size":"auto","background-attachment":"scroll","background-type":"","background-media":"","overlay-type":"","overlay-color":"","overlay-opacity":"","overlay-gradient":""},"mobile":{"background-color":"var(--ast-global-color-5)","background-image":"","background-repeat":"repeat","background-position":"center center","background-size":"auto","background-attachment":"scroll","background-type":"","background-media":"","overlay-type":"","overlay-color":"","overlay-opacity":"","overlay-gradient":""}}},"product_brand":[],"product_cat":[22,101],"product_tag":[],"class_list":{"0":"post-3437","1":"product","2":"type-product","3":"status-publish","4":"has-post-thumbnail","6":"product_cat-emale","7":"product_cat-intiimhooldus","8":"desktop-align-left","9":"tablet-align-left","10":"mobile-align-left","12":"first","13":"instock","14":"taxable","15":"shipping-taxable","16":"purchasable","17":"product-type-simple"},"yoast_head":"<!-- This site is optimized with the Yoast SEO plugin v27.3 - https:\/\/yoast.com\/product\/yoast-seo-wordpress\/ -->\n<title>Toode Neobulle orgaaniline lahkliha\u00f5li, 20 ml - Beebipai<\/title>\n<meta name=\"description\" content=\"Neobulle orgaaniline lahkliha\u00f5li aitab v\u00e4hendada rebendite tekkeriski s\u00fcnnitusel. Vaata l\u00e4hemalt Neobulle lahkliha\u00f5li!\" \/>\n<meta name=\"robots\" content=\"index, follow, max-snippet:-1, max-image-preview:large, max-video-preview:-1\" \/>\n<link rel=\"canonical\" href=\"https:\/\/beebipai.ee\/lt\/product\/neobulle-lahklihaoli\/\" \/>\n<meta property=\"og:locale\" content=\"lt_LT\" \/>\n<meta property=\"og:type\" content=\"article\" \/>\n<meta property=\"og:title\" content=\"Toode Neobulle orgaaniline lahkliha\u00f5li, 20 ml - Beebipai\" \/>\n<meta property=\"og:description\" content=\"Neobulle orgaaniline lahkliha\u00f5li aitab v\u00e4hendada rebendite tekkeriski s\u00fcnnitusel. Vaata l\u00e4hemalt Neobulle lahkliha\u00f5li!\" \/>\n<meta property=\"og:url\" content=\"https:\/\/beebipai.ee\/lt\/product\/neobulle-lahklihaoli\/\" \/>\n<meta property=\"og:site_name\" content=\"Beebipai\" \/>\n<meta property=\"article:modified_time\" content=\"2022-09-13T19:18:11+00:00\" \/>\n<meta property=\"og:image\" content=\"https:\/\/beebipai.ee\/wp-content\/uploads\/2022\/05\/Neobulle-orgaaniline-lahkilihaoli5-e1663095557971.jpg\" \/>\n\t<meta property=\"og:image:width\" content=\"600\" \/>\n\t<meta property=\"og:image:height\" content=\"456\" \/>\n\t<meta property=\"og:image:type\" content=\"image\/jpeg\" \/>\n<meta name=\"twitter:card\" content=\"summary_large_image\" \/>\n<meta name=\"twitter:label1\" content=\"Est. reading time\" \/>\n\t<meta name=\"twitter:data1\" content=\"1 minut\u0117\" \/>\n<script type=\"application\/ld+json\" class=\"yoast-schema-graph\">{\"@context\":\"https:\\\/\\\/schema.org\",\"@graph\":[{\"@type\":\"WebPage\",\"@id\":\"https:\\\/\\\/beebipai.ee\\\/fi\\\/product\\\/neobulle-lahklihaoli\\\/\",\"url\":\"https:\\\/\\\/beebipai.ee\\\/fi\\\/product\\\/neobulle-lahklihaoli\\\/\",\"name\":\"Toode Neobulle orgaaniline lahkliha\u00f5li, 20 ml - Beebipai\",\"isPartOf\":{\"@id\":\"https:\\\/\\\/beebipai.ee\\\/en\\\/#website\"},\"primaryImageOfPage\":{\"@id\":\"https:\\\/\\\/beebipai.ee\\\/fi\\\/product\\\/neobulle-lahklihaoli\\\/#primaryimage\"},\"image\":{\"@id\":\"https:\\\/\\\/beebipai.ee\\\/fi\\\/product\\\/neobulle-lahklihaoli\\\/#primaryimage\"},\"thumbnailUrl\":\"https:\\\/\\\/beebipai.ee\\\/wp-content\\\/uploads\\\/2022\\\/05\\\/Neobulle-orgaaniline-lahkilihaoli5-e1663095557971.jpg\",\"datePublished\":\"2022-05-18T19:06:11+00:00\",\"dateModified\":\"2022-09-13T19:18:11+00:00\",\"description\":\"Neobulle orgaaniline lahkliha\u00f5li aitab v\u00e4hendada rebendite tekkeriski s\u00fcnnitusel. Vaata l\u00e4hemalt Neobulle lahkliha\u00f5li!\",\"breadcrumb\":{\"@id\":\"https:\\\/\\\/beebipai.ee\\\/fi\\\/product\\\/neobulle-lahklihaoli\\\/#breadcrumb\"},\"inLanguage\":\"lt-LT\",\"potentialAction\":[{\"@type\":\"ReadAction\",\"target\":[\"https:\\\/\\\/beebipai.ee\\\/fi\\\/product\\\/neobulle-lahklihaoli\\\/\"]}]},{\"@type\":\"ImageObject\",\"inLanguage\":\"lt-LT\",\"@id\":\"https:\\\/\\\/beebipai.ee\\\/fi\\\/product\\\/neobulle-lahklihaoli\\\/#primaryimage\",\"url\":\"https:\\\/\\\/beebipai.ee\\\/wp-content\\\/uploads\\\/2022\\\/05\\\/Neobulle-orgaaniline-lahkilihaoli5-e1663095557971.jpg\",\"contentUrl\":\"https:\\\/\\\/beebipai.ee\\\/wp-content\\\/uploads\\\/2022\\\/05\\\/Neobulle-orgaaniline-lahkilihaoli5-e1663095557971.jpg\",\"width\":600,\"height\":456},{\"@type\":\"BreadcrumbList\",\"@id\":\"https:\\\/\\\/beebipai.ee\\\/fi\\\/product\\\/neobulle-lahklihaoli\\\/#breadcrumb\",\"itemListElement\":[{\"@type\":\"ListItem\",\"position\":1,\"name\":\"Home\",\"item\":\"https:\\\/\\\/beebipai.ee\\\/\"},{\"@type\":\"ListItem\",\"position\":2,\"name\":\"Pood\",\"item\":\"https:\\\/\\\/beebipai.ee\\\/store\\\/\"},{\"@type\":\"ListItem\",\"position\":3,\"name\":\"Neobulle orgaaniline lahkliha\u00f5li, 20 ml\"}]},{\"@type\":\"WebSite\",\"@id\":\"https:\\\/\\\/beebipai.ee\\\/en\\\/#website\",\"url\":\"https:\\\/\\\/beebipai.ee\\\/en\\\/\",\"name\":\"Beebipai\",\"description\":\"Rasedate ja beebide veebipood\",\"potentialAction\":[{\"@type\":\"SearchAction\",\"target\":{\"@type\":\"EntryPoint\",\"urlTemplate\":\"https:\\\/\\\/beebipai.ee\\\/en\\\/?s={search_term_string}\"},\"query-input\":{\"@type\":\"PropertyValueSpecification\",\"valueRequired\":true,\"valueName\":\"search_term_string\"}}],\"inLanguage\":\"lt-LT\"}]}<\/script>\n<!-- \/ Yoast SEO plugin. -->","yoast_head_json":{"title":"Toode Neobulle orgaaniline lahkliha\u00f5li, 20 ml - Beebipai","description":"Neobulle orgaaniline lahkliha\u00f5li aitab v\u00e4hendada rebendite tekkeriski s\u00fcnnitusel. Vaata l\u00e4hemalt Neobulle lahkliha\u00f5li!","robots":{"index":"index","follow":"follow","max-snippet":"max-snippet:-1","max-image-preview":"max-image-preview:large","max-video-preview":"max-video-preview:-1"},"canonical":"https:\/\/beebipai.ee\/lt\/product\/neobulle-lahklihaoli\/","og_locale":"lt_LT","og_type":"article","og_title":"Toode Neobulle orgaaniline lahkliha\u00f5li, 20 ml - Beebipai","og_description":"Neobulle orgaaniline lahkliha\u00f5li aitab v\u00e4hendada rebendite tekkeriski s\u00fcnnitusel. Vaata l\u00e4hemalt Neobulle lahkliha\u00f5li!","og_url":"https:\/\/beebipai.ee\/lt\/product\/neobulle-lahklihaoli\/","og_site_name":"Beebipai","article_modified_time":"2022-09-13T19:18:11+00:00","og_image":[{"width":600,"height":456,"url":"https:\/\/beebipai.ee\/wp-content\/uploads\/2022\/05\/Neobulle-orgaaniline-lahkilihaoli5-e1663095557971.jpg","type":"image\/jpeg"}],"twitter_card":"summary_large_image","twitter_misc":{"Est. reading time":"1 minut\u0117"},"schema":{"@context":"https:\/\/schema.org","@graph":[{"@type":"WebPage","@id":"https:\/\/beebipai.ee\/fi\/product\/neobulle-lahklihaoli\/","url":"https:\/\/beebipai.ee\/fi\/product\/neobulle-lahklihaoli\/","name":"Toode Neobulle orgaaniline lahkliha\u00f5li, 20 ml - Beebipai","isPartOf":{"@id":"https:\/\/beebipai.ee\/en\/#website"},"primaryImageOfPage":{"@id":"https:\/\/beebipai.ee\/fi\/product\/neobulle-lahklihaoli\/#primaryimage"},"image":{"@id":"https:\/\/beebipai.ee\/fi\/product\/neobulle-lahklihaoli\/#primaryimage"},"thumbnailUrl":"https:\/\/beebipai.ee\/wp-content\/uploads\/2022\/05\/Neobulle-orgaaniline-lahkilihaoli5-e1663095557971.jpg","datePublished":"2022-05-18T19:06:11+00:00","dateModified":"2022-09-13T19:18:11+00:00","description":"Neobulle orgaaniline lahkliha\u00f5li aitab v\u00e4hendada rebendite tekkeriski s\u00fcnnitusel. Vaata l\u00e4hemalt Neobulle lahkliha\u00f5li!","breadcrumb":{"@id":"https:\/\/beebipai.ee\/fi\/product\/neobulle-lahklihaoli\/#breadcrumb"},"inLanguage":"lt-LT","potentialAction":[{"@type":"ReadAction","target":["https:\/\/beebipai.ee\/fi\/product\/neobulle-lahklihaoli\/"]}]},{"@type":"ImageObject","inLanguage":"lt-LT","@id":"https:\/\/beebipai.ee\/fi\/product\/neobulle-lahklihaoli\/#primaryimage","url":"https:\/\/beebipai.ee\/wp-content\/uploads\/2022\/05\/Neobulle-orgaaniline-lahkilihaoli5-e1663095557971.jpg","contentUrl":"https:\/\/beebipai.ee\/wp-content\/uploads\/2022\/05\/Neobulle-orgaaniline-lahkilihaoli5-e1663095557971.jpg","width":600,"height":456},{"@type":"BreadcrumbList","@id":"https:\/\/beebipai.ee\/fi\/product\/neobulle-lahklihaoli\/#breadcrumb","itemListElement":[{"@type":"ListItem","position":1,"name":"Home","item":"https:\/\/beebipai.ee\/"},{"@type":"ListItem","position":2,"name":"Pood","item":"https:\/\/beebipai.ee\/store\/"},{"@type":"ListItem","position":3,"name":"Neobulle orgaaniline lahkliha\u00f5li, 20 ml"}]},{"@type":"WebSite","@id":"https:\/\/beebipai.ee\/en\/#website","url":"https:\/\/beebipai.ee\/en\/","name":"Beebipai","description":"Rasedate ja beebide veebipood","potentialAction":[{"@type":"SearchAction","target":{"@type":"EntryPoint","urlTemplate":"https:\/\/beebipai.ee\/en\/?s={search_term_string}"},"query-input":{"@type":"PropertyValueSpecification","valueRequired":true,"valueName":"search_term_string"}}],"inLanguage":"lt-LT"}]}},"_links":{"self":[{"href":"https:\/\/beebipai.ee\/lt\/wp-json\/wp\/v2\/product\/3437","targetHints":{"allow":["GET"]}}],"collection":[{"href":"https:\/\/beebipai.ee\/lt\/wp-json\/wp\/v2\/product"}],"about":[{"href":"https:\/\/beebipai.ee\/lt\/wp-json\/wp\/v2\/types\/product"}],"version-history":[{"count":5,"href":"https:\/\/beebipai.ee\/lt\/wp-json\/wp\/v2\/product\/3437\/revisions"}],"predecessor-version":[{"id":6628,"href":"https:\/\/beebipai.ee\/lt\/wp-json\/wp\/v2\/product\/3437\/revisions\/6628"}],"wp:featuredmedia":[{"embeddable":true,"href":"https:\/\/beebipai.ee\/lt\/wp-json\/wp\/v2\/media\/6617"}],"wp:attachment":[{"href":"https:\/\/beebipai.ee\/lt\/wp-json\/wp\/v2\/media?parent=3437"}],"wp:term":[{"taxonomy":"product_brand","embeddable":true,"href":"https:\/\/beebipai.ee\/lt\/wp-json\/wp\/v2\/product_brand?post=3437"},{"taxonomy":"product_cat","embeddable":true,"href":"https:\/\/beebipai.ee\/lt\/wp-json\/wp\/v2\/product_cat?post=3437"},{"taxonomy":"product_tag","embeddable":true,"href":"https:\/\/beebipai.ee\/lt\/wp-json\/wp\/v2\/product_tag?post=3437"}],"curies":[{"name":"wp","href":"https:\/\/api.w.org\/{rel}","templated":true}]}}