{"id":11684,"date":"2024-11-09T23:10:38","date_gmt":"2024-11-09T21:10:38","guid":{"rendered":"https:\/\/beebipai.ee\/?post_type=product&#038;p=11684"},"modified":"2025-09-06T10:40:46","modified_gmt":"2025-09-06T07:40:46","slug":"kikkaboo-beebitarvete-kott-siena-must-hobe","status":"publish","type":"product","link":"https:\/\/beebipai.ee\/lt\/product\/kikkaboo-beebitarvete-kott-siena-must-hobe\/","title":{"rendered":"Kikkaboo beebitarvete kott Siena, must\/h\u00f5be"},"content":{"rendered":"<div data-elementor-type=\"wp-post\" data-elementor-id=\"11684\" class=\"elementor elementor-11684\">\n\t\t\t\t\t\t<section class=\"elementor-section elementor-top-section elementor-element elementor-element-f8faefd elementor-section-boxed elementor-section-height-default elementor-section-height-default\" data-id=\"f8faefd\" data-element_type=\"section\" data-e-type=\"section\">\n\t\t\t\t\t\t<div class=\"elementor-container elementor-column-gap-default\">\n\t\t\t\t\t<div class=\"elementor-column elementor-col-50 elementor-top-column elementor-element elementor-element-ea6c29e\" data-id=\"ea6c29e\" data-element_type=\"column\" data-e-type=\"column\">\n\t\t\t<div class=\"elementor-widget-wrap elementor-element-populated\">\n\t\t\t\t\t\t<div class=\"elementor-element elementor-element-d30ce15 elementor-widget elementor-widget-heading\" data-id=\"d30ce15\" data-element_type=\"widget\" data-e-type=\"widget\" data-widget_type=\"heading.default\">\n\t\t\t\t<div class=\"elementor-widget-container\">\n\t\t\t\t\t<h2 class=\"elementor-heading-title elementor-size-default\">Kikkaboo beebitarvete kott Siena<\/h2>\t\t\t\t<\/div>\n\t\t\t\t<\/div>\n\t\t\t\t<div class=\"elementor-element elementor-element-173ea5b elementor-widget elementor-widget-text-editor\" data-id=\"173ea5b\" data-element_type=\"widget\" data-e-type=\"widget\" data-widget_type=\"text-editor.default\">\n\t\t\t\t<div class=\"elementor-widget-container\">\n\t\t\t\t\t\t\t\t\t<p>Stilingo dizaino prabangaus melan\u017einio audinio k\u016bdikio reikmen\u0173 krep\u0161ys tinka tiek kuprinei, tiek rankinei. Puikiai telpa tiek k\u016bdikiui, tiek mamai reikalingi daiktai. Patogesniam k\u016bdikio aprengimui pridedamas vystykl\u0173 pad\u0117klas.<\/p><p>Plati anga pagrindin\u0117je ki\u0161en\u0117je, kad b\u016bt\u0173 lengviau ir grei\u010diau pasiekti. U\u017etrauktuku u\u017esegama anga nugaroje leid\u017eia greitai pasiekti pagrindinio skyriaus apa\u010di\u0105. Lengvai tvirtinamas ant ve\u017eim\u0117lio rankenos su spaustukais. Komplektuojamas su ilgesniu reguliuojamu dir\u017eeliu. Elastinis rankenos ilgio reguliatorius. Komplektuojamas su rakt\u0173 pakabuku.\u00a0<\/p><p>\u012evair\u016bs skyriai drabu\u017eiams ir sauskeln\u0117ms bei vandeniui atsparios ki\u0161en\u0117s \u0161lapiems ar nesandariams daiktams. 3 terminiai indai, skirti palaikyti pastovi\u0105 pieno, vandens, sul\u010di\u0173 temperat\u016br\u0105 valand\u0173 valandas. Dvi elastin\u0117s ki\u0161en\u0117s \u0161onuose greitai reikalingiems daiktams<\/p><p>Kott on vastupidav, pika kasutuseaga ja kergesti puhastatav.\u00a0<\/p>\t\t\t\t\t\t\t\t<\/div>\n\t\t\t\t<\/div>\n\t\t\t\t\t<\/div>\n\t\t<\/div>\n\t\t\t\t<div class=\"elementor-column elementor-col-50 elementor-top-column elementor-element elementor-element-8516eb5\" data-id=\"8516eb5\" data-element_type=\"column\" data-e-type=\"column\">\n\t\t\t<div class=\"elementor-widget-wrap elementor-element-populated\">\n\t\t\t\t\t\t<div class=\"elementor-element elementor-element-1cebebc elementor-widget elementor-widget-image\" data-id=\"1cebebc\" data-element_type=\"widget\" data-e-type=\"widget\" data-widget_type=\"image.default\">\n\t\t\t\t<div class=\"elementor-widget-container\">\n\t\t\t\t\t\t\t\t\t\t\t\t\t\t\t<img fetchpriority=\"high\" decoding=\"async\" width=\"520\" height=\"520\" src=\"https:\/\/beebipai.ee\/wp-content\/uploads\/2024\/11\/Beebitarvete-kott-Siena.webp\" class=\"attachment-large size-large wp-image-11672\" alt=\"\" srcset=\"https:\/\/beebipai.ee\/wp-content\/uploads\/2024\/11\/Beebitarvete-kott-Siena.webp 520w, https:\/\/beebipai.ee\/wp-content\/uploads\/2024\/11\/Beebitarvete-kott-Siena-300x300.webp 300w, https:\/\/beebipai.ee\/wp-content\/uploads\/2024\/11\/Beebitarvete-kott-Siena-150x150.webp 150w, https:\/\/beebipai.ee\/wp-content\/uploads\/2024\/11\/Beebitarvete-kott-Siena-12x12.webp 12w, https:\/\/beebipai.ee\/wp-content\/uploads\/2024\/11\/Beebitarvete-kott-Siena-100x100.webp 100w\" sizes=\"(max-width: 520px) 100vw, 520px\" \/>\t\t\t\t\t\t\t\t\t\t\t\t\t\t\t<\/div>\n\t\t\t\t<\/div>\n\t\t\t\t\t<\/div>\n\t\t<\/div>\n\t\t\t\t\t<\/div>\n\t\t<\/section>\n\t\t\t\t<\/div>","protected":false},"excerpt":{"rendered":"<p>Kikkaboo beebitarvete kott Siena on mugav, praktiline ja stiilne. Multifunktsionaalne kott \u00fchendab ilusa v\u00e4limuse praktilisusega, tagades et k\u00f5ik vajalikud asjad oleksid k\u00e4eulatuses.\u00a0 Kotti mahutad k\u00f5ik vajalikud asjad nii endale kui ka beebile. Hooldusvahenditest s\u00f6\u00f6gitarveteni.<\/p>","protected":false},"featured_media":9306,"template":"","meta":{"_monsterinsights_skip_tracking":false,"_monsterinsights_sitenote_active":false,"_monsterinsights_sitenote_note":"","_monsterinsights_sitenote_category":0,"site-sidebar-layout":"no-sidebar","site-content-layout":"page-builder","ast-site-content-layout":"full-width-container","site-content-style":"default","site-sidebar-style":"default","ast-global-header-display":"","ast-banner-title-visibility":"","ast-main-header-display":"","ast-hfb-above-header-display":"","ast-hfb-below-header-display":"","ast-hfb-mobile-header-display":"","site-post-title":"disabled","ast-breadcrumbs-content":"","ast-featured-img":"disabled","footer-sml-layout":"","ast-disable-related-posts":"","theme-transparent-header-meta":"default","adv-header-id-meta":"","stick-header-meta":"","header-above-stick-meta":"","header-main-stick-meta":"","header-below-stick-meta":"","astra-migrate-meta-layouts":"set","ast-page-background-enabled":"default","ast-page-background-meta":{"desktop":{"background-color":"","background-image":"","background-repeat":"repeat","background-position":"center center","background-size":"auto","background-attachment":"scroll","background-type":"","background-media":"","overlay-type":"","overlay-color":"","overlay-opacity":"","overlay-gradient":""},"tablet":{"background-color":"","background-image":"","background-repeat":"repeat","background-position":"center center","background-size":"auto","background-attachment":"scroll","background-type":"","background-media":"","overlay-type":"","overlay-color":"","overlay-opacity":"","overlay-gradient":""},"mobile":{"background-color":"","background-image":"","background-repeat":"repeat","background-position":"center center","background-size":"auto","background-attachment":"scroll","background-type":"","background-media":"","overlay-type":"","overlay-color":"","overlay-opacity":"","overlay-gradient":""}},"ast-content-background-meta":{"desktop":{"background-color":"var(--ast-global-color-5)","background-image":"","background-repeat":"repeat","background-position":"center center","background-size":"auto","background-attachment":"scroll","background-type":"","background-media":"","overlay-type":"","overlay-color":"","overlay-opacity":"","overlay-gradient":""},"tablet":{"background-color":"var(--ast-global-color-5)","background-image":"","background-repeat":"repeat","background-position":"center center","background-size":"auto","background-attachment":"scroll","background-type":"","background-media":"","overlay-type":"","overlay-color":"","overlay-opacity":"","overlay-gradient":""},"mobile":{"background-color":"var(--ast-global-color-5)","background-image":"","background-repeat":"repeat","background-position":"center center","background-size":"auto","background-attachment":"scroll","background-type":"","background-media":"","overlay-type":"","overlay-color":"","overlay-opacity":"","overlay-gradient":""}}},"product_brand":[],"product_cat":[157,22],"product_tag":[],"class_list":{"0":"post-11684","1":"product","2":"type-product","3":"status-publish","4":"has-post-thumbnail","6":"product_cat-beebitarvete-kotid","7":"product_cat-emale","8":"desktop-align-left","9":"tablet-align-left","10":"mobile-align-left","12":"first","13":"instock","14":"taxable","15":"shipping-taxable","16":"purchasable","17":"product-type-simple"},"yoast_head":"<!-- This site is optimized with the Yoast SEO plugin v27.3 - https:\/\/yoast.com\/product\/yoast-seo-wordpress\/ -->\n<title>Kikkaboo beebitarvete kott Siena, must\/h\u00f5be - Beebipai<\/title>\n<meta name=\"description\" content=\"Kikkaboo beebitarvete kott Siena on mugav ja praktiline, mahutad sinna asjad nii endale kui ka beebile.. Vaata toodet Kikkaboo beebitarvete kott Siena!\" \/>\n<meta name=\"robots\" content=\"index, follow, max-snippet:-1, max-image-preview:large, max-video-preview:-1\" \/>\n<link rel=\"canonical\" href=\"https:\/\/beebipai.ee\/lt\/product\/kikkaboo-beebitarvete-kott-siena-must-hobe\/\" \/>\n<meta property=\"og:locale\" content=\"lt_LT\" \/>\n<meta property=\"og:type\" content=\"article\" \/>\n<meta property=\"og:title\" content=\"Kikkaboo beebitarvete kott Siena, must\/h\u00f5be - Beebipai\" \/>\n<meta property=\"og:description\" content=\"Kikkaboo beebitarvete kott Siena on mugav ja praktiline, mahutad sinna asjad nii endale kui ka beebile.. Vaata toodet Kikkaboo beebitarvete kott Siena!\" \/>\n<meta property=\"og:url\" content=\"https:\/\/beebipai.ee\/lt\/product\/kikkaboo-beebitarvete-kott-siena-must-hobe\/\" \/>\n<meta property=\"og:site_name\" content=\"Beebipai\" \/>\n<meta property=\"article:modified_time\" content=\"2025-09-06T07:40:46+00:00\" \/>\n<meta property=\"og:image\" content=\"https:\/\/beebipai.ee\/wp-content\/uploads\/2023\/10\/Kikkaboo-beebitarvete-kott-7.jpg\" \/>\n\t<meta property=\"og:image:width\" content=\"522\" \/>\n\t<meta property=\"og:image:height\" content=\"522\" \/>\n\t<meta property=\"og:image:type\" content=\"image\/jpeg\" \/>\n<meta name=\"twitter:card\" content=\"summary_large_image\" \/>\n<meta name=\"twitter:label1\" content=\"Est. reading time\" \/>\n\t<meta name=\"twitter:data1\" content=\"1 minut\u0117\" \/>\n<script type=\"application\/ld+json\" class=\"yoast-schema-graph\">{\"@context\":\"https:\\\/\\\/schema.org\",\"@graph\":[{\"@type\":\"WebPage\",\"@id\":\"https:\\\/\\\/beebipai.ee\\\/product\\\/kikkaboo-beebitarvete-kott-siena-must-hobe\\\/\",\"url\":\"https:\\\/\\\/beebipai.ee\\\/product\\\/kikkaboo-beebitarvete-kott-siena-must-hobe\\\/\",\"name\":\"Kikkaboo beebitarvete kott Siena, must\\\/h\u00f5be - Beebipai\",\"isPartOf\":{\"@id\":\"https:\\\/\\\/beebipai.ee\\\/en\\\/#website\"},\"primaryImageOfPage\":{\"@id\":\"https:\\\/\\\/beebipai.ee\\\/product\\\/kikkaboo-beebitarvete-kott-siena-must-hobe\\\/#primaryimage\"},\"image\":{\"@id\":\"https:\\\/\\\/beebipai.ee\\\/product\\\/kikkaboo-beebitarvete-kott-siena-must-hobe\\\/#primaryimage\"},\"thumbnailUrl\":\"https:\\\/\\\/beebipai.ee\\\/wp-content\\\/uploads\\\/2023\\\/10\\\/Kikkaboo-beebitarvete-kott-7.jpg\",\"datePublished\":\"2024-11-09T21:10:38+00:00\",\"dateModified\":\"2025-09-06T07:40:46+00:00\",\"description\":\"Kikkaboo beebitarvete kott Siena on mugav ja praktiline, mahutad sinna asjad nii endale kui ka beebile.. Vaata toodet Kikkaboo beebitarvete kott Siena!\",\"breadcrumb\":{\"@id\":\"https:\\\/\\\/beebipai.ee\\\/product\\\/kikkaboo-beebitarvete-kott-siena-must-hobe\\\/#breadcrumb\"},\"inLanguage\":\"lt-LT\",\"potentialAction\":[{\"@type\":\"ReadAction\",\"target\":[\"https:\\\/\\\/beebipai.ee\\\/product\\\/kikkaboo-beebitarvete-kott-siena-must-hobe\\\/\"]}]},{\"@type\":\"ImageObject\",\"inLanguage\":\"lt-LT\",\"@id\":\"https:\\\/\\\/beebipai.ee\\\/product\\\/kikkaboo-beebitarvete-kott-siena-must-hobe\\\/#primaryimage\",\"url\":\"https:\\\/\\\/beebipai.ee\\\/wp-content\\\/uploads\\\/2023\\\/10\\\/Kikkaboo-beebitarvete-kott-7.jpg\",\"contentUrl\":\"https:\\\/\\\/beebipai.ee\\\/wp-content\\\/uploads\\\/2023\\\/10\\\/Kikkaboo-beebitarvete-kott-7.jpg\",\"width\":522,\"height\":522},{\"@type\":\"BreadcrumbList\",\"@id\":\"https:\\\/\\\/beebipai.ee\\\/product\\\/kikkaboo-beebitarvete-kott-siena-must-hobe\\\/#breadcrumb\",\"itemListElement\":[{\"@type\":\"ListItem\",\"position\":1,\"name\":\"Home\",\"item\":\"https:\\\/\\\/beebipai.ee\\\/\"},{\"@type\":\"ListItem\",\"position\":2,\"name\":\"Pood\",\"item\":\"https:\\\/\\\/beebipai.ee\\\/store\\\/\"},{\"@type\":\"ListItem\",\"position\":3,\"name\":\"Kikkaboo beebitarvete kott Siena, must\\\/h\u00f5be\"}]},{\"@type\":\"WebSite\",\"@id\":\"https:\\\/\\\/beebipai.ee\\\/en\\\/#website\",\"url\":\"https:\\\/\\\/beebipai.ee\\\/en\\\/\",\"name\":\"Beebipai\",\"description\":\"Rasedate ja beebide veebipood\",\"potentialAction\":[{\"@type\":\"SearchAction\",\"target\":{\"@type\":\"EntryPoint\",\"urlTemplate\":\"https:\\\/\\\/beebipai.ee\\\/en\\\/?s={search_term_string}\"},\"query-input\":{\"@type\":\"PropertyValueSpecification\",\"valueRequired\":true,\"valueName\":\"search_term_string\"}}],\"inLanguage\":\"lt-LT\"}]}<\/script>\n<!-- \/ Yoast SEO plugin. -->","yoast_head_json":{"title":"Kikkaboo beebitarvete kott Siena, must\/h\u00f5be - Beebipai","description":"Kikkaboo beebitarvete kott Siena on mugav ja praktiline, mahutad sinna asjad nii endale kui ka beebile.. Vaata toodet Kikkaboo beebitarvete kott Siena!","robots":{"index":"index","follow":"follow","max-snippet":"max-snippet:-1","max-image-preview":"max-image-preview:large","max-video-preview":"max-video-preview:-1"},"canonical":"https:\/\/beebipai.ee\/lt\/product\/kikkaboo-beebitarvete-kott-siena-must-hobe\/","og_locale":"lt_LT","og_type":"article","og_title":"Kikkaboo beebitarvete kott Siena, must\/h\u00f5be - Beebipai","og_description":"Kikkaboo beebitarvete kott Siena on mugav ja praktiline, mahutad sinna asjad nii endale kui ka beebile.. Vaata toodet Kikkaboo beebitarvete kott Siena!","og_url":"https:\/\/beebipai.ee\/lt\/product\/kikkaboo-beebitarvete-kott-siena-must-hobe\/","og_site_name":"Beebipai","article_modified_time":"2025-09-06T07:40:46+00:00","og_image":[{"width":522,"height":522,"url":"https:\/\/beebipai.ee\/wp-content\/uploads\/2023\/10\/Kikkaboo-beebitarvete-kott-7.jpg","type":"image\/jpeg"}],"twitter_card":"summary_large_image","twitter_misc":{"Est. reading time":"1 minut\u0117"},"schema":{"@context":"https:\/\/schema.org","@graph":[{"@type":"WebPage","@id":"https:\/\/beebipai.ee\/product\/kikkaboo-beebitarvete-kott-siena-must-hobe\/","url":"https:\/\/beebipai.ee\/product\/kikkaboo-beebitarvete-kott-siena-must-hobe\/","name":"Kikkaboo beebitarvete kott Siena, must\/h\u00f5be - Beebipai","isPartOf":{"@id":"https:\/\/beebipai.ee\/en\/#website"},"primaryImageOfPage":{"@id":"https:\/\/beebipai.ee\/product\/kikkaboo-beebitarvete-kott-siena-must-hobe\/#primaryimage"},"image":{"@id":"https:\/\/beebipai.ee\/product\/kikkaboo-beebitarvete-kott-siena-must-hobe\/#primaryimage"},"thumbnailUrl":"https:\/\/beebipai.ee\/wp-content\/uploads\/2023\/10\/Kikkaboo-beebitarvete-kott-7.jpg","datePublished":"2024-11-09T21:10:38+00:00","dateModified":"2025-09-06T07:40:46+00:00","description":"Kikkaboo beebitarvete kott Siena on mugav ja praktiline, mahutad sinna asjad nii endale kui ka beebile.. Vaata toodet Kikkaboo beebitarvete kott Siena!","breadcrumb":{"@id":"https:\/\/beebipai.ee\/product\/kikkaboo-beebitarvete-kott-siena-must-hobe\/#breadcrumb"},"inLanguage":"lt-LT","potentialAction":[{"@type":"ReadAction","target":["https:\/\/beebipai.ee\/product\/kikkaboo-beebitarvete-kott-siena-must-hobe\/"]}]},{"@type":"ImageObject","inLanguage":"lt-LT","@id":"https:\/\/beebipai.ee\/product\/kikkaboo-beebitarvete-kott-siena-must-hobe\/#primaryimage","url":"https:\/\/beebipai.ee\/wp-content\/uploads\/2023\/10\/Kikkaboo-beebitarvete-kott-7.jpg","contentUrl":"https:\/\/beebipai.ee\/wp-content\/uploads\/2023\/10\/Kikkaboo-beebitarvete-kott-7.jpg","width":522,"height":522},{"@type":"BreadcrumbList","@id":"https:\/\/beebipai.ee\/product\/kikkaboo-beebitarvete-kott-siena-must-hobe\/#breadcrumb","itemListElement":[{"@type":"ListItem","position":1,"name":"Home","item":"https:\/\/beebipai.ee\/"},{"@type":"ListItem","position":2,"name":"Pood","item":"https:\/\/beebipai.ee\/store\/"},{"@type":"ListItem","position":3,"name":"Kikkaboo beebitarvete kott Siena, must\/h\u00f5be"}]},{"@type":"WebSite","@id":"https:\/\/beebipai.ee\/en\/#website","url":"https:\/\/beebipai.ee\/en\/","name":"Beebipai","description":"Rasedate ja beebide veebipood","potentialAction":[{"@type":"SearchAction","target":{"@type":"EntryPoint","urlTemplate":"https:\/\/beebipai.ee\/en\/?s={search_term_string}"},"query-input":{"@type":"PropertyValueSpecification","valueRequired":true,"valueName":"search_term_string"}}],"inLanguage":"lt-LT"}]}},"_links":{"self":[{"href":"https:\/\/beebipai.ee\/lt\/wp-json\/wp\/v2\/product\/11684","targetHints":{"allow":["GET"]}}],"collection":[{"href":"https:\/\/beebipai.ee\/lt\/wp-json\/wp\/v2\/product"}],"about":[{"href":"https:\/\/beebipai.ee\/lt\/wp-json\/wp\/v2\/types\/product"}],"version-history":[{"count":5,"href":"https:\/\/beebipai.ee\/lt\/wp-json\/wp\/v2\/product\/11684\/revisions"}],"predecessor-version":[{"id":12987,"href":"https:\/\/beebipai.ee\/lt\/wp-json\/wp\/v2\/product\/11684\/revisions\/12987"}],"wp:featuredmedia":[{"embeddable":true,"href":"https:\/\/beebipai.ee\/lt\/wp-json\/wp\/v2\/media\/9306"}],"wp:attachment":[{"href":"https:\/\/beebipai.ee\/lt\/wp-json\/wp\/v2\/media?parent=11684"}],"wp:term":[{"taxonomy":"product_brand","embeddable":true,"href":"https:\/\/beebipai.ee\/lt\/wp-json\/wp\/v2\/product_brand?post=11684"},{"taxonomy":"product_cat","embeddable":true,"href":"https:\/\/beebipai.ee\/lt\/wp-json\/wp\/v2\/product_cat?post=11684"},{"taxonomy":"product_tag","embeddable":true,"href":"https:\/\/beebipai.ee\/lt\/wp-json\/wp\/v2\/product_tag?post=11684"}],"curies":[{"name":"wp","href":"https:\/\/api.w.org\/{rel}","templated":true}]}}