{"id":10774,"date":"2024-05-17T15:16:06","date_gmt":"2024-05-17T12:16:06","guid":{"rendered":"https:\/\/beebipai.ee\/?post_type=product&#038;p=10774"},"modified":"2025-10-08T14:27:56","modified_gmt":"2025-10-08T11:27:56","slug":"cadenshae-imetamise-sportrinnahoidja-zahara","status":"publish","type":"product","link":"https:\/\/beebipai.ee\/lt\/product\/cadenshae-imetamise-sportrinnahoidja-zahara\/","title":{"rendered":"Cadenshae sportin\u0117 liemen\u0117l\u0117 n\u0117\u0161tumui ir \u017eindymui Zahara"},"content":{"rendered":"<div data-elementor-type=\"wp-post\" data-elementor-id=\"10774\" class=\"elementor elementor-10774\">\n\t\t\t\t\t\t<section class=\"elementor-section elementor-top-section elementor-element elementor-element-2fa6f37 elementor-section-boxed elementor-section-height-default elementor-section-height-default\" data-id=\"2fa6f37\" data-element_type=\"section\" data-e-type=\"section\">\n\t\t\t\t\t\t<div class=\"elementor-container elementor-column-gap-default\">\n\t\t\t\t\t<div class=\"elementor-column elementor-col-50 elementor-top-column elementor-element elementor-element-266ce6d\" data-id=\"266ce6d\" data-element_type=\"column\" data-e-type=\"column\">\n\t\t\t<div class=\"elementor-widget-wrap elementor-element-populated\">\n\t\t\t\t\t\t<div class=\"elementor-element elementor-element-ea6dd2a elementor-widget elementor-widget-heading\" data-id=\"ea6dd2a\" data-element_type=\"widget\" data-e-type=\"widget\" data-widget_type=\"heading.default\">\n\t\t\t\t<div class=\"elementor-widget-container\">\n\t\t\t\t\t<h2 class=\"elementor-heading-title elementor-size-default\">Cadenshae sportin\u0117 liemen\u0117l\u0117 n\u0117\u0161tumui ir \u017eindymui<\/h2>\t\t\t\t<\/div>\n\t\t\t\t<\/div>\n\t\t\t\t<div class=\"elementor-element elementor-element-bb61124 elementor-widget elementor-widget-text-editor\" data-id=\"bb61124\" data-element_type=\"widget\" data-e-type=\"widget\" data-widget_type=\"text-editor.default\">\n\t\t\t\t<div class=\"elementor-widget-container\">\n\t\t\t\t\t\t\t\t\t<p>Pagaminta i\u0161 labai mink\u0161tos med\u017eiagos, Cadenshae maitinanti sportin\u0117 liemen\u0117l\u0117 palaiko sunkesn\u0119 nei \u012fprasta kr\u016bt\u012f n\u0117\u0161tumo ir maitinimo kr\u016btimi metu. Tinka tiek treniruot\u0117ms, tiek kasdienai. Lengvu spragtel\u0117jimu priekyje atsidaranti sportin\u0117 liemen\u0117l\u0117 \u017eindym\u0105 u\u017etikrina patog\u0173. Platus pe\u010di\u0173 dir\u017eelis papildomai atramai ir plati nugara, kad vir\u0161utin\u0117 nugaros dalis b\u016bt\u0173 tinkamoje pad\u0117tyje. Liemen\u0117l\u0117 yra be vielos, o tai ypa\u010d svarbu \u017eindant.<\/p>\t\t\t\t\t\t\t\t<\/div>\n\t\t\t\t<\/div>\n\t\t\t\t\t<\/div>\n\t\t<\/div>\n\t\t\t\t<div class=\"elementor-column elementor-col-50 elementor-top-column elementor-element elementor-element-2b4c572\" data-id=\"2b4c572\" data-element_type=\"column\" data-e-type=\"column\">\n\t\t\t<div class=\"elementor-widget-wrap elementor-element-populated\">\n\t\t\t\t\t\t<div class=\"elementor-element elementor-element-6a3a899 elementor-widget elementor-widget-image\" data-id=\"6a3a899\" data-element_type=\"widget\" data-e-type=\"widget\" data-widget_type=\"image.default\">\n\t\t\t\t<div class=\"elementor-widget-container\">\n\t\t\t\t\t\t\t\t\t\t\t\t\t\t\t<img fetchpriority=\"high\" decoding=\"async\" width=\"807\" height=\"1024\" src=\"https:\/\/beebipai.ee\/wp-content\/uploads\/2024\/05\/Cadenshae-imetamise-sportrinnahoidja-Zahara-1-807x1024.webp\" class=\"attachment-large size-large wp-image-10783\" alt=\"\" srcset=\"https:\/\/beebipai.ee\/wp-content\/uploads\/2024\/05\/Cadenshae-imetamise-sportrinnahoidja-Zahara-1-807x1024.webp 807w, https:\/\/beebipai.ee\/wp-content\/uploads\/2024\/05\/Cadenshae-imetamise-sportrinnahoidja-Zahara-1-236x300.webp 236w, https:\/\/beebipai.ee\/wp-content\/uploads\/2024\/05\/Cadenshae-imetamise-sportrinnahoidja-Zahara-1-768x974.webp 768w, https:\/\/beebipai.ee\/wp-content\/uploads\/2024\/05\/Cadenshae-imetamise-sportrinnahoidja-Zahara-1-1211x1536.webp 1211w, https:\/\/beebipai.ee\/wp-content\/uploads\/2024\/05\/Cadenshae-imetamise-sportrinnahoidja-Zahara-1-9x12.webp 9w, https:\/\/beebipai.ee\/wp-content\/uploads\/2024\/05\/Cadenshae-imetamise-sportrinnahoidja-Zahara-1-600x761.webp 600w, https:\/\/beebipai.ee\/wp-content\/uploads\/2024\/05\/Cadenshae-imetamise-sportrinnahoidja-Zahara-1-e1715948109820.webp 500w\" sizes=\"(max-width: 807px) 100vw, 807px\" \/>\t\t\t\t\t\t\t\t\t\t\t\t\t\t\t<\/div>\n\t\t\t\t<\/div>\n\t\t\t\t\t<\/div>\n\t\t<\/div>\n\t\t\t\t\t<\/div>\n\t\t<\/section>\n\t\t\t\t<\/div>","protected":false},"excerpt":{"rendered":"<p>Cadenshae maitinanti sportin\u0117 liemen\u0117l\u0117 puikiai palaiko kr\u016btis ir yra patogi bei prakti\u0161ka \u017eindant.<\/p>","protected":false},"featured_media":10782,"template":"","meta":{"_monsterinsights_skip_tracking":false,"_monsterinsights_sitenote_active":false,"_monsterinsights_sitenote_note":"","_monsterinsights_sitenote_category":0,"site-sidebar-layout":"no-sidebar","site-content-layout":"page-builder","ast-site-content-layout":"full-width-container","site-content-style":"default","site-sidebar-style":"default","ast-global-header-display":"","ast-banner-title-visibility":"","ast-main-header-display":"","ast-hfb-above-header-display":"","ast-hfb-below-header-display":"","ast-hfb-mobile-header-display":"","site-post-title":"disabled","ast-breadcrumbs-content":"","ast-featured-img":"disabled","footer-sml-layout":"","ast-disable-related-posts":"","theme-transparent-header-meta":"default","adv-header-id-meta":"","stick-header-meta":"","header-above-stick-meta":"","header-main-stick-meta":"","header-below-stick-meta":"","astra-migrate-meta-layouts":"set","ast-page-background-enabled":"default","ast-page-background-meta":{"desktop":{"background-color":"","background-image":"","background-repeat":"repeat","background-position":"center center","background-size":"auto","background-attachment":"scroll","background-type":"","background-media":"","overlay-type":"","overlay-color":"","overlay-opacity":"","overlay-gradient":""},"tablet":{"background-color":"","background-image":"","background-repeat":"repeat","background-position":"center center","background-size":"auto","background-attachment":"scroll","background-type":"","background-media":"","overlay-type":"","overlay-color":"","overlay-opacity":"","overlay-gradient":""},"mobile":{"background-color":"","background-image":"","background-repeat":"repeat","background-position":"center center","background-size":"auto","background-attachment":"scroll","background-type":"","background-media":"","overlay-type":"","overlay-color":"","overlay-opacity":"","overlay-gradient":""}},"ast-content-background-meta":{"desktop":{"background-color":"var(--ast-global-color-5)","background-image":"","background-repeat":"repeat","background-position":"center center","background-size":"auto","background-attachment":"scroll","background-type":"","background-media":"","overlay-type":"","overlay-color":"","overlay-opacity":"","overlay-gradient":""},"tablet":{"background-color":"var(--ast-global-color-5)","background-image":"","background-repeat":"repeat","background-position":"center center","background-size":"auto","background-attachment":"scroll","background-type":"","background-media":"","overlay-type":"","overlay-color":"","overlay-opacity":"","overlay-gradient":""},"mobile":{"background-color":"var(--ast-global-color-5)","background-image":"","background-repeat":"repeat","background-position":"center center","background-size":"auto","background-attachment":"scroll","background-type":"","background-media":"","overlay-type":"","overlay-color":"","overlay-opacity":"","overlay-gradient":""}}},"product_brand":[],"product_cat":[22,133],"product_tag":[],"class_list":{"0":"post-10774","1":"product","2":"type-product","3":"status-publish","4":"has-post-thumbnail","6":"product_cat-emale","7":"product_cat-riided-rasedatele-ja-rinnaga-toitvatele-emadele","8":"desktop-align-left","9":"tablet-align-left","10":"mobile-align-left","12":"first","13":"instock","14":"sale","15":"taxable","16":"shipping-taxable","17":"purchasable","18":"product-type-variable"},"yoast_head":"<!-- This site is optimized with the Yoast SEO plugin v27.3 - https:\/\/yoast.com\/product\/yoast-seo-wordpress\/ -->\n<title>Cadenshae imetamise sportrinnahoidja Zahara - Beebipai % %<\/title>\n<meta name=\"description\" content=\"Cadenshae imetamise sportrinnahoidja on rinda toetav ja mugav imetamiseks. Vaata toodet Cadenshae imetamise sportrinnahoidja!\" \/>\n<meta name=\"robots\" content=\"index, follow, max-snippet:-1, max-image-preview:large, max-video-preview:-1\" \/>\n<link rel=\"canonical\" href=\"https:\/\/beebipai.ee\/lt\/product\/cadenshae-imetamise-sportrinnahoidja-zahara\/\" \/>\n<meta property=\"og:locale\" content=\"lt_LT\" \/>\n<meta property=\"og:type\" content=\"article\" \/>\n<meta property=\"og:title\" content=\"Cadenshae imetamise sportrinnahoidja Zahara - Beebipai % %\" \/>\n<meta property=\"og:description\" content=\"Cadenshae imetamise sportrinnahoidja on rinda toetav ja mugav imetamiseks. Vaata toodet Cadenshae imetamise sportrinnahoidja!\" \/>\n<meta property=\"og:url\" content=\"https:\/\/beebipai.ee\/lt\/product\/cadenshae-imetamise-sportrinnahoidja-zahara\/\" \/>\n<meta property=\"og:site_name\" content=\"Beebipai\" \/>\n<meta property=\"article:modified_time\" content=\"2025-10-08T11:27:56+00:00\" \/>\n<meta property=\"og:image\" content=\"https:\/\/beebipai.ee\/wp-content\/uploads\/2024\/05\/Cadenshae-imetamise-sportrinnahoidja-Zahara-e1715947998183.webp\" \/>\n\t<meta property=\"og:image:width\" content=\"500\" \/>\n\t<meta property=\"og:image:height\" content=\"634\" \/>\n\t<meta property=\"og:image:type\" content=\"image\/webp\" \/>\n<meta name=\"twitter:card\" content=\"summary_large_image\" \/>\n<script type=\"application\/ld+json\" class=\"yoast-schema-graph\">{\"@context\":\"https:\\\/\\\/schema.org\",\"@graph\":[{\"@type\":\"WebPage\",\"@id\":\"https:\\\/\\\/beebipai.ee\\\/product\\\/cadenshae-imetamise-sportrinnahoidja-zahara\\\/\",\"url\":\"https:\\\/\\\/beebipai.ee\\\/product\\\/cadenshae-imetamise-sportrinnahoidja-zahara\\\/\",\"name\":\"Cadenshae imetamise sportrinnahoidja Zahara - Beebipai % %\",\"isPartOf\":{\"@id\":\"https:\\\/\\\/beebipai.ee\\\/en\\\/#website\"},\"primaryImageOfPage\":{\"@id\":\"https:\\\/\\\/beebipai.ee\\\/product\\\/cadenshae-imetamise-sportrinnahoidja-zahara\\\/#primaryimage\"},\"image\":{\"@id\":\"https:\\\/\\\/beebipai.ee\\\/product\\\/cadenshae-imetamise-sportrinnahoidja-zahara\\\/#primaryimage\"},\"thumbnailUrl\":\"https:\\\/\\\/beebipai.ee\\\/wp-content\\\/uploads\\\/2024\\\/05\\\/Cadenshae-imetamise-sportrinnahoidja-Zahara-e1715947998183.webp\",\"datePublished\":\"2024-05-17T12:16:06+00:00\",\"dateModified\":\"2025-10-08T11:27:56+00:00\",\"description\":\"Cadenshae imetamise sportrinnahoidja on rinda toetav ja mugav imetamiseks. Vaata toodet Cadenshae imetamise sportrinnahoidja!\",\"breadcrumb\":{\"@id\":\"https:\\\/\\\/beebipai.ee\\\/product\\\/cadenshae-imetamise-sportrinnahoidja-zahara\\\/#breadcrumb\"},\"inLanguage\":\"lt-LT\",\"potentialAction\":[{\"@type\":\"ReadAction\",\"target\":[\"https:\\\/\\\/beebipai.ee\\\/product\\\/cadenshae-imetamise-sportrinnahoidja-zahara\\\/\"]}]},{\"@type\":\"ImageObject\",\"inLanguage\":\"lt-LT\",\"@id\":\"https:\\\/\\\/beebipai.ee\\\/product\\\/cadenshae-imetamise-sportrinnahoidja-zahara\\\/#primaryimage\",\"url\":\"https:\\\/\\\/beebipai.ee\\\/wp-content\\\/uploads\\\/2024\\\/05\\\/Cadenshae-imetamise-sportrinnahoidja-Zahara-e1715947998183.webp\",\"contentUrl\":\"https:\\\/\\\/beebipai.ee\\\/wp-content\\\/uploads\\\/2024\\\/05\\\/Cadenshae-imetamise-sportrinnahoidja-Zahara-e1715947998183.webp\",\"width\":500,\"height\":634},{\"@type\":\"BreadcrumbList\",\"@id\":\"https:\\\/\\\/beebipai.ee\\\/product\\\/cadenshae-imetamise-sportrinnahoidja-zahara\\\/#breadcrumb\",\"itemListElement\":[{\"@type\":\"ListItem\",\"position\":1,\"name\":\"Home\",\"item\":\"https:\\\/\\\/beebipai.ee\\\/\"},{\"@type\":\"ListItem\",\"position\":2,\"name\":\"Pood\",\"item\":\"https:\\\/\\\/beebipai.ee\\\/store\\\/\"},{\"@type\":\"ListItem\",\"position\":3,\"name\":\"Cadenshae imetamise sportrinnahoidja Zahara\"}]},{\"@type\":\"WebSite\",\"@id\":\"https:\\\/\\\/beebipai.ee\\\/en\\\/#website\",\"url\":\"https:\\\/\\\/beebipai.ee\\\/en\\\/\",\"name\":\"Beebipai\",\"description\":\"Rasedate ja beebide veebipood\",\"potentialAction\":[{\"@type\":\"SearchAction\",\"target\":{\"@type\":\"EntryPoint\",\"urlTemplate\":\"https:\\\/\\\/beebipai.ee\\\/en\\\/?s={search_term_string}\"},\"query-input\":{\"@type\":\"PropertyValueSpecification\",\"valueRequired\":true,\"valueName\":\"search_term_string\"}}],\"inLanguage\":\"lt-LT\"}]}<\/script>\n<!-- \/ Yoast SEO plugin. -->","yoast_head_json":{"title":"Cadenshae imetamise sportrinnahoidja Zahara - Beebipai % %","description":"Cadenshae imetamise sportrinnahoidja on rinda toetav ja mugav imetamiseks. Vaata toodet Cadenshae imetamise sportrinnahoidja!","robots":{"index":"index","follow":"follow","max-snippet":"max-snippet:-1","max-image-preview":"max-image-preview:large","max-video-preview":"max-video-preview:-1"},"canonical":"https:\/\/beebipai.ee\/lt\/product\/cadenshae-imetamise-sportrinnahoidja-zahara\/","og_locale":"lt_LT","og_type":"article","og_title":"Cadenshae imetamise sportrinnahoidja Zahara - Beebipai % %","og_description":"Cadenshae imetamise sportrinnahoidja on rinda toetav ja mugav imetamiseks. Vaata toodet Cadenshae imetamise sportrinnahoidja!","og_url":"https:\/\/beebipai.ee\/lt\/product\/cadenshae-imetamise-sportrinnahoidja-zahara\/","og_site_name":"Beebipai","article_modified_time":"2025-10-08T11:27:56+00:00","og_image":[{"width":500,"height":634,"url":"https:\/\/beebipai.ee\/wp-content\/uploads\/2024\/05\/Cadenshae-imetamise-sportrinnahoidja-Zahara-e1715947998183.webp","type":"image\/webp"}],"twitter_card":"summary_large_image","schema":{"@context":"https:\/\/schema.org","@graph":[{"@type":"WebPage","@id":"https:\/\/beebipai.ee\/product\/cadenshae-imetamise-sportrinnahoidja-zahara\/","url":"https:\/\/beebipai.ee\/product\/cadenshae-imetamise-sportrinnahoidja-zahara\/","name":"Cadenshae imetamise sportrinnahoidja Zahara - Beebipai % %","isPartOf":{"@id":"https:\/\/beebipai.ee\/en\/#website"},"primaryImageOfPage":{"@id":"https:\/\/beebipai.ee\/product\/cadenshae-imetamise-sportrinnahoidja-zahara\/#primaryimage"},"image":{"@id":"https:\/\/beebipai.ee\/product\/cadenshae-imetamise-sportrinnahoidja-zahara\/#primaryimage"},"thumbnailUrl":"https:\/\/beebipai.ee\/wp-content\/uploads\/2024\/05\/Cadenshae-imetamise-sportrinnahoidja-Zahara-e1715947998183.webp","datePublished":"2024-05-17T12:16:06+00:00","dateModified":"2025-10-08T11:27:56+00:00","description":"Cadenshae imetamise sportrinnahoidja on rinda toetav ja mugav imetamiseks. Vaata toodet Cadenshae imetamise sportrinnahoidja!","breadcrumb":{"@id":"https:\/\/beebipai.ee\/product\/cadenshae-imetamise-sportrinnahoidja-zahara\/#breadcrumb"},"inLanguage":"lt-LT","potentialAction":[{"@type":"ReadAction","target":["https:\/\/beebipai.ee\/product\/cadenshae-imetamise-sportrinnahoidja-zahara\/"]}]},{"@type":"ImageObject","inLanguage":"lt-LT","@id":"https:\/\/beebipai.ee\/product\/cadenshae-imetamise-sportrinnahoidja-zahara\/#primaryimage","url":"https:\/\/beebipai.ee\/wp-content\/uploads\/2024\/05\/Cadenshae-imetamise-sportrinnahoidja-Zahara-e1715947998183.webp","contentUrl":"https:\/\/beebipai.ee\/wp-content\/uploads\/2024\/05\/Cadenshae-imetamise-sportrinnahoidja-Zahara-e1715947998183.webp","width":500,"height":634},{"@type":"BreadcrumbList","@id":"https:\/\/beebipai.ee\/product\/cadenshae-imetamise-sportrinnahoidja-zahara\/#breadcrumb","itemListElement":[{"@type":"ListItem","position":1,"name":"Home","item":"https:\/\/beebipai.ee\/"},{"@type":"ListItem","position":2,"name":"Pood","item":"https:\/\/beebipai.ee\/store\/"},{"@type":"ListItem","position":3,"name":"Cadenshae imetamise sportrinnahoidja Zahara"}]},{"@type":"WebSite","@id":"https:\/\/beebipai.ee\/en\/#website","url":"https:\/\/beebipai.ee\/en\/","name":"Beebipai","description":"Rasedate ja beebide veebipood","potentialAction":[{"@type":"SearchAction","target":{"@type":"EntryPoint","urlTemplate":"https:\/\/beebipai.ee\/en\/?s={search_term_string}"},"query-input":{"@type":"PropertyValueSpecification","valueRequired":true,"valueName":"search_term_string"}}],"inLanguage":"lt-LT"}]}},"_links":{"self":[{"href":"https:\/\/beebipai.ee\/lt\/wp-json\/wp\/v2\/product\/10774","targetHints":{"allow":["GET"]}}],"collection":[{"href":"https:\/\/beebipai.ee\/lt\/wp-json\/wp\/v2\/product"}],"about":[{"href":"https:\/\/beebipai.ee\/lt\/wp-json\/wp\/v2\/types\/product"}],"version-history":[{"count":5,"href":"https:\/\/beebipai.ee\/lt\/wp-json\/wp\/v2\/product\/10774\/revisions"}],"predecessor-version":[{"id":12989,"href":"https:\/\/beebipai.ee\/lt\/wp-json\/wp\/v2\/product\/10774\/revisions\/12989"}],"wp:featuredmedia":[{"embeddable":true,"href":"https:\/\/beebipai.ee\/lt\/wp-json\/wp\/v2\/media\/10782"}],"wp:attachment":[{"href":"https:\/\/beebipai.ee\/lt\/wp-json\/wp\/v2\/media?parent=10774"}],"wp:term":[{"taxonomy":"product_brand","embeddable":true,"href":"https:\/\/beebipai.ee\/lt\/wp-json\/wp\/v2\/product_brand?post=10774"},{"taxonomy":"product_cat","embeddable":true,"href":"https:\/\/beebipai.ee\/lt\/wp-json\/wp\/v2\/product_cat?post=10774"},{"taxonomy":"product_tag","embeddable":true,"href":"https:\/\/beebipai.ee\/lt\/wp-json\/wp\/v2\/product_tag?post=10774"}],"curies":[{"name":"wp","href":"https:\/\/api.w.org\/{rel}","templated":true}]}}