{"id":10545,"date":"2024-04-18T09:46:55","date_gmt":"2024-04-18T06:46:55","guid":{"rendered":"https:\/\/beebipai.ee\/?post_type=product&#038;p=10545"},"modified":"2024-05-15T09:50:08","modified_gmt":"2024-05-15T06:50:08","slug":"seraphine-luhikesed-retuusid","status":"publish","type":"product","link":"https:\/\/beebipai.ee\/lt\/product\/seraphine-luhikesed-retuusid\/","title":{"rendered":"Seraphine besi\u016bl\u0117s trumpos antblauzd\u017eiai"},"content":{"rendered":"<div data-elementor-type=\"wp-post\" data-elementor-id=\"10545\" class=\"elementor elementor-10545\">\n\t\t\t\t\t\t<section class=\"elementor-section elementor-top-section elementor-element elementor-element-9c31f92 elementor-section-boxed elementor-section-height-default elementor-section-height-default\" data-id=\"9c31f92\" data-element_type=\"section\" data-e-type=\"section\">\n\t\t\t\t\t\t<div class=\"elementor-container elementor-column-gap-default\">\n\t\t\t\t\t<div class=\"elementor-column elementor-col-50 elementor-top-column elementor-element elementor-element-4d05df6\" data-id=\"4d05df6\" data-element_type=\"column\" data-e-type=\"column\">\n\t\t\t<div class=\"elementor-widget-wrap elementor-element-populated\">\n\t\t\t\t\t\t<div class=\"elementor-element elementor-element-53dfb29 elementor-widget elementor-widget-heading\" data-id=\"53dfb29\" data-element_type=\"widget\" data-e-type=\"widget\" data-widget_type=\"heading.default\">\n\t\t\t\t<div class=\"elementor-widget-container\">\n\t\t\t\t\t<h2 class=\"elementor-heading-title elementor-size-default\">Seraphine besi\u016bl\u0117s trumpos antblauzd\u017eiai<\/h2>\t\t\t\t<\/div>\n\t\t\t\t<\/div>\n\t\t\t\t<div class=\"elementor-element elementor-element-2338586 elementor-widget elementor-widget-text-editor\" data-id=\"2338586\" data-element_type=\"widget\" data-e-type=\"widget\" data-widget_type=\"text-editor.default\">\n\t\t\t\t<div class=\"elementor-widget-container\">\n\t\t\t\t\t\t\t\t\t<p>Seraphine \"baikeri\u0173 \u0161ortai\" stiliaus trumpi antblauzd\u017eiai yra besi\u016bliai. Jie gerai tempiasi ir puikiai prisitaiko prie besikei\u010dian\u010di\u0173 k\u016bno form\u0173. Med\u017eiaga labai pralaidi orui, tod\u0117l jas patogu ne\u0161ioti net kar\u0161t\u0105 vasaros dien\u0105. Nepermatomus antblauzd\u017eius taip pat tinka d\u0117v\u0117ti su trumpu vir\u0161umi.\u00a0<\/p>\t\t\t\t\t\t\t\t<\/div>\n\t\t\t\t<\/div>\n\t\t\t\t\t<\/div>\n\t\t<\/div>\n\t\t\t\t<div class=\"elementor-column elementor-col-50 elementor-top-column elementor-element elementor-element-71fb5ab\" data-id=\"71fb5ab\" data-element_type=\"column\" data-e-type=\"column\">\n\t\t\t<div class=\"elementor-widget-wrap elementor-element-populated\">\n\t\t\t\t\t\t<div class=\"elementor-element elementor-element-38cef7a elementor-widget elementor-widget-image\" data-id=\"38cef7a\" data-element_type=\"widget\" data-e-type=\"widget\" data-widget_type=\"image.default\">\n\t\t\t\t<div class=\"elementor-widget-container\">\n\t\t\t\t\t\t\t\t\t\t\t\t\t\t\t<img fetchpriority=\"high\" decoding=\"async\" width=\"586\" height=\"750\" src=\"https:\/\/beebipai.ee\/wp-content\/uploads\/2024\/04\/Seraphine-omblustevabad-retuusid.webp\" class=\"attachment-large size-large wp-image-10562\" alt=\"\" srcset=\"https:\/\/beebipai.ee\/wp-content\/uploads\/2024\/04\/Seraphine-omblustevabad-retuusid.webp 586w, https:\/\/beebipai.ee\/wp-content\/uploads\/2024\/04\/Seraphine-omblustevabad-retuusid-234x300.webp 234w, https:\/\/beebipai.ee\/wp-content\/uploads\/2024\/04\/Seraphine-omblustevabad-retuusid-9x12.webp 9w\" sizes=\"(max-width: 586px) 100vw, 586px\" \/>\t\t\t\t\t\t\t\t\t\t\t\t\t\t\t<\/div>\n\t\t\t\t<\/div>\n\t\t\t\t\t<\/div>\n\t\t<\/div>\n\t\t\t\t\t<\/div>\n\t\t<\/section>\n\t\t\t\t<\/div>","protected":false},"excerpt":{"rendered":"<p>Seraphine besi\u016bl\u0117s n\u0117\u0161\u010diosios antblauzd\u017eiai gali b\u016bti d\u0117vimi bet kokio n\u0117\u0161tumo dyd\u017eio. Besi\u016blis dizainas yra mink\u0161tas ant augan\u010dio pilvo<\/p>","protected":false},"featured_media":10583,"template":"","meta":{"_monsterinsights_skip_tracking":false,"_monsterinsights_sitenote_active":false,"_monsterinsights_sitenote_note":"","_monsterinsights_sitenote_category":0,"site-sidebar-layout":"no-sidebar","site-content-layout":"page-builder","ast-site-content-layout":"full-width-container","site-content-style":"default","site-sidebar-style":"default","ast-global-header-display":"","ast-banner-title-visibility":"","ast-main-header-display":"","ast-hfb-above-header-display":"","ast-hfb-below-header-display":"","ast-hfb-mobile-header-display":"","site-post-title":"disabled","ast-breadcrumbs-content":"","ast-featured-img":"disabled","footer-sml-layout":"","ast-disable-related-posts":"","theme-transparent-header-meta":"default","adv-header-id-meta":"","stick-header-meta":"","header-above-stick-meta":"","header-main-stick-meta":"","header-below-stick-meta":"","astra-migrate-meta-layouts":"set","ast-page-background-enabled":"default","ast-page-background-meta":{"desktop":{"background-color":"","background-image":"","background-repeat":"repeat","background-position":"center center","background-size":"auto","background-attachment":"scroll","background-type":"","background-media":"","overlay-type":"","overlay-color":"","overlay-opacity":"","overlay-gradient":""},"tablet":{"background-color":"","background-image":"","background-repeat":"repeat","background-position":"center center","background-size":"auto","background-attachment":"scroll","background-type":"","background-media":"","overlay-type":"","overlay-color":"","overlay-opacity":"","overlay-gradient":""},"mobile":{"background-color":"","background-image":"","background-repeat":"repeat","background-position":"center center","background-size":"auto","background-attachment":"scroll","background-type":"","background-media":"","overlay-type":"","overlay-color":"","overlay-opacity":"","overlay-gradient":""}},"ast-content-background-meta":{"desktop":{"background-color":"var(--ast-global-color-5)","background-image":"","background-repeat":"repeat","background-position":"center center","background-size":"auto","background-attachment":"scroll","background-type":"","background-media":"","overlay-type":"","overlay-color":"","overlay-opacity":"","overlay-gradient":""},"tablet":{"background-color":"var(--ast-global-color-5)","background-image":"","background-repeat":"repeat","background-position":"center center","background-size":"auto","background-attachment":"scroll","background-type":"","background-media":"","overlay-type":"","overlay-color":"","overlay-opacity":"","overlay-gradient":""},"mobile":{"background-color":"var(--ast-global-color-5)","background-image":"","background-repeat":"repeat","background-position":"center center","background-size":"auto","background-attachment":"scroll","background-type":"","background-media":"","overlay-type":"","overlay-color":"","overlay-opacity":"","overlay-gradient":""}}},"product_brand":[],"product_cat":[22,133],"product_tag":[],"class_list":{"0":"post-10545","1":"product","2":"type-product","3":"status-publish","4":"has-post-thumbnail","6":"product_cat-emale","7":"product_cat-riided-rasedatele-ja-rinnaga-toitvatele-emadele","8":"desktop-align-left","9":"tablet-align-left","10":"mobile-align-left","12":"first","13":"instock","14":"sale","15":"taxable","16":"shipping-taxable","17":"purchasable","18":"product-type-variable"},"yoast_head":"<!-- This site is optimized with the Yoast SEO plugin v27.5 - https:\/\/yoast.com\/product\/yoast-seo-wordpress\/ -->\n<title>Seraphine \u00f5mblustevabad l\u00fchikesed retuusid - Beebipai<\/title>\n<meta name=\"description\" content=\"Seraphine \u00f5mblustevabad l\u00fchikesed retuusid on supermugavad igas raseduse suuruses. Vaata toodet Seraphine \u00f5mblustevabad l\u00fchikesed retuusid!\" \/>\n<meta name=\"robots\" content=\"index, follow, max-snippet:-1, max-image-preview:large, max-video-preview:-1\" \/>\n<link rel=\"canonical\" href=\"https:\/\/beebipai.ee\/lt\/product\/seraphine-luhikesed-retuusid\/\" \/>\n<meta property=\"og:locale\" content=\"lt_LT\" \/>\n<meta property=\"og:type\" content=\"article\" \/>\n<meta property=\"og:title\" content=\"Seraphine \u00f5mblustevabad l\u00fchikesed retuusid - Beebipai\" \/>\n<meta property=\"og:description\" content=\"Seraphine \u00f5mblustevabad l\u00fchikesed retuusid on supermugavad igas raseduse suuruses. Vaata toodet Seraphine \u00f5mblustevabad l\u00fchikesed retuusid!\" \/>\n<meta property=\"og:url\" content=\"https:\/\/beebipai.ee\/lt\/product\/seraphine-luhikesed-retuusid\/\" \/>\n<meta property=\"og:site_name\" content=\"Beebipai\" \/>\n<meta property=\"article:modified_time\" content=\"2024-05-15T06:50:08+00:00\" \/>\n<meta property=\"og:image\" content=\"https:\/\/beebipai.ee\/wp-content\/uploads\/2024\/04\/Seraphine-omblustevabad-retuusid9.jpg\" \/>\n\t<meta property=\"og:image:width\" content=\"586\" \/>\n\t<meta property=\"og:image:height\" content=\"750\" \/>\n\t<meta property=\"og:image:type\" content=\"image\/jpeg\" \/>\n<meta name=\"twitter:card\" content=\"summary_large_image\" \/>\n<script type=\"application\/ld+json\" class=\"yoast-schema-graph\">{\"@context\":\"https:\\\/\\\/schema.org\",\"@graph\":[{\"@type\":\"WebPage\",\"@id\":\"https:\\\/\\\/beebipai.ee\\\/lt\\\/product\\\/seraphine-luhikesed-retuusid\\\/\",\"url\":\"https:\\\/\\\/beebipai.ee\\\/lt\\\/product\\\/seraphine-luhikesed-retuusid\\\/\",\"name\":\"Seraphine \u00f5mblustevabad l\u00fchikesed retuusid - Beebipai\",\"isPartOf\":{\"@id\":\"https:\\\/\\\/beebipai.ee\\\/en\\\/#website\"},\"primaryImageOfPage\":{\"@id\":\"https:\\\/\\\/beebipai.ee\\\/lt\\\/product\\\/seraphine-luhikesed-retuusid\\\/#primaryimage\"},\"image\":{\"@id\":\"https:\\\/\\\/beebipai.ee\\\/lt\\\/product\\\/seraphine-luhikesed-retuusid\\\/#primaryimage\"},\"thumbnailUrl\":\"https:\\\/\\\/beebipai.ee\\\/wp-content\\\/uploads\\\/2024\\\/04\\\/Seraphine-omblustevabad-retuusid9.jpg\",\"datePublished\":\"2024-04-18T06:46:55+00:00\",\"dateModified\":\"2024-05-15T06:50:08+00:00\",\"description\":\"Seraphine \u00f5mblustevabad l\u00fchikesed retuusid on supermugavad igas raseduse suuruses. Vaata toodet Seraphine \u00f5mblustevabad l\u00fchikesed retuusid!\",\"breadcrumb\":{\"@id\":\"https:\\\/\\\/beebipai.ee\\\/lt\\\/product\\\/seraphine-luhikesed-retuusid\\\/#breadcrumb\"},\"inLanguage\":\"lt-LT\",\"potentialAction\":[{\"@type\":\"ReadAction\",\"target\":[\"https:\\\/\\\/beebipai.ee\\\/lt\\\/product\\\/seraphine-luhikesed-retuusid\\\/\"]}]},{\"@type\":\"ImageObject\",\"inLanguage\":\"lt-LT\",\"@id\":\"https:\\\/\\\/beebipai.ee\\\/lt\\\/product\\\/seraphine-luhikesed-retuusid\\\/#primaryimage\",\"url\":\"https:\\\/\\\/beebipai.ee\\\/wp-content\\\/uploads\\\/2024\\\/04\\\/Seraphine-omblustevabad-retuusid9.jpg\",\"contentUrl\":\"https:\\\/\\\/beebipai.ee\\\/wp-content\\\/uploads\\\/2024\\\/04\\\/Seraphine-omblustevabad-retuusid9.jpg\",\"width\":586,\"height\":750},{\"@type\":\"BreadcrumbList\",\"@id\":\"https:\\\/\\\/beebipai.ee\\\/lt\\\/product\\\/seraphine-luhikesed-retuusid\\\/#breadcrumb\",\"itemListElement\":[{\"@type\":\"ListItem\",\"position\":1,\"name\":\"Home\",\"item\":\"https:\\\/\\\/beebipai.ee\\\/\"},{\"@type\":\"ListItem\",\"position\":2,\"name\":\"Pood\",\"item\":\"https:\\\/\\\/beebipai.ee\\\/store\\\/\"},{\"@type\":\"ListItem\",\"position\":3,\"name\":\"Seraphine \u00f5mblustevabad l\u00fchikesed retuusid\"}]},{\"@type\":\"WebSite\",\"@id\":\"https:\\\/\\\/beebipai.ee\\\/en\\\/#website\",\"url\":\"https:\\\/\\\/beebipai.ee\\\/en\\\/\",\"name\":\"Beebipai\",\"description\":\"Rasedate ja beebide veebipood\",\"potentialAction\":[{\"@type\":\"SearchAction\",\"target\":{\"@type\":\"EntryPoint\",\"urlTemplate\":\"https:\\\/\\\/beebipai.ee\\\/en\\\/?s={search_term_string}\"},\"query-input\":{\"@type\":\"PropertyValueSpecification\",\"valueRequired\":true,\"valueName\":\"search_term_string\"}}],\"inLanguage\":\"lt-LT\"}]}<\/script>\n<!-- \/ Yoast SEO plugin. -->","yoast_head_json":{"title":"Seraphine \u00f5mblustevabad l\u00fchikesed retuusid - Beebipai","description":"Seraphine \u00f5mblustevabad l\u00fchikesed retuusid on supermugavad igas raseduse suuruses. Vaata toodet Seraphine \u00f5mblustevabad l\u00fchikesed retuusid!","robots":{"index":"index","follow":"follow","max-snippet":"max-snippet:-1","max-image-preview":"max-image-preview:large","max-video-preview":"max-video-preview:-1"},"canonical":"https:\/\/beebipai.ee\/lt\/product\/seraphine-luhikesed-retuusid\/","og_locale":"lt_LT","og_type":"article","og_title":"Seraphine \u00f5mblustevabad l\u00fchikesed retuusid - Beebipai","og_description":"Seraphine \u00f5mblustevabad l\u00fchikesed retuusid on supermugavad igas raseduse suuruses. Vaata toodet Seraphine \u00f5mblustevabad l\u00fchikesed retuusid!","og_url":"https:\/\/beebipai.ee\/lt\/product\/seraphine-luhikesed-retuusid\/","og_site_name":"Beebipai","article_modified_time":"2024-05-15T06:50:08+00:00","og_image":[{"width":586,"height":750,"url":"https:\/\/beebipai.ee\/wp-content\/uploads\/2024\/04\/Seraphine-omblustevabad-retuusid9.jpg","type":"image\/jpeg"}],"twitter_card":"summary_large_image","schema":{"@context":"https:\/\/schema.org","@graph":[{"@type":"WebPage","@id":"https:\/\/beebipai.ee\/lt\/product\/seraphine-luhikesed-retuusid\/","url":"https:\/\/beebipai.ee\/lt\/product\/seraphine-luhikesed-retuusid\/","name":"Seraphine \u00f5mblustevabad l\u00fchikesed retuusid - Beebipai","isPartOf":{"@id":"https:\/\/beebipai.ee\/en\/#website"},"primaryImageOfPage":{"@id":"https:\/\/beebipai.ee\/lt\/product\/seraphine-luhikesed-retuusid\/#primaryimage"},"image":{"@id":"https:\/\/beebipai.ee\/lt\/product\/seraphine-luhikesed-retuusid\/#primaryimage"},"thumbnailUrl":"https:\/\/beebipai.ee\/wp-content\/uploads\/2024\/04\/Seraphine-omblustevabad-retuusid9.jpg","datePublished":"2024-04-18T06:46:55+00:00","dateModified":"2024-05-15T06:50:08+00:00","description":"Seraphine \u00f5mblustevabad l\u00fchikesed retuusid on supermugavad igas raseduse suuruses. Vaata toodet Seraphine \u00f5mblustevabad l\u00fchikesed retuusid!","breadcrumb":{"@id":"https:\/\/beebipai.ee\/lt\/product\/seraphine-luhikesed-retuusid\/#breadcrumb"},"inLanguage":"lt-LT","potentialAction":[{"@type":"ReadAction","target":["https:\/\/beebipai.ee\/lt\/product\/seraphine-luhikesed-retuusid\/"]}]},{"@type":"ImageObject","inLanguage":"lt-LT","@id":"https:\/\/beebipai.ee\/lt\/product\/seraphine-luhikesed-retuusid\/#primaryimage","url":"https:\/\/beebipai.ee\/wp-content\/uploads\/2024\/04\/Seraphine-omblustevabad-retuusid9.jpg","contentUrl":"https:\/\/beebipai.ee\/wp-content\/uploads\/2024\/04\/Seraphine-omblustevabad-retuusid9.jpg","width":586,"height":750},{"@type":"BreadcrumbList","@id":"https:\/\/beebipai.ee\/lt\/product\/seraphine-luhikesed-retuusid\/#breadcrumb","itemListElement":[{"@type":"ListItem","position":1,"name":"Home","item":"https:\/\/beebipai.ee\/"},{"@type":"ListItem","position":2,"name":"Pood","item":"https:\/\/beebipai.ee\/store\/"},{"@type":"ListItem","position":3,"name":"Seraphine \u00f5mblustevabad l\u00fchikesed retuusid"}]},{"@type":"WebSite","@id":"https:\/\/beebipai.ee\/en\/#website","url":"https:\/\/beebipai.ee\/en\/","name":"Beebipai","description":"Rasedate ja beebide veebipood","potentialAction":[{"@type":"SearchAction","target":{"@type":"EntryPoint","urlTemplate":"https:\/\/beebipai.ee\/en\/?s={search_term_string}"},"query-input":{"@type":"PropertyValueSpecification","valueRequired":true,"valueName":"search_term_string"}}],"inLanguage":"lt-LT"}]}},"_links":{"self":[{"href":"https:\/\/beebipai.ee\/lt\/wp-json\/wp\/v2\/product\/10545","targetHints":{"allow":["GET"]}}],"collection":[{"href":"https:\/\/beebipai.ee\/lt\/wp-json\/wp\/v2\/product"}],"about":[{"href":"https:\/\/beebipai.ee\/lt\/wp-json\/wp\/v2\/types\/product"}],"version-history":[{"count":5,"href":"https:\/\/beebipai.ee\/lt\/wp-json\/wp\/v2\/product\/10545\/revisions"}],"predecessor-version":[{"id":10589,"href":"https:\/\/beebipai.ee\/lt\/wp-json\/wp\/v2\/product\/10545\/revisions\/10589"}],"wp:featuredmedia":[{"embeddable":true,"href":"https:\/\/beebipai.ee\/lt\/wp-json\/wp\/v2\/media\/10583"}],"wp:attachment":[{"href":"https:\/\/beebipai.ee\/lt\/wp-json\/wp\/v2\/media?parent=10545"}],"wp:term":[{"taxonomy":"product_brand","embeddable":true,"href":"https:\/\/beebipai.ee\/lt\/wp-json\/wp\/v2\/product_brand?post=10545"},{"taxonomy":"product_cat","embeddable":true,"href":"https:\/\/beebipai.ee\/lt\/wp-json\/wp\/v2\/product_cat?post=10545"},{"taxonomy":"product_tag","embeddable":true,"href":"https:\/\/beebipai.ee\/lt\/wp-json\/wp\/v2\/product_tag?post=10545"}],"curies":[{"name":"wp","href":"https:\/\/api.w.org\/{rel}","templated":true}]}}