{"id":10519,"date":"2024-04-16T11:05:33","date_gmt":"2024-04-16T08:05:33","guid":{"rendered":"https:\/\/www.beebipai.ee\/?post_type=product&#038;p=10519"},"modified":"2025-09-06T13:17:27","modified_gmt":"2025-09-06T10:17:27","slug":"seraphine-lapsekandmispusa","status":"publish","type":"product","link":"https:\/\/beebipai.ee\/lt\/product\/seraphine-lapsekandmispusa\/","title":{"rendered":"Seraphine ne\u0161yn\u0117"},"content":{"rendered":"<div data-elementor-type=\"wp-post\" data-elementor-id=\"10519\" class=\"elementor elementor-10519\">\n\t\t\t\t\t\t<section class=\"elementor-section elementor-top-section elementor-element elementor-element-6bea8c3 elementor-section-boxed elementor-section-height-default elementor-section-height-default\" data-id=\"6bea8c3\" data-element_type=\"section\" data-e-type=\"section\">\n\t\t\t\t\t\t<div class=\"elementor-container elementor-column-gap-default\">\n\t\t\t\t\t<div class=\"elementor-column elementor-col-50 elementor-top-column elementor-element elementor-element-b97361d\" data-id=\"b97361d\" data-element_type=\"column\" data-e-type=\"column\">\n\t\t\t<div class=\"elementor-widget-wrap elementor-element-populated\">\n\t\t\t\t\t\t<div class=\"elementor-element elementor-element-a3f6a75 elementor-widget elementor-widget-heading\" data-id=\"a3f6a75\" data-element_type=\"widget\" data-e-type=\"widget\" data-widget_type=\"heading.default\">\n\t\t\t\t<div class=\"elementor-widget-container\">\n\t\t\t\t\t<h2 class=\"elementor-heading-title elementor-size-default\">Seraphine ne\u0161yn\u0117<\/h2>\t\t\t\t<\/div>\n\t\t\t\t<\/div>\n\t\t\t\t<div class=\"elementor-element elementor-element-54f8e32 elementor-widget elementor-widget-text-editor\" data-id=\"54f8e32\" data-element_type=\"widget\" data-e-type=\"widget\" data-widget_type=\"text-editor.default\">\n\t\t\t\t<div class=\"elementor-widget-container\">\n\t\t\t\t\t\t\t\t\t<p>Mink\u0161tas medviln\u0117s mi\u0161inio gobtuvas su i\u0161sklaidyta vilnos apdaila, puikiai tinka v\u0117sesniam orui ir vasaros vakarams. Medviln\u0117s mi\u0161inys ir vilna u\u017etikrina tobul\u0105 gobtuvo mink\u0161tum\u0105. K\u016bdikio ne\u0161yn\u0117s dizainas leid\u017eia naudoti bet kuriuo metu. Pusa turi tamprias plok\u0161tes \u0161onuose, kad prisitaikyt\u0173 prie kiekvieno n\u0117\u0161tumo dyd\u017eio. Gaubtas su rai\u0161teliais apsaugai nuo v\u0117jo.\u00a0<\/p><p>Prakti\u0161ka ir lengvai montuojama keng\u016bros panel\u0117 su u\u017etrauktuku, skirta ne\u0161ioti vaik\u0105 ne\u0161yn\u0117je.\u00a0<\/p>\t\t\t\t\t\t\t\t<\/div>\n\t\t\t\t<\/div>\n\t\t\t\t\t<\/div>\n\t\t<\/div>\n\t\t\t\t<div class=\"elementor-column elementor-col-50 elementor-top-column elementor-element elementor-element-c82207a\" data-id=\"c82207a\" data-element_type=\"column\" data-e-type=\"column\">\n\t\t\t<div class=\"elementor-widget-wrap elementor-element-populated\">\n\t\t\t\t\t\t<div class=\"elementor-element elementor-element-d5d3a00 elementor-widget elementor-widget-image\" data-id=\"d5d3a00\" data-element_type=\"widget\" data-e-type=\"widget\" data-widget_type=\"image.default\">\n\t\t\t\t<div class=\"elementor-widget-container\">\n\t\t\t\t\t\t\t\t\t\t\t\t\t\t\t<img fetchpriority=\"high\" decoding=\"async\" width=\"586\" height=\"750\" src=\"https:\/\/beebipai.ee\/wp-content\/uploads\/2024\/04\/Seraphine-lapsekandmispusa-6.jpg\" class=\"attachment-large size-large wp-image-10530\" alt=\"\" srcset=\"https:\/\/beebipai.ee\/wp-content\/uploads\/2024\/04\/Seraphine-lapsekandmispusa-6.jpg 586w, https:\/\/beebipai.ee\/wp-content\/uploads\/2024\/04\/Seraphine-lapsekandmispusa-6-234x300.jpg 234w, https:\/\/beebipai.ee\/wp-content\/uploads\/2024\/04\/Seraphine-lapsekandmispusa-6-9x12.jpg 9w\" sizes=\"(max-width: 586px) 100vw, 586px\" \/>\t\t\t\t\t\t\t\t\t\t\t\t\t\t\t<\/div>\n\t\t\t\t<\/div>\n\t\t\t\t\t<\/div>\n\t\t<\/div>\n\t\t\t\t\t<\/div>\n\t\t<\/section>\n\t\t\t\t<\/div>","protected":false},"excerpt":{"rendered":"<p>Seraphine ne\u0161yn\u0117 yra prakti\u0161ka ir universali. Galima naudoti tiek n\u0117\u0161tumo metu, tiek ne\u0161iojant k\u016bdik\u012f ant pilvuko su pilvuko mai\u0161eliu.<\/p>","protected":false},"featured_media":10533,"template":"","meta":{"_monsterinsights_skip_tracking":false,"_monsterinsights_sitenote_active":false,"_monsterinsights_sitenote_note":"","_monsterinsights_sitenote_category":0,"site-sidebar-layout":"no-sidebar","site-content-layout":"page-builder","ast-site-content-layout":"full-width-container","site-content-style":"default","site-sidebar-style":"default","ast-global-header-display":"","ast-banner-title-visibility":"","ast-main-header-display":"","ast-hfb-above-header-display":"","ast-hfb-below-header-display":"","ast-hfb-mobile-header-display":"","site-post-title":"disabled","ast-breadcrumbs-content":"","ast-featured-img":"disabled","footer-sml-layout":"","ast-disable-related-posts":"","theme-transparent-header-meta":"default","adv-header-id-meta":"","stick-header-meta":"","header-above-stick-meta":"","header-main-stick-meta":"","header-below-stick-meta":"","astra-migrate-meta-layouts":"set","ast-page-background-enabled":"default","ast-page-background-meta":{"desktop":{"background-color":"","background-image":"","background-repeat":"repeat","background-position":"center center","background-size":"auto","background-attachment":"scroll","background-type":"","background-media":"","overlay-type":"","overlay-color":"","overlay-opacity":"","overlay-gradient":""},"tablet":{"background-color":"","background-image":"","background-repeat":"repeat","background-position":"center center","background-size":"auto","background-attachment":"scroll","background-type":"","background-media":"","overlay-type":"","overlay-color":"","overlay-opacity":"","overlay-gradient":""},"mobile":{"background-color":"","background-image":"","background-repeat":"repeat","background-position":"center center","background-size":"auto","background-attachment":"scroll","background-type":"","background-media":"","overlay-type":"","overlay-color":"","overlay-opacity":"","overlay-gradient":""}},"ast-content-background-meta":{"desktop":{"background-color":"var(--ast-global-color-5)","background-image":"","background-repeat":"repeat","background-position":"center center","background-size":"auto","background-attachment":"scroll","background-type":"","background-media":"","overlay-type":"","overlay-color":"","overlay-opacity":"","overlay-gradient":""},"tablet":{"background-color":"var(--ast-global-color-5)","background-image":"","background-repeat":"repeat","background-position":"center center","background-size":"auto","background-attachment":"scroll","background-type":"","background-media":"","overlay-type":"","overlay-color":"","overlay-opacity":"","overlay-gradient":""},"mobile":{"background-color":"var(--ast-global-color-5)","background-image":"","background-repeat":"repeat","background-position":"center center","background-size":"auto","background-attachment":"scroll","background-type":"","background-media":"","overlay-type":"","overlay-color":"","overlay-opacity":"","overlay-gradient":""}}},"product_brand":[],"product_cat":[22,133],"product_tag":[],"class_list":{"0":"post-10519","1":"product","2":"type-product","3":"status-publish","4":"has-post-thumbnail","6":"product_cat-emale","7":"product_cat-riided-rasedatele-ja-rinnaga-toitvatele-emadele","8":"desktop-align-left","9":"tablet-align-left","10":"mobile-align-left","12":"first","13":"instock","14":"sale","15":"taxable","16":"shipping-taxable","17":"purchasable","18":"product-type-variable"},"yoast_head":"<!-- This site is optimized with the Yoast SEO plugin v27.3 - https:\/\/yoast.com\/product\/yoast-seo-wordpress\/ -->\n<title>Seraphine lapsekandmispusa - Beebipai<\/title>\n<meta name=\"description\" content=\"Seraphine lapsekandmispusa on mugav ja funktsionaalne nii raseduse ajal kui last k\u00f5hu kandes. Vaata toodet Seraphine lapsekandmispusa!\" \/>\n<meta name=\"robots\" content=\"index, follow, max-snippet:-1, max-image-preview:large, max-video-preview:-1\" \/>\n<link rel=\"canonical\" href=\"https:\/\/beebipai.ee\/lt\/product\/seraphine-lapsekandmispusa\/\" \/>\n<meta property=\"og:locale\" content=\"lt_LT\" \/>\n<meta property=\"og:type\" content=\"article\" \/>\n<meta property=\"og:title\" content=\"Seraphine lapsekandmispusa - Beebipai\" \/>\n<meta property=\"og:description\" content=\"Seraphine lapsekandmispusa on mugav ja funktsionaalne nii raseduse ajal kui last k\u00f5hu kandes. Vaata toodet Seraphine lapsekandmispusa!\" \/>\n<meta property=\"og:url\" content=\"https:\/\/beebipai.ee\/lt\/product\/seraphine-lapsekandmispusa\/\" \/>\n<meta property=\"og:site_name\" content=\"Beebipai\" \/>\n<meta property=\"article:modified_time\" content=\"2025-09-06T10:17:27+00:00\" \/>\n<meta property=\"og:image\" content=\"https:\/\/beebipai.ee\/wp-content\/uploads\/2024\/04\/Seraphine-lapsekandmispusa.jpg\" \/>\n\t<meta property=\"og:image:width\" content=\"586\" \/>\n\t<meta property=\"og:image:height\" content=\"750\" \/>\n\t<meta property=\"og:image:type\" content=\"image\/jpeg\" \/>\n<meta name=\"twitter:card\" content=\"summary_large_image\" \/>\n<script type=\"application\/ld+json\" class=\"yoast-schema-graph\">{\"@context\":\"https:\\\/\\\/schema.org\",\"@graph\":[{\"@type\":\"WebPage\",\"@id\":\"https:\\\/\\\/beebipai.ee\\\/product\\\/seraphine-lapsekandmispusa\\\/\",\"url\":\"https:\\\/\\\/beebipai.ee\\\/product\\\/seraphine-lapsekandmispusa\\\/\",\"name\":\"Seraphine lapsekandmispusa - Beebipai\",\"isPartOf\":{\"@id\":\"https:\\\/\\\/beebipai.ee\\\/en\\\/#website\"},\"primaryImageOfPage\":{\"@id\":\"https:\\\/\\\/beebipai.ee\\\/product\\\/seraphine-lapsekandmispusa\\\/#primaryimage\"},\"image\":{\"@id\":\"https:\\\/\\\/beebipai.ee\\\/product\\\/seraphine-lapsekandmispusa\\\/#primaryimage\"},\"thumbnailUrl\":\"https:\\\/\\\/beebipai.ee\\\/wp-content\\\/uploads\\\/2024\\\/04\\\/Seraphine-lapsekandmispusa.jpg\",\"datePublished\":\"2024-04-16T08:05:33+00:00\",\"dateModified\":\"2025-09-06T10:17:27+00:00\",\"description\":\"Seraphine lapsekandmispusa on mugav ja funktsionaalne nii raseduse ajal kui last k\u00f5hu kandes. Vaata toodet Seraphine lapsekandmispusa!\",\"breadcrumb\":{\"@id\":\"https:\\\/\\\/beebipai.ee\\\/product\\\/seraphine-lapsekandmispusa\\\/#breadcrumb\"},\"inLanguage\":\"lt-LT\",\"potentialAction\":[{\"@type\":\"ReadAction\",\"target\":[\"https:\\\/\\\/beebipai.ee\\\/product\\\/seraphine-lapsekandmispusa\\\/\"]}]},{\"@type\":\"ImageObject\",\"inLanguage\":\"lt-LT\",\"@id\":\"https:\\\/\\\/beebipai.ee\\\/product\\\/seraphine-lapsekandmispusa\\\/#primaryimage\",\"url\":\"https:\\\/\\\/beebipai.ee\\\/wp-content\\\/uploads\\\/2024\\\/04\\\/Seraphine-lapsekandmispusa.jpg\",\"contentUrl\":\"https:\\\/\\\/beebipai.ee\\\/wp-content\\\/uploads\\\/2024\\\/04\\\/Seraphine-lapsekandmispusa.jpg\",\"width\":586,\"height\":750},{\"@type\":\"BreadcrumbList\",\"@id\":\"https:\\\/\\\/beebipai.ee\\\/product\\\/seraphine-lapsekandmispusa\\\/#breadcrumb\",\"itemListElement\":[{\"@type\":\"ListItem\",\"position\":1,\"name\":\"Home\",\"item\":\"https:\\\/\\\/beebipai.ee\\\/\"},{\"@type\":\"ListItem\",\"position\":2,\"name\":\"Pood\",\"item\":\"https:\\\/\\\/beebipai.ee\\\/store\\\/\"},{\"@type\":\"ListItem\",\"position\":3,\"name\":\"Seraphine lapsekandmispusa\"}]},{\"@type\":\"WebSite\",\"@id\":\"https:\\\/\\\/beebipai.ee\\\/en\\\/#website\",\"url\":\"https:\\\/\\\/beebipai.ee\\\/en\\\/\",\"name\":\"Beebipai\",\"description\":\"Rasedate ja beebide veebipood\",\"potentialAction\":[{\"@type\":\"SearchAction\",\"target\":{\"@type\":\"EntryPoint\",\"urlTemplate\":\"https:\\\/\\\/beebipai.ee\\\/en\\\/?s={search_term_string}\"},\"query-input\":{\"@type\":\"PropertyValueSpecification\",\"valueRequired\":true,\"valueName\":\"search_term_string\"}}],\"inLanguage\":\"lt-LT\"}]}<\/script>\n<!-- \/ Yoast SEO plugin. -->","yoast_head_json":{"title":"Seraphine lapsekandmispusa - Beebipai","description":"Seraphine lapsekandmispusa on mugav ja funktsionaalne nii raseduse ajal kui last k\u00f5hu kandes. Vaata toodet Seraphine lapsekandmispusa!","robots":{"index":"index","follow":"follow","max-snippet":"max-snippet:-1","max-image-preview":"max-image-preview:large","max-video-preview":"max-video-preview:-1"},"canonical":"https:\/\/beebipai.ee\/lt\/product\/seraphine-lapsekandmispusa\/","og_locale":"lt_LT","og_type":"article","og_title":"Seraphine lapsekandmispusa - Beebipai","og_description":"Seraphine lapsekandmispusa on mugav ja funktsionaalne nii raseduse ajal kui last k\u00f5hu kandes. Vaata toodet Seraphine lapsekandmispusa!","og_url":"https:\/\/beebipai.ee\/lt\/product\/seraphine-lapsekandmispusa\/","og_site_name":"Beebipai","article_modified_time":"2025-09-06T10:17:27+00:00","og_image":[{"width":586,"height":750,"url":"https:\/\/beebipai.ee\/wp-content\/uploads\/2024\/04\/Seraphine-lapsekandmispusa.jpg","type":"image\/jpeg"}],"twitter_card":"summary_large_image","schema":{"@context":"https:\/\/schema.org","@graph":[{"@type":"WebPage","@id":"https:\/\/beebipai.ee\/product\/seraphine-lapsekandmispusa\/","url":"https:\/\/beebipai.ee\/product\/seraphine-lapsekandmispusa\/","name":"Seraphine lapsekandmispusa - Beebipai","isPartOf":{"@id":"https:\/\/beebipai.ee\/en\/#website"},"primaryImageOfPage":{"@id":"https:\/\/beebipai.ee\/product\/seraphine-lapsekandmispusa\/#primaryimage"},"image":{"@id":"https:\/\/beebipai.ee\/product\/seraphine-lapsekandmispusa\/#primaryimage"},"thumbnailUrl":"https:\/\/beebipai.ee\/wp-content\/uploads\/2024\/04\/Seraphine-lapsekandmispusa.jpg","datePublished":"2024-04-16T08:05:33+00:00","dateModified":"2025-09-06T10:17:27+00:00","description":"Seraphine lapsekandmispusa on mugav ja funktsionaalne nii raseduse ajal kui last k\u00f5hu kandes. Vaata toodet Seraphine lapsekandmispusa!","breadcrumb":{"@id":"https:\/\/beebipai.ee\/product\/seraphine-lapsekandmispusa\/#breadcrumb"},"inLanguage":"lt-LT","potentialAction":[{"@type":"ReadAction","target":["https:\/\/beebipai.ee\/product\/seraphine-lapsekandmispusa\/"]}]},{"@type":"ImageObject","inLanguage":"lt-LT","@id":"https:\/\/beebipai.ee\/product\/seraphine-lapsekandmispusa\/#primaryimage","url":"https:\/\/beebipai.ee\/wp-content\/uploads\/2024\/04\/Seraphine-lapsekandmispusa.jpg","contentUrl":"https:\/\/beebipai.ee\/wp-content\/uploads\/2024\/04\/Seraphine-lapsekandmispusa.jpg","width":586,"height":750},{"@type":"BreadcrumbList","@id":"https:\/\/beebipai.ee\/product\/seraphine-lapsekandmispusa\/#breadcrumb","itemListElement":[{"@type":"ListItem","position":1,"name":"Home","item":"https:\/\/beebipai.ee\/"},{"@type":"ListItem","position":2,"name":"Pood","item":"https:\/\/beebipai.ee\/store\/"},{"@type":"ListItem","position":3,"name":"Seraphine lapsekandmispusa"}]},{"@type":"WebSite","@id":"https:\/\/beebipai.ee\/en\/#website","url":"https:\/\/beebipai.ee\/en\/","name":"Beebipai","description":"Rasedate ja beebide veebipood","potentialAction":[{"@type":"SearchAction","target":{"@type":"EntryPoint","urlTemplate":"https:\/\/beebipai.ee\/en\/?s={search_term_string}"},"query-input":{"@type":"PropertyValueSpecification","valueRequired":true,"valueName":"search_term_string"}}],"inLanguage":"lt-LT"}]}},"_links":{"self":[{"href":"https:\/\/beebipai.ee\/lt\/wp-json\/wp\/v2\/product\/10519","targetHints":{"allow":["GET"]}}],"collection":[{"href":"https:\/\/beebipai.ee\/lt\/wp-json\/wp\/v2\/product"}],"about":[{"href":"https:\/\/beebipai.ee\/lt\/wp-json\/wp\/v2\/types\/product"}],"version-history":[{"count":5,"href":"https:\/\/beebipai.ee\/lt\/wp-json\/wp\/v2\/product\/10519\/revisions"}],"predecessor-version":[{"id":10706,"href":"https:\/\/beebipai.ee\/lt\/wp-json\/wp\/v2\/product\/10519\/revisions\/10706"}],"wp:featuredmedia":[{"embeddable":true,"href":"https:\/\/beebipai.ee\/lt\/wp-json\/wp\/v2\/media\/10533"}],"wp:attachment":[{"href":"https:\/\/beebipai.ee\/lt\/wp-json\/wp\/v2\/media?parent=10519"}],"wp:term":[{"taxonomy":"product_brand","embeddable":true,"href":"https:\/\/beebipai.ee\/lt\/wp-json\/wp\/v2\/product_brand?post=10519"},{"taxonomy":"product_cat","embeddable":true,"href":"https:\/\/beebipai.ee\/lt\/wp-json\/wp\/v2\/product_cat?post=10519"},{"taxonomy":"product_tag","embeddable":true,"href":"https:\/\/beebipai.ee\/lt\/wp-json\/wp\/v2\/product_tag?post=10519"}],"curies":[{"name":"wp","href":"https:\/\/api.w.org\/{rel}","templated":true}]}}