{"id":10206,"date":"2024-02-27T12:32:14","date_gmt":"2024-02-27T10:32:14","guid":{"rendered":"https:\/\/beebipai.ee\/?post_type=product&#038;p=10206"},"modified":"2024-11-28T23:20:30","modified_gmt":"2024-11-28T21:20:30","slug":"kikkaboo-videomonitor-aneres","status":"publish","type":"product","link":"https:\/\/beebipai.ee\/lt\/product\/kikkaboo-videomonitor-aneres\/","title":{"rendered":"Kikkaboo videomonitor Aneres"},"content":{"rendered":"<div data-elementor-type=\"wp-post\" data-elementor-id=\"10206\" class=\"elementor elementor-10206\">\n\t\t\t\t\t\t<section class=\"elementor-section elementor-top-section elementor-element elementor-element-a07ddd6 elementor-section-boxed elementor-section-height-default elementor-section-height-default\" data-id=\"a07ddd6\" data-element_type=\"section\" data-e-type=\"section\">\n\t\t\t\t\t\t<div class=\"elementor-container elementor-column-gap-default\">\n\t\t\t\t\t<div class=\"elementor-column elementor-col-50 elementor-top-column elementor-element elementor-element-15faf6b\" data-id=\"15faf6b\" data-element_type=\"column\" data-e-type=\"column\">\n\t\t\t<div class=\"elementor-widget-wrap elementor-element-populated\">\n\t\t\t\t\t\t<div class=\"elementor-element elementor-element-ea96572 elementor-widget elementor-widget-heading\" data-id=\"ea96572\" data-element_type=\"widget\" data-e-type=\"widget\" data-widget_type=\"heading.default\">\n\t\t\t\t<div class=\"elementor-widget-container\">\n\t\t\t\t\t<h2 class=\"elementor-heading-title elementor-size-default\">Kikkaboo videokaamera Aneres<\/h2>\t\t\t\t<\/div>\n\t\t\t\t<\/div>\n\t\t\t\t<div class=\"elementor-element elementor-element-f93175f elementor-widget elementor-widget-text-editor\" data-id=\"f93175f\" data-element_type=\"widget\" data-e-type=\"widget\" data-widget_type=\"text-editor.default\">\n\t\t\t\t<div class=\"elementor-widget-container\">\n\t\t\t\t\t\t\t\t\t<p>Kikkaboo videokaamera on s\u00fcdamerehu tooja lapsevanematele. Paljude praktiliste ja funktsionaalsete omadustega tagab ta lapse turvalisuse ja lapsevanemate rahuliku meele.\u00a0<\/p><p>Kikkaboo videokaamera Aneres omadused:<\/p><ul><li>Sagedus 2,4 GHz<\/li><li>FHSS tehnoloogia turvalise \u00fchenduse ja ilma segajateta heli jaoks<\/li><li>Vahemaa siseruumis 30 &#8211; 50m<\/li><li>Vahemaa \u00f5ues 270 &#8211; 300m<\/li><li>Ekraan 4,3 tolli<\/li><li>Heledusaste &#8211; 5<\/li><li>Paindlik alus beebi\u00fcksuse jaoks<\/li><li>VOX aktiveerimine<\/li><li>K\u00f5lar ja mikrofon kahepoolseks heli \u00fclekandeks<\/li><li>Energiat s\u00e4\u00e4stev re\u017eiim<\/li><li>Laetav aku, vanemapoolsel seadmel aku 2000 mAh<\/li><li>Beebi\u00fcksuses temperatuuri sensor<\/li><li>\u00d6\u00f6valgus<\/li><li>H\u00e4llilaulud &#8211; 4tk<\/li><li>Helitugevuse reguleerimine<\/li><li>Ikoonliides ja men\u00fc\u00fc 4 keelega &#8211; inglise, bulgaaria, hispaania, kreeka<\/li><li>\u00dcksvanem saab \u00fchenduda 4 beebi\u00fcksusega<\/li><li>Temperatuuri, s\u00f6\u00f6tmise, aku t\u00fchjenemise ja levi piirist v\u00e4ljasoleku h\u00e4ire<\/li><\/ul>\t\t\t\t\t\t\t\t<\/div>\n\t\t\t\t<\/div>\n\t\t\t\t\t<\/div>\n\t\t<\/div>\n\t\t\t\t<div class=\"elementor-column elementor-col-50 elementor-top-column elementor-element elementor-element-da8e22f\" data-id=\"da8e22f\" data-element_type=\"column\" data-e-type=\"column\">\n\t\t\t<div class=\"elementor-widget-wrap elementor-element-populated\">\n\t\t\t\t\t\t<div class=\"elementor-element elementor-element-6ed2c65 elementor-widget elementor-widget-image\" data-id=\"6ed2c65\" data-element_type=\"widget\" data-e-type=\"widget\" data-widget_type=\"image.default\">\n\t\t\t\t<div class=\"elementor-widget-container\">\n\t\t\t\t\t\t\t\t\t\t\t\t\t\t\t<img fetchpriority=\"high\" decoding=\"async\" width=\"522\" height=\"522\" src=\"https:\/\/beebipai.ee\/wp-content\/uploads\/2024\/02\/Videomonitor-Aneres-3.jpg\" class=\"attachment-large size-large wp-image-10213\" alt=\"\" srcset=\"https:\/\/beebipai.ee\/wp-content\/uploads\/2024\/02\/Videomonitor-Aneres-3.jpg 522w, https:\/\/beebipai.ee\/wp-content\/uploads\/2024\/02\/Videomonitor-Aneres-3-300x300.jpg 300w, https:\/\/beebipai.ee\/wp-content\/uploads\/2024\/02\/Videomonitor-Aneres-3-150x150.jpg 150w, https:\/\/beebipai.ee\/wp-content\/uploads\/2024\/02\/Videomonitor-Aneres-3-12x12.jpg 12w, https:\/\/beebipai.ee\/wp-content\/uploads\/2024\/02\/Videomonitor-Aneres-3-100x100.jpg 100w\" sizes=\"(max-width: 522px) 100vw, 522px\" \/>\t\t\t\t\t\t\t\t\t\t\t\t\t\t\t<\/div>\n\t\t\t\t<\/div>\n\t\t\t\t<div class=\"elementor-element elementor-element-cc8bc97 elementor-widget elementor-widget-image\" data-id=\"cc8bc97\" data-element_type=\"widget\" data-e-type=\"widget\" data-widget_type=\"image.default\">\n\t\t\t\t<div class=\"elementor-widget-container\">\n\t\t\t\t\t\t\t\t\t\t\t\t\t\t\t<img decoding=\"async\" width=\"1024\" height=\"684\" src=\"https:\/\/beebipai.ee\/wp-content\/uploads\/2024\/02\/Videomonitor-Aneres-8-1024x684.jpg\" class=\"attachment-large size-large wp-image-10218\" alt=\"\" srcset=\"https:\/\/beebipai.ee\/wp-content\/uploads\/2024\/02\/Videomonitor-Aneres-8-1024x684.jpg 1024w, https:\/\/beebipai.ee\/wp-content\/uploads\/2024\/02\/Videomonitor-Aneres-8-300x200.jpg 300w, https:\/\/beebipai.ee\/wp-content\/uploads\/2024\/02\/Videomonitor-Aneres-8-768x513.jpg 768w, https:\/\/beebipai.ee\/wp-content\/uploads\/2024\/02\/Videomonitor-Aneres-8-1536x1025.jpg 1536w, https:\/\/beebipai.ee\/wp-content\/uploads\/2024\/02\/Videomonitor-Aneres-8-18x12.jpg 18w, https:\/\/beebipai.ee\/wp-content\/uploads\/2024\/02\/Videomonitor-Aneres-8-600x400.jpg 600w, https:\/\/beebipai.ee\/wp-content\/uploads\/2024\/02\/Videomonitor-Aneres-8-e1709030189144.jpg 500w\" sizes=\"(max-width: 1024px) 100vw, 1024px\" \/>\t\t\t\t\t\t\t\t\t\t\t\t\t\t\t<\/div>\n\t\t\t\t<\/div>\n\t\t\t\t\t<\/div>\n\t\t<\/div>\n\t\t\t\t\t<\/div>\n\t\t<\/section>\n\t\t\t\t<\/div>","protected":false},"excerpt":{"rendered":"<p>Kikkaboo videomonitor Aneres on ideaalne lahendus igale lapsevanemale. Funktsionaalne, lihtne ja uuenduslik- k\u00f5ik, mida vajad lapse j\u00e4lgimiseks.<\/p>","protected":false},"featured_media":10221,"template":"","meta":{"_monsterinsights_skip_tracking":false,"_monsterinsights_sitenote_active":false,"_monsterinsights_sitenote_note":"","_monsterinsights_sitenote_category":0,"site-sidebar-layout":"no-sidebar","site-content-layout":"page-builder","ast-site-content-layout":"full-width-container","site-content-style":"default","site-sidebar-style":"default","ast-global-header-display":"","ast-banner-title-visibility":"","ast-main-header-display":"","ast-hfb-above-header-display":"","ast-hfb-below-header-display":"","ast-hfb-mobile-header-display":"","site-post-title":"disabled","ast-breadcrumbs-content":"","ast-featured-img":"disabled","footer-sml-layout":"","ast-disable-related-posts":"","theme-transparent-header-meta":"default","adv-header-id-meta":"","stick-header-meta":"","header-above-stick-meta":"","header-main-stick-meta":"","header-below-stick-meta":"","astra-migrate-meta-layouts":"set","ast-page-background-enabled":"default","ast-page-background-meta":{"desktop":{"background-color":"","background-image":"","background-repeat":"repeat","background-position":"center center","background-size":"auto","background-attachment":"scroll","background-type":"","background-media":"","overlay-type":"","overlay-color":"","overlay-opacity":"","overlay-gradient":""},"tablet":{"background-color":"","background-image":"","background-repeat":"repeat","background-position":"center center","background-size":"auto","background-attachment":"scroll","background-type":"","background-media":"","overlay-type":"","overlay-color":"","overlay-opacity":"","overlay-gradient":""},"mobile":{"background-color":"","background-image":"","background-repeat":"repeat","background-position":"center center","background-size":"auto","background-attachment":"scroll","background-type":"","background-media":"","overlay-type":"","overlay-color":"","overlay-opacity":"","overlay-gradient":""}},"ast-content-background-meta":{"desktop":{"background-color":"var(--ast-global-color-5)","background-image":"","background-repeat":"repeat","background-position":"center center","background-size":"auto","background-attachment":"scroll","background-type":"","background-media":"","overlay-type":"","overlay-color":"","overlay-opacity":"","overlay-gradient":""},"tablet":{"background-color":"var(--ast-global-color-5)","background-image":"","background-repeat":"repeat","background-position":"center center","background-size":"auto","background-attachment":"scroll","background-type":"","background-media":"","overlay-type":"","overlay-color":"","overlay-opacity":"","overlay-gradient":""},"mobile":{"background-color":"var(--ast-global-color-5)","background-image":"","background-repeat":"repeat","background-position":"center center","background-size":"auto","background-attachment":"scroll","background-type":"","background-media":"","overlay-type":"","overlay-color":"","overlay-opacity":"","overlay-gradient":""}}},"product_brand":[],"product_cat":[23,145],"product_tag":[],"class_list":{"0":"post-10206","1":"product","2":"type-product","3":"status-publish","4":"has-post-thumbnail","6":"product_cat-beebile","7":"product_cat-turvalisus","8":"desktop-align-left","9":"tablet-align-left","10":"mobile-align-left","12":"first","13":"outofstock","14":"taxable","15":"shipping-taxable","16":"purchasable","17":"product-type-simple"},"yoast_head":"<!-- This site is optimized with the Yoast SEO plugin v27.3 - https:\/\/yoast.com\/product\/yoast-seo-wordpress\/ -->\n<title>Kikkaboo videomonitor Aneres - Beebipai<\/title>\n<meta name=\"description\" content=\"Kikkaboo videomonitor Aneres on ideaalne lahendus igale lapsevanemale. Funktsionaalne, lihtne ja uuenduslik. Vaata toodet Kikkaboo videomonitor Aneres!\" \/>\n<meta name=\"robots\" content=\"index, follow, max-snippet:-1, max-image-preview:large, max-video-preview:-1\" \/>\n<link rel=\"canonical\" href=\"https:\/\/beebipai.ee\/lt\/product\/kikkaboo-videomonitor-aneres\/\" \/>\n<meta property=\"og:locale\" content=\"lt_LT\" \/>\n<meta property=\"og:type\" content=\"article\" \/>\n<meta property=\"og:title\" content=\"Kikkaboo videomonitor Aneres - Beebipai\" \/>\n<meta property=\"og:description\" content=\"Kikkaboo videomonitor Aneres on ideaalne lahendus igale lapsevanemale. Funktsionaalne, lihtne ja uuenduslik. Vaata toodet Kikkaboo videomonitor Aneres!\" \/>\n<meta property=\"og:url\" content=\"https:\/\/beebipai.ee\/lt\/product\/kikkaboo-videomonitor-aneres\/\" \/>\n<meta property=\"og:site_name\" content=\"Beebipai\" \/>\n<meta property=\"article:modified_time\" content=\"2024-11-28T21:20:30+00:00\" \/>\n<meta property=\"og:image\" content=\"https:\/\/beebipai.ee\/wp-content\/uploads\/2024\/02\/Videomonitor-Aneres.jpg\" \/>\n\t<meta property=\"og:image:width\" content=\"522\" \/>\n\t<meta property=\"og:image:height\" content=\"522\" \/>\n\t<meta property=\"og:image:type\" content=\"image\/jpeg\" \/>\n<meta name=\"twitter:card\" content=\"summary_large_image\" \/>\n<meta name=\"twitter:label1\" content=\"Est. reading time\" \/>\n\t<meta name=\"twitter:data1\" content=\"1 minut\u0117\" \/>\n<script type=\"application\/ld+json\" class=\"yoast-schema-graph\">{\"@context\":\"https:\\\/\\\/schema.org\",\"@graph\":[{\"@type\":\"WebPage\",\"@id\":\"https:\\\/\\\/beebipai.ee\\\/product\\\/kikkaboo-videomonitor-aneres\\\/\",\"url\":\"https:\\\/\\\/beebipai.ee\\\/product\\\/kikkaboo-videomonitor-aneres\\\/\",\"name\":\"Kikkaboo videomonitor Aneres - Beebipai\",\"isPartOf\":{\"@id\":\"https:\\\/\\\/beebipai.ee\\\/en\\\/#website\"},\"primaryImageOfPage\":{\"@id\":\"https:\\\/\\\/beebipai.ee\\\/product\\\/kikkaboo-videomonitor-aneres\\\/#primaryimage\"},\"image\":{\"@id\":\"https:\\\/\\\/beebipai.ee\\\/product\\\/kikkaboo-videomonitor-aneres\\\/#primaryimage\"},\"thumbnailUrl\":\"https:\\\/\\\/beebipai.ee\\\/wp-content\\\/uploads\\\/2024\\\/02\\\/Videomonitor-Aneres.jpg\",\"datePublished\":\"2024-02-27T10:32:14+00:00\",\"dateModified\":\"2024-11-28T21:20:30+00:00\",\"description\":\"Kikkaboo videomonitor Aneres on ideaalne lahendus igale lapsevanemale. Funktsionaalne, lihtne ja uuenduslik. Vaata toodet Kikkaboo videomonitor Aneres!\",\"breadcrumb\":{\"@id\":\"https:\\\/\\\/beebipai.ee\\\/product\\\/kikkaboo-videomonitor-aneres\\\/#breadcrumb\"},\"inLanguage\":\"lt-LT\",\"potentialAction\":[{\"@type\":\"ReadAction\",\"target\":[\"https:\\\/\\\/beebipai.ee\\\/product\\\/kikkaboo-videomonitor-aneres\\\/\"]}]},{\"@type\":\"ImageObject\",\"inLanguage\":\"lt-LT\",\"@id\":\"https:\\\/\\\/beebipai.ee\\\/product\\\/kikkaboo-videomonitor-aneres\\\/#primaryimage\",\"url\":\"https:\\\/\\\/beebipai.ee\\\/wp-content\\\/uploads\\\/2024\\\/02\\\/Videomonitor-Aneres.jpg\",\"contentUrl\":\"https:\\\/\\\/beebipai.ee\\\/wp-content\\\/uploads\\\/2024\\\/02\\\/Videomonitor-Aneres.jpg\",\"width\":522,\"height\":522},{\"@type\":\"BreadcrumbList\",\"@id\":\"https:\\\/\\\/beebipai.ee\\\/product\\\/kikkaboo-videomonitor-aneres\\\/#breadcrumb\",\"itemListElement\":[{\"@type\":\"ListItem\",\"position\":1,\"name\":\"Home\",\"item\":\"https:\\\/\\\/beebipai.ee\\\/\"},{\"@type\":\"ListItem\",\"position\":2,\"name\":\"Pood\",\"item\":\"https:\\\/\\\/beebipai.ee\\\/store\\\/\"},{\"@type\":\"ListItem\",\"position\":3,\"name\":\"Kikkaboo videomonitor Aneres\"}]},{\"@type\":\"WebSite\",\"@id\":\"https:\\\/\\\/beebipai.ee\\\/en\\\/#website\",\"url\":\"https:\\\/\\\/beebipai.ee\\\/en\\\/\",\"name\":\"Beebipai\",\"description\":\"Rasedate ja beebide veebipood\",\"potentialAction\":[{\"@type\":\"SearchAction\",\"target\":{\"@type\":\"EntryPoint\",\"urlTemplate\":\"https:\\\/\\\/beebipai.ee\\\/en\\\/?s={search_term_string}\"},\"query-input\":{\"@type\":\"PropertyValueSpecification\",\"valueRequired\":true,\"valueName\":\"search_term_string\"}}],\"inLanguage\":\"lt-LT\"}]}<\/script>\n<!-- \/ Yoast SEO plugin. -->","yoast_head_json":{"title":"Kikkaboo videomonitor Aneres - Beebipai","description":"Kikkaboo videomonitor Aneres on ideaalne lahendus igale lapsevanemale. Funktsionaalne, lihtne ja uuenduslik. Vaata toodet Kikkaboo videomonitor Aneres!","robots":{"index":"index","follow":"follow","max-snippet":"max-snippet:-1","max-image-preview":"max-image-preview:large","max-video-preview":"max-video-preview:-1"},"canonical":"https:\/\/beebipai.ee\/lt\/product\/kikkaboo-videomonitor-aneres\/","og_locale":"lt_LT","og_type":"article","og_title":"Kikkaboo videomonitor Aneres - Beebipai","og_description":"Kikkaboo videomonitor Aneres on ideaalne lahendus igale lapsevanemale. Funktsionaalne, lihtne ja uuenduslik. Vaata toodet Kikkaboo videomonitor Aneres!","og_url":"https:\/\/beebipai.ee\/lt\/product\/kikkaboo-videomonitor-aneres\/","og_site_name":"Beebipai","article_modified_time":"2024-11-28T21:20:30+00:00","og_image":[{"width":522,"height":522,"url":"https:\/\/beebipai.ee\/wp-content\/uploads\/2024\/02\/Videomonitor-Aneres.jpg","type":"image\/jpeg"}],"twitter_card":"summary_large_image","twitter_misc":{"Est. reading time":"1 minut\u0117"},"schema":{"@context":"https:\/\/schema.org","@graph":[{"@type":"WebPage","@id":"https:\/\/beebipai.ee\/product\/kikkaboo-videomonitor-aneres\/","url":"https:\/\/beebipai.ee\/product\/kikkaboo-videomonitor-aneres\/","name":"Kikkaboo videomonitor Aneres - Beebipai","isPartOf":{"@id":"https:\/\/beebipai.ee\/en\/#website"},"primaryImageOfPage":{"@id":"https:\/\/beebipai.ee\/product\/kikkaboo-videomonitor-aneres\/#primaryimage"},"image":{"@id":"https:\/\/beebipai.ee\/product\/kikkaboo-videomonitor-aneres\/#primaryimage"},"thumbnailUrl":"https:\/\/beebipai.ee\/wp-content\/uploads\/2024\/02\/Videomonitor-Aneres.jpg","datePublished":"2024-02-27T10:32:14+00:00","dateModified":"2024-11-28T21:20:30+00:00","description":"Kikkaboo videomonitor Aneres on ideaalne lahendus igale lapsevanemale. Funktsionaalne, lihtne ja uuenduslik. Vaata toodet Kikkaboo videomonitor Aneres!","breadcrumb":{"@id":"https:\/\/beebipai.ee\/product\/kikkaboo-videomonitor-aneres\/#breadcrumb"},"inLanguage":"lt-LT","potentialAction":[{"@type":"ReadAction","target":["https:\/\/beebipai.ee\/product\/kikkaboo-videomonitor-aneres\/"]}]},{"@type":"ImageObject","inLanguage":"lt-LT","@id":"https:\/\/beebipai.ee\/product\/kikkaboo-videomonitor-aneres\/#primaryimage","url":"https:\/\/beebipai.ee\/wp-content\/uploads\/2024\/02\/Videomonitor-Aneres.jpg","contentUrl":"https:\/\/beebipai.ee\/wp-content\/uploads\/2024\/02\/Videomonitor-Aneres.jpg","width":522,"height":522},{"@type":"BreadcrumbList","@id":"https:\/\/beebipai.ee\/product\/kikkaboo-videomonitor-aneres\/#breadcrumb","itemListElement":[{"@type":"ListItem","position":1,"name":"Home","item":"https:\/\/beebipai.ee\/"},{"@type":"ListItem","position":2,"name":"Pood","item":"https:\/\/beebipai.ee\/store\/"},{"@type":"ListItem","position":3,"name":"Kikkaboo videomonitor Aneres"}]},{"@type":"WebSite","@id":"https:\/\/beebipai.ee\/en\/#website","url":"https:\/\/beebipai.ee\/en\/","name":"Beebipai","description":"Rasedate ja beebide veebipood","potentialAction":[{"@type":"SearchAction","target":{"@type":"EntryPoint","urlTemplate":"https:\/\/beebipai.ee\/en\/?s={search_term_string}"},"query-input":{"@type":"PropertyValueSpecification","valueRequired":true,"valueName":"search_term_string"}}],"inLanguage":"lt-LT"}]}},"_links":{"self":[{"href":"https:\/\/beebipai.ee\/lt\/wp-json\/wp\/v2\/product\/10206","targetHints":{"allow":["GET"]}}],"collection":[{"href":"https:\/\/beebipai.ee\/lt\/wp-json\/wp\/v2\/product"}],"about":[{"href":"https:\/\/beebipai.ee\/lt\/wp-json\/wp\/v2\/types\/product"}],"version-history":[{"count":5,"href":"https:\/\/beebipai.ee\/lt\/wp-json\/wp\/v2\/product\/10206\/revisions"}],"predecessor-version":[{"id":10606,"href":"https:\/\/beebipai.ee\/lt\/wp-json\/wp\/v2\/product\/10206\/revisions\/10606"}],"wp:featuredmedia":[{"embeddable":true,"href":"https:\/\/beebipai.ee\/lt\/wp-json\/wp\/v2\/media\/10221"}],"wp:attachment":[{"href":"https:\/\/beebipai.ee\/lt\/wp-json\/wp\/v2\/media?parent=10206"}],"wp:term":[{"taxonomy":"product_brand","embeddable":true,"href":"https:\/\/beebipai.ee\/lt\/wp-json\/wp\/v2\/product_brand?post=10206"},{"taxonomy":"product_cat","embeddable":true,"href":"https:\/\/beebipai.ee\/lt\/wp-json\/wp\/v2\/product_cat?post=10206"},{"taxonomy":"product_tag","embeddable":true,"href":"https:\/\/beebipai.ee\/lt\/wp-json\/wp\/v2\/product_tag?post=10206"}],"curies":[{"name":"wp","href":"https:\/\/api.w.org\/{rel}","templated":true}]}}