{"id":9433,"date":"2023-10-20T10:12:11","date_gmt":"2023-10-20T07:12:11","guid":{"rendered":"https:\/\/www.beebipai.ee\/?post_type=product&#038;p=9433"},"modified":"2024-07-03T00:27:08","modified_gmt":"2024-07-02T21:27:08","slug":"gabriella-rasedate-omblustevabad-retuusid","status":"publish","type":"product","link":"https:\/\/beebipai.ee\/fi\/product\/gabriella-rasedate-omblustevabad-retuusid\/","title":{"rendered":"Gabriellan saumattomat \u00e4itiysleggingsit"},"content":{"rendered":"<div data-elementor-type=\"wp-post\" data-elementor-id=\"9433\" class=\"elementor elementor-9433\">\n\t\t\t\t\t\t<section class=\"elementor-section elementor-top-section elementor-element elementor-element-ea2f011 elementor-section-boxed elementor-section-height-default elementor-section-height-default\" data-id=\"ea2f011\" data-element_type=\"section\" data-e-type=\"section\">\n\t\t\t\t\t\t<div class=\"elementor-container elementor-column-gap-default\">\n\t\t\t\t\t<div class=\"elementor-column elementor-col-50 elementor-top-column elementor-element elementor-element-ce61f5e\" data-id=\"ce61f5e\" data-element_type=\"column\" data-e-type=\"column\">\n\t\t\t<div class=\"elementor-widget-wrap elementor-element-populated\">\n\t\t\t\t\t\t<div class=\"elementor-element elementor-element-0b79283 elementor-widget elementor-widget-heading\" data-id=\"0b79283\" data-element_type=\"widget\" data-e-type=\"widget\" data-widget_type=\"heading.default\">\n\t\t\t\t<div class=\"elementor-widget-container\">\n\t\t\t\t\t<h2 class=\"elementor-heading-title elementor-size-default\">Saumattomat \u00e4itiysleggingsit<\/h2>\t\t\t\t<\/div>\n\t\t\t\t<\/div>\n\t\t\t\t<div class=\"elementor-element elementor-element-57cd74c elementor-widget elementor-widget-text-editor\" data-id=\"57cd74c\" data-element_type=\"widget\" data-e-type=\"widget\" data-widget_type=\"text-editor.default\">\n\t\t\t\t<div class=\"elementor-widget-container\">\n\t\t\t\t\t\t\t\t\t<p>Saumattomat \u00e4itiysleggingsit korkealla vy\u00f6t\u00e4r\u00f6ll\u00e4 tukevat odottavan \u00e4idin kasvavaa vatsaa aiheuttamatta ep\u00e4miellytt\u00e4v\u00e4\u00e4 painetta ja n\u00e4ytt\u00e4v\u00e4t kauniilta raskaana olevalla vartalolla. Saumojen puute tekee leggingsist\u00e4 mukavat ja pehme\u00e4t raskaana olevien naisten herk\u00e4lle iholle.\u00a0<\/p><p>Korkea vatsapaneeli peitt\u00e4\u00e4 kasvavan vatsan kokonaan ja mukautuu kaiken kokoiseen vatsaan. Etuosan muotoilu tukee vatsaa alhaalta, ei aiheuta painetta tai liukumista. Lis\u00e4vahvike lannerangan alueella v\u00e4hent\u00e4\u00e4 painetta lannerangan alueella ja tekee leggingsien k\u00e4ytt\u00e4misest\u00e4 erityisen mukavaa.<\/p>\t\t\t\t\t\t\t\t<\/div>\n\t\t\t\t<\/div>\n\t\t\t\t\t<\/div>\n\t\t<\/div>\n\t\t\t\t<div class=\"elementor-column elementor-col-50 elementor-top-column elementor-element elementor-element-7a4f4a0\" data-id=\"7a4f4a0\" data-element_type=\"column\" data-e-type=\"column\">\n\t\t\t<div class=\"elementor-widget-wrap elementor-element-populated\">\n\t\t\t\t\t\t<div class=\"elementor-element elementor-element-173d6c0 elementor-widget elementor-widget-image\" data-id=\"173d6c0\" data-element_type=\"widget\" data-e-type=\"widget\" data-widget_type=\"image.default\">\n\t\t\t\t<div class=\"elementor-widget-container\">\n\t\t\t\t\t\t\t\t\t\t\t\t\t\t\t<img fetchpriority=\"high\" decoding=\"async\" width=\"819\" height=\"1024\" src=\"https:\/\/beebipai.ee\/wp-content\/uploads\/2023\/10\/Gabriella-rasedate-omblustevabad-retuusid-1-819x1024.jpg\" class=\"attachment-large size-large wp-image-9436\" alt=\"\" srcset=\"https:\/\/beebipai.ee\/wp-content\/uploads\/2023\/10\/Gabriella-rasedate-omblustevabad-retuusid-1-819x1024.jpg 819w, https:\/\/beebipai.ee\/wp-content\/uploads\/2023\/10\/Gabriella-rasedate-omblustevabad-retuusid-1-240x300.jpg 240w, https:\/\/beebipai.ee\/wp-content\/uploads\/2023\/10\/Gabriella-rasedate-omblustevabad-retuusid-1-768x960.jpg 768w, https:\/\/beebipai.ee\/wp-content\/uploads\/2023\/10\/Gabriella-rasedate-omblustevabad-retuusid-1-10x12.jpg 10w, https:\/\/beebipai.ee\/wp-content\/uploads\/2023\/10\/Gabriella-rasedate-omblustevabad-retuusid-1-600x750.jpg 600w, https:\/\/beebipai.ee\/wp-content\/uploads\/2023\/10\/Gabriella-rasedate-omblustevabad-retuusid-1-e1697785878474.jpg 500w\" sizes=\"(max-width: 819px) 100vw, 819px\" \/>\t\t\t\t\t\t\t\t\t\t\t\t\t\t\t<\/div>\n\t\t\t\t<\/div>\n\t\t\t\t\t<\/div>\n\t\t<\/div>\n\t\t\t\t\t<\/div>\n\t\t<\/section>\n\t\t\t\t<\/div>","protected":false},"excerpt":{"rendered":"<p>Saumattomat \u00e4itiysleggingsit seuraavat kasvavan vatsan vartalon muotoa miss\u00e4 tahansa raskauskoossa. L\u00e4pin\u00e4kym\u00e4tt\u00f6m\u00e4t leggingsit ovat mukavat jokap\u00e4iv\u00e4iset housut kaikille raskauskokoille.<\/p>","protected":false},"featured_media":9437,"template":"","meta":{"_monsterinsights_skip_tracking":false,"_monsterinsights_sitenote_active":false,"_monsterinsights_sitenote_note":"","_monsterinsights_sitenote_category":0,"site-sidebar-layout":"no-sidebar","site-content-layout":"page-builder","ast-site-content-layout":"full-width-container","site-content-style":"default","site-sidebar-style":"default","ast-global-header-display":"","ast-banner-title-visibility":"","ast-main-header-display":"","ast-hfb-above-header-display":"","ast-hfb-below-header-display":"","ast-hfb-mobile-header-display":"","site-post-title":"disabled","ast-breadcrumbs-content":"","ast-featured-img":"disabled","footer-sml-layout":"","ast-disable-related-posts":"","theme-transparent-header-meta":"default","adv-header-id-meta":"","stick-header-meta":"","header-above-stick-meta":"","header-main-stick-meta":"","header-below-stick-meta":"","astra-migrate-meta-layouts":"set","ast-page-background-enabled":"default","ast-page-background-meta":{"desktop":{"background-color":"","background-image":"","background-repeat":"repeat","background-position":"center center","background-size":"auto","background-attachment":"scroll","background-type":"","background-media":"","overlay-type":"","overlay-color":"","overlay-opacity":"","overlay-gradient":""},"tablet":{"background-color":"","background-image":"","background-repeat":"repeat","background-position":"center center","background-size":"auto","background-attachment":"scroll","background-type":"","background-media":"","overlay-type":"","overlay-color":"","overlay-opacity":"","overlay-gradient":""},"mobile":{"background-color":"","background-image":"","background-repeat":"repeat","background-position":"center center","background-size":"auto","background-attachment":"scroll","background-type":"","background-media":"","overlay-type":"","overlay-color":"","overlay-opacity":"","overlay-gradient":""}},"ast-content-background-meta":{"desktop":{"background-color":"var(--ast-global-color-5)","background-image":"","background-repeat":"repeat","background-position":"center center","background-size":"auto","background-attachment":"scroll","background-type":"","background-media":"","overlay-type":"","overlay-color":"","overlay-opacity":"","overlay-gradient":""},"tablet":{"background-color":"var(--ast-global-color-5)","background-image":"","background-repeat":"repeat","background-position":"center center","background-size":"auto","background-attachment":"scroll","background-type":"","background-media":"","overlay-type":"","overlay-color":"","overlay-opacity":"","overlay-gradient":""},"mobile":{"background-color":"var(--ast-global-color-5)","background-image":"","background-repeat":"repeat","background-position":"center center","background-size":"auto","background-attachment":"scroll","background-type":"","background-media":"","overlay-type":"","overlay-color":"","overlay-opacity":"","overlay-gradient":""}}},"product_brand":[],"product_cat":[133],"product_tag":[],"class_list":{"0":"post-9433","1":"product","2":"type-product","3":"status-publish","4":"has-post-thumbnail","6":"product_cat-riided-rasedatele-ja-rinnaga-toitvatele-emadele","7":"desktop-align-left","8":"tablet-align-left","9":"mobile-align-left","11":"first","12":"instock","13":"sale","14":"taxable","15":"shipping-taxable","16":"purchasable","17":"product-type-variable"},"yoast_head":"<!-- This site is optimized with the Yoast SEO plugin v27.3 - https:\/\/yoast.com\/product\/yoast-seo-wordpress\/ -->\n<title>Gabriella rasedate \u00f5mblustevabad retuusid - Beebipai<\/title>\n<meta name=\"description\" content=\"Gabriella rasedate \u00f5mblustevabad retuusid on mugavad ja praktilised igap\u00e4evaseks kandmiseks. Vaata toodet Gabriella rasedate retuusid!\" \/>\n<meta name=\"robots\" content=\"index, follow, max-snippet:-1, max-image-preview:large, max-video-preview:-1\" \/>\n<link rel=\"canonical\" href=\"https:\/\/beebipai.ee\/fi\/product\/gabriella-rasedate-omblustevabad-retuusid\/\" \/>\n<meta property=\"og:locale\" content=\"fi_FI\" \/>\n<meta property=\"og:type\" content=\"article\" \/>\n<meta property=\"og:title\" content=\"Gabriella rasedate \u00f5mblustevabad retuusid - Beebipai\" \/>\n<meta property=\"og:description\" content=\"Gabriella rasedate \u00f5mblustevabad retuusid on mugavad ja praktilised igap\u00e4evaseks kandmiseks. Vaata toodet Gabriella rasedate retuusid!\" \/>\n<meta property=\"og:url\" content=\"https:\/\/beebipai.ee\/fi\/product\/gabriella-rasedate-omblustevabad-retuusid\/\" \/>\n<meta property=\"og:site_name\" content=\"Beebipai\" \/>\n<meta property=\"article:modified_time\" content=\"2024-07-02T21:27:08+00:00\" \/>\n<meta property=\"og:image\" content=\"https:\/\/beebipai.ee\/wp-content\/uploads\/2023\/10\/Gabriella-rasedate-omblustevabad-retuusid-4-e1697785813180.jpg\" \/>\n\t<meta property=\"og:image:width\" content=\"500\" \/>\n\t<meta property=\"og:image:height\" content=\"750\" \/>\n\t<meta property=\"og:image:type\" content=\"image\/jpeg\" \/>\n<meta name=\"twitter:card\" content=\"summary_large_image\" \/>\n<script type=\"application\/ld+json\" class=\"yoast-schema-graph\">{\"@context\":\"https:\\\/\\\/schema.org\",\"@graph\":[{\"@type\":\"WebPage\",\"@id\":\"https:\\\/\\\/beebipai.ee\\\/product\\\/gabriella-rasedate-omblustevabad-retuusid\\\/\",\"url\":\"https:\\\/\\\/beebipai.ee\\\/product\\\/gabriella-rasedate-omblustevabad-retuusid\\\/\",\"name\":\"Gabriella rasedate \u00f5mblustevabad retuusid - Beebipai\",\"isPartOf\":{\"@id\":\"https:\\\/\\\/beebipai.ee\\\/en\\\/#website\"},\"primaryImageOfPage\":{\"@id\":\"https:\\\/\\\/beebipai.ee\\\/product\\\/gabriella-rasedate-omblustevabad-retuusid\\\/#primaryimage\"},\"image\":{\"@id\":\"https:\\\/\\\/beebipai.ee\\\/product\\\/gabriella-rasedate-omblustevabad-retuusid\\\/#primaryimage\"},\"thumbnailUrl\":\"https:\\\/\\\/beebipai.ee\\\/wp-content\\\/uploads\\\/2023\\\/10\\\/Gabriella-rasedate-omblustevabad-retuusid-4-e1697785813180.jpg\",\"datePublished\":\"2023-10-20T07:12:11+00:00\",\"dateModified\":\"2024-07-02T21:27:08+00:00\",\"description\":\"Gabriella rasedate \u00f5mblustevabad retuusid on mugavad ja praktilised igap\u00e4evaseks kandmiseks. Vaata toodet Gabriella rasedate retuusid!\",\"breadcrumb\":{\"@id\":\"https:\\\/\\\/beebipai.ee\\\/product\\\/gabriella-rasedate-omblustevabad-retuusid\\\/#breadcrumb\"},\"inLanguage\":\"fi\",\"potentialAction\":[{\"@type\":\"ReadAction\",\"target\":[\"https:\\\/\\\/beebipai.ee\\\/product\\\/gabriella-rasedate-omblustevabad-retuusid\\\/\"]}]},{\"@type\":\"ImageObject\",\"inLanguage\":\"fi\",\"@id\":\"https:\\\/\\\/beebipai.ee\\\/product\\\/gabriella-rasedate-omblustevabad-retuusid\\\/#primaryimage\",\"url\":\"https:\\\/\\\/beebipai.ee\\\/wp-content\\\/uploads\\\/2023\\\/10\\\/Gabriella-rasedate-omblustevabad-retuusid-4-e1697785813180.jpg\",\"contentUrl\":\"https:\\\/\\\/beebipai.ee\\\/wp-content\\\/uploads\\\/2023\\\/10\\\/Gabriella-rasedate-omblustevabad-retuusid-4-e1697785813180.jpg\",\"width\":500,\"height\":750},{\"@type\":\"BreadcrumbList\",\"@id\":\"https:\\\/\\\/beebipai.ee\\\/product\\\/gabriella-rasedate-omblustevabad-retuusid\\\/#breadcrumb\",\"itemListElement\":[{\"@type\":\"ListItem\",\"position\":1,\"name\":\"Home\",\"item\":\"https:\\\/\\\/beebipai.ee\\\/\"},{\"@type\":\"ListItem\",\"position\":2,\"name\":\"Pood\",\"item\":\"https:\\\/\\\/beebipai.ee\\\/store\\\/\"},{\"@type\":\"ListItem\",\"position\":3,\"name\":\"Gabriella rasedate \u00f5mblustevabad retuusid\"}]},{\"@type\":\"WebSite\",\"@id\":\"https:\\\/\\\/beebipai.ee\\\/en\\\/#website\",\"url\":\"https:\\\/\\\/beebipai.ee\\\/en\\\/\",\"name\":\"Beebipai\",\"description\":\"Rasedate ja beebide veebipood\",\"potentialAction\":[{\"@type\":\"SearchAction\",\"target\":{\"@type\":\"EntryPoint\",\"urlTemplate\":\"https:\\\/\\\/beebipai.ee\\\/en\\\/?s={search_term_string}\"},\"query-input\":{\"@type\":\"PropertyValueSpecification\",\"valueRequired\":true,\"valueName\":\"search_term_string\"}}],\"inLanguage\":\"fi\"}]}<\/script>\n<!-- \/ Yoast SEO plugin. -->","yoast_head_json":{"title":"Gabriella rasedate \u00f5mblustevabad retuusid - Beebipai","description":"Gabriella rasedate \u00f5mblustevabad retuusid on mugavad ja praktilised igap\u00e4evaseks kandmiseks. Vaata toodet Gabriella rasedate retuusid!","robots":{"index":"index","follow":"follow","max-snippet":"max-snippet:-1","max-image-preview":"max-image-preview:large","max-video-preview":"max-video-preview:-1"},"canonical":"https:\/\/beebipai.ee\/fi\/product\/gabriella-rasedate-omblustevabad-retuusid\/","og_locale":"fi_FI","og_type":"article","og_title":"Gabriella rasedate \u00f5mblustevabad retuusid - Beebipai","og_description":"Gabriella rasedate \u00f5mblustevabad retuusid on mugavad ja praktilised igap\u00e4evaseks kandmiseks. Vaata toodet Gabriella rasedate retuusid!","og_url":"https:\/\/beebipai.ee\/fi\/product\/gabriella-rasedate-omblustevabad-retuusid\/","og_site_name":"Beebipai","article_modified_time":"2024-07-02T21:27:08+00:00","og_image":[{"width":500,"height":750,"url":"https:\/\/beebipai.ee\/wp-content\/uploads\/2023\/10\/Gabriella-rasedate-omblustevabad-retuusid-4-e1697785813180.jpg","type":"image\/jpeg"}],"twitter_card":"summary_large_image","schema":{"@context":"https:\/\/schema.org","@graph":[{"@type":"WebPage","@id":"https:\/\/beebipai.ee\/product\/gabriella-rasedate-omblustevabad-retuusid\/","url":"https:\/\/beebipai.ee\/product\/gabriella-rasedate-omblustevabad-retuusid\/","name":"Gabriella rasedate \u00f5mblustevabad retuusid - Beebipai","isPartOf":{"@id":"https:\/\/beebipai.ee\/en\/#website"},"primaryImageOfPage":{"@id":"https:\/\/beebipai.ee\/product\/gabriella-rasedate-omblustevabad-retuusid\/#primaryimage"},"image":{"@id":"https:\/\/beebipai.ee\/product\/gabriella-rasedate-omblustevabad-retuusid\/#primaryimage"},"thumbnailUrl":"https:\/\/beebipai.ee\/wp-content\/uploads\/2023\/10\/Gabriella-rasedate-omblustevabad-retuusid-4-e1697785813180.jpg","datePublished":"2023-10-20T07:12:11+00:00","dateModified":"2024-07-02T21:27:08+00:00","description":"Gabriella rasedate \u00f5mblustevabad retuusid on mugavad ja praktilised igap\u00e4evaseks kandmiseks. Vaata toodet Gabriella rasedate retuusid!","breadcrumb":{"@id":"https:\/\/beebipai.ee\/product\/gabriella-rasedate-omblustevabad-retuusid\/#breadcrumb"},"inLanguage":"fi","potentialAction":[{"@type":"ReadAction","target":["https:\/\/beebipai.ee\/product\/gabriella-rasedate-omblustevabad-retuusid\/"]}]},{"@type":"ImageObject","inLanguage":"fi","@id":"https:\/\/beebipai.ee\/product\/gabriella-rasedate-omblustevabad-retuusid\/#primaryimage","url":"https:\/\/beebipai.ee\/wp-content\/uploads\/2023\/10\/Gabriella-rasedate-omblustevabad-retuusid-4-e1697785813180.jpg","contentUrl":"https:\/\/beebipai.ee\/wp-content\/uploads\/2023\/10\/Gabriella-rasedate-omblustevabad-retuusid-4-e1697785813180.jpg","width":500,"height":750},{"@type":"BreadcrumbList","@id":"https:\/\/beebipai.ee\/product\/gabriella-rasedate-omblustevabad-retuusid\/#breadcrumb","itemListElement":[{"@type":"ListItem","position":1,"name":"Home","item":"https:\/\/beebipai.ee\/"},{"@type":"ListItem","position":2,"name":"Pood","item":"https:\/\/beebipai.ee\/store\/"},{"@type":"ListItem","position":3,"name":"Gabriella rasedate \u00f5mblustevabad retuusid"}]},{"@type":"WebSite","@id":"https:\/\/beebipai.ee\/en\/#website","url":"https:\/\/beebipai.ee\/en\/","name":"Beebipai","description":"Rasedate ja beebide veebipood","potentialAction":[{"@type":"SearchAction","target":{"@type":"EntryPoint","urlTemplate":"https:\/\/beebipai.ee\/en\/?s={search_term_string}"},"query-input":{"@type":"PropertyValueSpecification","valueRequired":true,"valueName":"search_term_string"}}],"inLanguage":"fi"}]}},"_links":{"self":[{"href":"https:\/\/beebipai.ee\/fi\/wp-json\/wp\/v2\/product\/9433","targetHints":{"allow":["GET"]}}],"collection":[{"href":"https:\/\/beebipai.ee\/fi\/wp-json\/wp\/v2\/product"}],"about":[{"href":"https:\/\/beebipai.ee\/fi\/wp-json\/wp\/v2\/types\/product"}],"version-history":[{"count":5,"href":"https:\/\/beebipai.ee\/fi\/wp-json\/wp\/v2\/product\/9433\/revisions"}],"predecessor-version":[{"id":9445,"href":"https:\/\/beebipai.ee\/fi\/wp-json\/wp\/v2\/product\/9433\/revisions\/9445"}],"wp:featuredmedia":[{"embeddable":true,"href":"https:\/\/beebipai.ee\/fi\/wp-json\/wp\/v2\/media\/9437"}],"wp:attachment":[{"href":"https:\/\/beebipai.ee\/fi\/wp-json\/wp\/v2\/media?parent=9433"}],"wp:term":[{"taxonomy":"product_brand","embeddable":true,"href":"https:\/\/beebipai.ee\/fi\/wp-json\/wp\/v2\/product_brand?post=9433"},{"taxonomy":"product_cat","embeddable":true,"href":"https:\/\/beebipai.ee\/fi\/wp-json\/wp\/v2\/product_cat?post=9433"},{"taxonomy":"product_tag","embeddable":true,"href":"https:\/\/beebipai.ee\/fi\/wp-json\/wp\/v2\/product_tag?post=9433"}],"curies":[{"name":"wp","href":"https:\/\/api.w.org\/{rel}","templated":true}]}}