{"id":9399,"date":"2023-10-14T12:35:48","date_gmt":"2023-10-14T09:35:48","guid":{"rendered":"https:\/\/www.beebipai.ee\/?post_type=product&#038;p=9399"},"modified":"2026-02-11T14:14:35","modified_gmt":"2026-02-11T12:14:35","slug":"faith-in-nature-looduslik-palsam-lavendli-ja-pelargoonioliga-400ml","status":"publish","type":"product","link":"https:\/\/beebipai.ee\/fi\/product\/faith-in-nature-looduslik-palsam-lavendli-ja-pelargoonioliga-400ml\/","title":{"rendered":"Faith in Nature looduslik palsam lavendli ja pelargooni\u00f5liga, 400ml"},"content":{"rendered":"<div data-elementor-type=\"wp-post\" data-elementor-id=\"9399\" class=\"elementor elementor-9399\">\n\t\t\t\t\t\t<section class=\"elementor-section elementor-top-section elementor-element elementor-element-c5be2d9 elementor-section-boxed elementor-section-height-default elementor-section-height-default\" data-id=\"c5be2d9\" data-element_type=\"section\" data-e-type=\"section\">\n\t\t\t\t\t\t<div class=\"elementor-container elementor-column-gap-default\">\n\t\t\t\t\t<div class=\"elementor-column elementor-col-50 elementor-top-column elementor-element elementor-element-07e7065\" data-id=\"07e7065\" data-element_type=\"column\" data-e-type=\"column\">\n\t\t\t<div class=\"elementor-widget-wrap elementor-element-populated\">\n\t\t\t\t\t\t<div class=\"elementor-element elementor-element-a42f422 elementor-widget elementor-widget-text-editor\" data-id=\"a42f422\" data-element_type=\"widget\" data-e-type=\"widget\" data-widget_type=\"text-editor.default\">\n\t\t\t\t<div class=\"elementor-widget-container\">\n\t\t\t\t\t\t\t\t\t<p>Raskauden aikana tapahtuvat muutokset vaikuttavat my\u00f6s hiusten terveyteen ja ulkon\u00e4k\u00f6\u00f6n, useimmiten raskauden aikana hiukset kiilt\u00e4v\u00e4t, n\u00e4ytt\u00e4v\u00e4t p\u00f6rr\u00f6isemmilt\u00e4 ja paksummilta. Naiset huomaavat v\u00e4hemm\u00e4n hiustenl\u00e4ht\u00f6\u00e4. Toisin kuin t\u00e4m\u00e4 kauneus, toisaalta on naisia, joiden hiukset muuttuvat hauraiksi, katkeavat nopeasti, kuivuvat ja p\u00f6rr\u00f6isiksi raskauden aikana. Estrogeenitason nousu naisen kehossa aiheuttaa n\u00e4it\u00e4 erilaisia \u200b\u200bkokemuksia.<\/p><p>Kuivien, p\u00f6rr\u00f6isten, katkeilevien, nopeasti rasvoittuvien hiusten kohdalla kannattaa kiinnitt\u00e4\u00e4 enemm\u00e4n huomiota raskaudenaikaiseen hiustenhoitoon ja k\u00e4ytt\u00e4\u00e4 hiusyst\u00e4v\u00e4llisimpi\u00e4 tuotteita. Hiustenhoitoainetta kannattaa ehdottomasti k\u00e4ytt\u00e4\u00e4 shampoon lis\u00e4ksi. Erityisesti kuiville ja hauraille hiuksille, sill\u00e4 harjaus voi rikkoa hiukset helpommin, jolloin hiukset n\u00e4ytt\u00e4v\u00e4t katkeilta ja tylsilt\u00e4.<\/p><p>Raskaustuotteiden tulee olla luonnollisia eiv\u00e4tk\u00e4 sis\u00e4ll\u00e4 parabeeneja, SLS:\u00e4\u00e4 (Sodium Lauryl Sulfate), bentsoyyliperoksidia, hydrokinonia, salisyylihappoa, tetrasykliini\u00e4 tai retinoideja.\u00a0\u00a0<\/p>\t\t\t\t\t\t\t\t<\/div>\n\t\t\t\t<\/div>\n\t\t\t\t\t<\/div>\n\t\t<\/div>\n\t\t\t\t<div class=\"elementor-column elementor-col-50 elementor-top-column elementor-element elementor-element-d5a5f04\" data-id=\"d5a5f04\" data-element_type=\"column\" data-e-type=\"column\">\n\t\t\t<div class=\"elementor-widget-wrap elementor-element-populated\">\n\t\t\t\t\t\t<div class=\"elementor-element elementor-element-64f7004 elementor-widget elementor-widget-image\" data-id=\"64f7004\" data-element_type=\"widget\" data-e-type=\"widget\" data-widget_type=\"image.default\">\n\t\t\t\t<div class=\"elementor-widget-container\">\n\t\t\t\t\t\t\t\t\t\t\t\t\t\t\t<img fetchpriority=\"high\" decoding=\"async\" width=\"480\" height=\"320\" src=\"https:\/\/beebipai.ee\/wp-content\/uploads\/2023\/10\/Faith-in-Nature-sampoon-lavendliga-1.webp\" class=\"attachment-large size-large wp-image-9407\" alt=\"\" srcset=\"https:\/\/beebipai.ee\/wp-content\/uploads\/2023\/10\/Faith-in-Nature-sampoon-lavendliga-1.webp 480w, https:\/\/beebipai.ee\/wp-content\/uploads\/2023\/10\/Faith-in-Nature-sampoon-lavendliga-1-300x200.webp 300w, https:\/\/beebipai.ee\/wp-content\/uploads\/2023\/10\/Faith-in-Nature-sampoon-lavendliga-1-18x12.webp 18w\" sizes=\"(max-width: 480px) 100vw, 480px\" \/>\t\t\t\t\t\t\t\t\t\t\t\t\t\t\t<\/div>\n\t\t\t\t<\/div>\n\t\t\t\t\t<\/div>\n\t\t<\/div>\n\t\t\t\t\t<\/div>\n\t\t<\/section>\n\t\t\t\t<section class=\"elementor-section elementor-top-section elementor-element elementor-element-e7bbbf4 elementor-section-boxed elementor-section-height-default elementor-section-height-default\" data-id=\"e7bbbf4\" data-element_type=\"section\" data-e-type=\"section\">\n\t\t\t\t\t\t<div class=\"elementor-container elementor-column-gap-default\">\n\t\t\t\t\t<div class=\"elementor-column elementor-col-50 elementor-top-column elementor-element elementor-element-f93cc57\" data-id=\"f93cc57\" data-element_type=\"column\" data-e-type=\"column\">\n\t\t\t<div class=\"elementor-widget-wrap elementor-element-populated\">\n\t\t\t\t\t\t<div class=\"elementor-element elementor-element-3f8b896 elementor-widget elementor-widget-text-editor\" data-id=\"3f8b896\" data-element_type=\"widget\" data-e-type=\"widget\" data-widget_type=\"text-editor.default\">\n\t\t\t\t<div class=\"elementor-widget-container\">\n\t\t\t\t\t\t\t\t\t<p>Faith in Nature looduslik juuksepalsam toidab juukseid \u00f5rnalt ja loomulikult. Lavendel ja pelargooni\u00f5li on v\u00e4ga toitvate ja rahustavate omadustega. Juuksed saavad intensiivselt toidetud ja niisutatud. See hoiab neid pikemalt tervete ja tugevatena. Parandab juba katkisi juuksed ja annab juustele uue hingamise. palsam j\u00e4tab juuksed m\u00f5nusalt pehmeks, kohevaks ja kergelt kammitavaks.\u00a0<\/p><p>P\u00e4rast \u0161ampooniga juuste pesemist kandke palsam r\u00e4tikuivadesse juustesse. Jaota \u00fchtlaselt, p\u00f6\u00f6ra eriti t\u00e4helepanu juuste otstele ning lase toimida 5 minutit. Loputa palsam korralikult juustest v\u00e4lja.\u00a0 Parima tulemuse saavutamiseks kasuta koos Faith in Nature loodusliku lavendli ja pelargooni\u00f5li sisaldava \u0161ampooniga. Silma sattumisel loputa koheselt puhta veega.\u00a0<\/p><p>Tuote ei sis\u00e4ll\u00e4 parabeeneja tai SLS-yhdisteit\u00e4. Hiustenhoitoaineen tuoksu tulee 100 % luonnollisista tuoksuista. Tuote sopii vegaaneille.\u00a0<\/p><p>Tuotepakkaukset on valmistettu kierr\u00e4tetyist\u00e4 materiaaleista, mik\u00e4 edist\u00e4\u00e4 ekologista jalanj\u00e4lke\u00e4.<\/p>\t\t\t\t\t\t\t\t<\/div>\n\t\t\t\t<\/div>\n\t\t\t\t\t<\/div>\n\t\t<\/div>\n\t\t\t\t<div class=\"elementor-column elementor-col-50 elementor-top-column elementor-element elementor-element-2de8207\" data-id=\"2de8207\" data-element_type=\"column\" data-e-type=\"column\">\n\t\t\t<div class=\"elementor-widget-wrap elementor-element-populated\">\n\t\t\t\t\t\t<div class=\"elementor-element elementor-element-f845967 elementor-widget elementor-widget-image\" data-id=\"f845967\" data-element_type=\"widget\" data-e-type=\"widget\" data-widget_type=\"image.default\">\n\t\t\t\t<div class=\"elementor-widget-container\">\n\t\t\t\t\t\t\t\t\t\t\t\t\t\t\t<img decoding=\"async\" width=\"400\" height=\"400\" src=\"https:\/\/beebipai.ee\/wp-content\/uploads\/2023\/10\/Faith-in-Natuire-palsam-lavendliga-2-e1697289552620.webp\" class=\"attachment-large size-large wp-image-9400\" alt=\"\" \/>\t\t\t\t\t\t\t\t\t\t\t\t\t\t\t<\/div>\n\t\t\t\t<\/div>\n\t\t\t\t\t<\/div>\n\t\t<\/div>\n\t\t\t\t\t<\/div>\n\t\t<\/section>\n\t\t\t\t<\/div>","protected":false},"excerpt":{"rendered":"<p>Faith in Nature looduslik palsam lavendli ja pelargooni\u00f5liga pakub juustele rikkalikult toitaineid. Lavendel ja pelargooni\u00f5li mitmek\u00fclgsete ja rikkalike omaduste poolest sobivad normaalsetele\/kuivadele\u00a0 juukset\u00fc\u00fcpidele.<\/p>\n<p>Sopii p\u00e4ivitt\u00e4iseen k\u00e4ytt\u00f6\u00f6n 3-vuotiaasta alkaen sek\u00e4 raskauden ja imetyksen aikana.<\/p>\n<p>99% ainesosista ovat luonnollisia, 100% biohajoavia<\/p>\n<p>Valmistettu Englannissa<\/p>","protected":false},"featured_media":9401,"template":"","meta":{"_monsterinsights_skip_tracking":false,"_monsterinsights_sitenote_active":false,"_monsterinsights_sitenote_note":"","_monsterinsights_sitenote_category":0,"site-sidebar-layout":"no-sidebar","site-content-layout":"page-builder","ast-site-content-layout":"full-width-container","site-content-style":"default","site-sidebar-style":"default","ast-global-header-display":"","ast-banner-title-visibility":"","ast-main-header-display":"","ast-hfb-above-header-display":"","ast-hfb-below-header-display":"","ast-hfb-mobile-header-display":"","site-post-title":"disabled","ast-breadcrumbs-content":"","ast-featured-img":"disabled","footer-sml-layout":"","ast-disable-related-posts":"","theme-transparent-header-meta":"default","adv-header-id-meta":"","stick-header-meta":"","header-above-stick-meta":"","header-main-stick-meta":"","header-below-stick-meta":"","astra-migrate-meta-layouts":"set","ast-page-background-enabled":"default","ast-page-background-meta":{"desktop":{"background-color":"","background-image":"","background-repeat":"repeat","background-position":"center center","background-size":"auto","background-attachment":"scroll","background-type":"","background-media":"","overlay-type":"","overlay-color":"","overlay-opacity":"","overlay-gradient":""},"tablet":{"background-color":"","background-image":"","background-repeat":"repeat","background-position":"center center","background-size":"auto","background-attachment":"scroll","background-type":"","background-media":"","overlay-type":"","overlay-color":"","overlay-opacity":"","overlay-gradient":""},"mobile":{"background-color":"","background-image":"","background-repeat":"repeat","background-position":"center center","background-size":"auto","background-attachment":"scroll","background-type":"","background-media":"","overlay-type":"","overlay-color":"","overlay-opacity":"","overlay-gradient":""}},"ast-content-background-meta":{"desktop":{"background-color":"var(--ast-global-color-5)","background-image":"","background-repeat":"repeat","background-position":"center center","background-size":"auto","background-attachment":"scroll","background-type":"","background-media":"","overlay-type":"","overlay-color":"","overlay-opacity":"","overlay-gradient":""},"tablet":{"background-color":"var(--ast-global-color-5)","background-image":"","background-repeat":"repeat","background-position":"center center","background-size":"auto","background-attachment":"scroll","background-type":"","background-media":"","overlay-type":"","overlay-color":"","overlay-opacity":"","overlay-gradient":""},"mobile":{"background-color":"var(--ast-global-color-5)","background-image":"","background-repeat":"repeat","background-position":"center center","background-size":"auto","background-attachment":"scroll","background-type":"","background-media":"","overlay-type":"","overlay-color":"","overlay-opacity":"","overlay-gradient":""}}},"product_brand":[],"product_cat":[112,22,100],"product_tag":[],"class_list":{"0":"post-9399","1":"product","2":"type-product","3":"status-publish","4":"has-post-thumbnail","6":"product_cat-dusigeelid-sampoonid-palsamid","7":"product_cat-emale","8":"product_cat-hooldus-emale","9":"desktop-align-left","10":"tablet-align-left","11":"mobile-align-left","13":"first","14":"instock","15":"sale","16":"taxable","17":"shipping-taxable","18":"purchasable","19":"product-type-simple"},"yoast_head":"<!-- This site is optimized with the Yoast SEO plugin v27.3 - https:\/\/yoast.com\/product\/yoast-seo-wordpress\/ -->\n<title>Faith in Nature looduslik palsam lavendli ja pelargooni\u00f5liga, 400ml - Beebipai<\/title>\n<meta name=\"description\" content=\"Faith in Nature looduslik palsam lavendli ja pelargooni\u00f5liga toidab juukseid rikkalikult. Vaata toodet Faith in Nature looduslik palsam lavendli ja pelargooni\u00f5liga!\" \/>\n<meta name=\"robots\" content=\"index, follow, max-snippet:-1, max-image-preview:large, max-video-preview:-1\" \/>\n<link rel=\"canonical\" href=\"https:\/\/beebipai.ee\/fi\/product\/faith-in-nature-looduslik-palsam-lavendli-ja-pelargoonioliga-400ml\/\" \/>\n<meta property=\"og:locale\" content=\"fi_FI\" \/>\n<meta property=\"og:type\" content=\"article\" \/>\n<meta property=\"og:title\" content=\"Faith in Nature looduslik palsam lavendli ja pelargooni\u00f5liga, 400ml - Beebipai\" \/>\n<meta property=\"og:description\" content=\"Faith in Nature looduslik palsam lavendli ja pelargooni\u00f5liga toidab juukseid rikkalikult. Vaata toodet Faith in Nature looduslik palsam lavendli ja pelargooni\u00f5liga!\" \/>\n<meta property=\"og:url\" content=\"https:\/\/beebipai.ee\/fi\/product\/faith-in-nature-looduslik-palsam-lavendli-ja-pelargoonioliga-400ml\/\" \/>\n<meta property=\"og:site_name\" content=\"Beebipai\" \/>\n<meta property=\"article:modified_time\" content=\"2026-02-11T12:14:35+00:00\" \/>\n<meta property=\"og:image\" content=\"https:\/\/beebipai.ee\/wp-content\/uploads\/2023\/10\/Faith-in-Nature-palsam-lavendliga-1-e1697276082712.jpg\" \/>\n\t<meta property=\"og:image:width\" content=\"500\" \/>\n\t<meta property=\"og:image:height\" content=\"500\" \/>\n\t<meta property=\"og:image:type\" content=\"image\/jpeg\" \/>\n<meta name=\"twitter:card\" content=\"summary_large_image\" \/>\n<meta name=\"twitter:label1\" content=\"Arvioitu lukuaika\" \/>\n\t<meta name=\"twitter:data1\" content=\"1 minuutti\" \/>\n<script type=\"application\/ld+json\" class=\"yoast-schema-graph\">{\"@context\":\"https:\\\/\\\/schema.org\",\"@graph\":[{\"@type\":\"WebPage\",\"@id\":\"https:\\\/\\\/beebipai.ee\\\/product\\\/faith-in-nature-looduslik-palsam-lavendli-ja-pelargoonioliga-400ml\\\/\",\"url\":\"https:\\\/\\\/beebipai.ee\\\/product\\\/faith-in-nature-looduslik-palsam-lavendli-ja-pelargoonioliga-400ml\\\/\",\"name\":\"Faith in Nature looduslik palsam lavendli ja pelargooni\u00f5liga, 400ml - Beebipai\",\"isPartOf\":{\"@id\":\"https:\\\/\\\/beebipai.ee\\\/en\\\/#website\"},\"primaryImageOfPage\":{\"@id\":\"https:\\\/\\\/beebipai.ee\\\/product\\\/faith-in-nature-looduslik-palsam-lavendli-ja-pelargoonioliga-400ml\\\/#primaryimage\"},\"image\":{\"@id\":\"https:\\\/\\\/beebipai.ee\\\/product\\\/faith-in-nature-looduslik-palsam-lavendli-ja-pelargoonioliga-400ml\\\/#primaryimage\"},\"thumbnailUrl\":\"https:\\\/\\\/beebipai.ee\\\/wp-content\\\/uploads\\\/2023\\\/10\\\/Faith-in-Nature-palsam-lavendliga-1-e1697276082712.jpg\",\"datePublished\":\"2023-10-14T09:35:48+00:00\",\"dateModified\":\"2026-02-11T12:14:35+00:00\",\"description\":\"Faith in Nature looduslik palsam lavendli ja pelargooni\u00f5liga toidab juukseid rikkalikult. Vaata toodet Faith in Nature looduslik palsam lavendli ja pelargooni\u00f5liga!\",\"breadcrumb\":{\"@id\":\"https:\\\/\\\/beebipai.ee\\\/product\\\/faith-in-nature-looduslik-palsam-lavendli-ja-pelargoonioliga-400ml\\\/#breadcrumb\"},\"inLanguage\":\"fi\",\"potentialAction\":[{\"@type\":\"ReadAction\",\"target\":[\"https:\\\/\\\/beebipai.ee\\\/product\\\/faith-in-nature-looduslik-palsam-lavendli-ja-pelargoonioliga-400ml\\\/\"]}]},{\"@type\":\"ImageObject\",\"inLanguage\":\"fi\",\"@id\":\"https:\\\/\\\/beebipai.ee\\\/product\\\/faith-in-nature-looduslik-palsam-lavendli-ja-pelargoonioliga-400ml\\\/#primaryimage\",\"url\":\"https:\\\/\\\/beebipai.ee\\\/wp-content\\\/uploads\\\/2023\\\/10\\\/Faith-in-Nature-palsam-lavendliga-1-e1697276082712.jpg\",\"contentUrl\":\"https:\\\/\\\/beebipai.ee\\\/wp-content\\\/uploads\\\/2023\\\/10\\\/Faith-in-Nature-palsam-lavendliga-1-e1697276082712.jpg\",\"width\":500,\"height\":500},{\"@type\":\"BreadcrumbList\",\"@id\":\"https:\\\/\\\/beebipai.ee\\\/product\\\/faith-in-nature-looduslik-palsam-lavendli-ja-pelargoonioliga-400ml\\\/#breadcrumb\",\"itemListElement\":[{\"@type\":\"ListItem\",\"position\":1,\"name\":\"Home\",\"item\":\"https:\\\/\\\/beebipai.ee\\\/\"},{\"@type\":\"ListItem\",\"position\":2,\"name\":\"Pood\",\"item\":\"https:\\\/\\\/beebipai.ee\\\/store\\\/\"},{\"@type\":\"ListItem\",\"position\":3,\"name\":\"Faith in Nature looduslik palsam lavendli ja pelargooni\u00f5liga, 400ml\"}]},{\"@type\":\"WebSite\",\"@id\":\"https:\\\/\\\/beebipai.ee\\\/en\\\/#website\",\"url\":\"https:\\\/\\\/beebipai.ee\\\/en\\\/\",\"name\":\"Beebipai\",\"description\":\"Rasedate ja beebide veebipood\",\"potentialAction\":[{\"@type\":\"SearchAction\",\"target\":{\"@type\":\"EntryPoint\",\"urlTemplate\":\"https:\\\/\\\/beebipai.ee\\\/en\\\/?s={search_term_string}\"},\"query-input\":{\"@type\":\"PropertyValueSpecification\",\"valueRequired\":true,\"valueName\":\"search_term_string\"}}],\"inLanguage\":\"fi\"}]}<\/script>\n<!-- \/ Yoast SEO plugin. -->","yoast_head_json":{"title":"Faith in Nature looduslik palsam lavendli ja pelargooni\u00f5liga, 400ml - Beebipai","description":"Faith in Nature looduslik palsam lavendli ja pelargooni\u00f5liga toidab juukseid rikkalikult. Vaata toodet Faith in Nature looduslik palsam lavendli ja pelargooni\u00f5liga!","robots":{"index":"index","follow":"follow","max-snippet":"max-snippet:-1","max-image-preview":"max-image-preview:large","max-video-preview":"max-video-preview:-1"},"canonical":"https:\/\/beebipai.ee\/fi\/product\/faith-in-nature-looduslik-palsam-lavendli-ja-pelargoonioliga-400ml\/","og_locale":"fi_FI","og_type":"article","og_title":"Faith in Nature looduslik palsam lavendli ja pelargooni\u00f5liga, 400ml - Beebipai","og_description":"Faith in Nature looduslik palsam lavendli ja pelargooni\u00f5liga toidab juukseid rikkalikult. Vaata toodet Faith in Nature looduslik palsam lavendli ja pelargooni\u00f5liga!","og_url":"https:\/\/beebipai.ee\/fi\/product\/faith-in-nature-looduslik-palsam-lavendli-ja-pelargoonioliga-400ml\/","og_site_name":"Beebipai","article_modified_time":"2026-02-11T12:14:35+00:00","og_image":[{"width":500,"height":500,"url":"https:\/\/beebipai.ee\/wp-content\/uploads\/2023\/10\/Faith-in-Nature-palsam-lavendliga-1-e1697276082712.jpg","type":"image\/jpeg"}],"twitter_card":"summary_large_image","twitter_misc":{"Arvioitu lukuaika":"1 minuutti"},"schema":{"@context":"https:\/\/schema.org","@graph":[{"@type":"WebPage","@id":"https:\/\/beebipai.ee\/product\/faith-in-nature-looduslik-palsam-lavendli-ja-pelargoonioliga-400ml\/","url":"https:\/\/beebipai.ee\/product\/faith-in-nature-looduslik-palsam-lavendli-ja-pelargoonioliga-400ml\/","name":"Faith in Nature looduslik palsam lavendli ja pelargooni\u00f5liga, 400ml - Beebipai","isPartOf":{"@id":"https:\/\/beebipai.ee\/en\/#website"},"primaryImageOfPage":{"@id":"https:\/\/beebipai.ee\/product\/faith-in-nature-looduslik-palsam-lavendli-ja-pelargoonioliga-400ml\/#primaryimage"},"image":{"@id":"https:\/\/beebipai.ee\/product\/faith-in-nature-looduslik-palsam-lavendli-ja-pelargoonioliga-400ml\/#primaryimage"},"thumbnailUrl":"https:\/\/beebipai.ee\/wp-content\/uploads\/2023\/10\/Faith-in-Nature-palsam-lavendliga-1-e1697276082712.jpg","datePublished":"2023-10-14T09:35:48+00:00","dateModified":"2026-02-11T12:14:35+00:00","description":"Faith in Nature looduslik palsam lavendli ja pelargooni\u00f5liga toidab juukseid rikkalikult. Vaata toodet Faith in Nature looduslik palsam lavendli ja pelargooni\u00f5liga!","breadcrumb":{"@id":"https:\/\/beebipai.ee\/product\/faith-in-nature-looduslik-palsam-lavendli-ja-pelargoonioliga-400ml\/#breadcrumb"},"inLanguage":"fi","potentialAction":[{"@type":"ReadAction","target":["https:\/\/beebipai.ee\/product\/faith-in-nature-looduslik-palsam-lavendli-ja-pelargoonioliga-400ml\/"]}]},{"@type":"ImageObject","inLanguage":"fi","@id":"https:\/\/beebipai.ee\/product\/faith-in-nature-looduslik-palsam-lavendli-ja-pelargoonioliga-400ml\/#primaryimage","url":"https:\/\/beebipai.ee\/wp-content\/uploads\/2023\/10\/Faith-in-Nature-palsam-lavendliga-1-e1697276082712.jpg","contentUrl":"https:\/\/beebipai.ee\/wp-content\/uploads\/2023\/10\/Faith-in-Nature-palsam-lavendliga-1-e1697276082712.jpg","width":500,"height":500},{"@type":"BreadcrumbList","@id":"https:\/\/beebipai.ee\/product\/faith-in-nature-looduslik-palsam-lavendli-ja-pelargoonioliga-400ml\/#breadcrumb","itemListElement":[{"@type":"ListItem","position":1,"name":"Home","item":"https:\/\/beebipai.ee\/"},{"@type":"ListItem","position":2,"name":"Pood","item":"https:\/\/beebipai.ee\/store\/"},{"@type":"ListItem","position":3,"name":"Faith in Nature looduslik palsam lavendli ja pelargooni\u00f5liga, 400ml"}]},{"@type":"WebSite","@id":"https:\/\/beebipai.ee\/en\/#website","url":"https:\/\/beebipai.ee\/en\/","name":"Beebipai","description":"Rasedate ja beebide veebipood","potentialAction":[{"@type":"SearchAction","target":{"@type":"EntryPoint","urlTemplate":"https:\/\/beebipai.ee\/en\/?s={search_term_string}"},"query-input":{"@type":"PropertyValueSpecification","valueRequired":true,"valueName":"search_term_string"}}],"inLanguage":"fi"}]}},"_links":{"self":[{"href":"https:\/\/beebipai.ee\/fi\/wp-json\/wp\/v2\/product\/9399","targetHints":{"allow":["GET"]}}],"collection":[{"href":"https:\/\/beebipai.ee\/fi\/wp-json\/wp\/v2\/product"}],"about":[{"href":"https:\/\/beebipai.ee\/fi\/wp-json\/wp\/v2\/types\/product"}],"version-history":[{"count":5,"href":"https:\/\/beebipai.ee\/fi\/wp-json\/wp\/v2\/product\/9399\/revisions"}],"predecessor-version":[{"id":9412,"href":"https:\/\/beebipai.ee\/fi\/wp-json\/wp\/v2\/product\/9399\/revisions\/9412"}],"wp:featuredmedia":[{"embeddable":true,"href":"https:\/\/beebipai.ee\/fi\/wp-json\/wp\/v2\/media\/9401"}],"wp:attachment":[{"href":"https:\/\/beebipai.ee\/fi\/wp-json\/wp\/v2\/media?parent=9399"}],"wp:term":[{"taxonomy":"product_brand","embeddable":true,"href":"https:\/\/beebipai.ee\/fi\/wp-json\/wp\/v2\/product_brand?post=9399"},{"taxonomy":"product_cat","embeddable":true,"href":"https:\/\/beebipai.ee\/fi\/wp-json\/wp\/v2\/product_cat?post=9399"},{"taxonomy":"product_tag","embeddable":true,"href":"https:\/\/beebipai.ee\/fi\/wp-json\/wp\/v2\/product_tag?post=9399"}],"curies":[{"name":"wp","href":"https:\/\/api.w.org\/{rel}","templated":true}]}}