{"id":9239,"date":"2023-10-06T17:14:26","date_gmt":"2023-10-06T14:14:26","guid":{"rendered":"https:\/\/beebipai.ee\/?post_type=product&#038;p=9239"},"modified":"2025-12-08T15:26:26","modified_gmt":"2025-12-08T13:26:26","slug":"kikkaboo-rinnapiima-koguja-2tk-pakis","status":"publish","type":"product","link":"https:\/\/beebipai.ee\/fi\/product\/kikkaboo-rinnapiima-koguja-2tk-pakis\/","title":{"rendered":"Kikkaboo rintamaidonker\u00e4\u00e4j\u00e4, 2 kpl pakkauksessa"},"content":{"rendered":"<div data-elementor-type=\"wp-post\" data-elementor-id=\"9239\" class=\"elementor elementor-9239\">\n\t\t\t\t\t\t<section class=\"elementor-section elementor-top-section elementor-element elementor-element-a320225 elementor-section-boxed elementor-section-height-default elementor-section-height-default\" data-id=\"a320225\" data-element_type=\"section\" data-e-type=\"section\">\n\t\t\t\t\t\t<div class=\"elementor-container elementor-column-gap-default\">\n\t\t\t\t\t<div class=\"elementor-column elementor-col-50 elementor-top-column elementor-element elementor-element-89b4549\" data-id=\"89b4549\" data-element_type=\"column\" data-e-type=\"column\">\n\t\t\t<div class=\"elementor-widget-wrap elementor-element-populated\">\n\t\t\t\t\t\t<div class=\"elementor-element elementor-element-d28a8a9 elementor-widget elementor-widget-heading\" data-id=\"d28a8a9\" data-element_type=\"widget\" data-e-type=\"widget\" data-widget_type=\"heading.default\">\n\t\t\t\t<div class=\"elementor-widget-container\">\n\t\t\t\t\t<h2 class=\"elementor-heading-title elementor-size-default\">Kikkaboo rintamaidon ker\u00e4\u00e4j\u00e4<\/h2>\t\t\t\t<\/div>\n\t\t\t\t<\/div>\n\t\t\t\t<div class=\"elementor-element elementor-element-2a0526e elementor-widget elementor-widget-text-editor\" data-id=\"2a0526e\" data-element_type=\"widget\" data-e-type=\"widget\" data-widget_type=\"text-editor.default\">\n\t\t\t\t<div class=\"elementor-widget-container\">\n\t\t\t\t\t\t\t\t\t<p>Imett\u00e4v\u00e4 \u00e4iti kokee usein maidon vuotamisen rinnasta. Varsinkin jos vauva sy\u00f6 rinnasta tai rinnat ovat hyvin t\u00e4ynn\u00e4. Ternimaidon vuoto voi johtua my\u00f6s l\u00e4mp\u00f6tilan muutoksesta ja vauvan itkun kuulemisesta.\u00a0<\/p><p>Mukavat ja huomaamattomat rintamaidonker\u00e4\u00e4j\u00e4t on helppo kiinnitt\u00e4\u00e4 rintaan. Liukumattomat rintamaidonker\u00e4\u00e4j\u00e4t pysyv\u00e4t tiukasti paikoillaan ja ker\u00e4\u00e4v\u00e4t vuotavan maidon. Pienet, kevyet ja huomaamattomat tekev\u00e4t niist\u00e4 mukavia k\u00e4ytt\u00e4\u00e4.\u00a0<\/p><p>Korkealaatuinen silikoni- ja BPA-vapaa materiaali on turvallista imett\u00e4ville \u00e4ideille. Uudelleenk\u00e4ytett\u00e4v\u00e4 ja helppo puhdistaa.\u00a0<\/p><p>Mahtuu 30 ml maitoa.<\/p>\t\t\t\t\t\t\t\t<\/div>\n\t\t\t\t<\/div>\n\t\t\t\t\t<\/div>\n\t\t<\/div>\n\t\t\t\t<div class=\"elementor-column elementor-col-50 elementor-top-column elementor-element elementor-element-eadb4d9\" data-id=\"eadb4d9\" data-element_type=\"column\" data-e-type=\"column\">\n\t\t\t<div class=\"elementor-widget-wrap elementor-element-populated\">\n\t\t\t\t\t\t<div class=\"elementor-element elementor-element-746994e elementor-widget elementor-widget-image\" data-id=\"746994e\" data-element_type=\"widget\" data-e-type=\"widget\" data-widget_type=\"image.default\">\n\t\t\t\t<div class=\"elementor-widget-container\">\n\t\t\t\t\t\t\t\t\t\t\t\t\t\t\t<img fetchpriority=\"high\" decoding=\"async\" width=\"522\" height=\"522\" src=\"https:\/\/beebipai.ee\/wp-content\/uploads\/2023\/10\/Kikkaboo-rinnapiima-koguja-3.jpg\" class=\"attachment-large size-large wp-image-9241\" alt=\"\" srcset=\"https:\/\/beebipai.ee\/wp-content\/uploads\/2023\/10\/Kikkaboo-rinnapiima-koguja-3.jpg 522w, https:\/\/beebipai.ee\/wp-content\/uploads\/2023\/10\/Kikkaboo-rinnapiima-koguja-3-300x300.jpg 300w, https:\/\/beebipai.ee\/wp-content\/uploads\/2023\/10\/Kikkaboo-rinnapiima-koguja-3-150x150.jpg 150w, https:\/\/beebipai.ee\/wp-content\/uploads\/2023\/10\/Kikkaboo-rinnapiima-koguja-3-12x12.jpg 12w, https:\/\/beebipai.ee\/wp-content\/uploads\/2023\/10\/Kikkaboo-rinnapiima-koguja-3-100x100.jpg 100w\" sizes=\"(max-width: 522px) 100vw, 522px\" \/>\t\t\t\t\t\t\t\t\t\t\t\t\t\t\t<\/div>\n\t\t\t\t<\/div>\n\t\t\t\t\t<\/div>\n\t\t<\/div>\n\t\t\t\t\t<\/div>\n\t\t<\/section>\n\t\t\t\t<\/div>","protected":false},"excerpt":{"rendered":"<p>K\u00e4tev\u00e4t ja huomaamattomat rintamaidonker\u00e4\u00e4j\u00e4t auttavat ker\u00e4\u00e4m\u00e4\u00e4n vuotavan rintamaidon.<\/p>","protected":false},"featured_media":9243,"template":"","meta":{"_monsterinsights_skip_tracking":false,"_monsterinsights_sitenote_active":false,"_monsterinsights_sitenote_note":"","_monsterinsights_sitenote_category":0,"site-sidebar-layout":"no-sidebar","site-content-layout":"page-builder","ast-site-content-layout":"full-width-container","site-content-style":"default","site-sidebar-style":"default","ast-global-header-display":"","ast-banner-title-visibility":"","ast-main-header-display":"","ast-hfb-above-header-display":"","ast-hfb-below-header-display":"","ast-hfb-mobile-header-display":"","site-post-title":"disabled","ast-breadcrumbs-content":"","ast-featured-img":"disabled","footer-sml-layout":"","ast-disable-related-posts":"","theme-transparent-header-meta":"default","adv-header-id-meta":"","stick-header-meta":"","header-above-stick-meta":"","header-main-stick-meta":"","header-below-stick-meta":"","astra-migrate-meta-layouts":"set","ast-page-background-enabled":"default","ast-page-background-meta":{"desktop":{"background-color":"","background-image":"","background-repeat":"repeat","background-position":"center center","background-size":"auto","background-attachment":"scroll","background-type":"","background-media":"","overlay-type":"","overlay-color":"","overlay-opacity":"","overlay-gradient":""},"tablet":{"background-color":"","background-image":"","background-repeat":"repeat","background-position":"center center","background-size":"auto","background-attachment":"scroll","background-type":"","background-media":"","overlay-type":"","overlay-color":"","overlay-opacity":"","overlay-gradient":""},"mobile":{"background-color":"","background-image":"","background-repeat":"repeat","background-position":"center center","background-size":"auto","background-attachment":"scroll","background-type":"","background-media":"","overlay-type":"","overlay-color":"","overlay-opacity":"","overlay-gradient":""}},"ast-content-background-meta":{"desktop":{"background-color":"var(--ast-global-color-5)","background-image":"","background-repeat":"repeat","background-position":"center center","background-size":"auto","background-attachment":"scroll","background-type":"","background-media":"","overlay-type":"","overlay-color":"","overlay-opacity":"","overlay-gradient":""},"tablet":{"background-color":"var(--ast-global-color-5)","background-image":"","background-repeat":"repeat","background-position":"center center","background-size":"auto","background-attachment":"scroll","background-type":"","background-media":"","overlay-type":"","overlay-color":"","overlay-opacity":"","overlay-gradient":""},"mobile":{"background-color":"var(--ast-global-color-5)","background-image":"","background-repeat":"repeat","background-position":"center center","background-size":"auto","background-attachment":"scroll","background-type":"","background-media":"","overlay-type":"","overlay-color":"","overlay-opacity":"","overlay-gradient":""}}},"product_brand":[],"product_cat":[22,103],"product_tag":[163,164],"class_list":{"0":"post-9239","1":"product","2":"type-product","3":"status-publish","4":"has-post-thumbnail","6":"product_cat-emale","7":"product_cat-imetamine","8":"product_tag-rinnaga-toitvale-emale","9":"product_tag-rinnapiima-koguja","10":"desktop-align-left","11":"tablet-align-left","12":"mobile-align-left","14":"first","15":"outofstock","16":"taxable","17":"shipping-taxable","18":"purchasable","19":"product-type-simple"},"yoast_head":"<!-- This site is optimized with the Yoast SEO plugin v27.3 - https:\/\/yoast.com\/product\/yoast-seo-wordpress\/ -->\n<title>Kikkaboo rinnapiima koguja, 2tk pakis - Beebipai<\/title>\n<meta name=\"description\" content=\"Mugavad ja diskreetsed rinnapiima kogujad aitavad lekkiva rinnapiima kokku koguda. Vaata toodet Kikkaboo rinnapiima koguja!\" \/>\n<meta name=\"robots\" content=\"index, follow, max-snippet:-1, max-image-preview:large, max-video-preview:-1\" \/>\n<link rel=\"canonical\" href=\"https:\/\/beebipai.ee\/fi\/product\/kikkaboo-rinnapiima-koguja-2tk-pakis\/\" \/>\n<meta property=\"og:locale\" content=\"fi_FI\" \/>\n<meta property=\"og:type\" content=\"article\" \/>\n<meta property=\"og:title\" content=\"Kikkaboo rinnapiima koguja, 2tk pakis - Beebipai\" \/>\n<meta property=\"og:description\" content=\"Mugavad ja diskreetsed rinnapiima kogujad aitavad lekkiva rinnapiima kokku koguda. Vaata toodet Kikkaboo rinnapiima koguja!\" \/>\n<meta property=\"og:url\" content=\"https:\/\/beebipai.ee\/fi\/product\/kikkaboo-rinnapiima-koguja-2tk-pakis\/\" \/>\n<meta property=\"og:site_name\" content=\"Beebipai\" \/>\n<meta property=\"article:modified_time\" content=\"2025-12-08T13:26:26+00:00\" \/>\n<meta property=\"og:image\" content=\"https:\/\/beebipai.ee\/wp-content\/uploads\/2023\/10\/Kikkaboo-rinnapiima-koguja.jpg\" \/>\n\t<meta property=\"og:image:width\" content=\"522\" \/>\n\t<meta property=\"og:image:height\" content=\"522\" \/>\n\t<meta property=\"og:image:type\" content=\"image\/jpeg\" \/>\n<meta name=\"twitter:card\" content=\"summary_large_image\" \/>\n<script type=\"application\/ld+json\" class=\"yoast-schema-graph\">{\"@context\":\"https:\\\/\\\/schema.org\",\"@graph\":[{\"@type\":\"WebPage\",\"@id\":\"https:\\\/\\\/beebipai.ee\\\/product\\\/kikkaboo-rinnapiima-koguja-2tk-pakis\\\/\",\"url\":\"https:\\\/\\\/beebipai.ee\\\/product\\\/kikkaboo-rinnapiima-koguja-2tk-pakis\\\/\",\"name\":\"Kikkaboo rinnapiima koguja, 2tk pakis - Beebipai\",\"isPartOf\":{\"@id\":\"https:\\\/\\\/beebipai.ee\\\/en\\\/#website\"},\"primaryImageOfPage\":{\"@id\":\"https:\\\/\\\/beebipai.ee\\\/product\\\/kikkaboo-rinnapiima-koguja-2tk-pakis\\\/#primaryimage\"},\"image\":{\"@id\":\"https:\\\/\\\/beebipai.ee\\\/product\\\/kikkaboo-rinnapiima-koguja-2tk-pakis\\\/#primaryimage\"},\"thumbnailUrl\":\"https:\\\/\\\/beebipai.ee\\\/wp-content\\\/uploads\\\/2023\\\/10\\\/Kikkaboo-rinnapiima-koguja.jpg\",\"datePublished\":\"2023-10-06T14:14:26+00:00\",\"dateModified\":\"2025-12-08T13:26:26+00:00\",\"description\":\"Mugavad ja diskreetsed rinnapiima kogujad aitavad lekkiva rinnapiima kokku koguda. Vaata toodet Kikkaboo rinnapiima koguja!\",\"breadcrumb\":{\"@id\":\"https:\\\/\\\/beebipai.ee\\\/product\\\/kikkaboo-rinnapiima-koguja-2tk-pakis\\\/#breadcrumb\"},\"inLanguage\":\"fi\",\"potentialAction\":[{\"@type\":\"ReadAction\",\"target\":[\"https:\\\/\\\/beebipai.ee\\\/product\\\/kikkaboo-rinnapiima-koguja-2tk-pakis\\\/\"]}]},{\"@type\":\"ImageObject\",\"inLanguage\":\"fi\",\"@id\":\"https:\\\/\\\/beebipai.ee\\\/product\\\/kikkaboo-rinnapiima-koguja-2tk-pakis\\\/#primaryimage\",\"url\":\"https:\\\/\\\/beebipai.ee\\\/wp-content\\\/uploads\\\/2023\\\/10\\\/Kikkaboo-rinnapiima-koguja.jpg\",\"contentUrl\":\"https:\\\/\\\/beebipai.ee\\\/wp-content\\\/uploads\\\/2023\\\/10\\\/Kikkaboo-rinnapiima-koguja.jpg\",\"width\":522,\"height\":522},{\"@type\":\"BreadcrumbList\",\"@id\":\"https:\\\/\\\/beebipai.ee\\\/product\\\/kikkaboo-rinnapiima-koguja-2tk-pakis\\\/#breadcrumb\",\"itemListElement\":[{\"@type\":\"ListItem\",\"position\":1,\"name\":\"Home\",\"item\":\"https:\\\/\\\/beebipai.ee\\\/\"},{\"@type\":\"ListItem\",\"position\":2,\"name\":\"Pood\",\"item\":\"https:\\\/\\\/beebipai.ee\\\/store\\\/\"},{\"@type\":\"ListItem\",\"position\":3,\"name\":\"Kikkaboo rinnapiima koguja, 2tk pakis\"}]},{\"@type\":\"WebSite\",\"@id\":\"https:\\\/\\\/beebipai.ee\\\/en\\\/#website\",\"url\":\"https:\\\/\\\/beebipai.ee\\\/en\\\/\",\"name\":\"Beebipai\",\"description\":\"Rasedate ja beebide veebipood\",\"potentialAction\":[{\"@type\":\"SearchAction\",\"target\":{\"@type\":\"EntryPoint\",\"urlTemplate\":\"https:\\\/\\\/beebipai.ee\\\/en\\\/?s={search_term_string}\"},\"query-input\":{\"@type\":\"PropertyValueSpecification\",\"valueRequired\":true,\"valueName\":\"search_term_string\"}}],\"inLanguage\":\"fi\"}]}<\/script>\n<!-- \/ Yoast SEO plugin. -->","yoast_head_json":{"title":"Kikkaboo rinnapiima koguja, 2tk pakis - Beebipai","description":"Mugavad ja diskreetsed rinnapiima kogujad aitavad lekkiva rinnapiima kokku koguda. Vaata toodet Kikkaboo rinnapiima koguja!","robots":{"index":"index","follow":"follow","max-snippet":"max-snippet:-1","max-image-preview":"max-image-preview:large","max-video-preview":"max-video-preview:-1"},"canonical":"https:\/\/beebipai.ee\/fi\/product\/kikkaboo-rinnapiima-koguja-2tk-pakis\/","og_locale":"fi_FI","og_type":"article","og_title":"Kikkaboo rinnapiima koguja, 2tk pakis - Beebipai","og_description":"Mugavad ja diskreetsed rinnapiima kogujad aitavad lekkiva rinnapiima kokku koguda. Vaata toodet Kikkaboo rinnapiima koguja!","og_url":"https:\/\/beebipai.ee\/fi\/product\/kikkaboo-rinnapiima-koguja-2tk-pakis\/","og_site_name":"Beebipai","article_modified_time":"2025-12-08T13:26:26+00:00","og_image":[{"width":522,"height":522,"url":"https:\/\/beebipai.ee\/wp-content\/uploads\/2023\/10\/Kikkaboo-rinnapiima-koguja.jpg","type":"image\/jpeg"}],"twitter_card":"summary_large_image","schema":{"@context":"https:\/\/schema.org","@graph":[{"@type":"WebPage","@id":"https:\/\/beebipai.ee\/product\/kikkaboo-rinnapiima-koguja-2tk-pakis\/","url":"https:\/\/beebipai.ee\/product\/kikkaboo-rinnapiima-koguja-2tk-pakis\/","name":"Kikkaboo rinnapiima koguja, 2tk pakis - Beebipai","isPartOf":{"@id":"https:\/\/beebipai.ee\/en\/#website"},"primaryImageOfPage":{"@id":"https:\/\/beebipai.ee\/product\/kikkaboo-rinnapiima-koguja-2tk-pakis\/#primaryimage"},"image":{"@id":"https:\/\/beebipai.ee\/product\/kikkaboo-rinnapiima-koguja-2tk-pakis\/#primaryimage"},"thumbnailUrl":"https:\/\/beebipai.ee\/wp-content\/uploads\/2023\/10\/Kikkaboo-rinnapiima-koguja.jpg","datePublished":"2023-10-06T14:14:26+00:00","dateModified":"2025-12-08T13:26:26+00:00","description":"Mugavad ja diskreetsed rinnapiima kogujad aitavad lekkiva rinnapiima kokku koguda. Vaata toodet Kikkaboo rinnapiima koguja!","breadcrumb":{"@id":"https:\/\/beebipai.ee\/product\/kikkaboo-rinnapiima-koguja-2tk-pakis\/#breadcrumb"},"inLanguage":"fi","potentialAction":[{"@type":"ReadAction","target":["https:\/\/beebipai.ee\/product\/kikkaboo-rinnapiima-koguja-2tk-pakis\/"]}]},{"@type":"ImageObject","inLanguage":"fi","@id":"https:\/\/beebipai.ee\/product\/kikkaboo-rinnapiima-koguja-2tk-pakis\/#primaryimage","url":"https:\/\/beebipai.ee\/wp-content\/uploads\/2023\/10\/Kikkaboo-rinnapiima-koguja.jpg","contentUrl":"https:\/\/beebipai.ee\/wp-content\/uploads\/2023\/10\/Kikkaboo-rinnapiima-koguja.jpg","width":522,"height":522},{"@type":"BreadcrumbList","@id":"https:\/\/beebipai.ee\/product\/kikkaboo-rinnapiima-koguja-2tk-pakis\/#breadcrumb","itemListElement":[{"@type":"ListItem","position":1,"name":"Home","item":"https:\/\/beebipai.ee\/"},{"@type":"ListItem","position":2,"name":"Pood","item":"https:\/\/beebipai.ee\/store\/"},{"@type":"ListItem","position":3,"name":"Kikkaboo rinnapiima koguja, 2tk pakis"}]},{"@type":"WebSite","@id":"https:\/\/beebipai.ee\/en\/#website","url":"https:\/\/beebipai.ee\/en\/","name":"Beebipai","description":"Rasedate ja beebide veebipood","potentialAction":[{"@type":"SearchAction","target":{"@type":"EntryPoint","urlTemplate":"https:\/\/beebipai.ee\/en\/?s={search_term_string}"},"query-input":{"@type":"PropertyValueSpecification","valueRequired":true,"valueName":"search_term_string"}}],"inLanguage":"fi"}]}},"_links":{"self":[{"href":"https:\/\/beebipai.ee\/fi\/wp-json\/wp\/v2\/product\/9239","targetHints":{"allow":["GET"]}}],"collection":[{"href":"https:\/\/beebipai.ee\/fi\/wp-json\/wp\/v2\/product"}],"about":[{"href":"https:\/\/beebipai.ee\/fi\/wp-json\/wp\/v2\/types\/product"}],"version-history":[{"count":5,"href":"https:\/\/beebipai.ee\/fi\/wp-json\/wp\/v2\/product\/9239\/revisions"}],"predecessor-version":[{"id":11259,"href":"https:\/\/beebipai.ee\/fi\/wp-json\/wp\/v2\/product\/9239\/revisions\/11259"}],"wp:featuredmedia":[{"embeddable":true,"href":"https:\/\/beebipai.ee\/fi\/wp-json\/wp\/v2\/media\/9243"}],"wp:attachment":[{"href":"https:\/\/beebipai.ee\/fi\/wp-json\/wp\/v2\/media?parent=9239"}],"wp:term":[{"taxonomy":"product_brand","embeddable":true,"href":"https:\/\/beebipai.ee\/fi\/wp-json\/wp\/v2\/product_brand?post=9239"},{"taxonomy":"product_cat","embeddable":true,"href":"https:\/\/beebipai.ee\/fi\/wp-json\/wp\/v2\/product_cat?post=9239"},{"taxonomy":"product_tag","embeddable":true,"href":"https:\/\/beebipai.ee\/fi\/wp-json\/wp\/v2\/product_tag?post=9239"}],"curies":[{"name":"wp","href":"https:\/\/api.w.org\/{rel}","templated":true}]}}