{"id":9211,"date":"2023-10-06T10:31:23","date_gmt":"2023-10-06T07:31:23","guid":{"rendered":"https:\/\/beebipai.ee\/?post_type=product&#038;p=9211"},"modified":"2024-12-03T16:11:03","modified_gmt":"2024-12-03T14:11:03","slug":"kikkaboo-kaed-vabad-rinnapump","status":"publish","type":"product","link":"https:\/\/beebipai.ee\/fi\/product\/kikkaboo-kaed-vabad-rinnapump\/","title":{"rendered":"Kikkaboo handsfree-rintapumppu"},"content":{"rendered":"<div data-elementor-type=\"wp-post\" data-elementor-id=\"9211\" class=\"elementor elementor-9211\">\n\t\t\t\t\t\t<section class=\"elementor-section elementor-top-section elementor-element elementor-element-9c5ae1e elementor-section-boxed elementor-section-height-default elementor-section-height-default\" data-id=\"9c5ae1e\" data-element_type=\"section\" data-e-type=\"section\">\n\t\t\t\t\t\t<div class=\"elementor-container elementor-column-gap-default\">\n\t\t\t\t\t<div class=\"elementor-column elementor-col-50 elementor-top-column elementor-element elementor-element-5f1178f\" data-id=\"5f1178f\" data-element_type=\"column\" data-e-type=\"column\">\n\t\t\t<div class=\"elementor-widget-wrap elementor-element-populated\">\n\t\t\t\t\t\t<div class=\"elementor-element elementor-element-69b44ed elementor-widget elementor-widget-heading\" data-id=\"69b44ed\" data-element_type=\"widget\" data-e-type=\"widget\" data-widget_type=\"heading.default\">\n\t\t\t\t<div class=\"elementor-widget-container\">\n\t\t\t\t\t<h2 class=\"elementor-heading-title elementor-size-default\">Kikkaboo handsfree-rintapumppu<\/h2>\t\t\t\t<\/div>\n\t\t\t\t<\/div>\n\t\t\t\t<div class=\"elementor-element elementor-element-32aeee3 elementor-widget elementor-widget-text-editor\" data-id=\"32aeee3\" data-element_type=\"widget\" data-e-type=\"widget\" data-widget_type=\"text-editor.default\">\n\t\t\t\t<div class=\"elementor-widget-container\">\n\t\t\t\t\t\t\t\t\t<p>Innovatiivinen langaton handsfree-rintapumppu on helppo kiinnitt\u00e4\u00e4 rintaan. Tehokkaan ja k\u00e4yt\u00e4nn\u00f6llisen rintapumpun avulla voit pumpata rintamaitoa miss\u00e4 tahansa ja milloin tahansa ja samalla jatkaa tavallisia toimintojasi.<\/p><p>Rintapumpussa on 3 tilaa, jotka simuloivat vauvan ruokintaa rinnasta. 9 pumppausvoimakkuutta antavat sinun valita itsellesi sopivimman ja mukautua rinnasta tulevan maidon virtauksen mukaan. Muistitoiminnon ja ajastimen avulla voit seurata ja tallentaa pumppausistuntoja. Kosketusn\u00e4ytt\u00f6 tekee rintapumpun k\u00e4yt\u00f6st\u00e4 k\u00e4tev\u00e4\u00e4 ja k\u00e4tev\u00e4\u00e4. Kevyt ja helppo puhdistaa. Rintapumppu toimii hiljaa, mik\u00e4 mahdollistaa pumppaamisen my\u00f6s y\u00f6ll\u00e4 ja hiljaisessa ymp\u00e4rist\u00f6ss\u00e4. Maidon tilavuus 150 ml.<\/p><p>Suuri litiumakku (1100 mAh) mahdollistaa noin 120 minuutin ty\u00f6ajan. Latausaika on my\u00f6s noin 120 minuuttia.<\/p><p>Pehme\u00e4t silikoniv\u00e4likkeet 19mm (19-21mm) ja 22mm (22-24mm).<\/p>\t\t\t\t\t\t\t\t<\/div>\n\t\t\t\t<\/div>\n\t\t\t\t\t<\/div>\n\t\t<\/div>\n\t\t\t\t<div class=\"elementor-column elementor-col-50 elementor-top-column elementor-element elementor-element-56c2da7\" data-id=\"56c2da7\" data-element_type=\"column\" data-e-type=\"column\">\n\t\t\t<div class=\"elementor-widget-wrap elementor-element-populated\">\n\t\t\t\t\t\t<div class=\"elementor-element elementor-element-a40d964 elementor-widget elementor-widget-image\" data-id=\"a40d964\" data-element_type=\"widget\" data-e-type=\"widget\" data-widget_type=\"image.default\">\n\t\t\t\t<div class=\"elementor-widget-container\">\n\t\t\t\t\t\t\t\t\t\t\t\t\t\t\t<img fetchpriority=\"high\" decoding=\"async\" width=\"522\" height=\"522\" src=\"https:\/\/beebipai.ee\/wp-content\/uploads\/2023\/10\/Kikkaboo-kaed-vabad-rinnapump7.jpg\" class=\"attachment-large size-large wp-image-9221\" alt=\"\" srcset=\"https:\/\/beebipai.ee\/wp-content\/uploads\/2023\/10\/Kikkaboo-kaed-vabad-rinnapump7.jpg 522w, https:\/\/beebipai.ee\/wp-content\/uploads\/2023\/10\/Kikkaboo-kaed-vabad-rinnapump7-300x300.jpg 300w, https:\/\/beebipai.ee\/wp-content\/uploads\/2023\/10\/Kikkaboo-kaed-vabad-rinnapump7-150x150.jpg 150w, https:\/\/beebipai.ee\/wp-content\/uploads\/2023\/10\/Kikkaboo-kaed-vabad-rinnapump7-12x12.jpg 12w, https:\/\/beebipai.ee\/wp-content\/uploads\/2023\/10\/Kikkaboo-kaed-vabad-rinnapump7-100x100.jpg 100w\" sizes=\"(max-width: 522px) 100vw, 522px\" \/>\t\t\t\t\t\t\t\t\t\t\t\t\t\t\t<\/div>\n\t\t\t\t<\/div>\n\t\t\t\t\t<\/div>\n\t\t<\/div>\n\t\t\t\t\t<\/div>\n\t\t<\/section>\n\t\t\t\t<\/div>","protected":false},"excerpt":{"rendered":"<p>Kikkaboo handsfree-rintapumppu on uudenlainen mukavuuden taso. Helposti asennettava rintapumppu tekee teht\u00e4v\u00e4ns\u00e4 ja voit jatkaa kaikkia tavallisia t\u00f6it\u00e4si.<\/p>","protected":false},"featured_media":9215,"template":"","meta":{"_monsterinsights_skip_tracking":false,"_monsterinsights_sitenote_active":false,"_monsterinsights_sitenote_note":"","_monsterinsights_sitenote_category":0,"site-sidebar-layout":"no-sidebar","site-content-layout":"page-builder","ast-site-content-layout":"full-width-container","site-content-style":"default","site-sidebar-style":"default","ast-global-header-display":"","ast-banner-title-visibility":"","ast-main-header-display":"","ast-hfb-above-header-display":"","ast-hfb-below-header-display":"","ast-hfb-mobile-header-display":"","site-post-title":"disabled","ast-breadcrumbs-content":"","ast-featured-img":"disabled","footer-sml-layout":"","ast-disable-related-posts":"","theme-transparent-header-meta":"default","adv-header-id-meta":"","stick-header-meta":"","header-above-stick-meta":"","header-main-stick-meta":"","header-below-stick-meta":"","astra-migrate-meta-layouts":"set","ast-page-background-enabled":"default","ast-page-background-meta":{"desktop":{"background-color":"","background-image":"","background-repeat":"repeat","background-position":"center center","background-size":"auto","background-attachment":"scroll","background-type":"","background-media":"","overlay-type":"","overlay-color":"","overlay-opacity":"","overlay-gradient":""},"tablet":{"background-color":"","background-image":"","background-repeat":"repeat","background-position":"center center","background-size":"auto","background-attachment":"scroll","background-type":"","background-media":"","overlay-type":"","overlay-color":"","overlay-opacity":"","overlay-gradient":""},"mobile":{"background-color":"","background-image":"","background-repeat":"repeat","background-position":"center center","background-size":"auto","background-attachment":"scroll","background-type":"","background-media":"","overlay-type":"","overlay-color":"","overlay-opacity":"","overlay-gradient":""}},"ast-content-background-meta":{"desktop":{"background-color":"var(--ast-global-color-5)","background-image":"","background-repeat":"repeat","background-position":"center center","background-size":"auto","background-attachment":"scroll","background-type":"","background-media":"","overlay-type":"","overlay-color":"","overlay-opacity":"","overlay-gradient":""},"tablet":{"background-color":"var(--ast-global-color-5)","background-image":"","background-repeat":"repeat","background-position":"center center","background-size":"auto","background-attachment":"scroll","background-type":"","background-media":"","overlay-type":"","overlay-color":"","overlay-opacity":"","overlay-gradient":""},"mobile":{"background-color":"var(--ast-global-color-5)","background-image":"","background-repeat":"repeat","background-position":"center center","background-size":"auto","background-attachment":"scroll","background-type":"","background-media":"","overlay-type":"","overlay-color":"","overlay-opacity":"","overlay-gradient":""}}},"product_brand":[],"product_cat":[22,103],"product_tag":[163,162],"class_list":{"0":"post-9211","1":"product","2":"type-product","3":"status-publish","4":"has-post-thumbnail","6":"product_cat-emale","7":"product_cat-imetamine","8":"product_tag-rinnaga-toitvale-emale","9":"product_tag-rinnapump","10":"desktop-align-left","11":"tablet-align-left","12":"mobile-align-left","14":"first","15":"instock","16":"taxable","17":"shipping-taxable","18":"purchasable","19":"product-type-variable"},"yoast_head":"<!-- This site is optimized with the Yoast SEO plugin v27.3 - https:\/\/yoast.com\/product\/yoast-seo-wordpress\/ -->\n<title>Kikkaboo k\u00e4ed-vabad rinnapump - Beebipai<\/title>\n<meta name=\"description\" content=\"Kikkaboo k\u00e4ed-vabad rinnapump v\u00f5imaldab mugavalt rinnapiima pumbates j\u00e4tkata tavap\u00e4raste toimetustega. Vaata toodet Kikkaboo k\u00e4ed-vabad rinnapump!\" \/>\n<meta name=\"robots\" content=\"index, follow, max-snippet:-1, max-image-preview:large, max-video-preview:-1\" \/>\n<link rel=\"canonical\" href=\"https:\/\/beebipai.ee\/fi\/product\/kikkaboo-kaed-vabad-rinnapump\/\" \/>\n<meta property=\"og:locale\" content=\"fi_FI\" \/>\n<meta property=\"og:type\" content=\"article\" \/>\n<meta property=\"og:title\" content=\"Kikkaboo k\u00e4ed-vabad rinnapump - Beebipai\" \/>\n<meta property=\"og:description\" content=\"Kikkaboo k\u00e4ed-vabad rinnapump v\u00f5imaldab mugavalt rinnapiima pumbates j\u00e4tkata tavap\u00e4raste toimetustega. Vaata toodet Kikkaboo k\u00e4ed-vabad rinnapump!\" \/>\n<meta property=\"og:url\" content=\"https:\/\/beebipai.ee\/fi\/product\/kikkaboo-kaed-vabad-rinnapump\/\" \/>\n<meta property=\"og:site_name\" content=\"Beebipai\" \/>\n<meta property=\"article:modified_time\" content=\"2024-12-03T14:11:03+00:00\" \/>\n<meta property=\"og:image\" content=\"https:\/\/beebipai.ee\/wp-content\/uploads\/2023\/10\/Kikkaboo-kaed-vabad-rinnapump.jpg\" \/>\n\t<meta property=\"og:image:width\" content=\"522\" \/>\n\t<meta property=\"og:image:height\" content=\"522\" \/>\n\t<meta property=\"og:image:type\" content=\"image\/jpeg\" \/>\n<meta name=\"twitter:card\" content=\"summary_large_image\" \/>\n<meta name=\"twitter:label1\" content=\"Arvioitu lukuaika\" \/>\n\t<meta name=\"twitter:data1\" content=\"1 minuutti\" \/>\n<script type=\"application\/ld+json\" class=\"yoast-schema-graph\">{\"@context\":\"https:\\\/\\\/schema.org\",\"@graph\":[{\"@type\":\"WebPage\",\"@id\":\"https:\\\/\\\/beebipai.ee\\\/product\\\/kikkaboo-kaed-vabad-rinnapump\\\/\",\"url\":\"https:\\\/\\\/beebipai.ee\\\/product\\\/kikkaboo-kaed-vabad-rinnapump\\\/\",\"name\":\"Kikkaboo k\u00e4ed-vabad rinnapump - Beebipai\",\"isPartOf\":{\"@id\":\"https:\\\/\\\/beebipai.ee\\\/en\\\/#website\"},\"primaryImageOfPage\":{\"@id\":\"https:\\\/\\\/beebipai.ee\\\/product\\\/kikkaboo-kaed-vabad-rinnapump\\\/#primaryimage\"},\"image\":{\"@id\":\"https:\\\/\\\/beebipai.ee\\\/product\\\/kikkaboo-kaed-vabad-rinnapump\\\/#primaryimage\"},\"thumbnailUrl\":\"https:\\\/\\\/beebipai.ee\\\/wp-content\\\/uploads\\\/2023\\\/10\\\/Kikkaboo-kaed-vabad-rinnapump.jpg\",\"datePublished\":\"2023-10-06T07:31:23+00:00\",\"dateModified\":\"2024-12-03T14:11:03+00:00\",\"description\":\"Kikkaboo k\u00e4ed-vabad rinnapump v\u00f5imaldab mugavalt rinnapiima pumbates j\u00e4tkata tavap\u00e4raste toimetustega. Vaata toodet Kikkaboo k\u00e4ed-vabad rinnapump!\",\"breadcrumb\":{\"@id\":\"https:\\\/\\\/beebipai.ee\\\/product\\\/kikkaboo-kaed-vabad-rinnapump\\\/#breadcrumb\"},\"inLanguage\":\"fi\",\"potentialAction\":[{\"@type\":\"ReadAction\",\"target\":[\"https:\\\/\\\/beebipai.ee\\\/product\\\/kikkaboo-kaed-vabad-rinnapump\\\/\"]}]},{\"@type\":\"ImageObject\",\"inLanguage\":\"fi\",\"@id\":\"https:\\\/\\\/beebipai.ee\\\/product\\\/kikkaboo-kaed-vabad-rinnapump\\\/#primaryimage\",\"url\":\"https:\\\/\\\/beebipai.ee\\\/wp-content\\\/uploads\\\/2023\\\/10\\\/Kikkaboo-kaed-vabad-rinnapump.jpg\",\"contentUrl\":\"https:\\\/\\\/beebipai.ee\\\/wp-content\\\/uploads\\\/2023\\\/10\\\/Kikkaboo-kaed-vabad-rinnapump.jpg\",\"width\":522,\"height\":522},{\"@type\":\"BreadcrumbList\",\"@id\":\"https:\\\/\\\/beebipai.ee\\\/product\\\/kikkaboo-kaed-vabad-rinnapump\\\/#breadcrumb\",\"itemListElement\":[{\"@type\":\"ListItem\",\"position\":1,\"name\":\"Home\",\"item\":\"https:\\\/\\\/beebipai.ee\\\/\"},{\"@type\":\"ListItem\",\"position\":2,\"name\":\"Pood\",\"item\":\"https:\\\/\\\/beebipai.ee\\\/store\\\/\"},{\"@type\":\"ListItem\",\"position\":3,\"name\":\"Kikkaboo k\u00e4ed-vabad rinnapump\"}]},{\"@type\":\"WebSite\",\"@id\":\"https:\\\/\\\/beebipai.ee\\\/en\\\/#website\",\"url\":\"https:\\\/\\\/beebipai.ee\\\/en\\\/\",\"name\":\"Beebipai\",\"description\":\"Rasedate ja beebide veebipood\",\"potentialAction\":[{\"@type\":\"SearchAction\",\"target\":{\"@type\":\"EntryPoint\",\"urlTemplate\":\"https:\\\/\\\/beebipai.ee\\\/en\\\/?s={search_term_string}\"},\"query-input\":{\"@type\":\"PropertyValueSpecification\",\"valueRequired\":true,\"valueName\":\"search_term_string\"}}],\"inLanguage\":\"fi\"}]}<\/script>\n<!-- \/ Yoast SEO plugin. -->","yoast_head_json":{"title":"Kikkaboo k\u00e4ed-vabad rinnapump - Beebipai","description":"Kikkaboo k\u00e4ed-vabad rinnapump v\u00f5imaldab mugavalt rinnapiima pumbates j\u00e4tkata tavap\u00e4raste toimetustega. Vaata toodet Kikkaboo k\u00e4ed-vabad rinnapump!","robots":{"index":"index","follow":"follow","max-snippet":"max-snippet:-1","max-image-preview":"max-image-preview:large","max-video-preview":"max-video-preview:-1"},"canonical":"https:\/\/beebipai.ee\/fi\/product\/kikkaboo-kaed-vabad-rinnapump\/","og_locale":"fi_FI","og_type":"article","og_title":"Kikkaboo k\u00e4ed-vabad rinnapump - Beebipai","og_description":"Kikkaboo k\u00e4ed-vabad rinnapump v\u00f5imaldab mugavalt rinnapiima pumbates j\u00e4tkata tavap\u00e4raste toimetustega. Vaata toodet Kikkaboo k\u00e4ed-vabad rinnapump!","og_url":"https:\/\/beebipai.ee\/fi\/product\/kikkaboo-kaed-vabad-rinnapump\/","og_site_name":"Beebipai","article_modified_time":"2024-12-03T14:11:03+00:00","og_image":[{"width":522,"height":522,"url":"https:\/\/beebipai.ee\/wp-content\/uploads\/2023\/10\/Kikkaboo-kaed-vabad-rinnapump.jpg","type":"image\/jpeg"}],"twitter_card":"summary_large_image","twitter_misc":{"Arvioitu lukuaika":"1 minuutti"},"schema":{"@context":"https:\/\/schema.org","@graph":[{"@type":"WebPage","@id":"https:\/\/beebipai.ee\/product\/kikkaboo-kaed-vabad-rinnapump\/","url":"https:\/\/beebipai.ee\/product\/kikkaboo-kaed-vabad-rinnapump\/","name":"Kikkaboo k\u00e4ed-vabad rinnapump - Beebipai","isPartOf":{"@id":"https:\/\/beebipai.ee\/en\/#website"},"primaryImageOfPage":{"@id":"https:\/\/beebipai.ee\/product\/kikkaboo-kaed-vabad-rinnapump\/#primaryimage"},"image":{"@id":"https:\/\/beebipai.ee\/product\/kikkaboo-kaed-vabad-rinnapump\/#primaryimage"},"thumbnailUrl":"https:\/\/beebipai.ee\/wp-content\/uploads\/2023\/10\/Kikkaboo-kaed-vabad-rinnapump.jpg","datePublished":"2023-10-06T07:31:23+00:00","dateModified":"2024-12-03T14:11:03+00:00","description":"Kikkaboo k\u00e4ed-vabad rinnapump v\u00f5imaldab mugavalt rinnapiima pumbates j\u00e4tkata tavap\u00e4raste toimetustega. Vaata toodet Kikkaboo k\u00e4ed-vabad rinnapump!","breadcrumb":{"@id":"https:\/\/beebipai.ee\/product\/kikkaboo-kaed-vabad-rinnapump\/#breadcrumb"},"inLanguage":"fi","potentialAction":[{"@type":"ReadAction","target":["https:\/\/beebipai.ee\/product\/kikkaboo-kaed-vabad-rinnapump\/"]}]},{"@type":"ImageObject","inLanguage":"fi","@id":"https:\/\/beebipai.ee\/product\/kikkaboo-kaed-vabad-rinnapump\/#primaryimage","url":"https:\/\/beebipai.ee\/wp-content\/uploads\/2023\/10\/Kikkaboo-kaed-vabad-rinnapump.jpg","contentUrl":"https:\/\/beebipai.ee\/wp-content\/uploads\/2023\/10\/Kikkaboo-kaed-vabad-rinnapump.jpg","width":522,"height":522},{"@type":"BreadcrumbList","@id":"https:\/\/beebipai.ee\/product\/kikkaboo-kaed-vabad-rinnapump\/#breadcrumb","itemListElement":[{"@type":"ListItem","position":1,"name":"Home","item":"https:\/\/beebipai.ee\/"},{"@type":"ListItem","position":2,"name":"Pood","item":"https:\/\/beebipai.ee\/store\/"},{"@type":"ListItem","position":3,"name":"Kikkaboo k\u00e4ed-vabad rinnapump"}]},{"@type":"WebSite","@id":"https:\/\/beebipai.ee\/en\/#website","url":"https:\/\/beebipai.ee\/en\/","name":"Beebipai","description":"Rasedate ja beebide veebipood","potentialAction":[{"@type":"SearchAction","target":{"@type":"EntryPoint","urlTemplate":"https:\/\/beebipai.ee\/en\/?s={search_term_string}"},"query-input":{"@type":"PropertyValueSpecification","valueRequired":true,"valueName":"search_term_string"}}],"inLanguage":"fi"}]}},"_links":{"self":[{"href":"https:\/\/beebipai.ee\/fi\/wp-json\/wp\/v2\/product\/9211","targetHints":{"allow":["GET"]}}],"collection":[{"href":"https:\/\/beebipai.ee\/fi\/wp-json\/wp\/v2\/product"}],"about":[{"href":"https:\/\/beebipai.ee\/fi\/wp-json\/wp\/v2\/types\/product"}],"version-history":[{"count":5,"href":"https:\/\/beebipai.ee\/fi\/wp-json\/wp\/v2\/product\/9211\/revisions"}],"predecessor-version":[{"id":9238,"href":"https:\/\/beebipai.ee\/fi\/wp-json\/wp\/v2\/product\/9211\/revisions\/9238"}],"wp:featuredmedia":[{"embeddable":true,"href":"https:\/\/beebipai.ee\/fi\/wp-json\/wp\/v2\/media\/9215"}],"wp:attachment":[{"href":"https:\/\/beebipai.ee\/fi\/wp-json\/wp\/v2\/media?parent=9211"}],"wp:term":[{"taxonomy":"product_brand","embeddable":true,"href":"https:\/\/beebipai.ee\/fi\/wp-json\/wp\/v2\/product_brand?post=9211"},{"taxonomy":"product_cat","embeddable":true,"href":"https:\/\/beebipai.ee\/fi\/wp-json\/wp\/v2\/product_cat?post=9211"},{"taxonomy":"product_tag","embeddable":true,"href":"https:\/\/beebipai.ee\/fi\/wp-json\/wp\/v2\/product_tag?post=9211"}],"curies":[{"name":"wp","href":"https:\/\/api.w.org\/{rel}","templated":true}]}}