{"id":8488,"date":"2023-05-10T12:40:55","date_gmt":"2023-05-10T09:40:55","guid":{"rendered":"https:\/\/beebipai.ee\/?post_type=product&#038;p=8488"},"modified":"2025-10-14T13:14:13","modified_gmt":"2025-10-14T10:14:13","slug":"cadenshae-sportrinnahoidja-raseduse-ja-imetamise-ajaks","status":"publish","type":"product","link":"https:\/\/beebipai.ee\/fi\/product\/cadenshae-sportrinnahoidja-raseduse-ja-imetamise-ajaks\/","title":{"rendered":"Cadenshae urheilurintaliivit raskauteen ja imetykseen"},"content":{"rendered":"<div data-elementor-type=\"wp-post\" data-elementor-id=\"8488\" class=\"elementor elementor-8488\">\n\t\t\t\t\t\t<section class=\"elementor-section elementor-top-section elementor-element elementor-element-ee69532 elementor-section-boxed elementor-section-height-default elementor-section-height-default\" data-id=\"ee69532\" data-element_type=\"section\" data-e-type=\"section\">\n\t\t\t\t\t\t<div class=\"elementor-container elementor-column-gap-default\">\n\t\t\t\t\t<div class=\"elementor-column elementor-col-50 elementor-top-column elementor-element elementor-element-8a18ba1\" data-id=\"8a18ba1\" data-element_type=\"column\" data-e-type=\"column\">\n\t\t\t<div class=\"elementor-widget-wrap elementor-element-populated\">\n\t\t\t\t\t\t<div class=\"elementor-element elementor-element-2992b77 elementor-widget elementor-widget-heading\" data-id=\"2992b77\" data-element_type=\"widget\" data-e-type=\"widget\" data-widget_type=\"heading.default\">\n\t\t\t\t<div class=\"elementor-widget-container\">\n\t\t\t\t\t<h2 class=\"elementor-heading-title elementor-size-default\">Cadenshae urheilurintaliivit raskauteen ja imetykseen<\/h2>\t\t\t\t<\/div>\n\t\t\t\t<\/div>\n\t\t\t\t<div class=\"elementor-element elementor-element-bb46b0a elementor-widget elementor-widget-text-editor\" data-id=\"bb46b0a\" data-element_type=\"widget\" data-e-type=\"widget\" data-widget_type=\"text-editor.default\">\n\t\t\t\t<div class=\"elementor-widget-container\">\n\t\t\t\t\t\t\t\t\t<p>Vauvan odotuksessa my\u00f6s rinnoista alkavat nopeat muutokset, jotka valmistavat rintoja v\u00e4litt\u00f6m\u00e4\u00e4n imetykseen.\u00a0<\/p><p>Rintojen suureneminen ja arkuus ovat yleens\u00e4 ensimm\u00e4isi\u00e4 raskauden merkkej\u00e4. Raskauden edetess\u00e4 rinnat kasvavat entisest\u00e4\u00e4n ja viel\u00e4 enemm\u00e4n maidon tullessa. Rintojen iho ohenee, voi n\u00e4ky\u00e4 venytysmerkkej\u00e4 ja verisuoniverkosto voi n\u00e4ky\u00e4. Ihon venyttely voi aiheuttaa rintojen kutinaa.<\/p><p>Rinnat alkavat tuottaa ternimaitoa jo 16. viikolla, mink\u00e4 vuoksi rinta on raskaampi ja tarvitsee hyv\u00e4\u00e4 tukea. T\u00e4m\u00e4 on erityisen t\u00e4rke\u00e4\u00e4 harjoittelun aikana, kun kuormitus on huomattavasti suurempi. Urheiluliivit on suunniteltu tukemaan ja kiinnitt\u00e4m\u00e4\u00e4n rintakeh\u00e4 paremmin, mik\u00e4 est\u00e4\u00e4 \u00e4killiset liikkeet, t\u00e4rin\u00e4n ja iskut rintaan<\/p><p>Cadenshae-urheiluliivit tukevat kaikenlaista liikuntaa raskauden ja imetyksen aikana. Est\u00e4\u00e4 rintojen liiallista t\u00e4rin\u00e4\u00e4, shokkia ja suojaa rintaa \u00e4killisiss\u00e4 liikkeiss\u00e4 ja asennonmuutoksissa. Helposti avattavat kiinnikkeet mahdollistavat vauvan ruokkimisen milloin tahansa tarpeellisella hetkell\u00e4. Ne antavat sinulle tarvittavan yksityisyyden imetyksen aikana. Eritt\u00e4in pehme\u00e4 ja mukava materiaali ei urita tai purista, mik\u00e4 on erityisen t\u00e4rke\u00e4\u00e4 imetyksen aikana. Urheiluliivien takakiinnitys on s\u00e4\u00e4dett\u00e4v\u00e4. Mukana on lis\u00e4liitteit\u00e4. Mukana on my\u00f6s s\u00e4\u00e4dett\u00e4v\u00e4t olkaimet. Rintaliivien pehmusteet ovat irrotettavissa.\u00a0<\/p><p>Pid\u00e4 urheiluliiveist\u00e4si huolta kuten kaikista muistakin treenivaatteista. Mieluummin k\u00e4sinpesu tai konepesu viile\u00e4ss\u00e4 vedess\u00e4 samanv\u00e4risten vaatteiden kanssa. \u00c4l\u00e4 valkaise tai silit\u00e4 urheiluliivej\u00e4. Huuhteluaineiden k\u00e4ytt\u00f6\u00e4 ei suositella.<\/p><p>\u00a0<\/p>\t\t\t\t\t\t\t\t<\/div>\n\t\t\t\t<\/div>\n\t\t\t\t\t<\/div>\n\t\t<\/div>\n\t\t\t\t<div class=\"elementor-column elementor-col-50 elementor-top-column elementor-element elementor-element-a5e620b\" data-id=\"a5e620b\" data-element_type=\"column\" data-e-type=\"column\">\n\t\t\t<div class=\"elementor-widget-wrap elementor-element-populated\">\n\t\t\t\t\t\t<div class=\"elementor-element elementor-element-489e9cb elementor-widget elementor-widget-image\" data-id=\"489e9cb\" data-element_type=\"widget\" data-e-type=\"widget\" data-widget_type=\"image.default\">\n\t\t\t\t<div class=\"elementor-widget-container\">\n\t\t\t\t\t\t\t\t\t\t\t\t\t\t\t<img fetchpriority=\"high\" decoding=\"async\" width=\"808\" height=\"1024\" src=\"https:\/\/beebipai.ee\/wp-content\/uploads\/2023\/05\/Cadenshae-sportrinnahoidja-must-808x1024.webp\" class=\"attachment-large size-large wp-image-8494\" alt=\"\" srcset=\"https:\/\/beebipai.ee\/wp-content\/uploads\/2023\/05\/Cadenshae-sportrinnahoidja-must-808x1024.webp 808w, https:\/\/beebipai.ee\/wp-content\/uploads\/2023\/05\/Cadenshae-sportrinnahoidja-must-e1683711768815-237x300.webp 237w, https:\/\/beebipai.ee\/wp-content\/uploads\/2023\/05\/Cadenshae-sportrinnahoidja-must-768x974.webp 768w, https:\/\/beebipai.ee\/wp-content\/uploads\/2023\/05\/Cadenshae-sportrinnahoidja-must-e1683711768815-9x12.webp 9w, https:\/\/beebipai.ee\/wp-content\/uploads\/2023\/05\/Cadenshae-sportrinnahoidja-must-600x761.webp 600w, https:\/\/beebipai.ee\/wp-content\/uploads\/2023\/05\/Cadenshae-sportrinnahoidja-must-e1683711768815.webp 500w\" sizes=\"(max-width: 808px) 100vw, 808px\" \/>\t\t\t\t\t\t\t\t\t\t\t\t\t\t\t<\/div>\n\t\t\t\t<\/div>\n\t\t\t\t\t<\/div>\n\t\t<\/div>\n\t\t\t\t\t<\/div>\n\t\t<\/section>\n\t\t\t\t<\/div>","protected":false},"excerpt":{"rendered":"<p>Cadenshae harjoitusrintaliivit tukevat rintaa sek\u00e4 raskausharjoittelun ett\u00e4 imetyksen aikana. Korin avattava osa k\u00e4tevill\u00e4 kiinnikkeill\u00e4 mahdollistaa imetyksen milloin tahansa ja miss\u00e4 tahansa.<\/p>","protected":false},"featured_media":13163,"template":"","meta":{"_monsterinsights_skip_tracking":false,"_monsterinsights_sitenote_active":false,"_monsterinsights_sitenote_note":"","_monsterinsights_sitenote_category":0,"site-sidebar-layout":"no-sidebar","site-content-layout":"page-builder","ast-site-content-layout":"full-width-container","site-content-style":"unboxed","site-sidebar-style":"unboxed","ast-global-header-display":"","ast-banner-title-visibility":"","ast-main-header-display":"","ast-hfb-above-header-display":"","ast-hfb-below-header-display":"","ast-hfb-mobile-header-display":"","site-post-title":"disabled","ast-breadcrumbs-content":"","ast-featured-img":"disabled","footer-sml-layout":"","ast-disable-related-posts":"","theme-transparent-header-meta":"default","adv-header-id-meta":"","stick-header-meta":"","header-above-stick-meta":"","header-main-stick-meta":"","header-below-stick-meta":"","astra-migrate-meta-layouts":"set","ast-page-background-enabled":"default","ast-page-background-meta":{"desktop":{"background-color":"","background-image":"","background-repeat":"repeat","background-position":"center center","background-size":"auto","background-attachment":"scroll","background-type":"","background-media":"","overlay-type":"","overlay-color":"","overlay-opacity":"","overlay-gradient":""},"tablet":{"background-color":"","background-image":"","background-repeat":"repeat","background-position":"center center","background-size":"auto","background-attachment":"scroll","background-type":"","background-media":"","overlay-type":"","overlay-color":"","overlay-opacity":"","overlay-gradient":""},"mobile":{"background-color":"","background-image":"","background-repeat":"repeat","background-position":"center center","background-size":"auto","background-attachment":"scroll","background-type":"","background-media":"","overlay-type":"","overlay-color":"","overlay-opacity":"","overlay-gradient":""}},"ast-content-background-meta":{"desktop":{"background-color":"var(--ast-global-color-5)","background-image":"","background-repeat":"repeat","background-position":"center center","background-size":"auto","background-attachment":"scroll","background-type":"","background-media":"","overlay-type":"","overlay-color":"","overlay-opacity":"","overlay-gradient":""},"tablet":{"background-color":"var(--ast-global-color-5)","background-image":"","background-repeat":"repeat","background-position":"center center","background-size":"auto","background-attachment":"scroll","background-type":"","background-media":"","overlay-type":"","overlay-color":"","overlay-opacity":"","overlay-gradient":""},"mobile":{"background-color":"var(--ast-global-color-5)","background-image":"","background-repeat":"repeat","background-position":"center center","background-size":"auto","background-attachment":"scroll","background-type":"","background-media":"","overlay-type":"","overlay-color":"","overlay-opacity":"","overlay-gradient":""}}},"product_brand":[],"product_cat":[22,105,133,103],"product_tag":[],"class_list":{"0":"post-8488","1":"product","2":"type-product","3":"status-publish","4":"has-post-thumbnail","6":"product_cat-emale","7":"product_cat-treening","8":"product_cat-riided-rasedatele-ja-rinnaga-toitvatele-emadele","9":"product_cat-imetamine","10":"desktop-align-left","11":"tablet-align-left","12":"mobile-align-left","14":"first","15":"instock","16":"sale","17":"taxable","18":"shipping-taxable","19":"purchasable","20":"product-type-variable"},"yoast_head":"<!-- This site is optimized with the Yoast SEO plugin v27.3 - https:\/\/yoast.com\/product\/yoast-seo-wordpress\/ -->\n<title>Cadenshae sportrinnahoidja raseduse ja imetamise ajaks - Beebipai<\/title>\n<meta name=\"description\" content=\"Cadenshae sportrinnahoidja raseduse ja imetamise ajaks toetab rinda ja teeb lapse toitmise mugavaks. Vaata toodet Cadenshae sportrinnahoidja!\" \/>\n<meta name=\"robots\" content=\"index, follow, max-snippet:-1, max-image-preview:large, max-video-preview:-1\" \/>\n<link rel=\"canonical\" href=\"https:\/\/beebipai.ee\/fi\/product\/cadenshae-sportrinnahoidja-raseduse-ja-imetamise-ajaks\/\" \/>\n<meta property=\"og:locale\" content=\"fi_FI\" \/>\n<meta property=\"og:type\" content=\"article\" \/>\n<meta property=\"og:title\" content=\"Cadenshae sportrinnahoidja raseduse ja imetamise ajaks - Beebipai\" \/>\n<meta property=\"og:description\" content=\"Cadenshae sportrinnahoidja raseduse ja imetamise ajaks toetab rinda ja teeb lapse toitmise mugavaks. Vaata toodet Cadenshae sportrinnahoidja!\" \/>\n<meta property=\"og:url\" content=\"https:\/\/beebipai.ee\/fi\/product\/cadenshae-sportrinnahoidja-raseduse-ja-imetamise-ajaks\/\" \/>\n<meta property=\"og:site_name\" content=\"Beebipai\" \/>\n<meta property=\"article:modified_time\" content=\"2025-10-14T10:14:13+00:00\" \/>\n<meta property=\"og:image\" content=\"https:\/\/beebipai.ee\/wp-content\/uploads\/2023\/05\/Cadenshae-imetamisrinnahoidja-Freedom-e1760436008280.webp\" \/>\n\t<meta property=\"og:image:width\" content=\"500\" \/>\n\t<meta property=\"og:image:height\" content=\"555\" \/>\n\t<meta property=\"og:image:type\" content=\"image\/webp\" \/>\n<meta name=\"twitter:card\" content=\"summary_large_image\" \/>\n<meta name=\"twitter:label1\" content=\"Arvioitu lukuaika\" \/>\n\t<meta name=\"twitter:data1\" content=\"1 minuutti\" \/>\n<script type=\"application\/ld+json\" class=\"yoast-schema-graph\">{\"@context\":\"https:\\\/\\\/schema.org\",\"@graph\":[{\"@type\":\"WebPage\",\"@id\":\"https:\\\/\\\/beebipai.ee\\\/product\\\/cadenshae-sportrinnahoidja-raseduse-ja-imetamise-ajaks\\\/\",\"url\":\"https:\\\/\\\/beebipai.ee\\\/product\\\/cadenshae-sportrinnahoidja-raseduse-ja-imetamise-ajaks\\\/\",\"name\":\"Cadenshae sportrinnahoidja raseduse ja imetamise ajaks - Beebipai\",\"isPartOf\":{\"@id\":\"https:\\\/\\\/beebipai.ee\\\/en\\\/#website\"},\"primaryImageOfPage\":{\"@id\":\"https:\\\/\\\/beebipai.ee\\\/product\\\/cadenshae-sportrinnahoidja-raseduse-ja-imetamise-ajaks\\\/#primaryimage\"},\"image\":{\"@id\":\"https:\\\/\\\/beebipai.ee\\\/product\\\/cadenshae-sportrinnahoidja-raseduse-ja-imetamise-ajaks\\\/#primaryimage\"},\"thumbnailUrl\":\"https:\\\/\\\/beebipai.ee\\\/wp-content\\\/uploads\\\/2023\\\/05\\\/Cadenshae-imetamisrinnahoidja-Freedom-e1760436008280.webp\",\"datePublished\":\"2023-05-10T09:40:55+00:00\",\"dateModified\":\"2025-10-14T10:14:13+00:00\",\"description\":\"Cadenshae sportrinnahoidja raseduse ja imetamise ajaks toetab rinda ja teeb lapse toitmise mugavaks. Vaata toodet Cadenshae sportrinnahoidja!\",\"breadcrumb\":{\"@id\":\"https:\\\/\\\/beebipai.ee\\\/product\\\/cadenshae-sportrinnahoidja-raseduse-ja-imetamise-ajaks\\\/#breadcrumb\"},\"inLanguage\":\"fi\",\"potentialAction\":[{\"@type\":\"ReadAction\",\"target\":[\"https:\\\/\\\/beebipai.ee\\\/product\\\/cadenshae-sportrinnahoidja-raseduse-ja-imetamise-ajaks\\\/\"]}]},{\"@type\":\"ImageObject\",\"inLanguage\":\"fi\",\"@id\":\"https:\\\/\\\/beebipai.ee\\\/product\\\/cadenshae-sportrinnahoidja-raseduse-ja-imetamise-ajaks\\\/#primaryimage\",\"url\":\"https:\\\/\\\/beebipai.ee\\\/wp-content\\\/uploads\\\/2023\\\/05\\\/Cadenshae-imetamisrinnahoidja-Freedom-e1760436008280.webp\",\"contentUrl\":\"https:\\\/\\\/beebipai.ee\\\/wp-content\\\/uploads\\\/2023\\\/05\\\/Cadenshae-imetamisrinnahoidja-Freedom-e1760436008280.webp\",\"width\":500,\"height\":555},{\"@type\":\"BreadcrumbList\",\"@id\":\"https:\\\/\\\/beebipai.ee\\\/product\\\/cadenshae-sportrinnahoidja-raseduse-ja-imetamise-ajaks\\\/#breadcrumb\",\"itemListElement\":[{\"@type\":\"ListItem\",\"position\":1,\"name\":\"Home\",\"item\":\"https:\\\/\\\/beebipai.ee\\\/\"},{\"@type\":\"ListItem\",\"position\":2,\"name\":\"Pood\",\"item\":\"https:\\\/\\\/beebipai.ee\\\/store\\\/\"},{\"@type\":\"ListItem\",\"position\":3,\"name\":\"Cadenshae sportrinnahoidja raseduse ja imetamise ajaks\"}]},{\"@type\":\"WebSite\",\"@id\":\"https:\\\/\\\/beebipai.ee\\\/en\\\/#website\",\"url\":\"https:\\\/\\\/beebipai.ee\\\/en\\\/\",\"name\":\"Beebipai\",\"description\":\"Rasedate ja beebide veebipood\",\"potentialAction\":[{\"@type\":\"SearchAction\",\"target\":{\"@type\":\"EntryPoint\",\"urlTemplate\":\"https:\\\/\\\/beebipai.ee\\\/en\\\/?s={search_term_string}\"},\"query-input\":{\"@type\":\"PropertyValueSpecification\",\"valueRequired\":true,\"valueName\":\"search_term_string\"}}],\"inLanguage\":\"fi\"}]}<\/script>\n<!-- \/ Yoast SEO plugin. -->","yoast_head_json":{"title":"Cadenshae sportrinnahoidja raseduse ja imetamise ajaks - Beebipai","description":"Cadenshae sportrinnahoidja raseduse ja imetamise ajaks toetab rinda ja teeb lapse toitmise mugavaks. Vaata toodet Cadenshae sportrinnahoidja!","robots":{"index":"index","follow":"follow","max-snippet":"max-snippet:-1","max-image-preview":"max-image-preview:large","max-video-preview":"max-video-preview:-1"},"canonical":"https:\/\/beebipai.ee\/fi\/product\/cadenshae-sportrinnahoidja-raseduse-ja-imetamise-ajaks\/","og_locale":"fi_FI","og_type":"article","og_title":"Cadenshae sportrinnahoidja raseduse ja imetamise ajaks - Beebipai","og_description":"Cadenshae sportrinnahoidja raseduse ja imetamise ajaks toetab rinda ja teeb lapse toitmise mugavaks. Vaata toodet Cadenshae sportrinnahoidja!","og_url":"https:\/\/beebipai.ee\/fi\/product\/cadenshae-sportrinnahoidja-raseduse-ja-imetamise-ajaks\/","og_site_name":"Beebipai","article_modified_time":"2025-10-14T10:14:13+00:00","og_image":[{"width":500,"height":555,"url":"https:\/\/beebipai.ee\/wp-content\/uploads\/2023\/05\/Cadenshae-imetamisrinnahoidja-Freedom-e1760436008280.webp","type":"image\/webp"}],"twitter_card":"summary_large_image","twitter_misc":{"Arvioitu lukuaika":"1 minuutti"},"schema":{"@context":"https:\/\/schema.org","@graph":[{"@type":"WebPage","@id":"https:\/\/beebipai.ee\/product\/cadenshae-sportrinnahoidja-raseduse-ja-imetamise-ajaks\/","url":"https:\/\/beebipai.ee\/product\/cadenshae-sportrinnahoidja-raseduse-ja-imetamise-ajaks\/","name":"Cadenshae sportrinnahoidja raseduse ja imetamise ajaks - Beebipai","isPartOf":{"@id":"https:\/\/beebipai.ee\/en\/#website"},"primaryImageOfPage":{"@id":"https:\/\/beebipai.ee\/product\/cadenshae-sportrinnahoidja-raseduse-ja-imetamise-ajaks\/#primaryimage"},"image":{"@id":"https:\/\/beebipai.ee\/product\/cadenshae-sportrinnahoidja-raseduse-ja-imetamise-ajaks\/#primaryimage"},"thumbnailUrl":"https:\/\/beebipai.ee\/wp-content\/uploads\/2023\/05\/Cadenshae-imetamisrinnahoidja-Freedom-e1760436008280.webp","datePublished":"2023-05-10T09:40:55+00:00","dateModified":"2025-10-14T10:14:13+00:00","description":"Cadenshae sportrinnahoidja raseduse ja imetamise ajaks toetab rinda ja teeb lapse toitmise mugavaks. Vaata toodet Cadenshae sportrinnahoidja!","breadcrumb":{"@id":"https:\/\/beebipai.ee\/product\/cadenshae-sportrinnahoidja-raseduse-ja-imetamise-ajaks\/#breadcrumb"},"inLanguage":"fi","potentialAction":[{"@type":"ReadAction","target":["https:\/\/beebipai.ee\/product\/cadenshae-sportrinnahoidja-raseduse-ja-imetamise-ajaks\/"]}]},{"@type":"ImageObject","inLanguage":"fi","@id":"https:\/\/beebipai.ee\/product\/cadenshae-sportrinnahoidja-raseduse-ja-imetamise-ajaks\/#primaryimage","url":"https:\/\/beebipai.ee\/wp-content\/uploads\/2023\/05\/Cadenshae-imetamisrinnahoidja-Freedom-e1760436008280.webp","contentUrl":"https:\/\/beebipai.ee\/wp-content\/uploads\/2023\/05\/Cadenshae-imetamisrinnahoidja-Freedom-e1760436008280.webp","width":500,"height":555},{"@type":"BreadcrumbList","@id":"https:\/\/beebipai.ee\/product\/cadenshae-sportrinnahoidja-raseduse-ja-imetamise-ajaks\/#breadcrumb","itemListElement":[{"@type":"ListItem","position":1,"name":"Home","item":"https:\/\/beebipai.ee\/"},{"@type":"ListItem","position":2,"name":"Pood","item":"https:\/\/beebipai.ee\/store\/"},{"@type":"ListItem","position":3,"name":"Cadenshae sportrinnahoidja raseduse ja imetamise ajaks"}]},{"@type":"WebSite","@id":"https:\/\/beebipai.ee\/en\/#website","url":"https:\/\/beebipai.ee\/en\/","name":"Beebipai","description":"Rasedate ja beebide veebipood","potentialAction":[{"@type":"SearchAction","target":{"@type":"EntryPoint","urlTemplate":"https:\/\/beebipai.ee\/en\/?s={search_term_string}"},"query-input":{"@type":"PropertyValueSpecification","valueRequired":true,"valueName":"search_term_string"}}],"inLanguage":"fi"}]}},"_links":{"self":[{"href":"https:\/\/beebipai.ee\/fi\/wp-json\/wp\/v2\/product\/8488","targetHints":{"allow":["GET"]}}],"collection":[{"href":"https:\/\/beebipai.ee\/fi\/wp-json\/wp\/v2\/product"}],"about":[{"href":"https:\/\/beebipai.ee\/fi\/wp-json\/wp\/v2\/types\/product"}],"version-history":[{"count":5,"href":"https:\/\/beebipai.ee\/fi\/wp-json\/wp\/v2\/product\/8488\/revisions"}],"predecessor-version":[{"id":8500,"href":"https:\/\/beebipai.ee\/fi\/wp-json\/wp\/v2\/product\/8488\/revisions\/8500"}],"wp:featuredmedia":[{"embeddable":true,"href":"https:\/\/beebipai.ee\/fi\/wp-json\/wp\/v2\/media\/13163"}],"wp:attachment":[{"href":"https:\/\/beebipai.ee\/fi\/wp-json\/wp\/v2\/media?parent=8488"}],"wp:term":[{"taxonomy":"product_brand","embeddable":true,"href":"https:\/\/beebipai.ee\/fi\/wp-json\/wp\/v2\/product_brand?post=8488"},{"taxonomy":"product_cat","embeddable":true,"href":"https:\/\/beebipai.ee\/fi\/wp-json\/wp\/v2\/product_cat?post=8488"},{"taxonomy":"product_tag","embeddable":true,"href":"https:\/\/beebipai.ee\/fi\/wp-json\/wp\/v2\/product_tag?post=8488"}],"curies":[{"name":"wp","href":"https:\/\/api.w.org\/{rel}","templated":true}]}}