{"id":8402,"date":"2023-05-09T09:44:31","date_gmt":"2023-05-09T06:44:31","guid":{"rendered":"https:\/\/beebipai.ee\/?post_type=product&#038;p=8402"},"modified":"2023-08-07T12:01:38","modified_gmt":"2023-08-07T09:01:38","slug":"rinnapiima-sailituskonteinerid-adapteriga-4tk","status":"publish","type":"product","link":"https:\/\/beebipai.ee\/fi\/product\/rinnapiima-sailituskonteinerid-adapteriga-4tk\/","title":{"rendered":"\u00c4idinmaidon s\u00e4ilytysastiat adapterilla, 4 kpl"},"content":{"rendered":"<div data-elementor-type=\"wp-post\" data-elementor-id=\"8402\" class=\"elementor elementor-8402\">\n\t\t\t\t\t\t<section class=\"elementor-section elementor-top-section elementor-element elementor-element-61d3717 elementor-section-boxed elementor-section-height-default elementor-section-height-default\" data-id=\"61d3717\" data-element_type=\"section\" data-e-type=\"section\">\n\t\t\t\t\t\t<div class=\"elementor-container elementor-column-gap-default\">\n\t\t\t\t\t<div class=\"elementor-column elementor-col-50 elementor-top-column elementor-element elementor-element-d29544c\" data-id=\"d29544c\" data-element_type=\"column\" data-e-type=\"column\">\n\t\t\t<div class=\"elementor-widget-wrap elementor-element-populated\">\n\t\t\t\t\t\t<div class=\"elementor-element elementor-element-cf10cef elementor-widget elementor-widget-heading\" data-id=\"cf10cef\" data-element_type=\"widget\" data-e-type=\"widget\" data-widget_type=\"heading.default\">\n\t\t\t\t<div class=\"elementor-widget-container\">\n\t\t\t\t\t<h2 class=\"elementor-heading-title elementor-size-default\">\u00c4idinmaidon s\u00e4ilytysastiat adapterilla<\/h2>\t\t\t\t<\/div>\n\t\t\t\t<\/div>\n\t\t\t\t<div class=\"elementor-element elementor-element-1e452fb elementor-widget elementor-widget-text-editor\" data-id=\"1e452fb\" data-element_type=\"widget\" data-e-type=\"widget\" data-widget_type=\"text-editor.default\">\n\t\t\t\t<div class=\"elementor-widget-container\">\n\t\t\t\t\t\t\t\t\t<p>Adapterilla varustetut rintamaidon s\u00e4ilytysastiat mahdollistavat rintamaidon ker\u00e4\u00e4misen suoraan s\u00e4ili\u00f6\u00f6n. Varmistaa puhtauden ja oikeellisuuden rintamaitoa ker\u00e4tt\u00e4ess\u00e4. S\u00e4ili\u00f6ss\u00e4 on vuotamaton kierrett\u00e4v\u00e4 kansi. Voit s\u00e4ilytt\u00e4\u00e4 rintamaitoa astiassa sek\u00e4 tavallisessa j\u00e4\u00e4kaapissa ett\u00e4 pakastimessa. S\u00e4ili\u00f6\u00f6n on helppo merkit\u00e4 tarvittavat tiedot. S\u00e4ili\u00f6 soveltuu my\u00f6s mink\u00e4 tahansa muun ruoan s\u00e4ilytykseen ja kuljetukseen. Pakkaus sis\u00e4lt\u00e4\u00e4 4 s\u00e4ili\u00f6t\u00e4 ja adapterin, joka on yhteensopiva kaikkien Kikkaboo-rintapumppujen kanssa. S\u00e4ili\u00f6n tilavuus on 180 ml. Valmistettu korkealaatuisesta BPA-vapaasta materiaalista.<\/p>\t\t\t\t\t\t\t\t<\/div>\n\t\t\t\t<\/div>\n\t\t\t\t\t<\/div>\n\t\t<\/div>\n\t\t\t\t<div class=\"elementor-column elementor-col-50 elementor-top-column elementor-element elementor-element-b2866ff\" data-id=\"b2866ff\" data-element_type=\"column\" data-e-type=\"column\">\n\t\t\t<div class=\"elementor-widget-wrap elementor-element-populated\">\n\t\t\t\t\t\t<div class=\"elementor-element elementor-element-3d05cff elementor-widget elementor-widget-image\" data-id=\"3d05cff\" data-element_type=\"widget\" data-e-type=\"widget\" data-widget_type=\"image.default\">\n\t\t\t\t<div class=\"elementor-widget-container\">\n\t\t\t\t\t\t\t\t\t\t\t\t\t\t\t<img fetchpriority=\"high\" decoding=\"async\" width=\"522\" height=\"522\" src=\"https:\/\/beebipai.ee\/wp-content\/uploads\/2023\/05\/Rinnapiima-sailituskonteinerid-2.jpg\" class=\"attachment-large size-large wp-image-8404\" alt=\"\" srcset=\"https:\/\/beebipai.ee\/wp-content\/uploads\/2023\/05\/Rinnapiima-sailituskonteinerid-2.jpg 522w, https:\/\/beebipai.ee\/wp-content\/uploads\/2023\/05\/Rinnapiima-sailituskonteinerid-2-300x300.jpg 300w, https:\/\/beebipai.ee\/wp-content\/uploads\/2023\/05\/Rinnapiima-sailituskonteinerid-2-150x150.jpg 150w, https:\/\/beebipai.ee\/wp-content\/uploads\/2023\/05\/Rinnapiima-sailituskonteinerid-2-12x12.jpg 12w, https:\/\/beebipai.ee\/wp-content\/uploads\/2023\/05\/Rinnapiima-sailituskonteinerid-2-100x100.jpg 100w\" sizes=\"(max-width: 522px) 100vw, 522px\" \/>\t\t\t\t\t\t\t\t\t\t\t\t\t\t\t<\/div>\n\t\t\t\t<\/div>\n\t\t\t\t\t<\/div>\n\t\t<\/div>\n\t\t\t\t\t<\/div>\n\t\t<\/section>\n\t\t\t\t<\/div>","protected":false},"excerpt":{"rendered":"<p>Kikkaboo rintamaidon s\u00e4ilytysastiat adapterilla mahdollistavat rintamaidon pumppaamisen suoraan s\u00e4ili\u00f6\u00f6n ja sen k\u00e4tev\u00e4n s\u00e4ilytyksen ja kuljetuksen.<\/p>","protected":false},"featured_media":8405,"template":"","meta":{"_monsterinsights_skip_tracking":false,"_monsterinsights_sitenote_active":false,"_monsterinsights_sitenote_note":"","_monsterinsights_sitenote_category":0,"site-sidebar-layout":"no-sidebar","site-content-layout":"page-builder","ast-site-content-layout":"default","site-content-style":"default","site-sidebar-style":"default","ast-global-header-display":"","ast-banner-title-visibility":"","ast-main-header-display":"","ast-hfb-above-header-display":"","ast-hfb-below-header-display":"","ast-hfb-mobile-header-display":"","site-post-title":"disabled","ast-breadcrumbs-content":"","ast-featured-img":"disabled","footer-sml-layout":"","ast-disable-related-posts":"","theme-transparent-header-meta":"default","adv-header-id-meta":"","stick-header-meta":"","header-above-stick-meta":"","header-main-stick-meta":"","header-below-stick-meta":"","astra-migrate-meta-layouts":"default","ast-page-background-enabled":"default","ast-page-background-meta":{"desktop":{"background-color":"","background-image":"","background-repeat":"repeat","background-position":"center center","background-size":"auto","background-attachment":"scroll","background-type":"","background-media":"","overlay-type":"","overlay-color":"","overlay-opacity":"","overlay-gradient":""},"tablet":{"background-color":"","background-image":"","background-repeat":"repeat","background-position":"center center","background-size":"auto","background-attachment":"scroll","background-type":"","background-media":"","overlay-type":"","overlay-color":"","overlay-opacity":"","overlay-gradient":""},"mobile":{"background-color":"","background-image":"","background-repeat":"repeat","background-position":"center center","background-size":"auto","background-attachment":"scroll","background-type":"","background-media":"","overlay-type":"","overlay-color":"","overlay-opacity":"","overlay-gradient":""}},"ast-content-background-meta":{"desktop":{"background-color":"var(--ast-global-color-5)","background-image":"","background-repeat":"repeat","background-position":"center center","background-size":"auto","background-attachment":"scroll","background-type":"","background-media":"","overlay-type":"","overlay-color":"","overlay-opacity":"","overlay-gradient":""},"tablet":{"background-color":"var(--ast-global-color-5)","background-image":"","background-repeat":"repeat","background-position":"center center","background-size":"auto","background-attachment":"scroll","background-type":"","background-media":"","overlay-type":"","overlay-color":"","overlay-opacity":"","overlay-gradient":""},"mobile":{"background-color":"var(--ast-global-color-5)","background-image":"","background-repeat":"repeat","background-position":"center center","background-size":"auto","background-attachment":"scroll","background-type":"","background-media":"","overlay-type":"","overlay-color":"","overlay-opacity":"","overlay-gradient":""}}},"product_brand":[],"product_cat":[22,103],"product_tag":[],"class_list":{"0":"post-8402","1":"product","2":"type-product","3":"status-publish","4":"has-post-thumbnail","6":"product_cat-emale","7":"product_cat-imetamine","8":"desktop-align-left","9":"tablet-align-left","10":"mobile-align-left","12":"first","13":"instock","14":"taxable","15":"shipping-taxable","16":"purchasable","17":"product-type-simple"},"yoast_head":"<!-- This site is optimized with the Yoast SEO plugin v27.3 - https:\/\/yoast.com\/product\/yoast-seo-wordpress\/ -->\n<title>Rinnapiima s\u00e4ilituskonteinerid adapteriga, 4tk - Beebipai<\/title>\n<meta name=\"description\" content=\"Rinnapiima s\u00e4ilituskonteinerid adapteriga v\u00f5imaldavad rinnapiima koguda otse konteinerisse. Vaata toodet rinnapiima s\u00e4ilituskonteinerid adapteriga!\" \/>\n<meta name=\"robots\" content=\"index, follow, max-snippet:-1, max-image-preview:large, max-video-preview:-1\" \/>\n<link rel=\"canonical\" href=\"https:\/\/beebipai.ee\/fi\/product\/rinnapiima-sailituskonteinerid-adapteriga-4tk\/\" \/>\n<meta property=\"og:locale\" content=\"fi_FI\" \/>\n<meta property=\"og:type\" content=\"article\" \/>\n<meta property=\"og:title\" content=\"Rinnapiima s\u00e4ilituskonteinerid adapteriga, 4tk - Beebipai\" \/>\n<meta property=\"og:description\" content=\"Rinnapiima s\u00e4ilituskonteinerid adapteriga v\u00f5imaldavad rinnapiima koguda otse konteinerisse. Vaata toodet rinnapiima s\u00e4ilituskonteinerid adapteriga!\" \/>\n<meta property=\"og:url\" content=\"https:\/\/beebipai.ee\/fi\/product\/rinnapiima-sailituskonteinerid-adapteriga-4tk\/\" \/>\n<meta property=\"og:site_name\" content=\"Beebipai\" \/>\n<meta property=\"article:modified_time\" content=\"2023-08-07T09:01:38+00:00\" \/>\n<meta property=\"og:image\" content=\"https:\/\/beebipai.ee\/wp-content\/uploads\/2023\/05\/Rinnapiima-sailituskonteinerid.jpg\" \/>\n\t<meta property=\"og:image:width\" content=\"522\" \/>\n\t<meta property=\"og:image:height\" content=\"522\" \/>\n\t<meta property=\"og:image:type\" content=\"image\/jpeg\" \/>\n<meta name=\"twitter:card\" content=\"summary_large_image\" \/>\n<script type=\"application\/ld+json\" class=\"yoast-schema-graph\">{\"@context\":\"https:\\\/\\\/schema.org\",\"@graph\":[{\"@type\":\"WebPage\",\"@id\":\"https:\\\/\\\/beebipai.ee\\\/lt\\\/product\\\/rinnapiima-sailituskonteinerid-adapteriga-4tk\\\/\",\"url\":\"https:\\\/\\\/beebipai.ee\\\/lt\\\/product\\\/rinnapiima-sailituskonteinerid-adapteriga-4tk\\\/\",\"name\":\"Rinnapiima s\u00e4ilituskonteinerid adapteriga, 4tk - Beebipai\",\"isPartOf\":{\"@id\":\"https:\\\/\\\/beebipai.ee\\\/en\\\/#website\"},\"primaryImageOfPage\":{\"@id\":\"https:\\\/\\\/beebipai.ee\\\/lt\\\/product\\\/rinnapiima-sailituskonteinerid-adapteriga-4tk\\\/#primaryimage\"},\"image\":{\"@id\":\"https:\\\/\\\/beebipai.ee\\\/lt\\\/product\\\/rinnapiima-sailituskonteinerid-adapteriga-4tk\\\/#primaryimage\"},\"thumbnailUrl\":\"https:\\\/\\\/beebipai.ee\\\/wp-content\\\/uploads\\\/2023\\\/05\\\/Rinnapiima-sailituskonteinerid.jpg\",\"datePublished\":\"2023-05-09T06:44:31+00:00\",\"dateModified\":\"2023-08-07T09:01:38+00:00\",\"description\":\"Rinnapiima s\u00e4ilituskonteinerid adapteriga v\u00f5imaldavad rinnapiima koguda otse konteinerisse. Vaata toodet rinnapiima s\u00e4ilituskonteinerid adapteriga!\",\"breadcrumb\":{\"@id\":\"https:\\\/\\\/beebipai.ee\\\/lt\\\/product\\\/rinnapiima-sailituskonteinerid-adapteriga-4tk\\\/#breadcrumb\"},\"inLanguage\":\"fi\",\"potentialAction\":[{\"@type\":\"ReadAction\",\"target\":[\"https:\\\/\\\/beebipai.ee\\\/lt\\\/product\\\/rinnapiima-sailituskonteinerid-adapteriga-4tk\\\/\"]}]},{\"@type\":\"ImageObject\",\"inLanguage\":\"fi\",\"@id\":\"https:\\\/\\\/beebipai.ee\\\/lt\\\/product\\\/rinnapiima-sailituskonteinerid-adapteriga-4tk\\\/#primaryimage\",\"url\":\"https:\\\/\\\/beebipai.ee\\\/wp-content\\\/uploads\\\/2023\\\/05\\\/Rinnapiima-sailituskonteinerid.jpg\",\"contentUrl\":\"https:\\\/\\\/beebipai.ee\\\/wp-content\\\/uploads\\\/2023\\\/05\\\/Rinnapiima-sailituskonteinerid.jpg\",\"width\":522,\"height\":522},{\"@type\":\"BreadcrumbList\",\"@id\":\"https:\\\/\\\/beebipai.ee\\\/lt\\\/product\\\/rinnapiima-sailituskonteinerid-adapteriga-4tk\\\/#breadcrumb\",\"itemListElement\":[{\"@type\":\"ListItem\",\"position\":1,\"name\":\"Home\",\"item\":\"https:\\\/\\\/beebipai.ee\\\/\"},{\"@type\":\"ListItem\",\"position\":2,\"name\":\"Pood\",\"item\":\"https:\\\/\\\/beebipai.ee\\\/store\\\/\"},{\"@type\":\"ListItem\",\"position\":3,\"name\":\"Rinnapiima s\u00e4ilituskonteinerid adapteriga, 4tk\"}]},{\"@type\":\"WebSite\",\"@id\":\"https:\\\/\\\/beebipai.ee\\\/en\\\/#website\",\"url\":\"https:\\\/\\\/beebipai.ee\\\/en\\\/\",\"name\":\"Beebipai\",\"description\":\"Rasedate ja beebide veebipood\",\"potentialAction\":[{\"@type\":\"SearchAction\",\"target\":{\"@type\":\"EntryPoint\",\"urlTemplate\":\"https:\\\/\\\/beebipai.ee\\\/en\\\/?s={search_term_string}\"},\"query-input\":{\"@type\":\"PropertyValueSpecification\",\"valueRequired\":true,\"valueName\":\"search_term_string\"}}],\"inLanguage\":\"fi\"}]}<\/script>\n<!-- \/ Yoast SEO plugin. -->","yoast_head_json":{"title":"Rinnapiima s\u00e4ilituskonteinerid adapteriga, 4tk - Beebipai","description":"Rinnapiima s\u00e4ilituskonteinerid adapteriga v\u00f5imaldavad rinnapiima koguda otse konteinerisse. Vaata toodet rinnapiima s\u00e4ilituskonteinerid adapteriga!","robots":{"index":"index","follow":"follow","max-snippet":"max-snippet:-1","max-image-preview":"max-image-preview:large","max-video-preview":"max-video-preview:-1"},"canonical":"https:\/\/beebipai.ee\/fi\/product\/rinnapiima-sailituskonteinerid-adapteriga-4tk\/","og_locale":"fi_FI","og_type":"article","og_title":"Rinnapiima s\u00e4ilituskonteinerid adapteriga, 4tk - Beebipai","og_description":"Rinnapiima s\u00e4ilituskonteinerid adapteriga v\u00f5imaldavad rinnapiima koguda otse konteinerisse. Vaata toodet rinnapiima s\u00e4ilituskonteinerid adapteriga!","og_url":"https:\/\/beebipai.ee\/fi\/product\/rinnapiima-sailituskonteinerid-adapteriga-4tk\/","og_site_name":"Beebipai","article_modified_time":"2023-08-07T09:01:38+00:00","og_image":[{"width":522,"height":522,"url":"https:\/\/beebipai.ee\/wp-content\/uploads\/2023\/05\/Rinnapiima-sailituskonteinerid.jpg","type":"image\/jpeg"}],"twitter_card":"summary_large_image","schema":{"@context":"https:\/\/schema.org","@graph":[{"@type":"WebPage","@id":"https:\/\/beebipai.ee\/lt\/product\/rinnapiima-sailituskonteinerid-adapteriga-4tk\/","url":"https:\/\/beebipai.ee\/lt\/product\/rinnapiima-sailituskonteinerid-adapteriga-4tk\/","name":"Rinnapiima s\u00e4ilituskonteinerid adapteriga, 4tk - Beebipai","isPartOf":{"@id":"https:\/\/beebipai.ee\/en\/#website"},"primaryImageOfPage":{"@id":"https:\/\/beebipai.ee\/lt\/product\/rinnapiima-sailituskonteinerid-adapteriga-4tk\/#primaryimage"},"image":{"@id":"https:\/\/beebipai.ee\/lt\/product\/rinnapiima-sailituskonteinerid-adapteriga-4tk\/#primaryimage"},"thumbnailUrl":"https:\/\/beebipai.ee\/wp-content\/uploads\/2023\/05\/Rinnapiima-sailituskonteinerid.jpg","datePublished":"2023-05-09T06:44:31+00:00","dateModified":"2023-08-07T09:01:38+00:00","description":"Rinnapiima s\u00e4ilituskonteinerid adapteriga v\u00f5imaldavad rinnapiima koguda otse konteinerisse. Vaata toodet rinnapiima s\u00e4ilituskonteinerid adapteriga!","breadcrumb":{"@id":"https:\/\/beebipai.ee\/lt\/product\/rinnapiima-sailituskonteinerid-adapteriga-4tk\/#breadcrumb"},"inLanguage":"fi","potentialAction":[{"@type":"ReadAction","target":["https:\/\/beebipai.ee\/lt\/product\/rinnapiima-sailituskonteinerid-adapteriga-4tk\/"]}]},{"@type":"ImageObject","inLanguage":"fi","@id":"https:\/\/beebipai.ee\/lt\/product\/rinnapiima-sailituskonteinerid-adapteriga-4tk\/#primaryimage","url":"https:\/\/beebipai.ee\/wp-content\/uploads\/2023\/05\/Rinnapiima-sailituskonteinerid.jpg","contentUrl":"https:\/\/beebipai.ee\/wp-content\/uploads\/2023\/05\/Rinnapiima-sailituskonteinerid.jpg","width":522,"height":522},{"@type":"BreadcrumbList","@id":"https:\/\/beebipai.ee\/lt\/product\/rinnapiima-sailituskonteinerid-adapteriga-4tk\/#breadcrumb","itemListElement":[{"@type":"ListItem","position":1,"name":"Home","item":"https:\/\/beebipai.ee\/"},{"@type":"ListItem","position":2,"name":"Pood","item":"https:\/\/beebipai.ee\/store\/"},{"@type":"ListItem","position":3,"name":"Rinnapiima s\u00e4ilituskonteinerid adapteriga, 4tk"}]},{"@type":"WebSite","@id":"https:\/\/beebipai.ee\/en\/#website","url":"https:\/\/beebipai.ee\/en\/","name":"Beebipai","description":"Rasedate ja beebide veebipood","potentialAction":[{"@type":"SearchAction","target":{"@type":"EntryPoint","urlTemplate":"https:\/\/beebipai.ee\/en\/?s={search_term_string}"},"query-input":{"@type":"PropertyValueSpecification","valueRequired":true,"valueName":"search_term_string"}}],"inLanguage":"fi"}]}},"_links":{"self":[{"href":"https:\/\/beebipai.ee\/fi\/wp-json\/wp\/v2\/product\/8402","targetHints":{"allow":["GET"]}}],"collection":[{"href":"https:\/\/beebipai.ee\/fi\/wp-json\/wp\/v2\/product"}],"about":[{"href":"https:\/\/beebipai.ee\/fi\/wp-json\/wp\/v2\/types\/product"}],"version-history":[{"count":5,"href":"https:\/\/beebipai.ee\/fi\/wp-json\/wp\/v2\/product\/8402\/revisions"}],"predecessor-version":[{"id":8984,"href":"https:\/\/beebipai.ee\/fi\/wp-json\/wp\/v2\/product\/8402\/revisions\/8984"}],"wp:featuredmedia":[{"embeddable":true,"href":"https:\/\/beebipai.ee\/fi\/wp-json\/wp\/v2\/media\/8405"}],"wp:attachment":[{"href":"https:\/\/beebipai.ee\/fi\/wp-json\/wp\/v2\/media?parent=8402"}],"wp:term":[{"taxonomy":"product_brand","embeddable":true,"href":"https:\/\/beebipai.ee\/fi\/wp-json\/wp\/v2\/product_brand?post=8402"},{"taxonomy":"product_cat","embeddable":true,"href":"https:\/\/beebipai.ee\/fi\/wp-json\/wp\/v2\/product_cat?post=8402"},{"taxonomy":"product_tag","embeddable":true,"href":"https:\/\/beebipai.ee\/fi\/wp-json\/wp\/v2\/product_tag?post=8402"}],"curies":[{"name":"wp","href":"https:\/\/api.w.org\/{rel}","templated":true}]}}