{"id":8058,"date":"2023-03-19T20:58:40","date_gmt":"2023-03-19T18:58:40","guid":{"rendered":"https:\/\/beebipai.ee\/?post_type=product&#038;p=8058"},"modified":"2025-09-23T12:14:57","modified_gmt":"2025-09-23T09:14:57","slug":"seraphine-rasedate-suvekleit","status":"publish","type":"product","link":"https:\/\/beebipai.ee\/fi\/product\/seraphine-rasedate-suvekleit\/","title":{"rendered":"Seraphine \u00e4itiyskes\u00e4mekko"},"content":{"rendered":"<div data-elementor-type=\"wp-post\" data-elementor-id=\"8058\" class=\"elementor elementor-8058\">\n\t\t\t\t\t\t<section class=\"elementor-section elementor-top-section elementor-element elementor-element-fa64e93 elementor-section-boxed elementor-section-height-default elementor-section-height-default\" data-id=\"fa64e93\" data-element_type=\"section\" data-e-type=\"section\">\n\t\t\t\t\t\t<div class=\"elementor-container elementor-column-gap-default\">\n\t\t\t\t\t<div class=\"elementor-column elementor-col-50 elementor-top-column elementor-element elementor-element-6c48bc0\" data-id=\"6c48bc0\" data-element_type=\"column\" data-e-type=\"column\">\n\t\t\t<div class=\"elementor-widget-wrap elementor-element-populated\">\n\t\t\t\t\t\t<div class=\"elementor-element elementor-element-3268724 elementor-widget elementor-widget-heading\" data-id=\"3268724\" data-element_type=\"widget\" data-e-type=\"widget\" data-widget_type=\"heading.default\">\n\t\t\t\t<div class=\"elementor-widget-container\">\n\t\t\t\t\t<h2 class=\"elementor-heading-title elementor-size-default\">\u00c4itiyskes\u00e4mekko<\/h2>\t\t\t\t<\/div>\n\t\t\t\t<\/div>\n\t\t\t\t<div class=\"elementor-element elementor-element-62c117b elementor-widget elementor-widget-text-editor\" data-id=\"62c117b\" data-element_type=\"widget\" data-e-type=\"widget\" data-widget_type=\"text-editor.default\">\n\t\t\t\t<div class=\"elementor-widget-container\">\n\t\t\t\t\t\t\t\t\t<p>Seraphine \u00e4itiyskes\u00e4mekko on ilmava ja kevyt. Kes\u00e4mekossa on kevyesti hajallaan oleva raita, jossa on s\u00e4\u00e4dett\u00e4v\u00e4 olkahihna rinnan alla ja se laskeutuu vapaasti vatsalle. Vuori on ihoyst\u00e4v\u00e4llist\u00e4 ja hengitt\u00e4v\u00e4\u00e4 puuvillaa. Hame on tehokkaasti monitasoinen. Sopii kaikenkokoisille raskausaikana ja synnytyksen j\u00e4lkeen. Mekko, joka voidaan napittaa edest\u00e4, mahdollistaa helpon imetyksen.\u00a0<\/p><p>Kes\u00e4mekko on helppohoitoinen, mutta kiinnit\u00e4 huomiota joihinkin hoitosuosituksiin:<\/p><ul><li>Konepesu sallittu 30 asteessa<\/li><li>v\u00e4ltt\u00e4\u00e4 valkaisua<\/li><li>v\u00e4lt\u00e4 rumpukuivausta<\/li><li>kuivapesua voidaan k\u00e4ytt\u00e4\u00e4<\/li><li>Silitys mahdollisimman alhaisella l\u00e4mm\u00f6ll\u00e4<\/li><\/ul>\t\t\t\t\t\t\t\t<\/div>\n\t\t\t\t<\/div>\n\t\t\t\t\t<\/div>\n\t\t<\/div>\n\t\t\t\t<div class=\"elementor-column elementor-col-50 elementor-top-column elementor-element elementor-element-0b45ec4\" data-id=\"0b45ec4\" data-element_type=\"column\" data-e-type=\"column\">\n\t\t\t<div class=\"elementor-widget-wrap elementor-element-populated\">\n\t\t\t\t\t\t<div class=\"elementor-element elementor-element-7f3f541 elementor-widget elementor-widget-image\" data-id=\"7f3f541\" data-element_type=\"widget\" data-e-type=\"widget\" data-widget_type=\"image.default\">\n\t\t\t\t<div class=\"elementor-widget-container\">\n\t\t\t\t\t\t\t\t\t\t\t\t\t\t\t<img fetchpriority=\"high\" decoding=\"async\" width=\"586\" height=\"750\" src=\"https:\/\/beebipai.ee\/wp-content\/uploads\/2023\/03\/Seraphine-rasedate-suvekleit-1.jpg\" class=\"attachment-large size-large wp-image-8063\" alt=\"\" srcset=\"https:\/\/beebipai.ee\/wp-content\/uploads\/2023\/03\/Seraphine-rasedate-suvekleit-1.jpg 586w, https:\/\/beebipai.ee\/wp-content\/uploads\/2023\/03\/Seraphine-rasedate-suvekleit-1-234x300.jpg 234w, https:\/\/beebipai.ee\/wp-content\/uploads\/2023\/03\/Seraphine-rasedate-suvekleit-1-9x12.jpg 9w\" sizes=\"(max-width: 586px) 100vw, 586px\" \/>\t\t\t\t\t\t\t\t\t\t\t\t\t\t\t<\/div>\n\t\t\t\t<\/div>\n\t\t\t\t\t<\/div>\n\t\t<\/div>\n\t\t\t\t\t<\/div>\n\t\t<\/section>\n\t\t\t\t<\/div>","protected":false},"excerpt":{"rendered":"<p>Seraphine \u00e4itiyskes\u00e4mekko on kevyt ja ilmava sek\u00e4 monipuolinen ja k\u00e4yt\u00e4nn\u00f6llinen. Sopii raskauteen, imetykseen ja synnytyksen j\u00e4lkeiseen aikaan.<\/p>","protected":false},"featured_media":8064,"template":"","meta":{"_monsterinsights_skip_tracking":false,"_monsterinsights_sitenote_active":false,"_monsterinsights_sitenote_note":"","_monsterinsights_sitenote_category":0,"site-sidebar-layout":"no-sidebar","site-content-layout":"page-builder","ast-site-content-layout":"full-width-container","site-content-style":"unboxed","site-sidebar-style":"unboxed","ast-global-header-display":"","ast-banner-title-visibility":"","ast-main-header-display":"","ast-hfb-above-header-display":"","ast-hfb-below-header-display":"","ast-hfb-mobile-header-display":"","site-post-title":"disabled","ast-breadcrumbs-content":"","ast-featured-img":"disabled","footer-sml-layout":"","ast-disable-related-posts":"","theme-transparent-header-meta":"default","adv-header-id-meta":"","stick-header-meta":"","header-above-stick-meta":"","header-main-stick-meta":"","header-below-stick-meta":"","astra-migrate-meta-layouts":"set","ast-page-background-enabled":"default","ast-page-background-meta":{"desktop":{"background-color":"","background-image":"","background-repeat":"repeat","background-position":"center center","background-size":"auto","background-attachment":"scroll","background-type":"","background-media":"","overlay-type":"","overlay-color":"","overlay-opacity":"","overlay-gradient":""},"tablet":{"background-color":"","background-image":"","background-repeat":"repeat","background-position":"center center","background-size":"auto","background-attachment":"scroll","background-type":"","background-media":"","overlay-type":"","overlay-color":"","overlay-opacity":"","overlay-gradient":""},"mobile":{"background-color":"","background-image":"","background-repeat":"repeat","background-position":"center center","background-size":"auto","background-attachment":"scroll","background-type":"","background-media":"","overlay-type":"","overlay-color":"","overlay-opacity":"","overlay-gradient":""}},"ast-content-background-meta":{"desktop":{"background-color":"var(--ast-global-color-5)","background-image":"","background-repeat":"repeat","background-position":"center center","background-size":"auto","background-attachment":"scroll","background-type":"","background-media":"","overlay-type":"","overlay-color":"","overlay-opacity":"","overlay-gradient":""},"tablet":{"background-color":"var(--ast-global-color-5)","background-image":"","background-repeat":"repeat","background-position":"center center","background-size":"auto","background-attachment":"scroll","background-type":"","background-media":"","overlay-type":"","overlay-color":"","overlay-opacity":"","overlay-gradient":""},"mobile":{"background-color":"var(--ast-global-color-5)","background-image":"","background-repeat":"repeat","background-position":"center center","background-size":"auto","background-attachment":"scroll","background-type":"","background-media":"","overlay-type":"","overlay-color":"","overlay-opacity":"","overlay-gradient":""}}},"product_brand":[],"product_cat":[22,133],"product_tag":[],"class_list":{"0":"post-8058","1":"product","2":"type-product","3":"status-publish","4":"has-post-thumbnail","6":"product_cat-emale","7":"product_cat-riided-rasedatele-ja-rinnaga-toitvatele-emadele","8":"desktop-align-left","9":"tablet-align-left","10":"mobile-align-left","12":"first","13":"instock","14":"sale","15":"taxable","16":"shipping-taxable","17":"purchasable","18":"product-type-variable"},"yoast_head":"<!-- This site is optimized with the Yoast SEO plugin v27.3 - https:\/\/yoast.com\/product\/yoast-seo-wordpress\/ -->\n<title>Seraphine rasedate suvekleit - Beebipai<\/title>\n<meta name=\"description\" content=\"Rasedate suvekleit on kerge ja \u00f5huline. Sobib igas raseduse suuruses ja peale s\u00fcnnitust. Vaata toodet rasedate suvekleit!\" \/>\n<meta name=\"robots\" content=\"index, follow, max-snippet:-1, max-image-preview:large, max-video-preview:-1\" \/>\n<link rel=\"canonical\" href=\"https:\/\/beebipai.ee\/fi\/product\/seraphine-rasedate-suvekleit\/\" \/>\n<meta property=\"og:locale\" content=\"fi_FI\" \/>\n<meta property=\"og:type\" content=\"article\" \/>\n<meta property=\"og:title\" content=\"Seraphine rasedate suvekleit - Beebipai\" \/>\n<meta property=\"og:description\" content=\"Rasedate suvekleit on kerge ja \u00f5huline. Sobib igas raseduse suuruses ja peale s\u00fcnnitust. Vaata toodet rasedate suvekleit!\" \/>\n<meta property=\"og:url\" content=\"https:\/\/beebipai.ee\/fi\/product\/seraphine-rasedate-suvekleit\/\" \/>\n<meta property=\"og:site_name\" content=\"Beebipai\" \/>\n<meta property=\"article:modified_time\" content=\"2025-09-23T09:14:57+00:00\" \/>\n<meta property=\"og:image\" content=\"https:\/\/beebipai.ee\/wp-content\/uploads\/2023\/03\/Seraphine-rasedate-suvekleit-2.jpg\" \/>\n\t<meta property=\"og:image:width\" content=\"586\" \/>\n\t<meta property=\"og:image:height\" content=\"750\" \/>\n\t<meta property=\"og:image:type\" content=\"image\/jpeg\" \/>\n<meta name=\"twitter:card\" content=\"summary_large_image\" \/>\n<script type=\"application\/ld+json\" class=\"yoast-schema-graph\">{\"@context\":\"https:\\\/\\\/schema.org\",\"@graph\":[{\"@type\":\"WebPage\",\"@id\":\"https:\\\/\\\/beebipai.ee\\\/product\\\/seraphine-rasedate-suvekleit\\\/\",\"url\":\"https:\\\/\\\/beebipai.ee\\\/product\\\/seraphine-rasedate-suvekleit\\\/\",\"name\":\"Seraphine rasedate suvekleit - Beebipai\",\"isPartOf\":{\"@id\":\"https:\\\/\\\/beebipai.ee\\\/en\\\/#website\"},\"primaryImageOfPage\":{\"@id\":\"https:\\\/\\\/beebipai.ee\\\/product\\\/seraphine-rasedate-suvekleit\\\/#primaryimage\"},\"image\":{\"@id\":\"https:\\\/\\\/beebipai.ee\\\/product\\\/seraphine-rasedate-suvekleit\\\/#primaryimage\"},\"thumbnailUrl\":\"https:\\\/\\\/beebipai.ee\\\/wp-content\\\/uploads\\\/2023\\\/03\\\/Seraphine-rasedate-suvekleit-2.jpg\",\"datePublished\":\"2023-03-19T18:58:40+00:00\",\"dateModified\":\"2025-09-23T09:14:57+00:00\",\"description\":\"Rasedate suvekleit on kerge ja \u00f5huline. Sobib igas raseduse suuruses ja peale s\u00fcnnitust. Vaata toodet rasedate suvekleit!\",\"breadcrumb\":{\"@id\":\"https:\\\/\\\/beebipai.ee\\\/product\\\/seraphine-rasedate-suvekleit\\\/#breadcrumb\"},\"inLanguage\":\"fi\",\"potentialAction\":[{\"@type\":\"ReadAction\",\"target\":[\"https:\\\/\\\/beebipai.ee\\\/product\\\/seraphine-rasedate-suvekleit\\\/\"]}]},{\"@type\":\"ImageObject\",\"inLanguage\":\"fi\",\"@id\":\"https:\\\/\\\/beebipai.ee\\\/product\\\/seraphine-rasedate-suvekleit\\\/#primaryimage\",\"url\":\"https:\\\/\\\/beebipai.ee\\\/wp-content\\\/uploads\\\/2023\\\/03\\\/Seraphine-rasedate-suvekleit-2.jpg\",\"contentUrl\":\"https:\\\/\\\/beebipai.ee\\\/wp-content\\\/uploads\\\/2023\\\/03\\\/Seraphine-rasedate-suvekleit-2.jpg\",\"width\":586,\"height\":750},{\"@type\":\"BreadcrumbList\",\"@id\":\"https:\\\/\\\/beebipai.ee\\\/product\\\/seraphine-rasedate-suvekleit\\\/#breadcrumb\",\"itemListElement\":[{\"@type\":\"ListItem\",\"position\":1,\"name\":\"Home\",\"item\":\"https:\\\/\\\/beebipai.ee\\\/\"},{\"@type\":\"ListItem\",\"position\":2,\"name\":\"Pood\",\"item\":\"https:\\\/\\\/beebipai.ee\\\/store\\\/\"},{\"@type\":\"ListItem\",\"position\":3,\"name\":\"Seraphine rasedate suvekleit\"}]},{\"@type\":\"WebSite\",\"@id\":\"https:\\\/\\\/beebipai.ee\\\/en\\\/#website\",\"url\":\"https:\\\/\\\/beebipai.ee\\\/en\\\/\",\"name\":\"Beebipai\",\"description\":\"Rasedate ja beebide veebipood\",\"potentialAction\":[{\"@type\":\"SearchAction\",\"target\":{\"@type\":\"EntryPoint\",\"urlTemplate\":\"https:\\\/\\\/beebipai.ee\\\/en\\\/?s={search_term_string}\"},\"query-input\":{\"@type\":\"PropertyValueSpecification\",\"valueRequired\":true,\"valueName\":\"search_term_string\"}}],\"inLanguage\":\"fi\"}]}<\/script>\n<!-- \/ Yoast SEO plugin. -->","yoast_head_json":{"title":"Seraphine rasedate suvekleit - Beebipai","description":"Rasedate suvekleit on kerge ja \u00f5huline. Sobib igas raseduse suuruses ja peale s\u00fcnnitust. Vaata toodet rasedate suvekleit!","robots":{"index":"index","follow":"follow","max-snippet":"max-snippet:-1","max-image-preview":"max-image-preview:large","max-video-preview":"max-video-preview:-1"},"canonical":"https:\/\/beebipai.ee\/fi\/product\/seraphine-rasedate-suvekleit\/","og_locale":"fi_FI","og_type":"article","og_title":"Seraphine rasedate suvekleit - Beebipai","og_description":"Rasedate suvekleit on kerge ja \u00f5huline. Sobib igas raseduse suuruses ja peale s\u00fcnnitust. Vaata toodet rasedate suvekleit!","og_url":"https:\/\/beebipai.ee\/fi\/product\/seraphine-rasedate-suvekleit\/","og_site_name":"Beebipai","article_modified_time":"2025-09-23T09:14:57+00:00","og_image":[{"width":586,"height":750,"url":"https:\/\/beebipai.ee\/wp-content\/uploads\/2023\/03\/Seraphine-rasedate-suvekleit-2.jpg","type":"image\/jpeg"}],"twitter_card":"summary_large_image","schema":{"@context":"https:\/\/schema.org","@graph":[{"@type":"WebPage","@id":"https:\/\/beebipai.ee\/product\/seraphine-rasedate-suvekleit\/","url":"https:\/\/beebipai.ee\/product\/seraphine-rasedate-suvekleit\/","name":"Seraphine rasedate suvekleit - Beebipai","isPartOf":{"@id":"https:\/\/beebipai.ee\/en\/#website"},"primaryImageOfPage":{"@id":"https:\/\/beebipai.ee\/product\/seraphine-rasedate-suvekleit\/#primaryimage"},"image":{"@id":"https:\/\/beebipai.ee\/product\/seraphine-rasedate-suvekleit\/#primaryimage"},"thumbnailUrl":"https:\/\/beebipai.ee\/wp-content\/uploads\/2023\/03\/Seraphine-rasedate-suvekleit-2.jpg","datePublished":"2023-03-19T18:58:40+00:00","dateModified":"2025-09-23T09:14:57+00:00","description":"Rasedate suvekleit on kerge ja \u00f5huline. Sobib igas raseduse suuruses ja peale s\u00fcnnitust. Vaata toodet rasedate suvekleit!","breadcrumb":{"@id":"https:\/\/beebipai.ee\/product\/seraphine-rasedate-suvekleit\/#breadcrumb"},"inLanguage":"fi","potentialAction":[{"@type":"ReadAction","target":["https:\/\/beebipai.ee\/product\/seraphine-rasedate-suvekleit\/"]}]},{"@type":"ImageObject","inLanguage":"fi","@id":"https:\/\/beebipai.ee\/product\/seraphine-rasedate-suvekleit\/#primaryimage","url":"https:\/\/beebipai.ee\/wp-content\/uploads\/2023\/03\/Seraphine-rasedate-suvekleit-2.jpg","contentUrl":"https:\/\/beebipai.ee\/wp-content\/uploads\/2023\/03\/Seraphine-rasedate-suvekleit-2.jpg","width":586,"height":750},{"@type":"BreadcrumbList","@id":"https:\/\/beebipai.ee\/product\/seraphine-rasedate-suvekleit\/#breadcrumb","itemListElement":[{"@type":"ListItem","position":1,"name":"Home","item":"https:\/\/beebipai.ee\/"},{"@type":"ListItem","position":2,"name":"Pood","item":"https:\/\/beebipai.ee\/store\/"},{"@type":"ListItem","position":3,"name":"Seraphine rasedate suvekleit"}]},{"@type":"WebSite","@id":"https:\/\/beebipai.ee\/en\/#website","url":"https:\/\/beebipai.ee\/en\/","name":"Beebipai","description":"Rasedate ja beebide veebipood","potentialAction":[{"@type":"SearchAction","target":{"@type":"EntryPoint","urlTemplate":"https:\/\/beebipai.ee\/en\/?s={search_term_string}"},"query-input":{"@type":"PropertyValueSpecification","valueRequired":true,"valueName":"search_term_string"}}],"inLanguage":"fi"}]}},"_links":{"self":[{"href":"https:\/\/beebipai.ee\/fi\/wp-json\/wp\/v2\/product\/8058","targetHints":{"allow":["GET"]}}],"collection":[{"href":"https:\/\/beebipai.ee\/fi\/wp-json\/wp\/v2\/product"}],"about":[{"href":"https:\/\/beebipai.ee\/fi\/wp-json\/wp\/v2\/types\/product"}],"version-history":[{"count":5,"href":"https:\/\/beebipai.ee\/fi\/wp-json\/wp\/v2\/product\/8058\/revisions"}],"predecessor-version":[{"id":11157,"href":"https:\/\/beebipai.ee\/fi\/wp-json\/wp\/v2\/product\/8058\/revisions\/11157"}],"wp:featuredmedia":[{"embeddable":true,"href":"https:\/\/beebipai.ee\/fi\/wp-json\/wp\/v2\/media\/8064"}],"wp:attachment":[{"href":"https:\/\/beebipai.ee\/fi\/wp-json\/wp\/v2\/media?parent=8058"}],"wp:term":[{"taxonomy":"product_brand","embeddable":true,"href":"https:\/\/beebipai.ee\/fi\/wp-json\/wp\/v2\/product_brand?post=8058"},{"taxonomy":"product_cat","embeddable":true,"href":"https:\/\/beebipai.ee\/fi\/wp-json\/wp\/v2\/product_cat?post=8058"},{"taxonomy":"product_tag","embeddable":true,"href":"https:\/\/beebipai.ee\/fi\/wp-json\/wp\/v2\/product_tag?post=8058"}],"curies":[{"name":"wp","href":"https:\/\/api.w.org\/{rel}","templated":true}]}}