{"id":7550,"date":"2023-01-06T23:29:52","date_gmt":"2023-01-06T21:29:52","guid":{"rendered":"https:\/\/beebipai.ee\/?post_type=product&#038;p=7550"},"modified":"2023-08-07T12:02:30","modified_gmt":"2023-08-07T09:02:30","slug":"pestavad-rinnapadjad-8tk-kotis","status":"publish","type":"product","link":"https:\/\/beebipai.ee\/fi\/product\/pestavad-rinnapadjad-8tk-kotis\/","title":{"rendered":"Pest\u00e4v\u00e4t rintatyynyt, 8 kpl pussissa"},"content":{"rendered":"<div data-elementor-type=\"wp-post\" data-elementor-id=\"7550\" class=\"elementor elementor-7550\">\n\t\t\t\t\t\t<section class=\"elementor-section elementor-top-section elementor-element elementor-element-332ab6f elementor-section-boxed elementor-section-height-default elementor-section-height-default\" data-id=\"332ab6f\" data-element_type=\"section\" data-e-type=\"section\">\n\t\t\t\t\t\t<div class=\"elementor-container elementor-column-gap-default\">\n\t\t\t\t\t<div class=\"elementor-column elementor-col-50 elementor-top-column elementor-element elementor-element-de440e8\" data-id=\"de440e8\" data-element_type=\"column\" data-e-type=\"column\">\n\t\t\t<div class=\"elementor-widget-wrap elementor-element-populated\">\n\t\t\t\t\t\t<div class=\"elementor-element elementor-element-adb5670 elementor-widget elementor-widget-heading\" data-id=\"adb5670\" data-element_type=\"widget\" data-e-type=\"widget\" data-widget_type=\"heading.default\">\n\t\t\t\t<div class=\"elementor-widget-container\">\n\t\t\t\t\t<h2 class=\"elementor-heading-title elementor-size-default\">Pest\u00e4v\u00e4t rintatyynyt<\/h2>\t\t\t\t<\/div>\n\t\t\t\t<\/div>\n\t\t\t\t<div class=\"elementor-element elementor-element-8d57368 elementor-widget elementor-widget-text-editor\" data-id=\"8d57368\" data-element_type=\"widget\" data-e-type=\"widget\" data-widget_type=\"text-editor.default\">\n\t\t\t\t<div class=\"elementor-widget-container\">\n\t\t\t\t\t\t\t\t\t<p>Pest\u00e4v\u00e4t rintatyynyt ovat ohuita ja mukavia, mutta eritt\u00e4in imukykyisi\u00e4. Ne tarjoavat imett\u00e4v\u00e4lle \u00e4idille kuivuutta ja turvaa maidon vuotamista vastaan. Eritt\u00e4in kest\u00e4vi\u00e4 rintapehmusteita voidaan k\u00e4ytt\u00e4\u00e4 sek\u00e4 p\u00e4iv\u00e4ll\u00e4 ett\u00e4 y\u00f6ll\u00e4.<\/p><p>Rintapehmusteissa on kolme kerrosta, jotka takaavat pehmeyden, mukavuuden ja kuivuuden:\u00a0<\/p><ul><li>ensimm\u00e4inen kerros on pehme\u00e4\u00e4 ja eritt\u00e4in imukykyist\u00e4 luomupuuvillaa. T\u00e4m\u00e4 kerros koskettaa rintaa<\/li><li>keskikerros koostuu fleecest\u00e4 ja luomupuuvillasta, jotka varmistavat vedenpit\u00e4vyyden ja pehmeyden<\/li><li>ulkokerros koostuu polyesterist\u00e4, joka on vedenpit\u00e4v\u00e4, kosteutta siirt\u00e4v\u00e4 ja vahvasti nestett\u00e4 sitova.\u00a0<\/li><\/ul><p>Setti sis\u00e4lt\u00e4\u00e4 8 rintapehmustetta ja vedenpit\u00e4v\u00e4n pussin. Voit s\u00e4ilytt\u00e4\u00e4 ja kuljettaa k\u00e4ytettyj\u00e4 rintatyynyj\u00e4 vedenpit\u00e4v\u00e4ss\u00e4 pussissa. Pussiin mahtuu my\u00f6s vauvan bambupyyhkeit\u00e4.\u00a0<\/p><p>Konepest\u00e4v\u00e4 40\u00b0C. Optimaalinen imeytyminen saavutetaan 2-3 pesun j\u00e4lkeen.\u00a0<\/p><p>Rintatyynyn halkaisija on 11 cm. Laukun koko on 15cm x 15cm<\/p>\t\t\t\t\t\t\t\t<\/div>\n\t\t\t\t<\/div>\n\t\t\t\t\t<\/div>\n\t\t<\/div>\n\t\t\t\t<div class=\"elementor-column elementor-col-50 elementor-top-column elementor-element elementor-element-cabff8d\" data-id=\"cabff8d\" data-element_type=\"column\" data-e-type=\"column\">\n\t\t\t<div class=\"elementor-widget-wrap elementor-element-populated\">\n\t\t\t\t\t\t<div class=\"elementor-element elementor-element-179fa59 elementor-widget elementor-widget-image\" data-id=\"179fa59\" data-element_type=\"widget\" data-e-type=\"widget\" data-widget_type=\"image.default\">\n\t\t\t\t<div class=\"elementor-widget-container\">\n\t\t\t\t\t\t\t\t\t\t\t\t\t\t\t<img fetchpriority=\"high\" decoding=\"async\" width=\"500\" height=\"500\" src=\"https:\/\/beebipai.ee\/wp-content\/uploads\/2023\/01\/Pestavad-rinnapadjad.webp\" class=\"attachment-large size-large wp-image-7552\" alt=\"\" srcset=\"https:\/\/beebipai.ee\/wp-content\/uploads\/2023\/01\/Pestavad-rinnapadjad.webp 500w, https:\/\/beebipai.ee\/wp-content\/uploads\/2023\/01\/Pestavad-rinnapadjad-300x300.webp 300w, https:\/\/beebipai.ee\/wp-content\/uploads\/2023\/01\/Pestavad-rinnapadjad-150x150.webp 150w, https:\/\/beebipai.ee\/wp-content\/uploads\/2023\/01\/Pestavad-rinnapadjad-12x12.webp 12w, https:\/\/beebipai.ee\/wp-content\/uploads\/2023\/01\/Pestavad-rinnapadjad-100x100.webp 100w\" sizes=\"(max-width: 500px) 100vw, 500px\" \/>\t\t\t\t\t\t\t\t\t\t\t\t\t\t\t<\/div>\n\t\t\t\t<\/div>\n\t\t\t\t\t<\/div>\n\t\t<\/div>\n\t\t\t\t\t<\/div>\n\t\t<\/section>\n\t\t\t\t<\/div>","protected":false},"excerpt":{"rendered":"<p>Pest\u00e4v\u00e4t rintatyynyt tarjoavat erinomaisen suojan ja mukavuuden imett\u00e4v\u00e4lle \u00e4idille. Helppohoitoiset ja nopeasti kuivuvat rintapehmusteet ovat eritt\u00e4in k\u00e4yt\u00e4nn\u00f6llisi\u00e4 ja k\u00e4tevi\u00e4. Ekologinen ja taloudellinen valinta.<\/p>","protected":false},"featured_media":7540,"template":"","meta":{"_monsterinsights_skip_tracking":false,"_monsterinsights_sitenote_active":false,"_monsterinsights_sitenote_note":"","_monsterinsights_sitenote_category":0,"site-sidebar-layout":"no-sidebar","site-content-layout":"page-builder","ast-site-content-layout":"default","site-content-style":"default","site-sidebar-style":"default","ast-global-header-display":"","ast-banner-title-visibility":"","ast-main-header-display":"","ast-hfb-above-header-display":"","ast-hfb-below-header-display":"","ast-hfb-mobile-header-display":"","site-post-title":"disabled","ast-breadcrumbs-content":"","ast-featured-img":"disabled","footer-sml-layout":"","ast-disable-related-posts":"","theme-transparent-header-meta":"default","adv-header-id-meta":"","stick-header-meta":"","header-above-stick-meta":"","header-main-stick-meta":"","header-below-stick-meta":"","astra-migrate-meta-layouts":"default","ast-page-background-enabled":"default","ast-page-background-meta":{"desktop":{"background-color":"","background-image":"","background-repeat":"repeat","background-position":"center center","background-size":"auto","background-attachment":"scroll","background-type":"","background-media":"","overlay-type":"","overlay-color":"","overlay-opacity":"","overlay-gradient":""},"tablet":{"background-color":"","background-image":"","background-repeat":"repeat","background-position":"center center","background-size":"auto","background-attachment":"scroll","background-type":"","background-media":"","overlay-type":"","overlay-color":"","overlay-opacity":"","overlay-gradient":""},"mobile":{"background-color":"","background-image":"","background-repeat":"repeat","background-position":"center center","background-size":"auto","background-attachment":"scroll","background-type":"","background-media":"","overlay-type":"","overlay-color":"","overlay-opacity":"","overlay-gradient":""}},"ast-content-background-meta":{"desktop":{"background-color":"var(--ast-global-color-5)","background-image":"","background-repeat":"repeat","background-position":"center center","background-size":"auto","background-attachment":"scroll","background-type":"","background-media":"","overlay-type":"","overlay-color":"","overlay-opacity":"","overlay-gradient":""},"tablet":{"background-color":"var(--ast-global-color-5)","background-image":"","background-repeat":"repeat","background-position":"center center","background-size":"auto","background-attachment":"scroll","background-type":"","background-media":"","overlay-type":"","overlay-color":"","overlay-opacity":"","overlay-gradient":""},"mobile":{"background-color":"var(--ast-global-color-5)","background-image":"","background-repeat":"repeat","background-position":"center center","background-size":"auto","background-attachment":"scroll","background-type":"","background-media":"","overlay-type":"","overlay-color":"","overlay-opacity":"","overlay-gradient":""}}},"product_brand":[],"product_cat":[22,103],"product_tag":[],"class_list":{"0":"post-7550","1":"product","2":"type-product","3":"status-publish","4":"has-post-thumbnail","6":"product_cat-emale","7":"product_cat-imetamine","8":"desktop-align-left","9":"tablet-align-left","10":"mobile-align-left","12":"first","13":"instock","14":"taxable","15":"shipping-taxable","16":"purchasable","17":"product-type-simple"},"yoast_head":"<!-- This site is optimized with the Yoast SEO plugin v27.3 - https:\/\/yoast.com\/product\/yoast-seo-wordpress\/ -->\n<title>Pestavad rinnapadjad, 8tk kotis - Beebipai<\/title>\n<meta name=\"description\" content=\"Pestavad rinnapadjad on mugavad, pehmed ja lekkekindlad. Vaata toodet pestavad rinnapadjad!\" \/>\n<meta name=\"robots\" content=\"index, follow, max-snippet:-1, max-image-preview:large, max-video-preview:-1\" \/>\n<link rel=\"canonical\" href=\"https:\/\/beebipai.ee\/fi\/product\/pestavad-rinnapadjad-8tk-kotis\/\" \/>\n<meta property=\"og:locale\" content=\"fi_FI\" \/>\n<meta property=\"og:type\" content=\"article\" \/>\n<meta property=\"og:title\" content=\"Pestavad rinnapadjad, 8tk kotis - Beebipai\" \/>\n<meta property=\"og:description\" content=\"Pestavad rinnapadjad on mugavad, pehmed ja lekkekindlad. Vaata toodet pestavad rinnapadjad!\" \/>\n<meta property=\"og:url\" content=\"https:\/\/beebipai.ee\/fi\/product\/pestavad-rinnapadjad-8tk-kotis\/\" \/>\n<meta property=\"og:site_name\" content=\"Beebipai\" \/>\n<meta property=\"article:modified_time\" content=\"2023-08-07T09:02:30+00:00\" \/>\n<meta property=\"og:image\" content=\"https:\/\/beebipai.ee\/wp-content\/uploads\/2023\/01\/Neobulle-pestavad-rinnapadjad.jpg\" \/>\n\t<meta property=\"og:image:width\" content=\"458\" \/>\n\t<meta property=\"og:image:height\" content=\"458\" \/>\n\t<meta property=\"og:image:type\" content=\"image\/jpeg\" \/>\n<meta name=\"twitter:card\" content=\"summary_large_image\" \/>\n<meta name=\"twitter:label1\" content=\"Arvioitu lukuaika\" \/>\n\t<meta name=\"twitter:data1\" content=\"1 minuutti\" \/>\n<script type=\"application\/ld+json\" class=\"yoast-schema-graph\">{\"@context\":\"https:\\\/\\\/schema.org\",\"@graph\":[{\"@type\":\"WebPage\",\"@id\":\"https:\\\/\\\/beebipai.ee\\\/lv\\\/product\\\/pestavad-rinnapadjad-8tk-kotis\\\/\",\"url\":\"https:\\\/\\\/beebipai.ee\\\/lv\\\/product\\\/pestavad-rinnapadjad-8tk-kotis\\\/\",\"name\":\"Pestavad rinnapadjad, 8tk kotis - Beebipai\",\"isPartOf\":{\"@id\":\"https:\\\/\\\/beebipai.ee\\\/en\\\/#website\"},\"primaryImageOfPage\":{\"@id\":\"https:\\\/\\\/beebipai.ee\\\/lv\\\/product\\\/pestavad-rinnapadjad-8tk-kotis\\\/#primaryimage\"},\"image\":{\"@id\":\"https:\\\/\\\/beebipai.ee\\\/lv\\\/product\\\/pestavad-rinnapadjad-8tk-kotis\\\/#primaryimage\"},\"thumbnailUrl\":\"https:\\\/\\\/beebipai.ee\\\/wp-content\\\/uploads\\\/2023\\\/01\\\/Neobulle-pestavad-rinnapadjad.jpg\",\"datePublished\":\"2023-01-06T21:29:52+00:00\",\"dateModified\":\"2023-08-07T09:02:30+00:00\",\"description\":\"Pestavad rinnapadjad on mugavad, pehmed ja lekkekindlad. Vaata toodet pestavad rinnapadjad!\",\"breadcrumb\":{\"@id\":\"https:\\\/\\\/beebipai.ee\\\/lv\\\/product\\\/pestavad-rinnapadjad-8tk-kotis\\\/#breadcrumb\"},\"inLanguage\":\"fi\",\"potentialAction\":[{\"@type\":\"ReadAction\",\"target\":[\"https:\\\/\\\/beebipai.ee\\\/lv\\\/product\\\/pestavad-rinnapadjad-8tk-kotis\\\/\"]}]},{\"@type\":\"ImageObject\",\"inLanguage\":\"fi\",\"@id\":\"https:\\\/\\\/beebipai.ee\\\/lv\\\/product\\\/pestavad-rinnapadjad-8tk-kotis\\\/#primaryimage\",\"url\":\"https:\\\/\\\/beebipai.ee\\\/wp-content\\\/uploads\\\/2023\\\/01\\\/Neobulle-pestavad-rinnapadjad.jpg\",\"contentUrl\":\"https:\\\/\\\/beebipai.ee\\\/wp-content\\\/uploads\\\/2023\\\/01\\\/Neobulle-pestavad-rinnapadjad.jpg\",\"width\":458,\"height\":458},{\"@type\":\"BreadcrumbList\",\"@id\":\"https:\\\/\\\/beebipai.ee\\\/lv\\\/product\\\/pestavad-rinnapadjad-8tk-kotis\\\/#breadcrumb\",\"itemListElement\":[{\"@type\":\"ListItem\",\"position\":1,\"name\":\"Home\",\"item\":\"https:\\\/\\\/beebipai.ee\\\/\"},{\"@type\":\"ListItem\",\"position\":2,\"name\":\"Pood\",\"item\":\"https:\\\/\\\/beebipai.ee\\\/store\\\/\"},{\"@type\":\"ListItem\",\"position\":3,\"name\":\"Pestavad rinnapadjad, 8tk kotis\"}]},{\"@type\":\"WebSite\",\"@id\":\"https:\\\/\\\/beebipai.ee\\\/en\\\/#website\",\"url\":\"https:\\\/\\\/beebipai.ee\\\/en\\\/\",\"name\":\"Beebipai\",\"description\":\"Rasedate ja beebide veebipood\",\"potentialAction\":[{\"@type\":\"SearchAction\",\"target\":{\"@type\":\"EntryPoint\",\"urlTemplate\":\"https:\\\/\\\/beebipai.ee\\\/en\\\/?s={search_term_string}\"},\"query-input\":{\"@type\":\"PropertyValueSpecification\",\"valueRequired\":true,\"valueName\":\"search_term_string\"}}],\"inLanguage\":\"fi\"}]}<\/script>\n<!-- \/ Yoast SEO plugin. -->","yoast_head_json":{"title":"Pestavad rinnapadjad, 8tk kotis - Beebipai","description":"Pestavad rinnapadjad on mugavad, pehmed ja lekkekindlad. Vaata toodet pestavad rinnapadjad!","robots":{"index":"index","follow":"follow","max-snippet":"max-snippet:-1","max-image-preview":"max-image-preview:large","max-video-preview":"max-video-preview:-1"},"canonical":"https:\/\/beebipai.ee\/fi\/product\/pestavad-rinnapadjad-8tk-kotis\/","og_locale":"fi_FI","og_type":"article","og_title":"Pestavad rinnapadjad, 8tk kotis - Beebipai","og_description":"Pestavad rinnapadjad on mugavad, pehmed ja lekkekindlad. Vaata toodet pestavad rinnapadjad!","og_url":"https:\/\/beebipai.ee\/fi\/product\/pestavad-rinnapadjad-8tk-kotis\/","og_site_name":"Beebipai","article_modified_time":"2023-08-07T09:02:30+00:00","og_image":[{"width":458,"height":458,"url":"https:\/\/beebipai.ee\/wp-content\/uploads\/2023\/01\/Neobulle-pestavad-rinnapadjad.jpg","type":"image\/jpeg"}],"twitter_card":"summary_large_image","twitter_misc":{"Arvioitu lukuaika":"1 minuutti"},"schema":{"@context":"https:\/\/schema.org","@graph":[{"@type":"WebPage","@id":"https:\/\/beebipai.ee\/lv\/product\/pestavad-rinnapadjad-8tk-kotis\/","url":"https:\/\/beebipai.ee\/lv\/product\/pestavad-rinnapadjad-8tk-kotis\/","name":"Pestavad rinnapadjad, 8tk kotis - Beebipai","isPartOf":{"@id":"https:\/\/beebipai.ee\/en\/#website"},"primaryImageOfPage":{"@id":"https:\/\/beebipai.ee\/lv\/product\/pestavad-rinnapadjad-8tk-kotis\/#primaryimage"},"image":{"@id":"https:\/\/beebipai.ee\/lv\/product\/pestavad-rinnapadjad-8tk-kotis\/#primaryimage"},"thumbnailUrl":"https:\/\/beebipai.ee\/wp-content\/uploads\/2023\/01\/Neobulle-pestavad-rinnapadjad.jpg","datePublished":"2023-01-06T21:29:52+00:00","dateModified":"2023-08-07T09:02:30+00:00","description":"Pestavad rinnapadjad on mugavad, pehmed ja lekkekindlad. Vaata toodet pestavad rinnapadjad!","breadcrumb":{"@id":"https:\/\/beebipai.ee\/lv\/product\/pestavad-rinnapadjad-8tk-kotis\/#breadcrumb"},"inLanguage":"fi","potentialAction":[{"@type":"ReadAction","target":["https:\/\/beebipai.ee\/lv\/product\/pestavad-rinnapadjad-8tk-kotis\/"]}]},{"@type":"ImageObject","inLanguage":"fi","@id":"https:\/\/beebipai.ee\/lv\/product\/pestavad-rinnapadjad-8tk-kotis\/#primaryimage","url":"https:\/\/beebipai.ee\/wp-content\/uploads\/2023\/01\/Neobulle-pestavad-rinnapadjad.jpg","contentUrl":"https:\/\/beebipai.ee\/wp-content\/uploads\/2023\/01\/Neobulle-pestavad-rinnapadjad.jpg","width":458,"height":458},{"@type":"BreadcrumbList","@id":"https:\/\/beebipai.ee\/lv\/product\/pestavad-rinnapadjad-8tk-kotis\/#breadcrumb","itemListElement":[{"@type":"ListItem","position":1,"name":"Home","item":"https:\/\/beebipai.ee\/"},{"@type":"ListItem","position":2,"name":"Pood","item":"https:\/\/beebipai.ee\/store\/"},{"@type":"ListItem","position":3,"name":"Pestavad rinnapadjad, 8tk kotis"}]},{"@type":"WebSite","@id":"https:\/\/beebipai.ee\/en\/#website","url":"https:\/\/beebipai.ee\/en\/","name":"Beebipai","description":"Rasedate ja beebide veebipood","potentialAction":[{"@type":"SearchAction","target":{"@type":"EntryPoint","urlTemplate":"https:\/\/beebipai.ee\/en\/?s={search_term_string}"},"query-input":{"@type":"PropertyValueSpecification","valueRequired":true,"valueName":"search_term_string"}}],"inLanguage":"fi"}]}},"_links":{"self":[{"href":"https:\/\/beebipai.ee\/fi\/wp-json\/wp\/v2\/product\/7550","targetHints":{"allow":["GET"]}}],"collection":[{"href":"https:\/\/beebipai.ee\/fi\/wp-json\/wp\/v2\/product"}],"about":[{"href":"https:\/\/beebipai.ee\/fi\/wp-json\/wp\/v2\/types\/product"}],"version-history":[{"count":5,"href":"https:\/\/beebipai.ee\/fi\/wp-json\/wp\/v2\/product\/7550\/revisions"}],"predecessor-version":[{"id":8985,"href":"https:\/\/beebipai.ee\/fi\/wp-json\/wp\/v2\/product\/7550\/revisions\/8985"}],"wp:featuredmedia":[{"embeddable":true,"href":"https:\/\/beebipai.ee\/fi\/wp-json\/wp\/v2\/media\/7540"}],"wp:attachment":[{"href":"https:\/\/beebipai.ee\/fi\/wp-json\/wp\/v2\/media?parent=7550"}],"wp:term":[{"taxonomy":"product_brand","embeddable":true,"href":"https:\/\/beebipai.ee\/fi\/wp-json\/wp\/v2\/product_brand?post=7550"},{"taxonomy":"product_cat","embeddable":true,"href":"https:\/\/beebipai.ee\/fi\/wp-json\/wp\/v2\/product_cat?post=7550"},{"taxonomy":"product_tag","embeddable":true,"href":"https:\/\/beebipai.ee\/fi\/wp-json\/wp\/v2\/product_tag?post=7550"}],"curies":[{"name":"wp","href":"https:\/\/api.w.org\/{rel}","templated":true}]}}