{"id":7535,"date":"2023-01-06T22:59:19","date_gmt":"2023-01-06T20:59:19","guid":{"rendered":"https:\/\/beebipai.ee\/?post_type=product&#038;p=7535"},"modified":"2023-04-08T17:30:38","modified_gmt":"2023-04-08T14:30:38","slug":"beebide-puhastus-kuivatuslapid-bambusest-5tk-pakis","status":"publish","type":"product","link":"https:\/\/beebipai.ee\/fi\/product\/beebide-puhastus-kuivatuslapid-bambusest-5tk-pakis\/","title":{"rendered":"Bambu puhdistus-\/kuivausliinat vauvoille, 5 kpl pakkauksessa"},"content":{"rendered":"<div data-elementor-type=\"wp-post\" data-elementor-id=\"7535\" class=\"elementor elementor-7535\">\n\t\t\t\t\t\t<section class=\"elementor-section elementor-top-section elementor-element elementor-element-da1ab6b elementor-section-boxed elementor-section-height-default elementor-section-height-default\" data-id=\"da1ab6b\" data-element_type=\"section\" data-e-type=\"section\">\n\t\t\t\t\t\t<div class=\"elementor-container elementor-column-gap-default\">\n\t\t\t\t\t<div class=\"elementor-column elementor-col-33 elementor-top-column elementor-element elementor-element-dce511d\" data-id=\"dce511d\" data-element_type=\"column\" data-e-type=\"column\">\n\t\t\t<div class=\"elementor-widget-wrap elementor-element-populated\">\n\t\t\t\t\t\t<div class=\"elementor-element elementor-element-cf680b0 elementor-widget elementor-widget-image\" data-id=\"cf680b0\" data-element_type=\"widget\" data-e-type=\"widget\" data-widget_type=\"image.default\">\n\t\t\t\t<div class=\"elementor-widget-container\">\n\t\t\t\t\t\t\t\t\t\t\t\t\t\t\t<img fetchpriority=\"high\" decoding=\"async\" width=\"768\" height=\"768\" src=\"https:\/\/beebipai.ee\/wp-content\/uploads\/2023\/01\/Bambusest-puhastuslapid-beebidele-768x768.jpg\" class=\"attachment-medium_large size-medium_large wp-image-7536\" alt=\"\" srcset=\"https:\/\/beebipai.ee\/wp-content\/uploads\/2023\/01\/Bambusest-puhastuslapid-beebidele-768x768.jpg 768w, https:\/\/beebipai.ee\/wp-content\/uploads\/2023\/01\/Bambusest-puhastuslapid-beebidele-e1673038735459-300x300.jpg 300w, https:\/\/beebipai.ee\/wp-content\/uploads\/2023\/01\/Bambusest-puhastuslapid-beebidele-e1673038735459-150x150.jpg 150w, https:\/\/beebipai.ee\/wp-content\/uploads\/2023\/01\/Bambusest-puhastuslapid-beebidele-e1673038735459-12x12.jpg 12w, https:\/\/beebipai.ee\/wp-content\/uploads\/2023\/01\/Bambusest-puhastuslapid-beebidele-600x600.jpg 600w, https:\/\/beebipai.ee\/wp-content\/uploads\/2023\/01\/Bambusest-puhastuslapid-beebidele-e1673038735459-100x100.jpg 100w, https:\/\/beebipai.ee\/wp-content\/uploads\/2023\/01\/Bambusest-puhastuslapid-beebidele-e1673038735459.jpg 400w\" sizes=\"(max-width: 768px) 100vw, 768px\" \/>\t\t\t\t\t\t\t\t\t\t\t\t\t\t\t<\/div>\n\t\t\t\t<\/div>\n\t\t\t\t\t<\/div>\n\t\t<\/div>\n\t\t\t\t<div class=\"elementor-column elementor-col-33 elementor-top-column elementor-element elementor-element-23d9cd3\" data-id=\"23d9cd3\" data-element_type=\"column\" data-e-type=\"column\">\n\t\t\t<div class=\"elementor-widget-wrap elementor-element-populated\">\n\t\t\t\t\t\t<div class=\"elementor-element elementor-element-c768ccd elementor-widget elementor-widget-heading\" data-id=\"c768ccd\" data-element_type=\"widget\" data-e-type=\"widget\" data-widget_type=\"heading.default\">\n\t\t\t\t<div class=\"elementor-widget-container\">\n\t\t\t\t\t<h2 class=\"elementor-heading-title elementor-size-default\">Bambu puhdistus-\/kuivausliinat vauvoille<\/h2>\t\t\t\t<\/div>\n\t\t\t\t<\/div>\n\t\t\t\t<div class=\"elementor-element elementor-element-8f1e145 elementor-widget elementor-widget-text-editor\" data-id=\"8f1e145\" data-element_type=\"widget\" data-e-type=\"widget\" data-widget_type=\"text-editor.default\">\n\t\t\t\t<div class=\"elementor-widget-container\">\n\t\t\t\t\t\t\t\t\t<p>Pehme\u00e4t bambu puhdistusliinat ovat uudelleenk\u00e4ytett\u00e4vi\u00e4 ja helppohoitoisia. Puhdistusliinat ovat kaksipuolisia, joista toinen puoli on tarkoitettu puhdistukseen pehme\u00e4ll\u00e4 puhdistusmaidolla ja toinen puoli eritt\u00e4in imukykyinen kuivausta varten. Puhdistusliinat ovat helposti pest\u00e4vi\u00e4 ja j\u00e4lleen k\u00e4ytt\u00f6valmiita.<\/p><p>Puhdistusliinan koko on 15 cm x 15 cm<\/p>\t\t\t\t\t\t\t\t<\/div>\n\t\t\t\t<\/div>\n\t\t\t\t\t<\/div>\n\t\t<\/div>\n\t\t\t\t<div class=\"elementor-column elementor-col-33 elementor-top-column elementor-element elementor-element-04ccd14\" data-id=\"04ccd14\" data-element_type=\"column\" data-e-type=\"column\">\n\t\t\t<div class=\"elementor-widget-wrap elementor-element-populated\">\n\t\t\t\t\t\t<div class=\"elementor-element elementor-element-88f3b28 elementor-widget elementor-widget-image\" data-id=\"88f3b28\" data-element_type=\"widget\" data-e-type=\"widget\" data-widget_type=\"image.default\">\n\t\t\t\t<div class=\"elementor-widget-container\">\n\t\t\t\t\t\t\t\t\t\t\t\t\t\t\t<img decoding=\"async\" width=\"500\" height=\"500\" src=\"https:\/\/beebipai.ee\/wp-content\/uploads\/2023\/01\/Neobulle-bambusest-puhasuslapid-beebidele.jpg\" class=\"attachment-medium_large size-medium_large wp-image-7537\" alt=\"\" srcset=\"https:\/\/beebipai.ee\/wp-content\/uploads\/2023\/01\/Neobulle-bambusest-puhasuslapid-beebidele.jpg 500w, https:\/\/beebipai.ee\/wp-content\/uploads\/2023\/01\/Neobulle-bambusest-puhasuslapid-beebidele-300x300.jpg 300w, https:\/\/beebipai.ee\/wp-content\/uploads\/2023\/01\/Neobulle-bambusest-puhasuslapid-beebidele-150x150.jpg 150w, https:\/\/beebipai.ee\/wp-content\/uploads\/2023\/01\/Neobulle-bambusest-puhasuslapid-beebidele-12x12.jpg 12w, https:\/\/beebipai.ee\/wp-content\/uploads\/2023\/01\/Neobulle-bambusest-puhasuslapid-beebidele-100x100.jpg 100w\" sizes=\"(max-width: 500px) 100vw, 500px\" \/>\t\t\t\t\t\t\t\t\t\t\t\t\t\t\t<\/div>\n\t\t\t\t<\/div>\n\t\t\t\t\t<\/div>\n\t\t<\/div>\n\t\t\t\t\t<\/div>\n\t\t<\/section>\n\t\t\t\t<\/div>","protected":false},"excerpt":{"rendered":"<p>Vauvan puhdistus-\/kuivausliinat bambusta ovat k\u00e4yt\u00e4nn\u00f6llisi\u00e4 ja miellytt\u00e4vi\u00e4 vauvan iholle. Ne puhdistavat vauvan ihon hell\u00e4varaisesti ja hell\u00e4varaisesti lialta ja kuivaavat ylim\u00e4\u00e4r\u00e4isen kosteuden. Puhdistusliinat ovat sek\u00e4 taloudellisia ett\u00e4 ekologisia.<\/p>\n<p>Pakkauksessa 5 pehme\u00e4\u00e4 laastaria<\/p>","protected":false},"featured_media":7538,"template":"","meta":{"_monsterinsights_skip_tracking":false,"_monsterinsights_sitenote_active":false,"_monsterinsights_sitenote_note":"","_monsterinsights_sitenote_category":0,"site-sidebar-layout":"no-sidebar","site-content-layout":"page-builder","ast-site-content-layout":"default","site-content-style":"default","site-sidebar-style":"default","ast-global-header-display":"","ast-banner-title-visibility":"","ast-main-header-display":"","ast-hfb-above-header-display":"","ast-hfb-below-header-display":"","ast-hfb-mobile-header-display":"","site-post-title":"disabled","ast-breadcrumbs-content":"","ast-featured-img":"disabled","footer-sml-layout":"","ast-disable-related-posts":"","theme-transparent-header-meta":"default","adv-header-id-meta":"","stick-header-meta":"","header-above-stick-meta":"","header-main-stick-meta":"","header-below-stick-meta":"","astra-migrate-meta-layouts":"default","ast-page-background-enabled":"default","ast-page-background-meta":{"desktop":{"background-color":"","background-image":"","background-repeat":"repeat","background-position":"center center","background-size":"auto","background-attachment":"scroll","background-type":"","background-media":"","overlay-type":"","overlay-color":"","overlay-opacity":"","overlay-gradient":""},"tablet":{"background-color":"","background-image":"","background-repeat":"repeat","background-position":"center center","background-size":"auto","background-attachment":"scroll","background-type":"","background-media":"","overlay-type":"","overlay-color":"","overlay-opacity":"","overlay-gradient":""},"mobile":{"background-color":"","background-image":"","background-repeat":"repeat","background-position":"center center","background-size":"auto","background-attachment":"scroll","background-type":"","background-media":"","overlay-type":"","overlay-color":"","overlay-opacity":"","overlay-gradient":""}},"ast-content-background-meta":{"desktop":{"background-color":"var(--ast-global-color-5)","background-image":"","background-repeat":"repeat","background-position":"center center","background-size":"auto","background-attachment":"scroll","background-type":"","background-media":"","overlay-type":"","overlay-color":"","overlay-opacity":"","overlay-gradient":""},"tablet":{"background-color":"var(--ast-global-color-5)","background-image":"","background-repeat":"repeat","background-position":"center center","background-size":"auto","background-attachment":"scroll","background-type":"","background-media":"","overlay-type":"","overlay-color":"","overlay-opacity":"","overlay-gradient":""},"mobile":{"background-color":"var(--ast-global-color-5)","background-image":"","background-repeat":"repeat","background-position":"center center","background-size":"auto","background-attachment":"scroll","background-type":"","background-media":"","overlay-type":"","overlay-color":"","overlay-opacity":"","overlay-gradient":""}}},"product_brand":[],"product_cat":[23,94,143],"product_tag":[],"class_list":{"0":"post-7535","1":"product","2":"type-product","3":"status-publish","4":"has-post-thumbnail","6":"product_cat-beebile","7":"product_cat-nahahooldus","8":"product_cat-sootmiseks-soomiseks","9":"desktop-align-left","10":"tablet-align-left","11":"mobile-align-left","13":"first","14":"instock","15":"taxable","16":"shipping-taxable","17":"purchasable","18":"product-type-simple"},"yoast_head":"<!-- This site is optimized with the Yoast SEO plugin v27.3 - https:\/\/yoast.com\/product\/yoast-seo-wordpress\/ -->\n<title>Beebide puhastus\/kuivatuslapid bambusest, 5tk pakis - Beebipai<\/title>\n<meta name=\"description\" content=\"Beebide puhastus\/kuivatuslapid bambusest puhastavad ja kuivatavad kergelt ja pehmelt beebi naha. Vaata toodet beebide puhastus\/kuivatuslapid bambusest!\" \/>\n<meta name=\"robots\" content=\"index, follow, max-snippet:-1, max-image-preview:large, max-video-preview:-1\" \/>\n<link rel=\"canonical\" href=\"https:\/\/beebipai.ee\/fi\/product\/beebide-puhastus-kuivatuslapid-bambusest-5tk-pakis\/\" \/>\n<meta property=\"og:locale\" content=\"fi_FI\" \/>\n<meta property=\"og:type\" content=\"article\" \/>\n<meta property=\"og:title\" content=\"Beebide puhastus\/kuivatuslapid bambusest, 5tk pakis - Beebipai\" \/>\n<meta property=\"og:description\" content=\"Beebide puhastus\/kuivatuslapid bambusest puhastavad ja kuivatavad kergelt ja pehmelt beebi naha. Vaata toodet beebide puhastus\/kuivatuslapid bambusest!\" \/>\n<meta property=\"og:url\" content=\"https:\/\/beebipai.ee\/fi\/product\/beebide-puhastus-kuivatuslapid-bambusest-5tk-pakis\/\" \/>\n<meta property=\"og:site_name\" content=\"Beebipai\" \/>\n<meta property=\"article:modified_time\" content=\"2023-04-08T14:30:38+00:00\" \/>\n<meta property=\"og:image\" content=\"https:\/\/beebipai.ee\/wp-content\/uploads\/2023\/01\/Neobulle-beebide-puhastuslapid-bambusest.webp\" \/>\n\t<meta property=\"og:image:width\" content=\"500\" \/>\n\t<meta property=\"og:image:height\" content=\"500\" \/>\n\t<meta property=\"og:image:type\" content=\"image\/webp\" \/>\n<meta name=\"twitter:card\" content=\"summary_large_image\" \/>\n<script type=\"application\/ld+json\" class=\"yoast-schema-graph\">{\"@context\":\"https:\\\/\\\/schema.org\",\"@graph\":[{\"@type\":\"WebPage\",\"@id\":\"https:\\\/\\\/beebipai.ee\\\/product\\\/beebide-puhastus-kuivatuslapid-bambusest-5tk-pakis\\\/\",\"url\":\"https:\\\/\\\/beebipai.ee\\\/product\\\/beebide-puhastus-kuivatuslapid-bambusest-5tk-pakis\\\/\",\"name\":\"Beebide puhastus\\\/kuivatuslapid bambusest, 5tk pakis - Beebipai\",\"isPartOf\":{\"@id\":\"https:\\\/\\\/beebipai.ee\\\/en\\\/#website\"},\"primaryImageOfPage\":{\"@id\":\"https:\\\/\\\/beebipai.ee\\\/product\\\/beebide-puhastus-kuivatuslapid-bambusest-5tk-pakis\\\/#primaryimage\"},\"image\":{\"@id\":\"https:\\\/\\\/beebipai.ee\\\/product\\\/beebide-puhastus-kuivatuslapid-bambusest-5tk-pakis\\\/#primaryimage\"},\"thumbnailUrl\":\"https:\\\/\\\/beebipai.ee\\\/wp-content\\\/uploads\\\/2023\\\/01\\\/Neobulle-beebide-puhastuslapid-bambusest.webp\",\"datePublished\":\"2023-01-06T20:59:19+00:00\",\"dateModified\":\"2023-04-08T14:30:38+00:00\",\"description\":\"Beebide puhastus\\\/kuivatuslapid bambusest puhastavad ja kuivatavad kergelt ja pehmelt beebi naha. Vaata toodet beebide puhastus\\\/kuivatuslapid bambusest!\",\"breadcrumb\":{\"@id\":\"https:\\\/\\\/beebipai.ee\\\/product\\\/beebide-puhastus-kuivatuslapid-bambusest-5tk-pakis\\\/#breadcrumb\"},\"inLanguage\":\"fi\",\"potentialAction\":[{\"@type\":\"ReadAction\",\"target\":[\"https:\\\/\\\/beebipai.ee\\\/product\\\/beebide-puhastus-kuivatuslapid-bambusest-5tk-pakis\\\/\"]}]},{\"@type\":\"ImageObject\",\"inLanguage\":\"fi\",\"@id\":\"https:\\\/\\\/beebipai.ee\\\/product\\\/beebide-puhastus-kuivatuslapid-bambusest-5tk-pakis\\\/#primaryimage\",\"url\":\"https:\\\/\\\/beebipai.ee\\\/wp-content\\\/uploads\\\/2023\\\/01\\\/Neobulle-beebide-puhastuslapid-bambusest.webp\",\"contentUrl\":\"https:\\\/\\\/beebipai.ee\\\/wp-content\\\/uploads\\\/2023\\\/01\\\/Neobulle-beebide-puhastuslapid-bambusest.webp\",\"width\":500,\"height\":500},{\"@type\":\"BreadcrumbList\",\"@id\":\"https:\\\/\\\/beebipai.ee\\\/product\\\/beebide-puhastus-kuivatuslapid-bambusest-5tk-pakis\\\/#breadcrumb\",\"itemListElement\":[{\"@type\":\"ListItem\",\"position\":1,\"name\":\"Home\",\"item\":\"https:\\\/\\\/beebipai.ee\\\/\"},{\"@type\":\"ListItem\",\"position\":2,\"name\":\"Pood\",\"item\":\"https:\\\/\\\/beebipai.ee\\\/store\\\/\"},{\"@type\":\"ListItem\",\"position\":3,\"name\":\"Beebide puhastus\\\/kuivatuslapid bambusest, 5tk pakis\"}]},{\"@type\":\"WebSite\",\"@id\":\"https:\\\/\\\/beebipai.ee\\\/en\\\/#website\",\"url\":\"https:\\\/\\\/beebipai.ee\\\/en\\\/\",\"name\":\"Beebipai\",\"description\":\"Rasedate ja beebide veebipood\",\"potentialAction\":[{\"@type\":\"SearchAction\",\"target\":{\"@type\":\"EntryPoint\",\"urlTemplate\":\"https:\\\/\\\/beebipai.ee\\\/en\\\/?s={search_term_string}\"},\"query-input\":{\"@type\":\"PropertyValueSpecification\",\"valueRequired\":true,\"valueName\":\"search_term_string\"}}],\"inLanguage\":\"fi\"}]}<\/script>\n<!-- \/ Yoast SEO plugin. -->","yoast_head_json":{"title":"Beebide puhastus\/kuivatuslapid bambusest, 5tk pakis - Beebipai","description":"Beebide puhastus\/kuivatuslapid bambusest puhastavad ja kuivatavad kergelt ja pehmelt beebi naha. Vaata toodet beebide puhastus\/kuivatuslapid bambusest!","robots":{"index":"index","follow":"follow","max-snippet":"max-snippet:-1","max-image-preview":"max-image-preview:large","max-video-preview":"max-video-preview:-1"},"canonical":"https:\/\/beebipai.ee\/fi\/product\/beebide-puhastus-kuivatuslapid-bambusest-5tk-pakis\/","og_locale":"fi_FI","og_type":"article","og_title":"Beebide puhastus\/kuivatuslapid bambusest, 5tk pakis - Beebipai","og_description":"Beebide puhastus\/kuivatuslapid bambusest puhastavad ja kuivatavad kergelt ja pehmelt beebi naha. Vaata toodet beebide puhastus\/kuivatuslapid bambusest!","og_url":"https:\/\/beebipai.ee\/fi\/product\/beebide-puhastus-kuivatuslapid-bambusest-5tk-pakis\/","og_site_name":"Beebipai","article_modified_time":"2023-04-08T14:30:38+00:00","og_image":[{"width":500,"height":500,"url":"https:\/\/beebipai.ee\/wp-content\/uploads\/2023\/01\/Neobulle-beebide-puhastuslapid-bambusest.webp","type":"image\/webp"}],"twitter_card":"summary_large_image","schema":{"@context":"https:\/\/schema.org","@graph":[{"@type":"WebPage","@id":"https:\/\/beebipai.ee\/product\/beebide-puhastus-kuivatuslapid-bambusest-5tk-pakis\/","url":"https:\/\/beebipai.ee\/product\/beebide-puhastus-kuivatuslapid-bambusest-5tk-pakis\/","name":"Beebide puhastus\/kuivatuslapid bambusest, 5tk pakis - Beebipai","isPartOf":{"@id":"https:\/\/beebipai.ee\/en\/#website"},"primaryImageOfPage":{"@id":"https:\/\/beebipai.ee\/product\/beebide-puhastus-kuivatuslapid-bambusest-5tk-pakis\/#primaryimage"},"image":{"@id":"https:\/\/beebipai.ee\/product\/beebide-puhastus-kuivatuslapid-bambusest-5tk-pakis\/#primaryimage"},"thumbnailUrl":"https:\/\/beebipai.ee\/wp-content\/uploads\/2023\/01\/Neobulle-beebide-puhastuslapid-bambusest.webp","datePublished":"2023-01-06T20:59:19+00:00","dateModified":"2023-04-08T14:30:38+00:00","description":"Beebide puhastus\/kuivatuslapid bambusest puhastavad ja kuivatavad kergelt ja pehmelt beebi naha. Vaata toodet beebide puhastus\/kuivatuslapid bambusest!","breadcrumb":{"@id":"https:\/\/beebipai.ee\/product\/beebide-puhastus-kuivatuslapid-bambusest-5tk-pakis\/#breadcrumb"},"inLanguage":"fi","potentialAction":[{"@type":"ReadAction","target":["https:\/\/beebipai.ee\/product\/beebide-puhastus-kuivatuslapid-bambusest-5tk-pakis\/"]}]},{"@type":"ImageObject","inLanguage":"fi","@id":"https:\/\/beebipai.ee\/product\/beebide-puhastus-kuivatuslapid-bambusest-5tk-pakis\/#primaryimage","url":"https:\/\/beebipai.ee\/wp-content\/uploads\/2023\/01\/Neobulle-beebide-puhastuslapid-bambusest.webp","contentUrl":"https:\/\/beebipai.ee\/wp-content\/uploads\/2023\/01\/Neobulle-beebide-puhastuslapid-bambusest.webp","width":500,"height":500},{"@type":"BreadcrumbList","@id":"https:\/\/beebipai.ee\/product\/beebide-puhastus-kuivatuslapid-bambusest-5tk-pakis\/#breadcrumb","itemListElement":[{"@type":"ListItem","position":1,"name":"Home","item":"https:\/\/beebipai.ee\/"},{"@type":"ListItem","position":2,"name":"Pood","item":"https:\/\/beebipai.ee\/store\/"},{"@type":"ListItem","position":3,"name":"Beebide puhastus\/kuivatuslapid bambusest, 5tk pakis"}]},{"@type":"WebSite","@id":"https:\/\/beebipai.ee\/en\/#website","url":"https:\/\/beebipai.ee\/en\/","name":"Beebipai","description":"Rasedate ja beebide veebipood","potentialAction":[{"@type":"SearchAction","target":{"@type":"EntryPoint","urlTemplate":"https:\/\/beebipai.ee\/en\/?s={search_term_string}"},"query-input":{"@type":"PropertyValueSpecification","valueRequired":true,"valueName":"search_term_string"}}],"inLanguage":"fi"}]}},"_links":{"self":[{"href":"https:\/\/beebipai.ee\/fi\/wp-json\/wp\/v2\/product\/7535","targetHints":{"allow":["GET"]}}],"collection":[{"href":"https:\/\/beebipai.ee\/fi\/wp-json\/wp\/v2\/product"}],"about":[{"href":"https:\/\/beebipai.ee\/fi\/wp-json\/wp\/v2\/types\/product"}],"version-history":[{"count":5,"href":"https:\/\/beebipai.ee\/fi\/wp-json\/wp\/v2\/product\/7535\/revisions"}],"predecessor-version":[{"id":7549,"href":"https:\/\/beebipai.ee\/fi\/wp-json\/wp\/v2\/product\/7535\/revisions\/7549"}],"wp:featuredmedia":[{"embeddable":true,"href":"https:\/\/beebipai.ee\/fi\/wp-json\/wp\/v2\/media\/7538"}],"wp:attachment":[{"href":"https:\/\/beebipai.ee\/fi\/wp-json\/wp\/v2\/media?parent=7535"}],"wp:term":[{"taxonomy":"product_brand","embeddable":true,"href":"https:\/\/beebipai.ee\/fi\/wp-json\/wp\/v2\/product_brand?post=7535"},{"taxonomy":"product_cat","embeddable":true,"href":"https:\/\/beebipai.ee\/fi\/wp-json\/wp\/v2\/product_cat?post=7535"},{"taxonomy":"product_tag","embeddable":true,"href":"https:\/\/beebipai.ee\/fi\/wp-json\/wp\/v2\/product_tag?post=7535"}],"curies":[{"name":"wp","href":"https:\/\/api.w.org\/{rel}","templated":true}]}}