{"id":7475,"date":"2022-12-23T15:54:03","date_gmt":"2022-12-23T13:54:03","guid":{"rendered":"https:\/\/beebipai.ee\/?post_type=product&#038;p=7475"},"modified":"2023-02-06T22:06:34","modified_gmt":"2023-02-06T20:06:34","slug":"orgaanilised-pesuribad-64-riba-pakis","status":"publish","type":"product","link":"https:\/\/beebipai.ee\/fi\/product\/orgaanilised-pesuribad-64-riba-pakis\/","title":{"rendered":"Luomupyykkinauhat, 64 nauhaa per pakkaus"},"content":{"rendered":"<div data-elementor-type=\"wp-post\" data-elementor-id=\"7475\" class=\"elementor elementor-7475\">\n\t\t\t\t\t\t<section class=\"elementor-section elementor-top-section elementor-element elementor-element-a21f02b elementor-section-boxed elementor-section-height-default elementor-section-height-default\" data-id=\"a21f02b\" data-element_type=\"section\" data-e-type=\"section\">\n\t\t\t\t\t\t<div class=\"elementor-container elementor-column-gap-default\">\n\t\t\t\t\t<div class=\"elementor-column elementor-col-50 elementor-top-column elementor-element elementor-element-01dcf53\" data-id=\"01dcf53\" data-element_type=\"column\" data-e-type=\"column\">\n\t\t\t<div class=\"elementor-widget-wrap elementor-element-populated\">\n\t\t\t\t\t\t<div class=\"elementor-element elementor-element-3b40f31 elementor-widget elementor-widget-heading\" data-id=\"3b40f31\" data-element_type=\"widget\" data-e-type=\"widget\" data-widget_type=\"heading.default\">\n\t\t\t\t<div class=\"elementor-widget-container\">\n\t\t\t\t\t<h2 class=\"elementor-heading-title elementor-size-default\">Luomupyykkinauhat<\/h2>\t\t\t\t<\/div>\n\t\t\t\t<\/div>\n\t\t\t\t<div class=\"elementor-element elementor-element-c4b864d elementor-widget elementor-widget-text-editor\" data-id=\"c4b864d\" data-element_type=\"widget\" data-e-type=\"widget\" data-widget_type=\"text-editor.default\">\n\t\t\t\t<div class=\"elementor-widget-container\">\n\t\t\t\t\t\t\t\t\t<p>Orgaaniset pesunauhat sopivat ihanteellisesti vauvojen, lasten ja allergikoiden vaatteiden pesuun.\u00a0<\/p><p>Pesunauhat eiv\u00e4t sis\u00e4ll\u00e4 parabeeneja, palmu\u00f6ljy\u00e4 ja ovat fosfaattittomia, nukkaamattomia, cruelty-vapaita ja hypoallergeenisia. 100% vegaaninen tuote.<\/p><p>Pesunauhat on p\u00e4\u00e4llystetty pesuainepitoisuudella, joka liukenee t\u00e4ysin veteen. Pesunauhat soveltuvat kone- ja k\u00e4sinpesuun, valkoiseen, tummaan ja v\u00e4rilliseen pyykkiin sek\u00e4 pesuun sek\u00e4 kylm\u00e4ss\u00e4 ett\u00e4 kuumassa vedess\u00e4.\u00a0<\/p><p>Pesunauhat eiv\u00e4t sovellu villalle ja silkille!<\/p><p>Sinisen pakkauksen pesuliuskat ovat hajusteettomia, vaaleanpunaisen pakkauksen pesuliuskat vaatimaton raikas tuoksu.<\/p><p>Orgaaniset pyykkinauhat ovat eritt\u00e4in ymp\u00e4rist\u00f6yst\u00e4v\u00e4llisi\u00e4, koska ne ovat muovittomia, t\u00e4ysin biohajoavia ja niiden valmistus ja k\u00e4ytt\u00f6 v\u00e4hent\u00e4v\u00e4t p\u00e4\u00e4st\u00f6j\u00e4.\u00a0<\/p><p>K\u00e4yt\u00e4 konepesuun: revi yksi kaistale katkoviivaa pitkin ja aseta se rumpuun pest\u00e4v\u00e4n pyykin kanssa.<\/p><p>K\u00e4ytt\u00f6 k\u00e4sinpesuun: liuotetaan 1 liuska 5 litraan sopivan l\u00e4mp\u00f6tilan vett\u00e4<\/p><p>Annostus: 1 liuska sopii 5 kg pyykin pesuun. K\u00e4yt\u00e4 2 nauhaa eritt\u00e4in kalkkipitoiselle vedelle ja\/tai eritt\u00e4in likaiselle pyykille.<\/p>\t\t\t\t\t\t\t\t<\/div>\n\t\t\t\t<\/div>\n\t\t\t\t\t<\/div>\n\t\t<\/div>\n\t\t\t\t<div class=\"elementor-column elementor-col-50 elementor-top-column elementor-element elementor-element-34c4bb9\" data-id=\"34c4bb9\" data-element_type=\"column\" data-e-type=\"column\">\n\t\t\t<div class=\"elementor-widget-wrap elementor-element-populated\">\n\t\t\t\t\t\t<div class=\"elementor-element elementor-element-18ab952 elementor-widget elementor-widget-image\" data-id=\"18ab952\" data-element_type=\"widget\" data-e-type=\"widget\" data-widget_type=\"image.default\">\n\t\t\t\t<div class=\"elementor-widget-container\">\n\t\t\t\t\t\t\t\t\t\t\t\t\t\t\t<img fetchpriority=\"high\" decoding=\"async\" width=\"600\" height=\"800\" src=\"https:\/\/beebipai.ee\/wp-content\/uploads\/2022\/12\/Orgaanilised-pesuribad-3.webp\" class=\"attachment-large size-large wp-image-7478\" alt=\"\" srcset=\"https:\/\/beebipai.ee\/wp-content\/uploads\/2022\/12\/Orgaanilised-pesuribad-3.webp 600w, https:\/\/beebipai.ee\/wp-content\/uploads\/2022\/12\/Orgaanilised-pesuribad-3-225x300.webp 225w, https:\/\/beebipai.ee\/wp-content\/uploads\/2022\/12\/Orgaanilised-pesuribad-3-9x12.webp 9w\" sizes=\"(max-width: 600px) 100vw, 600px\" \/>\t\t\t\t\t\t\t\t\t\t\t\t\t\t\t<\/div>\n\t\t\t\t<\/div>\n\t\t\t\t\t<\/div>\n\t\t<\/div>\n\t\t\t\t\t<\/div>\n\t\t<\/section>\n\t\t\t\t<\/div>","protected":false},"excerpt":{"rendered":"<p>Orgaaniset pyykkinauhat ovat hypoallergeenisia, vapaita kemikaaleista ja lis\u00e4aineista. Ihanteellinen vauvojen, lasten ja allergikoiden pesuun.<\/p>\n<p>Pakkauksessa on 64 nauhaa<\/p>","protected":false},"featured_media":7481,"template":"","meta":{"_monsterinsights_skip_tracking":false,"_monsterinsights_sitenote_active":false,"_monsterinsights_sitenote_note":"","_monsterinsights_sitenote_category":0,"site-sidebar-layout":"no-sidebar","site-content-layout":"page-builder","ast-site-content-layout":"default","site-content-style":"default","site-sidebar-style":"default","ast-global-header-display":"","ast-banner-title-visibility":"","ast-main-header-display":"","ast-hfb-above-header-display":"","ast-hfb-below-header-display":"","ast-hfb-mobile-header-display":"","site-post-title":"disabled","ast-breadcrumbs-content":"","ast-featured-img":"disabled","footer-sml-layout":"","ast-disable-related-posts":"","theme-transparent-header-meta":"default","adv-header-id-meta":"","stick-header-meta":"","header-above-stick-meta":"","header-main-stick-meta":"","header-below-stick-meta":"","astra-migrate-meta-layouts":"default","ast-page-background-enabled":"default","ast-page-background-meta":{"desktop":{"background-color":"","background-image":"","background-repeat":"repeat","background-position":"center center","background-size":"auto","background-attachment":"scroll","background-type":"","background-media":"","overlay-type":"","overlay-color":"","overlay-opacity":"","overlay-gradient":""},"tablet":{"background-color":"","background-image":"","background-repeat":"repeat","background-position":"center center","background-size":"auto","background-attachment":"scroll","background-type":"","background-media":"","overlay-type":"","overlay-color":"","overlay-opacity":"","overlay-gradient":""},"mobile":{"background-color":"","background-image":"","background-repeat":"repeat","background-position":"center center","background-size":"auto","background-attachment":"scroll","background-type":"","background-media":"","overlay-type":"","overlay-color":"","overlay-opacity":"","overlay-gradient":""}},"ast-content-background-meta":{"desktop":{"background-color":"var(--ast-global-color-5)","background-image":"","background-repeat":"repeat","background-position":"center center","background-size":"auto","background-attachment":"scroll","background-type":"","background-media":"","overlay-type":"","overlay-color":"","overlay-opacity":"","overlay-gradient":""},"tablet":{"background-color":"var(--ast-global-color-5)","background-image":"","background-repeat":"repeat","background-position":"center center","background-size":"auto","background-attachment":"scroll","background-type":"","background-media":"","overlay-type":"","overlay-color":"","overlay-opacity":"","overlay-gradient":""},"mobile":{"background-color":"var(--ast-global-color-5)","background-image":"","background-repeat":"repeat","background-position":"center center","background-size":"auto","background-attachment":"scroll","background-type":"","background-media":"","overlay-type":"","overlay-color":"","overlay-opacity":"","overlay-gradient":""}}},"product_brand":[],"product_cat":[135,136],"product_tag":[],"class_list":{"0":"post-7475","1":"product","2":"type-product","3":"status-publish","4":"has-post-thumbnail","6":"product_cat-tervisemurede-leevend","7":"product_cat-tervisetooted","8":"desktop-align-left","9":"tablet-align-left","10":"mobile-align-left","12":"first","13":"instock","14":"taxable","15":"shipping-taxable","16":"purchasable","17":"product-type-variable"},"yoast_head":"<!-- This site is optimized with the Yoast SEO plugin v27.3 - https:\/\/yoast.com\/product\/yoast-seo-wordpress\/ -->\n<title>Orgaanilised pesuribad, 64 riba pakis - Beebipai<\/title>\n<meta name=\"description\" content=\"Orgaanilised pesuribad on ideaalsed beebide, laste ja allergikute pesu pesemiseks. Vaata toodet orgaanilised pesuribad!\" \/>\n<meta name=\"robots\" content=\"index, follow, max-snippet:-1, max-image-preview:large, max-video-preview:-1\" \/>\n<link rel=\"canonical\" href=\"https:\/\/beebipai.ee\/fi\/product\/orgaanilised-pesuribad-64-riba-pakis\/\" \/>\n<meta property=\"og:locale\" content=\"fi_FI\" \/>\n<meta property=\"og:type\" content=\"article\" \/>\n<meta property=\"og:title\" content=\"Orgaanilised pesuribad, 64 riba pakis - Beebipai\" \/>\n<meta property=\"og:description\" content=\"Orgaanilised pesuribad on ideaalsed beebide, laste ja allergikute pesu pesemiseks. Vaata toodet orgaanilised pesuribad!\" \/>\n<meta property=\"og:url\" content=\"https:\/\/beebipai.ee\/fi\/product\/orgaanilised-pesuribad-64-riba-pakis\/\" \/>\n<meta property=\"og:site_name\" content=\"Beebipai\" \/>\n<meta property=\"article:modified_time\" content=\"2023-02-06T20:06:34+00:00\" \/>\n<meta property=\"og:image\" content=\"https:\/\/beebipai.ee\/wp-content\/uploads\/2022\/12\/Orgaanilised-pesuribad5.webp\" \/>\n\t<meta property=\"og:image:width\" content=\"614\" \/>\n\t<meta property=\"og:image:height\" content=\"800\" \/>\n\t<meta property=\"og:image:type\" content=\"image\/webp\" \/>\n<meta name=\"twitter:card\" content=\"summary_large_image\" \/>\n<meta name=\"twitter:label1\" content=\"Arvioitu lukuaika\" \/>\n\t<meta name=\"twitter:data1\" content=\"1 minuutti\" \/>\n<script type=\"application\/ld+json\" class=\"yoast-schema-graph\">{\"@context\":\"https:\\\/\\\/schema.org\",\"@graph\":[{\"@type\":\"WebPage\",\"@id\":\"https:\\\/\\\/beebipai.ee\\\/product\\\/orgaanilised-pesuribad-64-riba-pakis\\\/\",\"url\":\"https:\\\/\\\/beebipai.ee\\\/product\\\/orgaanilised-pesuribad-64-riba-pakis\\\/\",\"name\":\"Orgaanilised pesuribad, 64 riba pakis - Beebipai\",\"isPartOf\":{\"@id\":\"https:\\\/\\\/beebipai.ee\\\/en\\\/#website\"},\"primaryImageOfPage\":{\"@id\":\"https:\\\/\\\/beebipai.ee\\\/product\\\/orgaanilised-pesuribad-64-riba-pakis\\\/#primaryimage\"},\"image\":{\"@id\":\"https:\\\/\\\/beebipai.ee\\\/product\\\/orgaanilised-pesuribad-64-riba-pakis\\\/#primaryimage\"},\"thumbnailUrl\":\"https:\\\/\\\/beebipai.ee\\\/wp-content\\\/uploads\\\/2022\\\/12\\\/Orgaanilised-pesuribad5.webp\",\"datePublished\":\"2022-12-23T13:54:03+00:00\",\"dateModified\":\"2023-02-06T20:06:34+00:00\",\"description\":\"Orgaanilised pesuribad on ideaalsed beebide, laste ja allergikute pesu pesemiseks. Vaata toodet orgaanilised pesuribad!\",\"breadcrumb\":{\"@id\":\"https:\\\/\\\/beebipai.ee\\\/product\\\/orgaanilised-pesuribad-64-riba-pakis\\\/#breadcrumb\"},\"inLanguage\":\"fi\",\"potentialAction\":[{\"@type\":\"ReadAction\",\"target\":[\"https:\\\/\\\/beebipai.ee\\\/product\\\/orgaanilised-pesuribad-64-riba-pakis\\\/\"]}]},{\"@type\":\"ImageObject\",\"inLanguage\":\"fi\",\"@id\":\"https:\\\/\\\/beebipai.ee\\\/product\\\/orgaanilised-pesuribad-64-riba-pakis\\\/#primaryimage\",\"url\":\"https:\\\/\\\/beebipai.ee\\\/wp-content\\\/uploads\\\/2022\\\/12\\\/Orgaanilised-pesuribad5.webp\",\"contentUrl\":\"https:\\\/\\\/beebipai.ee\\\/wp-content\\\/uploads\\\/2022\\\/12\\\/Orgaanilised-pesuribad5.webp\",\"width\":614,\"height\":800},{\"@type\":\"BreadcrumbList\",\"@id\":\"https:\\\/\\\/beebipai.ee\\\/product\\\/orgaanilised-pesuribad-64-riba-pakis\\\/#breadcrumb\",\"itemListElement\":[{\"@type\":\"ListItem\",\"position\":1,\"name\":\"Home\",\"item\":\"https:\\\/\\\/beebipai.ee\\\/\"},{\"@type\":\"ListItem\",\"position\":2,\"name\":\"Pood\",\"item\":\"https:\\\/\\\/beebipai.ee\\\/store\\\/\"},{\"@type\":\"ListItem\",\"position\":3,\"name\":\"Orgaanilised pesuribad, 64 riba pakis\"}]},{\"@type\":\"WebSite\",\"@id\":\"https:\\\/\\\/beebipai.ee\\\/en\\\/#website\",\"url\":\"https:\\\/\\\/beebipai.ee\\\/en\\\/\",\"name\":\"Beebipai\",\"description\":\"Rasedate ja beebide veebipood\",\"potentialAction\":[{\"@type\":\"SearchAction\",\"target\":{\"@type\":\"EntryPoint\",\"urlTemplate\":\"https:\\\/\\\/beebipai.ee\\\/en\\\/?s={search_term_string}\"},\"query-input\":{\"@type\":\"PropertyValueSpecification\",\"valueRequired\":true,\"valueName\":\"search_term_string\"}}],\"inLanguage\":\"fi\"}]}<\/script>\n<!-- \/ Yoast SEO plugin. -->","yoast_head_json":{"title":"Orgaanilised pesuribad, 64 riba pakis - Beebipai","description":"Orgaanilised pesuribad on ideaalsed beebide, laste ja allergikute pesu pesemiseks. Vaata toodet orgaanilised pesuribad!","robots":{"index":"index","follow":"follow","max-snippet":"max-snippet:-1","max-image-preview":"max-image-preview:large","max-video-preview":"max-video-preview:-1"},"canonical":"https:\/\/beebipai.ee\/fi\/product\/orgaanilised-pesuribad-64-riba-pakis\/","og_locale":"fi_FI","og_type":"article","og_title":"Orgaanilised pesuribad, 64 riba pakis - Beebipai","og_description":"Orgaanilised pesuribad on ideaalsed beebide, laste ja allergikute pesu pesemiseks. Vaata toodet orgaanilised pesuribad!","og_url":"https:\/\/beebipai.ee\/fi\/product\/orgaanilised-pesuribad-64-riba-pakis\/","og_site_name":"Beebipai","article_modified_time":"2023-02-06T20:06:34+00:00","og_image":[{"width":614,"height":800,"url":"https:\/\/beebipai.ee\/wp-content\/uploads\/2022\/12\/Orgaanilised-pesuribad5.webp","type":"image\/webp"}],"twitter_card":"summary_large_image","twitter_misc":{"Arvioitu lukuaika":"1 minuutti"},"schema":{"@context":"https:\/\/schema.org","@graph":[{"@type":"WebPage","@id":"https:\/\/beebipai.ee\/product\/orgaanilised-pesuribad-64-riba-pakis\/","url":"https:\/\/beebipai.ee\/product\/orgaanilised-pesuribad-64-riba-pakis\/","name":"Orgaanilised pesuribad, 64 riba pakis - Beebipai","isPartOf":{"@id":"https:\/\/beebipai.ee\/en\/#website"},"primaryImageOfPage":{"@id":"https:\/\/beebipai.ee\/product\/orgaanilised-pesuribad-64-riba-pakis\/#primaryimage"},"image":{"@id":"https:\/\/beebipai.ee\/product\/orgaanilised-pesuribad-64-riba-pakis\/#primaryimage"},"thumbnailUrl":"https:\/\/beebipai.ee\/wp-content\/uploads\/2022\/12\/Orgaanilised-pesuribad5.webp","datePublished":"2022-12-23T13:54:03+00:00","dateModified":"2023-02-06T20:06:34+00:00","description":"Orgaanilised pesuribad on ideaalsed beebide, laste ja allergikute pesu pesemiseks. Vaata toodet orgaanilised pesuribad!","breadcrumb":{"@id":"https:\/\/beebipai.ee\/product\/orgaanilised-pesuribad-64-riba-pakis\/#breadcrumb"},"inLanguage":"fi","potentialAction":[{"@type":"ReadAction","target":["https:\/\/beebipai.ee\/product\/orgaanilised-pesuribad-64-riba-pakis\/"]}]},{"@type":"ImageObject","inLanguage":"fi","@id":"https:\/\/beebipai.ee\/product\/orgaanilised-pesuribad-64-riba-pakis\/#primaryimage","url":"https:\/\/beebipai.ee\/wp-content\/uploads\/2022\/12\/Orgaanilised-pesuribad5.webp","contentUrl":"https:\/\/beebipai.ee\/wp-content\/uploads\/2022\/12\/Orgaanilised-pesuribad5.webp","width":614,"height":800},{"@type":"BreadcrumbList","@id":"https:\/\/beebipai.ee\/product\/orgaanilised-pesuribad-64-riba-pakis\/#breadcrumb","itemListElement":[{"@type":"ListItem","position":1,"name":"Home","item":"https:\/\/beebipai.ee\/"},{"@type":"ListItem","position":2,"name":"Pood","item":"https:\/\/beebipai.ee\/store\/"},{"@type":"ListItem","position":3,"name":"Orgaanilised pesuribad, 64 riba pakis"}]},{"@type":"WebSite","@id":"https:\/\/beebipai.ee\/en\/#website","url":"https:\/\/beebipai.ee\/en\/","name":"Beebipai","description":"Rasedate ja beebide veebipood","potentialAction":[{"@type":"SearchAction","target":{"@type":"EntryPoint","urlTemplate":"https:\/\/beebipai.ee\/en\/?s={search_term_string}"},"query-input":{"@type":"PropertyValueSpecification","valueRequired":true,"valueName":"search_term_string"}}],"inLanguage":"fi"}]}},"_links":{"self":[{"href":"https:\/\/beebipai.ee\/fi\/wp-json\/wp\/v2\/product\/7475","targetHints":{"allow":["GET"]}}],"collection":[{"href":"https:\/\/beebipai.ee\/fi\/wp-json\/wp\/v2\/product"}],"about":[{"href":"https:\/\/beebipai.ee\/fi\/wp-json\/wp\/v2\/types\/product"}],"version-history":[{"count":5,"href":"https:\/\/beebipai.ee\/fi\/wp-json\/wp\/v2\/product\/7475\/revisions"}],"predecessor-version":[{"id":7756,"href":"https:\/\/beebipai.ee\/fi\/wp-json\/wp\/v2\/product\/7475\/revisions\/7756"}],"wp:featuredmedia":[{"embeddable":true,"href":"https:\/\/beebipai.ee\/fi\/wp-json\/wp\/v2\/media\/7481"}],"wp:attachment":[{"href":"https:\/\/beebipai.ee\/fi\/wp-json\/wp\/v2\/media?parent=7475"}],"wp:term":[{"taxonomy":"product_brand","embeddable":true,"href":"https:\/\/beebipai.ee\/fi\/wp-json\/wp\/v2\/product_brand?post=7475"},{"taxonomy":"product_cat","embeddable":true,"href":"https:\/\/beebipai.ee\/fi\/wp-json\/wp\/v2\/product_cat?post=7475"},{"taxonomy":"product_tag","embeddable":true,"href":"https:\/\/beebipai.ee\/fi\/wp-json\/wp\/v2\/product_tag?post=7475"}],"curies":[{"name":"wp","href":"https:\/\/api.w.org\/{rel}","templated":true}]}}