{"id":7287,"date":"2022-11-24T23:51:48","date_gmt":"2022-11-24T21:51:48","guid":{"rendered":"https:\/\/beebipai.ee\/?post_type=product&#038;p=7287"},"modified":"2024-02-09T17:05:26","modified_gmt":"2024-02-09T15:05:26","slug":"kikkaboo-lutipudel-180ml-260ml","status":"publish","type":"product","link":"https:\/\/beebipai.ee\/fi\/product\/kikkaboo-lutipudel-180ml-260ml\/","title":{"rendered":"Kikkaboo tuttipullo koliikkitutilla. 180ml, 260ml"},"content":{"rendered":"<div data-elementor-type=\"wp-post\" data-elementor-id=\"7287\" class=\"elementor elementor-7287\">\n\t\t\t\t\t\t<section class=\"elementor-section elementor-top-section elementor-element elementor-element-5dbe953 elementor-section-boxed elementor-section-height-default elementor-section-height-default\" data-id=\"5dbe953\" data-element_type=\"section\" data-e-type=\"section\">\n\t\t\t\t\t\t<div class=\"elementor-container elementor-column-gap-default\">\n\t\t\t\t\t<div class=\"elementor-column elementor-col-50 elementor-top-column elementor-element elementor-element-50e39ce\" data-id=\"50e39ce\" data-element_type=\"column\" data-e-type=\"column\">\n\t\t\t<div class=\"elementor-widget-wrap elementor-element-populated\">\n\t\t\t\t\t\t<div class=\"elementor-element elementor-element-56d3661 elementor-widget elementor-widget-heading\" data-id=\"56d3661\" data-element_type=\"widget\" data-e-type=\"widget\" data-widget_type=\"heading.default\">\n\t\t\t\t<div class=\"elementor-widget-container\">\n\t\t\t\t\t<h2 class=\"elementor-heading-title elementor-size-default\">Kikkaboo tuttipullo koliikkitutilla<\/h2>\t\t\t\t<\/div>\n\t\t\t\t<\/div>\n\t\t\t\t<div class=\"elementor-element elementor-element-52ceefa elementor-widget elementor-widget-text-editor\" data-id=\"52ceefa\" data-element_type=\"widget\" data-e-type=\"widget\" data-widget_type=\"text-editor.default\">\n\t\t\t\t<div class=\"elementor-widget-container\">\n\t\t\t\t\t\t\t\t\t<p>Kikkaboo tuttipullo on valmistettu korkealaatuisista materiaaleista - silikonista ja polypropeenista. BPA vapaa. Pullossa on ergonominen muoto, mik\u00e4 tekee ruokkimisesta ja pit\u00e4misest\u00e4 mukavaa. Tutin muoto on identtinen \u00e4idin rinnan kanssa ja on koliikkia est\u00e4v\u00e4. Koliikkitutti est\u00e4\u00e4 ilman p\u00e4\u00e4syn vauvan ruoansulatusj\u00e4rjestelm\u00e4\u00e4n ja v\u00e4hent\u00e4\u00e4 siten kaasukipujen riski\u00e4.\u00a0<\/p><p>180 ml:n pullon mukana tulee \"S\"-kokoinen tutti<\/p><p>260 ml:n pullon mukana tulee \"M\"-kokoinen tutti<\/p><p>Pullo soveltuu k\u00e4ytett\u00e4v\u00e4ksi syntym\u00e4st\u00e4 l\u00e4htien<\/p>\t\t\t\t\t\t\t\t<\/div>\n\t\t\t\t<\/div>\n\t\t\t\t\t<\/div>\n\t\t<\/div>\n\t\t\t\t<div class=\"elementor-column elementor-col-50 elementor-top-column elementor-element elementor-element-71e1dd4\" data-id=\"71e1dd4\" data-element_type=\"column\" data-e-type=\"column\">\n\t\t\t<div class=\"elementor-widget-wrap elementor-element-populated\">\n\t\t\t\t\t\t<div class=\"elementor-element elementor-element-27b9fc4 elementor-widget elementor-widget-image\" data-id=\"27b9fc4\" data-element_type=\"widget\" data-e-type=\"widget\" data-widget_type=\"image.default\">\n\t\t\t\t<div class=\"elementor-widget-container\">\n\t\t\t\t\t\t\t\t\t\t\t\t\t\t\t<img fetchpriority=\"high\" decoding=\"async\" width=\"400\" height=\"257\" src=\"https:\/\/beebipai.ee\/wp-content\/uploads\/2022\/11\/Kikkaboo-lutipudel2-e1669326497918.jpg\" class=\"attachment-medium_large size-medium_large wp-image-7294\" alt=\"\" srcset=\"https:\/\/beebipai.ee\/wp-content\/uploads\/2022\/11\/Kikkaboo-lutipudel2-e1669326497918.jpg 400w, https:\/\/beebipai.ee\/wp-content\/uploads\/2022\/11\/Kikkaboo-lutipudel2-e1669326497918-300x193.jpg 300w, https:\/\/beebipai.ee\/wp-content\/uploads\/2022\/11\/Kikkaboo-lutipudel2-e1669326497918-18x12.jpg 18w\" sizes=\"(max-width: 400px) 100vw, 400px\" \/>\t\t\t\t\t\t\t\t\t\t\t\t\t\t\t<\/div>\n\t\t\t\t<\/div>\n\t\t\t\t\t<\/div>\n\t\t<\/div>\n\t\t\t\t\t<\/div>\n\t\t<\/section>\n\t\t\t\t<\/div>","protected":false},"excerpt":{"rendered":"<p>Vauvan ruokkiminen Kikkaboo tuttipullosta on k\u00e4tev\u00e4\u00e4 ja turvallista. Tuttipullossa on ergonominen muoto ja koliikkia est\u00e4v\u00e4 tutti.<\/p>\n<p>Saatavana eri kokoisina. Tutteja, joilla on eri l\u00e4p\u00e4isevyys, voi ostaa<\/p>","protected":false},"featured_media":7292,"template":"","meta":{"_monsterinsights_skip_tracking":false,"_monsterinsights_sitenote_active":false,"_monsterinsights_sitenote_note":"","_monsterinsights_sitenote_category":0,"site-sidebar-layout":"no-sidebar","site-content-layout":"page-builder","ast-site-content-layout":"full-width-container","site-content-style":"unboxed","site-sidebar-style":"unboxed","ast-global-header-display":"","ast-banner-title-visibility":"","ast-main-header-display":"","ast-hfb-above-header-display":"","ast-hfb-below-header-display":"","ast-hfb-mobile-header-display":"","site-post-title":"disabled","ast-breadcrumbs-content":"","ast-featured-img":"disabled","footer-sml-layout":"","ast-disable-related-posts":"","theme-transparent-header-meta":"default","adv-header-id-meta":"","stick-header-meta":"","header-above-stick-meta":"","header-main-stick-meta":"","header-below-stick-meta":"","astra-migrate-meta-layouts":"set","ast-page-background-enabled":"default","ast-page-background-meta":{"desktop":{"background-color":"","background-image":"","background-repeat":"repeat","background-position":"center center","background-size":"auto","background-attachment":"scroll","background-type":"","background-media":"","overlay-type":"","overlay-color":"","overlay-opacity":"","overlay-gradient":""},"tablet":{"background-color":"","background-image":"","background-repeat":"repeat","background-position":"center center","background-size":"auto","background-attachment":"scroll","background-type":"","background-media":"","overlay-type":"","overlay-color":"","overlay-opacity":"","overlay-gradient":""},"mobile":{"background-color":"","background-image":"","background-repeat":"repeat","background-position":"center center","background-size":"auto","background-attachment":"scroll","background-type":"","background-media":"","overlay-type":"","overlay-color":"","overlay-opacity":"","overlay-gradient":""}},"ast-content-background-meta":{"desktop":{"background-color":"var(--ast-global-color-5)","background-image":"","background-repeat":"repeat","background-position":"center center","background-size":"auto","background-attachment":"scroll","background-type":"","background-media":"","overlay-type":"","overlay-color":"","overlay-opacity":"","overlay-gradient":""},"tablet":{"background-color":"var(--ast-global-color-5)","background-image":"","background-repeat":"repeat","background-position":"center center","background-size":"auto","background-attachment":"scroll","background-type":"","background-media":"","overlay-type":"","overlay-color":"","overlay-opacity":"","overlay-gradient":""},"mobile":{"background-color":"var(--ast-global-color-5)","background-image":"","background-repeat":"repeat","background-position":"center center","background-size":"auto","background-attachment":"scroll","background-type":"","background-media":"","overlay-type":"","overlay-color":"","overlay-opacity":"","overlay-gradient":""}}},"product_brand":[],"product_cat":[23,143],"product_tag":[],"class_list":{"0":"post-7287","1":"product","2":"type-product","3":"status-publish","4":"has-post-thumbnail","6":"product_cat-beebile","7":"product_cat-sootmiseks-soomiseks","8":"desktop-align-left","9":"tablet-align-left","10":"mobile-align-left","12":"first","13":"instock","14":"taxable","15":"shipping-taxable","16":"purchasable","17":"product-type-variable"},"yoast_head":"<!-- This site is optimized with the Yoast SEO plugin v27.4 - https:\/\/yoast.com\/product\/yoast-seo-wordpress\/ -->\n<title>Kikkaboo lutipudel koolikutevastase lutiga. 180ml, 260ml - Beebipai<\/title>\n<meta name=\"description\" content=\"Kikkaboo lutipudel teeb beebi toitmise mugavaks ja turvaliseks. Ema rinna kujuga lutt on sarnane rinnal s\u00f6\u00f6misele. Vaata toodet Kikkaboo lutipudel!\" \/>\n<meta name=\"robots\" content=\"index, follow, max-snippet:-1, max-image-preview:large, max-video-preview:-1\" \/>\n<link rel=\"canonical\" href=\"https:\/\/beebipai.ee\/fi\/product\/kikkaboo-lutipudel-180ml-260ml\/\" \/>\n<meta property=\"og:locale\" content=\"fi_FI\" \/>\n<meta property=\"og:type\" content=\"article\" \/>\n<meta property=\"og:title\" content=\"Kikkaboo lutipudel koolikutevastase lutiga. 180ml, 260ml - Beebipai\" \/>\n<meta property=\"og:description\" content=\"Kikkaboo lutipudel teeb beebi toitmise mugavaks ja turvaliseks. Ema rinna kujuga lutt on sarnane rinnal s\u00f6\u00f6misele. Vaata toodet Kikkaboo lutipudel!\" \/>\n<meta property=\"og:url\" content=\"https:\/\/beebipai.ee\/fi\/product\/kikkaboo-lutipudel-180ml-260ml\/\" \/>\n<meta property=\"og:site_name\" content=\"Beebipai\" \/>\n<meta property=\"article:modified_time\" content=\"2024-02-09T15:05:26+00:00\" \/>\n<meta property=\"og:image\" content=\"https:\/\/beebipai.ee\/wp-content\/uploads\/2022\/11\/Kikkaboo-lutipudel-e1669326410879.jpg\" \/>\n\t<meta property=\"og:image:width\" content=\"400\" \/>\n\t<meta property=\"og:image:height\" content=\"599\" \/>\n\t<meta property=\"og:image:type\" content=\"image\/jpeg\" \/>\n<meta name=\"twitter:card\" content=\"summary_large_image\" \/>\n<script type=\"application\/ld+json\" class=\"yoast-schema-graph\">{\"@context\":\"https:\\\/\\\/schema.org\",\"@graph\":[{\"@type\":\"WebPage\",\"@id\":\"https:\\\/\\\/beebipai.ee\\\/product\\\/kikkaboo-lutipudel-180ml-260ml\\\/\",\"url\":\"https:\\\/\\\/beebipai.ee\\\/product\\\/kikkaboo-lutipudel-180ml-260ml\\\/\",\"name\":\"Kikkaboo lutipudel koolikutevastase lutiga. 180ml, 260ml - Beebipai\",\"isPartOf\":{\"@id\":\"https:\\\/\\\/beebipai.ee\\\/en\\\/#website\"},\"primaryImageOfPage\":{\"@id\":\"https:\\\/\\\/beebipai.ee\\\/product\\\/kikkaboo-lutipudel-180ml-260ml\\\/#primaryimage\"},\"image\":{\"@id\":\"https:\\\/\\\/beebipai.ee\\\/product\\\/kikkaboo-lutipudel-180ml-260ml\\\/#primaryimage\"},\"thumbnailUrl\":\"https:\\\/\\\/beebipai.ee\\\/wp-content\\\/uploads\\\/2022\\\/11\\\/Kikkaboo-lutipudel-e1669326410879.jpg\",\"datePublished\":\"2022-11-24T21:51:48+00:00\",\"dateModified\":\"2024-02-09T15:05:26+00:00\",\"description\":\"Kikkaboo lutipudel teeb beebi toitmise mugavaks ja turvaliseks. Ema rinna kujuga lutt on sarnane rinnal s\u00f6\u00f6misele. Vaata toodet Kikkaboo lutipudel!\",\"breadcrumb\":{\"@id\":\"https:\\\/\\\/beebipai.ee\\\/product\\\/kikkaboo-lutipudel-180ml-260ml\\\/#breadcrumb\"},\"inLanguage\":\"fi\",\"potentialAction\":[{\"@type\":\"ReadAction\",\"target\":[\"https:\\\/\\\/beebipai.ee\\\/product\\\/kikkaboo-lutipudel-180ml-260ml\\\/\"]}]},{\"@type\":\"ImageObject\",\"inLanguage\":\"fi\",\"@id\":\"https:\\\/\\\/beebipai.ee\\\/product\\\/kikkaboo-lutipudel-180ml-260ml\\\/#primaryimage\",\"url\":\"https:\\\/\\\/beebipai.ee\\\/wp-content\\\/uploads\\\/2022\\\/11\\\/Kikkaboo-lutipudel-e1669326410879.jpg\",\"contentUrl\":\"https:\\\/\\\/beebipai.ee\\\/wp-content\\\/uploads\\\/2022\\\/11\\\/Kikkaboo-lutipudel-e1669326410879.jpg\",\"width\":400,\"height\":599},{\"@type\":\"BreadcrumbList\",\"@id\":\"https:\\\/\\\/beebipai.ee\\\/product\\\/kikkaboo-lutipudel-180ml-260ml\\\/#breadcrumb\",\"itemListElement\":[{\"@type\":\"ListItem\",\"position\":1,\"name\":\"Home\",\"item\":\"https:\\\/\\\/beebipai.ee\\\/\"},{\"@type\":\"ListItem\",\"position\":2,\"name\":\"Pood\",\"item\":\"https:\\\/\\\/beebipai.ee\\\/store\\\/\"},{\"@type\":\"ListItem\",\"position\":3,\"name\":\"Kikkaboo lutipudel koolikutevastase lutiga. 180ml, 260ml\"}]},{\"@type\":\"WebSite\",\"@id\":\"https:\\\/\\\/beebipai.ee\\\/en\\\/#website\",\"url\":\"https:\\\/\\\/beebipai.ee\\\/en\\\/\",\"name\":\"Beebipai\",\"description\":\"Rasedate ja beebide veebipood\",\"potentialAction\":[{\"@type\":\"SearchAction\",\"target\":{\"@type\":\"EntryPoint\",\"urlTemplate\":\"https:\\\/\\\/beebipai.ee\\\/en\\\/?s={search_term_string}\"},\"query-input\":{\"@type\":\"PropertyValueSpecification\",\"valueRequired\":true,\"valueName\":\"search_term_string\"}}],\"inLanguage\":\"fi\"}]}<\/script>\n<!-- \/ Yoast SEO plugin. -->","yoast_head_json":{"title":"Kikkaboo lutipudel koolikutevastase lutiga. 180ml, 260ml - Beebipai","description":"Kikkaboo lutipudel teeb beebi toitmise mugavaks ja turvaliseks. Ema rinna kujuga lutt on sarnane rinnal s\u00f6\u00f6misele. Vaata toodet Kikkaboo lutipudel!","robots":{"index":"index","follow":"follow","max-snippet":"max-snippet:-1","max-image-preview":"max-image-preview:large","max-video-preview":"max-video-preview:-1"},"canonical":"https:\/\/beebipai.ee\/fi\/product\/kikkaboo-lutipudel-180ml-260ml\/","og_locale":"fi_FI","og_type":"article","og_title":"Kikkaboo lutipudel koolikutevastase lutiga. 180ml, 260ml - Beebipai","og_description":"Kikkaboo lutipudel teeb beebi toitmise mugavaks ja turvaliseks. Ema rinna kujuga lutt on sarnane rinnal s\u00f6\u00f6misele. Vaata toodet Kikkaboo lutipudel!","og_url":"https:\/\/beebipai.ee\/fi\/product\/kikkaboo-lutipudel-180ml-260ml\/","og_site_name":"Beebipai","article_modified_time":"2024-02-09T15:05:26+00:00","og_image":[{"width":400,"height":599,"url":"https:\/\/beebipai.ee\/wp-content\/uploads\/2022\/11\/Kikkaboo-lutipudel-e1669326410879.jpg","type":"image\/jpeg"}],"twitter_card":"summary_large_image","schema":{"@context":"https:\/\/schema.org","@graph":[{"@type":"WebPage","@id":"https:\/\/beebipai.ee\/product\/kikkaboo-lutipudel-180ml-260ml\/","url":"https:\/\/beebipai.ee\/product\/kikkaboo-lutipudel-180ml-260ml\/","name":"Kikkaboo lutipudel koolikutevastase lutiga. 180ml, 260ml - Beebipai","isPartOf":{"@id":"https:\/\/beebipai.ee\/en\/#website"},"primaryImageOfPage":{"@id":"https:\/\/beebipai.ee\/product\/kikkaboo-lutipudel-180ml-260ml\/#primaryimage"},"image":{"@id":"https:\/\/beebipai.ee\/product\/kikkaboo-lutipudel-180ml-260ml\/#primaryimage"},"thumbnailUrl":"https:\/\/beebipai.ee\/wp-content\/uploads\/2022\/11\/Kikkaboo-lutipudel-e1669326410879.jpg","datePublished":"2022-11-24T21:51:48+00:00","dateModified":"2024-02-09T15:05:26+00:00","description":"Kikkaboo lutipudel teeb beebi toitmise mugavaks ja turvaliseks. Ema rinna kujuga lutt on sarnane rinnal s\u00f6\u00f6misele. Vaata toodet Kikkaboo lutipudel!","breadcrumb":{"@id":"https:\/\/beebipai.ee\/product\/kikkaboo-lutipudel-180ml-260ml\/#breadcrumb"},"inLanguage":"fi","potentialAction":[{"@type":"ReadAction","target":["https:\/\/beebipai.ee\/product\/kikkaboo-lutipudel-180ml-260ml\/"]}]},{"@type":"ImageObject","inLanguage":"fi","@id":"https:\/\/beebipai.ee\/product\/kikkaboo-lutipudel-180ml-260ml\/#primaryimage","url":"https:\/\/beebipai.ee\/wp-content\/uploads\/2022\/11\/Kikkaboo-lutipudel-e1669326410879.jpg","contentUrl":"https:\/\/beebipai.ee\/wp-content\/uploads\/2022\/11\/Kikkaboo-lutipudel-e1669326410879.jpg","width":400,"height":599},{"@type":"BreadcrumbList","@id":"https:\/\/beebipai.ee\/product\/kikkaboo-lutipudel-180ml-260ml\/#breadcrumb","itemListElement":[{"@type":"ListItem","position":1,"name":"Home","item":"https:\/\/beebipai.ee\/"},{"@type":"ListItem","position":2,"name":"Pood","item":"https:\/\/beebipai.ee\/store\/"},{"@type":"ListItem","position":3,"name":"Kikkaboo lutipudel koolikutevastase lutiga. 180ml, 260ml"}]},{"@type":"WebSite","@id":"https:\/\/beebipai.ee\/en\/#website","url":"https:\/\/beebipai.ee\/en\/","name":"Beebipai","description":"Rasedate ja beebide veebipood","potentialAction":[{"@type":"SearchAction","target":{"@type":"EntryPoint","urlTemplate":"https:\/\/beebipai.ee\/en\/?s={search_term_string}"},"query-input":{"@type":"PropertyValueSpecification","valueRequired":true,"valueName":"search_term_string"}}],"inLanguage":"fi"}]}},"_links":{"self":[{"href":"https:\/\/beebipai.ee\/fi\/wp-json\/wp\/v2\/product\/7287","targetHints":{"allow":["GET"]}}],"collection":[{"href":"https:\/\/beebipai.ee\/fi\/wp-json\/wp\/v2\/product"}],"about":[{"href":"https:\/\/beebipai.ee\/fi\/wp-json\/wp\/v2\/types\/product"}],"version-history":[{"count":5,"href":"https:\/\/beebipai.ee\/fi\/wp-json\/wp\/v2\/product\/7287\/revisions"}],"predecessor-version":[{"id":7304,"href":"https:\/\/beebipai.ee\/fi\/wp-json\/wp\/v2\/product\/7287\/revisions\/7304"}],"wp:featuredmedia":[{"embeddable":true,"href":"https:\/\/beebipai.ee\/fi\/wp-json\/wp\/v2\/media\/7292"}],"wp:attachment":[{"href":"https:\/\/beebipai.ee\/fi\/wp-json\/wp\/v2\/media?parent=7287"}],"wp:term":[{"taxonomy":"product_brand","embeddable":true,"href":"https:\/\/beebipai.ee\/fi\/wp-json\/wp\/v2\/product_brand?post=7287"},{"taxonomy":"product_cat","embeddable":true,"href":"https:\/\/beebipai.ee\/fi\/wp-json\/wp\/v2\/product_cat?post=7287"},{"taxonomy":"product_tag","embeddable":true,"href":"https:\/\/beebipai.ee\/fi\/wp-json\/wp\/v2\/product_tag?post=7287"}],"curies":[{"name":"wp","href":"https:\/\/api.w.org\/{rel}","templated":true}]}}