{"id":7077,"date":"2022-11-05T16:27:20","date_gmt":"2022-11-05T14:27:20","guid":{"rendered":"https:\/\/beebipai.ee\/?post_type=product&#038;p=7077"},"modified":"2025-09-06T12:51:28","modified_gmt":"2025-09-06T09:51:28","slug":"kikkaboo-pudelisoojendaja-3in1","status":"publish","type":"product","link":"https:\/\/beebipai.ee\/fi\/product\/kikkaboo-pudelisoojendaja-3in1\/","title":{"rendered":"Kikkaboo pullonl\u00e4mmitin 3in1"},"content":{"rendered":"<div data-elementor-type=\"wp-post\" data-elementor-id=\"7077\" class=\"elementor elementor-7077\">\n\t\t\t\t\t\t<section class=\"elementor-section elementor-top-section elementor-element elementor-element-c49b80c elementor-section-boxed elementor-section-height-default elementor-section-height-default\" data-id=\"c49b80c\" data-element_type=\"section\" data-e-type=\"section\">\n\t\t\t\t\t\t<div class=\"elementor-container elementor-column-gap-default\">\n\t\t\t\t\t<div class=\"elementor-column elementor-col-50 elementor-top-column elementor-element elementor-element-949c32e\" data-id=\"949c32e\" data-element_type=\"column\" data-e-type=\"column\">\n\t\t\t<div class=\"elementor-widget-wrap elementor-element-populated\">\n\t\t\t\t\t\t<div class=\"elementor-element elementor-element-3d34add elementor-widget elementor-widget-heading\" data-id=\"3d34add\" data-element_type=\"widget\" data-e-type=\"widget\" data-widget_type=\"heading.default\">\n\t\t\t\t<div class=\"elementor-widget-container\">\n\t\t\t\t\t<h2 class=\"elementor-heading-title elementor-size-default\">Kikkaboo pullonl\u00e4mmitin 3in1<\/h2>\t\t\t\t<\/div>\n\t\t\t\t<\/div>\n\t\t\t\t<div class=\"elementor-element elementor-element-d11c3fa elementor-widget elementor-widget-text-editor\" data-id=\"d11c3fa\" data-element_type=\"widget\" data-e-type=\"widget\" data-widget_type=\"text-editor.default\">\n\t\t\t\t<div class=\"elementor-widget-container\">\n\t\t\t\t\t\t\t\t\t<p>Kikkaboo pullonl\u00e4mmitin on k\u00e4yt\u00e4nn\u00f6llinen apu jokaiselle vauvan vanhemmalle. Monitoiminen ja k\u00e4yt\u00e4nn\u00f6llinen apulainen on samanaikaisesti l\u00e4mmitin, suoristus ja mehupuristin. Vaatimattomasti muotoiltu pullonl\u00e4mmitin on kompakti, kevyt ja k\u00e4tev\u00e4.<\/p><p>Pullonl\u00e4mmittimess\u00e4 on pikal\u00e4mmitystoiminto, joka k\u00e4ytt\u00e4\u00e4 kuumaa h\u00f6yry\u00e4 l\u00e4mmitt\u00e4miseen ja l\u00e4mmitt\u00e4\u00e4 maidon 3 minuutissa. K\u00e4tev\u00e4 k\u00e4ytt\u00e4\u00e4 sek\u00e4 maidon l\u00e4mmitt\u00e4miseen ett\u00e4 rintamaidon sulattamiseen. Sterilointilaite sopii yhdelle pullolle. Mehulinko on kuitenkin ihanteellinen tuoremehujen tarjoamiseen vauvalle. Erillinen p\u00e4\u00e4lle\/pois-painike v\u00e4ltt\u00e4\u00e4ksesi virheit\u00e4 k\u00e4ytett\u00e4ess\u00e4 toimintoja. BPA vapaa.<\/p>\t\t\t\t\t\t\t\t<\/div>\n\t\t\t\t<\/div>\n\t\t\t\t\t<\/div>\n\t\t<\/div>\n\t\t\t\t<div class=\"elementor-column elementor-col-50 elementor-top-column elementor-element elementor-element-875a50c\" data-id=\"875a50c\" data-element_type=\"column\" data-e-type=\"column\">\n\t\t\t<div class=\"elementor-widget-wrap elementor-element-populated\">\n\t\t\t\t\t\t<div class=\"elementor-element elementor-element-8a98ab7 elementor-widget elementor-widget-image\" data-id=\"8a98ab7\" data-element_type=\"widget\" data-e-type=\"widget\" data-widget_type=\"image.default\">\n\t\t\t\t<div class=\"elementor-widget-container\">\n\t\t\t\t\t\t\t\t\t\t\t\t\t\t\t<img fetchpriority=\"high\" decoding=\"async\" width=\"768\" height=\"480\" src=\"https:\/\/beebipai.ee\/wp-content\/uploads\/2022\/11\/Pudelisoojendaja14-768x480.jpg\" class=\"attachment-medium_large size-medium_large wp-image-7093\" alt=\"\" srcset=\"https:\/\/beebipai.ee\/wp-content\/uploads\/2022\/11\/Pudelisoojendaja14-768x480.jpg 768w, https:\/\/beebipai.ee\/wp-content\/uploads\/2022\/11\/Pudelisoojendaja14-e1667658137673-300x188.jpg 300w, https:\/\/beebipai.ee\/wp-content\/uploads\/2022\/11\/Pudelisoojendaja14-1024x640.jpg 1024w, https:\/\/beebipai.ee\/wp-content\/uploads\/2022\/11\/Pudelisoojendaja14-1536x960.jpg 1536w, https:\/\/beebipai.ee\/wp-content\/uploads\/2022\/11\/Pudelisoojendaja14-e1667658137673-18x12.jpg 18w, https:\/\/beebipai.ee\/wp-content\/uploads\/2022\/11\/Pudelisoojendaja14-600x375.jpg 600w, https:\/\/beebipai.ee\/wp-content\/uploads\/2022\/11\/Pudelisoojendaja14-e1667658137673.jpg 400w\" sizes=\"(max-width: 768px) 100vw, 768px\" \/>\t\t\t\t\t\t\t\t\t\t\t\t\t\t\t<\/div>\n\t\t\t\t<\/div>\n\t\t\t\t\t<\/div>\n\t\t<\/div>\n\t\t\t\t\t<\/div>\n\t\t<\/section>\n\t\t\t\t<\/div>","protected":false},"excerpt":{"rendered":"<p>Kikkaboo pullonl\u00e4mmitin on k\u00e4yt\u00e4nn\u00f6llinen apu jokaisen vauvan kotiin. 3in1 pullonl\u00e4mmitin on samanaikaisesti l\u00e4mmitin, suoristus ja mehupuristin.<\/p>","protected":false},"featured_media":7078,"template":"","meta":{"_monsterinsights_skip_tracking":false,"_monsterinsights_sitenote_active":false,"_monsterinsights_sitenote_note":"","_monsterinsights_sitenote_category":0,"site-sidebar-layout":"no-sidebar","site-content-layout":"page-builder","ast-site-content-layout":"full-width-container","site-content-style":"unboxed","site-sidebar-style":"unboxed","ast-global-header-display":"","ast-banner-title-visibility":"","ast-main-header-display":"","ast-hfb-above-header-display":"","ast-hfb-below-header-display":"","ast-hfb-mobile-header-display":"","site-post-title":"disabled","ast-breadcrumbs-content":"","ast-featured-img":"disabled","footer-sml-layout":"","ast-disable-related-posts":"","theme-transparent-header-meta":"default","adv-header-id-meta":"","stick-header-meta":"","header-above-stick-meta":"","header-main-stick-meta":"","header-below-stick-meta":"","astra-migrate-meta-layouts":"set","ast-page-background-enabled":"default","ast-page-background-meta":{"desktop":{"background-color":"","background-image":"","background-repeat":"repeat","background-position":"center center","background-size":"auto","background-attachment":"scroll","background-type":"","background-media":"","overlay-type":"","overlay-color":"","overlay-opacity":"","overlay-gradient":""},"tablet":{"background-color":"","background-image":"","background-repeat":"repeat","background-position":"center center","background-size":"auto","background-attachment":"scroll","background-type":"","background-media":"","overlay-type":"","overlay-color":"","overlay-opacity":"","overlay-gradient":""},"mobile":{"background-color":"","background-image":"","background-repeat":"repeat","background-position":"center center","background-size":"auto","background-attachment":"scroll","background-type":"","background-media":"","overlay-type":"","overlay-color":"","overlay-opacity":"","overlay-gradient":""}},"ast-content-background-meta":{"desktop":{"background-color":"var(--ast-global-color-5)","background-image":"","background-repeat":"repeat","background-position":"center center","background-size":"auto","background-attachment":"scroll","background-type":"","background-media":"","overlay-type":"","overlay-color":"","overlay-opacity":"","overlay-gradient":""},"tablet":{"background-color":"var(--ast-global-color-5)","background-image":"","background-repeat":"repeat","background-position":"center center","background-size":"auto","background-attachment":"scroll","background-type":"","background-media":"","overlay-type":"","overlay-color":"","overlay-opacity":"","overlay-gradient":""},"mobile":{"background-color":"var(--ast-global-color-5)","background-image":"","background-repeat":"repeat","background-position":"center center","background-size":"auto","background-attachment":"scroll","background-type":"","background-media":"","overlay-type":"","overlay-color":"","overlay-opacity":"","overlay-gradient":""}}},"product_brand":[],"product_cat":[23,148,103,143],"product_tag":[],"class_list":{"0":"post-7077","1":"product","2":"type-product","3":"status-publish","4":"has-post-thumbnail","6":"product_cat-beebile","7":"product_cat-kingiideed-emale","8":"product_cat-imetamine","9":"product_cat-sootmiseks-soomiseks","10":"desktop-align-left","11":"tablet-align-left","12":"mobile-align-left","14":"first","15":"instock","16":"taxable","17":"shipping-taxable","18":"purchasable","19":"product-type-simple"},"yoast_head":"<!-- This site is optimized with the Yoast SEO plugin v27.3 - https:\/\/yoast.com\/product\/yoast-seo-wordpress\/ -->\n<title>Kikkaboo pudelisoojendaja 3in1 - Beebipai<\/title>\n<meta name=\"description\" content=\"Kikkaboo pudelisoojendaja 3in1 on praktiline abivahend, olles nii soojendaja, steriliseerija kui ka mahlapress. Vaata toodet Kikkaboo pudelisoojendaja 3in1!\" \/>\n<meta name=\"robots\" content=\"index, follow, max-snippet:-1, max-image-preview:large, max-video-preview:-1\" \/>\n<link rel=\"canonical\" href=\"https:\/\/beebipai.ee\/fi\/product\/kikkaboo-pudelisoojendaja-3in1\/\" \/>\n<meta property=\"og:locale\" content=\"fi_FI\" \/>\n<meta property=\"og:type\" content=\"article\" \/>\n<meta property=\"og:title\" content=\"Kikkaboo pudelisoojendaja 3in1 - Beebipai\" \/>\n<meta property=\"og:description\" content=\"Kikkaboo pudelisoojendaja 3in1 on praktiline abivahend, olles nii soojendaja, steriliseerija kui ka mahlapress. Vaata toodet Kikkaboo pudelisoojendaja 3in1!\" \/>\n<meta property=\"og:url\" content=\"https:\/\/beebipai.ee\/fi\/product\/kikkaboo-pudelisoojendaja-3in1\/\" \/>\n<meta property=\"og:site_name\" content=\"Beebipai\" \/>\n<meta property=\"article:modified_time\" content=\"2025-09-06T09:51:28+00:00\" \/>\n<meta property=\"og:image\" content=\"https:\/\/beebipai.ee\/wp-content\/uploads\/2022\/11\/Pudelisoojendaja-3.jpg\" \/>\n\t<meta property=\"og:image:width\" content=\"600\" \/>\n\t<meta property=\"og:image:height\" content=\"750\" \/>\n\t<meta property=\"og:image:type\" content=\"image\/jpeg\" \/>\n<meta name=\"twitter:card\" content=\"summary_large_image\" \/>\n<script type=\"application\/ld+json\" class=\"yoast-schema-graph\">{\"@context\":\"https:\\\/\\\/schema.org\",\"@graph\":[{\"@type\":\"WebPage\",\"@id\":\"https:\\\/\\\/beebipai.ee\\\/product\\\/kikkaboo-pudelisoojendaja-3in1\\\/\",\"url\":\"https:\\\/\\\/beebipai.ee\\\/product\\\/kikkaboo-pudelisoojendaja-3in1\\\/\",\"name\":\"Kikkaboo pudelisoojendaja 3in1 - Beebipai\",\"isPartOf\":{\"@id\":\"https:\\\/\\\/beebipai.ee\\\/en\\\/#website\"},\"primaryImageOfPage\":{\"@id\":\"https:\\\/\\\/beebipai.ee\\\/product\\\/kikkaboo-pudelisoojendaja-3in1\\\/#primaryimage\"},\"image\":{\"@id\":\"https:\\\/\\\/beebipai.ee\\\/product\\\/kikkaboo-pudelisoojendaja-3in1\\\/#primaryimage\"},\"thumbnailUrl\":\"https:\\\/\\\/beebipai.ee\\\/wp-content\\\/uploads\\\/2022\\\/11\\\/Pudelisoojendaja-3.jpg\",\"datePublished\":\"2022-11-05T14:27:20+00:00\",\"dateModified\":\"2025-09-06T09:51:28+00:00\",\"description\":\"Kikkaboo pudelisoojendaja 3in1 on praktiline abivahend, olles nii soojendaja, steriliseerija kui ka mahlapress. Vaata toodet Kikkaboo pudelisoojendaja 3in1!\",\"breadcrumb\":{\"@id\":\"https:\\\/\\\/beebipai.ee\\\/product\\\/kikkaboo-pudelisoojendaja-3in1\\\/#breadcrumb\"},\"inLanguage\":\"fi\",\"potentialAction\":[{\"@type\":\"ReadAction\",\"target\":[\"https:\\\/\\\/beebipai.ee\\\/product\\\/kikkaboo-pudelisoojendaja-3in1\\\/\"]}]},{\"@type\":\"ImageObject\",\"inLanguage\":\"fi\",\"@id\":\"https:\\\/\\\/beebipai.ee\\\/product\\\/kikkaboo-pudelisoojendaja-3in1\\\/#primaryimage\",\"url\":\"https:\\\/\\\/beebipai.ee\\\/wp-content\\\/uploads\\\/2022\\\/11\\\/Pudelisoojendaja-3.jpg\",\"contentUrl\":\"https:\\\/\\\/beebipai.ee\\\/wp-content\\\/uploads\\\/2022\\\/11\\\/Pudelisoojendaja-3.jpg\",\"width\":600,\"height\":750},{\"@type\":\"BreadcrumbList\",\"@id\":\"https:\\\/\\\/beebipai.ee\\\/product\\\/kikkaboo-pudelisoojendaja-3in1\\\/#breadcrumb\",\"itemListElement\":[{\"@type\":\"ListItem\",\"position\":1,\"name\":\"Home\",\"item\":\"https:\\\/\\\/beebipai.ee\\\/\"},{\"@type\":\"ListItem\",\"position\":2,\"name\":\"Pood\",\"item\":\"https:\\\/\\\/beebipai.ee\\\/store\\\/\"},{\"@type\":\"ListItem\",\"position\":3,\"name\":\"Kikkaboo pudelisoojendaja 3in1\"}]},{\"@type\":\"WebSite\",\"@id\":\"https:\\\/\\\/beebipai.ee\\\/en\\\/#website\",\"url\":\"https:\\\/\\\/beebipai.ee\\\/en\\\/\",\"name\":\"Beebipai\",\"description\":\"Rasedate ja beebide veebipood\",\"potentialAction\":[{\"@type\":\"SearchAction\",\"target\":{\"@type\":\"EntryPoint\",\"urlTemplate\":\"https:\\\/\\\/beebipai.ee\\\/en\\\/?s={search_term_string}\"},\"query-input\":{\"@type\":\"PropertyValueSpecification\",\"valueRequired\":true,\"valueName\":\"search_term_string\"}}],\"inLanguage\":\"fi\"}]}<\/script>\n<!-- \/ Yoast SEO plugin. -->","yoast_head_json":{"title":"Kikkaboo pudelisoojendaja 3in1 - Beebipai","description":"Kikkaboo pudelisoojendaja 3in1 on praktiline abivahend, olles nii soojendaja, steriliseerija kui ka mahlapress. Vaata toodet Kikkaboo pudelisoojendaja 3in1!","robots":{"index":"index","follow":"follow","max-snippet":"max-snippet:-1","max-image-preview":"max-image-preview:large","max-video-preview":"max-video-preview:-1"},"canonical":"https:\/\/beebipai.ee\/fi\/product\/kikkaboo-pudelisoojendaja-3in1\/","og_locale":"fi_FI","og_type":"article","og_title":"Kikkaboo pudelisoojendaja 3in1 - Beebipai","og_description":"Kikkaboo pudelisoojendaja 3in1 on praktiline abivahend, olles nii soojendaja, steriliseerija kui ka mahlapress. Vaata toodet Kikkaboo pudelisoojendaja 3in1!","og_url":"https:\/\/beebipai.ee\/fi\/product\/kikkaboo-pudelisoojendaja-3in1\/","og_site_name":"Beebipai","article_modified_time":"2025-09-06T09:51:28+00:00","og_image":[{"width":600,"height":750,"url":"https:\/\/beebipai.ee\/wp-content\/uploads\/2022\/11\/Pudelisoojendaja-3.jpg","type":"image\/jpeg"}],"twitter_card":"summary_large_image","schema":{"@context":"https:\/\/schema.org","@graph":[{"@type":"WebPage","@id":"https:\/\/beebipai.ee\/product\/kikkaboo-pudelisoojendaja-3in1\/","url":"https:\/\/beebipai.ee\/product\/kikkaboo-pudelisoojendaja-3in1\/","name":"Kikkaboo pudelisoojendaja 3in1 - Beebipai","isPartOf":{"@id":"https:\/\/beebipai.ee\/en\/#website"},"primaryImageOfPage":{"@id":"https:\/\/beebipai.ee\/product\/kikkaboo-pudelisoojendaja-3in1\/#primaryimage"},"image":{"@id":"https:\/\/beebipai.ee\/product\/kikkaboo-pudelisoojendaja-3in1\/#primaryimage"},"thumbnailUrl":"https:\/\/beebipai.ee\/wp-content\/uploads\/2022\/11\/Pudelisoojendaja-3.jpg","datePublished":"2022-11-05T14:27:20+00:00","dateModified":"2025-09-06T09:51:28+00:00","description":"Kikkaboo pudelisoojendaja 3in1 on praktiline abivahend, olles nii soojendaja, steriliseerija kui ka mahlapress. Vaata toodet Kikkaboo pudelisoojendaja 3in1!","breadcrumb":{"@id":"https:\/\/beebipai.ee\/product\/kikkaboo-pudelisoojendaja-3in1\/#breadcrumb"},"inLanguage":"fi","potentialAction":[{"@type":"ReadAction","target":["https:\/\/beebipai.ee\/product\/kikkaboo-pudelisoojendaja-3in1\/"]}]},{"@type":"ImageObject","inLanguage":"fi","@id":"https:\/\/beebipai.ee\/product\/kikkaboo-pudelisoojendaja-3in1\/#primaryimage","url":"https:\/\/beebipai.ee\/wp-content\/uploads\/2022\/11\/Pudelisoojendaja-3.jpg","contentUrl":"https:\/\/beebipai.ee\/wp-content\/uploads\/2022\/11\/Pudelisoojendaja-3.jpg","width":600,"height":750},{"@type":"BreadcrumbList","@id":"https:\/\/beebipai.ee\/product\/kikkaboo-pudelisoojendaja-3in1\/#breadcrumb","itemListElement":[{"@type":"ListItem","position":1,"name":"Home","item":"https:\/\/beebipai.ee\/"},{"@type":"ListItem","position":2,"name":"Pood","item":"https:\/\/beebipai.ee\/store\/"},{"@type":"ListItem","position":3,"name":"Kikkaboo pudelisoojendaja 3in1"}]},{"@type":"WebSite","@id":"https:\/\/beebipai.ee\/en\/#website","url":"https:\/\/beebipai.ee\/en\/","name":"Beebipai","description":"Rasedate ja beebide veebipood","potentialAction":[{"@type":"SearchAction","target":{"@type":"EntryPoint","urlTemplate":"https:\/\/beebipai.ee\/en\/?s={search_term_string}"},"query-input":{"@type":"PropertyValueSpecification","valueRequired":true,"valueName":"search_term_string"}}],"inLanguage":"fi"}]}},"_links":{"self":[{"href":"https:\/\/beebipai.ee\/fi\/wp-json\/wp\/v2\/product\/7077","targetHints":{"allow":["GET"]}}],"collection":[{"href":"https:\/\/beebipai.ee\/fi\/wp-json\/wp\/v2\/product"}],"about":[{"href":"https:\/\/beebipai.ee\/fi\/wp-json\/wp\/v2\/types\/product"}],"version-history":[{"count":5,"href":"https:\/\/beebipai.ee\/fi\/wp-json\/wp\/v2\/product\/7077\/revisions"}],"predecessor-version":[{"id":7354,"href":"https:\/\/beebipai.ee\/fi\/wp-json\/wp\/v2\/product\/7077\/revisions\/7354"}],"wp:featuredmedia":[{"embeddable":true,"href":"https:\/\/beebipai.ee\/fi\/wp-json\/wp\/v2\/media\/7078"}],"wp:attachment":[{"href":"https:\/\/beebipai.ee\/fi\/wp-json\/wp\/v2\/media?parent=7077"}],"wp:term":[{"taxonomy":"product_brand","embeddable":true,"href":"https:\/\/beebipai.ee\/fi\/wp-json\/wp\/v2\/product_brand?post=7077"},{"taxonomy":"product_cat","embeddable":true,"href":"https:\/\/beebipai.ee\/fi\/wp-json\/wp\/v2\/product_cat?post=7077"},{"taxonomy":"product_tag","embeddable":true,"href":"https:\/\/beebipai.ee\/fi\/wp-json\/wp\/v2\/product_tag?post=7077"}],"curies":[{"name":"wp","href":"https:\/\/api.w.org\/{rel}","templated":true}]}}