{"id":7067,"date":"2022-11-05T15:47:45","date_gmt":"2022-11-05T13:47:45","guid":{"rendered":"https:\/\/beebipai.ee\/?post_type=product&#038;p=7067"},"modified":"2023-08-07T09:00:19","modified_gmt":"2023-08-07T06:00:19","slug":"kikkaboo-adapter-rinnapumbale-otse-sailituskotti-pumpamiseks-2tk-pakis","status":"publish","type":"product","link":"https:\/\/beebipai.ee\/fi\/product\/kikkaboo-adapter-rinnapumbale-otse-sailituskotti-pumpamiseks-2tk-pakis\/","title":{"rendered":"Kikkaboo-rintapumpun adapteri suoraan s\u00e4ilytyspussiin pumppaamiseen, 2 kpl pakkauksessa"},"content":{"rendered":"<div data-elementor-type=\"wp-post\" data-elementor-id=\"7067\" class=\"elementor elementor-7067\">\n\t\t\t\t\t\t<section class=\"elementor-section elementor-top-section elementor-element elementor-element-96221e6 elementor-section-boxed elementor-section-height-default elementor-section-height-default\" data-id=\"96221e6\" data-element_type=\"section\" data-e-type=\"section\">\n\t\t\t\t\t\t<div class=\"elementor-container elementor-column-gap-default\">\n\t\t\t\t\t<div class=\"elementor-column elementor-col-50 elementor-top-column elementor-element elementor-element-c43916a\" data-id=\"c43916a\" data-element_type=\"column\" data-e-type=\"column\">\n\t\t\t<div class=\"elementor-widget-wrap elementor-element-populated\">\n\t\t\t\t\t\t<div class=\"elementor-element elementor-element-f2fe7b5 elementor-widget elementor-widget-heading\" data-id=\"f2fe7b5\" data-element_type=\"widget\" data-e-type=\"widget\" data-widget_type=\"heading.default\">\n\t\t\t\t<div class=\"elementor-widget-container\">\n\t\t\t\t\t<h2 class=\"elementor-heading-title elementor-size-default\">Kikkaboo adapteri rintapumppuun<\/h2>\t\t\t\t<\/div>\n\t\t\t\t<\/div>\n\t\t\t\t<div class=\"elementor-element elementor-element-7c482c0 elementor-widget elementor-widget-text-editor\" data-id=\"7c482c0\" data-element_type=\"widget\" data-e-type=\"widget\" data-widget_type=\"text-editor.default\">\n\t\t\t\t<div class=\"elementor-widget-container\">\n\t\t\t\t\t\t\t\t\t<p>Kikkaboo-adapterin avulla voit ker\u00e4t\u00e4 rintamaidon suoraan s\u00e4ilytyspussiin. Adapteri sopii kaikkiin s\u00e4hk\u00f6isiin Kikkaboo-rintapumppuihin ja muihin vakiokokoisiin rintapumppuihin. S\u00e4ilytyspussi kiinnittyy helposti ja tukevasti adapteriin. Puristettu rintamaito ker\u00e4t\u00e4\u00e4n suoraan s\u00e4ilytyspussiin. S\u00e4\u00e4st\u00e4t itsesi kaatamasta maitoa paikasta toiseen. Se varmistaa my\u00f6s suuremman puhtauden maidon ker\u00e4\u00e4misen yhteydess\u00e4.\u00a0<\/p>\t\t\t\t\t\t\t\t<\/div>\n\t\t\t\t<\/div>\n\t\t\t\t\t<\/div>\n\t\t<\/div>\n\t\t\t\t<div class=\"elementor-column elementor-col-50 elementor-top-column elementor-element elementor-element-2dadba4\" data-id=\"2dadba4\" data-element_type=\"column\" data-e-type=\"column\">\n\t\t\t<div class=\"elementor-widget-wrap elementor-element-populated\">\n\t\t\t\t\t\t<div class=\"elementor-element elementor-element-ece5c84 elementor-widget elementor-widget-image\" data-id=\"ece5c84\" data-element_type=\"widget\" data-e-type=\"widget\" data-widget_type=\"image.default\">\n\t\t\t\t<div class=\"elementor-widget-container\">\n\t\t\t\t\t\t\t\t\t\t\t\t\t\t\t<img fetchpriority=\"high\" decoding=\"async\" width=\"819\" height=\"1024\" src=\"https:\/\/beebipai.ee\/wp-content\/uploads\/2022\/11\/Adapter-rinnapumbale4-819x1024.jpg\" class=\"attachment-large size-large wp-image-7072\" alt=\"\" srcset=\"https:\/\/beebipai.ee\/wp-content\/uploads\/2022\/11\/Adapter-rinnapumbale4-819x1024.jpg 819w, https:\/\/beebipai.ee\/wp-content\/uploads\/2022\/11\/Adapter-rinnapumbale4-e1667655715373-240x300.jpg 240w, https:\/\/beebipai.ee\/wp-content\/uploads\/2022\/11\/Adapter-rinnapumbale4-768x960.jpg 768w, https:\/\/beebipai.ee\/wp-content\/uploads\/2022\/11\/Adapter-rinnapumbale4-e1667655715373-10x12.jpg 10w, https:\/\/beebipai.ee\/wp-content\/uploads\/2022\/11\/Adapter-rinnapumbale4-600x750.jpg 600w, https:\/\/beebipai.ee\/wp-content\/uploads\/2022\/11\/Adapter-rinnapumbale4-e1667655715373.jpg 400w\" sizes=\"(max-width: 819px) 100vw, 819px\" \/>\t\t\t\t\t\t\t\t\t\t\t\t\t\t\t<\/div>\n\t\t\t\t<\/div>\n\t\t\t\t\t<\/div>\n\t\t<\/div>\n\t\t\t\t\t<\/div>\n\t\t<\/section>\n\t\t\t\t<\/div>","protected":false},"excerpt":{"rendered":"<p>Kikkaboo-adapterin avulla voit ker\u00e4t\u00e4 maidon suoraan s\u00e4ilytyspussiin pumpattaessa rintapumpulla.<\/p>","protected":false},"featured_media":7069,"template":"","meta":{"_monsterinsights_skip_tracking":false,"_monsterinsights_sitenote_active":false,"_monsterinsights_sitenote_note":"","_monsterinsights_sitenote_category":0,"site-sidebar-layout":"no-sidebar","site-content-layout":"page-builder","ast-site-content-layout":"default","site-content-style":"default","site-sidebar-style":"default","ast-global-header-display":"","ast-banner-title-visibility":"","ast-main-header-display":"","ast-hfb-above-header-display":"","ast-hfb-below-header-display":"","ast-hfb-mobile-header-display":"","site-post-title":"disabled","ast-breadcrumbs-content":"","ast-featured-img":"disabled","footer-sml-layout":"","ast-disable-related-posts":"","theme-transparent-header-meta":"default","adv-header-id-meta":"","stick-header-meta":"","header-above-stick-meta":"","header-main-stick-meta":"","header-below-stick-meta":"","astra-migrate-meta-layouts":"default","ast-page-background-enabled":"default","ast-page-background-meta":{"desktop":{"background-color":"","background-image":"","background-repeat":"repeat","background-position":"center center","background-size":"auto","background-attachment":"scroll","background-type":"","background-media":"","overlay-type":"","overlay-color":"","overlay-opacity":"","overlay-gradient":""},"tablet":{"background-color":"","background-image":"","background-repeat":"repeat","background-position":"center center","background-size":"auto","background-attachment":"scroll","background-type":"","background-media":"","overlay-type":"","overlay-color":"","overlay-opacity":"","overlay-gradient":""},"mobile":{"background-color":"","background-image":"","background-repeat":"repeat","background-position":"center center","background-size":"auto","background-attachment":"scroll","background-type":"","background-media":"","overlay-type":"","overlay-color":"","overlay-opacity":"","overlay-gradient":""}},"ast-content-background-meta":{"desktop":{"background-color":"var(--ast-global-color-5)","background-image":"","background-repeat":"repeat","background-position":"center center","background-size":"auto","background-attachment":"scroll","background-type":"","background-media":"","overlay-type":"","overlay-color":"","overlay-opacity":"","overlay-gradient":""},"tablet":{"background-color":"var(--ast-global-color-5)","background-image":"","background-repeat":"repeat","background-position":"center center","background-size":"auto","background-attachment":"scroll","background-type":"","background-media":"","overlay-type":"","overlay-color":"","overlay-opacity":"","overlay-gradient":""},"mobile":{"background-color":"var(--ast-global-color-5)","background-image":"","background-repeat":"repeat","background-position":"center center","background-size":"auto","background-attachment":"scroll","background-type":"","background-media":"","overlay-type":"","overlay-color":"","overlay-opacity":"","overlay-gradient":""}}},"product_brand":[],"product_cat":[22,103],"product_tag":[],"class_list":{"0":"post-7067","1":"product","2":"type-product","3":"status-publish","4":"has-post-thumbnail","6":"product_cat-emale","7":"product_cat-imetamine","8":"desktop-align-left","9":"tablet-align-left","10":"mobile-align-left","12":"first","13":"instock","14":"taxable","15":"shipping-taxable","16":"purchasable","17":"product-type-simple"},"yoast_head":"<!-- This site is optimized with the Yoast SEO plugin v27.3 - https:\/\/yoast.com\/product\/yoast-seo-wordpress\/ -->\n<title>Kikkaboo adapter rinnapumbale otse s\u00e4ilituskotti pumpamiseks, 2tk pakis - Beebipai<\/title>\n<meta name=\"description\" content=\"Adapter rinnapumbale v\u00f5imaldab rinnapiima koguda pumbates otse s\u00e4ilituskotti. Vaata toodet adapter rinnapumbale!\" \/>\n<meta name=\"robots\" content=\"index, follow, max-snippet:-1, max-image-preview:large, max-video-preview:-1\" \/>\n<link rel=\"canonical\" href=\"https:\/\/beebipai.ee\/fi\/product\/kikkaboo-adapter-rinnapumbale-otse-sailituskotti-pumpamiseks-2tk-pakis\/\" \/>\n<meta property=\"og:locale\" content=\"fi_FI\" \/>\n<meta property=\"og:type\" content=\"article\" \/>\n<meta property=\"og:title\" content=\"Kikkaboo adapter rinnapumbale otse s\u00e4ilituskotti pumpamiseks, 2tk pakis - Beebipai\" \/>\n<meta property=\"og:description\" content=\"Adapter rinnapumbale v\u00f5imaldab rinnapiima koguda pumbates otse s\u00e4ilituskotti. Vaata toodet adapter rinnapumbale!\" \/>\n<meta property=\"og:url\" content=\"https:\/\/beebipai.ee\/fi\/product\/kikkaboo-adapter-rinnapumbale-otse-sailituskotti-pumpamiseks-2tk-pakis\/\" \/>\n<meta property=\"og:site_name\" content=\"Beebipai\" \/>\n<meta property=\"article:modified_time\" content=\"2023-08-07T06:00:19+00:00\" \/>\n<meta property=\"og:image\" content=\"https:\/\/beebipai.ee\/wp-content\/uploads\/2022\/11\/Adapter-rinnapumbale1-e1667655759805.jpg\" \/>\n\t<meta property=\"og:image:width\" content=\"400\" \/>\n\t<meta property=\"og:image:height\" content=\"320\" \/>\n\t<meta property=\"og:image:type\" content=\"image\/jpeg\" \/>\n<meta name=\"twitter:card\" content=\"summary_large_image\" \/>\n<script type=\"application\/ld+json\" class=\"yoast-schema-graph\">{\"@context\":\"https:\\\/\\\/schema.org\",\"@graph\":[{\"@type\":\"WebPage\",\"@id\":\"https:\\\/\\\/beebipai.ee\\\/product\\\/kikkaboo-adapter-rinnapumbale-otse-sailituskotti-pumpamiseks-2tk-pakis\\\/\",\"url\":\"https:\\\/\\\/beebipai.ee\\\/product\\\/kikkaboo-adapter-rinnapumbale-otse-sailituskotti-pumpamiseks-2tk-pakis\\\/\",\"name\":\"Kikkaboo adapter rinnapumbale otse s\u00e4ilituskotti pumpamiseks, 2tk pakis - Beebipai\",\"isPartOf\":{\"@id\":\"https:\\\/\\\/beebipai.ee\\\/en\\\/#website\"},\"primaryImageOfPage\":{\"@id\":\"https:\\\/\\\/beebipai.ee\\\/product\\\/kikkaboo-adapter-rinnapumbale-otse-sailituskotti-pumpamiseks-2tk-pakis\\\/#primaryimage\"},\"image\":{\"@id\":\"https:\\\/\\\/beebipai.ee\\\/product\\\/kikkaboo-adapter-rinnapumbale-otse-sailituskotti-pumpamiseks-2tk-pakis\\\/#primaryimage\"},\"thumbnailUrl\":\"https:\\\/\\\/beebipai.ee\\\/wp-content\\\/uploads\\\/2022\\\/11\\\/Adapter-rinnapumbale1-e1667655759805.jpg\",\"datePublished\":\"2022-11-05T13:47:45+00:00\",\"dateModified\":\"2023-08-07T06:00:19+00:00\",\"description\":\"Adapter rinnapumbale v\u00f5imaldab rinnapiima koguda pumbates otse s\u00e4ilituskotti. Vaata toodet adapter rinnapumbale!\",\"breadcrumb\":{\"@id\":\"https:\\\/\\\/beebipai.ee\\\/product\\\/kikkaboo-adapter-rinnapumbale-otse-sailituskotti-pumpamiseks-2tk-pakis\\\/#breadcrumb\"},\"inLanguage\":\"fi\",\"potentialAction\":[{\"@type\":\"ReadAction\",\"target\":[\"https:\\\/\\\/beebipai.ee\\\/product\\\/kikkaboo-adapter-rinnapumbale-otse-sailituskotti-pumpamiseks-2tk-pakis\\\/\"]}]},{\"@type\":\"ImageObject\",\"inLanguage\":\"fi\",\"@id\":\"https:\\\/\\\/beebipai.ee\\\/product\\\/kikkaboo-adapter-rinnapumbale-otse-sailituskotti-pumpamiseks-2tk-pakis\\\/#primaryimage\",\"url\":\"https:\\\/\\\/beebipai.ee\\\/wp-content\\\/uploads\\\/2022\\\/11\\\/Adapter-rinnapumbale1-e1667655759805.jpg\",\"contentUrl\":\"https:\\\/\\\/beebipai.ee\\\/wp-content\\\/uploads\\\/2022\\\/11\\\/Adapter-rinnapumbale1-e1667655759805.jpg\",\"width\":400,\"height\":320},{\"@type\":\"BreadcrumbList\",\"@id\":\"https:\\\/\\\/beebipai.ee\\\/product\\\/kikkaboo-adapter-rinnapumbale-otse-sailituskotti-pumpamiseks-2tk-pakis\\\/#breadcrumb\",\"itemListElement\":[{\"@type\":\"ListItem\",\"position\":1,\"name\":\"Home\",\"item\":\"https:\\\/\\\/beebipai.ee\\\/\"},{\"@type\":\"ListItem\",\"position\":2,\"name\":\"Pood\",\"item\":\"https:\\\/\\\/beebipai.ee\\\/store\\\/\"},{\"@type\":\"ListItem\",\"position\":3,\"name\":\"Kikkaboo adapter rinnapumbale otse s\u00e4ilituskotti pumpamiseks, 2tk pakis\"}]},{\"@type\":\"WebSite\",\"@id\":\"https:\\\/\\\/beebipai.ee\\\/en\\\/#website\",\"url\":\"https:\\\/\\\/beebipai.ee\\\/en\\\/\",\"name\":\"Beebipai\",\"description\":\"Rasedate ja beebide veebipood\",\"potentialAction\":[{\"@type\":\"SearchAction\",\"target\":{\"@type\":\"EntryPoint\",\"urlTemplate\":\"https:\\\/\\\/beebipai.ee\\\/en\\\/?s={search_term_string}\"},\"query-input\":{\"@type\":\"PropertyValueSpecification\",\"valueRequired\":true,\"valueName\":\"search_term_string\"}}],\"inLanguage\":\"fi\"}]}<\/script>\n<!-- \/ Yoast SEO plugin. -->","yoast_head_json":{"title":"Kikkaboo adapter rinnapumbale otse s\u00e4ilituskotti pumpamiseks, 2tk pakis - Beebipai","description":"Adapter rinnapumbale v\u00f5imaldab rinnapiima koguda pumbates otse s\u00e4ilituskotti. Vaata toodet adapter rinnapumbale!","robots":{"index":"index","follow":"follow","max-snippet":"max-snippet:-1","max-image-preview":"max-image-preview:large","max-video-preview":"max-video-preview:-1"},"canonical":"https:\/\/beebipai.ee\/fi\/product\/kikkaboo-adapter-rinnapumbale-otse-sailituskotti-pumpamiseks-2tk-pakis\/","og_locale":"fi_FI","og_type":"article","og_title":"Kikkaboo adapter rinnapumbale otse s\u00e4ilituskotti pumpamiseks, 2tk pakis - Beebipai","og_description":"Adapter rinnapumbale v\u00f5imaldab rinnapiima koguda pumbates otse s\u00e4ilituskotti. Vaata toodet adapter rinnapumbale!","og_url":"https:\/\/beebipai.ee\/fi\/product\/kikkaboo-adapter-rinnapumbale-otse-sailituskotti-pumpamiseks-2tk-pakis\/","og_site_name":"Beebipai","article_modified_time":"2023-08-07T06:00:19+00:00","og_image":[{"width":400,"height":320,"url":"https:\/\/beebipai.ee\/wp-content\/uploads\/2022\/11\/Adapter-rinnapumbale1-e1667655759805.jpg","type":"image\/jpeg"}],"twitter_card":"summary_large_image","schema":{"@context":"https:\/\/schema.org","@graph":[{"@type":"WebPage","@id":"https:\/\/beebipai.ee\/product\/kikkaboo-adapter-rinnapumbale-otse-sailituskotti-pumpamiseks-2tk-pakis\/","url":"https:\/\/beebipai.ee\/product\/kikkaboo-adapter-rinnapumbale-otse-sailituskotti-pumpamiseks-2tk-pakis\/","name":"Kikkaboo adapter rinnapumbale otse s\u00e4ilituskotti pumpamiseks, 2tk pakis - Beebipai","isPartOf":{"@id":"https:\/\/beebipai.ee\/en\/#website"},"primaryImageOfPage":{"@id":"https:\/\/beebipai.ee\/product\/kikkaboo-adapter-rinnapumbale-otse-sailituskotti-pumpamiseks-2tk-pakis\/#primaryimage"},"image":{"@id":"https:\/\/beebipai.ee\/product\/kikkaboo-adapter-rinnapumbale-otse-sailituskotti-pumpamiseks-2tk-pakis\/#primaryimage"},"thumbnailUrl":"https:\/\/beebipai.ee\/wp-content\/uploads\/2022\/11\/Adapter-rinnapumbale1-e1667655759805.jpg","datePublished":"2022-11-05T13:47:45+00:00","dateModified":"2023-08-07T06:00:19+00:00","description":"Adapter rinnapumbale v\u00f5imaldab rinnapiima koguda pumbates otse s\u00e4ilituskotti. Vaata toodet adapter rinnapumbale!","breadcrumb":{"@id":"https:\/\/beebipai.ee\/product\/kikkaboo-adapter-rinnapumbale-otse-sailituskotti-pumpamiseks-2tk-pakis\/#breadcrumb"},"inLanguage":"fi","potentialAction":[{"@type":"ReadAction","target":["https:\/\/beebipai.ee\/product\/kikkaboo-adapter-rinnapumbale-otse-sailituskotti-pumpamiseks-2tk-pakis\/"]}]},{"@type":"ImageObject","inLanguage":"fi","@id":"https:\/\/beebipai.ee\/product\/kikkaboo-adapter-rinnapumbale-otse-sailituskotti-pumpamiseks-2tk-pakis\/#primaryimage","url":"https:\/\/beebipai.ee\/wp-content\/uploads\/2022\/11\/Adapter-rinnapumbale1-e1667655759805.jpg","contentUrl":"https:\/\/beebipai.ee\/wp-content\/uploads\/2022\/11\/Adapter-rinnapumbale1-e1667655759805.jpg","width":400,"height":320},{"@type":"BreadcrumbList","@id":"https:\/\/beebipai.ee\/product\/kikkaboo-adapter-rinnapumbale-otse-sailituskotti-pumpamiseks-2tk-pakis\/#breadcrumb","itemListElement":[{"@type":"ListItem","position":1,"name":"Home","item":"https:\/\/beebipai.ee\/"},{"@type":"ListItem","position":2,"name":"Pood","item":"https:\/\/beebipai.ee\/store\/"},{"@type":"ListItem","position":3,"name":"Kikkaboo adapter rinnapumbale otse s\u00e4ilituskotti pumpamiseks, 2tk pakis"}]},{"@type":"WebSite","@id":"https:\/\/beebipai.ee\/en\/#website","url":"https:\/\/beebipai.ee\/en\/","name":"Beebipai","description":"Rasedate ja beebide veebipood","potentialAction":[{"@type":"SearchAction","target":{"@type":"EntryPoint","urlTemplate":"https:\/\/beebipai.ee\/en\/?s={search_term_string}"},"query-input":{"@type":"PropertyValueSpecification","valueRequired":true,"valueName":"search_term_string"}}],"inLanguage":"fi"}]}},"_links":{"self":[{"href":"https:\/\/beebipai.ee\/fi\/wp-json\/wp\/v2\/product\/7067","targetHints":{"allow":["GET"]}}],"collection":[{"href":"https:\/\/beebipai.ee\/fi\/wp-json\/wp\/v2\/product"}],"about":[{"href":"https:\/\/beebipai.ee\/fi\/wp-json\/wp\/v2\/types\/product"}],"version-history":[{"count":5,"href":"https:\/\/beebipai.ee\/fi\/wp-json\/wp\/v2\/product\/7067\/revisions"}],"predecessor-version":[{"id":8961,"href":"https:\/\/beebipai.ee\/fi\/wp-json\/wp\/v2\/product\/7067\/revisions\/8961"}],"wp:featuredmedia":[{"embeddable":true,"href":"https:\/\/beebipai.ee\/fi\/wp-json\/wp\/v2\/media\/7069"}],"wp:attachment":[{"href":"https:\/\/beebipai.ee\/fi\/wp-json\/wp\/v2\/media?parent=7067"}],"wp:term":[{"taxonomy":"product_brand","embeddable":true,"href":"https:\/\/beebipai.ee\/fi\/wp-json\/wp\/v2\/product_brand?post=7067"},{"taxonomy":"product_cat","embeddable":true,"href":"https:\/\/beebipai.ee\/fi\/wp-json\/wp\/v2\/product_cat?post=7067"},{"taxonomy":"product_tag","embeddable":true,"href":"https:\/\/beebipai.ee\/fi\/wp-json\/wp\/v2\/product_tag?post=7067"}],"curies":[{"name":"wp","href":"https:\/\/api.w.org\/{rel}","templated":true}]}}