{"id":6104,"date":"2022-08-24T23:47:07","date_gmt":"2022-08-24T20:47:07","guid":{"rendered":"https:\/\/beebipai.ee\/?post_type=product&#038;p=6104"},"modified":"2025-09-26T06:05:39","modified_gmt":"2025-09-26T03:05:39","slug":"kikkaboo-manuaalne-rinnapump-elsie","status":"publish","type":"product","link":"https:\/\/beebipai.ee\/fi\/product\/kikkaboo-manuaalne-rinnapump-elsie\/","title":{"rendered":"Kikkaboo manuaalinen rintapumppu Elsie"},"content":{"rendered":"<div data-elementor-type=\"wp-post\" data-elementor-id=\"6104\" class=\"elementor elementor-6104\">\n\t\t\t\t\t\t<section class=\"elementor-section elementor-top-section elementor-element elementor-element-2148082 elementor-section-boxed elementor-section-height-default elementor-section-height-default\" data-id=\"2148082\" data-element_type=\"section\" data-e-type=\"section\">\n\t\t\t\t\t\t<div class=\"elementor-container elementor-column-gap-default\">\n\t\t\t\t\t<div class=\"elementor-column elementor-col-50 elementor-top-column elementor-element elementor-element-7749cda\" data-id=\"7749cda\" data-element_type=\"column\" data-e-type=\"column\">\n\t\t\t<div class=\"elementor-widget-wrap elementor-element-populated\">\n\t\t\t\t\t\t<div class=\"elementor-element elementor-element-bb8bc7c elementor-widget elementor-widget-heading\" data-id=\"bb8bc7c\" data-element_type=\"widget\" data-e-type=\"widget\" data-widget_type=\"heading.default\">\n\t\t\t\t<div class=\"elementor-widget-container\">\n\t\t\t\t\t<h2 class=\"elementor-heading-title elementor-size-default\">Manuaalinen rintapumppu Elsie<\/h2>\t\t\t\t<\/div>\n\t\t\t\t<\/div>\n\t\t\t\t<div class=\"elementor-element elementor-element-b97c3ea elementor-widget elementor-widget-text-editor\" data-id=\"b97c3ea\" data-element_type=\"widget\" data-e-type=\"widget\" data-widget_type=\"text-editor.default\">\n\t\t\t\t<div class=\"elementor-widget-container\">\n\t\t\t\t\t\t\t\t\t<p>Elsie manuaalinen rintapumppu on kompakti, toimiva, tehokas ja eritt\u00e4in helppok\u00e4ytt\u00f6inen. Elsie manuaalisessa rintapumpussa on kaksi erillist\u00e4 tilaa - hieronta ja pumppaus. Pumppausvoimakkuutta voidaan s\u00e4\u00e4t\u00e4\u00e4 kiertos\u00e4\u00e4timell\u00e4. \u00a0<\/p><p>Rintapumpun mukana tulee kaikki mit\u00e4 tarvitset onnistuneeseen rintalypsyyn ja vauvan v\u00e4litt\u00f6m\u00e4\u00e4n ruokkimiseen. Pehme\u00e4 silikonisuppilo, 85\/21 mm. Tilava pullo, jonka avulla voit lyps\u00e4t\u00e4 tyhjent\u00e4m\u00e4tt\u00e4 pulloa v\u00e4lill\u00e4. Elsie, kompakti manuaalinen rintapumppu ergonomisella rakenteella, painaa vain 230 g. Materiaali on BPA-vapaa, joten se on turvallinen valinta sek\u00e4 \u00e4idille ett\u00e4 vauvalle.\u00a0<\/p>\t\t\t\t\t\t\t\t<\/div>\n\t\t\t\t<\/div>\n\t\t\t\t\t<\/div>\n\t\t<\/div>\n\t\t\t\t<div class=\"elementor-column elementor-col-50 elementor-top-column elementor-element elementor-element-d4c179f\" data-id=\"d4c179f\" data-element_type=\"column\" data-e-type=\"column\">\n\t\t\t<div class=\"elementor-widget-wrap elementor-element-populated\">\n\t\t\t\t\t\t<div class=\"elementor-element elementor-element-3316006 elementor-widget elementor-widget-image\" data-id=\"3316006\" data-element_type=\"widget\" data-e-type=\"widget\" data-widget_type=\"image.default\">\n\t\t\t\t<div class=\"elementor-widget-container\">\n\t\t\t\t\t\t\t\t\t\t\t\t\t\t\t<img fetchpriority=\"high\" decoding=\"async\" width=\"819\" height=\"1024\" src=\"https:\/\/beebipai.ee\/wp-content\/uploads\/2022\/08\/Manuaalne-rinnapump1-819x1024.jpeg\" class=\"attachment-large size-large wp-image-6106\" alt=\"\" srcset=\"https:\/\/beebipai.ee\/wp-content\/uploads\/2022\/08\/Manuaalne-rinnapump1-819x1024.jpeg 819w, https:\/\/beebipai.ee\/wp-content\/uploads\/2022\/08\/Manuaalne-rinnapump1-e1661373948497-240x300.jpeg 240w, https:\/\/beebipai.ee\/wp-content\/uploads\/2022\/08\/Manuaalne-rinnapump1-768x960.jpeg 768w, https:\/\/beebipai.ee\/wp-content\/uploads\/2022\/08\/Manuaalne-rinnapump1-e1661373948497-10x12.jpeg 10w, https:\/\/beebipai.ee\/wp-content\/uploads\/2022\/08\/Manuaalne-rinnapump1-600x750.jpeg 600w, https:\/\/beebipai.ee\/wp-content\/uploads\/2022\/08\/Manuaalne-rinnapump1-e1661373948497.jpeg 400w\" sizes=\"(max-width: 819px) 100vw, 819px\" \/>\t\t\t\t\t\t\t\t\t\t\t\t\t\t\t<\/div>\n\t\t\t\t<\/div>\n\t\t\t\t\t<\/div>\n\t\t<\/div>\n\t\t\t\t\t<\/div>\n\t\t<\/section>\n\t\t\t\t<\/div>","protected":false},"excerpt":{"rendered":"<p>Kikkaboo Elsie manuaalinen rintapumppu on k\u00e4tev\u00e4, mukava ja eritt\u00e4in k\u00e4yt\u00e4nn\u00f6llinen apu jokaiselle imett\u00e4v\u00e4lle \u00e4idille. Kevyt ja pieni ottaa mukaan minne tahansa ja k\u00e4ytt\u00e4\u00e4 miss\u00e4 tahansa.<\/p>","protected":false},"featured_media":6105,"template":"","meta":{"_monsterinsights_skip_tracking":false,"_monsterinsights_sitenote_active":false,"_monsterinsights_sitenote_note":"","_monsterinsights_sitenote_category":0,"site-sidebar-layout":"no-sidebar","site-content-layout":"page-builder","ast-site-content-layout":"full-width-container","site-content-style":"unboxed","site-sidebar-style":"unboxed","ast-global-header-display":"","ast-banner-title-visibility":"","ast-main-header-display":"","ast-hfb-above-header-display":"","ast-hfb-below-header-display":"","ast-hfb-mobile-header-display":"","site-post-title":"disabled","ast-breadcrumbs-content":"","ast-featured-img":"disabled","footer-sml-layout":"","ast-disable-related-posts":"","theme-transparent-header-meta":"default","adv-header-id-meta":"","stick-header-meta":"","header-above-stick-meta":"","header-main-stick-meta":"","header-below-stick-meta":"","astra-migrate-meta-layouts":"set","ast-page-background-enabled":"default","ast-page-background-meta":{"desktop":{"background-color":"","background-image":"","background-repeat":"repeat","background-position":"center center","background-size":"auto","background-attachment":"scroll","background-type":"","background-media":"","overlay-type":"","overlay-color":"","overlay-opacity":"","overlay-gradient":""},"tablet":{"background-color":"","background-image":"","background-repeat":"repeat","background-position":"center center","background-size":"auto","background-attachment":"scroll","background-type":"","background-media":"","overlay-type":"","overlay-color":"","overlay-opacity":"","overlay-gradient":""},"mobile":{"background-color":"","background-image":"","background-repeat":"repeat","background-position":"center center","background-size":"auto","background-attachment":"scroll","background-type":"","background-media":"","overlay-type":"","overlay-color":"","overlay-opacity":"","overlay-gradient":""}},"ast-content-background-meta":{"desktop":{"background-color":"var(--ast-global-color-5)","background-image":"","background-repeat":"repeat","background-position":"center center","background-size":"auto","background-attachment":"scroll","background-type":"","background-media":"","overlay-type":"","overlay-color":"","overlay-opacity":"","overlay-gradient":""},"tablet":{"background-color":"var(--ast-global-color-5)","background-image":"","background-repeat":"repeat","background-position":"center center","background-size":"auto","background-attachment":"scroll","background-type":"","background-media":"","overlay-type":"","overlay-color":"","overlay-opacity":"","overlay-gradient":""},"mobile":{"background-color":"var(--ast-global-color-5)","background-image":"","background-repeat":"repeat","background-position":"center center","background-size":"auto","background-attachment":"scroll","background-type":"","background-media":"","overlay-type":"","overlay-color":"","overlay-opacity":"","overlay-gradient":""}}},"product_brand":[],"product_cat":[22,103],"product_tag":[],"class_list":{"0":"post-6104","1":"product","2":"type-product","3":"status-publish","4":"has-post-thumbnail","6":"product_cat-emale","7":"product_cat-imetamine","8":"desktop-align-left","9":"tablet-align-left","10":"mobile-align-left","12":"first","13":"outofstock","14":"taxable","15":"shipping-taxable","16":"purchasable","17":"product-type-simple"},"yoast_head":"<!-- This site is optimized with the Yoast SEO plugin v27.3 - https:\/\/yoast.com\/product\/yoast-seo-wordpress\/ -->\n<title>Kikkaboo manuaalne rinnapump Elsie - Beebipai<\/title>\n<meta name=\"description\" content=\"Kikkaboo manuaalne rinnapump Elsie on mugav ja praktiline igale rinnaga toitvale emale. Vaata toodet Kikkaboo manuaalne rinnapump Elsie!\" \/>\n<meta name=\"robots\" content=\"index, follow, max-snippet:-1, max-image-preview:large, max-video-preview:-1\" \/>\n<link rel=\"canonical\" href=\"https:\/\/beebipai.ee\/fi\/product\/kikkaboo-manuaalne-rinnapump-elsie\/\" \/>\n<meta property=\"og:locale\" content=\"fi_FI\" \/>\n<meta property=\"og:type\" content=\"article\" \/>\n<meta property=\"og:title\" content=\"Kikkaboo manuaalne rinnapump Elsie - Beebipai\" \/>\n<meta property=\"og:description\" content=\"Kikkaboo manuaalne rinnapump Elsie on mugav ja praktiline igale rinnaga toitvale emale. Vaata toodet Kikkaboo manuaalne rinnapump Elsie!\" \/>\n<meta property=\"og:url\" content=\"https:\/\/beebipai.ee\/fi\/product\/kikkaboo-manuaalne-rinnapump-elsie\/\" \/>\n<meta property=\"og:site_name\" content=\"Beebipai\" \/>\n<meta property=\"article:modified_time\" content=\"2025-09-26T03:05:39+00:00\" \/>\n<meta property=\"og:image\" content=\"https:\/\/beebipai.ee\/wp-content\/uploads\/2022\/08\/Manuaalne-rinnapump-e1661373794728.jpeg\" \/>\n\t<meta property=\"og:image:width\" content=\"400\" \/>\n\t<meta property=\"og:image:height\" content=\"500\" \/>\n\t<meta property=\"og:image:type\" content=\"image\/jpeg\" \/>\n<meta name=\"twitter:card\" content=\"summary_large_image\" \/>\n<script type=\"application\/ld+json\" class=\"yoast-schema-graph\">{\"@context\":\"https:\\\/\\\/schema.org\",\"@graph\":[{\"@type\":\"WebPage\",\"@id\":\"https:\\\/\\\/beebipai.ee\\\/product\\\/kikkaboo-manuaalne-rinnapump-elsie\\\/\",\"url\":\"https:\\\/\\\/beebipai.ee\\\/product\\\/kikkaboo-manuaalne-rinnapump-elsie\\\/\",\"name\":\"Kikkaboo manuaalne rinnapump Elsie - Beebipai\",\"isPartOf\":{\"@id\":\"https:\\\/\\\/beebipai.ee\\\/en\\\/#website\"},\"primaryImageOfPage\":{\"@id\":\"https:\\\/\\\/beebipai.ee\\\/product\\\/kikkaboo-manuaalne-rinnapump-elsie\\\/#primaryimage\"},\"image\":{\"@id\":\"https:\\\/\\\/beebipai.ee\\\/product\\\/kikkaboo-manuaalne-rinnapump-elsie\\\/#primaryimage\"},\"thumbnailUrl\":\"https:\\\/\\\/beebipai.ee\\\/wp-content\\\/uploads\\\/2022\\\/08\\\/Manuaalne-rinnapump-e1661373794728.jpeg\",\"datePublished\":\"2022-08-24T20:47:07+00:00\",\"dateModified\":\"2025-09-26T03:05:39+00:00\",\"description\":\"Kikkaboo manuaalne rinnapump Elsie on mugav ja praktiline igale rinnaga toitvale emale. Vaata toodet Kikkaboo manuaalne rinnapump Elsie!\",\"breadcrumb\":{\"@id\":\"https:\\\/\\\/beebipai.ee\\\/product\\\/kikkaboo-manuaalne-rinnapump-elsie\\\/#breadcrumb\"},\"inLanguage\":\"fi\",\"potentialAction\":[{\"@type\":\"ReadAction\",\"target\":[\"https:\\\/\\\/beebipai.ee\\\/product\\\/kikkaboo-manuaalne-rinnapump-elsie\\\/\"]}]},{\"@type\":\"ImageObject\",\"inLanguage\":\"fi\",\"@id\":\"https:\\\/\\\/beebipai.ee\\\/product\\\/kikkaboo-manuaalne-rinnapump-elsie\\\/#primaryimage\",\"url\":\"https:\\\/\\\/beebipai.ee\\\/wp-content\\\/uploads\\\/2022\\\/08\\\/Manuaalne-rinnapump-e1661373794728.jpeg\",\"contentUrl\":\"https:\\\/\\\/beebipai.ee\\\/wp-content\\\/uploads\\\/2022\\\/08\\\/Manuaalne-rinnapump-e1661373794728.jpeg\",\"width\":400,\"height\":500},{\"@type\":\"BreadcrumbList\",\"@id\":\"https:\\\/\\\/beebipai.ee\\\/product\\\/kikkaboo-manuaalne-rinnapump-elsie\\\/#breadcrumb\",\"itemListElement\":[{\"@type\":\"ListItem\",\"position\":1,\"name\":\"Home\",\"item\":\"https:\\\/\\\/beebipai.ee\\\/\"},{\"@type\":\"ListItem\",\"position\":2,\"name\":\"Pood\",\"item\":\"https:\\\/\\\/beebipai.ee\\\/store\\\/\"},{\"@type\":\"ListItem\",\"position\":3,\"name\":\"Kikkaboo manuaalne rinnapump Elsie\"}]},{\"@type\":\"WebSite\",\"@id\":\"https:\\\/\\\/beebipai.ee\\\/en\\\/#website\",\"url\":\"https:\\\/\\\/beebipai.ee\\\/en\\\/\",\"name\":\"Beebipai\",\"description\":\"Rasedate ja beebide veebipood\",\"potentialAction\":[{\"@type\":\"SearchAction\",\"target\":{\"@type\":\"EntryPoint\",\"urlTemplate\":\"https:\\\/\\\/beebipai.ee\\\/en\\\/?s={search_term_string}\"},\"query-input\":{\"@type\":\"PropertyValueSpecification\",\"valueRequired\":true,\"valueName\":\"search_term_string\"}}],\"inLanguage\":\"fi\"}]}<\/script>\n<!-- \/ Yoast SEO plugin. -->","yoast_head_json":{"title":"Kikkaboo manuaalne rinnapump Elsie - Beebipai","description":"Kikkaboo manuaalne rinnapump Elsie on mugav ja praktiline igale rinnaga toitvale emale. Vaata toodet Kikkaboo manuaalne rinnapump Elsie!","robots":{"index":"index","follow":"follow","max-snippet":"max-snippet:-1","max-image-preview":"max-image-preview:large","max-video-preview":"max-video-preview:-1"},"canonical":"https:\/\/beebipai.ee\/fi\/product\/kikkaboo-manuaalne-rinnapump-elsie\/","og_locale":"fi_FI","og_type":"article","og_title":"Kikkaboo manuaalne rinnapump Elsie - Beebipai","og_description":"Kikkaboo manuaalne rinnapump Elsie on mugav ja praktiline igale rinnaga toitvale emale. Vaata toodet Kikkaboo manuaalne rinnapump Elsie!","og_url":"https:\/\/beebipai.ee\/fi\/product\/kikkaboo-manuaalne-rinnapump-elsie\/","og_site_name":"Beebipai","article_modified_time":"2025-09-26T03:05:39+00:00","og_image":[{"width":400,"height":500,"url":"https:\/\/beebipai.ee\/wp-content\/uploads\/2022\/08\/Manuaalne-rinnapump-e1661373794728.jpeg","type":"image\/jpeg"}],"twitter_card":"summary_large_image","schema":{"@context":"https:\/\/schema.org","@graph":[{"@type":"WebPage","@id":"https:\/\/beebipai.ee\/product\/kikkaboo-manuaalne-rinnapump-elsie\/","url":"https:\/\/beebipai.ee\/product\/kikkaboo-manuaalne-rinnapump-elsie\/","name":"Kikkaboo manuaalne rinnapump Elsie - Beebipai","isPartOf":{"@id":"https:\/\/beebipai.ee\/en\/#website"},"primaryImageOfPage":{"@id":"https:\/\/beebipai.ee\/product\/kikkaboo-manuaalne-rinnapump-elsie\/#primaryimage"},"image":{"@id":"https:\/\/beebipai.ee\/product\/kikkaboo-manuaalne-rinnapump-elsie\/#primaryimage"},"thumbnailUrl":"https:\/\/beebipai.ee\/wp-content\/uploads\/2022\/08\/Manuaalne-rinnapump-e1661373794728.jpeg","datePublished":"2022-08-24T20:47:07+00:00","dateModified":"2025-09-26T03:05:39+00:00","description":"Kikkaboo manuaalne rinnapump Elsie on mugav ja praktiline igale rinnaga toitvale emale. Vaata toodet Kikkaboo manuaalne rinnapump Elsie!","breadcrumb":{"@id":"https:\/\/beebipai.ee\/product\/kikkaboo-manuaalne-rinnapump-elsie\/#breadcrumb"},"inLanguage":"fi","potentialAction":[{"@type":"ReadAction","target":["https:\/\/beebipai.ee\/product\/kikkaboo-manuaalne-rinnapump-elsie\/"]}]},{"@type":"ImageObject","inLanguage":"fi","@id":"https:\/\/beebipai.ee\/product\/kikkaboo-manuaalne-rinnapump-elsie\/#primaryimage","url":"https:\/\/beebipai.ee\/wp-content\/uploads\/2022\/08\/Manuaalne-rinnapump-e1661373794728.jpeg","contentUrl":"https:\/\/beebipai.ee\/wp-content\/uploads\/2022\/08\/Manuaalne-rinnapump-e1661373794728.jpeg","width":400,"height":500},{"@type":"BreadcrumbList","@id":"https:\/\/beebipai.ee\/product\/kikkaboo-manuaalne-rinnapump-elsie\/#breadcrumb","itemListElement":[{"@type":"ListItem","position":1,"name":"Home","item":"https:\/\/beebipai.ee\/"},{"@type":"ListItem","position":2,"name":"Pood","item":"https:\/\/beebipai.ee\/store\/"},{"@type":"ListItem","position":3,"name":"Kikkaboo manuaalne rinnapump Elsie"}]},{"@type":"WebSite","@id":"https:\/\/beebipai.ee\/en\/#website","url":"https:\/\/beebipai.ee\/en\/","name":"Beebipai","description":"Rasedate ja beebide veebipood","potentialAction":[{"@type":"SearchAction","target":{"@type":"EntryPoint","urlTemplate":"https:\/\/beebipai.ee\/en\/?s={search_term_string}"},"query-input":{"@type":"PropertyValueSpecification","valueRequired":true,"valueName":"search_term_string"}}],"inLanguage":"fi"}]}},"_links":{"self":[{"href":"https:\/\/beebipai.ee\/fi\/wp-json\/wp\/v2\/product\/6104","targetHints":{"allow":["GET"]}}],"collection":[{"href":"https:\/\/beebipai.ee\/fi\/wp-json\/wp\/v2\/product"}],"about":[{"href":"https:\/\/beebipai.ee\/fi\/wp-json\/wp\/v2\/types\/product"}],"version-history":[{"count":5,"href":"https:\/\/beebipai.ee\/fi\/wp-json\/wp\/v2\/product\/6104\/revisions"}],"predecessor-version":[{"id":8951,"href":"https:\/\/beebipai.ee\/fi\/wp-json\/wp\/v2\/product\/6104\/revisions\/8951"}],"wp:featuredmedia":[{"embeddable":true,"href":"https:\/\/beebipai.ee\/fi\/wp-json\/wp\/v2\/media\/6105"}],"wp:attachment":[{"href":"https:\/\/beebipai.ee\/fi\/wp-json\/wp\/v2\/media?parent=6104"}],"wp:term":[{"taxonomy":"product_brand","embeddable":true,"href":"https:\/\/beebipai.ee\/fi\/wp-json\/wp\/v2\/product_brand?post=6104"},{"taxonomy":"product_cat","embeddable":true,"href":"https:\/\/beebipai.ee\/fi\/wp-json\/wp\/v2\/product_cat?post=6104"},{"taxonomy":"product_tag","embeddable":true,"href":"https:\/\/beebipai.ee\/fi\/wp-json\/wp\/v2\/product_tag?post=6104"}],"curies":[{"name":"wp","href":"https:\/\/api.w.org\/{rel}","templated":true}]}}