{"id":6042,"date":"2022-08-23T14:22:12","date_gmt":"2022-08-23T11:22:12","guid":{"rendered":"https:\/\/beebipai.ee\/?post_type=product&#038;p=6042"},"modified":"2025-09-26T06:07:15","modified_gmt":"2025-09-26T03:07:15","slug":"nessa-elektriline-rinnapump","status":"publish","type":"product","link":"https:\/\/beebipai.ee\/fi\/product\/nessa-elektriline-rinnapump\/","title":{"rendered":"Nessa s\u00e4hk\u00f6inen rintapumppu"},"content":{"rendered":"<div data-elementor-type=\"wp-post\" data-elementor-id=\"6042\" class=\"elementor elementor-6042\">\n\t\t\t\t\t\t<section class=\"elementor-section elementor-top-section elementor-element elementor-element-cc66496 elementor-section-boxed elementor-section-height-default elementor-section-height-default\" data-id=\"cc66496\" data-element_type=\"section\" data-e-type=\"section\">\n\t\t\t\t\t\t<div class=\"elementor-container elementor-column-gap-default\">\n\t\t\t\t\t<div class=\"elementor-column elementor-col-50 elementor-top-column elementor-element elementor-element-3f91708\" data-id=\"3f91708\" data-element_type=\"column\" data-e-type=\"column\">\n\t\t\t<div class=\"elementor-widget-wrap elementor-element-populated\">\n\t\t\t\t\t\t<div class=\"elementor-element elementor-element-f96b76d elementor-widget elementor-widget-heading\" data-id=\"f96b76d\" data-element_type=\"widget\" data-e-type=\"widget\" data-widget_type=\"heading.default\">\n\t\t\t\t<div class=\"elementor-widget-container\">\n\t\t\t\t\t<h2 class=\"elementor-heading-title elementor-size-default\">Nessa s\u00e4hk\u00f6inen kaksoisrintapumppu<\/h2>\t\t\t\t<\/div>\n\t\t\t\t<\/div>\n\t\t\t\t<div class=\"elementor-element elementor-element-387f4e2 elementor-widget elementor-widget-text-editor\" data-id=\"387f4e2\" data-element_type=\"widget\" data-e-type=\"widget\" data-widget_type=\"text-editor.default\">\n\t\t\t\t<div class=\"elementor-widget-container\">\n\t\t\t\t\t\t\t\t\t<p>Nessa s\u00e4hk\u00f6inen kaksoisrintapumppu on kompakti, toimiva ja eritt\u00e4in helppok\u00e4ytt\u00f6inen. Nessa-rintapumpussa on kolme erillist\u00e4 tilaa, LED-n\u00e4ytt\u00f6, muistitoiminto ja nolla takaisinvirtausj\u00e4rjestelm\u00e4.<\/p><p>Rintapumpun kolme toimintoa, hieronta, imu ja bioniikka, j\u00e4ljittelev\u00e4t vauvan ruokintaa rinnasta. Valittavana on 9 erilaista imuvoimakkuutta. Muistitoiminnon avulla voit k\u00e4ytt\u00e4\u00e4 jo tuttua ja sopivaa tilaa. LED-valaistus tekee pumpusta mukavan k\u00e4ytt\u00e4\u00e4 my\u00f6s y\u00f6ll\u00e4. Pumpussa on universaali pehme\u00e4 silikonisuppilo, jonka koko on 88\/24 mm. Takaisinvirtausj\u00e4rjestelm\u00e4 mahdollistaa hygieenisen ja oikean rintapumpun, jossa maito ei valu takaisin j\u00e4rjestelm\u00e4\u00e4n edes pulloa kallistettaessa. Ker\u00e4yspullon tilavuus on 150 ml, joten voit pumpata suuremman m\u00e4\u00e4r\u00e4n maitoa tyhjent\u00e4m\u00e4tt\u00e4 sit\u00e4 sill\u00e4 v\u00e4lin. Mukana tulee my\u00f6s tuttipullosuutin vauvan v\u00e4lit\u00f6nt\u00e4 ruokintaa varten.\u00a0<\/p><p>Rintapumppu toimii litiumakulla. Se on BPA-vapaa, joten se on turvallinen ja terveellinen valinta imett\u00e4ville \u00e4ideille ja vauvoille.\u00a0<\/p>\t\t\t\t\t\t\t\t<\/div>\n\t\t\t\t<\/div>\n\t\t\t\t\t<\/div>\n\t\t<\/div>\n\t\t\t\t<div class=\"elementor-column elementor-col-50 elementor-top-column elementor-element elementor-element-c794727\" data-id=\"c794727\" data-element_type=\"column\" data-e-type=\"column\">\n\t\t\t<div class=\"elementor-widget-wrap elementor-element-populated\">\n\t\t\t\t\t\t<div class=\"elementor-element elementor-element-622d3d6 elementor-widget elementor-widget-image\" data-id=\"622d3d6\" data-element_type=\"widget\" data-e-type=\"widget\" data-widget_type=\"image.default\">\n\t\t\t\t<div class=\"elementor-widget-container\">\n\t\t\t\t\t\t\t\t\t\t\t\t\t\t\t<img fetchpriority=\"high\" decoding=\"async\" width=\"819\" height=\"1024\" src=\"https:\/\/beebipai.ee\/wp-content\/uploads\/2022\/08\/Nessa-elektriline-rinnapump2-819x1024.jpeg\" class=\"attachment-large size-large wp-image-6048\" alt=\"\" srcset=\"https:\/\/beebipai.ee\/wp-content\/uploads\/2022\/08\/Nessa-elektriline-rinnapump2-819x1024.jpeg 819w, https:\/\/beebipai.ee\/wp-content\/uploads\/2022\/08\/Nessa-elektriline-rinnapump2-e1661253538902-240x300.jpeg 240w, https:\/\/beebipai.ee\/wp-content\/uploads\/2022\/08\/Nessa-elektriline-rinnapump2-768x960.jpeg 768w, https:\/\/beebipai.ee\/wp-content\/uploads\/2022\/08\/Nessa-elektriline-rinnapump2-e1661253538902-10x12.jpeg 10w, https:\/\/beebipai.ee\/wp-content\/uploads\/2022\/08\/Nessa-elektriline-rinnapump2-600x750.jpeg 600w, https:\/\/beebipai.ee\/wp-content\/uploads\/2022\/08\/Nessa-elektriline-rinnapump2-e1661253538902.jpeg 400w\" sizes=\"(max-width: 819px) 100vw, 819px\" \/>\t\t\t\t\t\t\t\t\t\t\t\t\t\t\t<\/div>\n\t\t\t\t<\/div>\n\t\t\t\t\t<\/div>\n\t\t<\/div>\n\t\t\t\t\t<\/div>\n\t\t<\/section>\n\t\t\t\t<\/div>","protected":false},"excerpt":{"rendered":"<p>Monitoiminen Nessa-rintapumppu on tehokas, k\u00e4yt\u00e4nn\u00f6llinen ja helppok\u00e4ytt\u00f6inen. Rintapumppu mahdollistaa samanaikaisen k\u00e4yt\u00f6n molemmissa rinnoissa. Rintapumpun useat toiminnot tekev\u00e4t rintapumpun k\u00e4yt\u00f6st\u00e4 k\u00e4tev\u00e4\u00e4 imett\u00e4ville \u00e4ideille, joilla on erilaisia \u200b\u200btoiveita ja tarpeita.<\/p>","protected":false},"featured_media":6046,"template":"","meta":{"_monsterinsights_skip_tracking":false,"_monsterinsights_sitenote_active":false,"_monsterinsights_sitenote_note":"","_monsterinsights_sitenote_category":0,"site-sidebar-layout":"no-sidebar","site-content-layout":"page-builder","ast-site-content-layout":"full-width-container","site-content-style":"unboxed","site-sidebar-style":"unboxed","ast-global-header-display":"","ast-banner-title-visibility":"","ast-main-header-display":"","ast-hfb-above-header-display":"","ast-hfb-below-header-display":"","ast-hfb-mobile-header-display":"","site-post-title":"disabled","ast-breadcrumbs-content":"","ast-featured-img":"disabled","footer-sml-layout":"","ast-disable-related-posts":"","theme-transparent-header-meta":"default","adv-header-id-meta":"","stick-header-meta":"","header-above-stick-meta":"","header-main-stick-meta":"","header-below-stick-meta":"","astra-migrate-meta-layouts":"set","ast-page-background-enabled":"default","ast-page-background-meta":{"desktop":{"background-color":"","background-image":"","background-repeat":"repeat","background-position":"center center","background-size":"auto","background-attachment":"scroll","background-type":"","background-media":"","overlay-type":"","overlay-color":"","overlay-opacity":"","overlay-gradient":""},"tablet":{"background-color":"","background-image":"","background-repeat":"repeat","background-position":"center center","background-size":"auto","background-attachment":"scroll","background-type":"","background-media":"","overlay-type":"","overlay-color":"","overlay-opacity":"","overlay-gradient":""},"mobile":{"background-color":"","background-image":"","background-repeat":"repeat","background-position":"center center","background-size":"auto","background-attachment":"scroll","background-type":"","background-media":"","overlay-type":"","overlay-color":"","overlay-opacity":"","overlay-gradient":""}},"ast-content-background-meta":{"desktop":{"background-color":"var(--ast-global-color-5)","background-image":"","background-repeat":"repeat","background-position":"center center","background-size":"auto","background-attachment":"scroll","background-type":"","background-media":"","overlay-type":"","overlay-color":"","overlay-opacity":"","overlay-gradient":""},"tablet":{"background-color":"var(--ast-global-color-5)","background-image":"","background-repeat":"repeat","background-position":"center center","background-size":"auto","background-attachment":"scroll","background-type":"","background-media":"","overlay-type":"","overlay-color":"","overlay-opacity":"","overlay-gradient":""},"mobile":{"background-color":"var(--ast-global-color-5)","background-image":"","background-repeat":"repeat","background-position":"center center","background-size":"auto","background-attachment":"scroll","background-type":"","background-media":"","overlay-type":"","overlay-color":"","overlay-opacity":"","overlay-gradient":""}}},"product_brand":[],"product_cat":[22,148,103],"product_tag":[],"class_list":{"0":"post-6042","1":"product","2":"type-product","3":"status-publish","4":"has-post-thumbnail","6":"product_cat-emale","7":"product_cat-kingiideed-emale","8":"product_cat-imetamine","9":"desktop-align-left","10":"tablet-align-left","11":"mobile-align-left","13":"first","14":"outofstock","15":"taxable","16":"shipping-taxable","17":"purchasable","18":"product-type-simple"},"yoast_head":"<!-- This site is optimized with the Yoast SEO plugin v27.5 - https:\/\/yoast.com\/product\/yoast-seo-wordpress\/ -->\n<title>Nessa elektriline rinnapump - Beebipai<\/title>\n<meta name=\"description\" content=\"Nessa elektriline rinnapump on mugav, praktiline ja t\u00f5hus abiline rinnaga toitvale emale. Vaata toodet Nessa elektriline rinnapump!\" \/>\n<meta name=\"robots\" content=\"index, follow, max-snippet:-1, max-image-preview:large, max-video-preview:-1\" \/>\n<link rel=\"canonical\" href=\"https:\/\/beebipai.ee\/fi\/product\/nessa-elektriline-rinnapump\/\" \/>\n<meta property=\"og:locale\" content=\"fi_FI\" \/>\n<meta property=\"og:type\" content=\"article\" \/>\n<meta property=\"og:title\" content=\"Nessa elektriline rinnapump - Beebipai\" \/>\n<meta property=\"og:description\" content=\"Nessa elektriline rinnapump on mugav, praktiline ja t\u00f5hus abiline rinnaga toitvale emale. Vaata toodet Nessa elektriline rinnapump!\" \/>\n<meta property=\"og:url\" content=\"https:\/\/beebipai.ee\/fi\/product\/nessa-elektriline-rinnapump\/\" \/>\n<meta property=\"og:site_name\" content=\"Beebipai\" \/>\n<meta property=\"article:modified_time\" content=\"2025-09-26T03:07:15+00:00\" \/>\n<meta property=\"og:image\" content=\"https:\/\/beebipai.ee\/wp-content\/uploads\/2022\/08\/Nessa-elektriline-rinnapump.jpeg\" \/>\n\t<meta property=\"og:image:width\" content=\"600\" \/>\n\t<meta property=\"og:image:height\" content=\"480\" \/>\n\t<meta property=\"og:image:type\" content=\"image\/jpeg\" \/>\n<meta name=\"twitter:card\" content=\"summary_large_image\" \/>\n<meta name=\"twitter:label1\" content=\"Arvioitu lukuaika\" \/>\n\t<meta name=\"twitter:data1\" content=\"1 minuutti\" \/>\n<script type=\"application\/ld+json\" class=\"yoast-schema-graph\">{\"@context\":\"https:\\\/\\\/schema.org\",\"@graph\":[{\"@type\":\"WebPage\",\"@id\":\"https:\\\/\\\/beebipai.ee\\\/product\\\/nessa-elektriline-rinnapump\\\/\",\"url\":\"https:\\\/\\\/beebipai.ee\\\/product\\\/nessa-elektriline-rinnapump\\\/\",\"name\":\"Nessa elektriline rinnapump - Beebipai\",\"isPartOf\":{\"@id\":\"https:\\\/\\\/beebipai.ee\\\/en\\\/#website\"},\"primaryImageOfPage\":{\"@id\":\"https:\\\/\\\/beebipai.ee\\\/product\\\/nessa-elektriline-rinnapump\\\/#primaryimage\"},\"image\":{\"@id\":\"https:\\\/\\\/beebipai.ee\\\/product\\\/nessa-elektriline-rinnapump\\\/#primaryimage\"},\"thumbnailUrl\":\"https:\\\/\\\/beebipai.ee\\\/wp-content\\\/uploads\\\/2022\\\/08\\\/Nessa-elektriline-rinnapump.jpeg\",\"datePublished\":\"2022-08-23T11:22:12+00:00\",\"dateModified\":\"2025-09-26T03:07:15+00:00\",\"description\":\"Nessa elektriline rinnapump on mugav, praktiline ja t\u00f5hus abiline rinnaga toitvale emale. Vaata toodet Nessa elektriline rinnapump!\",\"breadcrumb\":{\"@id\":\"https:\\\/\\\/beebipai.ee\\\/product\\\/nessa-elektriline-rinnapump\\\/#breadcrumb\"},\"inLanguage\":\"fi\",\"potentialAction\":[{\"@type\":\"ReadAction\",\"target\":[\"https:\\\/\\\/beebipai.ee\\\/product\\\/nessa-elektriline-rinnapump\\\/\"]}]},{\"@type\":\"ImageObject\",\"inLanguage\":\"fi\",\"@id\":\"https:\\\/\\\/beebipai.ee\\\/product\\\/nessa-elektriline-rinnapump\\\/#primaryimage\",\"url\":\"https:\\\/\\\/beebipai.ee\\\/wp-content\\\/uploads\\\/2022\\\/08\\\/Nessa-elektriline-rinnapump.jpeg\",\"contentUrl\":\"https:\\\/\\\/beebipai.ee\\\/wp-content\\\/uploads\\\/2022\\\/08\\\/Nessa-elektriline-rinnapump.jpeg\",\"width\":600,\"height\":480},{\"@type\":\"BreadcrumbList\",\"@id\":\"https:\\\/\\\/beebipai.ee\\\/product\\\/nessa-elektriline-rinnapump\\\/#breadcrumb\",\"itemListElement\":[{\"@type\":\"ListItem\",\"position\":1,\"name\":\"Home\",\"item\":\"https:\\\/\\\/beebipai.ee\\\/\"},{\"@type\":\"ListItem\",\"position\":2,\"name\":\"Pood\",\"item\":\"https:\\\/\\\/beebipai.ee\\\/store\\\/\"},{\"@type\":\"ListItem\",\"position\":3,\"name\":\"Nessa elektriline rinnapump\"}]},{\"@type\":\"WebSite\",\"@id\":\"https:\\\/\\\/beebipai.ee\\\/en\\\/#website\",\"url\":\"https:\\\/\\\/beebipai.ee\\\/en\\\/\",\"name\":\"Beebipai\",\"description\":\"Rasedate ja beebide veebipood\",\"potentialAction\":[{\"@type\":\"SearchAction\",\"target\":{\"@type\":\"EntryPoint\",\"urlTemplate\":\"https:\\\/\\\/beebipai.ee\\\/en\\\/?s={search_term_string}\"},\"query-input\":{\"@type\":\"PropertyValueSpecification\",\"valueRequired\":true,\"valueName\":\"search_term_string\"}}],\"inLanguage\":\"fi\"}]}<\/script>\n<!-- \/ Yoast SEO plugin. -->","yoast_head_json":{"title":"Nessa elektriline rinnapump - Beebipai","description":"Nessa elektriline rinnapump on mugav, praktiline ja t\u00f5hus abiline rinnaga toitvale emale. Vaata toodet Nessa elektriline rinnapump!","robots":{"index":"index","follow":"follow","max-snippet":"max-snippet:-1","max-image-preview":"max-image-preview:large","max-video-preview":"max-video-preview:-1"},"canonical":"https:\/\/beebipai.ee\/fi\/product\/nessa-elektriline-rinnapump\/","og_locale":"fi_FI","og_type":"article","og_title":"Nessa elektriline rinnapump - Beebipai","og_description":"Nessa elektriline rinnapump on mugav, praktiline ja t\u00f5hus abiline rinnaga toitvale emale. Vaata toodet Nessa elektriline rinnapump!","og_url":"https:\/\/beebipai.ee\/fi\/product\/nessa-elektriline-rinnapump\/","og_site_name":"Beebipai","article_modified_time":"2025-09-26T03:07:15+00:00","og_image":[{"width":600,"height":480,"url":"https:\/\/beebipai.ee\/wp-content\/uploads\/2022\/08\/Nessa-elektriline-rinnapump.jpeg","type":"image\/jpeg"}],"twitter_card":"summary_large_image","twitter_misc":{"Arvioitu lukuaika":"1 minuutti"},"schema":{"@context":"https:\/\/schema.org","@graph":[{"@type":"WebPage","@id":"https:\/\/beebipai.ee\/product\/nessa-elektriline-rinnapump\/","url":"https:\/\/beebipai.ee\/product\/nessa-elektriline-rinnapump\/","name":"Nessa elektriline rinnapump - Beebipai","isPartOf":{"@id":"https:\/\/beebipai.ee\/en\/#website"},"primaryImageOfPage":{"@id":"https:\/\/beebipai.ee\/product\/nessa-elektriline-rinnapump\/#primaryimage"},"image":{"@id":"https:\/\/beebipai.ee\/product\/nessa-elektriline-rinnapump\/#primaryimage"},"thumbnailUrl":"https:\/\/beebipai.ee\/wp-content\/uploads\/2022\/08\/Nessa-elektriline-rinnapump.jpeg","datePublished":"2022-08-23T11:22:12+00:00","dateModified":"2025-09-26T03:07:15+00:00","description":"Nessa elektriline rinnapump on mugav, praktiline ja t\u00f5hus abiline rinnaga toitvale emale. Vaata toodet Nessa elektriline rinnapump!","breadcrumb":{"@id":"https:\/\/beebipai.ee\/product\/nessa-elektriline-rinnapump\/#breadcrumb"},"inLanguage":"fi","potentialAction":[{"@type":"ReadAction","target":["https:\/\/beebipai.ee\/product\/nessa-elektriline-rinnapump\/"]}]},{"@type":"ImageObject","inLanguage":"fi","@id":"https:\/\/beebipai.ee\/product\/nessa-elektriline-rinnapump\/#primaryimage","url":"https:\/\/beebipai.ee\/wp-content\/uploads\/2022\/08\/Nessa-elektriline-rinnapump.jpeg","contentUrl":"https:\/\/beebipai.ee\/wp-content\/uploads\/2022\/08\/Nessa-elektriline-rinnapump.jpeg","width":600,"height":480},{"@type":"BreadcrumbList","@id":"https:\/\/beebipai.ee\/product\/nessa-elektriline-rinnapump\/#breadcrumb","itemListElement":[{"@type":"ListItem","position":1,"name":"Home","item":"https:\/\/beebipai.ee\/"},{"@type":"ListItem","position":2,"name":"Pood","item":"https:\/\/beebipai.ee\/store\/"},{"@type":"ListItem","position":3,"name":"Nessa elektriline rinnapump"}]},{"@type":"WebSite","@id":"https:\/\/beebipai.ee\/en\/#website","url":"https:\/\/beebipai.ee\/en\/","name":"Beebipai","description":"Rasedate ja beebide veebipood","potentialAction":[{"@type":"SearchAction","target":{"@type":"EntryPoint","urlTemplate":"https:\/\/beebipai.ee\/en\/?s={search_term_string}"},"query-input":{"@type":"PropertyValueSpecification","valueRequired":true,"valueName":"search_term_string"}}],"inLanguage":"fi"}]}},"_links":{"self":[{"href":"https:\/\/beebipai.ee\/fi\/wp-json\/wp\/v2\/product\/6042","targetHints":{"allow":["GET"]}}],"collection":[{"href":"https:\/\/beebipai.ee\/fi\/wp-json\/wp\/v2\/product"}],"about":[{"href":"https:\/\/beebipai.ee\/fi\/wp-json\/wp\/v2\/types\/product"}],"version-history":[{"count":5,"href":"https:\/\/beebipai.ee\/fi\/wp-json\/wp\/v2\/product\/6042\/revisions"}],"predecessor-version":[{"id":6138,"href":"https:\/\/beebipai.ee\/fi\/wp-json\/wp\/v2\/product\/6042\/revisions\/6138"}],"wp:featuredmedia":[{"embeddable":true,"href":"https:\/\/beebipai.ee\/fi\/wp-json\/wp\/v2\/media\/6046"}],"wp:attachment":[{"href":"https:\/\/beebipai.ee\/fi\/wp-json\/wp\/v2\/media?parent=6042"}],"wp:term":[{"taxonomy":"product_brand","embeddable":true,"href":"https:\/\/beebipai.ee\/fi\/wp-json\/wp\/v2\/product_brand?post=6042"},{"taxonomy":"product_cat","embeddable":true,"href":"https:\/\/beebipai.ee\/fi\/wp-json\/wp\/v2\/product_cat?post=6042"},{"taxonomy":"product_tag","embeddable":true,"href":"https:\/\/beebipai.ee\/fi\/wp-json\/wp\/v2\/product_tag?post=6042"}],"curies":[{"name":"wp","href":"https:\/\/api.w.org\/{rel}","templated":true}]}}