{"id":5746,"date":"2022-08-14T10:36:43","date_gmt":"2022-08-14T07:36:43","guid":{"rendered":"https:\/\/www.beebipai.ee\/?post_type=product&#038;p=5746"},"modified":"2024-12-06T19:49:29","modified_gmt":"2024-12-06T17:49:29","slug":"seraphine-sunnitusjargne-taastav-top-bambusest","status":"publish","type":"product","link":"https:\/\/beebipai.ee\/fi\/product\/seraphine-sunnitusjargne-taastav-top-bambusest\/","title":{"rendered":"Seraphine synnytyksen j\u00e4lkeinen korjaava bambutoppi"},"content":{"rendered":"<div data-elementor-type=\"wp-post\" data-elementor-id=\"5746\" class=\"elementor elementor-5746\">\n\t\t\t\t\t\t<section class=\"elementor-section elementor-top-section elementor-element elementor-element-6bf7848 elementor-section-boxed elementor-section-height-default elementor-section-height-default\" data-id=\"6bf7848\" data-element_type=\"section\" data-e-type=\"section\">\n\t\t\t\t\t\t<div class=\"elementor-container elementor-column-gap-default\">\n\t\t\t\t\t<div class=\"elementor-column elementor-col-50 elementor-top-column elementor-element elementor-element-05b9a1c\" data-id=\"05b9a1c\" data-element_type=\"column\" data-e-type=\"column\">\n\t\t\t<div class=\"elementor-widget-wrap elementor-element-populated\">\n\t\t\t\t\t\t<div class=\"elementor-element elementor-element-b57658f elementor-widget elementor-widget-heading\" data-id=\"b57658f\" data-element_type=\"widget\" data-e-type=\"widget\" data-widget_type=\"heading.default\">\n\t\t\t\t<div class=\"elementor-widget-container\">\n\t\t\t\t\t<h2 class=\"elementor-heading-title elementor-size-default\">Synnytyksen j\u00e4lkeinen korjaava bambutoppi<\/h2>\t\t\t\t<\/div>\n\t\t\t\t<\/div>\n\t\t\t\t<div class=\"elementor-element elementor-element-ff01c8f elementor-widget elementor-widget-text-editor\" data-id=\"ff01c8f\" data-element_type=\"widget\" data-e-type=\"widget\" data-widget_type=\"text-editor.default\">\n\t\t\t\t<div class=\"elementor-widget-container\">\n\t\t\t\t\t\t\t\t\t<p>Bambusta valmistettu synnytyksen j\u00e4lkeinen korjaava toppi tukee synnytyksen j\u00e4lkeist\u00e4 korsetin lihaksistoa 360 astetta. Keskikokoinen puristusp\u00e4\u00e4llinen nopeuttaa vatsalihasten palautumista synnytyksen j\u00e4lkeen ja my\u00f6s diastaasin v\u00e4henemist\u00e4. \u00c4\u00e4rimm\u00e4isen pehmeiden, ihoyst\u00e4v\u00e4llisten ja elastisten ominaisuuksiensa ansiosta bambu sopii erinomaisesti k\u00e4ytett\u00e4v\u00e4ksi herk\u00e4n synnytyksen j\u00e4lkeisen\u00e4 aikana. Voit aloittaa bambusta valmistetun synnytyksen j\u00e4lkeisen topin k\u00e4yt\u00f6n heti synnytyksen j\u00e4lkeen.<\/p><p>Synnytyksen j\u00e4lkeisen topin olkaimet ovat s\u00e4\u00e4dett\u00e4v\u00e4t. Topissa on my\u00f6s imetystoiminto, mik\u00e4 tekee siit\u00e4 erityisen k\u00e4yt\u00e4nn\u00f6llisen k\u00e4yt\u00f6n synnytyksen j\u00e4lkeisell\u00e4 kaudella. Molemmat rintaliivit avautuvat klipsill\u00e4.<\/p><p>Bambutopinta on helppo pest\u00e4 ja kuivuu nopeasti, mutta s\u00e4ilytt\u00e4\u00e4 kauniin ulkon\u00e4\u00f6n pitk\u00e4\u00e4n:<\/p>\t\t\t\t\t\t\t\t<\/div>\n\t\t\t\t<\/div>\n\t\t\t\t<div class=\"elementor-element elementor-element-1ee1a58 elementor-icon-list--layout-traditional elementor-list-item-link-full_width elementor-widget elementor-widget-icon-list\" data-id=\"1ee1a58\" data-element_type=\"widget\" data-e-type=\"widget\" data-widget_type=\"icon-list.default\">\n\t\t\t\t<div class=\"elementor-widget-container\">\n\t\t\t\t\t\t\t<ul class=\"elementor-icon-list-items\">\n\t\t\t\t\t\t\t<li class=\"elementor-icon-list-item\">\n\t\t\t\t\t\t\t\t\t\t\t<span class=\"elementor-icon-list-icon\">\n\t\t\t\t\t\t\t<i aria-hidden=\"true\" class=\"fas fa-check\"><\/i>\t\t\t\t\t\t<\/span>\n\t\t\t\t\t\t\t\t\t\t<span class=\"elementor-icon-list-text\">K\u00e4yt\u00e4 hell\u00e4varaista pesua 30 asteessa<\/span>\n\t\t\t\t\t\t\t\t\t<\/li>\n\t\t\t\t\t\t\t\t<li class=\"elementor-icon-list-item\">\n\t\t\t\t\t\t\t\t\t\t\t<span class=\"elementor-icon-list-icon\">\n\t\t\t\t\t\t\t<i aria-hidden=\"true\" class=\"fas fa-check\"><\/i>\t\t\t\t\t\t<\/span>\n\t\t\t\t\t\t\t\t\t\t<span class=\"elementor-icon-list-text\">K\u00e4\u00e4nn\u00e4 yl\u00e4osa nurinp\u00e4in pesua varten<\/span>\n\t\t\t\t\t\t\t\t\t<\/li>\n\t\t\t\t\t\t\t\t<li class=\"elementor-icon-list-item\">\n\t\t\t\t\t\t\t\t\t\t\t<span class=\"elementor-icon-list-icon\">\n\t\t\t\t\t\t\t<i aria-hidden=\"true\" class=\"fas fa-check\"><\/i>\t\t\t\t\t\t<\/span>\n\t\t\t\t\t\t\t\t\t\t<span class=\"elementor-icon-list-text\">V\u00e4lt\u00e4 rumpukuivausta<\/span>\n\t\t\t\t\t\t\t\t\t<\/li>\n\t\t\t\t\t\t\t\t<li class=\"elementor-icon-list-item\">\n\t\t\t\t\t\t\t\t\t\t\t<span class=\"elementor-icon-list-icon\">\n\t\t\t\t\t\t\t<i aria-hidden=\"true\" class=\"fas fa-check\"><\/i>\t\t\t\t\t\t<\/span>\n\t\t\t\t\t\t\t\t\t\t<span class=\"elementor-icon-list-text\">Silitys miedolla l\u00e4mm\u00f6ll\u00e4<\/span>\n\t\t\t\t\t\t\t\t\t<\/li>\n\t\t\t\t\t\t<\/ul>\n\t\t\t\t\t\t<\/div>\n\t\t\t\t<\/div>\n\t\t\t\t\t<\/div>\n\t\t<\/div>\n\t\t\t\t<div class=\"elementor-column elementor-col-50 elementor-top-column elementor-element elementor-element-0516ada\" data-id=\"0516ada\" data-element_type=\"column\" data-e-type=\"column\">\n\t\t\t<div class=\"elementor-widget-wrap elementor-element-populated\">\n\t\t\t\t\t\t<div class=\"elementor-element elementor-element-2fc63d1 elementor-widget elementor-widget-image\" data-id=\"2fc63d1\" data-element_type=\"widget\" data-e-type=\"widget\" data-widget_type=\"image.default\">\n\t\t\t\t<div class=\"elementor-widget-container\">\n\t\t\t\t\t\t\t\t\t\t\t\t\t\t\t<img fetchpriority=\"high\" decoding=\"async\" width=\"400\" height=\"513\" src=\"https:\/\/beebipai.ee\/wp-content\/uploads\/2022\/08\/sunnitusjargne-taastav-top-bambusest-e1660463009989.jpeg\" class=\"attachment-large size-large wp-image-5752\" alt=\"\" srcset=\"https:\/\/beebipai.ee\/wp-content\/uploads\/2022\/08\/sunnitusjargne-taastav-top-bambusest-e1660463009989.jpeg 400w, https:\/\/beebipai.ee\/wp-content\/uploads\/2022\/08\/sunnitusjargne-taastav-top-bambusest-e1660463009989-234x300.jpeg 234w, https:\/\/beebipai.ee\/wp-content\/uploads\/2022\/08\/sunnitusjargne-taastav-top-bambusest-e1660463009989-9x12.jpeg 9w\" sizes=\"(max-width: 400px) 100vw, 400px\" \/>\t\t\t\t\t\t\t\t\t\t\t\t\t\t\t<\/div>\n\t\t\t\t<\/div>\n\t\t\t\t\t<\/div>\n\t\t<\/div>\n\t\t\t\t\t<\/div>\n\t\t<\/section>\n\t\t\t\t<\/div>","protected":false},"excerpt":{"rendered":"<p>Seraphine'n bambusta valmistettu synnytyksen j\u00e4lkeinen palautuva toppi tukee synnytyksen j\u00e4lkeisi\u00e4 korsettilihaksia. Nopeuttaa vatsalihasten palautumista ja diastaasin v\u00e4henemist\u00e4. Synnytyksen j\u00e4lkeinen korjaava toppi sopii my\u00f6s imetykseen.<\/p>","protected":false},"featured_media":5750,"template":"","meta":{"_monsterinsights_skip_tracking":false,"_monsterinsights_sitenote_active":false,"_monsterinsights_sitenote_note":"","_monsterinsights_sitenote_category":0,"site-sidebar-layout":"no-sidebar","site-content-layout":"page-builder","ast-site-content-layout":"full-width-container","site-content-style":"unboxed","site-sidebar-style":"unboxed","ast-global-header-display":"","ast-banner-title-visibility":"","ast-main-header-display":"","ast-hfb-above-header-display":"","ast-hfb-below-header-display":"","ast-hfb-mobile-header-display":"","site-post-title":"disabled","ast-breadcrumbs-content":"","ast-featured-img":"disabled","footer-sml-layout":"","ast-disable-related-posts":"","theme-transparent-header-meta":"default","adv-header-id-meta":"","stick-header-meta":"","header-above-stick-meta":"","header-main-stick-meta":"","header-below-stick-meta":"","astra-migrate-meta-layouts":"set","ast-page-background-enabled":"default","ast-page-background-meta":{"desktop":{"background-color":"","background-image":"","background-repeat":"repeat","background-position":"center center","background-size":"auto","background-attachment":"scroll","background-type":"","background-media":"","overlay-type":"","overlay-color":"","overlay-opacity":"","overlay-gradient":""},"tablet":{"background-color":"","background-image":"","background-repeat":"repeat","background-position":"center center","background-size":"auto","background-attachment":"scroll","background-type":"","background-media":"","overlay-type":"","overlay-color":"","overlay-opacity":"","overlay-gradient":""},"mobile":{"background-color":"","background-image":"","background-repeat":"repeat","background-position":"center center","background-size":"auto","background-attachment":"scroll","background-type":"","background-media":"","overlay-type":"","overlay-color":"","overlay-opacity":"","overlay-gradient":""}},"ast-content-background-meta":{"desktop":{"background-color":"var(--ast-global-color-5)","background-image":"","background-repeat":"repeat","background-position":"center center","background-size":"auto","background-attachment":"scroll","background-type":"","background-media":"","overlay-type":"","overlay-color":"","overlay-opacity":"","overlay-gradient":""},"tablet":{"background-color":"var(--ast-global-color-5)","background-image":"","background-repeat":"repeat","background-position":"center center","background-size":"auto","background-attachment":"scroll","background-type":"","background-media":"","overlay-type":"","overlay-color":"","overlay-opacity":"","overlay-gradient":""},"mobile":{"background-color":"var(--ast-global-color-5)","background-image":"","background-repeat":"repeat","background-position":"center center","background-size":"auto","background-attachment":"scroll","background-type":"","background-media":"","overlay-type":"","overlay-color":"","overlay-opacity":"","overlay-gradient":""}}},"product_brand":[],"product_cat":[22,133],"product_tag":[],"class_list":{"0":"post-5746","1":"product","2":"type-product","3":"status-publish","4":"has-post-thumbnail","6":"product_cat-emale","7":"product_cat-riided-rasedatele-ja-rinnaga-toitvatele-emadele","8":"desktop-align-left","9":"tablet-align-left","10":"mobile-align-left","12":"first","13":"instock","14":"taxable","15":"shipping-taxable","16":"purchasable","17":"product-type-variable"},"yoast_head":"<!-- This site is optimized with the Yoast SEO plugin v27.3 - https:\/\/yoast.com\/product\/yoast-seo-wordpress\/ -->\n<title>Seraphine s\u00fcnnitusj\u00e4rgne taastav top bambusest - Beebipai<\/title>\n<meta name=\"description\" content=\"Seraphine s\u00fcnnitusj\u00e4rgne top bambusest kiirendab s\u00fcnnitusj\u00e4rgset k\u00f5hulihaste taastumist. Vaata toodet Seraphine s\u00fcnnitusj\u00e4rgne taastav top bambusest!\" \/>\n<meta name=\"robots\" content=\"index, follow, max-snippet:-1, max-image-preview:large, max-video-preview:-1\" \/>\n<link rel=\"canonical\" href=\"https:\/\/beebipai.ee\/fi\/product\/seraphine-sunnitusjargne-taastav-top-bambusest\/\" \/>\n<meta property=\"og:locale\" content=\"fi_FI\" \/>\n<meta property=\"og:type\" content=\"article\" \/>\n<meta property=\"og:title\" content=\"Seraphine s\u00fcnnitusj\u00e4rgne taastav top bambusest - Beebipai\" \/>\n<meta property=\"og:description\" content=\"Seraphine s\u00fcnnitusj\u00e4rgne top bambusest kiirendab s\u00fcnnitusj\u00e4rgset k\u00f5hulihaste taastumist. Vaata toodet Seraphine s\u00fcnnitusj\u00e4rgne taastav top bambusest!\" \/>\n<meta property=\"og:url\" content=\"https:\/\/beebipai.ee\/fi\/product\/seraphine-sunnitusjargne-taastav-top-bambusest\/\" \/>\n<meta property=\"og:site_name\" content=\"Beebipai\" \/>\n<meta property=\"article:modified_time\" content=\"2024-12-06T17:49:29+00:00\" \/>\n<meta property=\"og:image\" content=\"https:\/\/beebipai.ee\/wp-content\/uploads\/2022\/08\/Seraphine-sunnitusjargne-imetamise-top-bambusest.jpeg\" \/>\n\t<meta property=\"og:image:width\" content=\"782\" \/>\n\t<meta property=\"og:image:height\" content=\"1002\" \/>\n\t<meta property=\"og:image:type\" content=\"image\/jpeg\" \/>\n<meta name=\"twitter:card\" content=\"summary_large_image\" \/>\n<meta name=\"twitter:label1\" content=\"Arvioitu lukuaika\" \/>\n\t<meta name=\"twitter:data1\" content=\"1 minuutti\" \/>\n<script type=\"application\/ld+json\" class=\"yoast-schema-graph\">{\"@context\":\"https:\\\/\\\/schema.org\",\"@graph\":[{\"@type\":\"WebPage\",\"@id\":\"https:\\\/\\\/beebipai.ee\\\/en\\\/product\\\/seraphine-sunnitusjargne-taastav-top-bambusest\\\/\",\"url\":\"https:\\\/\\\/beebipai.ee\\\/en\\\/product\\\/seraphine-sunnitusjargne-taastav-top-bambusest\\\/\",\"name\":\"Seraphine s\u00fcnnitusj\u00e4rgne taastav top bambusest - Beebipai\",\"isPartOf\":{\"@id\":\"https:\\\/\\\/beebipai.ee\\\/en\\\/#website\"},\"primaryImageOfPage\":{\"@id\":\"https:\\\/\\\/beebipai.ee\\\/en\\\/product\\\/seraphine-sunnitusjargne-taastav-top-bambusest\\\/#primaryimage\"},\"image\":{\"@id\":\"https:\\\/\\\/beebipai.ee\\\/en\\\/product\\\/seraphine-sunnitusjargne-taastav-top-bambusest\\\/#primaryimage\"},\"thumbnailUrl\":\"https:\\\/\\\/beebipai.ee\\\/wp-content\\\/uploads\\\/2022\\\/08\\\/Seraphine-sunnitusjargne-imetamise-top-bambusest.jpeg\",\"datePublished\":\"2022-08-14T07:36:43+00:00\",\"dateModified\":\"2024-12-06T17:49:29+00:00\",\"description\":\"Seraphine s\u00fcnnitusj\u00e4rgne top bambusest kiirendab s\u00fcnnitusj\u00e4rgset k\u00f5hulihaste taastumist. Vaata toodet Seraphine s\u00fcnnitusj\u00e4rgne taastav top bambusest!\",\"breadcrumb\":{\"@id\":\"https:\\\/\\\/beebipai.ee\\\/en\\\/product\\\/seraphine-sunnitusjargne-taastav-top-bambusest\\\/#breadcrumb\"},\"inLanguage\":\"fi\",\"potentialAction\":[{\"@type\":\"ReadAction\",\"target\":[\"https:\\\/\\\/beebipai.ee\\\/en\\\/product\\\/seraphine-sunnitusjargne-taastav-top-bambusest\\\/\"]}]},{\"@type\":\"ImageObject\",\"inLanguage\":\"fi\",\"@id\":\"https:\\\/\\\/beebipai.ee\\\/en\\\/product\\\/seraphine-sunnitusjargne-taastav-top-bambusest\\\/#primaryimage\",\"url\":\"https:\\\/\\\/beebipai.ee\\\/wp-content\\\/uploads\\\/2022\\\/08\\\/Seraphine-sunnitusjargne-imetamise-top-bambusest.jpeg\",\"contentUrl\":\"https:\\\/\\\/beebipai.ee\\\/wp-content\\\/uploads\\\/2022\\\/08\\\/Seraphine-sunnitusjargne-imetamise-top-bambusest.jpeg\",\"width\":782,\"height\":1002},{\"@type\":\"BreadcrumbList\",\"@id\":\"https:\\\/\\\/beebipai.ee\\\/en\\\/product\\\/seraphine-sunnitusjargne-taastav-top-bambusest\\\/#breadcrumb\",\"itemListElement\":[{\"@type\":\"ListItem\",\"position\":1,\"name\":\"Home\",\"item\":\"https:\\\/\\\/beebipai.ee\\\/\"},{\"@type\":\"ListItem\",\"position\":2,\"name\":\"Pood\",\"item\":\"https:\\\/\\\/beebipai.ee\\\/store\\\/\"},{\"@type\":\"ListItem\",\"position\":3,\"name\":\"Seraphine s\u00fcnnitusj\u00e4rgne taastav top bambusest\"}]},{\"@type\":\"WebSite\",\"@id\":\"https:\\\/\\\/beebipai.ee\\\/en\\\/#website\",\"url\":\"https:\\\/\\\/beebipai.ee\\\/en\\\/\",\"name\":\"Beebipai\",\"description\":\"Rasedate ja beebide veebipood\",\"potentialAction\":[{\"@type\":\"SearchAction\",\"target\":{\"@type\":\"EntryPoint\",\"urlTemplate\":\"https:\\\/\\\/beebipai.ee\\\/en\\\/?s={search_term_string}\"},\"query-input\":{\"@type\":\"PropertyValueSpecification\",\"valueRequired\":true,\"valueName\":\"search_term_string\"}}],\"inLanguage\":\"fi\"}]}<\/script>\n<!-- \/ Yoast SEO plugin. -->","yoast_head_json":{"title":"Seraphine s\u00fcnnitusj\u00e4rgne taastav top bambusest - Beebipai","description":"Seraphine s\u00fcnnitusj\u00e4rgne top bambusest kiirendab s\u00fcnnitusj\u00e4rgset k\u00f5hulihaste taastumist. Vaata toodet Seraphine s\u00fcnnitusj\u00e4rgne taastav top bambusest!","robots":{"index":"index","follow":"follow","max-snippet":"max-snippet:-1","max-image-preview":"max-image-preview:large","max-video-preview":"max-video-preview:-1"},"canonical":"https:\/\/beebipai.ee\/fi\/product\/seraphine-sunnitusjargne-taastav-top-bambusest\/","og_locale":"fi_FI","og_type":"article","og_title":"Seraphine s\u00fcnnitusj\u00e4rgne taastav top bambusest - Beebipai","og_description":"Seraphine s\u00fcnnitusj\u00e4rgne top bambusest kiirendab s\u00fcnnitusj\u00e4rgset k\u00f5hulihaste taastumist. Vaata toodet Seraphine s\u00fcnnitusj\u00e4rgne taastav top bambusest!","og_url":"https:\/\/beebipai.ee\/fi\/product\/seraphine-sunnitusjargne-taastav-top-bambusest\/","og_site_name":"Beebipai","article_modified_time":"2024-12-06T17:49:29+00:00","og_image":[{"width":782,"height":1002,"url":"https:\/\/beebipai.ee\/wp-content\/uploads\/2022\/08\/Seraphine-sunnitusjargne-imetamise-top-bambusest.jpeg","type":"image\/jpeg"}],"twitter_card":"summary_large_image","twitter_misc":{"Arvioitu lukuaika":"1 minuutti"},"schema":{"@context":"https:\/\/schema.org","@graph":[{"@type":"WebPage","@id":"https:\/\/beebipai.ee\/en\/product\/seraphine-sunnitusjargne-taastav-top-bambusest\/","url":"https:\/\/beebipai.ee\/en\/product\/seraphine-sunnitusjargne-taastav-top-bambusest\/","name":"Seraphine s\u00fcnnitusj\u00e4rgne taastav top bambusest - Beebipai","isPartOf":{"@id":"https:\/\/beebipai.ee\/en\/#website"},"primaryImageOfPage":{"@id":"https:\/\/beebipai.ee\/en\/product\/seraphine-sunnitusjargne-taastav-top-bambusest\/#primaryimage"},"image":{"@id":"https:\/\/beebipai.ee\/en\/product\/seraphine-sunnitusjargne-taastav-top-bambusest\/#primaryimage"},"thumbnailUrl":"https:\/\/beebipai.ee\/wp-content\/uploads\/2022\/08\/Seraphine-sunnitusjargne-imetamise-top-bambusest.jpeg","datePublished":"2022-08-14T07:36:43+00:00","dateModified":"2024-12-06T17:49:29+00:00","description":"Seraphine s\u00fcnnitusj\u00e4rgne top bambusest kiirendab s\u00fcnnitusj\u00e4rgset k\u00f5hulihaste taastumist. Vaata toodet Seraphine s\u00fcnnitusj\u00e4rgne taastav top bambusest!","breadcrumb":{"@id":"https:\/\/beebipai.ee\/en\/product\/seraphine-sunnitusjargne-taastav-top-bambusest\/#breadcrumb"},"inLanguage":"fi","potentialAction":[{"@type":"ReadAction","target":["https:\/\/beebipai.ee\/en\/product\/seraphine-sunnitusjargne-taastav-top-bambusest\/"]}]},{"@type":"ImageObject","inLanguage":"fi","@id":"https:\/\/beebipai.ee\/en\/product\/seraphine-sunnitusjargne-taastav-top-bambusest\/#primaryimage","url":"https:\/\/beebipai.ee\/wp-content\/uploads\/2022\/08\/Seraphine-sunnitusjargne-imetamise-top-bambusest.jpeg","contentUrl":"https:\/\/beebipai.ee\/wp-content\/uploads\/2022\/08\/Seraphine-sunnitusjargne-imetamise-top-bambusest.jpeg","width":782,"height":1002},{"@type":"BreadcrumbList","@id":"https:\/\/beebipai.ee\/en\/product\/seraphine-sunnitusjargne-taastav-top-bambusest\/#breadcrumb","itemListElement":[{"@type":"ListItem","position":1,"name":"Home","item":"https:\/\/beebipai.ee\/"},{"@type":"ListItem","position":2,"name":"Pood","item":"https:\/\/beebipai.ee\/store\/"},{"@type":"ListItem","position":3,"name":"Seraphine s\u00fcnnitusj\u00e4rgne taastav top bambusest"}]},{"@type":"WebSite","@id":"https:\/\/beebipai.ee\/en\/#website","url":"https:\/\/beebipai.ee\/en\/","name":"Beebipai","description":"Rasedate ja beebide veebipood","potentialAction":[{"@type":"SearchAction","target":{"@type":"EntryPoint","urlTemplate":"https:\/\/beebipai.ee\/en\/?s={search_term_string}"},"query-input":{"@type":"PropertyValueSpecification","valueRequired":true,"valueName":"search_term_string"}}],"inLanguage":"fi"}]}},"_links":{"self":[{"href":"https:\/\/beebipai.ee\/fi\/wp-json\/wp\/v2\/product\/5746","targetHints":{"allow":["GET"]}}],"collection":[{"href":"https:\/\/beebipai.ee\/fi\/wp-json\/wp\/v2\/product"}],"about":[{"href":"https:\/\/beebipai.ee\/fi\/wp-json\/wp\/v2\/types\/product"}],"version-history":[{"count":5,"href":"https:\/\/beebipai.ee\/fi\/wp-json\/wp\/v2\/product\/5746\/revisions"}],"predecessor-version":[{"id":5888,"href":"https:\/\/beebipai.ee\/fi\/wp-json\/wp\/v2\/product\/5746\/revisions\/5888"}],"wp:featuredmedia":[{"embeddable":true,"href":"https:\/\/beebipai.ee\/fi\/wp-json\/wp\/v2\/media\/5750"}],"wp:attachment":[{"href":"https:\/\/beebipai.ee\/fi\/wp-json\/wp\/v2\/media?parent=5746"}],"wp:term":[{"taxonomy":"product_brand","embeddable":true,"href":"https:\/\/beebipai.ee\/fi\/wp-json\/wp\/v2\/product_brand?post=5746"},{"taxonomy":"product_cat","embeddable":true,"href":"https:\/\/beebipai.ee\/fi\/wp-json\/wp\/v2\/product_cat?post=5746"},{"taxonomy":"product_tag","embeddable":true,"href":"https:\/\/beebipai.ee\/fi\/wp-json\/wp\/v2\/product_tag?post=5746"}],"curies":[{"name":"wp","href":"https:\/\/api.w.org\/{rel}","templated":true}]}}