{"id":5566,"date":"2022-07-29T11:23:22","date_gmt":"2022-07-29T08:23:22","guid":{"rendered":"https:\/\/beebipai.ee\/?post_type=product&#038;p=5566"},"modified":"2022-07-29T12:01:23","modified_gmt":"2022-07-29T09:01:23","slug":"neobulle-orgaaniline-kohapalsam-alates-3-ndast-eluaastast","status":"publish","type":"product","link":"https:\/\/beebipai.ee\/fi\/product\/neobulle-orgaaniline-kohapalsam-alates-3-ndast-eluaastast\/","title":{"rendered":"Neobulle orgaaniline k\u00f6hapalsam, alates 3-ndast eluaastast"},"content":{"rendered":"<div data-elementor-type=\"wp-post\" data-elementor-id=\"5566\" class=\"elementor elementor-5566\">\n\t\t\t\t\t\t<section class=\"elementor-section elementor-top-section elementor-element elementor-element-d7108b1 elementor-section-boxed elementor-section-height-default elementor-section-height-default\" data-id=\"d7108b1\" data-element_type=\"section\" data-e-type=\"section\">\n\t\t\t\t\t\t<div class=\"elementor-container elementor-column-gap-default\">\n\t\t\t\t\t<div class=\"elementor-column elementor-col-50 elementor-top-column elementor-element elementor-element-b7499e8\" data-id=\"b7499e8\" data-element_type=\"column\" data-e-type=\"column\">\n\t\t\t<div class=\"elementor-widget-wrap elementor-element-populated\">\n\t\t\t\t\t\t<div class=\"elementor-element elementor-element-fae2e9b elementor-widget elementor-widget-heading\" data-id=\"fae2e9b\" data-element_type=\"widget\" data-e-type=\"widget\" data-widget_type=\"heading.default\">\n\t\t\t\t<div class=\"elementor-widget-container\">\n\t\t\t\t\t<h2 class=\"elementor-heading-title elementor-size-default\">Neobulle orgaaniline k\u00f6hapalsam<\/h2>\t\t\t\t<\/div>\n\t\t\t\t<\/div>\n\t\t\t\t<div class=\"elementor-element elementor-element-6aa01d1 elementor-widget elementor-widget-text-editor\" data-id=\"6aa01d1\" data-element_type=\"widget\" data-e-type=\"widget\" data-widget_type=\"text-editor.default\">\n\t\t\t\t<div class=\"elementor-widget-container\">\n\t\t\t\t\t\t\t\t\t<p>Enamus aastast soosib meie kliima \u00fclemiste hingamisteede haigusi. Nende esinemise k\u00f5rgaeg on s\u00fcgisest kevadeni ning enamasti on s\u00fc\u00fcdi nendes viiruslikud nakkused. \u00dclemiste hingamisteede haigused, mille peamisteks s\u00fcmptomiteks on k\u00f6ha, nohu ja palavik, esinevad peamiselt lasteaiaealistel lastel.\u00a0 Kuna viirused levivad enamasti piisknakkuse teel ja mustade k\u00e4te vahendusel, siis v\u00e4ldi nii palju kui v\u00f5imalik kokkupuuteid haigete inimestega, rahvarohkeid kohti ning peske tohti k\u00e4si. \u00dclemiste hingamisteede viirust p\u00f5deval lapsel v\u00f5ib t\u00f5usta palavik, olla nina kinni, voolata ninast v\u00e4lja sekreeti. Sekreet v\u00f5iba valguda ka kurku, mis tekitab kurgu \u00e4rritust ja pneb lapse k\u00f6hima. Lapsel v\u00f5ib esineda k\u00f6ha, mis tekitab raskusi igap\u00e4evastel toimetustel ja magamisel. Samuti v\u00f5ivad lapsed olla virilamad ja soovida rohkem t\u00e4helepanu ning l\u00e4hedust.<\/p><p>Paraku puudub enamasti \u00fclemistel viirushaigustel spetsiifiline ravi ning abistada saab last vaid s\u00fcmptomite leevendamise ja enesetunde parandamisega.\u00a0<\/p>\t\t\t\t\t\t\t\t<\/div>\n\t\t\t\t<\/div>\n\t\t\t\t\t<\/div>\n\t\t<\/div>\n\t\t\t\t<div class=\"elementor-column elementor-col-50 elementor-top-column elementor-element elementor-element-8b40378\" data-id=\"8b40378\" data-element_type=\"column\" data-e-type=\"column\">\n\t\t\t<div class=\"elementor-widget-wrap elementor-element-populated\">\n\t\t\t\t\t\t<div class=\"elementor-element elementor-element-f9304b6 elementor-widget elementor-widget-image\" data-id=\"f9304b6\" data-element_type=\"widget\" data-e-type=\"widget\" data-widget_type=\"image.default\">\n\t\t\t\t<div class=\"elementor-widget-container\">\n\t\t\t\t\t\t\t\t\t\t\t\t\t\t\t<img fetchpriority=\"high\" decoding=\"async\" width=\"768\" height=\"384\" src=\"https:\/\/beebipai.ee\/wp-content\/uploads\/2022\/07\/Kohas-laps-768x384.jpg\" class=\"attachment-medium_large size-medium_large wp-image-5532\" alt=\"\" srcset=\"https:\/\/beebipai.ee\/wp-content\/uploads\/2022\/07\/Kohas-laps-768x384.jpg 768w, https:\/\/beebipai.ee\/wp-content\/uploads\/2022\/07\/Kohas-laps-e1659084029583-300x150.jpg 300w, https:\/\/beebipai.ee\/wp-content\/uploads\/2022\/07\/Kohas-laps-1024x512.jpg 1024w, https:\/\/beebipai.ee\/wp-content\/uploads\/2022\/07\/Kohas-laps-1536x768.jpg 1536w, https:\/\/beebipai.ee\/wp-content\/uploads\/2022\/07\/Kohas-laps-2048x1024.jpg 2048w, https:\/\/beebipai.ee\/wp-content\/uploads\/2022\/07\/Kohas-laps-e1659084029583-18x9.jpg 18w, https:\/\/beebipai.ee\/wp-content\/uploads\/2022\/07\/Kohas-laps-600x300.jpg 600w, https:\/\/beebipai.ee\/wp-content\/uploads\/2022\/07\/Kohas-laps-e1659084029583.jpg 400w\" sizes=\"(max-width: 768px) 100vw, 768px\" \/>\t\t\t\t\t\t\t\t\t\t\t\t\t\t\t<\/div>\n\t\t\t\t<\/div>\n\t\t\t\t\t<\/div>\n\t\t<\/div>\n\t\t\t\t\t<\/div>\n\t\t<\/section>\n\t\t\t\t<section class=\"elementor-section elementor-top-section elementor-element elementor-element-883eaa7 elementor-section-boxed elementor-section-height-default elementor-section-height-default\" data-id=\"883eaa7\" data-element_type=\"section\" data-e-type=\"section\">\n\t\t\t\t\t\t<div class=\"elementor-container elementor-column-gap-default\">\n\t\t\t\t\t<div class=\"elementor-column elementor-col-50 elementor-top-column elementor-element elementor-element-843f2b1\" data-id=\"843f2b1\" data-element_type=\"column\" data-e-type=\"column\">\n\t\t\t<div class=\"elementor-widget-wrap elementor-element-populated\">\n\t\t\t\t\t\t<div class=\"elementor-element elementor-element-9ee1108 elementor-widget elementor-widget-image\" data-id=\"9ee1108\" data-element_type=\"widget\" data-e-type=\"widget\" data-widget_type=\"image.default\">\n\t\t\t\t<div class=\"elementor-widget-container\">\n\t\t\t\t\t\t\t\t\t\t\t\t\t\t\t<img decoding=\"async\" width=\"768\" height=\"611\" src=\"https:\/\/beebipai.ee\/wp-content\/uploads\/2022\/07\/Kohas-laps-1-768x611.jpg\" class=\"attachment-medium_large size-medium_large wp-image-5531\" alt=\"\" srcset=\"https:\/\/beebipai.ee\/wp-content\/uploads\/2022\/07\/Kohas-laps-1-768x611.jpg 768w, https:\/\/beebipai.ee\/wp-content\/uploads\/2022\/07\/Kohas-laps-1-e1659084651917-300x239.jpg 300w, https:\/\/beebipai.ee\/wp-content\/uploads\/2022\/07\/Kohas-laps-1-e1659084651917-15x12.jpg 15w, https:\/\/beebipai.ee\/wp-content\/uploads\/2022\/07\/Kohas-laps-1-600x478.jpg 600w, https:\/\/beebipai.ee\/wp-content\/uploads\/2022\/07\/Kohas-laps-1-e1659084651917.jpg 400w\" sizes=\"(max-width: 768px) 100vw, 768px\" \/>\t\t\t\t\t\t\t\t\t\t\t\t\t\t\t<\/div>\n\t\t\t\t<\/div>\n\t\t\t\t\t<\/div>\n\t\t<\/div>\n\t\t\t\t<div class=\"elementor-column elementor-col-50 elementor-top-column elementor-element elementor-element-de091ba\" data-id=\"de091ba\" data-element_type=\"column\" data-e-type=\"column\">\n\t\t\t<div class=\"elementor-widget-wrap elementor-element-populated\">\n\t\t\t\t\t\t<div class=\"elementor-element elementor-element-09ea378 elementor-widget elementor-widget-text-editor\" data-id=\"09ea378\" data-element_type=\"widget\" data-e-type=\"widget\" data-widget_type=\"text-editor.default\">\n\t\t\t\t<div class=\"elementor-widget-container\">\n\t\t\t\t\t\t\t\t\t<p>\u00dclemiste hingamisteede viiruste peamisteks s\u00fcmptomiteks on k\u00f6ha, nohu ja palavik.\u00a0<\/p><p>Palaviku vastu sobivad lapsele Paracetamol, arvestusega 15mg\/kg ja Ibuprofen, arvestusega 10mg\/kg.\u00a0 Palavik on keha kaitsereaktsioon, mis aitab organismist viirust v\u00e4lja t\u00f5rjuda, seet\u00f5ttu alla 38 kraadist palavikku ei pea alla v\u00f5tma kui laps sealjuures end h\u00e4sti tunneb.<\/p><p>Nohu vastu on k\u00f5ige efektiivsem loputamine ja sekreedi eemaldamine. Loputa lapse nina meresoola lahusega ja palu lapsel v\u00f5imalikult tihti nina nuusata. Kui laps nuusata veel ei oska, kasuta ninapumpa v\u00f5i aspiraatorit. Nina lahtistamiseks ja sekreedi kergemaks eemaldamiseks sobib ka inhalatsiooni tegemine, kindlasti jaheda auruga.<\/p><p>Hoolitse selles eest, et laps saaks v\u00f5imalikult palju vedelikku. Paku lapsele pidevalt vett, teed v\u00f5i mahla.<\/p><p>Hingamist aitab kergendada ka asendite vahetamine ja natuke k\u00f5rgem peaalune. Enne magamaminekut tuuluta korralikult tuba.<\/p>\t\t\t\t\t\t\t\t<\/div>\n\t\t\t\t<\/div>\n\t\t\t\t\t<\/div>\n\t\t<\/div>\n\t\t\t\t\t<\/div>\n\t\t<\/section>\n\t\t\t\t<section class=\"elementor-section elementor-top-section elementor-element elementor-element-69200dd elementor-section-boxed elementor-section-height-default elementor-section-height-default\" data-id=\"69200dd\" data-element_type=\"section\" data-e-type=\"section\">\n\t\t\t\t\t\t<div class=\"elementor-container elementor-column-gap-default\">\n\t\t\t\t\t<div class=\"elementor-column elementor-col-50 elementor-top-column elementor-element elementor-element-fb2eaf4\" data-id=\"fb2eaf4\" data-element_type=\"column\" data-e-type=\"column\">\n\t\t\t<div class=\"elementor-widget-wrap elementor-element-populated\">\n\t\t\t\t\t\t<div class=\"elementor-element elementor-element-7ee1d5a elementor-widget elementor-widget-text-editor\" data-id=\"7ee1d5a\" data-element_type=\"widget\" data-e-type=\"widget\" data-widget_type=\"text-editor.default\">\n\t\t\t\t<div class=\"elementor-widget-container\">\n\t\t\t\t\t\t\t\t\t<p>K\u00f6ha leevendada aitavad rinnapalsamid ja rinna\u00f5lid. R\u00f6ga lahtistavaid ravimeid tohib lastele anda ettevaatlikult\u00a0<\/p><p>Neobulle orgaaniline k\u00f6ha leevendav k\u00f6hapalsam on soojendava ja l\u00f5\u00f5gastava toimega.\u00a0 V\u00e4hendab efektiivselt k\u00f6haga seotud \u00fclemiste hingamisteede \u00e4rritust ja muudab sekreedi kergemini k\u00f6hitavaks. K\u00f6hapalsami l\u00f5\u00f5gastav toime m\u00f5jub hingamisteedele ja teeb seel\u00e4bi hingamise kergemaks.\u00a0<\/p><p>Haiguse esimeste s\u00fcmptomite ilmnemisel alusta kohe kasutamist kuni 4 korda \u00f6\u00f6p\u00e4evas. Kanna k\u00f6hapalsam lapse jalataldadele ja rindkerele- nii rinnakule kui ka seljale. Silita ringjate \u00f5rnade liigutustega palsam naha sisse.\u00a0<\/p><p>Ennetavalt v\u00f5ib viiruste k\u00f5rgperioodil kasutada k\u00f6hapalsami kandmist jalataldadele \u00fcks kord \u00f6\u00f6p\u00e4evas.<\/p><p>Hoolikalt valitud ja \u00f5rna koostisega k\u00f6hapalsam on\u00a0 sobilik kasutada k\u00f5ikidele alates 3-ndast eluaastast<\/p>\t\t\t\t\t\t\t\t<\/div>\n\t\t\t\t<\/div>\n\t\t\t\t\t<\/div>\n\t\t<\/div>\n\t\t\t\t<div class=\"elementor-column elementor-col-50 elementor-top-column elementor-element elementor-element-8608842\" data-id=\"8608842\" data-element_type=\"column\" data-e-type=\"column\">\n\t\t\t<div class=\"elementor-widget-wrap elementor-element-populated\">\n\t\t\t\t\t\t<div class=\"elementor-element elementor-element-f298602 elementor-widget elementor-widget-image\" data-id=\"f298602\" data-element_type=\"widget\" data-e-type=\"widget\" data-widget_type=\"image.default\">\n\t\t\t\t<div class=\"elementor-widget-container\">\n\t\t\t\t\t\t\t\t\t\t\t\t\t\t\t<img decoding=\"async\" width=\"400\" height=\"400\" src=\"https:\/\/beebipai.ee\/wp-content\/uploads\/2022\/07\/Neobulle-orgaaniline-rinnapalsam-e1659085066368.jpg\" class=\"attachment-large size-large wp-image-5540\" alt=\"\" srcset=\"https:\/\/beebipai.ee\/wp-content\/uploads\/2022\/07\/Neobulle-orgaaniline-rinnapalsam-e1659085066368.jpg 400w, https:\/\/beebipai.ee\/wp-content\/uploads\/2022\/07\/Neobulle-orgaaniline-rinnapalsam-e1659085066368-300x300.jpg 300w, https:\/\/beebipai.ee\/wp-content\/uploads\/2022\/07\/Neobulle-orgaaniline-rinnapalsam-e1659085066368-150x150.jpg 150w, https:\/\/beebipai.ee\/wp-content\/uploads\/2022\/07\/Neobulle-orgaaniline-rinnapalsam-e1659085066368-12x12.jpg 12w, https:\/\/beebipai.ee\/wp-content\/uploads\/2022\/07\/Neobulle-orgaaniline-rinnapalsam-e1659085066368-100x100.jpg 100w\" sizes=\"(max-width: 400px) 100vw, 400px\" \/>\t\t\t\t\t\t\t\t\t\t\t\t\t\t\t<\/div>\n\t\t\t\t<\/div>\n\t\t\t\t\t<\/div>\n\t\t<\/div>\n\t\t\t\t\t<\/div>\n\t\t<\/section>\n\t\t\t\t<\/div>","protected":false},"excerpt":{"rendered":"<p>Neobulle orgaaniline k\u00f6hapalsam aitab leevendada \u00fclemiste hingamisteede haigustega seotud vaevusi, eelk\u00f5ige k\u00f6ha ja nohu. K\u00f6hapalsamis sisalduvad orgaanilised taime\u00f5lid ja sheav\u00f5i on soojendava toimega, muudavad k\u00f6ha lahtiseks ning teevad k\u00f6himise kergemaks.<\/p>\n<p>K\u00f6hapalsam sobib kasutamiseks alates 3-ndast eluaastast<\/p>\n<p>100% koostisosadest p\u00e4rinevad mahep\u00f5llumajandusest<\/p>\n<p>K\u00f6hapalsam karbis, 50g<\/p>\n<p>Tehty Ranskassa<\/p>","protected":false},"featured_media":5542,"template":"","meta":{"_monsterinsights_skip_tracking":false,"_monsterinsights_sitenote_active":false,"_monsterinsights_sitenote_note":"","_monsterinsights_sitenote_category":0,"site-sidebar-layout":"no-sidebar","site-content-layout":"page-builder","ast-site-content-layout":"default","site-content-style":"default","site-sidebar-style":"default","ast-global-header-display":"","ast-banner-title-visibility":"","ast-main-header-display":"","ast-hfb-above-header-display":"","ast-hfb-below-header-display":"","ast-hfb-mobile-header-display":"","site-post-title":"disabled","ast-breadcrumbs-content":"","ast-featured-img":"disabled","footer-sml-layout":"","ast-disable-related-posts":"","theme-transparent-header-meta":"default","adv-header-id-meta":"","stick-header-meta":"","header-above-stick-meta":"","header-main-stick-meta":"","header-below-stick-meta":"","astra-migrate-meta-layouts":"default","ast-page-background-enabled":"default","ast-page-background-meta":{"desktop":{"background-color":"","background-image":"","background-repeat":"repeat","background-position":"center center","background-size":"auto","background-attachment":"scroll","background-type":"","background-media":"","overlay-type":"","overlay-color":"","overlay-opacity":"","overlay-gradient":""},"tablet":{"background-color":"","background-image":"","background-repeat":"repeat","background-position":"center center","background-size":"auto","background-attachment":"scroll","background-type":"","background-media":"","overlay-type":"","overlay-color":"","overlay-opacity":"","overlay-gradient":""},"mobile":{"background-color":"","background-image":"","background-repeat":"repeat","background-position":"center center","background-size":"auto","background-attachment":"scroll","background-type":"","background-media":"","overlay-type":"","overlay-color":"","overlay-opacity":"","overlay-gradient":""}},"ast-content-background-meta":{"desktop":{"background-color":"var(--ast-global-color-5)","background-image":"","background-repeat":"repeat","background-position":"center center","background-size":"auto","background-attachment":"scroll","background-type":"","background-media":"","overlay-type":"","overlay-color":"","overlay-opacity":"","overlay-gradient":""},"tablet":{"background-color":"var(--ast-global-color-5)","background-image":"","background-repeat":"repeat","background-position":"center center","background-size":"auto","background-attachment":"scroll","background-type":"","background-media":"","overlay-type":"","overlay-color":"","overlay-opacity":"","overlay-gradient":""},"mobile":{"background-color":"var(--ast-global-color-5)","background-image":"","background-repeat":"repeat","background-position":"center center","background-size":"auto","background-attachment":"scroll","background-type":"","background-media":"","overlay-type":"","overlay-color":"","overlay-opacity":"","overlay-gradient":""}}},"product_brand":[],"product_cat":[136],"product_tag":[],"class_list":{"0":"post-5566","1":"product","2":"type-product","3":"status-publish","4":"has-post-thumbnail","6":"product_cat-tervisetooted","7":"desktop-align-left","8":"tablet-align-left","9":"mobile-align-left","11":"first","12":"instock","13":"taxable","14":"shipping-taxable","15":"purchasable","16":"product-type-simple"},"yoast_head":"<!-- This site is optimized with the Yoast SEO plugin v27.3 - https:\/\/yoast.com\/product\/yoast-seo-wordpress\/ -->\n<title>Neobulle orgaaniline k\u00f6hapalsam, alates 3-ndast eluaastast - Beebipai<\/title>\n<meta name=\"description\" content=\"Neobulle orgaaniline k\u00f6hapalsam aitab leevendada k\u00f6ha ja hingamisteede vaevusi. Vaata toodet Neobulle orgaaniline k\u00f6hapalsam!\" \/>\n<meta name=\"robots\" content=\"index, follow, max-snippet:-1, max-image-preview:large, max-video-preview:-1\" \/>\n<link rel=\"canonical\" href=\"https:\/\/beebipai.ee\/fi\/product\/neobulle-orgaaniline-kohapalsam-alates-3-ndast-eluaastast\/\" \/>\n<meta property=\"og:locale\" content=\"fi_FI\" \/>\n<meta property=\"og:type\" content=\"article\" \/>\n<meta property=\"og:title\" content=\"Neobulle orgaaniline k\u00f6hapalsam, alates 3-ndast eluaastast - Beebipai\" \/>\n<meta property=\"og:description\" content=\"Neobulle orgaaniline k\u00f6hapalsam aitab leevendada k\u00f6ha ja hingamisteede vaevusi. Vaata toodet Neobulle orgaaniline k\u00f6hapalsam!\" \/>\n<meta property=\"og:url\" content=\"https:\/\/beebipai.ee\/fi\/product\/neobulle-orgaaniline-kohapalsam-alates-3-ndast-eluaastast\/\" \/>\n<meta property=\"og:site_name\" content=\"Beebipai\" \/>\n<meta property=\"article:modified_time\" content=\"2022-07-29T09:01:23+00:00\" \/>\n<meta property=\"og:image\" content=\"https:\/\/beebipai.ee\/wp-content\/uploads\/2022\/07\/Neobulle-palsam-koha-raviks-scaled.jpg\" \/>\n\t<meta property=\"og:image:width\" content=\"2560\" \/>\n\t<meta property=\"og:image:height\" content=\"1920\" \/>\n\t<meta property=\"og:image:type\" content=\"image\/jpeg\" \/>\n<meta name=\"twitter:card\" content=\"summary_large_image\" \/>\n<meta name=\"twitter:label1\" content=\"Arvioitu lukuaika\" \/>\n\t<meta name=\"twitter:data1\" content=\"2 minuuttia\" \/>\n<script type=\"application\/ld+json\" class=\"yoast-schema-graph\">{\"@context\":\"https:\\\/\\\/schema.org\",\"@graph\":[{\"@type\":\"WebPage\",\"@id\":\"https:\\\/\\\/beebipai.ee\\\/lv\\\/product\\\/neobulle-orgaaniline-kohapalsam-alates-3-ndast-eluaastast\\\/\",\"url\":\"https:\\\/\\\/beebipai.ee\\\/lv\\\/product\\\/neobulle-orgaaniline-kohapalsam-alates-3-ndast-eluaastast\\\/\",\"name\":\"Neobulle orgaaniline k\u00f6hapalsam, alates 3-ndast eluaastast - Beebipai\",\"isPartOf\":{\"@id\":\"https:\\\/\\\/beebipai.ee\\\/en\\\/#website\"},\"primaryImageOfPage\":{\"@id\":\"https:\\\/\\\/beebipai.ee\\\/lv\\\/product\\\/neobulle-orgaaniline-kohapalsam-alates-3-ndast-eluaastast\\\/#primaryimage\"},\"image\":{\"@id\":\"https:\\\/\\\/beebipai.ee\\\/lv\\\/product\\\/neobulle-orgaaniline-kohapalsam-alates-3-ndast-eluaastast\\\/#primaryimage\"},\"thumbnailUrl\":\"https:\\\/\\\/beebipai.ee\\\/wp-content\\\/uploads\\\/2022\\\/07\\\/Neobulle-palsam-koha-raviks-scaled.jpg\",\"datePublished\":\"2022-07-29T08:23:22+00:00\",\"dateModified\":\"2022-07-29T09:01:23+00:00\",\"description\":\"Neobulle orgaaniline k\u00f6hapalsam aitab leevendada k\u00f6ha ja hingamisteede vaevusi. Vaata toodet Neobulle orgaaniline k\u00f6hapalsam!\",\"breadcrumb\":{\"@id\":\"https:\\\/\\\/beebipai.ee\\\/lv\\\/product\\\/neobulle-orgaaniline-kohapalsam-alates-3-ndast-eluaastast\\\/#breadcrumb\"},\"inLanguage\":\"fi\",\"potentialAction\":[{\"@type\":\"ReadAction\",\"target\":[\"https:\\\/\\\/beebipai.ee\\\/lv\\\/product\\\/neobulle-orgaaniline-kohapalsam-alates-3-ndast-eluaastast\\\/\"]}]},{\"@type\":\"ImageObject\",\"inLanguage\":\"fi\",\"@id\":\"https:\\\/\\\/beebipai.ee\\\/lv\\\/product\\\/neobulle-orgaaniline-kohapalsam-alates-3-ndast-eluaastast\\\/#primaryimage\",\"url\":\"https:\\\/\\\/beebipai.ee\\\/wp-content\\\/uploads\\\/2022\\\/07\\\/Neobulle-palsam-koha-raviks-scaled.jpg\",\"contentUrl\":\"https:\\\/\\\/beebipai.ee\\\/wp-content\\\/uploads\\\/2022\\\/07\\\/Neobulle-palsam-koha-raviks-scaled.jpg\",\"width\":2560,\"height\":1920},{\"@type\":\"BreadcrumbList\",\"@id\":\"https:\\\/\\\/beebipai.ee\\\/lv\\\/product\\\/neobulle-orgaaniline-kohapalsam-alates-3-ndast-eluaastast\\\/#breadcrumb\",\"itemListElement\":[{\"@type\":\"ListItem\",\"position\":1,\"name\":\"Home\",\"item\":\"https:\\\/\\\/beebipai.ee\\\/\"},{\"@type\":\"ListItem\",\"position\":2,\"name\":\"Pood\",\"item\":\"https:\\\/\\\/beebipai.ee\\\/store\\\/\"},{\"@type\":\"ListItem\",\"position\":3,\"name\":\"Neobulle orgaaniline k\u00f6hapalsam, alates 3-ndast eluaastast\"}]},{\"@type\":\"WebSite\",\"@id\":\"https:\\\/\\\/beebipai.ee\\\/en\\\/#website\",\"url\":\"https:\\\/\\\/beebipai.ee\\\/en\\\/\",\"name\":\"Beebipai\",\"description\":\"Rasedate ja beebide veebipood\",\"potentialAction\":[{\"@type\":\"SearchAction\",\"target\":{\"@type\":\"EntryPoint\",\"urlTemplate\":\"https:\\\/\\\/beebipai.ee\\\/en\\\/?s={search_term_string}\"},\"query-input\":{\"@type\":\"PropertyValueSpecification\",\"valueRequired\":true,\"valueName\":\"search_term_string\"}}],\"inLanguage\":\"fi\"}]}<\/script>\n<!-- \/ Yoast SEO plugin. -->","yoast_head_json":{"title":"Neobulle orgaaniline k\u00f6hapalsam, alates 3-ndast eluaastast - Beebipai","description":"Neobulle orgaaniline k\u00f6hapalsam aitab leevendada k\u00f6ha ja hingamisteede vaevusi. Vaata toodet Neobulle orgaaniline k\u00f6hapalsam!","robots":{"index":"index","follow":"follow","max-snippet":"max-snippet:-1","max-image-preview":"max-image-preview:large","max-video-preview":"max-video-preview:-1"},"canonical":"https:\/\/beebipai.ee\/fi\/product\/neobulle-orgaaniline-kohapalsam-alates-3-ndast-eluaastast\/","og_locale":"fi_FI","og_type":"article","og_title":"Neobulle orgaaniline k\u00f6hapalsam, alates 3-ndast eluaastast - Beebipai","og_description":"Neobulle orgaaniline k\u00f6hapalsam aitab leevendada k\u00f6ha ja hingamisteede vaevusi. Vaata toodet Neobulle orgaaniline k\u00f6hapalsam!","og_url":"https:\/\/beebipai.ee\/fi\/product\/neobulle-orgaaniline-kohapalsam-alates-3-ndast-eluaastast\/","og_site_name":"Beebipai","article_modified_time":"2022-07-29T09:01:23+00:00","og_image":[{"width":2560,"height":1920,"url":"https:\/\/beebipai.ee\/wp-content\/uploads\/2022\/07\/Neobulle-palsam-koha-raviks-scaled.jpg","type":"image\/jpeg"}],"twitter_card":"summary_large_image","twitter_misc":{"Arvioitu lukuaika":"2 minuuttia"},"schema":{"@context":"https:\/\/schema.org","@graph":[{"@type":"WebPage","@id":"https:\/\/beebipai.ee\/lv\/product\/neobulle-orgaaniline-kohapalsam-alates-3-ndast-eluaastast\/","url":"https:\/\/beebipai.ee\/lv\/product\/neobulle-orgaaniline-kohapalsam-alates-3-ndast-eluaastast\/","name":"Neobulle orgaaniline k\u00f6hapalsam, alates 3-ndast eluaastast - Beebipai","isPartOf":{"@id":"https:\/\/beebipai.ee\/en\/#website"},"primaryImageOfPage":{"@id":"https:\/\/beebipai.ee\/lv\/product\/neobulle-orgaaniline-kohapalsam-alates-3-ndast-eluaastast\/#primaryimage"},"image":{"@id":"https:\/\/beebipai.ee\/lv\/product\/neobulle-orgaaniline-kohapalsam-alates-3-ndast-eluaastast\/#primaryimage"},"thumbnailUrl":"https:\/\/beebipai.ee\/wp-content\/uploads\/2022\/07\/Neobulle-palsam-koha-raviks-scaled.jpg","datePublished":"2022-07-29T08:23:22+00:00","dateModified":"2022-07-29T09:01:23+00:00","description":"Neobulle orgaaniline k\u00f6hapalsam aitab leevendada k\u00f6ha ja hingamisteede vaevusi. Vaata toodet Neobulle orgaaniline k\u00f6hapalsam!","breadcrumb":{"@id":"https:\/\/beebipai.ee\/lv\/product\/neobulle-orgaaniline-kohapalsam-alates-3-ndast-eluaastast\/#breadcrumb"},"inLanguage":"fi","potentialAction":[{"@type":"ReadAction","target":["https:\/\/beebipai.ee\/lv\/product\/neobulle-orgaaniline-kohapalsam-alates-3-ndast-eluaastast\/"]}]},{"@type":"ImageObject","inLanguage":"fi","@id":"https:\/\/beebipai.ee\/lv\/product\/neobulle-orgaaniline-kohapalsam-alates-3-ndast-eluaastast\/#primaryimage","url":"https:\/\/beebipai.ee\/wp-content\/uploads\/2022\/07\/Neobulle-palsam-koha-raviks-scaled.jpg","contentUrl":"https:\/\/beebipai.ee\/wp-content\/uploads\/2022\/07\/Neobulle-palsam-koha-raviks-scaled.jpg","width":2560,"height":1920},{"@type":"BreadcrumbList","@id":"https:\/\/beebipai.ee\/lv\/product\/neobulle-orgaaniline-kohapalsam-alates-3-ndast-eluaastast\/#breadcrumb","itemListElement":[{"@type":"ListItem","position":1,"name":"Home","item":"https:\/\/beebipai.ee\/"},{"@type":"ListItem","position":2,"name":"Pood","item":"https:\/\/beebipai.ee\/store\/"},{"@type":"ListItem","position":3,"name":"Neobulle orgaaniline k\u00f6hapalsam, alates 3-ndast eluaastast"}]},{"@type":"WebSite","@id":"https:\/\/beebipai.ee\/en\/#website","url":"https:\/\/beebipai.ee\/en\/","name":"Beebipai","description":"Rasedate ja beebide veebipood","potentialAction":[{"@type":"SearchAction","target":{"@type":"EntryPoint","urlTemplate":"https:\/\/beebipai.ee\/en\/?s={search_term_string}"},"query-input":{"@type":"PropertyValueSpecification","valueRequired":true,"valueName":"search_term_string"}}],"inLanguage":"fi"}]}},"_links":{"self":[{"href":"https:\/\/beebipai.ee\/fi\/wp-json\/wp\/v2\/product\/5566","targetHints":{"allow":["GET"]}}],"collection":[{"href":"https:\/\/beebipai.ee\/fi\/wp-json\/wp\/v2\/product"}],"about":[{"href":"https:\/\/beebipai.ee\/fi\/wp-json\/wp\/v2\/types\/product"}],"version-history":[{"count":5,"href":"https:\/\/beebipai.ee\/fi\/wp-json\/wp\/v2\/product\/5566\/revisions"}],"predecessor-version":[{"id":5584,"href":"https:\/\/beebipai.ee\/fi\/wp-json\/wp\/v2\/product\/5566\/revisions\/5584"}],"wp:featuredmedia":[{"embeddable":true,"href":"https:\/\/beebipai.ee\/fi\/wp-json\/wp\/v2\/media\/5542"}],"wp:attachment":[{"href":"https:\/\/beebipai.ee\/fi\/wp-json\/wp\/v2\/media?parent=5566"}],"wp:term":[{"taxonomy":"product_brand","embeddable":true,"href":"https:\/\/beebipai.ee\/fi\/wp-json\/wp\/v2\/product_brand?post=5566"},{"taxonomy":"product_cat","embeddable":true,"href":"https:\/\/beebipai.ee\/fi\/wp-json\/wp\/v2\/product_cat?post=5566"},{"taxonomy":"product_tag","embeddable":true,"href":"https:\/\/beebipai.ee\/fi\/wp-json\/wp\/v2\/product_tag?post=5566"}],"curies":[{"name":"wp","href":"https:\/\/api.w.org\/{rel}","templated":true}]}}