{"id":4466,"date":"2022-06-14T13:56:54","date_gmt":"2022-06-14T10:56:54","guid":{"rendered":"https:\/\/beebipai.ee\/?post_type=product&#038;p=4466"},"modified":"2024-05-17T12:59:26","modified_gmt":"2024-05-17T09:59:26","slug":"cadenshae-bambusest-rinnahoidja","status":"publish","type":"product","link":"https:\/\/beebipai.ee\/fi\/product\/cadenshae-bambusest-rinnahoidja\/","title":{"rendered":"Cadenshae bambu imetysrintaliivit"},"content":{"rendered":"<div data-elementor-type=\"wp-post\" data-elementor-id=\"4466\" class=\"elementor elementor-4466\">\n\t\t\t\t\t\t<section class=\"elementor-section elementor-top-section elementor-element elementor-element-aa96837 elementor-section-boxed elementor-section-height-default elementor-section-height-default\" data-id=\"aa96837\" data-element_type=\"section\" data-e-type=\"section\">\n\t\t\t\t\t\t<div class=\"elementor-container elementor-column-gap-default\">\n\t\t\t\t\t<div class=\"elementor-column elementor-col-50 elementor-top-column elementor-element elementor-element-9198bfc\" data-id=\"9198bfc\" data-element_type=\"column\" data-e-type=\"column\">\n\t\t\t<div class=\"elementor-widget-wrap elementor-element-populated\">\n\t\t\t\t\t\t<div class=\"elementor-element elementor-element-64e9982 elementor-widget elementor-widget-heading\" data-id=\"64e9982\" data-element_type=\"widget\" data-e-type=\"widget\" data-widget_type=\"heading.default\">\n\t\t\t\t<div class=\"elementor-widget-container\">\n\t\t\t\t\t<h2 class=\"elementor-heading-title elementor-size-default\">Cadenshae bambu imetysrintaliivit<\/h2>\t\t\t\t<\/div>\n\t\t\t\t<\/div>\n\t\t\t\t<div class=\"elementor-element elementor-element-601de84 elementor-widget elementor-widget-text-editor\" data-id=\"601de84\" data-element_type=\"widget\" data-e-type=\"widget\" data-widget_type=\"text-editor.default\">\n\t\t\t\t<div class=\"elementor-widget-container\">\n\t\t\t\t\t\t\t\t\t<p>Luulen, ett\u00e4 kaikki vanhemmat haaveilevat vauvojen nukkumisesta \u00f6isin ihanasti, mutta todellisuus on, ett\u00e4 aluksi lapsen pit\u00e4isi sy\u00f6d\u00e4 v\u00e4hint\u00e4\u00e4n 8 kertaa p\u00e4iv\u00e4ss\u00e4, mik\u00e4 tarkoittaa my\u00f6s vauvan sy\u00f6mist\u00e4 y\u00f6ll\u00e4.\u00a0<\/p><p>Tiesitk\u00f6, ett\u00e4 vastasyntyneen vatsa on pieni, siihen mahtuu vain hyvin pieni m\u00e4\u00e4r\u00e4 maitoa (6ml 3kg vauvalle, 8ml 4kg vauvalle). Joka p\u00e4iv\u00e4 lapsen ruoantarve kasvaa hieman, joten viikossa lapsi sy\u00f6 jo noin 60 ml maitoa yhdell\u00e4 aterialla.\u00a0<\/p><p>\u00c4idinmaito imeytyy vauvaan eritt\u00e4in hyvin ja sulautuu nopeasti, joten 1-2 tunnin kuluttua vauva voi jo alkaa kysy\u00e4 ruokaa. Y\u00f6imett\u00e4minen on eritt\u00e4in hy\u00f6dyllist\u00e4 sek\u00e4 \u00e4idille ett\u00e4 vauvalle. Prolaktiinitasot ovat korkeammat y\u00f6ll\u00e4, mik\u00e4 edist\u00e4\u00e4 maidontuotantoa. On my\u00f6s havaittu, ett\u00e4 lapset sy\u00f6v\u00e4t suuremman m\u00e4\u00e4r\u00e4n maitoa yhdell\u00e4 aterialla y\u00f6ll\u00e4. T\u00e4m\u00e4 on t\u00e4rke\u00e4\u00e4 ensimm\u00e4isell\u00e4 viikolla liiallisen painonpudotuksen v\u00e4ltt\u00e4miseksi, mutta my\u00f6hemmin hyv\u00e4n painon yll\u00e4pit\u00e4misen varmistamiseksi. \u00c4idinmaito sis\u00e4lt\u00e4\u00e4 iltaisin enemm\u00e4n tryptofaania, jolla on unta edist\u00e4v\u00e4 vaikutus, jolloin lapsi voi nukkua rauhallisemmin. Ensimm\u00e4isin\u00e4 kuukausina lapsi ei ole viel\u00e4 luonut p\u00e4iv\u00e4- ja y\u00f6rytmi\u00e4, se asettuu ajan my\u00f6t\u00e4. Siksi voi olla iltoja, jolloin lapsi sy\u00f6 vain 2 kertaa y\u00f6ss\u00e4, mutta my\u00f6s \u00f6it\u00e4, jolloin lapsi sy\u00f6 tunnin v\u00e4lein<\/p>\t\t\t\t\t\t\t\t<\/div>\n\t\t\t\t<\/div>\n\t\t\t\t\t<\/div>\n\t\t<\/div>\n\t\t\t\t<div class=\"elementor-column elementor-col-50 elementor-top-column elementor-element elementor-element-d8f81bc\" data-id=\"d8f81bc\" data-element_type=\"column\" data-e-type=\"column\">\n\t\t\t<div class=\"elementor-widget-wrap elementor-element-populated\">\n\t\t\t\t\t\t<div class=\"elementor-element elementor-element-f1ea67a elementor-widget elementor-widget-image\" data-id=\"f1ea67a\" data-element_type=\"widget\" data-e-type=\"widget\" data-widget_type=\"image.default\">\n\t\t\t\t<div class=\"elementor-widget-container\">\n\t\t\t\t\t\t\t\t\t\t\t\t\t\t\t<img fetchpriority=\"high\" decoding=\"async\" width=\"768\" height=\"576\" src=\"https:\/\/beebipai.ee\/wp-content\/uploads\/2022\/06\/Cadenshae-bambusest-rinnahoidja-768x576.jpg\" class=\"attachment-medium_large size-medium_large wp-image-4472\" alt=\"\" srcset=\"https:\/\/beebipai.ee\/wp-content\/uploads\/2022\/06\/Cadenshae-bambusest-rinnahoidja-768x576.jpg 768w, https:\/\/beebipai.ee\/wp-content\/uploads\/2022\/06\/Cadenshae-bambusest-rinnahoidja-e1655204644377-300x225.jpg 300w, https:\/\/beebipai.ee\/wp-content\/uploads\/2022\/06\/Cadenshae-bambusest-rinnahoidja-1024x768.jpg 1024w, https:\/\/beebipai.ee\/wp-content\/uploads\/2022\/06\/Cadenshae-bambusest-rinnahoidja-e1655204644377-16x12.jpg 16w, https:\/\/beebipai.ee\/wp-content\/uploads\/2022\/06\/Cadenshae-bambusest-rinnahoidja-600x450.jpg 600w, https:\/\/beebipai.ee\/wp-content\/uploads\/2022\/06\/Cadenshae-bambusest-rinnahoidja-e1655204644377.jpg 400w\" sizes=\"(max-width: 768px) 100vw, 768px\" \/>\t\t\t\t\t\t\t\t\t\t\t\t\t\t\t<\/div>\n\t\t\t\t<\/div>\n\t\t\t\t\t<\/div>\n\t\t<\/div>\n\t\t\t\t\t<\/div>\n\t\t<\/section>\n\t\t\t\t<section class=\"elementor-section elementor-top-section elementor-element elementor-element-48945b9 elementor-section-boxed elementor-section-height-default elementor-section-height-default\" data-id=\"48945b9\" data-element_type=\"section\" data-e-type=\"section\">\n\t\t\t\t\t\t<div class=\"elementor-container elementor-column-gap-default\">\n\t\t\t\t\t<div class=\"elementor-column elementor-col-50 elementor-top-column elementor-element elementor-element-886f813\" data-id=\"886f813\" data-element_type=\"column\" data-e-type=\"column\">\n\t\t\t<div class=\"elementor-widget-wrap elementor-element-populated\">\n\t\t\t\t\t\t<div class=\"elementor-element elementor-element-4c38d65 elementor-widget elementor-widget-text-editor\" data-id=\"4c38d65\" data-element_type=\"widget\" data-e-type=\"widget\" data-widget_type=\"text-editor.default\">\n\t\t\t\t<div class=\"elementor-widget-container\">\n\t\t\t\t\t\t\t\t\t<p>Imett\u00e4vien \u00e4itien tiedet\u00e4\u00e4n nukkuvan hieman enemm\u00e4n y\u00f6ll\u00e4, koska rintamaitoa on aina saatavilla, aina valmis ja aina oikean l\u00e4mp\u00f6tilassa. Ainoa ongelma on auttaa vauva rintaan. Imett\u00e4m\u00e4ll\u00e4 makuulla \u00e4iti voi jatkaa nukkumista vauvan sy\u00f6dess\u00e4.<\/p><p>Rinta imetyksen aikana tarvitsee samaa tukea kuin raskauden aikana, ja rintaliivien k\u00e4ytt\u00f6 on suositeltavaa my\u00f6s y\u00f6ll\u00e4. Y\u00f6k\u00e4ytt\u00f6iset rintaliivit voisivat kuitenkin olla pehme\u00e4mpi\u00e4 ja mahdollisuuksien mukaan ilman saumoja, nappeja tai kiinnikkeit\u00e4. Cadenshae Bamboo -rintaliivit sopivat sek\u00e4 p\u00e4iv\u00e4- ett\u00e4 y\u00f6k\u00e4ytt\u00f6\u00f6n. Liivien urheilullinen muotoilu sopii jokaiseen rintaan. Pehme\u00e4 ja joustava bambu sopeutuu hyvin rintojen muodon ja koon muutoksiin imetyksen aikana. Rintaliiviss\u00e4 ei ole uritettuja saumoja, klipsi\u00e4, kiinnikkeit\u00e4. Bambu-rintaliivit tarjoavat pehmeytt\u00e4, mukavuutta ja kevytt\u00e4 tukea rinnalle. Eritt\u00e4in k\u00e4tev\u00e4 y\u00f6ruokinnassa. Koria ei tarvitse avata erikseen, vain irrota kangas rinnasta.<\/p>\t\t\t\t\t\t\t\t<\/div>\n\t\t\t\t<\/div>\n\t\t\t\t\t<\/div>\n\t\t<\/div>\n\t\t\t\t<div class=\"elementor-column elementor-col-50 elementor-top-column elementor-element elementor-element-de12843\" data-id=\"de12843\" data-element_type=\"column\" data-e-type=\"column\">\n\t\t\t<div class=\"elementor-widget-wrap elementor-element-populated\">\n\t\t\t\t\t\t<div class=\"elementor-element elementor-element-ac7ac37 elementor-widget elementor-widget-image\" data-id=\"ac7ac37\" data-element_type=\"widget\" data-e-type=\"widget\" data-widget_type=\"image.default\">\n\t\t\t\t<div class=\"elementor-widget-container\">\n\t\t\t\t\t\t\t\t\t\t\t\t\t\t\t<img decoding=\"async\" width=\"400\" height=\"222\" src=\"https:\/\/beebipai.ee\/wp-content\/uploads\/2022\/06\/Cadenshae-bambusest-rinnahoidja2-e1655206017206.jpg\" class=\"attachment-medium_large size-medium_large wp-image-4473\" alt=\"\" srcset=\"https:\/\/beebipai.ee\/wp-content\/uploads\/2022\/06\/Cadenshae-bambusest-rinnahoidja2-e1655206017206.jpg 400w, https:\/\/beebipai.ee\/wp-content\/uploads\/2022\/06\/Cadenshae-bambusest-rinnahoidja2-e1655206017206-300x167.jpg 300w, https:\/\/beebipai.ee\/wp-content\/uploads\/2022\/06\/Cadenshae-bambusest-rinnahoidja2-e1655206017206-18x10.jpg 18w\" sizes=\"(max-width: 400px) 100vw, 400px\" \/>\t\t\t\t\t\t\t\t\t\t\t\t\t\t\t<\/div>\n\t\t\t\t<\/div>\n\t\t\t\t\t<\/div>\n\t\t<\/div>\n\t\t\t\t\t<\/div>\n\t\t<\/section>\n\t\t\t\t<\/div>","protected":false},"excerpt":{"rendered":"<p>Cadenshae bambu imetysrintaliivit ovat pehme\u00e4t ja mukavat rinnalle raskauden ja imetyksen aikana. Urheiluliivien muotoilu sopii jokaiseen rintaan ja mukautuu imetysrintojen koon ja muodon muutoksiin. Ihoyst\u00e4v\u00e4llinen materiaali herkille ja vaativille rinnoille.<\/p>","protected":false},"featured_media":6722,"template":"","meta":{"_monsterinsights_skip_tracking":false,"_monsterinsights_sitenote_active":false,"_monsterinsights_sitenote_note":"","_monsterinsights_sitenote_category":0,"site-sidebar-layout":"no-sidebar","site-content-layout":"page-builder","ast-site-content-layout":"full-width-container","site-content-style":"unboxed","site-sidebar-style":"unboxed","ast-global-header-display":"","ast-banner-title-visibility":"","ast-main-header-display":"","ast-hfb-above-header-display":"","ast-hfb-below-header-display":"","ast-hfb-mobile-header-display":"","site-post-title":"disabled","ast-breadcrumbs-content":"","ast-featured-img":"disabled","footer-sml-layout":"","ast-disable-related-posts":"","theme-transparent-header-meta":"default","adv-header-id-meta":"","stick-header-meta":"","header-above-stick-meta":"","header-main-stick-meta":"","header-below-stick-meta":"","astra-migrate-meta-layouts":"set","ast-page-background-enabled":"default","ast-page-background-meta":{"desktop":{"background-color":"","background-image":"","background-repeat":"repeat","background-position":"center center","background-size":"auto","background-attachment":"scroll","background-type":"","background-media":"","overlay-type":"","overlay-color":"","overlay-opacity":"","overlay-gradient":""},"tablet":{"background-color":"","background-image":"","background-repeat":"repeat","background-position":"center center","background-size":"auto","background-attachment":"scroll","background-type":"","background-media":"","overlay-type":"","overlay-color":"","overlay-opacity":"","overlay-gradient":""},"mobile":{"background-color":"","background-image":"","background-repeat":"repeat","background-position":"center center","background-size":"auto","background-attachment":"scroll","background-type":"","background-media":"","overlay-type":"","overlay-color":"","overlay-opacity":"","overlay-gradient":""}},"ast-content-background-meta":{"desktop":{"background-color":"var(--ast-global-color-5)","background-image":"","background-repeat":"repeat","background-position":"center center","background-size":"auto","background-attachment":"scroll","background-type":"","background-media":"","overlay-type":"","overlay-color":"","overlay-opacity":"","overlay-gradient":""},"tablet":{"background-color":"var(--ast-global-color-5)","background-image":"","background-repeat":"repeat","background-position":"center center","background-size":"auto","background-attachment":"scroll","background-type":"","background-media":"","overlay-type":"","overlay-color":"","overlay-opacity":"","overlay-gradient":""},"mobile":{"background-color":"var(--ast-global-color-5)","background-image":"","background-repeat":"repeat","background-position":"center center","background-size":"auto","background-attachment":"scroll","background-type":"","background-media":"","overlay-type":"","overlay-color":"","overlay-opacity":"","overlay-gradient":""}}},"product_brand":[],"product_cat":[22,148,133,103],"product_tag":[],"class_list":{"0":"post-4466","1":"product","2":"type-product","3":"status-publish","4":"has-post-thumbnail","6":"product_cat-emale","7":"product_cat-kingiideed-emale","8":"product_cat-riided-rasedatele-ja-rinnaga-toitvatele-emadele","9":"product_cat-imetamine","10":"desktop-align-left","11":"tablet-align-left","12":"mobile-align-left","14":"first","15":"instock","16":"taxable","17":"shipping-taxable","18":"purchasable","19":"product-type-variable"},"yoast_head":"<!-- This site is optimized with the Yoast SEO plugin v27.4 - https:\/\/yoast.com\/product\/yoast-seo-wordpress\/ -->\n<title>Cadenshae imetamisrinnahoidja bambusest - Beebipai<\/title>\n<meta name=\"description\" content=\"Cadenshae bambusest imetamisrinnahoidja on pehme ja mugav rasedusaegsele ja imetavale rinnale. Vaata toodet Cadenshae bambusest rinnahoidja!\" \/>\n<meta name=\"robots\" content=\"index, follow, max-snippet:-1, max-image-preview:large, max-video-preview:-1\" \/>\n<link rel=\"canonical\" href=\"https:\/\/beebipai.ee\/fi\/product\/cadenshae-bambusest-rinnahoidja\/\" \/>\n<meta property=\"og:locale\" content=\"fi_FI\" \/>\n<meta property=\"og:type\" content=\"article\" \/>\n<meta property=\"og:title\" content=\"Cadenshae imetamisrinnahoidja bambusest - Beebipai\" \/>\n<meta property=\"og:description\" content=\"Cadenshae bambusest imetamisrinnahoidja on pehme ja mugav rasedusaegsele ja imetavale rinnale. Vaata toodet Cadenshae bambusest rinnahoidja!\" \/>\n<meta property=\"og:url\" content=\"https:\/\/beebipai.ee\/fi\/product\/cadenshae-bambusest-rinnahoidja\/\" \/>\n<meta property=\"og:site_name\" content=\"Beebipai\" \/>\n<meta property=\"article:modified_time\" content=\"2024-05-17T09:59:26+00:00\" \/>\n<meta property=\"og:image\" content=\"https:\/\/beebipai.ee\/wp-content\/uploads\/2022\/06\/Cadenshae-bambusest-rinnahoidja3-807x1024.png\" \/>\n\t<meta property=\"og:image:width\" content=\"807\" \/>\n\t<meta property=\"og:image:height\" content=\"1024\" \/>\n\t<meta property=\"og:image:type\" content=\"image\/png\" \/>\n<meta name=\"twitter:card\" content=\"summary_large_image\" \/>\n<meta name=\"twitter:label1\" content=\"Arvioitu lukuaika\" \/>\n\t<meta name=\"twitter:data1\" content=\"2 minuuttia\" \/>\n<script type=\"application\/ld+json\" class=\"yoast-schema-graph\">{\"@context\":\"https:\\\/\\\/schema.org\",\"@graph\":[{\"@type\":\"WebPage\",\"@id\":\"https:\\\/\\\/beebipai.ee\\\/product\\\/cadenshae-bambusest-rinnahoidja\\\/\",\"url\":\"https:\\\/\\\/beebipai.ee\\\/product\\\/cadenshae-bambusest-rinnahoidja\\\/\",\"name\":\"Cadenshae imetamisrinnahoidja bambusest - Beebipai\",\"isPartOf\":{\"@id\":\"https:\\\/\\\/beebipai.ee\\\/en\\\/#website\"},\"primaryImageOfPage\":{\"@id\":\"https:\\\/\\\/beebipai.ee\\\/product\\\/cadenshae-bambusest-rinnahoidja\\\/#primaryimage\"},\"image\":{\"@id\":\"https:\\\/\\\/beebipai.ee\\\/product\\\/cadenshae-bambusest-rinnahoidja\\\/#primaryimage\"},\"thumbnailUrl\":\"https:\\\/\\\/beebipai.ee\\\/wp-content\\\/uploads\\\/2022\\\/06\\\/Cadenshae-bambusest-rinnahoidja3-e1663946265445.png\",\"datePublished\":\"2022-06-14T10:56:54+00:00\",\"dateModified\":\"2024-05-17T09:59:26+00:00\",\"description\":\"Cadenshae bambusest imetamisrinnahoidja on pehme ja mugav rasedusaegsele ja imetavale rinnale. Vaata toodet Cadenshae bambusest rinnahoidja!\",\"breadcrumb\":{\"@id\":\"https:\\\/\\\/beebipai.ee\\\/product\\\/cadenshae-bambusest-rinnahoidja\\\/#breadcrumb\"},\"inLanguage\":\"fi\",\"potentialAction\":[{\"@type\":\"ReadAction\",\"target\":[\"https:\\\/\\\/beebipai.ee\\\/product\\\/cadenshae-bambusest-rinnahoidja\\\/\"]}]},{\"@type\":\"ImageObject\",\"inLanguage\":\"fi\",\"@id\":\"https:\\\/\\\/beebipai.ee\\\/product\\\/cadenshae-bambusest-rinnahoidja\\\/#primaryimage\",\"url\":\"https:\\\/\\\/beebipai.ee\\\/wp-content\\\/uploads\\\/2022\\\/06\\\/Cadenshae-bambusest-rinnahoidja3-e1663946265445.png\",\"contentUrl\":\"https:\\\/\\\/beebipai.ee\\\/wp-content\\\/uploads\\\/2022\\\/06\\\/Cadenshae-bambusest-rinnahoidja3-e1663946265445.png\",\"width\":400,\"height\":507},{\"@type\":\"BreadcrumbList\",\"@id\":\"https:\\\/\\\/beebipai.ee\\\/product\\\/cadenshae-bambusest-rinnahoidja\\\/#breadcrumb\",\"itemListElement\":[{\"@type\":\"ListItem\",\"position\":1,\"name\":\"Home\",\"item\":\"https:\\\/\\\/beebipai.ee\\\/\"},{\"@type\":\"ListItem\",\"position\":2,\"name\":\"Pood\",\"item\":\"https:\\\/\\\/beebipai.ee\\\/store\\\/\"},{\"@type\":\"ListItem\",\"position\":3,\"name\":\"Cadenshae imetamisrinnahoidja bambusest\"}]},{\"@type\":\"WebSite\",\"@id\":\"https:\\\/\\\/beebipai.ee\\\/en\\\/#website\",\"url\":\"https:\\\/\\\/beebipai.ee\\\/en\\\/\",\"name\":\"Beebipai\",\"description\":\"Rasedate ja beebide veebipood\",\"potentialAction\":[{\"@type\":\"SearchAction\",\"target\":{\"@type\":\"EntryPoint\",\"urlTemplate\":\"https:\\\/\\\/beebipai.ee\\\/en\\\/?s={search_term_string}\"},\"query-input\":{\"@type\":\"PropertyValueSpecification\",\"valueRequired\":true,\"valueName\":\"search_term_string\"}}],\"inLanguage\":\"fi\"}]}<\/script>\n<!-- \/ Yoast SEO plugin. -->","yoast_head_json":{"title":"Cadenshae imetamisrinnahoidja bambusest - Beebipai","description":"Cadenshae bambusest imetamisrinnahoidja on pehme ja mugav rasedusaegsele ja imetavale rinnale. Vaata toodet Cadenshae bambusest rinnahoidja!","robots":{"index":"index","follow":"follow","max-snippet":"max-snippet:-1","max-image-preview":"max-image-preview:large","max-video-preview":"max-video-preview:-1"},"canonical":"https:\/\/beebipai.ee\/fi\/product\/cadenshae-bambusest-rinnahoidja\/","og_locale":"fi_FI","og_type":"article","og_title":"Cadenshae imetamisrinnahoidja bambusest - Beebipai","og_description":"Cadenshae bambusest imetamisrinnahoidja on pehme ja mugav rasedusaegsele ja imetavale rinnale. Vaata toodet Cadenshae bambusest rinnahoidja!","og_url":"https:\/\/beebipai.ee\/fi\/product\/cadenshae-bambusest-rinnahoidja\/","og_site_name":"Beebipai","article_modified_time":"2024-05-17T09:59:26+00:00","og_image":[{"width":807,"height":1024,"url":"https:\/\/beebipai.ee\/wp-content\/uploads\/2022\/06\/Cadenshae-bambusest-rinnahoidja3-807x1024.png","type":"image\/png"}],"twitter_card":"summary_large_image","twitter_misc":{"Arvioitu lukuaika":"2 minuuttia"},"schema":{"@context":"https:\/\/schema.org","@graph":[{"@type":"WebPage","@id":"https:\/\/beebipai.ee\/product\/cadenshae-bambusest-rinnahoidja\/","url":"https:\/\/beebipai.ee\/product\/cadenshae-bambusest-rinnahoidja\/","name":"Cadenshae imetamisrinnahoidja bambusest - Beebipai","isPartOf":{"@id":"https:\/\/beebipai.ee\/en\/#website"},"primaryImageOfPage":{"@id":"https:\/\/beebipai.ee\/product\/cadenshae-bambusest-rinnahoidja\/#primaryimage"},"image":{"@id":"https:\/\/beebipai.ee\/product\/cadenshae-bambusest-rinnahoidja\/#primaryimage"},"thumbnailUrl":"https:\/\/beebipai.ee\/wp-content\/uploads\/2022\/06\/Cadenshae-bambusest-rinnahoidja3-e1663946265445.png","datePublished":"2022-06-14T10:56:54+00:00","dateModified":"2024-05-17T09:59:26+00:00","description":"Cadenshae bambusest imetamisrinnahoidja on pehme ja mugav rasedusaegsele ja imetavale rinnale. Vaata toodet Cadenshae bambusest rinnahoidja!","breadcrumb":{"@id":"https:\/\/beebipai.ee\/product\/cadenshae-bambusest-rinnahoidja\/#breadcrumb"},"inLanguage":"fi","potentialAction":[{"@type":"ReadAction","target":["https:\/\/beebipai.ee\/product\/cadenshae-bambusest-rinnahoidja\/"]}]},{"@type":"ImageObject","inLanguage":"fi","@id":"https:\/\/beebipai.ee\/product\/cadenshae-bambusest-rinnahoidja\/#primaryimage","url":"https:\/\/beebipai.ee\/wp-content\/uploads\/2022\/06\/Cadenshae-bambusest-rinnahoidja3-e1663946265445.png","contentUrl":"https:\/\/beebipai.ee\/wp-content\/uploads\/2022\/06\/Cadenshae-bambusest-rinnahoidja3-e1663946265445.png","width":400,"height":507},{"@type":"BreadcrumbList","@id":"https:\/\/beebipai.ee\/product\/cadenshae-bambusest-rinnahoidja\/#breadcrumb","itemListElement":[{"@type":"ListItem","position":1,"name":"Home","item":"https:\/\/beebipai.ee\/"},{"@type":"ListItem","position":2,"name":"Pood","item":"https:\/\/beebipai.ee\/store\/"},{"@type":"ListItem","position":3,"name":"Cadenshae imetamisrinnahoidja bambusest"}]},{"@type":"WebSite","@id":"https:\/\/beebipai.ee\/en\/#website","url":"https:\/\/beebipai.ee\/en\/","name":"Beebipai","description":"Rasedate ja beebide veebipood","potentialAction":[{"@type":"SearchAction","target":{"@type":"EntryPoint","urlTemplate":"https:\/\/beebipai.ee\/en\/?s={search_term_string}"},"query-input":{"@type":"PropertyValueSpecification","valueRequired":true,"valueName":"search_term_string"}}],"inLanguage":"fi"}]}},"_links":{"self":[{"href":"https:\/\/beebipai.ee\/fi\/wp-json\/wp\/v2\/product\/4466","targetHints":{"allow":["GET"]}}],"collection":[{"href":"https:\/\/beebipai.ee\/fi\/wp-json\/wp\/v2\/product"}],"about":[{"href":"https:\/\/beebipai.ee\/fi\/wp-json\/wp\/v2\/types\/product"}],"version-history":[{"count":5,"href":"https:\/\/beebipai.ee\/fi\/wp-json\/wp\/v2\/product\/4466\/revisions"}],"predecessor-version":[{"id":7368,"href":"https:\/\/beebipai.ee\/fi\/wp-json\/wp\/v2\/product\/4466\/revisions\/7368"}],"wp:featuredmedia":[{"embeddable":true,"href":"https:\/\/beebipai.ee\/fi\/wp-json\/wp\/v2\/media\/6722"}],"wp:attachment":[{"href":"https:\/\/beebipai.ee\/fi\/wp-json\/wp\/v2\/media?parent=4466"}],"wp:term":[{"taxonomy":"product_brand","embeddable":true,"href":"https:\/\/beebipai.ee\/fi\/wp-json\/wp\/v2\/product_brand?post=4466"},{"taxonomy":"product_cat","embeddable":true,"href":"https:\/\/beebipai.ee\/fi\/wp-json\/wp\/v2\/product_cat?post=4466"},{"taxonomy":"product_tag","embeddable":true,"href":"https:\/\/beebipai.ee\/fi\/wp-json\/wp\/v2\/product_tag?post=4466"}],"curies":[{"name":"wp","href":"https:\/\/api.w.org\/{rel}","templated":true}]}}