{"id":4430,"date":"2022-06-14T12:00:58","date_gmt":"2022-06-14T09:00:58","guid":{"rendered":"https:\/\/beebipai.ee\/?post_type=product&#038;p=4430"},"modified":"2026-02-24T23:40:25","modified_gmt":"2026-02-24T21:40:25","slug":"cadenshae-treeningrinnahoidja","status":"publish","type":"product","link":"https:\/\/beebipai.ee\/fi\/product\/cadenshae-treeningrinnahoidja\/","title":{"rendered":"Cadenshae sportrinnahoidja raseduse ajaks"},"content":{"rendered":"<div data-elementor-type=\"wp-post\" data-elementor-id=\"4430\" class=\"elementor elementor-4430\">\n\t\t\t\t\t\t<section class=\"elementor-section elementor-top-section elementor-element elementor-element-238acea elementor-section-boxed elementor-section-height-default elementor-section-height-default\" data-id=\"238acea\" data-element_type=\"section\" data-e-type=\"section\">\n\t\t\t\t\t\t<div class=\"elementor-container elementor-column-gap-default\">\n\t\t\t\t\t<div class=\"elementor-column elementor-col-50 elementor-top-column elementor-element elementor-element-86fc0bb\" data-id=\"86fc0bb\" data-element_type=\"column\" data-e-type=\"column\">\n\t\t\t<div class=\"elementor-widget-wrap elementor-element-populated\">\n\t\t\t\t\t\t<div class=\"elementor-element elementor-element-baf565e elementor-widget elementor-widget-heading\" data-id=\"baf565e\" data-element_type=\"widget\" data-e-type=\"widget\" data-widget_type=\"heading.default\">\n\t\t\t\t<div class=\"elementor-widget-container\">\n\t\t\t\t\t<h2 class=\"elementor-heading-title elementor-size-default\">Cadenshae urheilurintaliivit<\/h2>\t\t\t\t<\/div>\n\t\t\t\t<\/div>\n\t\t\t\t<div class=\"elementor-element elementor-element-dca8ad0 elementor-widget elementor-widget-text-editor\" data-id=\"dca8ad0\" data-element_type=\"widget\" data-e-type=\"widget\" data-widget_type=\"text-editor.default\">\n\t\t\t\t<div class=\"elementor-widget-container\">\n\t\t\t\t\t\t\t\t\t<p>Vauvan odotuksessa my\u00f6s rinnoista alkavat nopeat muutokset, jotka valmistavat rintoja v\u00e4litt\u00f6m\u00e4\u00e4n imetykseen.\u00a0<\/p><p>Rintojen suureneminen ja arkuus ovat yleens\u00e4 ensimm\u00e4isi\u00e4 raskauden merkkej\u00e4. Raskauden edetess\u00e4 rinnat kasvavat entisest\u00e4\u00e4n ja viel\u00e4 enemm\u00e4n maidon tullessa. Rintojen iho ohenee, voi n\u00e4ky\u00e4 venytysmerkkej\u00e4 ja verisuoniverkosto voi n\u00e4ky\u00e4. Ihon venyttely voi aiheuttaa rintojen kutinaa.<\/p><p>Rinnat alkavat tuottaa ternimaitoa jo 16. viikolla, mink\u00e4 vuoksi rinta on raskaampi ja tarvitsee hyv\u00e4\u00e4 tukea. T\u00e4m\u00e4 on erityisen t\u00e4rke\u00e4\u00e4 harjoittelun aikana, kun kuormitus on huomattavasti suurempi. Urheiluliivit on suunniteltu tukemaan ja kiinnitt\u00e4m\u00e4\u00e4n rintakeh\u00e4 paremmin, mik\u00e4 est\u00e4\u00e4 \u00e4killiset liikkeet, t\u00e4rin\u00e4n ja iskut rintaan<\/p><p>\u00a0<\/p>\t\t\t\t\t\t\t\t<\/div>\n\t\t\t\t<\/div>\n\t\t\t\t\t<\/div>\n\t\t<\/div>\n\t\t\t\t<div class=\"elementor-column elementor-col-50 elementor-top-column elementor-element elementor-element-6fca0d9\" data-id=\"6fca0d9\" data-element_type=\"column\" data-e-type=\"column\">\n\t\t\t<div class=\"elementor-widget-wrap elementor-element-populated\">\n\t\t\t\t\t\t<div class=\"elementor-element elementor-element-601e4d3 elementor-widget elementor-widget-image\" data-id=\"601e4d3\" data-element_type=\"widget\" data-e-type=\"widget\" data-widget_type=\"image.default\">\n\t\t\t\t<div class=\"elementor-widget-container\">\n\t\t\t\t\t\t\t\t\t\t\t\t\t\t\t<img fetchpriority=\"high\" decoding=\"async\" width=\"768\" height=\"401\" src=\"https:\/\/beebipai.ee\/wp-content\/uploads\/2022\/06\/Rasedate-treeningriided3-768x401.jpg\" class=\"attachment-medium_large size-medium_large wp-image-4361\" alt=\"\" srcset=\"https:\/\/beebipai.ee\/wp-content\/uploads\/2022\/06\/Rasedate-treeningriided3-768x401.jpg 768w, https:\/\/beebipai.ee\/wp-content\/uploads\/2022\/06\/Rasedate-treeningriided3-scaled-e1655198760913-300x157.jpg 300w, https:\/\/beebipai.ee\/wp-content\/uploads\/2022\/06\/Rasedate-treeningriided3-1024x535.jpg 1024w, https:\/\/beebipai.ee\/wp-content\/uploads\/2022\/06\/Rasedate-treeningriided3-1536x803.jpg 1536w, https:\/\/beebipai.ee\/wp-content\/uploads\/2022\/06\/Rasedate-treeningriided3-2048x1070.jpg 2048w, https:\/\/beebipai.ee\/wp-content\/uploads\/2022\/06\/Rasedate-treeningriided3-scaled-e1655198760913-18x9.jpg 18w, https:\/\/beebipai.ee\/wp-content\/uploads\/2022\/06\/Rasedate-treeningriided3-600x314.jpg 600w, https:\/\/beebipai.ee\/wp-content\/uploads\/2022\/06\/Rasedate-treeningriided3-scaled-e1655198760913.jpg 400w\" sizes=\"(max-width: 768px) 100vw, 768px\" \/>\t\t\t\t\t\t\t\t\t\t\t\t\t\t\t<\/div>\n\t\t\t\t<\/div>\n\t\t\t\t\t<\/div>\n\t\t<\/div>\n\t\t\t\t\t<\/div>\n\t\t<\/section>\n\t\t\t\t<section class=\"elementor-section elementor-top-section elementor-element elementor-element-e61d0cf elementor-section-boxed elementor-section-height-default elementor-section-height-default\" data-id=\"e61d0cf\" data-element_type=\"section\" data-e-type=\"section\">\n\t\t\t\t\t\t<div class=\"elementor-container elementor-column-gap-default\">\n\t\t\t\t\t<div class=\"elementor-column elementor-col-50 elementor-top-column elementor-element elementor-element-34951f9\" data-id=\"34951f9\" data-element_type=\"column\" data-e-type=\"column\">\n\t\t\t<div class=\"elementor-widget-wrap elementor-element-populated\">\n\t\t\t\t\t\t<div class=\"elementor-element elementor-element-8d3dba1 elementor-widget elementor-widget-image\" data-id=\"8d3dba1\" data-element_type=\"widget\" data-e-type=\"widget\" data-widget_type=\"image.default\">\n\t\t\t\t<div class=\"elementor-widget-container\">\n\t\t\t\t\t\t\t\t\t\t\t\t\t\t\t<img decoding=\"async\" width=\"807\" height=\"1024\" src=\"https:\/\/beebipai.ee\/wp-content\/uploads\/2022\/06\/Sportrinnahoidja-imetamiseks-munt1-807x1024.webp\" class=\"attachment-large size-large wp-image-7662\" alt=\"\" srcset=\"https:\/\/beebipai.ee\/wp-content\/uploads\/2022\/06\/Sportrinnahoidja-imetamiseks-munt1-807x1024.webp 807w, https:\/\/beebipai.ee\/wp-content\/uploads\/2022\/06\/Sportrinnahoidja-imetamiseks-munt1-e1674396548268-236x300.webp 236w, https:\/\/beebipai.ee\/wp-content\/uploads\/2022\/06\/Sportrinnahoidja-imetamiseks-munt1-768x974.webp 768w, https:\/\/beebipai.ee\/wp-content\/uploads\/2022\/06\/Sportrinnahoidja-imetamiseks-munt1-1211x1536.webp 1211w, https:\/\/beebipai.ee\/wp-content\/uploads\/2022\/06\/Sportrinnahoidja-imetamiseks-munt1-e1674396548268-9x12.webp 9w, https:\/\/beebipai.ee\/wp-content\/uploads\/2022\/06\/Sportrinnahoidja-imetamiseks-munt1-600x761.webp 600w, https:\/\/beebipai.ee\/wp-content\/uploads\/2022\/06\/Sportrinnahoidja-imetamiseks-munt1-e1674396548268.webp 576w\" sizes=\"(max-width: 807px) 100vw, 807px\" \/>\t\t\t\t\t\t\t\t\t\t\t\t\t\t\t<\/div>\n\t\t\t\t<\/div>\n\t\t\t\t\t<\/div>\n\t\t<\/div>\n\t\t\t\t<div class=\"elementor-column elementor-col-50 elementor-top-column elementor-element elementor-element-87682ca\" data-id=\"87682ca\" data-element_type=\"column\" data-e-type=\"column\">\n\t\t\t<div class=\"elementor-widget-wrap elementor-element-populated\">\n\t\t\t\t\t\t<div class=\"elementor-element elementor-element-8ca2c92 elementor-widget elementor-widget-text-editor\" data-id=\"8ca2c92\" data-element_type=\"widget\" data-e-type=\"widget\" data-widget_type=\"text-editor.default\">\n\t\t\t\t<div class=\"elementor-widget-container\">\n\t\t\t\t\t\t\t\t\t<p>Cadenshae sportrinnahoidja sobib igap\u00e4evaseks kasutamiseks ning toetab rinda ka raseduse ajal igat liiki treeningutel. Hoiab \u00e4ra rinna liigse rappumise, p\u00f5rutuse ning kaitseb rinda j\u00e4rskudel liigutustel ja asendivahetustel. Pakub mugavat ja kindlat toetust suurenevatele ja raskematele rindadele. Kinnitid k\u00e4ivad lahti imetamiseks, kui antud mudel imetamiseks k\u00f5ige mugavam ei ole.\u00a0 V\u00e4ga pehme ja mugav materjal ei sooni ega pigista, mis rasedusaegse ja piima tootva rinna puhul eriti oluline.\u00a0 Sportrinnahoidja tagune kinnitus on reguleeritav. Kaasas on lisakinnitused. Ka on reguleeritavad \u00f5lapaelad. Rinnahoidja see olevad padjakesed on eemaldatavad.\u00a0<\/p><p>Pid\u00e4 urheiluliiveist\u00e4si huolta kuten kaikista muistakin treenivaatteista. Mieluummin k\u00e4sinpesu tai konepesu viile\u00e4ss\u00e4 vedess\u00e4 samanv\u00e4risten vaatteiden kanssa. \u00c4l\u00e4 valkaise tai silit\u00e4 urheiluliivej\u00e4. Huuhteluaineiden k\u00e4ytt\u00f6\u00e4 ei suositella.<\/p>\t\t\t\t\t\t\t\t<\/div>\n\t\t\t\t<\/div>\n\t\t\t\t\t<\/div>\n\t\t<\/div>\n\t\t\t\t\t<\/div>\n\t\t<\/section>\n\t\t\t\t<\/div>","protected":false},"excerpt":{"rendered":"<p>Cadenshae sportrinnahoidja toetab rinda igap\u00e4evaselt ja on suurep\u00e4rane ka rasedusaegsetel treeningutel ajal. Rinnahoidja kinnitid k\u00e4ivad k\u00fcll lahti, kuid antud mudel imetamiseks k\u00f5ige mugavam ei ole.<\/p>\n<p>&nbsp;<\/p>\n<p>&nbsp;<\/p>","protected":false},"featured_media":7663,"template":"","meta":{"_monsterinsights_skip_tracking":false,"_monsterinsights_sitenote_active":false,"_monsterinsights_sitenote_note":"","_monsterinsights_sitenote_category":0,"site-sidebar-layout":"no-sidebar","site-content-layout":"page-builder","ast-site-content-layout":"full-width-container","site-content-style":"unboxed","site-sidebar-style":"unboxed","ast-global-header-display":"","ast-banner-title-visibility":"","ast-main-header-display":"","ast-hfb-above-header-display":"","ast-hfb-below-header-display":"","ast-hfb-mobile-header-display":"","site-post-title":"disabled","ast-breadcrumbs-content":"","ast-featured-img":"disabled","footer-sml-layout":"","ast-disable-related-posts":"","theme-transparent-header-meta":"default","adv-header-id-meta":"","stick-header-meta":"","header-above-stick-meta":"","header-main-stick-meta":"","header-below-stick-meta":"","astra-migrate-meta-layouts":"set","ast-page-background-enabled":"default","ast-page-background-meta":{"desktop":{"background-color":"","background-image":"","background-repeat":"repeat","background-position":"center center","background-size":"auto","background-attachment":"scroll","background-type":"","background-media":"","overlay-type":"","overlay-color":"","overlay-opacity":"","overlay-gradient":""},"tablet":{"background-color":"","background-image":"","background-repeat":"repeat","background-position":"center center","background-size":"auto","background-attachment":"scroll","background-type":"","background-media":"","overlay-type":"","overlay-color":"","overlay-opacity":"","overlay-gradient":""},"mobile":{"background-color":"","background-image":"","background-repeat":"repeat","background-position":"center center","background-size":"auto","background-attachment":"scroll","background-type":"","background-media":"","overlay-type":"","overlay-color":"","overlay-opacity":"","overlay-gradient":""}},"ast-content-background-meta":{"desktop":{"background-color":"var(--ast-global-color-5)","background-image":"","background-repeat":"repeat","background-position":"center center","background-size":"auto","background-attachment":"scroll","background-type":"","background-media":"","overlay-type":"","overlay-color":"","overlay-opacity":"","overlay-gradient":""},"tablet":{"background-color":"var(--ast-global-color-5)","background-image":"","background-repeat":"repeat","background-position":"center center","background-size":"auto","background-attachment":"scroll","background-type":"","background-media":"","overlay-type":"","overlay-color":"","overlay-opacity":"","overlay-gradient":""},"mobile":{"background-color":"var(--ast-global-color-5)","background-image":"","background-repeat":"repeat","background-position":"center center","background-size":"auto","background-attachment":"scroll","background-type":"","background-media":"","overlay-type":"","overlay-color":"","overlay-opacity":"","overlay-gradient":""}}},"product_brand":[],"product_cat":[22,105,133,103],"product_tag":[],"class_list":{"0":"post-4430","1":"product","2":"type-product","3":"status-publish","4":"has-post-thumbnail","6":"product_cat-emale","7":"product_cat-treening","8":"product_cat-riided-rasedatele-ja-rinnaga-toitvatele-emadele","9":"product_cat-imetamine","10":"desktop-align-left","11":"tablet-align-left","12":"mobile-align-left","14":"first","15":"instock","16":"sale","17":"taxable","18":"shipping-taxable","19":"purchasable","20":"product-type-variable"},"yoast_head":"<!-- This site is optimized with the Yoast SEO plugin v27.3 - https:\/\/yoast.com\/product\/yoast-seo-wordpress\/ -->\n<title>Cadenshae sportrinnahoidja raseduse ajaks - Beebipai<\/title>\n<meta name=\"description\" content=\"Cadenshae sportrinnahoidja toetab rinda nii rasedusaegsete treeningute ajal. Vaata toodet Cadenshae sportrinnahoidja raseduse ajaks!\" \/>\n<meta name=\"robots\" content=\"index, follow, max-snippet:-1, max-image-preview:large, max-video-preview:-1\" \/>\n<link rel=\"canonical\" href=\"https:\/\/beebipai.ee\/fi\/product\/cadenshae-treeningrinnahoidja\/\" \/>\n<meta property=\"og:locale\" content=\"fi_FI\" \/>\n<meta property=\"og:type\" content=\"article\" \/>\n<meta property=\"og:title\" content=\"Cadenshae sportrinnahoidja raseduse ajaks - Beebipai\" \/>\n<meta property=\"og:description\" content=\"Cadenshae sportrinnahoidja toetab rinda nii rasedusaegsete treeningute ajal. Vaata toodet Cadenshae sportrinnahoidja raseduse ajaks!\" \/>\n<meta property=\"og:url\" content=\"https:\/\/beebipai.ee\/fi\/product\/cadenshae-treeningrinnahoidja\/\" \/>\n<meta property=\"og:site_name\" content=\"Beebipai\" \/>\n<meta property=\"article:modified_time\" content=\"2026-02-24T21:40:25+00:00\" \/>\n<meta property=\"og:image\" content=\"https:\/\/beebipai.ee\/wp-content\/uploads\/2022\/06\/Sportrinnahoidja-imetamiseks-munt2-e1674396570579.webp\" \/>\n\t<meta property=\"og:image:width\" content=\"500\" \/>\n\t<meta property=\"og:image:height\" content=\"634\" \/>\n\t<meta property=\"og:image:type\" content=\"image\/webp\" \/>\n<meta name=\"twitter:card\" content=\"summary_large_image\" \/>\n<meta name=\"twitter:label1\" content=\"Arvioitu lukuaika\" \/>\n\t<meta name=\"twitter:data1\" content=\"2 minuuttia\" \/>\n<script type=\"application\/ld+json\" class=\"yoast-schema-graph\">{\"@context\":\"https:\\\/\\\/schema.org\",\"@graph\":[{\"@type\":\"WebPage\",\"@id\":\"https:\\\/\\\/beebipai.ee\\\/product\\\/cadenshae-treeningrinnahoidja\\\/\",\"url\":\"https:\\\/\\\/beebipai.ee\\\/product\\\/cadenshae-treeningrinnahoidja\\\/\",\"name\":\"Cadenshae sportrinnahoidja raseduse ajaks - Beebipai\",\"isPartOf\":{\"@id\":\"https:\\\/\\\/beebipai.ee\\\/en\\\/#website\"},\"primaryImageOfPage\":{\"@id\":\"https:\\\/\\\/beebipai.ee\\\/product\\\/cadenshae-treeningrinnahoidja\\\/#primaryimage\"},\"image\":{\"@id\":\"https:\\\/\\\/beebipai.ee\\\/product\\\/cadenshae-treeningrinnahoidja\\\/#primaryimage\"},\"thumbnailUrl\":\"https:\\\/\\\/beebipai.ee\\\/wp-content\\\/uploads\\\/2022\\\/06\\\/Sportrinnahoidja-imetamiseks-munt2-e1674396570579.webp\",\"datePublished\":\"2022-06-14T09:00:58+00:00\",\"dateModified\":\"2026-02-24T21:40:25+00:00\",\"description\":\"Cadenshae sportrinnahoidja toetab rinda nii rasedusaegsete treeningute ajal. Vaata toodet Cadenshae sportrinnahoidja raseduse ajaks!\",\"breadcrumb\":{\"@id\":\"https:\\\/\\\/beebipai.ee\\\/product\\\/cadenshae-treeningrinnahoidja\\\/#breadcrumb\"},\"inLanguage\":\"fi\",\"potentialAction\":[{\"@type\":\"ReadAction\",\"target\":[\"https:\\\/\\\/beebipai.ee\\\/product\\\/cadenshae-treeningrinnahoidja\\\/\"]}]},{\"@type\":\"ImageObject\",\"inLanguage\":\"fi\",\"@id\":\"https:\\\/\\\/beebipai.ee\\\/product\\\/cadenshae-treeningrinnahoidja\\\/#primaryimage\",\"url\":\"https:\\\/\\\/beebipai.ee\\\/wp-content\\\/uploads\\\/2022\\\/06\\\/Sportrinnahoidja-imetamiseks-munt2-e1674396570579.webp\",\"contentUrl\":\"https:\\\/\\\/beebipai.ee\\\/wp-content\\\/uploads\\\/2022\\\/06\\\/Sportrinnahoidja-imetamiseks-munt2-e1674396570579.webp\",\"width\":500,\"height\":634},{\"@type\":\"BreadcrumbList\",\"@id\":\"https:\\\/\\\/beebipai.ee\\\/product\\\/cadenshae-treeningrinnahoidja\\\/#breadcrumb\",\"itemListElement\":[{\"@type\":\"ListItem\",\"position\":1,\"name\":\"Home\",\"item\":\"https:\\\/\\\/beebipai.ee\\\/\"},{\"@type\":\"ListItem\",\"position\":2,\"name\":\"Pood\",\"item\":\"https:\\\/\\\/beebipai.ee\\\/store\\\/\"},{\"@type\":\"ListItem\",\"position\":3,\"name\":\"Cadenshae sportrinnahoidja raseduse ajaks\"}]},{\"@type\":\"WebSite\",\"@id\":\"https:\\\/\\\/beebipai.ee\\\/en\\\/#website\",\"url\":\"https:\\\/\\\/beebipai.ee\\\/en\\\/\",\"name\":\"Beebipai\",\"description\":\"Rasedate ja beebide veebipood\",\"potentialAction\":[{\"@type\":\"SearchAction\",\"target\":{\"@type\":\"EntryPoint\",\"urlTemplate\":\"https:\\\/\\\/beebipai.ee\\\/en\\\/?s={search_term_string}\"},\"query-input\":{\"@type\":\"PropertyValueSpecification\",\"valueRequired\":true,\"valueName\":\"search_term_string\"}}],\"inLanguage\":\"fi\"}]}<\/script>\n<!-- \/ Yoast SEO plugin. -->","yoast_head_json":{"title":"Cadenshae sportrinnahoidja raseduse ajaks - Beebipai","description":"Cadenshae sportrinnahoidja toetab rinda nii rasedusaegsete treeningute ajal. Vaata toodet Cadenshae sportrinnahoidja raseduse ajaks!","robots":{"index":"index","follow":"follow","max-snippet":"max-snippet:-1","max-image-preview":"max-image-preview:large","max-video-preview":"max-video-preview:-1"},"canonical":"https:\/\/beebipai.ee\/fi\/product\/cadenshae-treeningrinnahoidja\/","og_locale":"fi_FI","og_type":"article","og_title":"Cadenshae sportrinnahoidja raseduse ajaks - Beebipai","og_description":"Cadenshae sportrinnahoidja toetab rinda nii rasedusaegsete treeningute ajal. Vaata toodet Cadenshae sportrinnahoidja raseduse ajaks!","og_url":"https:\/\/beebipai.ee\/fi\/product\/cadenshae-treeningrinnahoidja\/","og_site_name":"Beebipai","article_modified_time":"2026-02-24T21:40:25+00:00","og_image":[{"width":500,"height":634,"url":"https:\/\/beebipai.ee\/wp-content\/uploads\/2022\/06\/Sportrinnahoidja-imetamiseks-munt2-e1674396570579.webp","type":"image\/webp"}],"twitter_card":"summary_large_image","twitter_misc":{"Arvioitu lukuaika":"2 minuuttia"},"schema":{"@context":"https:\/\/schema.org","@graph":[{"@type":"WebPage","@id":"https:\/\/beebipai.ee\/product\/cadenshae-treeningrinnahoidja\/","url":"https:\/\/beebipai.ee\/product\/cadenshae-treeningrinnahoidja\/","name":"Cadenshae sportrinnahoidja raseduse ajaks - Beebipai","isPartOf":{"@id":"https:\/\/beebipai.ee\/en\/#website"},"primaryImageOfPage":{"@id":"https:\/\/beebipai.ee\/product\/cadenshae-treeningrinnahoidja\/#primaryimage"},"image":{"@id":"https:\/\/beebipai.ee\/product\/cadenshae-treeningrinnahoidja\/#primaryimage"},"thumbnailUrl":"https:\/\/beebipai.ee\/wp-content\/uploads\/2022\/06\/Sportrinnahoidja-imetamiseks-munt2-e1674396570579.webp","datePublished":"2022-06-14T09:00:58+00:00","dateModified":"2026-02-24T21:40:25+00:00","description":"Cadenshae sportrinnahoidja toetab rinda nii rasedusaegsete treeningute ajal. Vaata toodet Cadenshae sportrinnahoidja raseduse ajaks!","breadcrumb":{"@id":"https:\/\/beebipai.ee\/product\/cadenshae-treeningrinnahoidja\/#breadcrumb"},"inLanguage":"fi","potentialAction":[{"@type":"ReadAction","target":["https:\/\/beebipai.ee\/product\/cadenshae-treeningrinnahoidja\/"]}]},{"@type":"ImageObject","inLanguage":"fi","@id":"https:\/\/beebipai.ee\/product\/cadenshae-treeningrinnahoidja\/#primaryimage","url":"https:\/\/beebipai.ee\/wp-content\/uploads\/2022\/06\/Sportrinnahoidja-imetamiseks-munt2-e1674396570579.webp","contentUrl":"https:\/\/beebipai.ee\/wp-content\/uploads\/2022\/06\/Sportrinnahoidja-imetamiseks-munt2-e1674396570579.webp","width":500,"height":634},{"@type":"BreadcrumbList","@id":"https:\/\/beebipai.ee\/product\/cadenshae-treeningrinnahoidja\/#breadcrumb","itemListElement":[{"@type":"ListItem","position":1,"name":"Home","item":"https:\/\/beebipai.ee\/"},{"@type":"ListItem","position":2,"name":"Pood","item":"https:\/\/beebipai.ee\/store\/"},{"@type":"ListItem","position":3,"name":"Cadenshae sportrinnahoidja raseduse ajaks"}]},{"@type":"WebSite","@id":"https:\/\/beebipai.ee\/en\/#website","url":"https:\/\/beebipai.ee\/en\/","name":"Beebipai","description":"Rasedate ja beebide veebipood","potentialAction":[{"@type":"SearchAction","target":{"@type":"EntryPoint","urlTemplate":"https:\/\/beebipai.ee\/en\/?s={search_term_string}"},"query-input":{"@type":"PropertyValueSpecification","valueRequired":true,"valueName":"search_term_string"}}],"inLanguage":"fi"}]}},"_links":{"self":[{"href":"https:\/\/beebipai.ee\/fi\/wp-json\/wp\/v2\/product\/4430","targetHints":{"allow":["GET"]}}],"collection":[{"href":"https:\/\/beebipai.ee\/fi\/wp-json\/wp\/v2\/product"}],"about":[{"href":"https:\/\/beebipai.ee\/fi\/wp-json\/wp\/v2\/types\/product"}],"version-history":[{"count":5,"href":"https:\/\/beebipai.ee\/fi\/wp-json\/wp\/v2\/product\/4430\/revisions"}],"predecessor-version":[{"id":10718,"href":"https:\/\/beebipai.ee\/fi\/wp-json\/wp\/v2\/product\/4430\/revisions\/10718"}],"wp:featuredmedia":[{"embeddable":true,"href":"https:\/\/beebipai.ee\/fi\/wp-json\/wp\/v2\/media\/7663"}],"wp:attachment":[{"href":"https:\/\/beebipai.ee\/fi\/wp-json\/wp\/v2\/media?parent=4430"}],"wp:term":[{"taxonomy":"product_brand","embeddable":true,"href":"https:\/\/beebipai.ee\/fi\/wp-json\/wp\/v2\/product_brand?post=4430"},{"taxonomy":"product_cat","embeddable":true,"href":"https:\/\/beebipai.ee\/fi\/wp-json\/wp\/v2\/product_cat?post=4430"},{"taxonomy":"product_tag","embeddable":true,"href":"https:\/\/beebipai.ee\/fi\/wp-json\/wp\/v2\/product_tag?post=4430"}],"curies":[{"name":"wp","href":"https:\/\/api.w.org\/{rel}","templated":true}]}}