{"id":4407,"date":"2022-06-14T10:00:29","date_gmt":"2022-06-14T07:00:29","guid":{"rendered":"https:\/\/beebipai.ee\/?post_type=product&#038;p=4407"},"modified":"2025-10-14T18:35:44","modified_gmt":"2025-10-14T15:35:44","slug":"cadenshae-korge-pihaga-treeningpuksid","status":"publish","type":"product","link":"https:\/\/beebipai.ee\/fi\/product\/cadenshae-korge-pihaga-treeningpuksid\/","title":{"rendered":"Cadenshae korkeavy\u00f6t\u00e4r\u00f6iset leggingsit synnytyksen j\u00e4lkeiseen k\u00e4ytt\u00f6\u00f6n"},"content":{"rendered":"<div data-elementor-type=\"wp-post\" data-elementor-id=\"4407\" class=\"elementor elementor-4407\">\n\t\t\t\t\t\t<section class=\"elementor-section elementor-top-section elementor-element elementor-element-6769da4 elementor-section-boxed elementor-section-height-default elementor-section-height-default\" data-id=\"6769da4\" data-element_type=\"section\" data-e-type=\"section\">\n\t\t\t\t\t\t<div class=\"elementor-container elementor-column-gap-default\">\n\t\t\t\t\t<div class=\"elementor-column elementor-col-50 elementor-top-column elementor-element elementor-element-3a80c15\" data-id=\"3a80c15\" data-element_type=\"column\" data-e-type=\"column\">\n\t\t\t<div class=\"elementor-widget-wrap elementor-element-populated\">\n\t\t\t\t\t\t<div class=\"elementor-element elementor-element-d835e5b elementor-widget elementor-widget-heading\" data-id=\"d835e5b\" data-element_type=\"widget\" data-e-type=\"widget\" data-widget_type=\"heading.default\">\n\t\t\t\t<div class=\"elementor-widget-container\">\n\t\t\t\t\t<h2 class=\"elementor-heading-title elementor-size-default\">Cadenshae korkeavy\u00f6t\u00e4r\u00f6iset leggingsit synnytyksen j\u00e4lkeiseen k\u00e4ytt\u00f6\u00f6n<\/h2>\t\t\t\t<\/div>\n\t\t\t\t<\/div>\n\t\t\t\t<div class=\"elementor-element elementor-element-3405145 elementor-widget elementor-widget-text-editor\" data-id=\"3405145\" data-element_type=\"widget\" data-e-type=\"widget\" data-widget_type=\"text-editor.default\">\n\t\t\t\t<div class=\"elementor-widget-container\">\n\t\t\t\t\t\t\t\t\t<p>Kun synnytys on ohi ja vauva k\u00e4siss\u00e4, on yksi kausi suurten muiden kanssa takana. Mutta toinen yht\u00e4 t\u00e4rke\u00e4 aika suurten muutosten kanssa on edess\u00e4. Synnytyksen j\u00e4lkeinen aika\u2026. palautumisaika.<\/p><p>Ennemmin tai my\u00f6hemmin synnytyksen j\u00e4lkeen syntyy sek\u00e4 halu ett\u00e4 tarve palauttaa raskautta edelt\u00e4v\u00e4 muoto, parantaa lihaskuntoa, hyvinvointia, lis\u00e4t\u00e4 kest\u00e4vyytt\u00e4. Synnytyksen j\u00e4lkeisen harjoittelun tavoitteena on enimm\u00e4kseen tehokas fyysisen kunnon parantaminen ja palautuminen. Kun fyysinen kunto paranee, my\u00f6s henkinen tasapaino ja itsetyytyv\u00e4isyys paranevat.<\/p><p>\u00c4l\u00e4 unohda, ett\u00e4 raskaus ja synnytys ovat eritt\u00e4in raskaita kuormituksia naisen elimist\u00f6lle, joten anna itsellesi aikaa \u00e4l\u00e4k\u00e4 aseta liian suuria tavoitteita heti.. Synnytyksen j\u00e4lkeinen harjoittelu on aloitettava asteittain tunteita seuraten. Vaikka halu nopeisiin tuloksiin voi olla eritt\u00e4in suuri, itsesi liiallinen ly\u00f6minen tekee enemm\u00e4n haittaa kuin hy\u00f6ty\u00e4.\u00a0<\/p>\t\t\t\t\t\t\t\t<\/div>\n\t\t\t\t<\/div>\n\t\t\t\t\t<\/div>\n\t\t<\/div>\n\t\t\t\t<div class=\"elementor-column elementor-col-50 elementor-top-column elementor-element elementor-element-e118257\" data-id=\"e118257\" data-element_type=\"column\" data-e-type=\"column\">\n\t\t\t<div class=\"elementor-widget-wrap elementor-element-populated\">\n\t\t\t\t\t\t<div class=\"elementor-element elementor-element-79b43b9 elementor-widget elementor-widget-image\" data-id=\"79b43b9\" data-element_type=\"widget\" data-e-type=\"widget\" data-widget_type=\"image.default\">\n\t\t\t\t<div class=\"elementor-widget-container\">\n\t\t\t\t\t\t\t\t\t\t\t\t\t\t\t<img fetchpriority=\"high\" decoding=\"async\" width=\"768\" height=\"576\" src=\"https:\/\/beebipai.ee\/wp-content\/uploads\/2022\/06\/Sunnitusjargne-treening-768x576.webp\" class=\"attachment-medium_large size-medium_large wp-image-4419\" alt=\"\" srcset=\"https:\/\/beebipai.ee\/wp-content\/uploads\/2022\/06\/Sunnitusjargne-treening-768x576.webp 768w, https:\/\/beebipai.ee\/wp-content\/uploads\/2022\/06\/Sunnitusjargne-treening-e1655191546973-300x225.webp 300w, https:\/\/beebipai.ee\/wp-content\/uploads\/2022\/06\/Sunnitusjargne-treening-1024x768.webp 1024w, https:\/\/beebipai.ee\/wp-content\/uploads\/2022\/06\/Sunnitusjargne-treening-1536x1152.webp 1536w, https:\/\/beebipai.ee\/wp-content\/uploads\/2022\/06\/Sunnitusjargne-treening-2048x1536.webp 2048w, https:\/\/beebipai.ee\/wp-content\/uploads\/2022\/06\/Sunnitusjargne-treening-e1655191546973-16x12.webp 16w, https:\/\/beebipai.ee\/wp-content\/uploads\/2022\/06\/Sunnitusjargne-treening-600x450.webp 600w, https:\/\/beebipai.ee\/wp-content\/uploads\/2022\/06\/Sunnitusjargne-treening-e1655191546973.webp 400w\" sizes=\"(max-width: 768px) 100vw, 768px\" \/>\t\t\t\t\t\t\t\t\t\t\t\t\t\t\t<\/div>\n\t\t\t\t<\/div>\n\t\t\t\t\t<\/div>\n\t\t<\/div>\n\t\t\t\t\t<\/div>\n\t\t<\/section>\n\t\t\t\t<section class=\"elementor-section elementor-top-section elementor-element elementor-element-7d10e1a elementor-section-boxed elementor-section-height-default elementor-section-height-default\" data-id=\"7d10e1a\" data-element_type=\"section\" data-e-type=\"section\">\n\t\t\t\t\t\t<div class=\"elementor-container elementor-column-gap-default\">\n\t\t\t\t\t<div class=\"elementor-column elementor-col-50 elementor-top-column elementor-element elementor-element-942c806\" data-id=\"942c806\" data-element_type=\"column\" data-e-type=\"column\">\n\t\t\t<div class=\"elementor-widget-wrap elementor-element-populated\">\n\t\t\t\t\t\t<div class=\"elementor-element elementor-element-d2eae3f elementor-widget elementor-widget-text-editor\" data-id=\"d2eae3f\" data-element_type=\"widget\" data-e-type=\"widget\" data-widget_type=\"text-editor.default\">\n\t\t\t\t<div class=\"elementor-widget-container\">\n\t\t\t\t\t\t\t\t\t<p>Eritt\u00e4in korkean intensiteetin harjoittelu ei sovellu synnytyksen j\u00e4lkeiseen harjoitteluun. Aluksi saatat tuntea hieman puutteellista kehotietoisuutta, varsinkin korsetin ja lantionpohjan lihasten suhteen. Ennen kuin siirryt korkean intensiteetin harjoitteluun, aloita harjoittelemalla ydin- ja ydinlihaksiasi. Hengitysharjoitukset, jooga, pilates ja venytysharjoitukset sopivat hyvin. Ja k\u00e4velykierrokset rattaiden kanssa ovat erinomainen kest\u00e4vyysharjoittelumahdollisuus \ud83d\ude42<\/p><p>Aloita mieluummin lyhyemmill\u00e4 ja kevyemmill\u00e4 harjoituksilla, etene askel askeleelta. Seuraa tunteitasi harjoituksen aikana ja sen j\u00e4lkeen. Hyv\u00e4n olon ja suorituskyvyn kasvaessa on aika lis\u00e4t\u00e4 kuormitusta hieman.\u00a0<\/p><p>Voit my\u00f6s ottaa vauvasi mukaan synnytyksen j\u00e4lkeiseen koulutukseen. Monet synnytyksen j\u00e4lkeiset liikuntaohjelmat ja ryhm\u00e4harjoitukset on rakennettu siten, ett\u00e4 harjoituksia voi tehd\u00e4 vauvan kanssa. Vauva antaa harjoituksiin juuri oikean m\u00e4\u00e4r\u00e4n lis\u00e4kuormitusta. Vauvan kasvaessa ylim\u00e4\u00e4r\u00e4inen kuorma kasvaa.\u00a0<\/p>\t\t\t\t\t\t\t\t<\/div>\n\t\t\t\t<\/div>\n\t\t\t\t\t<\/div>\n\t\t<\/div>\n\t\t\t\t<div class=\"elementor-column elementor-col-50 elementor-top-column elementor-element elementor-element-f4ebb23\" data-id=\"f4ebb23\" data-element_type=\"column\" data-e-type=\"column\">\n\t\t\t<div class=\"elementor-widget-wrap elementor-element-populated\">\n\t\t\t\t\t\t<div class=\"elementor-element elementor-element-b1716f9 elementor-widget elementor-widget-image\" data-id=\"b1716f9\" data-element_type=\"widget\" data-e-type=\"widget\" data-widget_type=\"image.default\">\n\t\t\t\t<div class=\"elementor-widget-container\">\n\t\t\t\t\t\t\t\t\t\t\t\t\t\t\t<img decoding=\"async\" width=\"768\" height=\"768\" src=\"https:\/\/beebipai.ee\/wp-content\/uploads\/2022\/06\/Sunnitusjargne-treening1-768x768.jpg\" class=\"attachment-medium_large size-medium_large wp-image-4420\" alt=\"\" srcset=\"https:\/\/beebipai.ee\/wp-content\/uploads\/2022\/06\/Sunnitusjargne-treening1-768x768.jpg 768w, https:\/\/beebipai.ee\/wp-content\/uploads\/2022\/06\/Sunnitusjargne-treening1-e1655192225601-300x300.jpg 300w, https:\/\/beebipai.ee\/wp-content\/uploads\/2022\/06\/Sunnitusjargne-treening1-1024x1024.jpg 1024w, https:\/\/beebipai.ee\/wp-content\/uploads\/2022\/06\/Sunnitusjargne-treening1-e1655192225601-150x150.jpg 150w, https:\/\/beebipai.ee\/wp-content\/uploads\/2022\/06\/Sunnitusjargne-treening1-e1655192225601-12x12.jpg 12w, https:\/\/beebipai.ee\/wp-content\/uploads\/2022\/06\/Sunnitusjargne-treening1-600x600.jpg 600w, https:\/\/beebipai.ee\/wp-content\/uploads\/2022\/06\/Sunnitusjargne-treening1-e1655192225601-100x100.jpg 100w, https:\/\/beebipai.ee\/wp-content\/uploads\/2022\/06\/Sunnitusjargne-treening1-e1655192225601.jpg 400w\" sizes=\"(max-width: 768px) 100vw, 768px\" \/>\t\t\t\t\t\t\t\t\t\t\t\t\t\t\t<\/div>\n\t\t\t\t<\/div>\n\t\t\t\t\t<\/div>\n\t\t<\/div>\n\t\t\t\t\t<\/div>\n\t\t<\/section>\n\t\t\t\t<section class=\"elementor-section elementor-top-section elementor-element elementor-element-99a3a69 elementor-section-boxed elementor-section-height-default elementor-section-height-default\" data-id=\"99a3a69\" data-element_type=\"section\" data-e-type=\"section\">\n\t\t\t\t\t\t<div class=\"elementor-container elementor-column-gap-default\">\n\t\t\t\t\t<div class=\"elementor-column elementor-col-50 elementor-top-column elementor-element elementor-element-38bcf23\" data-id=\"38bcf23\" data-element_type=\"column\" data-e-type=\"column\">\n\t\t\t<div class=\"elementor-widget-wrap elementor-element-populated\">\n\t\t\t\t\t\t<div class=\"elementor-element elementor-element-ea75b8f elementor-widget elementor-widget-text-editor\" data-id=\"ea75b8f\" data-element_type=\"widget\" data-e-type=\"widget\" data-widget_type=\"text-editor.default\">\n\t\t\t\t<div class=\"elementor-widget-container\">\n\t\t\t\t\t\t\t\t\t<p>Cadenshaen korkeavy\u00f6t\u00e4r\u00f6iset harjoitushousut sopivat ihanteellisesti synnytyksen j\u00e4lkeiseen harjoitteluun. Sopii aerobiseen harjoitteluun, lihasharjoitteluun ja k\u00e4velylle. Vahvistettu yl\u00e4vy\u00f6t\u00e4r\u00f6 tukee vatsaa ja selk\u00e4\u00e4, lihaksia, jotka ovat muuttuneet eniten raskauden j\u00e4lkeen. Synnytyksen j\u00e4lkeiset leggingsit ovat my\u00f6s loistava apu diastaasin taantumiseen. Eritt\u00e4in mukavien ja hyvin istuvien leggingsien kangas on sile\u00e4 ja muotoon istuva, tukee jalkoja ja pakaroita. Ei uritettuja tai puristavia saumoja. Housuissa on k\u00e4tev\u00e4t taskut sivuilla.\u00a0<\/p><p>Harjoitusleggingsit tulee huoltaa samojen periaatteiden mukaan kuin muutkin treenivaatteet. N\u00e4in ne pysyv\u00e4t toimivina, tervein\u00e4 ja kauniina pidemp\u00e4\u00e4n.<\/p><ul><li>Konepesu tai k\u00e4sinpesu viile\u00e4ss\u00e4 vedess\u00e4<\/li><li>Pese samanv\u00e4risill\u00e4 tuotteilla<\/li><li>Harjoittelulegginsej\u00e4 ei saa silitt\u00e4\u00e4 tai valkaista<\/li><\/ul>\t\t\t\t\t\t\t\t<\/div>\n\t\t\t\t<\/div>\n\t\t\t\t\t<\/div>\n\t\t<\/div>\n\t\t\t\t<div class=\"elementor-column elementor-col-50 elementor-top-column elementor-element elementor-element-3072db2\" data-id=\"3072db2\" data-element_type=\"column\" data-e-type=\"column\">\n\t\t\t<div class=\"elementor-widget-wrap elementor-element-populated\">\n\t\t\t\t\t\t<div class=\"elementor-element elementor-element-9e964bc elementor-widget elementor-widget-image\" data-id=\"9e964bc\" data-element_type=\"widget\" data-e-type=\"widget\" data-widget_type=\"image.default\">\n\t\t\t\t<div class=\"elementor-widget-container\">\n\t\t\t\t\t\t\t\t\t\t\t\t\t\t\t<img decoding=\"async\" width=\"807\" height=\"1024\" src=\"https:\/\/beebipai.ee\/wp-content\/uploads\/2022\/06\/Cadenshae-korge-pihaga-treeningpuksid4-807x1024.jpg\" class=\"attachment-large size-large wp-image-4417\" alt=\"\" srcset=\"https:\/\/beebipai.ee\/wp-content\/uploads\/2022\/06\/Cadenshae-korge-pihaga-treeningpuksid4-807x1024.jpg 807w, https:\/\/beebipai.ee\/wp-content\/uploads\/2022\/06\/Cadenshae-korge-pihaga-treeningpuksid4-e1655193513876-237x300.jpg 237w, https:\/\/beebipai.ee\/wp-content\/uploads\/2022\/06\/Cadenshae-korge-pihaga-treeningpuksid4-768x974.jpg 768w, https:\/\/beebipai.ee\/wp-content\/uploads\/2022\/06\/Cadenshae-korge-pihaga-treeningpuksid4-1211x1536.jpg 1211w, https:\/\/beebipai.ee\/wp-content\/uploads\/2022\/06\/Cadenshae-korge-pihaga-treeningpuksid4-e1655193513876-9x12.jpg 9w, https:\/\/beebipai.ee\/wp-content\/uploads\/2022\/06\/Cadenshae-korge-pihaga-treeningpuksid4-600x761.jpg 600w, https:\/\/beebipai.ee\/wp-content\/uploads\/2022\/06\/Cadenshae-korge-pihaga-treeningpuksid4-e1655193513876.jpg 400w\" sizes=\"(max-width: 807px) 100vw, 807px\" \/>\t\t\t\t\t\t\t\t\t\t\t\t\t\t\t<\/div>\n\t\t\t\t<\/div>\n\t\t\t\t\t<\/div>\n\t\t<\/div>\n\t\t\t\t\t<\/div>\n\t\t<\/section>\n\t\t\t\t<\/div>","protected":false},"excerpt":{"rendered":"<p>Cadenshaen korkeavy\u00f6t\u00e4r\u00f6iset harjoitushousut sopivat ihanteellisesti synnytyksen j\u00e4lkeiseen harjoitteluun. Tukea synnytyksen j\u00e4lkeisi\u00e4 korsettilihaksia ja auttaa v\u00e4hent\u00e4m\u00e4\u00e4n diastaasia. Mukava ja k\u00e4yt\u00e4nn\u00f6llinen my\u00f6s jokap\u00e4iv\u00e4iseen k\u00e4ytt\u00f6\u00f6n.<\/p>","protected":false},"featured_media":4413,"template":"","meta":{"_monsterinsights_skip_tracking":false,"_monsterinsights_sitenote_active":false,"_monsterinsights_sitenote_note":"","_monsterinsights_sitenote_category":0,"site-sidebar-layout":"no-sidebar","site-content-layout":"page-builder","ast-site-content-layout":"full-width-container","site-content-style":"unboxed","site-sidebar-style":"unboxed","ast-global-header-display":"","ast-banner-title-visibility":"","ast-main-header-display":"","ast-hfb-above-header-display":"","ast-hfb-below-header-display":"","ast-hfb-mobile-header-display":"","site-post-title":"disabled","ast-breadcrumbs-content":"","ast-featured-img":"disabled","footer-sml-layout":"","ast-disable-related-posts":"","theme-transparent-header-meta":"default","adv-header-id-meta":"","stick-header-meta":"","header-above-stick-meta":"","header-main-stick-meta":"","header-below-stick-meta":"","astra-migrate-meta-layouts":"set","ast-page-background-enabled":"default","ast-page-background-meta":{"desktop":{"background-color":"","background-image":"","background-repeat":"repeat","background-position":"center center","background-size":"auto","background-attachment":"scroll","background-type":"","background-media":"","overlay-type":"","overlay-color":"","overlay-opacity":"","overlay-gradient":""},"tablet":{"background-color":"","background-image":"","background-repeat":"repeat","background-position":"center center","background-size":"auto","background-attachment":"scroll","background-type":"","background-media":"","overlay-type":"","overlay-color":"","overlay-opacity":"","overlay-gradient":""},"mobile":{"background-color":"","background-image":"","background-repeat":"repeat","background-position":"center center","background-size":"auto","background-attachment":"scroll","background-type":"","background-media":"","overlay-type":"","overlay-color":"","overlay-opacity":"","overlay-gradient":""}},"ast-content-background-meta":{"desktop":{"background-color":"var(--ast-global-color-5)","background-image":"","background-repeat":"repeat","background-position":"center center","background-size":"auto","background-attachment":"scroll","background-type":"","background-media":"","overlay-type":"","overlay-color":"","overlay-opacity":"","overlay-gradient":""},"tablet":{"background-color":"var(--ast-global-color-5)","background-image":"","background-repeat":"repeat","background-position":"center center","background-size":"auto","background-attachment":"scroll","background-type":"","background-media":"","overlay-type":"","overlay-color":"","overlay-opacity":"","overlay-gradient":""},"mobile":{"background-color":"var(--ast-global-color-5)","background-image":"","background-repeat":"repeat","background-position":"center center","background-size":"auto","background-attachment":"scroll","background-type":"","background-media":"","overlay-type":"","overlay-color":"","overlay-opacity":"","overlay-gradient":""}}},"product_brand":[],"product_cat":[22,105,133],"product_tag":[],"class_list":{"0":"post-4407","1":"product","2":"type-product","3":"status-publish","4":"has-post-thumbnail","6":"product_cat-emale","7":"product_cat-treening","8":"product_cat-riided-rasedatele-ja-rinnaga-toitvatele-emadele","9":"desktop-align-left","10":"tablet-align-left","11":"mobile-align-left","13":"first","14":"instock","15":"sale","16":"taxable","17":"shipping-taxable","18":"purchasable","19":"product-type-variable"},"yoast_head":"<!-- This site is optimized with the Yoast SEO plugin v27.4 - https:\/\/yoast.com\/product\/yoast-seo-wordpress\/ -->\n<title>Cadenshae k\u00f5rge pihaga retuusid s\u00fcnnitusj\u00e4rgseks perioodiks - Beebipai<\/title>\n<meta name=\"description\" content=\"Cadenshae k\u00f5rge pihaga treeningp\u00fcksid on ideaalsed treenimiseks s\u00fcnnitusj\u00e4rgses perioodis. Vaata toodet Cadensha k\u00f5rge pihaga treeningp\u00fcksid!\" \/>\n<meta name=\"robots\" content=\"index, follow, max-snippet:-1, max-image-preview:large, max-video-preview:-1\" \/>\n<link rel=\"canonical\" href=\"https:\/\/beebipai.ee\/fi\/product\/cadenshae-korge-pihaga-treeningpuksid\/\" \/>\n<meta property=\"og:locale\" content=\"fi_FI\" \/>\n<meta property=\"og:type\" content=\"article\" \/>\n<meta property=\"og:title\" content=\"Cadenshae k\u00f5rge pihaga retuusid s\u00fcnnitusj\u00e4rgseks perioodiks - Beebipai\" \/>\n<meta property=\"og:description\" content=\"Cadenshae k\u00f5rge pihaga treeningp\u00fcksid on ideaalsed treenimiseks s\u00fcnnitusj\u00e4rgses perioodis. Vaata toodet Cadensha k\u00f5rge pihaga treeningp\u00fcksid!\" \/>\n<meta property=\"og:url\" content=\"https:\/\/beebipai.ee\/fi\/product\/cadenshae-korge-pihaga-treeningpuksid\/\" \/>\n<meta property=\"og:site_name\" content=\"Beebipai\" \/>\n<meta property=\"article:modified_time\" content=\"2025-10-14T15:35:44+00:00\" \/>\n<meta property=\"og:image\" content=\"https:\/\/beebipai.ee\/wp-content\/uploads\/2022\/06\/Cadenshae-korge-pihaga-treeningpuksid.jpg\" \/>\n\t<meta property=\"og:image:width\" content=\"1576\" \/>\n\t<meta property=\"og:image:height\" content=\"1999\" \/>\n\t<meta property=\"og:image:type\" content=\"image\/jpeg\" \/>\n<meta name=\"twitter:card\" content=\"summary_large_image\" \/>\n<meta name=\"twitter:label1\" content=\"Arvioitu lukuaika\" \/>\n\t<meta name=\"twitter:data1\" content=\"3 minuuttia\" \/>\n<script type=\"application\/ld+json\" class=\"yoast-schema-graph\">{\"@context\":\"https:\\\/\\\/schema.org\",\"@graph\":[{\"@type\":\"WebPage\",\"@id\":\"https:\\\/\\\/beebipai.ee\\\/product\\\/cadenshae-korge-pihaga-treeningpuksid\\\/\",\"url\":\"https:\\\/\\\/beebipai.ee\\\/product\\\/cadenshae-korge-pihaga-treeningpuksid\\\/\",\"name\":\"Cadenshae k\u00f5rge pihaga retuusid s\u00fcnnitusj\u00e4rgseks perioodiks - Beebipai\",\"isPartOf\":{\"@id\":\"https:\\\/\\\/beebipai.ee\\\/en\\\/#website\"},\"primaryImageOfPage\":{\"@id\":\"https:\\\/\\\/beebipai.ee\\\/product\\\/cadenshae-korge-pihaga-treeningpuksid\\\/#primaryimage\"},\"image\":{\"@id\":\"https:\\\/\\\/beebipai.ee\\\/product\\\/cadenshae-korge-pihaga-treeningpuksid\\\/#primaryimage\"},\"thumbnailUrl\":\"https:\\\/\\\/beebipai.ee\\\/wp-content\\\/uploads\\\/2022\\\/06\\\/Cadenshae-korge-pihaga-treeningpuksid.jpg\",\"datePublished\":\"2022-06-14T07:00:29+00:00\",\"dateModified\":\"2025-10-14T15:35:44+00:00\",\"description\":\"Cadenshae k\u00f5rge pihaga treeningp\u00fcksid on ideaalsed treenimiseks s\u00fcnnitusj\u00e4rgses perioodis. Vaata toodet Cadensha k\u00f5rge pihaga treeningp\u00fcksid!\",\"breadcrumb\":{\"@id\":\"https:\\\/\\\/beebipai.ee\\\/product\\\/cadenshae-korge-pihaga-treeningpuksid\\\/#breadcrumb\"},\"inLanguage\":\"fi\",\"potentialAction\":[{\"@type\":\"ReadAction\",\"target\":[\"https:\\\/\\\/beebipai.ee\\\/product\\\/cadenshae-korge-pihaga-treeningpuksid\\\/\"]}]},{\"@type\":\"ImageObject\",\"inLanguage\":\"fi\",\"@id\":\"https:\\\/\\\/beebipai.ee\\\/product\\\/cadenshae-korge-pihaga-treeningpuksid\\\/#primaryimage\",\"url\":\"https:\\\/\\\/beebipai.ee\\\/wp-content\\\/uploads\\\/2022\\\/06\\\/Cadenshae-korge-pihaga-treeningpuksid.jpg\",\"contentUrl\":\"https:\\\/\\\/beebipai.ee\\\/wp-content\\\/uploads\\\/2022\\\/06\\\/Cadenshae-korge-pihaga-treeningpuksid.jpg\",\"width\":1576,\"height\":1999},{\"@type\":\"BreadcrumbList\",\"@id\":\"https:\\\/\\\/beebipai.ee\\\/product\\\/cadenshae-korge-pihaga-treeningpuksid\\\/#breadcrumb\",\"itemListElement\":[{\"@type\":\"ListItem\",\"position\":1,\"name\":\"Home\",\"item\":\"https:\\\/\\\/beebipai.ee\\\/\"},{\"@type\":\"ListItem\",\"position\":2,\"name\":\"Pood\",\"item\":\"https:\\\/\\\/beebipai.ee\\\/store\\\/\"},{\"@type\":\"ListItem\",\"position\":3,\"name\":\"Cadenshae k\u00f5rge pihaga retuusid s\u00fcnnitusj\u00e4rgseks perioodiks\"}]},{\"@type\":\"WebSite\",\"@id\":\"https:\\\/\\\/beebipai.ee\\\/en\\\/#website\",\"url\":\"https:\\\/\\\/beebipai.ee\\\/en\\\/\",\"name\":\"Beebipai\",\"description\":\"Rasedate ja beebide veebipood\",\"potentialAction\":[{\"@type\":\"SearchAction\",\"target\":{\"@type\":\"EntryPoint\",\"urlTemplate\":\"https:\\\/\\\/beebipai.ee\\\/en\\\/?s={search_term_string}\"},\"query-input\":{\"@type\":\"PropertyValueSpecification\",\"valueRequired\":true,\"valueName\":\"search_term_string\"}}],\"inLanguage\":\"fi\"}]}<\/script>\n<!-- \/ Yoast SEO plugin. -->","yoast_head_json":{"title":"Cadenshae k\u00f5rge pihaga retuusid s\u00fcnnitusj\u00e4rgseks perioodiks - Beebipai","description":"Cadenshae k\u00f5rge pihaga treeningp\u00fcksid on ideaalsed treenimiseks s\u00fcnnitusj\u00e4rgses perioodis. Vaata toodet Cadensha k\u00f5rge pihaga treeningp\u00fcksid!","robots":{"index":"index","follow":"follow","max-snippet":"max-snippet:-1","max-image-preview":"max-image-preview:large","max-video-preview":"max-video-preview:-1"},"canonical":"https:\/\/beebipai.ee\/fi\/product\/cadenshae-korge-pihaga-treeningpuksid\/","og_locale":"fi_FI","og_type":"article","og_title":"Cadenshae k\u00f5rge pihaga retuusid s\u00fcnnitusj\u00e4rgseks perioodiks - Beebipai","og_description":"Cadenshae k\u00f5rge pihaga treeningp\u00fcksid on ideaalsed treenimiseks s\u00fcnnitusj\u00e4rgses perioodis. Vaata toodet Cadensha k\u00f5rge pihaga treeningp\u00fcksid!","og_url":"https:\/\/beebipai.ee\/fi\/product\/cadenshae-korge-pihaga-treeningpuksid\/","og_site_name":"Beebipai","article_modified_time":"2025-10-14T15:35:44+00:00","og_image":[{"width":1576,"height":1999,"url":"https:\/\/beebipai.ee\/wp-content\/uploads\/2022\/06\/Cadenshae-korge-pihaga-treeningpuksid.jpg","type":"image\/jpeg"}],"twitter_card":"summary_large_image","twitter_misc":{"Arvioitu lukuaika":"3 minuuttia"},"schema":{"@context":"https:\/\/schema.org","@graph":[{"@type":"WebPage","@id":"https:\/\/beebipai.ee\/product\/cadenshae-korge-pihaga-treeningpuksid\/","url":"https:\/\/beebipai.ee\/product\/cadenshae-korge-pihaga-treeningpuksid\/","name":"Cadenshae k\u00f5rge pihaga retuusid s\u00fcnnitusj\u00e4rgseks perioodiks - Beebipai","isPartOf":{"@id":"https:\/\/beebipai.ee\/en\/#website"},"primaryImageOfPage":{"@id":"https:\/\/beebipai.ee\/product\/cadenshae-korge-pihaga-treeningpuksid\/#primaryimage"},"image":{"@id":"https:\/\/beebipai.ee\/product\/cadenshae-korge-pihaga-treeningpuksid\/#primaryimage"},"thumbnailUrl":"https:\/\/beebipai.ee\/wp-content\/uploads\/2022\/06\/Cadenshae-korge-pihaga-treeningpuksid.jpg","datePublished":"2022-06-14T07:00:29+00:00","dateModified":"2025-10-14T15:35:44+00:00","description":"Cadenshae k\u00f5rge pihaga treeningp\u00fcksid on ideaalsed treenimiseks s\u00fcnnitusj\u00e4rgses perioodis. Vaata toodet Cadensha k\u00f5rge pihaga treeningp\u00fcksid!","breadcrumb":{"@id":"https:\/\/beebipai.ee\/product\/cadenshae-korge-pihaga-treeningpuksid\/#breadcrumb"},"inLanguage":"fi","potentialAction":[{"@type":"ReadAction","target":["https:\/\/beebipai.ee\/product\/cadenshae-korge-pihaga-treeningpuksid\/"]}]},{"@type":"ImageObject","inLanguage":"fi","@id":"https:\/\/beebipai.ee\/product\/cadenshae-korge-pihaga-treeningpuksid\/#primaryimage","url":"https:\/\/beebipai.ee\/wp-content\/uploads\/2022\/06\/Cadenshae-korge-pihaga-treeningpuksid.jpg","contentUrl":"https:\/\/beebipai.ee\/wp-content\/uploads\/2022\/06\/Cadenshae-korge-pihaga-treeningpuksid.jpg","width":1576,"height":1999},{"@type":"BreadcrumbList","@id":"https:\/\/beebipai.ee\/product\/cadenshae-korge-pihaga-treeningpuksid\/#breadcrumb","itemListElement":[{"@type":"ListItem","position":1,"name":"Home","item":"https:\/\/beebipai.ee\/"},{"@type":"ListItem","position":2,"name":"Pood","item":"https:\/\/beebipai.ee\/store\/"},{"@type":"ListItem","position":3,"name":"Cadenshae k\u00f5rge pihaga retuusid s\u00fcnnitusj\u00e4rgseks perioodiks"}]},{"@type":"WebSite","@id":"https:\/\/beebipai.ee\/en\/#website","url":"https:\/\/beebipai.ee\/en\/","name":"Beebipai","description":"Rasedate ja beebide veebipood","potentialAction":[{"@type":"SearchAction","target":{"@type":"EntryPoint","urlTemplate":"https:\/\/beebipai.ee\/en\/?s={search_term_string}"},"query-input":{"@type":"PropertyValueSpecification","valueRequired":true,"valueName":"search_term_string"}}],"inLanguage":"fi"}]}},"_links":{"self":[{"href":"https:\/\/beebipai.ee\/fi\/wp-json\/wp\/v2\/product\/4407","targetHints":{"allow":["GET"]}}],"collection":[{"href":"https:\/\/beebipai.ee\/fi\/wp-json\/wp\/v2\/product"}],"about":[{"href":"https:\/\/beebipai.ee\/fi\/wp-json\/wp\/v2\/types\/product"}],"version-history":[{"count":5,"href":"https:\/\/beebipai.ee\/fi\/wp-json\/wp\/v2\/product\/4407\/revisions"}],"predecessor-version":[{"id":10703,"href":"https:\/\/beebipai.ee\/fi\/wp-json\/wp\/v2\/product\/4407\/revisions\/10703"}],"wp:featuredmedia":[{"embeddable":true,"href":"https:\/\/beebipai.ee\/fi\/wp-json\/wp\/v2\/media\/4413"}],"wp:attachment":[{"href":"https:\/\/beebipai.ee\/fi\/wp-json\/wp\/v2\/media?parent=4407"}],"wp:term":[{"taxonomy":"product_brand","embeddable":true,"href":"https:\/\/beebipai.ee\/fi\/wp-json\/wp\/v2\/product_brand?post=4407"},{"taxonomy":"product_cat","embeddable":true,"href":"https:\/\/beebipai.ee\/fi\/wp-json\/wp\/v2\/product_cat?post=4407"},{"taxonomy":"product_tag","embeddable":true,"href":"https:\/\/beebipai.ee\/fi\/wp-json\/wp\/v2\/product_tag?post=4407"}],"curies":[{"name":"wp","href":"https:\/\/api.w.org\/{rel}","templated":true}]}}