{"id":4277,"date":"2022-06-08T23:56:06","date_gmt":"2022-06-08T20:56:06","guid":{"rendered":"https:\/\/beebipai.ee\/?post_type=product&#038;p=4277"},"modified":"2022-06-28T23:07:16","modified_gmt":"2022-06-28T20:07:16","slug":"gabriella-meditsiinilised-polvikud-20-den","status":"publish","type":"product","link":"https:\/\/beebipai.ee\/fi\/product\/gabriella-meditsiinilised-polvikud-20-den\/","title":{"rendered":"Gabriella l\u00e4\u00e4ketieteelliset polvisuojat, 20 den"},"content":{"rendered":"<div data-elementor-type=\"wp-post\" data-elementor-id=\"4277\" class=\"elementor elementor-4277\">\n\t\t\t\t\t\t<section class=\"elementor-section elementor-top-section elementor-element elementor-element-51a1ab0 elementor-section-boxed elementor-section-height-default elementor-section-height-default\" data-id=\"51a1ab0\" data-element_type=\"section\" data-e-type=\"section\">\n\t\t\t\t\t\t<div class=\"elementor-container elementor-column-gap-default\">\n\t\t\t\t\t<div class=\"elementor-column elementor-col-50 elementor-top-column elementor-element elementor-element-ff8fb39\" data-id=\"ff8fb39\" data-element_type=\"column\" data-e-type=\"column\">\n\t\t\t<div class=\"elementor-widget-wrap elementor-element-populated\">\n\t\t\t\t\t\t<div class=\"elementor-element elementor-element-9f19eee elementor-widget elementor-widget-heading\" data-id=\"9f19eee\" data-element_type=\"widget\" data-e-type=\"widget\" data-widget_type=\"heading.default\">\n\t\t\t\t<div class=\"elementor-widget-container\">\n\t\t\t\t\t<h2 class=\"elementor-heading-title elementor-size-default\">Gabriellan l\u00e4\u00e4ketieteelliset polvisuojat Aloe Vera -uutteella<\/h2>\t\t\t\t<\/div>\n\t\t\t\t<\/div>\n\t\t\t\t<div class=\"elementor-element elementor-element-3aa2c36 elementor-widget elementor-widget-text-editor\" data-id=\"3aa2c36\" data-element_type=\"widget\" data-e-type=\"widget\" data-widget_type=\"text-editor.default\">\n\t\t\t\t<div class=\"elementor-widget-container\">\n\t\t\t\t\t\t\t\t\t<p>Gabriellan l\u00e4\u00e4ketieteellisill\u00e4 polvisuojilla on ennaltaehk\u00e4isev\u00e4 vaikutus jalkojen turvotuksen ja raskaisiin jalkoihin liittyv\u00e4n ep\u00e4mukavuuden est\u00e4miseksi. Pohjan alla oleva erityinen pehmuste stimuloi veren- ja imusolmukkeiden kiertoa, mik\u00e4 tekee liikkumisesta helppoa. Polvisuojat on valmistettu korkealaatuisimmasta materiaalista, mik\u00e4 tekee niist\u00e4 mukavia, laadukkaita ja kest\u00e4vi\u00e4. Litte\u00e4t saumat eiv\u00e4t uurru tai aiheuta kipua. Polvisuojat sis\u00e4lt\u00e4v\u00e4t Aloe Vera -uutetta, joka lis\u00e4\u00e4 polvilleen pehmeytt\u00e4 ja raikkautta. Jalat pysyv\u00e4t puhtaina ja kuivina. Aloe veralla on my\u00f6s antibakteerinen vaikutus.\u00a0<\/p><p>Jotta polvet pysyv\u00e4t tervein\u00e4 ja kauniina pitk\u00e4\u00e4n, on t\u00e4rke\u00e4\u00e4 pit\u00e4\u00e4 niist\u00e4 huolta. S\u00e4ilytt\u00e4\u00e4ksesi kirkkaan v\u00e4rin, muodon ja ulkon\u00e4\u00f6n pese polvisuojat joko:<\/p><ul><li>k\u00e4sinpesu miedolla pesuaineella l\u00e4mpim\u00e4ss\u00e4 vedess\u00e4 ja huuhtele kylm\u00e4ll\u00e4 vedell\u00e4. On suositeltavaa olla v\u00e4\u00e4nt\u00e4m\u00e4tt\u00e4 polvia.<\/li><li>pesukoneessa hell\u00e4varaisella, 30 asteen pesuohjelmalla. T\u00e4ss\u00e4 olisi t\u00e4rke\u00e4\u00e4 laittaa polvet erityiseen pyykkipussiin, jotta ne eiv\u00e4t veny. Pyykkipussin puuttuessa voit k\u00e4ytt\u00e4\u00e4 esimerkiksi tyynyliinaa. Annostele my\u00f6s pesuaineita oikein. Liian paljon pesu- tai huuhtelukirkastetta voi j\u00e4tt\u00e4\u00e4 polviin valkoisia t\u00e4pli\u00e4.<\/li><\/ul>\t\t\t\t\t\t\t\t<\/div>\n\t\t\t\t<\/div>\n\t\t\t\t\t<\/div>\n\t\t<\/div>\n\t\t\t\t<div class=\"elementor-column elementor-col-50 elementor-top-column elementor-element elementor-element-095aad4\" data-id=\"095aad4\" data-element_type=\"column\" data-e-type=\"column\">\n\t\t\t<div class=\"elementor-widget-wrap elementor-element-populated\">\n\t\t\t\t\t\t<div class=\"elementor-element elementor-element-b095243 elementor-widget elementor-widget-image\" data-id=\"b095243\" data-element_type=\"widget\" data-e-type=\"widget\" data-widget_type=\"image.default\">\n\t\t\t\t<div class=\"elementor-widget-container\">\n\t\t\t\t\t\t\t\t\t\t\t\t\t\t\t<img fetchpriority=\"high\" decoding=\"async\" width=\"337\" height=\"568\" src=\"https:\/\/beebipai.ee\/wp-content\/uploads\/2022\/06\/Gabriella-meditsiinilised-sokid1.jpg\" class=\"attachment-large size-large wp-image-4268\" alt=\"\" srcset=\"https:\/\/beebipai.ee\/wp-content\/uploads\/2022\/06\/Gabriella-meditsiinilised-sokid1.jpg 337w, https:\/\/beebipai.ee\/wp-content\/uploads\/2022\/06\/Gabriella-meditsiinilised-sokid1-178x300.jpg 178w, https:\/\/beebipai.ee\/wp-content\/uploads\/2022\/06\/Gabriella-meditsiinilised-sokid1-7x12.jpg 7w\" sizes=\"(max-width: 337px) 100vw, 337px\" \/>\t\t\t\t\t\t\t\t\t\t\t\t\t\t\t<\/div>\n\t\t\t\t<\/div>\n\t\t\t\t\t<\/div>\n\t\t<\/div>\n\t\t\t\t\t<\/div>\n\t\t<\/section>\n\t\t\t\t<\/div>","protected":false},"excerpt":{"rendered":"<p>Gabriellan l\u00e4\u00e4ketieteellisill\u00e4 polvisuojilla on profylaktinen vaikutus. Jalkahieronta stimuloi veren- ja imusolmukkeiden kiertoa ja auttaa ehk\u00e4isem\u00e4\u00e4n turvotusta raskauden aikana. Hieronta auttaa my\u00f6s ehk\u00e4isem\u00e4\u00e4n niin sanottuja \"raskaita jalkoja\". Polvet on rikastettu Aloe Vera -uutteella.<\/p>","protected":false},"featured_media":4266,"template":"","meta":{"_monsterinsights_skip_tracking":false,"_monsterinsights_sitenote_active":false,"_monsterinsights_sitenote_note":"","_monsterinsights_sitenote_category":0,"site-sidebar-layout":"no-sidebar","site-content-layout":"page-builder","ast-site-content-layout":"default","site-content-style":"default","site-sidebar-style":"default","ast-global-header-display":"","ast-banner-title-visibility":"","ast-main-header-display":"","ast-hfb-above-header-display":"","ast-hfb-below-header-display":"","ast-hfb-mobile-header-display":"","site-post-title":"disabled","ast-breadcrumbs-content":"","ast-featured-img":"disabled","footer-sml-layout":"","ast-disable-related-posts":"","theme-transparent-header-meta":"default","adv-header-id-meta":"","stick-header-meta":"","header-above-stick-meta":"","header-main-stick-meta":"","header-below-stick-meta":"","astra-migrate-meta-layouts":"default","ast-page-background-enabled":"default","ast-page-background-meta":{"desktop":{"background-color":"","background-image":"","background-repeat":"repeat","background-position":"center center","background-size":"auto","background-attachment":"scroll","background-type":"","background-media":"","overlay-type":"","overlay-color":"","overlay-opacity":"","overlay-gradient":""},"tablet":{"background-color":"","background-image":"","background-repeat":"repeat","background-position":"center center","background-size":"auto","background-attachment":"scroll","background-type":"","background-media":"","overlay-type":"","overlay-color":"","overlay-opacity":"","overlay-gradient":""},"mobile":{"background-color":"","background-image":"","background-repeat":"repeat","background-position":"center center","background-size":"auto","background-attachment":"scroll","background-type":"","background-media":"","overlay-type":"","overlay-color":"","overlay-opacity":"","overlay-gradient":""}},"ast-content-background-meta":{"desktop":{"background-color":"var(--ast-global-color-5)","background-image":"","background-repeat":"repeat","background-position":"center center","background-size":"auto","background-attachment":"scroll","background-type":"","background-media":"","overlay-type":"","overlay-color":"","overlay-opacity":"","overlay-gradient":""},"tablet":{"background-color":"var(--ast-global-color-5)","background-image":"","background-repeat":"repeat","background-position":"center center","background-size":"auto","background-attachment":"scroll","background-type":"","background-media":"","overlay-type":"","overlay-color":"","overlay-opacity":"","overlay-gradient":""},"mobile":{"background-color":"var(--ast-global-color-5)","background-image":"","background-repeat":"repeat","background-position":"center center","background-size":"auto","background-attachment":"scroll","background-type":"","background-media":"","overlay-type":"","overlay-color":"","overlay-opacity":"","overlay-gradient":""}}},"product_brand":[],"product_cat":[22,130],"product_tag":[],"class_list":{"0":"post-4277","1":"product","2":"type-product","3":"status-publish","4":"has-post-thumbnail","6":"product_cat-emale","7":"product_cat-sukkpuksid-polvikud-sokid","8":"desktop-align-left","9":"tablet-align-left","10":"mobile-align-left","12":"first","13":"instock","14":"taxable","15":"shipping-taxable","16":"purchasable","17":"product-type-variable"},"yoast_head":"<!-- This site is optimized with the Yoast SEO plugin v27.4 - https:\/\/yoast.com\/product\/yoast-seo-wordpress\/ -->\n<title>Gabriella meditsiinilised p\u00f5lvikud, 20 den - Beebipai<\/title>\n<meta name=\"description\" content=\"Gabriella meditsiinilised p\u00f5lvikud aitavad leevendada turseid ja raskeid jalgu raseduse ajal. Vaata toodet Gabriella meditsiinilised p\u00f5lvikud Beebipai poest!\" \/>\n<meta name=\"robots\" content=\"index, follow, max-snippet:-1, max-image-preview:large, max-video-preview:-1\" \/>\n<link rel=\"canonical\" href=\"https:\/\/beebipai.ee\/fi\/product\/gabriella-meditsiinilised-polvikud-20-den\/\" \/>\n<meta property=\"og:locale\" content=\"fi_FI\" \/>\n<meta property=\"og:type\" content=\"article\" \/>\n<meta property=\"og:title\" content=\"Gabriella meditsiinilised p\u00f5lvikud, 20 den - Beebipai\" \/>\n<meta property=\"og:description\" content=\"Gabriella meditsiinilised p\u00f5lvikud aitavad leevendada turseid ja raskeid jalgu raseduse ajal. Vaata toodet Gabriella meditsiinilised p\u00f5lvikud Beebipai poest!\" \/>\n<meta property=\"og:url\" content=\"https:\/\/beebipai.ee\/fi\/product\/gabriella-meditsiinilised-polvikud-20-den\/\" \/>\n<meta property=\"og:site_name\" content=\"Beebipai\" \/>\n<meta property=\"article:modified_time\" content=\"2022-06-28T20:07:16+00:00\" \/>\n<meta property=\"og:image\" content=\"https:\/\/beebipai.ee\/wp-content\/uploads\/2022\/06\/Gabriella-meditsiinilised-polvikud-e1654721562535.jpg\" \/>\n\t<meta property=\"og:image:width\" content=\"400\" \/>\n\t<meta property=\"og:image:height\" content=\"504\" \/>\n\t<meta property=\"og:image:type\" content=\"image\/jpeg\" \/>\n<meta name=\"twitter:card\" content=\"summary_large_image\" \/>\n<meta name=\"twitter:label1\" content=\"Arvioitu lukuaika\" \/>\n\t<meta name=\"twitter:data1\" content=\"1 minuutti\" \/>\n<script type=\"application\/ld+json\" class=\"yoast-schema-graph\">{\"@context\":\"https:\\\/\\\/schema.org\",\"@graph\":[{\"@type\":\"WebPage\",\"@id\":\"https:\\\/\\\/beebipai.ee\\\/ru\\\/product\\\/gabriella-meditsiinilised-polvikud-20-den\\\/\",\"url\":\"https:\\\/\\\/beebipai.ee\\\/ru\\\/product\\\/gabriella-meditsiinilised-polvikud-20-den\\\/\",\"name\":\"Gabriella meditsiinilised p\u00f5lvikud, 20 den - Beebipai\",\"isPartOf\":{\"@id\":\"https:\\\/\\\/beebipai.ee\\\/en\\\/#website\"},\"primaryImageOfPage\":{\"@id\":\"https:\\\/\\\/beebipai.ee\\\/ru\\\/product\\\/gabriella-meditsiinilised-polvikud-20-den\\\/#primaryimage\"},\"image\":{\"@id\":\"https:\\\/\\\/beebipai.ee\\\/ru\\\/product\\\/gabriella-meditsiinilised-polvikud-20-den\\\/#primaryimage\"},\"thumbnailUrl\":\"https:\\\/\\\/beebipai.ee\\\/wp-content\\\/uploads\\\/2022\\\/06\\\/Gabriella-meditsiinilised-polvikud-e1654721562535.jpg\",\"datePublished\":\"2022-06-08T20:56:06+00:00\",\"dateModified\":\"2022-06-28T20:07:16+00:00\",\"description\":\"Gabriella meditsiinilised p\u00f5lvikud aitavad leevendada turseid ja raskeid jalgu raseduse ajal. Vaata toodet Gabriella meditsiinilised p\u00f5lvikud Beebipai poest!\",\"breadcrumb\":{\"@id\":\"https:\\\/\\\/beebipai.ee\\\/ru\\\/product\\\/gabriella-meditsiinilised-polvikud-20-den\\\/#breadcrumb\"},\"inLanguage\":\"fi\",\"potentialAction\":[{\"@type\":\"ReadAction\",\"target\":[\"https:\\\/\\\/beebipai.ee\\\/ru\\\/product\\\/gabriella-meditsiinilised-polvikud-20-den\\\/\"]}]},{\"@type\":\"ImageObject\",\"inLanguage\":\"fi\",\"@id\":\"https:\\\/\\\/beebipai.ee\\\/ru\\\/product\\\/gabriella-meditsiinilised-polvikud-20-den\\\/#primaryimage\",\"url\":\"https:\\\/\\\/beebipai.ee\\\/wp-content\\\/uploads\\\/2022\\\/06\\\/Gabriella-meditsiinilised-polvikud-e1654721562535.jpg\",\"contentUrl\":\"https:\\\/\\\/beebipai.ee\\\/wp-content\\\/uploads\\\/2022\\\/06\\\/Gabriella-meditsiinilised-polvikud-e1654721562535.jpg\",\"width\":400,\"height\":504},{\"@type\":\"BreadcrumbList\",\"@id\":\"https:\\\/\\\/beebipai.ee\\\/ru\\\/product\\\/gabriella-meditsiinilised-polvikud-20-den\\\/#breadcrumb\",\"itemListElement\":[{\"@type\":\"ListItem\",\"position\":1,\"name\":\"Home\",\"item\":\"https:\\\/\\\/beebipai.ee\\\/\"},{\"@type\":\"ListItem\",\"position\":2,\"name\":\"Pood\",\"item\":\"https:\\\/\\\/beebipai.ee\\\/store\\\/\"},{\"@type\":\"ListItem\",\"position\":3,\"name\":\"Gabriella meditsiinilised p\u00f5lvikud, 20 den\"}]},{\"@type\":\"WebSite\",\"@id\":\"https:\\\/\\\/beebipai.ee\\\/en\\\/#website\",\"url\":\"https:\\\/\\\/beebipai.ee\\\/en\\\/\",\"name\":\"Beebipai\",\"description\":\"Rasedate ja beebide veebipood\",\"potentialAction\":[{\"@type\":\"SearchAction\",\"target\":{\"@type\":\"EntryPoint\",\"urlTemplate\":\"https:\\\/\\\/beebipai.ee\\\/en\\\/?s={search_term_string}\"},\"query-input\":{\"@type\":\"PropertyValueSpecification\",\"valueRequired\":true,\"valueName\":\"search_term_string\"}}],\"inLanguage\":\"fi\"}]}<\/script>\n<!-- \/ Yoast SEO plugin. -->","yoast_head_json":{"title":"Gabriella meditsiinilised p\u00f5lvikud, 20 den - Beebipai","description":"Gabriella meditsiinilised p\u00f5lvikud aitavad leevendada turseid ja raskeid jalgu raseduse ajal. Vaata toodet Gabriella meditsiinilised p\u00f5lvikud Beebipai poest!","robots":{"index":"index","follow":"follow","max-snippet":"max-snippet:-1","max-image-preview":"max-image-preview:large","max-video-preview":"max-video-preview:-1"},"canonical":"https:\/\/beebipai.ee\/fi\/product\/gabriella-meditsiinilised-polvikud-20-den\/","og_locale":"fi_FI","og_type":"article","og_title":"Gabriella meditsiinilised p\u00f5lvikud, 20 den - Beebipai","og_description":"Gabriella meditsiinilised p\u00f5lvikud aitavad leevendada turseid ja raskeid jalgu raseduse ajal. Vaata toodet Gabriella meditsiinilised p\u00f5lvikud Beebipai poest!","og_url":"https:\/\/beebipai.ee\/fi\/product\/gabriella-meditsiinilised-polvikud-20-den\/","og_site_name":"Beebipai","article_modified_time":"2022-06-28T20:07:16+00:00","og_image":[{"width":400,"height":504,"url":"https:\/\/beebipai.ee\/wp-content\/uploads\/2022\/06\/Gabriella-meditsiinilised-polvikud-e1654721562535.jpg","type":"image\/jpeg"}],"twitter_card":"summary_large_image","twitter_misc":{"Arvioitu lukuaika":"1 minuutti"},"schema":{"@context":"https:\/\/schema.org","@graph":[{"@type":"WebPage","@id":"https:\/\/beebipai.ee\/ru\/product\/gabriella-meditsiinilised-polvikud-20-den\/","url":"https:\/\/beebipai.ee\/ru\/product\/gabriella-meditsiinilised-polvikud-20-den\/","name":"Gabriella meditsiinilised p\u00f5lvikud, 20 den - Beebipai","isPartOf":{"@id":"https:\/\/beebipai.ee\/en\/#website"},"primaryImageOfPage":{"@id":"https:\/\/beebipai.ee\/ru\/product\/gabriella-meditsiinilised-polvikud-20-den\/#primaryimage"},"image":{"@id":"https:\/\/beebipai.ee\/ru\/product\/gabriella-meditsiinilised-polvikud-20-den\/#primaryimage"},"thumbnailUrl":"https:\/\/beebipai.ee\/wp-content\/uploads\/2022\/06\/Gabriella-meditsiinilised-polvikud-e1654721562535.jpg","datePublished":"2022-06-08T20:56:06+00:00","dateModified":"2022-06-28T20:07:16+00:00","description":"Gabriella meditsiinilised p\u00f5lvikud aitavad leevendada turseid ja raskeid jalgu raseduse ajal. Vaata toodet Gabriella meditsiinilised p\u00f5lvikud Beebipai poest!","breadcrumb":{"@id":"https:\/\/beebipai.ee\/ru\/product\/gabriella-meditsiinilised-polvikud-20-den\/#breadcrumb"},"inLanguage":"fi","potentialAction":[{"@type":"ReadAction","target":["https:\/\/beebipai.ee\/ru\/product\/gabriella-meditsiinilised-polvikud-20-den\/"]}]},{"@type":"ImageObject","inLanguage":"fi","@id":"https:\/\/beebipai.ee\/ru\/product\/gabriella-meditsiinilised-polvikud-20-den\/#primaryimage","url":"https:\/\/beebipai.ee\/wp-content\/uploads\/2022\/06\/Gabriella-meditsiinilised-polvikud-e1654721562535.jpg","contentUrl":"https:\/\/beebipai.ee\/wp-content\/uploads\/2022\/06\/Gabriella-meditsiinilised-polvikud-e1654721562535.jpg","width":400,"height":504},{"@type":"BreadcrumbList","@id":"https:\/\/beebipai.ee\/ru\/product\/gabriella-meditsiinilised-polvikud-20-den\/#breadcrumb","itemListElement":[{"@type":"ListItem","position":1,"name":"Home","item":"https:\/\/beebipai.ee\/"},{"@type":"ListItem","position":2,"name":"Pood","item":"https:\/\/beebipai.ee\/store\/"},{"@type":"ListItem","position":3,"name":"Gabriella meditsiinilised p\u00f5lvikud, 20 den"}]},{"@type":"WebSite","@id":"https:\/\/beebipai.ee\/en\/#website","url":"https:\/\/beebipai.ee\/en\/","name":"Beebipai","description":"Rasedate ja beebide veebipood","potentialAction":[{"@type":"SearchAction","target":{"@type":"EntryPoint","urlTemplate":"https:\/\/beebipai.ee\/en\/?s={search_term_string}"},"query-input":{"@type":"PropertyValueSpecification","valueRequired":true,"valueName":"search_term_string"}}],"inLanguage":"fi"}]}},"_links":{"self":[{"href":"https:\/\/beebipai.ee\/fi\/wp-json\/wp\/v2\/product\/4277","targetHints":{"allow":["GET"]}}],"collection":[{"href":"https:\/\/beebipai.ee\/fi\/wp-json\/wp\/v2\/product"}],"about":[{"href":"https:\/\/beebipai.ee\/fi\/wp-json\/wp\/v2\/types\/product"}],"version-history":[{"count":5,"href":"https:\/\/beebipai.ee\/fi\/wp-json\/wp\/v2\/product\/4277\/revisions"}],"predecessor-version":[{"id":5039,"href":"https:\/\/beebipai.ee\/fi\/wp-json\/wp\/v2\/product\/4277\/revisions\/5039"}],"wp:featuredmedia":[{"embeddable":true,"href":"https:\/\/beebipai.ee\/fi\/wp-json\/wp\/v2\/media\/4266"}],"wp:attachment":[{"href":"https:\/\/beebipai.ee\/fi\/wp-json\/wp\/v2\/media?parent=4277"}],"wp:term":[{"taxonomy":"product_brand","embeddable":true,"href":"https:\/\/beebipai.ee\/fi\/wp-json\/wp\/v2\/product_brand?post=4277"},{"taxonomy":"product_cat","embeddable":true,"href":"https:\/\/beebipai.ee\/fi\/wp-json\/wp\/v2\/product_cat?post=4277"},{"taxonomy":"product_tag","embeddable":true,"href":"https:\/\/beebipai.ee\/fi\/wp-json\/wp\/v2\/product_tag?post=4277"}],"curies":[{"name":"wp","href":"https:\/\/api.w.org\/{rel}","templated":true}]}}