{"id":4262,"date":"2022-06-08T23:30:49","date_gmt":"2022-06-08T20:30:49","guid":{"rendered":"https:\/\/beebipai.ee\/?post_type=product&#038;p=4262"},"modified":"2022-06-28T23:56:47","modified_gmt":"2022-06-28T20:56:47","slug":"meditsiinilised-sokid-aloe-vera-ekstraktiga-20den","status":"publish","type":"product","link":"https:\/\/beebipai.ee\/fi\/product\/meditsiinilised-sokid-aloe-vera-ekstraktiga-20den\/","title":{"rendered":"Meditsiinilised sokid Aloe Vera ekstraktiga, 20den"},"content":{"rendered":"<div data-elementor-type=\"wp-post\" data-elementor-id=\"4262\" class=\"elementor elementor-4262\">\n\t\t\t\t\t\t<section class=\"elementor-section elementor-top-section elementor-element elementor-element-b44455a elementor-section-boxed elementor-section-height-default elementor-section-height-default\" data-id=\"b44455a\" data-element_type=\"section\" data-e-type=\"section\">\n\t\t\t\t\t\t<div class=\"elementor-container elementor-column-gap-default\">\n\t\t\t\t\t<div class=\"elementor-column elementor-col-50 elementor-top-column elementor-element elementor-element-f7bfbd0\" data-id=\"f7bfbd0\" data-element_type=\"column\" data-e-type=\"column\">\n\t\t\t<div class=\"elementor-widget-wrap elementor-element-populated\">\n\t\t\t\t\t\t<div class=\"elementor-element elementor-element-b63e54e elementor-widget elementor-widget-heading\" data-id=\"b63e54e\" data-element_type=\"widget\" data-e-type=\"widget\" data-widget_type=\"heading.default\">\n\t\t\t\t<div class=\"elementor-widget-container\">\n\t\t\t\t\t<h2 class=\"elementor-heading-title elementor-size-default\">Gabriella meditsiinilised sokid Aloe Vera ekstraktiga<\/h2>\t\t\t\t<\/div>\n\t\t\t\t<\/div>\n\t\t\t\t<div class=\"elementor-element elementor-element-9e0bada elementor-widget elementor-widget-text-editor\" data-id=\"9e0bada\" data-element_type=\"widget\" data-e-type=\"widget\" data-widget_type=\"text-editor.default\">\n\t\t\t\t<div class=\"elementor-widget-container\">\n\t\t\t\t\t\t\t\t\t<p>Gabriella meditsiinilised sokid on prof\u00fclaktilise toimega ennetamaks jalaturseid ja raskete jalgadega seotud ebameeldivusi. Tallaalune spetsiaalne padjand stimuleerib vere- ja l\u00fcmfiringet, tehes liikumise kergeks. Sokid on valmistatud k\u00f5rgeima kvaliteediga materjalist, mis teeb nad mugavaks, kvaliteetseks ja vastupidavaks. Lamedad \u00f5mblused ei sooni ega tekita valu. Sokid sisaldavad Aloe Vera ekstrakti, mis lisavad sokkidele pehmuse ja v\u00e4rskuse. Jalad j\u00e4\u00e4vad puhtaks ja kuivaks. Samuti m\u00f5jub Aloe Vera antibakteriaalselt.\u00a0<\/p><p>Et sokid p\u00fcsiksid kaua terved ja kaunid, on oluline nende hooldus. S\u00e4rava v\u00e4rvi, vormi ja v\u00e4limuse s\u00e4ilitamiseks pese sokke kas:<\/p><ul><li>k\u00e4sitsi pesuvahendiga kergelt soojas vees ning loputa k\u00fclma veega. Sokke on soovitatav mitte v\u00e4\u00e4nata.<\/li><li>pesumasinas, kasutades \u00f5rna, 30-kraadist pesuprogrammi. Oluline oleks siinkohal panna sokid spetsiaalsesse pesukotti, et v\u00e4ltida nende v\u00e4lja venimist. Pesukoti puudumisel, saab kasutada n\u00e4iteks padjap\u00fc\u00fcri. Doseeri \u00f5igesti ka pesuvahendeid. Liiga suur pesuvahendi v\u00f5i loputusvedeliku hulk v\u00f5ib sokkidele j\u00e4tta valged laigud<\/li><\/ul>\t\t\t\t\t\t\t\t<\/div>\n\t\t\t\t<\/div>\n\t\t\t\t\t<\/div>\n\t\t<\/div>\n\t\t\t\t<div class=\"elementor-column elementor-col-50 elementor-top-column elementor-element elementor-element-d068df2\" data-id=\"d068df2\" data-element_type=\"column\" data-e-type=\"column\">\n\t\t\t<div class=\"elementor-widget-wrap elementor-element-populated\">\n\t\t\t\t\t\t<div class=\"elementor-element elementor-element-356d701 elementor-widget elementor-widget-image\" data-id=\"356d701\" data-element_type=\"widget\" data-e-type=\"widget\" data-widget_type=\"image.default\">\n\t\t\t\t<div class=\"elementor-widget-container\">\n\t\t\t\t\t\t\t\t\t\t\t\t\t\t\t<img fetchpriority=\"high\" decoding=\"async\" width=\"337\" height=\"568\" src=\"https:\/\/beebipai.ee\/wp-content\/uploads\/2022\/06\/Gabriella-meditsiinilised-sokid1.jpg\" class=\"attachment-large size-large wp-image-4268\" alt=\"\" srcset=\"https:\/\/beebipai.ee\/wp-content\/uploads\/2022\/06\/Gabriella-meditsiinilised-sokid1.jpg 337w, https:\/\/beebipai.ee\/wp-content\/uploads\/2022\/06\/Gabriella-meditsiinilised-sokid1-178x300.jpg 178w, https:\/\/beebipai.ee\/wp-content\/uploads\/2022\/06\/Gabriella-meditsiinilised-sokid1-7x12.jpg 7w\" sizes=\"(max-width: 337px) 100vw, 337px\" \/>\t\t\t\t\t\t\t\t\t\t\t\t\t\t\t<\/div>\n\t\t\t\t<\/div>\n\t\t\t\t\t<\/div>\n\t\t<\/div>\n\t\t\t\t\t<\/div>\n\t\t<\/section>\n\t\t\t\t<\/div>","protected":false},"excerpt":{"rendered":"<p>Gabriella meditsiinilised sokid on prof\u00fclaktilise toimega. Jalatallaalune massa\u017e stimuleerib vere- ja l\u00fcmfiringet, aidates kaasa tursete ennetamisele. Massaa\u017e aitab v\u00e4ltida ka nn &#8220;raskeid jalgu&#8221; Sokid on rikastatud Aloe Vera ekstraktiga.<\/p>","protected":false},"featured_media":4263,"template":"","meta":{"_monsterinsights_skip_tracking":false,"_monsterinsights_sitenote_active":false,"_monsterinsights_sitenote_note":"","_monsterinsights_sitenote_category":0,"site-sidebar-layout":"no-sidebar","site-content-layout":"page-builder","ast-site-content-layout":"default","site-content-style":"default","site-sidebar-style":"default","ast-global-header-display":"","ast-banner-title-visibility":"","ast-main-header-display":"","ast-hfb-above-header-display":"","ast-hfb-below-header-display":"","ast-hfb-mobile-header-display":"","site-post-title":"disabled","ast-breadcrumbs-content":"","ast-featured-img":"disabled","footer-sml-layout":"","ast-disable-related-posts":"","theme-transparent-header-meta":"default","adv-header-id-meta":"","stick-header-meta":"","header-above-stick-meta":"","header-main-stick-meta":"","header-below-stick-meta":"","astra-migrate-meta-layouts":"default","ast-page-background-enabled":"default","ast-page-background-meta":{"desktop":{"background-color":"","background-image":"","background-repeat":"repeat","background-position":"center center","background-size":"auto","background-attachment":"scroll","background-type":"","background-media":"","overlay-type":"","overlay-color":"","overlay-opacity":"","overlay-gradient":""},"tablet":{"background-color":"","background-image":"","background-repeat":"repeat","background-position":"center center","background-size":"auto","background-attachment":"scroll","background-type":"","background-media":"","overlay-type":"","overlay-color":"","overlay-opacity":"","overlay-gradient":""},"mobile":{"background-color":"","background-image":"","background-repeat":"repeat","background-position":"center center","background-size":"auto","background-attachment":"scroll","background-type":"","background-media":"","overlay-type":"","overlay-color":"","overlay-opacity":"","overlay-gradient":""}},"ast-content-background-meta":{"desktop":{"background-color":"var(--ast-global-color-5)","background-image":"","background-repeat":"repeat","background-position":"center center","background-size":"auto","background-attachment":"scroll","background-type":"","background-media":"","overlay-type":"","overlay-color":"","overlay-opacity":"","overlay-gradient":""},"tablet":{"background-color":"var(--ast-global-color-5)","background-image":"","background-repeat":"repeat","background-position":"center center","background-size":"auto","background-attachment":"scroll","background-type":"","background-media":"","overlay-type":"","overlay-color":"","overlay-opacity":"","overlay-gradient":""},"mobile":{"background-color":"var(--ast-global-color-5)","background-image":"","background-repeat":"repeat","background-position":"center center","background-size":"auto","background-attachment":"scroll","background-type":"","background-media":"","overlay-type":"","overlay-color":"","overlay-opacity":"","overlay-gradient":""}}},"product_brand":[],"product_cat":[22,130],"product_tag":[],"class_list":{"0":"post-4262","1":"product","2":"type-product","3":"status-publish","4":"has-post-thumbnail","6":"product_cat-emale","7":"product_cat-sukkpuksid-polvikud-sokid","8":"desktop-align-left","9":"tablet-align-left","10":"mobile-align-left","12":"first","13":"instock","14":"taxable","15":"shipping-taxable","16":"purchasable","17":"product-type-variable"},"yoast_head":"<!-- This site is optimized with the Yoast SEO plugin v27.4 - https:\/\/yoast.com\/product\/yoast-seo-wordpress\/ -->\n<title>Meditsiinilised sokid Aloe Vera ekstraktiga, 20den - Beebipai<\/title>\n<meta name=\"description\" content=\"Gabriella meditsiinilised sokid masseerivad jalataldu parandades nii vere- kui ka l\u00fcmfiringet. Vaata toodet Gabriella meditsiinilised sokid Aloe Veraga!\" \/>\n<meta name=\"robots\" content=\"index, follow, max-snippet:-1, max-image-preview:large, max-video-preview:-1\" \/>\n<link rel=\"canonical\" href=\"https:\/\/beebipai.ee\/fi\/product\/meditsiinilised-sokid-aloe-vera-ekstraktiga-20den\/\" \/>\n<meta property=\"og:locale\" content=\"fi_FI\" \/>\n<meta property=\"og:type\" content=\"article\" \/>\n<meta property=\"og:title\" content=\"Meditsiinilised sokid Aloe Vera ekstraktiga, 20den - Beebipai\" \/>\n<meta property=\"og:description\" content=\"Gabriella meditsiinilised sokid masseerivad jalataldu parandades nii vere- kui ka l\u00fcmfiringet. Vaata toodet Gabriella meditsiinilised sokid Aloe Veraga!\" \/>\n<meta property=\"og:url\" content=\"https:\/\/beebipai.ee\/fi\/product\/meditsiinilised-sokid-aloe-vera-ekstraktiga-20den\/\" \/>\n<meta property=\"og:site_name\" content=\"Beebipai\" \/>\n<meta property=\"article:modified_time\" content=\"2022-06-28T20:56:47+00:00\" \/>\n<meta property=\"og:image\" content=\"https:\/\/beebipai.ee\/wp-content\/uploads\/2022\/06\/Gabriella-sokid.png\" \/>\n\t<meta property=\"og:image:width\" content=\"783\" \/>\n\t<meta property=\"og:image:height\" content=\"783\" \/>\n\t<meta property=\"og:image:type\" content=\"image\/png\" \/>\n<meta name=\"twitter:card\" content=\"summary_large_image\" \/>\n<meta name=\"twitter:label1\" content=\"Arvioitu lukuaika\" \/>\n\t<meta name=\"twitter:data1\" content=\"1 minuutti\" \/>\n<script type=\"application\/ld+json\" class=\"yoast-schema-graph\">{\"@context\":\"https:\\\/\\\/schema.org\",\"@graph\":[{\"@type\":\"WebPage\",\"@id\":\"https:\\\/\\\/beebipai.ee\\\/product\\\/meditsiinilised-sokid-aloe-vera-ekstraktiga-20den\\\/\",\"url\":\"https:\\\/\\\/beebipai.ee\\\/product\\\/meditsiinilised-sokid-aloe-vera-ekstraktiga-20den\\\/\",\"name\":\"Meditsiinilised sokid Aloe Vera ekstraktiga, 20den - Beebipai\",\"isPartOf\":{\"@id\":\"https:\\\/\\\/beebipai.ee\\\/en\\\/#website\"},\"primaryImageOfPage\":{\"@id\":\"https:\\\/\\\/beebipai.ee\\\/product\\\/meditsiinilised-sokid-aloe-vera-ekstraktiga-20den\\\/#primaryimage\"},\"image\":{\"@id\":\"https:\\\/\\\/beebipai.ee\\\/product\\\/meditsiinilised-sokid-aloe-vera-ekstraktiga-20den\\\/#primaryimage\"},\"thumbnailUrl\":\"https:\\\/\\\/beebipai.ee\\\/wp-content\\\/uploads\\\/2022\\\/06\\\/Gabriella-sokid.png\",\"datePublished\":\"2022-06-08T20:30:49+00:00\",\"dateModified\":\"2022-06-28T20:56:47+00:00\",\"description\":\"Gabriella meditsiinilised sokid masseerivad jalataldu parandades nii vere- kui ka l\u00fcmfiringet. Vaata toodet Gabriella meditsiinilised sokid Aloe Veraga!\",\"breadcrumb\":{\"@id\":\"https:\\\/\\\/beebipai.ee\\\/product\\\/meditsiinilised-sokid-aloe-vera-ekstraktiga-20den\\\/#breadcrumb\"},\"inLanguage\":\"fi\",\"potentialAction\":[{\"@type\":\"ReadAction\",\"target\":[\"https:\\\/\\\/beebipai.ee\\\/product\\\/meditsiinilised-sokid-aloe-vera-ekstraktiga-20den\\\/\"]}]},{\"@type\":\"ImageObject\",\"inLanguage\":\"fi\",\"@id\":\"https:\\\/\\\/beebipai.ee\\\/product\\\/meditsiinilised-sokid-aloe-vera-ekstraktiga-20den\\\/#primaryimage\",\"url\":\"https:\\\/\\\/beebipai.ee\\\/wp-content\\\/uploads\\\/2022\\\/06\\\/Gabriella-sokid.png\",\"contentUrl\":\"https:\\\/\\\/beebipai.ee\\\/wp-content\\\/uploads\\\/2022\\\/06\\\/Gabriella-sokid.png\",\"width\":783,\"height\":783},{\"@type\":\"BreadcrumbList\",\"@id\":\"https:\\\/\\\/beebipai.ee\\\/product\\\/meditsiinilised-sokid-aloe-vera-ekstraktiga-20den\\\/#breadcrumb\",\"itemListElement\":[{\"@type\":\"ListItem\",\"position\":1,\"name\":\"Home\",\"item\":\"https:\\\/\\\/beebipai.ee\\\/\"},{\"@type\":\"ListItem\",\"position\":2,\"name\":\"Pood\",\"item\":\"https:\\\/\\\/beebipai.ee\\\/store\\\/\"},{\"@type\":\"ListItem\",\"position\":3,\"name\":\"Meditsiinilised sokid Aloe Vera ekstraktiga, 20den\"}]},{\"@type\":\"WebSite\",\"@id\":\"https:\\\/\\\/beebipai.ee\\\/en\\\/#website\",\"url\":\"https:\\\/\\\/beebipai.ee\\\/en\\\/\",\"name\":\"Beebipai\",\"description\":\"Rasedate ja beebide veebipood\",\"potentialAction\":[{\"@type\":\"SearchAction\",\"target\":{\"@type\":\"EntryPoint\",\"urlTemplate\":\"https:\\\/\\\/beebipai.ee\\\/en\\\/?s={search_term_string}\"},\"query-input\":{\"@type\":\"PropertyValueSpecification\",\"valueRequired\":true,\"valueName\":\"search_term_string\"}}],\"inLanguage\":\"fi\"}]}<\/script>\n<!-- \/ Yoast SEO plugin. -->","yoast_head_json":{"title":"Meditsiinilised sokid Aloe Vera ekstraktiga, 20den - Beebipai","description":"Gabriella meditsiinilised sokid masseerivad jalataldu parandades nii vere- kui ka l\u00fcmfiringet. Vaata toodet Gabriella meditsiinilised sokid Aloe Veraga!","robots":{"index":"index","follow":"follow","max-snippet":"max-snippet:-1","max-image-preview":"max-image-preview:large","max-video-preview":"max-video-preview:-1"},"canonical":"https:\/\/beebipai.ee\/fi\/product\/meditsiinilised-sokid-aloe-vera-ekstraktiga-20den\/","og_locale":"fi_FI","og_type":"article","og_title":"Meditsiinilised sokid Aloe Vera ekstraktiga, 20den - Beebipai","og_description":"Gabriella meditsiinilised sokid masseerivad jalataldu parandades nii vere- kui ka l\u00fcmfiringet. Vaata toodet Gabriella meditsiinilised sokid Aloe Veraga!","og_url":"https:\/\/beebipai.ee\/fi\/product\/meditsiinilised-sokid-aloe-vera-ekstraktiga-20den\/","og_site_name":"Beebipai","article_modified_time":"2022-06-28T20:56:47+00:00","og_image":[{"width":783,"height":783,"url":"https:\/\/beebipai.ee\/wp-content\/uploads\/2022\/06\/Gabriella-sokid.png","type":"image\/png"}],"twitter_card":"summary_large_image","twitter_misc":{"Arvioitu lukuaika":"1 minuutti"},"schema":{"@context":"https:\/\/schema.org","@graph":[{"@type":"WebPage","@id":"https:\/\/beebipai.ee\/product\/meditsiinilised-sokid-aloe-vera-ekstraktiga-20den\/","url":"https:\/\/beebipai.ee\/product\/meditsiinilised-sokid-aloe-vera-ekstraktiga-20den\/","name":"Meditsiinilised sokid Aloe Vera ekstraktiga, 20den - Beebipai","isPartOf":{"@id":"https:\/\/beebipai.ee\/en\/#website"},"primaryImageOfPage":{"@id":"https:\/\/beebipai.ee\/product\/meditsiinilised-sokid-aloe-vera-ekstraktiga-20den\/#primaryimage"},"image":{"@id":"https:\/\/beebipai.ee\/product\/meditsiinilised-sokid-aloe-vera-ekstraktiga-20den\/#primaryimage"},"thumbnailUrl":"https:\/\/beebipai.ee\/wp-content\/uploads\/2022\/06\/Gabriella-sokid.png","datePublished":"2022-06-08T20:30:49+00:00","dateModified":"2022-06-28T20:56:47+00:00","description":"Gabriella meditsiinilised sokid masseerivad jalataldu parandades nii vere- kui ka l\u00fcmfiringet. Vaata toodet Gabriella meditsiinilised sokid Aloe Veraga!","breadcrumb":{"@id":"https:\/\/beebipai.ee\/product\/meditsiinilised-sokid-aloe-vera-ekstraktiga-20den\/#breadcrumb"},"inLanguage":"fi","potentialAction":[{"@type":"ReadAction","target":["https:\/\/beebipai.ee\/product\/meditsiinilised-sokid-aloe-vera-ekstraktiga-20den\/"]}]},{"@type":"ImageObject","inLanguage":"fi","@id":"https:\/\/beebipai.ee\/product\/meditsiinilised-sokid-aloe-vera-ekstraktiga-20den\/#primaryimage","url":"https:\/\/beebipai.ee\/wp-content\/uploads\/2022\/06\/Gabriella-sokid.png","contentUrl":"https:\/\/beebipai.ee\/wp-content\/uploads\/2022\/06\/Gabriella-sokid.png","width":783,"height":783},{"@type":"BreadcrumbList","@id":"https:\/\/beebipai.ee\/product\/meditsiinilised-sokid-aloe-vera-ekstraktiga-20den\/#breadcrumb","itemListElement":[{"@type":"ListItem","position":1,"name":"Home","item":"https:\/\/beebipai.ee\/"},{"@type":"ListItem","position":2,"name":"Pood","item":"https:\/\/beebipai.ee\/store\/"},{"@type":"ListItem","position":3,"name":"Meditsiinilised sokid Aloe Vera ekstraktiga, 20den"}]},{"@type":"WebSite","@id":"https:\/\/beebipai.ee\/en\/#website","url":"https:\/\/beebipai.ee\/en\/","name":"Beebipai","description":"Rasedate ja beebide veebipood","potentialAction":[{"@type":"SearchAction","target":{"@type":"EntryPoint","urlTemplate":"https:\/\/beebipai.ee\/en\/?s={search_term_string}"},"query-input":{"@type":"PropertyValueSpecification","valueRequired":true,"valueName":"search_term_string"}}],"inLanguage":"fi"}]}},"_links":{"self":[{"href":"https:\/\/beebipai.ee\/fi\/wp-json\/wp\/v2\/product\/4262","targetHints":{"allow":["GET"]}}],"collection":[{"href":"https:\/\/beebipai.ee\/fi\/wp-json\/wp\/v2\/product"}],"about":[{"href":"https:\/\/beebipai.ee\/fi\/wp-json\/wp\/v2\/types\/product"}],"version-history":[{"count":5,"href":"https:\/\/beebipai.ee\/fi\/wp-json\/wp\/v2\/product\/4262\/revisions"}],"predecessor-version":[{"id":5068,"href":"https:\/\/beebipai.ee\/fi\/wp-json\/wp\/v2\/product\/4262\/revisions\/5068"}],"wp:featuredmedia":[{"embeddable":true,"href":"https:\/\/beebipai.ee\/fi\/wp-json\/wp\/v2\/media\/4263"}],"wp:attachment":[{"href":"https:\/\/beebipai.ee\/fi\/wp-json\/wp\/v2\/media?parent=4262"}],"wp:term":[{"taxonomy":"product_brand","embeddable":true,"href":"https:\/\/beebipai.ee\/fi\/wp-json\/wp\/v2\/product_brand?post=4262"},{"taxonomy":"product_cat","embeddable":true,"href":"https:\/\/beebipai.ee\/fi\/wp-json\/wp\/v2\/product_cat?post=4262"},{"taxonomy":"product_tag","embeddable":true,"href":"https:\/\/beebipai.ee\/fi\/wp-json\/wp\/v2\/product_tag?post=4262"}],"curies":[{"name":"wp","href":"https:\/\/api.w.org\/{rel}","templated":true}]}}