{"id":4241,"date":"2022-06-08T23:02:43","date_gmt":"2022-06-08T20:02:43","guid":{"rendered":"https:\/\/beebipai.ee\/?post_type=product&#038;p=4241"},"modified":"2024-10-20T11:45:56","modified_gmt":"2024-10-20T08:45:56","slug":"gabriella-rasedate-sukkpuksid-aloe-vera-ekstraktiga-40den","status":"publish","type":"product","link":"https:\/\/beebipai.ee\/fi\/product\/gabriella-rasedate-sukkpuksid-aloe-vera-ekstraktiga-40den\/","title":{"rendered":"Gabriella \u00e4itiyshousut Aloe Vera -uutteella, 40den"},"content":{"rendered":"<div data-elementor-type=\"wp-post\" data-elementor-id=\"4241\" class=\"elementor elementor-4241\">\n\t\t\t\t\t\t<section class=\"elementor-section elementor-top-section elementor-element elementor-element-6cc9f57 elementor-section-boxed elementor-section-height-default elementor-section-height-default\" data-id=\"6cc9f57\" data-element_type=\"section\" data-e-type=\"section\">\n\t\t\t\t\t\t<div class=\"elementor-container elementor-column-gap-default\">\n\t\t\t\t\t<div class=\"elementor-column elementor-col-50 elementor-top-column elementor-element elementor-element-428cb01\" data-id=\"428cb01\" data-element_type=\"column\" data-e-type=\"column\">\n\t\t\t<div class=\"elementor-widget-wrap elementor-element-populated\">\n\t\t\t\t\t\t<div class=\"elementor-element elementor-element-6840d88 elementor-widget elementor-widget-heading\" data-id=\"6840d88\" data-element_type=\"widget\" data-e-type=\"widget\" data-widget_type=\"heading.default\">\n\t\t\t\t<div class=\"elementor-widget-container\">\n\t\t\t\t\t<h2 class=\"elementor-heading-title elementor-size-default\">Gabiella \u00e4itiyshousut Aloe Vera -uutteella<\/h2>\t\t\t\t<\/div>\n\t\t\t\t<\/div>\n\t\t\t\t<div class=\"elementor-element elementor-element-cfe2ca0 elementor-widget elementor-widget-text-editor\" data-id=\"cfe2ca0\" data-element_type=\"widget\" data-e-type=\"widget\" data-widget_type=\"text-editor.default\">\n\t\t\t\t<div class=\"elementor-widget-container\">\n\t\t\t\t\t\t\t\t\t<p>Gabriellan \u00e4itiystukkahousut on tehty raskautta varten, ja niiss\u00e4 on erityinen pikkuhousuosa, joka mukautuu nopeasti muuttuvaan vartalon muotoon. Ylim\u00e4\u00e4r\u00e4inen selk\u00e4vahvike ja painetta v\u00e4hent\u00e4v\u00e4 vy\u00f6 tekev\u00e4t siit\u00e4 erityisen mukavan k\u00e4ytt\u00e4\u00e4 raskauden aikana. Sukkahousut on valmistettu laadukkaasta langasta, mik\u00e4 tekee niist\u00e4 kauniita ja kest\u00e4vi\u00e4. Litte\u00e4t saumat eiv\u00e4t naarmuunnu tai satuta. Housuissa on puuvillakangasta lahkeiden v\u00e4liss\u00e4 ja vahvistetut varvasosat. Aloe Vera -uute tekee sukkahousuista pehme\u00e4mpi\u00e4 ja mukavampia. Tuo raikkautta, eleganssia ja keveytt\u00e4 pukeutumiseen. Aloe veralla on my\u00f6s antibakteerinen vaikutus. Erityisen raskausmuodon ansiosta sukkahousut eiv\u00e4t roikkuu tai rullaa alas vatsasta.<\/p><p>Jotta sukkahousut s\u00e4ilyisiv\u00e4t pitk\u00e4\u00e4n tervein\u00e4 ja kauniina, on niist\u00e4 t\u00e4rke\u00e4\u00e4 pit\u00e4\u00e4 huolta. S\u00e4ilytt\u00e4\u00e4ksesi kirkkaan v\u00e4rin, muodon ja ulkon\u00e4\u00f6n pese sukkahousut joko:<\/p><ul><li>k\u00e4sinpesu miedolla pesuaineella l\u00e4mpim\u00e4ss\u00e4 vedess\u00e4 ja huuhtele kylm\u00e4ll\u00e4 vedell\u00e4. On suositeltavaa olla v\u00e4\u00e4nt\u00e4m\u00e4tt\u00e4 sukkahousuja.<\/li><li>pesukoneessa hell\u00e4varaisella 30 asteen pesuohjelmalla. T\u00e4ss\u00e4 olisi t\u00e4rke\u00e4\u00e4 laittaa sukkahousut erityiseen pyykkipussiin, jotta ne eiv\u00e4t veny. Pyykkipussin puuttuessa voit k\u00e4ytt\u00e4\u00e4 esimerkiksi tyynyliinaa. Annostele my\u00f6s pesuaineita oikein. Liian paljon pesu- tai huuhtelukirkastetta voi j\u00e4tt\u00e4\u00e4 valkoisia t\u00e4pli\u00e4 sukkahousuihin<\/li><\/ul>\t\t\t\t\t\t\t\t<\/div>\n\t\t\t\t<\/div>\n\t\t\t\t\t<\/div>\n\t\t<\/div>\n\t\t\t\t<div class=\"elementor-column elementor-col-50 elementor-top-column elementor-element elementor-element-023b865\" data-id=\"023b865\" data-element_type=\"column\" data-e-type=\"column\">\n\t\t\t<div class=\"elementor-widget-wrap elementor-element-populated\">\n\t\t\t\t\t\t<div class=\"elementor-element elementor-element-4bd7616 elementor-widget elementor-widget-image\" data-id=\"4bd7616\" data-element_type=\"widget\" data-e-type=\"widget\" data-widget_type=\"image.default\">\n\t\t\t\t<div class=\"elementor-widget-container\">\n\t\t\t\t\t\t\t\t\t\t\t\t\t\t\t<img fetchpriority=\"high\" decoding=\"async\" width=\"768\" height=\"768\" src=\"https:\/\/beebipai.ee\/wp-content\/uploads\/2022\/06\/Gabriella-Mamma-40den1-Copy-768x768.png\" class=\"attachment-medium_large size-medium_large wp-image-4202\" alt=\"\" srcset=\"https:\/\/beebipai.ee\/wp-content\/uploads\/2022\/06\/Gabriella-Mamma-40den1-Copy-768x768.png 768w, https:\/\/beebipai.ee\/wp-content\/uploads\/2022\/06\/Gabriella-Mamma-40den1-Copy-e1654717306281-300x300.png 300w, https:\/\/beebipai.ee\/wp-content\/uploads\/2022\/06\/Gabriella-Mamma-40den1-Copy-e1654717306281-150x150.png 150w, https:\/\/beebipai.ee\/wp-content\/uploads\/2022\/06\/Gabriella-Mamma-40den1-Copy-e1654717306281-12x12.png 12w, https:\/\/beebipai.ee\/wp-content\/uploads\/2022\/06\/Gabriella-Mamma-40den1-Copy-600x600.png 600w, https:\/\/beebipai.ee\/wp-content\/uploads\/2022\/06\/Gabriella-Mamma-40den1-Copy-e1654717306281-100x100.png 100w, https:\/\/beebipai.ee\/wp-content\/uploads\/2022\/06\/Gabriella-Mamma-40den1-Copy-e1654717306281.png 400w\" sizes=\"(max-width: 768px) 100vw, 768px\" \/>\t\t\t\t\t\t\t\t\t\t\t\t\t\t\t<\/div>\n\t\t\t\t<\/div>\n\t\t\t\t\t<\/div>\n\t\t<\/div>\n\t\t\t\t\t<\/div>\n\t\t<\/section>\n\t\t\t\t<\/div>","protected":false},"excerpt":{"rendered":"<p>Gabriellan \u00e4itiyshousut mukautuvat t\u00e4ydellisesti kasvavaan vatsaan. Ne tarjoavat mukavuutta ja helppoutta k\u00e4ytt\u00e4\u00e4 koko raskauden ajan. Ne tukevat vatsaa ja selk\u00e4\u00e4. Rikastettu Aloe Vera -uutteella.<\/p>","protected":false},"featured_media":4242,"template":"","meta":{"_monsterinsights_skip_tracking":false,"_monsterinsights_sitenote_active":false,"_monsterinsights_sitenote_note":"","_monsterinsights_sitenote_category":0,"site-sidebar-layout":"no-sidebar","site-content-layout":"page-builder","ast-site-content-layout":"default","site-content-style":"default","site-sidebar-style":"default","ast-global-header-display":"","ast-banner-title-visibility":"","ast-main-header-display":"","ast-hfb-above-header-display":"","ast-hfb-below-header-display":"","ast-hfb-mobile-header-display":"","site-post-title":"disabled","ast-breadcrumbs-content":"","ast-featured-img":"disabled","footer-sml-layout":"","ast-disable-related-posts":"","theme-transparent-header-meta":"default","adv-header-id-meta":"","stick-header-meta":"","header-above-stick-meta":"","header-main-stick-meta":"","header-below-stick-meta":"","astra-migrate-meta-layouts":"default","ast-page-background-enabled":"default","ast-page-background-meta":{"desktop":{"background-color":"","background-image":"","background-repeat":"repeat","background-position":"center center","background-size":"auto","background-attachment":"scroll","background-type":"","background-media":"","overlay-type":"","overlay-color":"","overlay-opacity":"","overlay-gradient":""},"tablet":{"background-color":"","background-image":"","background-repeat":"repeat","background-position":"center center","background-size":"auto","background-attachment":"scroll","background-type":"","background-media":"","overlay-type":"","overlay-color":"","overlay-opacity":"","overlay-gradient":""},"mobile":{"background-color":"","background-image":"","background-repeat":"repeat","background-position":"center center","background-size":"auto","background-attachment":"scroll","background-type":"","background-media":"","overlay-type":"","overlay-color":"","overlay-opacity":"","overlay-gradient":""}},"ast-content-background-meta":{"desktop":{"background-color":"var(--ast-global-color-5)","background-image":"","background-repeat":"repeat","background-position":"center center","background-size":"auto","background-attachment":"scroll","background-type":"","background-media":"","overlay-type":"","overlay-color":"","overlay-opacity":"","overlay-gradient":""},"tablet":{"background-color":"var(--ast-global-color-5)","background-image":"","background-repeat":"repeat","background-position":"center center","background-size":"auto","background-attachment":"scroll","background-type":"","background-media":"","overlay-type":"","overlay-color":"","overlay-opacity":"","overlay-gradient":""},"mobile":{"background-color":"var(--ast-global-color-5)","background-image":"","background-repeat":"repeat","background-position":"center center","background-size":"auto","background-attachment":"scroll","background-type":"","background-media":"","overlay-type":"","overlay-color":"","overlay-opacity":"","overlay-gradient":""}}},"product_brand":[],"product_cat":[22,130],"product_tag":[],"class_list":{"0":"post-4241","1":"product","2":"type-product","3":"status-publish","4":"has-post-thumbnail","6":"product_cat-emale","7":"product_cat-sukkpuksid-polvikud-sokid","8":"desktop-align-left","9":"tablet-align-left","10":"mobile-align-left","12":"first","13":"instock","14":"taxable","15":"shipping-taxable","16":"purchasable","17":"product-type-variable"},"yoast_head":"<!-- This site is optimized with the Yoast SEO plugin v27.4 - https:\/\/yoast.com\/product\/yoast-seo-wordpress\/ -->\n<title>Gabriella rasedate sukkp\u00fcksid Aloe Vera ekstraktiga, 40den - Beebipai<\/title>\n<meta name=\"description\" content=\"Gabriella rasedate sukkp\u00fcksid on praktilised ja mugavad terveks beebiootusajaks. Toetavad k\u00f5htu. Vaata toodet Gabriella rasedate sukkp\u00fcksid!\" \/>\n<meta name=\"robots\" content=\"index, follow, max-snippet:-1, max-image-preview:large, max-video-preview:-1\" \/>\n<link rel=\"canonical\" href=\"https:\/\/beebipai.ee\/fi\/product\/gabriella-rasedate-sukkpuksid-aloe-vera-ekstraktiga-40den\/\" \/>\n<meta property=\"og:locale\" content=\"fi_FI\" \/>\n<meta property=\"og:type\" content=\"article\" \/>\n<meta property=\"og:title\" content=\"Gabriella rasedate sukkp\u00fcksid Aloe Vera ekstraktiga, 40den - Beebipai\" \/>\n<meta property=\"og:description\" content=\"Gabriella rasedate sukkp\u00fcksid on praktilised ja mugavad terveks beebiootusajaks. Toetavad k\u00f5htu. Vaata toodet Gabriella rasedate sukkp\u00fcksid!\" \/>\n<meta property=\"og:url\" content=\"https:\/\/beebipai.ee\/fi\/product\/gabriella-rasedate-sukkpuksid-aloe-vera-ekstraktiga-40den\/\" \/>\n<meta property=\"og:site_name\" content=\"Beebipai\" \/>\n<meta property=\"article:modified_time\" content=\"2024-10-20T08:45:56+00:00\" \/>\n<meta property=\"og:image\" content=\"https:\/\/beebipai.ee\/wp-content\/uploads\/2022\/06\/Gabriella-mamma-40den2.jpg\" \/>\n\t<meta property=\"og:image:width\" content=\"900\" \/>\n\t<meta property=\"og:image:height\" content=\"900\" \/>\n\t<meta property=\"og:image:type\" content=\"image\/jpeg\" \/>\n<meta name=\"twitter:card\" content=\"summary_large_image\" \/>\n<meta name=\"twitter:label1\" content=\"Arvioitu lukuaika\" \/>\n\t<meta name=\"twitter:data1\" content=\"2 minuuttia\" \/>\n<script type=\"application\/ld+json\" class=\"yoast-schema-graph\">{\"@context\":\"https:\\\/\\\/schema.org\",\"@graph\":[{\"@type\":\"WebPage\",\"@id\":\"https:\\\/\\\/beebipai.ee\\\/fi\\\/product\\\/gabriella-rasedate-sukkpuksid-aloe-vera-ekstraktiga-40den\\\/\",\"url\":\"https:\\\/\\\/beebipai.ee\\\/fi\\\/product\\\/gabriella-rasedate-sukkpuksid-aloe-vera-ekstraktiga-40den\\\/\",\"name\":\"Gabriella rasedate sukkp\u00fcksid Aloe Vera ekstraktiga, 40den - Beebipai\",\"isPartOf\":{\"@id\":\"https:\\\/\\\/beebipai.ee\\\/en\\\/#website\"},\"primaryImageOfPage\":{\"@id\":\"https:\\\/\\\/beebipai.ee\\\/fi\\\/product\\\/gabriella-rasedate-sukkpuksid-aloe-vera-ekstraktiga-40den\\\/#primaryimage\"},\"image\":{\"@id\":\"https:\\\/\\\/beebipai.ee\\\/fi\\\/product\\\/gabriella-rasedate-sukkpuksid-aloe-vera-ekstraktiga-40den\\\/#primaryimage\"},\"thumbnailUrl\":\"https:\\\/\\\/beebipai.ee\\\/wp-content\\\/uploads\\\/2022\\\/06\\\/Gabriella-mamma-40den2.jpg\",\"datePublished\":\"2022-06-08T20:02:43+00:00\",\"dateModified\":\"2024-10-20T08:45:56+00:00\",\"description\":\"Gabriella rasedate sukkp\u00fcksid on praktilised ja mugavad terveks beebiootusajaks. Toetavad k\u00f5htu. Vaata toodet Gabriella rasedate sukkp\u00fcksid!\",\"breadcrumb\":{\"@id\":\"https:\\\/\\\/beebipai.ee\\\/fi\\\/product\\\/gabriella-rasedate-sukkpuksid-aloe-vera-ekstraktiga-40den\\\/#breadcrumb\"},\"inLanguage\":\"fi\",\"potentialAction\":[{\"@type\":\"ReadAction\",\"target\":[\"https:\\\/\\\/beebipai.ee\\\/fi\\\/product\\\/gabriella-rasedate-sukkpuksid-aloe-vera-ekstraktiga-40den\\\/\"]}]},{\"@type\":\"ImageObject\",\"inLanguage\":\"fi\",\"@id\":\"https:\\\/\\\/beebipai.ee\\\/fi\\\/product\\\/gabriella-rasedate-sukkpuksid-aloe-vera-ekstraktiga-40den\\\/#primaryimage\",\"url\":\"https:\\\/\\\/beebipai.ee\\\/wp-content\\\/uploads\\\/2022\\\/06\\\/Gabriella-mamma-40den2.jpg\",\"contentUrl\":\"https:\\\/\\\/beebipai.ee\\\/wp-content\\\/uploads\\\/2022\\\/06\\\/Gabriella-mamma-40den2.jpg\",\"width\":900,\"height\":900},{\"@type\":\"BreadcrumbList\",\"@id\":\"https:\\\/\\\/beebipai.ee\\\/fi\\\/product\\\/gabriella-rasedate-sukkpuksid-aloe-vera-ekstraktiga-40den\\\/#breadcrumb\",\"itemListElement\":[{\"@type\":\"ListItem\",\"position\":1,\"name\":\"Home\",\"item\":\"https:\\\/\\\/beebipai.ee\\\/\"},{\"@type\":\"ListItem\",\"position\":2,\"name\":\"Pood\",\"item\":\"https:\\\/\\\/beebipai.ee\\\/store\\\/\"},{\"@type\":\"ListItem\",\"position\":3,\"name\":\"Gabriella rasedate sukkp\u00fcksid Aloe Vera ekstraktiga, 40den\"}]},{\"@type\":\"WebSite\",\"@id\":\"https:\\\/\\\/beebipai.ee\\\/en\\\/#website\",\"url\":\"https:\\\/\\\/beebipai.ee\\\/en\\\/\",\"name\":\"Beebipai\",\"description\":\"Rasedate ja beebide veebipood\",\"potentialAction\":[{\"@type\":\"SearchAction\",\"target\":{\"@type\":\"EntryPoint\",\"urlTemplate\":\"https:\\\/\\\/beebipai.ee\\\/en\\\/?s={search_term_string}\"},\"query-input\":{\"@type\":\"PropertyValueSpecification\",\"valueRequired\":true,\"valueName\":\"search_term_string\"}}],\"inLanguage\":\"fi\"}]}<\/script>\n<!-- \/ Yoast SEO plugin. -->","yoast_head_json":{"title":"Gabriella rasedate sukkp\u00fcksid Aloe Vera ekstraktiga, 40den - Beebipai","description":"Gabriella rasedate sukkp\u00fcksid on praktilised ja mugavad terveks beebiootusajaks. Toetavad k\u00f5htu. Vaata toodet Gabriella rasedate sukkp\u00fcksid!","robots":{"index":"index","follow":"follow","max-snippet":"max-snippet:-1","max-image-preview":"max-image-preview:large","max-video-preview":"max-video-preview:-1"},"canonical":"https:\/\/beebipai.ee\/fi\/product\/gabriella-rasedate-sukkpuksid-aloe-vera-ekstraktiga-40den\/","og_locale":"fi_FI","og_type":"article","og_title":"Gabriella rasedate sukkp\u00fcksid Aloe Vera ekstraktiga, 40den - Beebipai","og_description":"Gabriella rasedate sukkp\u00fcksid on praktilised ja mugavad terveks beebiootusajaks. Toetavad k\u00f5htu. Vaata toodet Gabriella rasedate sukkp\u00fcksid!","og_url":"https:\/\/beebipai.ee\/fi\/product\/gabriella-rasedate-sukkpuksid-aloe-vera-ekstraktiga-40den\/","og_site_name":"Beebipai","article_modified_time":"2024-10-20T08:45:56+00:00","og_image":[{"width":900,"height":900,"url":"https:\/\/beebipai.ee\/wp-content\/uploads\/2022\/06\/Gabriella-mamma-40den2.jpg","type":"image\/jpeg"}],"twitter_card":"summary_large_image","twitter_misc":{"Arvioitu lukuaika":"2 minuuttia"},"schema":{"@context":"https:\/\/schema.org","@graph":[{"@type":"WebPage","@id":"https:\/\/beebipai.ee\/fi\/product\/gabriella-rasedate-sukkpuksid-aloe-vera-ekstraktiga-40den\/","url":"https:\/\/beebipai.ee\/fi\/product\/gabriella-rasedate-sukkpuksid-aloe-vera-ekstraktiga-40den\/","name":"Gabriella rasedate sukkp\u00fcksid Aloe Vera ekstraktiga, 40den - Beebipai","isPartOf":{"@id":"https:\/\/beebipai.ee\/en\/#website"},"primaryImageOfPage":{"@id":"https:\/\/beebipai.ee\/fi\/product\/gabriella-rasedate-sukkpuksid-aloe-vera-ekstraktiga-40den\/#primaryimage"},"image":{"@id":"https:\/\/beebipai.ee\/fi\/product\/gabriella-rasedate-sukkpuksid-aloe-vera-ekstraktiga-40den\/#primaryimage"},"thumbnailUrl":"https:\/\/beebipai.ee\/wp-content\/uploads\/2022\/06\/Gabriella-mamma-40den2.jpg","datePublished":"2022-06-08T20:02:43+00:00","dateModified":"2024-10-20T08:45:56+00:00","description":"Gabriella rasedate sukkp\u00fcksid on praktilised ja mugavad terveks beebiootusajaks. Toetavad k\u00f5htu. Vaata toodet Gabriella rasedate sukkp\u00fcksid!","breadcrumb":{"@id":"https:\/\/beebipai.ee\/fi\/product\/gabriella-rasedate-sukkpuksid-aloe-vera-ekstraktiga-40den\/#breadcrumb"},"inLanguage":"fi","potentialAction":[{"@type":"ReadAction","target":["https:\/\/beebipai.ee\/fi\/product\/gabriella-rasedate-sukkpuksid-aloe-vera-ekstraktiga-40den\/"]}]},{"@type":"ImageObject","inLanguage":"fi","@id":"https:\/\/beebipai.ee\/fi\/product\/gabriella-rasedate-sukkpuksid-aloe-vera-ekstraktiga-40den\/#primaryimage","url":"https:\/\/beebipai.ee\/wp-content\/uploads\/2022\/06\/Gabriella-mamma-40den2.jpg","contentUrl":"https:\/\/beebipai.ee\/wp-content\/uploads\/2022\/06\/Gabriella-mamma-40den2.jpg","width":900,"height":900},{"@type":"BreadcrumbList","@id":"https:\/\/beebipai.ee\/fi\/product\/gabriella-rasedate-sukkpuksid-aloe-vera-ekstraktiga-40den\/#breadcrumb","itemListElement":[{"@type":"ListItem","position":1,"name":"Home","item":"https:\/\/beebipai.ee\/"},{"@type":"ListItem","position":2,"name":"Pood","item":"https:\/\/beebipai.ee\/store\/"},{"@type":"ListItem","position":3,"name":"Gabriella rasedate sukkp\u00fcksid Aloe Vera ekstraktiga, 40den"}]},{"@type":"WebSite","@id":"https:\/\/beebipai.ee\/en\/#website","url":"https:\/\/beebipai.ee\/en\/","name":"Beebipai","description":"Rasedate ja beebide veebipood","potentialAction":[{"@type":"SearchAction","target":{"@type":"EntryPoint","urlTemplate":"https:\/\/beebipai.ee\/en\/?s={search_term_string}"},"query-input":{"@type":"PropertyValueSpecification","valueRequired":true,"valueName":"search_term_string"}}],"inLanguage":"fi"}]}},"_links":{"self":[{"href":"https:\/\/beebipai.ee\/fi\/wp-json\/wp\/v2\/product\/4241","targetHints":{"allow":["GET"]}}],"collection":[{"href":"https:\/\/beebipai.ee\/fi\/wp-json\/wp\/v2\/product"}],"about":[{"href":"https:\/\/beebipai.ee\/fi\/wp-json\/wp\/v2\/types\/product"}],"version-history":[{"count":5,"href":"https:\/\/beebipai.ee\/fi\/wp-json\/wp\/v2\/product\/4241\/revisions"}],"predecessor-version":[{"id":5051,"href":"https:\/\/beebipai.ee\/fi\/wp-json\/wp\/v2\/product\/4241\/revisions\/5051"}],"wp:featuredmedia":[{"embeddable":true,"href":"https:\/\/beebipai.ee\/fi\/wp-json\/wp\/v2\/media\/4242"}],"wp:attachment":[{"href":"https:\/\/beebipai.ee\/fi\/wp-json\/wp\/v2\/media?parent=4241"}],"wp:term":[{"taxonomy":"product_brand","embeddable":true,"href":"https:\/\/beebipai.ee\/fi\/wp-json\/wp\/v2\/product_brand?post=4241"},{"taxonomy":"product_cat","embeddable":true,"href":"https:\/\/beebipai.ee\/fi\/wp-json\/wp\/v2\/product_cat?post=4241"},{"taxonomy":"product_tag","embeddable":true,"href":"https:\/\/beebipai.ee\/fi\/wp-json\/wp\/v2\/product_tag?post=4241"}],"curies":[{"name":"wp","href":"https:\/\/api.w.org\/{rel}","templated":true}]}}