{"id":4095,"date":"2022-06-07T10:31:56","date_gmt":"2022-06-07T07:31:56","guid":{"rendered":"https:\/\/beebipai.ee\/?post_type=product&#038;p=4095"},"modified":"2025-04-28T13:21:16","modified_gmt":"2025-04-28T10:21:16","slug":"neobulle-bambusest-kandelina-0-12-kuud","status":"publish","type":"product","link":"https:\/\/beebipai.ee\/fi\/product\/neobulle-bambusest-kandelina-0-12-kuud\/","title":{"rendered":"Neobulle bambukynttelikk\u00f6, 0-12 kk"},"content":{"rendered":"<div data-elementor-type=\"wp-post\" data-elementor-id=\"4095\" class=\"elementor elementor-4095\">\n\t\t\t\t\t\t<section class=\"elementor-section elementor-top-section elementor-element elementor-element-81c1288 elementor-section-boxed elementor-section-height-default elementor-section-height-default\" data-id=\"81c1288\" data-element_type=\"section\" data-e-type=\"section\">\n\t\t\t\t\t\t<div class=\"elementor-container elementor-column-gap-default\">\n\t\t\t\t\t<div class=\"elementor-column elementor-col-50 elementor-top-column elementor-element elementor-element-21107bb\" data-id=\"21107bb\" data-element_type=\"column\" data-e-type=\"column\">\n\t\t\t<div class=\"elementor-widget-wrap elementor-element-populated\">\n\t\t\t\t\t\t<div class=\"elementor-element elementor-element-b9a71b4 elementor-widget elementor-widget-heading\" data-id=\"b9a71b4\" data-element_type=\"widget\" data-e-type=\"widget\" data-widget_type=\"heading.default\">\n\t\t\t\t<div class=\"elementor-widget-container\">\n\t\t\t\t\t<h2 class=\"elementor-heading-title elementor-size-default\">Neobulle bambukynttelikk\u00f6<\/h2>\t\t\t\t<\/div>\n\t\t\t\t<\/div>\n\t\t\t\t<div class=\"elementor-element elementor-element-c6df10e elementor-widget elementor-widget-text-editor\" data-id=\"c6df10e\" data-element_type=\"widget\" data-e-type=\"widget\" data-widget_type=\"text-editor.default\">\n\t\t\t\t<div class=\"elementor-widget-container\">\n\t\t\t\t\t\t\t\t\t<p>Terveydenhuollon ammattilaisten tunnustama bambukehto on mukava ja turvallinen sek\u00e4 k\u00e4ytt\u00e4j\u00e4lle ett\u00e4 vauvalle. Kynttelikk\u00f6 tukee lapsen fysiologista asentoa, se on kohdunsis\u00e4iseen el\u00e4m\u00e4\u00e4n tutuin. Antaa lapsen asteittain sopeutua uuteen ja t\u00e4ysin erilaiseen el\u00e4m\u00e4\u00e4n ja tarjoaa suojaa nopealta tiedon tulvalta. Kandelinalapset ovat rauhallisempia, itkev\u00e4t v\u00e4hemm\u00e4n ja selvi\u00e4v\u00e4t paremmin uusista kokemuksista. My\u00f6s l\u00e4heisen syliss\u00e4 oleminen antaa lohtua vaikeina hetkin\u00e4, kuten kaasukipujen aikana. Kynttelikk\u00f6lapsilla on havaittu nopeampaa itsen\u00e4istymist\u00e4, suurempaa luottamusta ja itseluottamusta. Lis\u00e4\u00e4ntynyt luottamus itseens\u00e4 ja ymp\u00e4rist\u00f6\u00f6ns\u00e4 auttaa lasta astumaan jatkossa rohkeasti ja avoimesti pois vanhemmistaan.\u00a0<\/p><p>Kynttil\u00e4njalka mahdollistaa l\u00e4heisen kontaktin lapsen ja rakkaansa v\u00e4lill\u00e4, varmistaa tunneside, l\u00e4heisyyden ja turvallisuuden tunteen.\u00a0<\/p>\t\t\t\t\t\t\t\t<\/div>\n\t\t\t\t<\/div>\n\t\t\t\t\t<\/div>\n\t\t<\/div>\n\t\t\t\t<div class=\"elementor-column elementor-col-50 elementor-top-column elementor-element elementor-element-1a8ed97\" data-id=\"1a8ed97\" data-element_type=\"column\" data-e-type=\"column\">\n\t\t\t<div class=\"elementor-widget-wrap elementor-element-populated\">\n\t\t\t\t\t\t<div class=\"elementor-element elementor-element-db8ef04 elementor-widget elementor-widget-image\" data-id=\"db8ef04\" data-element_type=\"widget\" data-e-type=\"widget\" data-widget_type=\"image.default\">\n\t\t\t\t<div class=\"elementor-widget-container\">\n\t\t\t\t\t\t\t\t\t\t\t\t\t\t\t<img fetchpriority=\"high\" decoding=\"async\" width=\"768\" height=\"768\" src=\"https:\/\/beebipai.ee\/wp-content\/uploads\/2022\/06\/Neobulle-bambusest-kandelina7-768x768.jpg\" class=\"attachment-medium_large size-medium_large wp-image-4106\" alt=\"\" srcset=\"https:\/\/beebipai.ee\/wp-content\/uploads\/2022\/06\/Neobulle-bambusest-kandelina7-768x768.jpg 768w, https:\/\/beebipai.ee\/wp-content\/uploads\/2022\/06\/Neobulle-bambusest-kandelina7-scaled-e1654587391948-300x300.jpg 300w, https:\/\/beebipai.ee\/wp-content\/uploads\/2022\/06\/Neobulle-bambusest-kandelina7-1024x1024.jpg 1024w, https:\/\/beebipai.ee\/wp-content\/uploads\/2022\/06\/Neobulle-bambusest-kandelina7-scaled-e1654587391948-150x150.jpg 150w, https:\/\/beebipai.ee\/wp-content\/uploads\/2022\/06\/Neobulle-bambusest-kandelina7-1536x1536.jpg 1536w, https:\/\/beebipai.ee\/wp-content\/uploads\/2022\/06\/Neobulle-bambusest-kandelina7-2048x2048.jpg 2048w, https:\/\/beebipai.ee\/wp-content\/uploads\/2022\/06\/Neobulle-bambusest-kandelina7-scaled-e1654587391948-12x12.jpg 12w, https:\/\/beebipai.ee\/wp-content\/uploads\/2022\/06\/Neobulle-bambusest-kandelina7-600x600.jpg 600w, https:\/\/beebipai.ee\/wp-content\/uploads\/2022\/06\/Neobulle-bambusest-kandelina7-scaled-e1654587391948-100x100.jpg 100w, https:\/\/beebipai.ee\/wp-content\/uploads\/2022\/06\/Neobulle-bambusest-kandelina7-scaled-e1654587391948.jpg 400w\" sizes=\"(max-width: 768px) 100vw, 768px\" \/>\t\t\t\t\t\t\t\t\t\t\t\t\t\t\t<\/div>\n\t\t\t\t<\/div>\n\t\t\t\t\t<\/div>\n\t\t<\/div>\n\t\t\t\t\t<\/div>\n\t\t<\/section>\n\t\t\t\t<section class=\"elementor-section elementor-top-section elementor-element elementor-element-d4b8bde elementor-section-boxed elementor-section-height-default elementor-section-height-default\" data-id=\"d4b8bde\" data-element_type=\"section\" data-e-type=\"section\">\n\t\t\t\t\t\t<div class=\"elementor-container elementor-column-gap-default\">\n\t\t\t\t\t<div class=\"elementor-column elementor-col-50 elementor-top-column elementor-element elementor-element-21c02ec\" data-id=\"21c02ec\" data-element_type=\"column\" data-e-type=\"column\">\n\t\t\t<div class=\"elementor-widget-wrap elementor-element-populated\">\n\t\t\t\t\t\t<div class=\"elementor-element elementor-element-1a525db elementor-widget elementor-widget-text-editor\" data-id=\"1a525db\" data-element_type=\"widget\" data-e-type=\"widget\" data-widget_type=\"text-editor.default\">\n\t\t\t\t<div class=\"elementor-widget-container\">\n\t\t\t\t\t\t\t\t\t<p>Neobulle bambukehto tukee t\u00e4ydellisesti lapsen ja k\u00e4ytt\u00e4j\u00e4n asentoa, pit\u00e4\u00e4 tiiviiss\u00e4 kontaktissa kesken\u00e4\u00e4n, ei veny ja on ergonominen. Soveltuu lapsen kantamiseen vatsassa tai lantiolla. Kynttelikk\u00f6 on helppo kirist\u00e4\u00e4 ja s\u00e4\u00e4t\u00e4\u00e4. Lis\u00e4ksi lapsi voidaan ottaa pois lakanoista ja laittaa takaisin useita kertoja ilman, ett\u00e4 lakanaa tarvitsee sitoa uudelleen. Bambun erinomaiset l\u00e4mm\u00f6ns\u00e4\u00e4telyominaisuudet mahdollistavat liinavaatteiden k\u00e4yt\u00f6n my\u00f6s kuumina kes\u00e4p\u00e4ivin\u00e4. Bambulakana tukee lapsen fysiologista sammakon asentoa tarjoamalla lapselle i\u00e4nmukaista kehityst\u00e4.\u00a0<\/p><p>Kynttelikk\u00f6 on my\u00f6s ergonominen k\u00e4ytt\u00e4j\u00e4n sel\u00e4lle, v\u00e4sym\u00e4tt\u00e4 ja rasittamatta sit\u00e4. \"Hands free\" bambulakana tarjoaa enemm\u00e4n liikkumisvapautta ja toiminnan iloa pit\u00e4en samalla vauvan l\u00e4hell\u00e4si. K\u00e4tev\u00e4 k\u00e4ytt\u00e4\u00e4 liikkuessa ja matkoilla. Kevyytens\u00e4 ja kompaktinsa ansiosta se on k\u00e4tev\u00e4 ottaa mukaan kaikkialle.\u00a0<\/p><p>Ihanteellinen k\u00e4ytett\u00e4v\u00e4ksi lapsen ensimm\u00e4isen\u00e4 elinvuotena. Itse liinavaatteiden tilavuudella mitattuna liinavaatteissa voi kuljettaa jopa 12 kg painavaa lasta. Mutta kun he saavat jalat alas, pienet ihmiset enimm\u00e4kseen haluavat tutkia maailmaa kahdella nopealla jalallaan \ud83d\ude42<\/p>\t\t\t\t\t\t\t\t<\/div>\n\t\t\t\t<\/div>\n\t\t\t\t\t<\/div>\n\t\t<\/div>\n\t\t\t\t<div class=\"elementor-column elementor-col-50 elementor-top-column elementor-element elementor-element-b7ec7e8\" data-id=\"b7ec7e8\" data-element_type=\"column\" data-e-type=\"column\">\n\t\t\t<div class=\"elementor-widget-wrap elementor-element-populated\">\n\t\t\t\t\t\t<div class=\"elementor-element elementor-element-32e6ce2 elementor-widget elementor-widget-image\" data-id=\"32e6ce2\" data-element_type=\"widget\" data-e-type=\"widget\" data-widget_type=\"image.default\">\n\t\t\t\t<div class=\"elementor-widget-container\">\n\t\t\t\t\t\t\t\t\t\t\t\t\t\t\t<img decoding=\"async\" width=\"768\" height=\"768\" src=\"https:\/\/beebipai.ee\/wp-content\/uploads\/2022\/06\/Neobulle-bambusest-kandelina6-768x768.jpg\" class=\"attachment-medium_large size-medium_large wp-image-4105\" alt=\"\" srcset=\"https:\/\/beebipai.ee\/wp-content\/uploads\/2022\/06\/Neobulle-bambusest-kandelina6-768x768.jpg 768w, https:\/\/beebipai.ee\/wp-content\/uploads\/2022\/06\/Neobulle-bambusest-kandelina6-scaled-e1654588495570-300x300.jpg 300w, https:\/\/beebipai.ee\/wp-content\/uploads\/2022\/06\/Neobulle-bambusest-kandelina6-1024x1024.jpg 1024w, https:\/\/beebipai.ee\/wp-content\/uploads\/2022\/06\/Neobulle-bambusest-kandelina6-scaled-e1654588495570-150x150.jpg 150w, https:\/\/beebipai.ee\/wp-content\/uploads\/2022\/06\/Neobulle-bambusest-kandelina6-1536x1536.jpg 1536w, https:\/\/beebipai.ee\/wp-content\/uploads\/2022\/06\/Neobulle-bambusest-kandelina6-2048x2048.jpg 2048w, https:\/\/beebipai.ee\/wp-content\/uploads\/2022\/06\/Neobulle-bambusest-kandelina6-scaled-e1654588495570-12x12.jpg 12w, https:\/\/beebipai.ee\/wp-content\/uploads\/2022\/06\/Neobulle-bambusest-kandelina6-600x600.jpg 600w, https:\/\/beebipai.ee\/wp-content\/uploads\/2022\/06\/Neobulle-bambusest-kandelina6-scaled-e1654588495570-100x100.jpg 100w, https:\/\/beebipai.ee\/wp-content\/uploads\/2022\/06\/Neobulle-bambusest-kandelina6-scaled-e1654588495570.jpg 400w\" sizes=\"(max-width: 768px) 100vw, 768px\" \/>\t\t\t\t\t\t\t\t\t\t\t\t\t\t\t<\/div>\n\t\t\t\t<\/div>\n\t\t\t\t\t<\/div>\n\t\t<\/div>\n\t\t\t\t\t<\/div>\n\t\t<\/section>\n\t\t\t\t<section class=\"elementor-section elementor-top-section elementor-element elementor-element-4ffea80 elementor-section-boxed elementor-section-height-default elementor-section-height-default\" data-id=\"4ffea80\" data-element_type=\"section\" data-e-type=\"section\">\n\t\t\t\t\t\t<div class=\"elementor-container elementor-column-gap-default\">\n\t\t\t\t\t<div class=\"elementor-column elementor-col-100 elementor-top-column elementor-element elementor-element-ae2bdb3\" data-id=\"ae2bdb3\" data-element_type=\"column\" data-e-type=\"column\">\n\t\t\t<div class=\"elementor-widget-wrap elementor-element-populated\">\n\t\t\t\t\t\t<div class=\"elementor-element elementor-element-de58937 elementor-widget elementor-widget-video\" data-id=\"de58937\" data-element_type=\"widget\" data-e-type=\"widget\" data-settings=\"{&quot;youtube_url&quot;:&quot;https:\\\/\\\/www.youtube.com\\\/watch?v=rhwGEJ6lEbs&quot;,&quot;video_type&quot;:&quot;youtube&quot;,&quot;controls&quot;:&quot;yes&quot;}\" data-widget_type=\"video.default\">\n\t\t\t\t<div class=\"elementor-widget-container\">\n\t\t\t\t\t\t\t<div class=\"elementor-wrapper elementor-open-inline\">\n\t\t\t<div class=\"elementor-video\"><\/div>\t\t<\/div>\n\t\t\t\t\t\t<\/div>\n\t\t\t\t<\/div>\n\t\t\t\t\t<\/div>\n\t\t<\/div>\n\t\t\t\t\t<\/div>\n\t\t<\/section>\n\t\t\t\t<\/div>","protected":false},"excerpt":{"rendered":"<p>Neobulle bambukynttelikk\u00f6 sopii t\u00e4ydellisesti vauvasi ensimm\u00e4iselle elinvuodelle. Antaa turvaa ja l\u00e4heisyytt\u00e4 vauvalle ja antaa k\u00e4ytt\u00e4j\u00e4lle liikkumisvapauden. Tukee l\u00e4heisen siteen muodostumista vanhemman ja lapsen v\u00e4lille. Bambu on uskomattoman pehme\u00e4\u00e4, mutta tukevaa, mik\u00e4 takaa mukavuuden sek\u00e4 k\u00e4ytt\u00e4j\u00e4lle ett\u00e4 lapselle.<\/p>\n<p>Yleiskoko: 4,80m<\/p>","protected":false},"featured_media":10415,"template":"","meta":{"_monsterinsights_skip_tracking":false,"_monsterinsights_sitenote_active":false,"_monsterinsights_sitenote_note":"","_monsterinsights_sitenote_category":0,"site-sidebar-layout":"no-sidebar","site-content-layout":"page-builder","ast-site-content-layout":"full-width-container","site-content-style":"unboxed","site-sidebar-style":"unboxed","ast-global-header-display":"","ast-banner-title-visibility":"","ast-main-header-display":"","ast-hfb-above-header-display":"","ast-hfb-below-header-display":"","ast-hfb-mobile-header-display":"","site-post-title":"disabled","ast-breadcrumbs-content":"","ast-featured-img":"disabled","footer-sml-layout":"","ast-disable-related-posts":"","theme-transparent-header-meta":"default","adv-header-id-meta":"","stick-header-meta":"","header-above-stick-meta":"","header-main-stick-meta":"","header-below-stick-meta":"","astra-migrate-meta-layouts":"set","ast-page-background-enabled":"default","ast-page-background-meta":{"desktop":{"background-color":"","background-image":"","background-repeat":"repeat","background-position":"center center","background-size":"auto","background-attachment":"scroll","background-type":"","background-media":"","overlay-type":"","overlay-color":"","overlay-opacity":"","overlay-gradient":""},"tablet":{"background-color":"","background-image":"","background-repeat":"repeat","background-position":"center center","background-size":"auto","background-attachment":"scroll","background-type":"","background-media":"","overlay-type":"","overlay-color":"","overlay-opacity":"","overlay-gradient":""},"mobile":{"background-color":"","background-image":"","background-repeat":"repeat","background-position":"center center","background-size":"auto","background-attachment":"scroll","background-type":"","background-media":"","overlay-type":"","overlay-color":"","overlay-opacity":"","overlay-gradient":""}},"ast-content-background-meta":{"desktop":{"background-color":"var(--ast-global-color-5)","background-image":"","background-repeat":"repeat","background-position":"center center","background-size":"auto","background-attachment":"scroll","background-type":"","background-media":"","overlay-type":"","overlay-color":"","overlay-opacity":"","overlay-gradient":""},"tablet":{"background-color":"var(--ast-global-color-5)","background-image":"","background-repeat":"repeat","background-position":"center center","background-size":"auto","background-attachment":"scroll","background-type":"","background-media":"","overlay-type":"","overlay-color":"","overlay-opacity":"","overlay-gradient":""},"mobile":{"background-color":"var(--ast-global-color-5)","background-image":"","background-repeat":"repeat","background-position":"center center","background-size":"auto","background-attachment":"scroll","background-type":"","background-media":"","overlay-type":"","overlay-color":"","overlay-opacity":"","overlay-gradient":""}}},"product_brand":[],"product_cat":[23,98,147,148],"product_tag":[],"class_list":{"0":"post-4095","1":"product","2":"type-product","3":"status-publish","4":"has-post-thumbnail","6":"product_cat-beebile","7":"product_cat-kandekotid","8":"product_cat-kingiideed-beebile","9":"product_cat-kingiideed-emale","10":"desktop-align-left","11":"tablet-align-left","12":"mobile-align-left","14":"first","15":"instock","16":"taxable","17":"shipping-taxable","18":"purchasable","19":"product-type-variable"},"yoast_head":"<!-- This site is optimized with the Yoast SEO plugin v27.4 - https:\/\/yoast.com\/product\/yoast-seo-wordpress\/ -->\n<title>Neobulle bambusest kandelina, 0-12 kuud - Beebipai<\/title>\n<meta name=\"description\" content=\"Neobulle bambusest kandelina on ideaalne beebi esimeseks eluaastaks. Pakub beebile turvalisust ja l\u00e4hedust. Vaata toodet Neobulle bambusest kandelina!\" \/>\n<meta name=\"robots\" content=\"index, follow, max-snippet:-1, max-image-preview:large, max-video-preview:-1\" \/>\n<link rel=\"canonical\" href=\"https:\/\/beebipai.ee\/fi\/product\/neobulle-bambusest-kandelina-0-12-kuud\/\" \/>\n<meta property=\"og:locale\" content=\"fi_FI\" \/>\n<meta property=\"og:type\" content=\"article\" \/>\n<meta property=\"og:title\" content=\"Neobulle bambusest kandelina, 0-12 kuud - Beebipai\" \/>\n<meta property=\"og:description\" content=\"Neobulle bambusest kandelina on ideaalne beebi esimeseks eluaastaks. Pakub beebile turvalisust ja l\u00e4hedust. Vaata toodet Neobulle bambusest kandelina!\" \/>\n<meta property=\"og:url\" content=\"https:\/\/beebipai.ee\/fi\/product\/neobulle-bambusest-kandelina-0-12-kuud\/\" \/>\n<meta property=\"og:site_name\" content=\"Beebipai\" \/>\n<meta property=\"article:modified_time\" content=\"2025-04-28T10:21:16+00:00\" \/>\n<meta property=\"og:image\" content=\"https:\/\/beebipai.ee\/wp-content\/uploads\/2022\/06\/Neobulle-bambusest-kandelina-22-e1711569678937.jpg\" \/>\n\t<meta property=\"og:image:width\" content=\"500\" \/>\n\t<meta property=\"og:image:height\" content=\"500\" \/>\n\t<meta property=\"og:image:type\" content=\"image\/jpeg\" \/>\n<meta name=\"twitter:card\" content=\"summary_large_image\" \/>\n<meta name=\"twitter:label1\" content=\"Arvioitu lukuaika\" \/>\n\t<meta name=\"twitter:data1\" content=\"2 minuuttia\" \/>\n<script type=\"application\/ld+json\" class=\"yoast-schema-graph\">{\"@context\":\"https:\\\/\\\/schema.org\",\"@graph\":[{\"@type\":\"WebPage\",\"@id\":\"https:\\\/\\\/beebipai.ee\\\/product\\\/neobulle-bambusest-kandelina-0-12-kuud\\\/\",\"url\":\"https:\\\/\\\/beebipai.ee\\\/product\\\/neobulle-bambusest-kandelina-0-12-kuud\\\/\",\"name\":\"Neobulle bambusest kandelina, 0-12 kuud - Beebipai\",\"isPartOf\":{\"@id\":\"https:\\\/\\\/beebipai.ee\\\/en\\\/#website\"},\"primaryImageOfPage\":{\"@id\":\"https:\\\/\\\/beebipai.ee\\\/product\\\/neobulle-bambusest-kandelina-0-12-kuud\\\/#primaryimage\"},\"image\":{\"@id\":\"https:\\\/\\\/beebipai.ee\\\/product\\\/neobulle-bambusest-kandelina-0-12-kuud\\\/#primaryimage\"},\"thumbnailUrl\":\"https:\\\/\\\/beebipai.ee\\\/wp-content\\\/uploads\\\/2022\\\/06\\\/Neobulle-bambusest-kandelina-22-e1711569678937.jpg\",\"datePublished\":\"2022-06-07T07:31:56+00:00\",\"dateModified\":\"2025-04-28T10:21:16+00:00\",\"description\":\"Neobulle bambusest kandelina on ideaalne beebi esimeseks eluaastaks. Pakub beebile turvalisust ja l\u00e4hedust. Vaata toodet Neobulle bambusest kandelina!\",\"breadcrumb\":{\"@id\":\"https:\\\/\\\/beebipai.ee\\\/product\\\/neobulle-bambusest-kandelina-0-12-kuud\\\/#breadcrumb\"},\"inLanguage\":\"fi\",\"potentialAction\":[{\"@type\":\"ReadAction\",\"target\":[\"https:\\\/\\\/beebipai.ee\\\/product\\\/neobulle-bambusest-kandelina-0-12-kuud\\\/\"]}]},{\"@type\":\"ImageObject\",\"inLanguage\":\"fi\",\"@id\":\"https:\\\/\\\/beebipai.ee\\\/product\\\/neobulle-bambusest-kandelina-0-12-kuud\\\/#primaryimage\",\"url\":\"https:\\\/\\\/beebipai.ee\\\/wp-content\\\/uploads\\\/2022\\\/06\\\/Neobulle-bambusest-kandelina-22-e1711569678937.jpg\",\"contentUrl\":\"https:\\\/\\\/beebipai.ee\\\/wp-content\\\/uploads\\\/2022\\\/06\\\/Neobulle-bambusest-kandelina-22-e1711569678937.jpg\",\"width\":500,\"height\":500},{\"@type\":\"BreadcrumbList\",\"@id\":\"https:\\\/\\\/beebipai.ee\\\/product\\\/neobulle-bambusest-kandelina-0-12-kuud\\\/#breadcrumb\",\"itemListElement\":[{\"@type\":\"ListItem\",\"position\":1,\"name\":\"Home\",\"item\":\"https:\\\/\\\/beebipai.ee\\\/\"},{\"@type\":\"ListItem\",\"position\":2,\"name\":\"Pood\",\"item\":\"https:\\\/\\\/beebipai.ee\\\/store\\\/\"},{\"@type\":\"ListItem\",\"position\":3,\"name\":\"Neobulle bambusest kandelina, 0-12 kuud\"}]},{\"@type\":\"WebSite\",\"@id\":\"https:\\\/\\\/beebipai.ee\\\/en\\\/#website\",\"url\":\"https:\\\/\\\/beebipai.ee\\\/en\\\/\",\"name\":\"Beebipai\",\"description\":\"Rasedate ja beebide veebipood\",\"potentialAction\":[{\"@type\":\"SearchAction\",\"target\":{\"@type\":\"EntryPoint\",\"urlTemplate\":\"https:\\\/\\\/beebipai.ee\\\/en\\\/?s={search_term_string}\"},\"query-input\":{\"@type\":\"PropertyValueSpecification\",\"valueRequired\":true,\"valueName\":\"search_term_string\"}}],\"inLanguage\":\"fi\"}]}<\/script>\n<!-- \/ Yoast SEO plugin. -->","yoast_head_json":{"title":"Neobulle bambusest kandelina, 0-12 kuud - Beebipai","description":"Neobulle bambusest kandelina on ideaalne beebi esimeseks eluaastaks. Pakub beebile turvalisust ja l\u00e4hedust. Vaata toodet Neobulle bambusest kandelina!","robots":{"index":"index","follow":"follow","max-snippet":"max-snippet:-1","max-image-preview":"max-image-preview:large","max-video-preview":"max-video-preview:-1"},"canonical":"https:\/\/beebipai.ee\/fi\/product\/neobulle-bambusest-kandelina-0-12-kuud\/","og_locale":"fi_FI","og_type":"article","og_title":"Neobulle bambusest kandelina, 0-12 kuud - Beebipai","og_description":"Neobulle bambusest kandelina on ideaalne beebi esimeseks eluaastaks. Pakub beebile turvalisust ja l\u00e4hedust. Vaata toodet Neobulle bambusest kandelina!","og_url":"https:\/\/beebipai.ee\/fi\/product\/neobulle-bambusest-kandelina-0-12-kuud\/","og_site_name":"Beebipai","article_modified_time":"2025-04-28T10:21:16+00:00","og_image":[{"width":500,"height":500,"url":"https:\/\/beebipai.ee\/wp-content\/uploads\/2022\/06\/Neobulle-bambusest-kandelina-22-e1711569678937.jpg","type":"image\/jpeg"}],"twitter_card":"summary_large_image","twitter_misc":{"Arvioitu lukuaika":"2 minuuttia"},"schema":{"@context":"https:\/\/schema.org","@graph":[{"@type":"WebPage","@id":"https:\/\/beebipai.ee\/product\/neobulle-bambusest-kandelina-0-12-kuud\/","url":"https:\/\/beebipai.ee\/product\/neobulle-bambusest-kandelina-0-12-kuud\/","name":"Neobulle bambusest kandelina, 0-12 kuud - Beebipai","isPartOf":{"@id":"https:\/\/beebipai.ee\/en\/#website"},"primaryImageOfPage":{"@id":"https:\/\/beebipai.ee\/product\/neobulle-bambusest-kandelina-0-12-kuud\/#primaryimage"},"image":{"@id":"https:\/\/beebipai.ee\/product\/neobulle-bambusest-kandelina-0-12-kuud\/#primaryimage"},"thumbnailUrl":"https:\/\/beebipai.ee\/wp-content\/uploads\/2022\/06\/Neobulle-bambusest-kandelina-22-e1711569678937.jpg","datePublished":"2022-06-07T07:31:56+00:00","dateModified":"2025-04-28T10:21:16+00:00","description":"Neobulle bambusest kandelina on ideaalne beebi esimeseks eluaastaks. Pakub beebile turvalisust ja l\u00e4hedust. Vaata toodet Neobulle bambusest kandelina!","breadcrumb":{"@id":"https:\/\/beebipai.ee\/product\/neobulle-bambusest-kandelina-0-12-kuud\/#breadcrumb"},"inLanguage":"fi","potentialAction":[{"@type":"ReadAction","target":["https:\/\/beebipai.ee\/product\/neobulle-bambusest-kandelina-0-12-kuud\/"]}]},{"@type":"ImageObject","inLanguage":"fi","@id":"https:\/\/beebipai.ee\/product\/neobulle-bambusest-kandelina-0-12-kuud\/#primaryimage","url":"https:\/\/beebipai.ee\/wp-content\/uploads\/2022\/06\/Neobulle-bambusest-kandelina-22-e1711569678937.jpg","contentUrl":"https:\/\/beebipai.ee\/wp-content\/uploads\/2022\/06\/Neobulle-bambusest-kandelina-22-e1711569678937.jpg","width":500,"height":500},{"@type":"BreadcrumbList","@id":"https:\/\/beebipai.ee\/product\/neobulle-bambusest-kandelina-0-12-kuud\/#breadcrumb","itemListElement":[{"@type":"ListItem","position":1,"name":"Home","item":"https:\/\/beebipai.ee\/"},{"@type":"ListItem","position":2,"name":"Pood","item":"https:\/\/beebipai.ee\/store\/"},{"@type":"ListItem","position":3,"name":"Neobulle bambusest kandelina, 0-12 kuud"}]},{"@type":"WebSite","@id":"https:\/\/beebipai.ee\/en\/#website","url":"https:\/\/beebipai.ee\/en\/","name":"Beebipai","description":"Rasedate ja beebide veebipood","potentialAction":[{"@type":"SearchAction","target":{"@type":"EntryPoint","urlTemplate":"https:\/\/beebipai.ee\/en\/?s={search_term_string}"},"query-input":{"@type":"PropertyValueSpecification","valueRequired":true,"valueName":"search_term_string"}}],"inLanguage":"fi"}]}},"_links":{"self":[{"href":"https:\/\/beebipai.ee\/fi\/wp-json\/wp\/v2\/product\/4095","targetHints":{"allow":["GET"]}}],"collection":[{"href":"https:\/\/beebipai.ee\/fi\/wp-json\/wp\/v2\/product"}],"about":[{"href":"https:\/\/beebipai.ee\/fi\/wp-json\/wp\/v2\/types\/product"}],"version-history":[{"count":5,"href":"https:\/\/beebipai.ee\/fi\/wp-json\/wp\/v2\/product\/4095\/revisions"}],"predecessor-version":[{"id":10442,"href":"https:\/\/beebipai.ee\/fi\/wp-json\/wp\/v2\/product\/4095\/revisions\/10442"}],"wp:featuredmedia":[{"embeddable":true,"href":"https:\/\/beebipai.ee\/fi\/wp-json\/wp\/v2\/media\/10415"}],"wp:attachment":[{"href":"https:\/\/beebipai.ee\/fi\/wp-json\/wp\/v2\/media?parent=4095"}],"wp:term":[{"taxonomy":"product_brand","embeddable":true,"href":"https:\/\/beebipai.ee\/fi\/wp-json\/wp\/v2\/product_brand?post=4095"},{"taxonomy":"product_cat","embeddable":true,"href":"https:\/\/beebipai.ee\/fi\/wp-json\/wp\/v2\/product_cat?post=4095"},{"taxonomy":"product_tag","embeddable":true,"href":"https:\/\/beebipai.ee\/fi\/wp-json\/wp\/v2\/product_tag?post=4095"}],"curies":[{"name":"wp","href":"https:\/\/api.w.org\/{rel}","templated":true}]}}