{"id":3805,"date":"2022-05-28T16:09:01","date_gmt":"2022-05-28T13:09:01","guid":{"rendered":"https:\/\/beebipai.ee\/?post_type=product&#038;p=3805"},"modified":"2026-02-11T14:15:47","modified_gmt":"2026-02-11T12:15:47","slug":"faith-in-nature-looduslik-dusigeel-avokaadoga-400-ml","status":"publish","type":"product","link":"https:\/\/beebipai.ee\/fi\/product\/faith-in-nature-looduslik-dusigeel-avokaadoga-400-ml\/","title":{"rendered":"Faith in Nature luonnollinen suihkugeeli avokado\u00f6ljyll\u00e4, 400 ml"},"content":{"rendered":"<div data-elementor-type=\"wp-post\" data-elementor-id=\"3805\" class=\"elementor elementor-3805\">\n\t\t\t\t\t\t<section class=\"elementor-section elementor-top-section elementor-element elementor-element-ef14b91 elementor-section-boxed elementor-section-height-default elementor-section-height-default\" data-id=\"ef14b91\" data-element_type=\"section\" data-e-type=\"section\">\n\t\t\t\t\t\t<div class=\"elementor-container elementor-column-gap-default\">\n\t\t\t\t\t<div class=\"elementor-column elementor-col-50 elementor-top-column elementor-element elementor-element-fc8a930\" data-id=\"fc8a930\" data-element_type=\"column\" data-e-type=\"column\">\n\t\t\t<div class=\"elementor-widget-wrap elementor-element-populated\">\n\t\t\t\t\t\t<div class=\"elementor-element elementor-element-094ecc3 elementor-widget elementor-widget-heading\" data-id=\"094ecc3\" data-element_type=\"widget\" data-e-type=\"widget\" data-widget_type=\"heading.default\">\n\t\t\t\t<div class=\"elementor-widget-container\">\n\t\t\t\t\t<h2 class=\"elementor-heading-title elementor-size-default\">Faith in Nature luonnollinen suihkugeeli avokado\u00f6ljyll\u00e4<\/h2>\t\t\t\t<\/div>\n\t\t\t\t<\/div>\n\t\t\t\t<div class=\"elementor-element elementor-element-cf1fc66 elementor-widget elementor-widget-text-editor\" data-id=\"cf1fc66\" data-element_type=\"widget\" data-e-type=\"widget\" data-widget_type=\"text-editor.default\">\n\t\t\t\t<div class=\"elementor-widget-container\">\n\t\t\t\t\t\t\t\t\t<p>Kehossa tapahtuu monia muutoksia raskauden aikana. Ja vaikka n\u00e4m\u00e4 muutokset ovat eritt\u00e4in my\u00f6nteisi\u00e4 kasvavalle vauvalle, ne eiv\u00e4t aina ole iloisia odottavan \u00e4idin kannalta. On naisia, joiden iho loistaa raskauden aikana ja kaikki on paremmin kuin ennen, mutta on my\u00f6s naisia, jotka eiv\u00e4t yll\u00e4ty ihostaan \u200b\u200braskauden aikana positiivisimmin. Rasvainen iho, kutiseva iho, venytysmerkit, akne, kuiva iho \u2013 n\u00e4m\u00e4 voivat tulla suurena yll\u00e4tyksen\u00e4 raskauden aikana kauniin ja kiilt\u00e4v\u00e4n ihon sijaan. Hormonaaliset muutokset raskauden aikana ovat syyllisi\u00e4.<\/p><p>Jos ihossasi tapahtuu odottamattomia muutoksia, joskus hyvin yksinkertainen l\u00e4\u00e4ke riitt\u00e4\u00e4. Korvaa perinteiset hoitotuotteet luonnollisilla ja luomutuotteilla. T\u00e4ss\u00e4 tapauksessa muut iholle levitett\u00e4v\u00e4t hoitotuotteet, kuten voiteet ja \u00f6ljyt, tulee valita huolellisemmin ja varovaisemmin<\/p><p>Raskaustuotteiden tulee olla luonnollisia eiv\u00e4tk\u00e4 sis\u00e4ll\u00e4 parabeeneja, SLS:\u00e4\u00e4 (Sodium Lauryl Sulfate), bentsoyyliperoksidia, hydrokinonia, salisyylihappoa, tetrasykliini\u00e4 tai retinoideja.\u00a0<\/p>\t\t\t\t\t\t\t\t<\/div>\n\t\t\t\t<\/div>\n\t\t\t\t\t<\/div>\n\t\t<\/div>\n\t\t\t\t<div class=\"elementor-column elementor-col-50 elementor-top-column elementor-element elementor-element-50b8048\" data-id=\"50b8048\" data-element_type=\"column\" data-e-type=\"column\">\n\t\t\t<div class=\"elementor-widget-wrap elementor-element-populated\">\n\t\t\t\t\t\t<div class=\"elementor-element elementor-element-60932b9 elementor-widget elementor-widget-image\" data-id=\"60932b9\" data-element_type=\"widget\" data-e-type=\"widget\" data-widget_type=\"image.default\">\n\t\t\t\t<div class=\"elementor-widget-container\">\n\t\t\t\t\t\t\t\t\t\t\t\t\t\t\t<img fetchpriority=\"high\" decoding=\"async\" width=\"1024\" height=\"682\" src=\"https:\/\/beebipai.ee\/wp-content\/uploads\/2022\/05\/Faith-in-nature-looduslik-dusigeel2-1024x682.webp\" class=\"attachment-large size-large wp-image-3799\" alt=\"\" srcset=\"https:\/\/beebipai.ee\/wp-content\/uploads\/2022\/05\/Faith-in-nature-looduslik-dusigeel2-1024x682.webp 1024w, https:\/\/beebipai.ee\/wp-content\/uploads\/2022\/05\/Faith-in-nature-looduslik-dusigeel2-e1653743443834-300x200.webp 300w, https:\/\/beebipai.ee\/wp-content\/uploads\/2022\/05\/Faith-in-nature-looduslik-dusigeel2-768x512.webp 768w, https:\/\/beebipai.ee\/wp-content\/uploads\/2022\/05\/Faith-in-nature-looduslik-dusigeel2-e1653743443834-18x12.webp 18w, https:\/\/beebipai.ee\/wp-content\/uploads\/2022\/05\/Faith-in-nature-looduslik-dusigeel2-600x400.webp 600w, https:\/\/beebipai.ee\/wp-content\/uploads\/2022\/05\/Faith-in-nature-looduslik-dusigeel2-e1653743443834.webp 400w\" sizes=\"(max-width: 1024px) 100vw, 1024px\" \/>\t\t\t\t\t\t\t\t\t\t\t\t\t\t\t<\/div>\n\t\t\t\t<\/div>\n\t\t\t\t\t<\/div>\n\t\t<\/div>\n\t\t\t\t\t<\/div>\n\t\t<\/section>\n\t\t\t\t<section class=\"elementor-section elementor-top-section elementor-element elementor-element-132909c elementor-section-boxed elementor-section-height-default elementor-section-height-default\" data-id=\"132909c\" data-element_type=\"section\" data-e-type=\"section\">\n\t\t\t\t\t\t<div class=\"elementor-container elementor-column-gap-default\">\n\t\t\t\t\t<div class=\"elementor-column elementor-col-50 elementor-top-column elementor-element elementor-element-1485d4e\" data-id=\"1485d4e\" data-element_type=\"column\" data-e-type=\"column\">\n\t\t\t<div class=\"elementor-widget-wrap elementor-element-populated\">\n\t\t\t\t\t\t<div class=\"elementor-element elementor-element-8d55ce9 elementor-widget elementor-widget-text-editor\" data-id=\"8d55ce9\" data-element_type=\"widget\" data-e-type=\"widget\" data-widget_type=\"text-editor.default\">\n\t\t\t\t<div class=\"elementor-widget-container\">\n\t\t\t\t\t\t\t\t\t<p>Faith in Nature luonnollinen vegaaninen suihkugeeli puhdistaa ihon hell\u00e4sti ja luonnollisesti rikkomatta ihon omaa luonnollista suojakerrosta. Runsaasti antioksidantteja, rasvahappoja, A-, B- ja E-vitamiineja sis\u00e4lt\u00e4v\u00e4 avokado\u00f6ljy ravitsee ihoa runsaasti ja kosteuttaa sit\u00e4 intensiivisesti. J\u00e4tt\u00e4\u00e4 ihon miellytt\u00e4v\u00e4n pehme\u00e4ksi. Mieto ja miellytt\u00e4v\u00e4 tuoksu.\u00a0<\/p><p>Kun k\u00e4yt\u00e4t suihkugeelin\u00e4, levit\u00e4 tuotetta kostealle iholle tai pesusienell\u00e4. Kun k\u00e4yt\u00e4t kylpyvaahtona, lis\u00e4\u00e4 veteen veden juokseessa.<\/p><p>Tuote ei sis\u00e4ll\u00e4 parabeeneja tai SLS-yhdisteit\u00e4. Suihkugeelin tuoksu tulee 100 % luonnollisista tuoksuista. Tuote sopii my\u00f6s vegaaneille.\u00a0<\/p><p>Tuotepakkaukset on valmistettu kierr\u00e4tetyist\u00e4 materiaaleista, mik\u00e4 edist\u00e4\u00e4 ekologista jalanj\u00e4lke\u00e4.<\/p>\t\t\t\t\t\t\t\t<\/div>\n\t\t\t\t<\/div>\n\t\t\t\t\t<\/div>\n\t\t<\/div>\n\t\t\t\t<div class=\"elementor-column elementor-col-50 elementor-top-column elementor-element elementor-element-ac6fcd5\" data-id=\"ac6fcd5\" data-element_type=\"column\" data-e-type=\"column\">\n\t\t\t<div class=\"elementor-widget-wrap elementor-element-populated\">\n\t\t\t\t\t\t<div class=\"elementor-element elementor-element-48fd5d5 elementor-widget elementor-widget-image\" data-id=\"48fd5d5\" data-element_type=\"widget\" data-e-type=\"widget\" data-widget_type=\"image.default\">\n\t\t\t\t<div class=\"elementor-widget-container\">\n\t\t\t\t\t\t\t\t\t\t\t\t\t\t\t<img decoding=\"async\" width=\"400\" height=\"302\" src=\"https:\/\/beebipai.ee\/wp-content\/uploads\/2022\/05\/Faith-in-Nature-looduslik-sampoon-avokaadoga-e1653743787323.webp\" class=\"attachment-large size-large wp-image-3790\" alt=\"\" srcset=\"https:\/\/beebipai.ee\/wp-content\/uploads\/2022\/05\/Faith-in-Nature-looduslik-sampoon-avokaadoga-e1653743787323.webp 400w, https:\/\/beebipai.ee\/wp-content\/uploads\/2022\/05\/Faith-in-Nature-looduslik-sampoon-avokaadoga-e1653743787323-300x227.webp 300w, https:\/\/beebipai.ee\/wp-content\/uploads\/2022\/05\/Faith-in-Nature-looduslik-sampoon-avokaadoga-e1653743787323-16x12.webp 16w\" sizes=\"(max-width: 400px) 100vw, 400px\" \/>\t\t\t\t\t\t\t\t\t\t\t\t\t\t\t<\/div>\n\t\t\t\t<\/div>\n\t\t\t\t\t<\/div>\n\t\t<\/div>\n\t\t\t\t\t<\/div>\n\t\t<\/section>\n\t\t\t\t<\/div>","protected":false},"excerpt":{"rendered":"<p>Faith in Nature -suihkugeelill\u00e4 avokado\u00f6ljyll\u00e4 on syv\u00e4ravitsevia ja kosteuttavia ominaisuuksia. Rikkaiden ominaisuuksiensa ansiosta avokado\u00f6ljy sopii kaikille ihotyypeille. Sopii p\u00e4ivitt\u00e4iseen k\u00e4ytt\u00f6\u00f6n 3-vuotiaasta alkaen sek\u00e4 raskauden ja imetyksen aikana.<\/p>\n<p>Tuote on 99 % luonnollinen, 100 % biohajoava<\/p>\n<p>Valmistettu Englannissa<\/p>","protected":false},"featured_media":3806,"template":"","meta":{"_monsterinsights_skip_tracking":false,"_monsterinsights_sitenote_active":false,"_monsterinsights_sitenote_note":"","_monsterinsights_sitenote_category":0,"site-sidebar-layout":"no-sidebar","site-content-layout":"page-builder","ast-site-content-layout":"full-width-container","site-content-style":"unboxed","site-sidebar-style":"unboxed","ast-global-header-display":"","ast-banner-title-visibility":"","ast-main-header-display":"","ast-hfb-above-header-display":"","ast-hfb-below-header-display":"","ast-hfb-mobile-header-display":"","site-post-title":"disabled","ast-breadcrumbs-content":"","ast-featured-img":"disabled","footer-sml-layout":"","ast-disable-related-posts":"","theme-transparent-header-meta":"default","adv-header-id-meta":"","stick-header-meta":"","header-above-stick-meta":"","header-main-stick-meta":"","header-below-stick-meta":"","astra-migrate-meta-layouts":"set","ast-page-background-enabled":"default","ast-page-background-meta":{"desktop":{"background-color":"","background-image":"","background-repeat":"repeat","background-position":"center center","background-size":"auto","background-attachment":"scroll","background-type":"","background-media":"","overlay-type":"","overlay-color":"","overlay-opacity":"","overlay-gradient":""},"tablet":{"background-color":"","background-image":"","background-repeat":"repeat","background-position":"center center","background-size":"auto","background-attachment":"scroll","background-type":"","background-media":"","overlay-type":"","overlay-color":"","overlay-opacity":"","overlay-gradient":""},"mobile":{"background-color":"","background-image":"","background-repeat":"repeat","background-position":"center center","background-size":"auto","background-attachment":"scroll","background-type":"","background-media":"","overlay-type":"","overlay-color":"","overlay-opacity":"","overlay-gradient":""}},"ast-content-background-meta":{"desktop":{"background-color":"var(--ast-global-color-5)","background-image":"","background-repeat":"repeat","background-position":"center center","background-size":"auto","background-attachment":"scroll","background-type":"","background-media":"","overlay-type":"","overlay-color":"","overlay-opacity":"","overlay-gradient":""},"tablet":{"background-color":"var(--ast-global-color-5)","background-image":"","background-repeat":"repeat","background-position":"center center","background-size":"auto","background-attachment":"scroll","background-type":"","background-media":"","overlay-type":"","overlay-color":"","overlay-opacity":"","overlay-gradient":""},"mobile":{"background-color":"var(--ast-global-color-5)","background-image":"","background-repeat":"repeat","background-position":"center center","background-size":"auto","background-attachment":"scroll","background-type":"","background-media":"","overlay-type":"","overlay-color":"","overlay-opacity":"","overlay-gradient":""}}},"product_brand":[],"product_cat":[112,22],"product_tag":[],"class_list":{"0":"post-3805","1":"product","2":"type-product","3":"status-publish","4":"has-post-thumbnail","6":"product_cat-dusigeelid-sampoonid-palsamid","7":"product_cat-emale","8":"desktop-align-left","9":"tablet-align-left","10":"mobile-align-left","12":"first","13":"instock","14":"sale","15":"taxable","16":"shipping-taxable","17":"purchasable","18":"product-type-simple"},"yoast_head":"<!-- This site is optimized with the Yoast SEO plugin v27.4 - https:\/\/yoast.com\/product\/yoast-seo-wordpress\/ -->\n<title>Faith in Nature looduslik du\u0161igeel avokaado\u00f5liga, 400 ml - Beebipai<\/title>\n<meta name=\"description\" content=\"Faith in nature looduslik du\u0161igeel raseduse ajaks. Toidab ja niisutab. Vaata toodet Faith in nature looduslik du\u0161igeel avokaadoga!\" \/>\n<meta name=\"robots\" content=\"index, follow, max-snippet:-1, max-image-preview:large, max-video-preview:-1\" \/>\n<link rel=\"canonical\" href=\"https:\/\/beebipai.ee\/fi\/product\/faith-in-nature-looduslik-dusigeel-avokaadoga-400-ml\/\" \/>\n<meta property=\"og:locale\" content=\"fi_FI\" \/>\n<meta property=\"og:type\" content=\"article\" \/>\n<meta property=\"og:title\" content=\"Faith in Nature looduslik du\u0161igeel avokaado\u00f5liga, 400 ml - Beebipai\" \/>\n<meta property=\"og:description\" content=\"Faith in nature looduslik du\u0161igeel raseduse ajaks. Toidab ja niisutab. Vaata toodet Faith in nature looduslik du\u0161igeel avokaadoga!\" \/>\n<meta property=\"og:url\" content=\"https:\/\/beebipai.ee\/fi\/product\/faith-in-nature-looduslik-dusigeel-avokaadoga-400-ml\/\" \/>\n<meta property=\"og:site_name\" content=\"Beebipai\" \/>\n<meta property=\"article:modified_time\" content=\"2026-02-11T12:15:47+00:00\" \/>\n<meta property=\"og:image\" content=\"https:\/\/beebipai.ee\/wp-content\/uploads\/2022\/05\/Faith-in-nature-dusigeel-avokaadoga-e1653743221681.webp\" \/>\n\t<meta property=\"og:image:width\" content=\"400\" \/>\n\t<meta property=\"og:image:height\" content=\"400\" \/>\n\t<meta property=\"og:image:type\" content=\"image\/webp\" \/>\n<meta name=\"twitter:card\" content=\"summary_large_image\" \/>\n<meta name=\"twitter:label1\" content=\"Arvioitu lukuaika\" \/>\n\t<meta name=\"twitter:data1\" content=\"1 minuutti\" \/>\n<script type=\"application\/ld+json\" class=\"yoast-schema-graph\">{\"@context\":\"https:\\\/\\\/schema.org\",\"@graph\":[{\"@type\":\"WebPage\",\"@id\":\"https:\\\/\\\/beebipai.ee\\\/product\\\/faith-in-nature-looduslik-dusigeel-avokaadoga-400-ml\\\/\",\"url\":\"https:\\\/\\\/beebipai.ee\\\/product\\\/faith-in-nature-looduslik-dusigeel-avokaadoga-400-ml\\\/\",\"name\":\"Faith in Nature looduslik du\u0161igeel avokaado\u00f5liga, 400 ml - Beebipai\",\"isPartOf\":{\"@id\":\"https:\\\/\\\/beebipai.ee\\\/en\\\/#website\"},\"primaryImageOfPage\":{\"@id\":\"https:\\\/\\\/beebipai.ee\\\/product\\\/faith-in-nature-looduslik-dusigeel-avokaadoga-400-ml\\\/#primaryimage\"},\"image\":{\"@id\":\"https:\\\/\\\/beebipai.ee\\\/product\\\/faith-in-nature-looduslik-dusigeel-avokaadoga-400-ml\\\/#primaryimage\"},\"thumbnailUrl\":\"https:\\\/\\\/beebipai.ee\\\/wp-content\\\/uploads\\\/2022\\\/05\\\/Faith-in-nature-dusigeel-avokaadoga-e1653743221681.webp\",\"datePublished\":\"2022-05-28T13:09:01+00:00\",\"dateModified\":\"2026-02-11T12:15:47+00:00\",\"description\":\"Faith in nature looduslik du\u0161igeel raseduse ajaks. Toidab ja niisutab. Vaata toodet Faith in nature looduslik du\u0161igeel avokaadoga!\",\"breadcrumb\":{\"@id\":\"https:\\\/\\\/beebipai.ee\\\/product\\\/faith-in-nature-looduslik-dusigeel-avokaadoga-400-ml\\\/#breadcrumb\"},\"inLanguage\":\"fi\",\"potentialAction\":[{\"@type\":\"ReadAction\",\"target\":[\"https:\\\/\\\/beebipai.ee\\\/product\\\/faith-in-nature-looduslik-dusigeel-avokaadoga-400-ml\\\/\"]}]},{\"@type\":\"ImageObject\",\"inLanguage\":\"fi\",\"@id\":\"https:\\\/\\\/beebipai.ee\\\/product\\\/faith-in-nature-looduslik-dusigeel-avokaadoga-400-ml\\\/#primaryimage\",\"url\":\"https:\\\/\\\/beebipai.ee\\\/wp-content\\\/uploads\\\/2022\\\/05\\\/Faith-in-nature-dusigeel-avokaadoga-e1653743221681.webp\",\"contentUrl\":\"https:\\\/\\\/beebipai.ee\\\/wp-content\\\/uploads\\\/2022\\\/05\\\/Faith-in-nature-dusigeel-avokaadoga-e1653743221681.webp\",\"width\":400,\"height\":400},{\"@type\":\"BreadcrumbList\",\"@id\":\"https:\\\/\\\/beebipai.ee\\\/product\\\/faith-in-nature-looduslik-dusigeel-avokaadoga-400-ml\\\/#breadcrumb\",\"itemListElement\":[{\"@type\":\"ListItem\",\"position\":1,\"name\":\"Home\",\"item\":\"https:\\\/\\\/beebipai.ee\\\/\"},{\"@type\":\"ListItem\",\"position\":2,\"name\":\"Pood\",\"item\":\"https:\\\/\\\/beebipai.ee\\\/store\\\/\"},{\"@type\":\"ListItem\",\"position\":3,\"name\":\"Faith in Nature looduslik du\u0161igeel avokaado\u00f5liga, 400 ml\"}]},{\"@type\":\"WebSite\",\"@id\":\"https:\\\/\\\/beebipai.ee\\\/en\\\/#website\",\"url\":\"https:\\\/\\\/beebipai.ee\\\/en\\\/\",\"name\":\"Beebipai\",\"description\":\"Rasedate ja beebide veebipood\",\"potentialAction\":[{\"@type\":\"SearchAction\",\"target\":{\"@type\":\"EntryPoint\",\"urlTemplate\":\"https:\\\/\\\/beebipai.ee\\\/en\\\/?s={search_term_string}\"},\"query-input\":{\"@type\":\"PropertyValueSpecification\",\"valueRequired\":true,\"valueName\":\"search_term_string\"}}],\"inLanguage\":\"fi\"}]}<\/script>\n<!-- \/ Yoast SEO plugin. -->","yoast_head_json":{"title":"Faith in Nature looduslik du\u0161igeel avokaado\u00f5liga, 400 ml - Beebipai","description":"Faith in nature looduslik du\u0161igeel raseduse ajaks. Toidab ja niisutab. Vaata toodet Faith in nature looduslik du\u0161igeel avokaadoga!","robots":{"index":"index","follow":"follow","max-snippet":"max-snippet:-1","max-image-preview":"max-image-preview:large","max-video-preview":"max-video-preview:-1"},"canonical":"https:\/\/beebipai.ee\/fi\/product\/faith-in-nature-looduslik-dusigeel-avokaadoga-400-ml\/","og_locale":"fi_FI","og_type":"article","og_title":"Faith in Nature looduslik du\u0161igeel avokaado\u00f5liga, 400 ml - Beebipai","og_description":"Faith in nature looduslik du\u0161igeel raseduse ajaks. Toidab ja niisutab. Vaata toodet Faith in nature looduslik du\u0161igeel avokaadoga!","og_url":"https:\/\/beebipai.ee\/fi\/product\/faith-in-nature-looduslik-dusigeel-avokaadoga-400-ml\/","og_site_name":"Beebipai","article_modified_time":"2026-02-11T12:15:47+00:00","og_image":[{"width":400,"height":400,"url":"https:\/\/beebipai.ee\/wp-content\/uploads\/2022\/05\/Faith-in-nature-dusigeel-avokaadoga-e1653743221681.webp","type":"image\/webp"}],"twitter_card":"summary_large_image","twitter_misc":{"Arvioitu lukuaika":"1 minuutti"},"schema":{"@context":"https:\/\/schema.org","@graph":[{"@type":"WebPage","@id":"https:\/\/beebipai.ee\/product\/faith-in-nature-looduslik-dusigeel-avokaadoga-400-ml\/","url":"https:\/\/beebipai.ee\/product\/faith-in-nature-looduslik-dusigeel-avokaadoga-400-ml\/","name":"Faith in Nature looduslik du\u0161igeel avokaado\u00f5liga, 400 ml - Beebipai","isPartOf":{"@id":"https:\/\/beebipai.ee\/en\/#website"},"primaryImageOfPage":{"@id":"https:\/\/beebipai.ee\/product\/faith-in-nature-looduslik-dusigeel-avokaadoga-400-ml\/#primaryimage"},"image":{"@id":"https:\/\/beebipai.ee\/product\/faith-in-nature-looduslik-dusigeel-avokaadoga-400-ml\/#primaryimage"},"thumbnailUrl":"https:\/\/beebipai.ee\/wp-content\/uploads\/2022\/05\/Faith-in-nature-dusigeel-avokaadoga-e1653743221681.webp","datePublished":"2022-05-28T13:09:01+00:00","dateModified":"2026-02-11T12:15:47+00:00","description":"Faith in nature looduslik du\u0161igeel raseduse ajaks. Toidab ja niisutab. Vaata toodet Faith in nature looduslik du\u0161igeel avokaadoga!","breadcrumb":{"@id":"https:\/\/beebipai.ee\/product\/faith-in-nature-looduslik-dusigeel-avokaadoga-400-ml\/#breadcrumb"},"inLanguage":"fi","potentialAction":[{"@type":"ReadAction","target":["https:\/\/beebipai.ee\/product\/faith-in-nature-looduslik-dusigeel-avokaadoga-400-ml\/"]}]},{"@type":"ImageObject","inLanguage":"fi","@id":"https:\/\/beebipai.ee\/product\/faith-in-nature-looduslik-dusigeel-avokaadoga-400-ml\/#primaryimage","url":"https:\/\/beebipai.ee\/wp-content\/uploads\/2022\/05\/Faith-in-nature-dusigeel-avokaadoga-e1653743221681.webp","contentUrl":"https:\/\/beebipai.ee\/wp-content\/uploads\/2022\/05\/Faith-in-nature-dusigeel-avokaadoga-e1653743221681.webp","width":400,"height":400},{"@type":"BreadcrumbList","@id":"https:\/\/beebipai.ee\/product\/faith-in-nature-looduslik-dusigeel-avokaadoga-400-ml\/#breadcrumb","itemListElement":[{"@type":"ListItem","position":1,"name":"Home","item":"https:\/\/beebipai.ee\/"},{"@type":"ListItem","position":2,"name":"Pood","item":"https:\/\/beebipai.ee\/store\/"},{"@type":"ListItem","position":3,"name":"Faith in Nature looduslik du\u0161igeel avokaado\u00f5liga, 400 ml"}]},{"@type":"WebSite","@id":"https:\/\/beebipai.ee\/en\/#website","url":"https:\/\/beebipai.ee\/en\/","name":"Beebipai","description":"Rasedate ja beebide veebipood","potentialAction":[{"@type":"SearchAction","target":{"@type":"EntryPoint","urlTemplate":"https:\/\/beebipai.ee\/en\/?s={search_term_string}"},"query-input":{"@type":"PropertyValueSpecification","valueRequired":true,"valueName":"search_term_string"}}],"inLanguage":"fi"}]}},"_links":{"self":[{"href":"https:\/\/beebipai.ee\/fi\/wp-json\/wp\/v2\/product\/3805","targetHints":{"allow":["GET"]}}],"collection":[{"href":"https:\/\/beebipai.ee\/fi\/wp-json\/wp\/v2\/product"}],"about":[{"href":"https:\/\/beebipai.ee\/fi\/wp-json\/wp\/v2\/types\/product"}],"version-history":[{"count":5,"href":"https:\/\/beebipai.ee\/fi\/wp-json\/wp\/v2\/product\/3805\/revisions"}],"predecessor-version":[{"id":8854,"href":"https:\/\/beebipai.ee\/fi\/wp-json\/wp\/v2\/product\/3805\/revisions\/8854"}],"wp:featuredmedia":[{"embeddable":true,"href":"https:\/\/beebipai.ee\/fi\/wp-json\/wp\/v2\/media\/3806"}],"wp:attachment":[{"href":"https:\/\/beebipai.ee\/fi\/wp-json\/wp\/v2\/media?parent=3805"}],"wp:term":[{"taxonomy":"product_brand","embeddable":true,"href":"https:\/\/beebipai.ee\/fi\/wp-json\/wp\/v2\/product_brand?post=3805"},{"taxonomy":"product_cat","embeddable":true,"href":"https:\/\/beebipai.ee\/fi\/wp-json\/wp\/v2\/product_cat?post=3805"},{"taxonomy":"product_tag","embeddable":true,"href":"https:\/\/beebipai.ee\/fi\/wp-json\/wp\/v2\/product_tag?post=3805"}],"curies":[{"name":"wp","href":"https:\/\/api.w.org\/{rel}","templated":true}]}}