{"id":3669,"date":"2022-05-24T23:54:37","date_gmt":"2022-05-24T20:54:37","guid":{"rendered":"https:\/\/beebipai.ee\/?post_type=product&#038;p=3669"},"modified":"2023-09-10T19:21:57","modified_gmt":"2023-09-10T16:21:57","slug":"neobulle-orgaaniline-rinnanibusid-rahustav-oli-50-ml","status":"publish","type":"product","link":"https:\/\/beebipai.ee\/fi\/product\/neobulle-orgaaniline-rinnanibusid-rahustav-oli-50-ml\/","title":{"rendered":"Neobulle orgaaninen n\u00e4nnej\u00e4 rauhoittava \u00f6ljy, 50 ml"},"content":{"rendered":"<div data-elementor-type=\"wp-post\" data-elementor-id=\"3669\" class=\"elementor elementor-3669\">\n\t\t\t\t\t\t<section class=\"elementor-section elementor-top-section elementor-element elementor-element-baaaa33 elementor-section-boxed elementor-section-height-default elementor-section-height-default\" data-id=\"baaaa33\" data-element_type=\"section\" data-e-type=\"section\">\n\t\t\t\t\t\t<div class=\"elementor-container elementor-column-gap-default\">\n\t\t\t\t\t<div class=\"elementor-column elementor-col-50 elementor-top-column elementor-element elementor-element-7e06266\" data-id=\"7e06266\" data-element_type=\"column\" data-e-type=\"column\">\n\t\t\t<div class=\"elementor-widget-wrap elementor-element-populated\">\n\t\t\t\t\t\t<div class=\"elementor-element elementor-element-f9b368e elementor-widget elementor-widget-heading\" data-id=\"f9b368e\" data-element_type=\"widget\" data-e-type=\"widget\" data-widget_type=\"heading.default\">\n\t\t\t\t<div class=\"elementor-widget-container\">\n\t\t\t\t\t<h2 class=\"elementor-heading-title elementor-size-default\">Neobulle orgaaninen n\u00e4nnej\u00e4 rauhoittava \u00f6ljy<\/h2>\t\t\t\t<\/div>\n\t\t\t\t<\/div>\n\t\t\t\t<div class=\"elementor-element elementor-element-1a830f9 elementor-widget elementor-widget-text-editor\" data-id=\"1a830f9\" data-element_type=\"widget\" data-e-type=\"widget\" data-widget_type=\"text-editor.default\">\n\t\t\t\t<div class=\"elementor-widget-container\">\n\t\t\t\t\t\t\t\t\t<p>\u00c4idinmaito on paras, luonnollisin ja terveellisin valinta lapsellesi. Maailman terveysj\u00e4rjest\u00f6 suosittelee lapsen yksinomaan imetyst\u00e4 ensimm\u00e4isten 6 kuukauden ajan ja imetyksen jatkamista jatkossa rinnakkain lis\u00e4ruokinnan kanssa.<\/p><p>Rintamaidon monien hy\u00f6dyllisten ominaisuuksien lis\u00e4ksi imett\u00e4minen luo erityisen l\u00e4heisyyden \u00e4idin ja lapsen v\u00e4lille. N\u00e4m\u00e4 hetket sinun ja vauvasi v\u00e4lill\u00e4 ovat ainutlaatuisia.<\/p><p>Imetys auttaa my\u00f6s vauvaa yll\u00e4pit\u00e4m\u00e4\u00e4n ruumiinl\u00e4mp\u00f6\u00e4\u00e4n, tarjoaa ihokosketuksen ja l\u00e4heisyyden. Tarjoaa hoitoa ja turvaa vauvalle.\u00a0<\/p><p>Imetyksen alussa voi kuitenkin tulla takaiskuja, joita ei usein oteta huomioon ja joskus ne voivat v\u00e4hent\u00e4\u00e4 halua jatkaa imetyst\u00e4.<\/p><p>Useimmissa tapauksissa toisena p\u00e4iv\u00e4n\u00e4 n\u00e4nnit ovat tulleet eritt\u00e4in herkiksi, ja aluksi se yleens\u00e4 pahenee ja pahenee. T\u00e4m\u00e4 ei aina tarkoita, ett\u00e4 ruokit vauvaa v\u00e4\u00e4rin tai ett\u00e4 vauvan imemistekniikka on v\u00e4\u00e4r\u00e4. Imetys on uusi taakka rinnoille, mink\u00e4 vuoksi n\u00e4nnit ovat aluksi arkoja.\u00a0<\/p><p>My\u00f6s n\u00e4nnit voivat alkaa punoittaa voimakkaammin, murtua tai kehitty\u00e4 halkeamia. Kaikki t\u00e4m\u00e4 aiheuttaa naiselle kipua, ja se on yksinkertaista ja helppoa, kun mieleen tulee ajatukset luopumisesta.<\/p><p>Tied\u00e4, ett\u00e4 on mahdollista lievitt\u00e4\u00e4 n\u00e4nnin herkkyytt\u00e4 ja auttaa itse\u00e4si ja vauvaasi. Vauvan ensimm\u00e4isen elinviikon j\u00e4lkeen rinta alkaa my\u00f6s tottua uuteen kuormitukseen ja herkkyys h\u00e4vi\u00e4\u00e4 hitaasti.<\/p>\t\t\t\t\t\t\t\t<\/div>\n\t\t\t\t<\/div>\n\t\t\t\t\t<\/div>\n\t\t<\/div>\n\t\t\t\t<div class=\"elementor-column elementor-col-50 elementor-top-column elementor-element elementor-element-e738524\" data-id=\"e738524\" data-element_type=\"column\" data-e-type=\"column\">\n\t\t\t<div class=\"elementor-widget-wrap elementor-element-populated\">\n\t\t\t\t\t\t<div class=\"elementor-element elementor-element-50ac2f2 elementor-widget elementor-widget-image\" data-id=\"50ac2f2\" data-element_type=\"widget\" data-e-type=\"widget\" data-widget_type=\"image.default\">\n\t\t\t\t<div class=\"elementor-widget-container\">\n\t\t\t\t\t\t\t\t\t\t\t\t\t\t\t<img fetchpriority=\"high\" decoding=\"async\" width=\"681\" height=\"1024\" src=\"https:\/\/beebipai.ee\/wp-content\/uploads\/2022\/05\/Neobulle-rinnanibuoli5-1-681x1024.jpg\" class=\"attachment-large size-large wp-image-3676\" alt=\"\" srcset=\"https:\/\/beebipai.ee\/wp-content\/uploads\/2022\/05\/Neobulle-rinnanibuoli5-1-681x1024.jpg 681w, https:\/\/beebipai.ee\/wp-content\/uploads\/2022\/05\/Neobulle-rinnanibuoli5-1-e1653461246724-199x300.jpg 199w, https:\/\/beebipai.ee\/wp-content\/uploads\/2022\/05\/Neobulle-rinnanibuoli5-1-e1653461246724-8x12.jpg 8w, https:\/\/beebipai.ee\/wp-content\/uploads\/2022\/05\/Neobulle-rinnanibuoli5-1-600x903.jpg 600w, https:\/\/beebipai.ee\/wp-content\/uploads\/2022\/05\/Neobulle-rinnanibuoli5-1-e1653461246724.jpg 400w\" sizes=\"(max-width: 681px) 100vw, 681px\" \/>\t\t\t\t\t\t\t\t\t\t\t\t\t\t\t<\/div>\n\t\t\t\t<\/div>\n\t\t\t\t\t<\/div>\n\t\t<\/div>\n\t\t\t\t\t<\/div>\n\t\t<\/section>\n\t\t\t\t<section class=\"elementor-section elementor-top-section elementor-element elementor-element-57ab4b1 elementor-section-boxed elementor-section-height-default elementor-section-height-default\" data-id=\"57ab4b1\" data-element_type=\"section\" data-e-type=\"section\">\n\t\t\t\t\t\t<div class=\"elementor-container elementor-column-gap-default\">\n\t\t\t\t\t<div class=\"elementor-column elementor-col-50 elementor-top-column elementor-element elementor-element-cf89f50\" data-id=\"cf89f50\" data-element_type=\"column\" data-e-type=\"column\">\n\t\t\t<div class=\"elementor-widget-wrap elementor-element-populated\">\n\t\t\t\t\t\t<div class=\"elementor-element elementor-element-8ee1557 elementor-widget elementor-widget-image\" data-id=\"8ee1557\" data-element_type=\"widget\" data-e-type=\"widget\" data-widget_type=\"image.default\">\n\t\t\t\t<div class=\"elementor-widget-container\">\n\t\t\t\t\t\t\t\t\t\t\t\t\t\t\t<img decoding=\"async\" width=\"400\" height=\"400\" src=\"https:\/\/beebipai.ee\/wp-content\/uploads\/2022\/05\/Neobulle-rindasid-rahustav-oli1-e1653461888942.webp\" class=\"attachment-large size-large wp-image-3673\" alt=\"\" srcset=\"https:\/\/beebipai.ee\/wp-content\/uploads\/2022\/05\/Neobulle-rindasid-rahustav-oli1-e1653461888942.webp 400w, https:\/\/beebipai.ee\/wp-content\/uploads\/2022\/05\/Neobulle-rindasid-rahustav-oli1-e1653461888942-300x300.webp 300w, https:\/\/beebipai.ee\/wp-content\/uploads\/2022\/05\/Neobulle-rindasid-rahustav-oli1-e1653461888942-150x150.webp 150w, https:\/\/beebipai.ee\/wp-content\/uploads\/2022\/05\/Neobulle-rindasid-rahustav-oli1-e1653461888942-12x12.webp 12w, https:\/\/beebipai.ee\/wp-content\/uploads\/2022\/05\/Neobulle-rindasid-rahustav-oli1-e1653461888942-100x100.webp 100w\" sizes=\"(max-width: 400px) 100vw, 400px\" \/>\t\t\t\t\t\t\t\t\t\t\t\t\t\t\t<\/div>\n\t\t\t\t<\/div>\n\t\t\t\t\t<\/div>\n\t\t<\/div>\n\t\t\t\t<div class=\"elementor-column elementor-col-50 elementor-top-column elementor-element elementor-element-82a16e3\" data-id=\"82a16e3\" data-element_type=\"column\" data-e-type=\"column\">\n\t\t\t<div class=\"elementor-widget-wrap elementor-element-populated\">\n\t\t\t\t\t\t<div class=\"elementor-element elementor-element-656cbfa elementor-widget elementor-widget-text-editor\" data-id=\"656cbfa\" data-element_type=\"widget\" data-e-type=\"widget\" data-widget_type=\"text-editor.default\">\n\t\t\t\t<div class=\"elementor-widget-container\">\n\t\t\t\t\t\t\t\t\t<p>Neobulle Soothing Nipple Oil -\u00f6ljyll\u00e4 on kolminkertainen vaikutus. \u00d6ljy rauhoittaa, tukee ja suojaa herkki\u00e4 ja herkki\u00e4 n\u00e4nnej\u00e4. Nestem\u00e4inen ja herkk\u00e4 hieronta\u00f6ljy on helppo levitt\u00e4\u00e4. \u00d6ljyn l\u00e4mmitt\u00e4v\u00e4 vaikutus edist\u00e4\u00e4 imetyst\u00e4 ja tekee maidon helpommin saatavilla vauvalle. Rauhoittaa ja ravitsee n\u00e4nnialueen ohutta ihoa.\u00a0<\/p><p>\u00d6ljy ei sis\u00e4ll\u00e4 eteerisi\u00e4 \u00f6ljyj\u00e4 ja on hajusteeton.\u00a0<\/p><p>Levit\u00e4 \u00f6ljy\u00e4 rintoihin imetysten v\u00e4lill\u00e4. Rintojen pesu ennen ruokintaa ei ole v\u00e4ltt\u00e4m\u00e4t\u00f6nt\u00e4<\/p>\t\t\t\t\t\t\t\t<\/div>\n\t\t\t\t<\/div>\n\t\t\t\t\t<\/div>\n\t\t<\/div>\n\t\t\t\t\t<\/div>\n\t\t<\/section>\n\t\t\t\t<section class=\"elementor-section elementor-top-section elementor-element elementor-element-8001898 elementor-section-boxed elementor-section-height-default elementor-section-height-default\" data-id=\"8001898\" data-element_type=\"section\" data-e-type=\"section\">\n\t\t\t\t\t\t<div class=\"elementor-container elementor-column-gap-default\">\n\t\t\t\t\t<div class=\"elementor-column elementor-col-50 elementor-top-column elementor-element elementor-element-f83fe70\" data-id=\"f83fe70\" data-element_type=\"column\" data-e-type=\"column\">\n\t\t\t<div class=\"elementor-widget-wrap elementor-element-populated\">\n\t\t\t\t\t\t<div class=\"elementor-element elementor-element-ffeb754 elementor-widget elementor-widget-text-editor\" data-id=\"ffeb754\" data-element_type=\"widget\" data-e-type=\"widget\" data-widget_type=\"text-editor.default\">\n\t\t\t\t<div class=\"elementor-widget-container\">\n\t\t\t\t\t\t\t\t\t<p>\u00c4l\u00e4 unohda huolehtia imett\u00e4misest\u00e4 mahdollisimman helposti.<\/p><p>Rinta ei vaadi erityist\u00e4 valmistelua imetyst\u00e4 varten. Rinta on aina puhdas ja valmis. N\u00e4nni\u00e4 ei tietenk\u00e4\u00e4n tule k\u00e4sitell\u00e4 desinfiointiaineilla, kuten briljanttivihre\u00e4ll\u00e4.<\/p><p>Rinta voidaan tarjota viile\u00e4n\u00e4 imetyksen j\u00e4lkeen ja l\u00e4mpim\u00e4n\u00e4 ennen imetyst\u00e4. T\u00e4m\u00e4 v\u00e4hent\u00e4\u00e4 turvotukseen liittyv\u00e4\u00e4 ep\u00e4mukavuutta ja edist\u00e4\u00e4 maidon virtausta.<\/p><p>Juo tarpeeksi, nestett\u00e4 tarvitaan 1,5-2 litraa, jotta my\u00f6s imetys sujuu ongelmitta.<\/p><p>Jos vauva sy\u00f6 tarpeeksi rinnassa (v\u00e4hint\u00e4\u00e4n 8 ateriaa p\u00e4iv\u00e4ss\u00e4), her\u00e4\u00e4 ajoissa sy\u00f6m\u00e4\u00e4n, painonnousu on normaalia, virtsaa - silloin rintaruokittu lapsi s\u00e4\u00e4telee itse ruokailuaikansa. Rintoja ei my\u00f6sk\u00e4\u00e4n t\u00e4ss\u00e4 tapauksessa tarvitse lyps\u00e4t\u00e4. Vauva s\u00e4\u00e4telee my\u00f6s tarvitsemansa maidon m\u00e4\u00e4r\u00e4\u00e4.<\/p><p>K\u00e4yt\u00e4 tukevia rintaliivej\u00e4 tukemaan maidosta raskaampia rintoja. Rintaliivit voisivat olla ihoyst\u00e4v\u00e4llist\u00e4 materiaalia, eiv\u00e4tk\u00e4 ne saa puristaa mist\u00e4\u00e4n.<\/p>\t\t\t\t\t\t\t\t<\/div>\n\t\t\t\t<\/div>\n\t\t\t\t\t<\/div>\n\t\t<\/div>\n\t\t\t\t<div class=\"elementor-column elementor-col-50 elementor-top-column elementor-element elementor-element-3637169\" data-id=\"3637169\" data-element_type=\"column\" data-e-type=\"column\">\n\t\t\t<div class=\"elementor-widget-wrap elementor-element-populated\">\n\t\t\t\t\t\t<div class=\"elementor-element elementor-element-35eb7e1 elementor-widget elementor-widget-image\" data-id=\"35eb7e1\" data-element_type=\"widget\" data-e-type=\"widget\" data-widget_type=\"image.default\">\n\t\t\t\t<div class=\"elementor-widget-container\">\n\t\t\t\t\t\t\t\t\t\t\t\t\t\t\t<img decoding=\"async\" width=\"390\" height=\"565\" src=\"https:\/\/beebipai.ee\/wp-content\/uploads\/2022\/05\/Neobulle-rahustav-rinnaoli2.jpg\" class=\"attachment-large size-large wp-image-3671\" alt=\"\" srcset=\"https:\/\/beebipai.ee\/wp-content\/uploads\/2022\/05\/Neobulle-rahustav-rinnaoli2.jpg 390w, https:\/\/beebipai.ee\/wp-content\/uploads\/2022\/05\/Neobulle-rahustav-rinnaoli2-207x300.jpg 207w, https:\/\/beebipai.ee\/wp-content\/uploads\/2022\/05\/Neobulle-rahustav-rinnaoli2-8x12.jpg 8w\" sizes=\"(max-width: 390px) 100vw, 390px\" \/>\t\t\t\t\t\t\t\t\t\t\t\t\t\t\t<\/div>\n\t\t\t\t<\/div>\n\t\t\t\t\t<\/div>\n\t\t<\/div>\n\t\t\t\t\t<\/div>\n\t\t<\/section>\n\t\t\t\t<\/div>","protected":false},"excerpt":{"rendered":"<p>Neobulle n\u00e4nnej\u00e4 rauhoittava \u00f6ljy on erinomainen apulainen imett\u00e4ville \u00e4ideille. Lievitt\u00e4\u00e4 n\u00e4nnin herkkyytt\u00e4 ja rauhoittaa n\u00e4nnej\u00e4, se tukee ja rohkaisee jatkuvaa imetyst\u00e4. \u00d6ljyn l\u00e4mmitt\u00e4v\u00e4 vaikutus edist\u00e4\u00e4 maidon virtausta, jolloin maito on helpommin saatavilla vauvalle.<\/p>\n<p>100% ainesosista tulee luomuviljelyst\u00e4<\/p>\n<p>Tehty Ranskassa<\/p>","protected":false},"featured_media":5868,"template":"","meta":{"_monsterinsights_skip_tracking":false,"_monsterinsights_sitenote_active":false,"_monsterinsights_sitenote_note":"","_monsterinsights_sitenote_category":0,"site-sidebar-layout":"no-sidebar","site-content-layout":"page-builder","ast-site-content-layout":"full-width-container","site-content-style":"unboxed","site-sidebar-style":"unboxed","ast-global-header-display":"","ast-banner-title-visibility":"","ast-main-header-display":"","ast-hfb-above-header-display":"","ast-hfb-below-header-display":"","ast-hfb-mobile-header-display":"","site-post-title":"disabled","ast-breadcrumbs-content":"","ast-featured-img":"disabled","footer-sml-layout":"","ast-disable-related-posts":"","theme-transparent-header-meta":"default","adv-header-id-meta":"","stick-header-meta":"","header-above-stick-meta":"","header-main-stick-meta":"","header-below-stick-meta":"","astra-migrate-meta-layouts":"set","ast-page-background-enabled":"default","ast-page-background-meta":{"desktop":{"background-color":"","background-image":"","background-repeat":"repeat","background-position":"center center","background-size":"auto","background-attachment":"scroll","background-type":"","background-media":"","overlay-type":"","overlay-color":"","overlay-opacity":"","overlay-gradient":""},"tablet":{"background-color":"","background-image":"","background-repeat":"repeat","background-position":"center center","background-size":"auto","background-attachment":"scroll","background-type":"","background-media":"","overlay-type":"","overlay-color":"","overlay-opacity":"","overlay-gradient":""},"mobile":{"background-color":"","background-image":"","background-repeat":"repeat","background-position":"center center","background-size":"auto","background-attachment":"scroll","background-type":"","background-media":"","overlay-type":"","overlay-color":"","overlay-opacity":"","overlay-gradient":""}},"ast-content-background-meta":{"desktop":{"background-color":"var(--ast-global-color-5)","background-image":"","background-repeat":"repeat","background-position":"center center","background-size":"auto","background-attachment":"scroll","background-type":"","background-media":"","overlay-type":"","overlay-color":"","overlay-opacity":"","overlay-gradient":""},"tablet":{"background-color":"var(--ast-global-color-5)","background-image":"","background-repeat":"repeat","background-position":"center center","background-size":"auto","background-attachment":"scroll","background-type":"","background-media":"","overlay-type":"","overlay-color":"","overlay-opacity":"","overlay-gradient":""},"mobile":{"background-color":"var(--ast-global-color-5)","background-image":"","background-repeat":"repeat","background-position":"center center","background-size":"auto","background-attachment":"scroll","background-type":"","background-media":"","overlay-type":"","overlay-color":"","overlay-opacity":"","overlay-gradient":""}}},"product_brand":[],"product_cat":[22,103],"product_tag":[],"class_list":{"0":"post-3669","1":"product","2":"type-product","3":"status-publish","4":"has-post-thumbnail","6":"product_cat-emale","7":"product_cat-imetamine","8":"desktop-align-left","9":"tablet-align-left","10":"mobile-align-left","12":"first","13":"instock","14":"taxable","15":"shipping-taxable","16":"purchasable","17":"product-type-simple"},"yoast_head":"<!-- This site is optimized with the Yoast SEO plugin v27.3 - https:\/\/yoast.com\/product\/yoast-seo-wordpress\/ -->\n<title>Neobulle orgaaniline rinnanibusid rahustav \u00f5li, 50 ml - Beebipai<\/title>\n<meta name=\"description\" content=\"Neobulle orgaaniline rinnanibusid rahustav \u00f5li leevendab kiiresti rinnanibude valulikkuse. Vaata toodet Neobulle orgaaniline rinnanibusid rahustav \u00f5li!\" \/>\n<meta name=\"robots\" content=\"index, follow, max-snippet:-1, max-image-preview:large, max-video-preview:-1\" \/>\n<link rel=\"canonical\" href=\"https:\/\/beebipai.ee\/fi\/product\/neobulle-orgaaniline-rinnanibusid-rahustav-oli-50-ml\/\" \/>\n<meta property=\"og:locale\" content=\"fi_FI\" \/>\n<meta property=\"og:type\" content=\"article\" \/>\n<meta property=\"og:title\" content=\"Neobulle orgaaniline rinnanibusid rahustav \u00f5li, 50 ml - Beebipai\" \/>\n<meta property=\"og:description\" content=\"Neobulle orgaaniline rinnanibusid rahustav \u00f5li leevendab kiiresti rinnanibude valulikkuse. Vaata toodet Neobulle orgaaniline rinnanibusid rahustav \u00f5li!\" \/>\n<meta property=\"og:url\" content=\"https:\/\/beebipai.ee\/fi\/product\/neobulle-orgaaniline-rinnanibusid-rahustav-oli-50-ml\/\" \/>\n<meta property=\"og:site_name\" content=\"Beebipai\" \/>\n<meta property=\"article:modified_time\" content=\"2023-09-10T16:21:57+00:00\" \/>\n<meta property=\"og:image\" content=\"https:\/\/beebipai.ee\/wp-content\/uploads\/2022\/05\/neobulle-rinnanibusid-rahustav-oli-e1660720965528.jpg\" \/>\n\t<meta property=\"og:image:width\" content=\"700\" \/>\n\t<meta property=\"og:image:height\" content=\"559\" \/>\n\t<meta property=\"og:image:type\" content=\"image\/jpeg\" \/>\n<meta name=\"twitter:card\" content=\"summary_large_image\" \/>\n<meta name=\"twitter:label1\" content=\"Arvioitu lukuaika\" \/>\n\t<meta name=\"twitter:data1\" content=\"3 minuuttia\" \/>\n<script type=\"application\/ld+json\" class=\"yoast-schema-graph\">{\"@context\":\"https:\\\/\\\/schema.org\",\"@graph\":[{\"@type\":\"WebPage\",\"@id\":\"https:\\\/\\\/beebipai.ee\\\/product\\\/neobulle-orgaaniline-rinnanibusid-rahustav-oli-50-ml\\\/\",\"url\":\"https:\\\/\\\/beebipai.ee\\\/product\\\/neobulle-orgaaniline-rinnanibusid-rahustav-oli-50-ml\\\/\",\"name\":\"Neobulle orgaaniline rinnanibusid rahustav \u00f5li, 50 ml - Beebipai\",\"isPartOf\":{\"@id\":\"https:\\\/\\\/beebipai.ee\\\/en\\\/#website\"},\"primaryImageOfPage\":{\"@id\":\"https:\\\/\\\/beebipai.ee\\\/product\\\/neobulle-orgaaniline-rinnanibusid-rahustav-oli-50-ml\\\/#primaryimage\"},\"image\":{\"@id\":\"https:\\\/\\\/beebipai.ee\\\/product\\\/neobulle-orgaaniline-rinnanibusid-rahustav-oli-50-ml\\\/#primaryimage\"},\"thumbnailUrl\":\"https:\\\/\\\/beebipai.ee\\\/wp-content\\\/uploads\\\/2022\\\/05\\\/neobulle-rinnanibusid-rahustav-oli-e1660720965528.jpg\",\"datePublished\":\"2022-05-24T20:54:37+00:00\",\"dateModified\":\"2023-09-10T16:21:57+00:00\",\"description\":\"Neobulle orgaaniline rinnanibusid rahustav \u00f5li leevendab kiiresti rinnanibude valulikkuse. Vaata toodet Neobulle orgaaniline rinnanibusid rahustav \u00f5li!\",\"breadcrumb\":{\"@id\":\"https:\\\/\\\/beebipai.ee\\\/product\\\/neobulle-orgaaniline-rinnanibusid-rahustav-oli-50-ml\\\/#breadcrumb\"},\"inLanguage\":\"fi\",\"potentialAction\":[{\"@type\":\"ReadAction\",\"target\":[\"https:\\\/\\\/beebipai.ee\\\/product\\\/neobulle-orgaaniline-rinnanibusid-rahustav-oli-50-ml\\\/\"]}]},{\"@type\":\"ImageObject\",\"inLanguage\":\"fi\",\"@id\":\"https:\\\/\\\/beebipai.ee\\\/product\\\/neobulle-orgaaniline-rinnanibusid-rahustav-oli-50-ml\\\/#primaryimage\",\"url\":\"https:\\\/\\\/beebipai.ee\\\/wp-content\\\/uploads\\\/2022\\\/05\\\/neobulle-rinnanibusid-rahustav-oli-e1660720965528.jpg\",\"contentUrl\":\"https:\\\/\\\/beebipai.ee\\\/wp-content\\\/uploads\\\/2022\\\/05\\\/neobulle-rinnanibusid-rahustav-oli-e1660720965528.jpg\",\"width\":700,\"height\":559},{\"@type\":\"BreadcrumbList\",\"@id\":\"https:\\\/\\\/beebipai.ee\\\/product\\\/neobulle-orgaaniline-rinnanibusid-rahustav-oli-50-ml\\\/#breadcrumb\",\"itemListElement\":[{\"@type\":\"ListItem\",\"position\":1,\"name\":\"Home\",\"item\":\"https:\\\/\\\/beebipai.ee\\\/\"},{\"@type\":\"ListItem\",\"position\":2,\"name\":\"Pood\",\"item\":\"https:\\\/\\\/beebipai.ee\\\/store\\\/\"},{\"@type\":\"ListItem\",\"position\":3,\"name\":\"Neobulle orgaaniline rinnanibusid rahustav \u00f5li, 50 ml\"}]},{\"@type\":\"WebSite\",\"@id\":\"https:\\\/\\\/beebipai.ee\\\/en\\\/#website\",\"url\":\"https:\\\/\\\/beebipai.ee\\\/en\\\/\",\"name\":\"Beebipai\",\"description\":\"Rasedate ja beebide veebipood\",\"potentialAction\":[{\"@type\":\"SearchAction\",\"target\":{\"@type\":\"EntryPoint\",\"urlTemplate\":\"https:\\\/\\\/beebipai.ee\\\/en\\\/?s={search_term_string}\"},\"query-input\":{\"@type\":\"PropertyValueSpecification\",\"valueRequired\":true,\"valueName\":\"search_term_string\"}}],\"inLanguage\":\"fi\"}]}<\/script>\n<!-- \/ Yoast SEO plugin. -->","yoast_head_json":{"title":"Neobulle orgaaniline rinnanibusid rahustav \u00f5li, 50 ml - Beebipai","description":"Neobulle orgaaniline rinnanibusid rahustav \u00f5li leevendab kiiresti rinnanibude valulikkuse. Vaata toodet Neobulle orgaaniline rinnanibusid rahustav \u00f5li!","robots":{"index":"index","follow":"follow","max-snippet":"max-snippet:-1","max-image-preview":"max-image-preview:large","max-video-preview":"max-video-preview:-1"},"canonical":"https:\/\/beebipai.ee\/fi\/product\/neobulle-orgaaniline-rinnanibusid-rahustav-oli-50-ml\/","og_locale":"fi_FI","og_type":"article","og_title":"Neobulle orgaaniline rinnanibusid rahustav \u00f5li, 50 ml - Beebipai","og_description":"Neobulle orgaaniline rinnanibusid rahustav \u00f5li leevendab kiiresti rinnanibude valulikkuse. Vaata toodet Neobulle orgaaniline rinnanibusid rahustav \u00f5li!","og_url":"https:\/\/beebipai.ee\/fi\/product\/neobulle-orgaaniline-rinnanibusid-rahustav-oli-50-ml\/","og_site_name":"Beebipai","article_modified_time":"2023-09-10T16:21:57+00:00","og_image":[{"width":700,"height":559,"url":"https:\/\/beebipai.ee\/wp-content\/uploads\/2022\/05\/neobulle-rinnanibusid-rahustav-oli-e1660720965528.jpg","type":"image\/jpeg"}],"twitter_card":"summary_large_image","twitter_misc":{"Arvioitu lukuaika":"3 minuuttia"},"schema":{"@context":"https:\/\/schema.org","@graph":[{"@type":"WebPage","@id":"https:\/\/beebipai.ee\/product\/neobulle-orgaaniline-rinnanibusid-rahustav-oli-50-ml\/","url":"https:\/\/beebipai.ee\/product\/neobulle-orgaaniline-rinnanibusid-rahustav-oli-50-ml\/","name":"Neobulle orgaaniline rinnanibusid rahustav \u00f5li, 50 ml - Beebipai","isPartOf":{"@id":"https:\/\/beebipai.ee\/en\/#website"},"primaryImageOfPage":{"@id":"https:\/\/beebipai.ee\/product\/neobulle-orgaaniline-rinnanibusid-rahustav-oli-50-ml\/#primaryimage"},"image":{"@id":"https:\/\/beebipai.ee\/product\/neobulle-orgaaniline-rinnanibusid-rahustav-oli-50-ml\/#primaryimage"},"thumbnailUrl":"https:\/\/beebipai.ee\/wp-content\/uploads\/2022\/05\/neobulle-rinnanibusid-rahustav-oli-e1660720965528.jpg","datePublished":"2022-05-24T20:54:37+00:00","dateModified":"2023-09-10T16:21:57+00:00","description":"Neobulle orgaaniline rinnanibusid rahustav \u00f5li leevendab kiiresti rinnanibude valulikkuse. Vaata toodet Neobulle orgaaniline rinnanibusid rahustav \u00f5li!","breadcrumb":{"@id":"https:\/\/beebipai.ee\/product\/neobulle-orgaaniline-rinnanibusid-rahustav-oli-50-ml\/#breadcrumb"},"inLanguage":"fi","potentialAction":[{"@type":"ReadAction","target":["https:\/\/beebipai.ee\/product\/neobulle-orgaaniline-rinnanibusid-rahustav-oli-50-ml\/"]}]},{"@type":"ImageObject","inLanguage":"fi","@id":"https:\/\/beebipai.ee\/product\/neobulle-orgaaniline-rinnanibusid-rahustav-oli-50-ml\/#primaryimage","url":"https:\/\/beebipai.ee\/wp-content\/uploads\/2022\/05\/neobulle-rinnanibusid-rahustav-oli-e1660720965528.jpg","contentUrl":"https:\/\/beebipai.ee\/wp-content\/uploads\/2022\/05\/neobulle-rinnanibusid-rahustav-oli-e1660720965528.jpg","width":700,"height":559},{"@type":"BreadcrumbList","@id":"https:\/\/beebipai.ee\/product\/neobulle-orgaaniline-rinnanibusid-rahustav-oli-50-ml\/#breadcrumb","itemListElement":[{"@type":"ListItem","position":1,"name":"Home","item":"https:\/\/beebipai.ee\/"},{"@type":"ListItem","position":2,"name":"Pood","item":"https:\/\/beebipai.ee\/store\/"},{"@type":"ListItem","position":3,"name":"Neobulle orgaaniline rinnanibusid rahustav \u00f5li, 50 ml"}]},{"@type":"WebSite","@id":"https:\/\/beebipai.ee\/en\/#website","url":"https:\/\/beebipai.ee\/en\/","name":"Beebipai","description":"Rasedate ja beebide veebipood","potentialAction":[{"@type":"SearchAction","target":{"@type":"EntryPoint","urlTemplate":"https:\/\/beebipai.ee\/en\/?s={search_term_string}"},"query-input":{"@type":"PropertyValueSpecification","valueRequired":true,"valueName":"search_term_string"}}],"inLanguage":"fi"}]}},"_links":{"self":[{"href":"https:\/\/beebipai.ee\/fi\/wp-json\/wp\/v2\/product\/3669","targetHints":{"allow":["GET"]}}],"collection":[{"href":"https:\/\/beebipai.ee\/fi\/wp-json\/wp\/v2\/product"}],"about":[{"href":"https:\/\/beebipai.ee\/fi\/wp-json\/wp\/v2\/types\/product"}],"version-history":[{"count":5,"href":"https:\/\/beebipai.ee\/fi\/wp-json\/wp\/v2\/product\/3669\/revisions"}],"predecessor-version":[{"id":5457,"href":"https:\/\/beebipai.ee\/fi\/wp-json\/wp\/v2\/product\/3669\/revisions\/5457"}],"wp:featuredmedia":[{"embeddable":true,"href":"https:\/\/beebipai.ee\/fi\/wp-json\/wp\/v2\/media\/5868"}],"wp:attachment":[{"href":"https:\/\/beebipai.ee\/fi\/wp-json\/wp\/v2\/media?parent=3669"}],"wp:term":[{"taxonomy":"product_brand","embeddable":true,"href":"https:\/\/beebipai.ee\/fi\/wp-json\/wp\/v2\/product_brand?post=3669"},{"taxonomy":"product_cat","embeddable":true,"href":"https:\/\/beebipai.ee\/fi\/wp-json\/wp\/v2\/product_cat?post=3669"},{"taxonomy":"product_tag","embeddable":true,"href":"https:\/\/beebipai.ee\/fi\/wp-json\/wp\/v2\/product_tag?post=3669"}],"curies":[{"name":"wp","href":"https:\/\/api.w.org\/{rel}","templated":true}]}}