{"id":12544,"date":"2025-04-23T11:16:35","date_gmt":"2025-04-23T08:16:35","guid":{"rendered":"https:\/\/beebipai.ee\/?post_type=product&#038;p=12544"},"modified":"2025-09-06T12:54:44","modified_gmt":"2025-09-06T09:54:44","slug":"kikkaboo-kaasaskantav-pudelisoojendaja-brent","status":"publish","type":"product","link":"https:\/\/beebipai.ee\/fi\/product\/kikkaboo-kaasaskantav-pudelisoojendaja-brent\/","title":{"rendered":"Kikkaboo kaasaskantav pudelisoojendaja Brent"},"content":{"rendered":"<div data-elementor-type=\"wp-post\" data-elementor-id=\"12544\" class=\"elementor elementor-12544\">\n\t\t\t\t\t\t<section class=\"elementor-section elementor-top-section elementor-element elementor-element-309932f elementor-section-boxed elementor-section-height-default elementor-section-height-default\" data-id=\"309932f\" data-element_type=\"section\" data-e-type=\"section\">\n\t\t\t\t\t\t<div class=\"elementor-container elementor-column-gap-default\">\n\t\t\t\t\t<div class=\"elementor-column elementor-col-50 elementor-top-column elementor-element elementor-element-a105132\" data-id=\"a105132\" data-element_type=\"column\" data-e-type=\"column\">\n\t\t\t<div class=\"elementor-widget-wrap elementor-element-populated\">\n\t\t\t\t\t\t<div class=\"elementor-element elementor-element-fdde054 elementor-widget elementor-widget-heading\" data-id=\"fdde054\" data-element_type=\"widget\" data-e-type=\"widget\" data-widget_type=\"heading.default\">\n\t\t\t\t<div class=\"elementor-widget-container\">\n\t\t\t\t\t<h2 class=\"elementor-heading-title elementor-size-default\">Kikkaboo kaasaskantav pudelisoojendaja Brent<\/h2>\t\t\t\t<\/div>\n\t\t\t\t<\/div>\n\t\t\t\t<div class=\"elementor-element elementor-element-29526e6 elementor-widget elementor-widget-text-editor\" data-id=\"29526e6\" data-element_type=\"widget\" data-e-type=\"widget\" data-widget_type=\"text-editor.default\">\n\t\t\t\t<div class=\"elementor-widget-container\">\n\t\t\t\t\t\t\t\t\t<p>Kikkaboo kaasaskantav pudelisoojendaja Brent on mitmek\u00fclgse temperatuuriregulatsiooniga (37, 40, 45 ja 50\u00b0C). Pudelisoojendajaga on\u00a0 kaasas 4 erineva suurusega adapterit ( 40, 50, 55 ja 60mm), mis v\u00f5imaldab soojendada erineva suurusega pudeleid.\u00a0Kauakestev aku, 5000 mAh, on laetav USB kaabliga.\u00a0<\/p><p>\u00a0\u00c4\u00e4rmiselt lihtne kasutada &#8211; p\u00f6\u00f6rake pudelisoojendaja tagurpidi, \u00fchendage pudeliga, valige temperetuur ja ongi valma \ud83d\ude42 Soovitud temperatuuri saavutamisest annab pudelisoojendaja Teile m\u00e4rku piiksuga.\u00a0<\/p><p>Brent on valmistatud meditsiinilise terasplaadiga (316L), mis tagab ohutu ja t\u00f5husa soojenemise.<\/p><p>Komplektis on kaasas: pudelisoojendaja, 4 erineva suurusega pudeliadapterit, 6 silikoonr\u00f5ngast, tolmukate, USB kaabel, USB adapter ja kasutusjuhend.<\/p><p>\u00a0<\/p>\t\t\t\t\t\t\t\t<\/div>\n\t\t\t\t<\/div>\n\t\t\t\t\t<\/div>\n\t\t<\/div>\n\t\t\t\t<div class=\"elementor-column elementor-col-50 elementor-top-column elementor-element elementor-element-0bdca5c\" data-id=\"0bdca5c\" data-element_type=\"column\" data-e-type=\"column\">\n\t\t\t<div class=\"elementor-widget-wrap elementor-element-populated\">\n\t\t\t\t\t\t<div class=\"elementor-element elementor-element-fec9e1c elementor-widget elementor-widget-image\" data-id=\"fec9e1c\" data-element_type=\"widget\" data-e-type=\"widget\" data-widget_type=\"image.default\">\n\t\t\t\t<div class=\"elementor-widget-container\">\n\t\t\t\t\t\t\t\t\t\t\t\t\t\t\t<img fetchpriority=\"high\" decoding=\"async\" width=\"1024\" height=\"735\" src=\"https:\/\/beebipai.ee\/wp-content\/uploads\/2025\/04\/Kikkaboo-kaasaskantav-pudelisoojendaja-6-1024x735.webp\" class=\"attachment-large size-large wp-image-12549\" alt=\"\" srcset=\"https:\/\/beebipai.ee\/wp-content\/uploads\/2025\/04\/Kikkaboo-kaasaskantav-pudelisoojendaja-6-1024x735.webp 1024w, https:\/\/beebipai.ee\/wp-content\/uploads\/2025\/04\/Kikkaboo-kaasaskantav-pudelisoojendaja-6-300x215.webp 300w, https:\/\/beebipai.ee\/wp-content\/uploads\/2025\/04\/Kikkaboo-kaasaskantav-pudelisoojendaja-6-768x551.webp 768w, https:\/\/beebipai.ee\/wp-content\/uploads\/2025\/04\/Kikkaboo-kaasaskantav-pudelisoojendaja-6-1536x1103.webp 1536w, https:\/\/beebipai.ee\/wp-content\/uploads\/2025\/04\/Kikkaboo-kaasaskantav-pudelisoojendaja-6-18x12.webp 18w, https:\/\/beebipai.ee\/wp-content\/uploads\/2025\/04\/Kikkaboo-kaasaskantav-pudelisoojendaja-6-600x431.webp 600w, https:\/\/beebipai.ee\/wp-content\/uploads\/2025\/04\/Kikkaboo-kaasaskantav-pudelisoojendaja-6-e1745396115427.webp 500w\" sizes=\"(max-width: 1024px) 100vw, 1024px\" \/>\t\t\t\t\t\t\t\t\t\t\t\t\t\t\t<\/div>\n\t\t\t\t<\/div>\n\t\t\t\t\t<\/div>\n\t\t<\/div>\n\t\t\t\t\t<\/div>\n\t\t<\/section>\n\t\t\t\t<\/div>","protected":false},"excerpt":{"rendered":"<p>Kikkaboo kaasaskantav pudelisoojendaja Brent on kerge, laetav ja praktiline. Kaasaskantava pudelisoojendaja saad lapsele toitud soojendada igal ajal ja igas kohas.<\/p>","protected":false},"featured_media":12545,"template":"","meta":{"_monsterinsights_skip_tracking":false,"_monsterinsights_sitenote_active":false,"_monsterinsights_sitenote_note":"","_monsterinsights_sitenote_category":0,"site-sidebar-layout":"no-sidebar","site-content-layout":"page-builder","ast-site-content-layout":"full-width-container","site-content-style":"default","site-sidebar-style":"default","ast-global-header-display":"","ast-banner-title-visibility":"","ast-main-header-display":"","ast-hfb-above-header-display":"","ast-hfb-below-header-display":"","ast-hfb-mobile-header-display":"","site-post-title":"disabled","ast-breadcrumbs-content":"","ast-featured-img":"disabled","footer-sml-layout":"","ast-disable-related-posts":"","theme-transparent-header-meta":"default","adv-header-id-meta":"","stick-header-meta":"","header-above-stick-meta":"","header-main-stick-meta":"","header-below-stick-meta":"","astra-migrate-meta-layouts":"set","ast-page-background-enabled":"default","ast-page-background-meta":{"desktop":{"background-color":"","background-image":"","background-repeat":"repeat","background-position":"center center","background-size":"auto","background-attachment":"scroll","background-type":"","background-media":"","overlay-type":"","overlay-color":"","overlay-opacity":"","overlay-gradient":""},"tablet":{"background-color":"","background-image":"","background-repeat":"repeat","background-position":"center center","background-size":"auto","background-attachment":"scroll","background-type":"","background-media":"","overlay-type":"","overlay-color":"","overlay-opacity":"","overlay-gradient":""},"mobile":{"background-color":"","background-image":"","background-repeat":"repeat","background-position":"center center","background-size":"auto","background-attachment":"scroll","background-type":"","background-media":"","overlay-type":"","overlay-color":"","overlay-opacity":"","overlay-gradient":""}},"ast-content-background-meta":{"desktop":{"background-color":"var(--ast-global-color-5)","background-image":"","background-repeat":"repeat","background-position":"center center","background-size":"auto","background-attachment":"scroll","background-type":"","background-media":"","overlay-type":"","overlay-color":"","overlay-opacity":"","overlay-gradient":""},"tablet":{"background-color":"var(--ast-global-color-5)","background-image":"","background-repeat":"repeat","background-position":"center center","background-size":"auto","background-attachment":"scroll","background-type":"","background-media":"","overlay-type":"","overlay-color":"","overlay-opacity":"","overlay-gradient":""},"mobile":{"background-color":"var(--ast-global-color-5)","background-image":"","background-repeat":"repeat","background-position":"center center","background-size":"auto","background-attachment":"scroll","background-type":"","background-media":"","overlay-type":"","overlay-color":"","overlay-opacity":"","overlay-gradient":""}}},"product_brand":[],"product_cat":[23,22,103,143],"product_tag":[],"class_list":{"0":"post-12544","1":"product","2":"type-product","3":"status-publish","4":"has-post-thumbnail","6":"product_cat-beebile","7":"product_cat-emale","8":"product_cat-imetamine","9":"product_cat-sootmiseks-soomiseks","10":"desktop-align-left","11":"tablet-align-left","12":"mobile-align-left","14":"first","15":"instock","16":"taxable","17":"shipping-taxable","18":"purchasable","19":"product-type-simple"},"yoast_head":"<!-- This site is optimized with the Yoast SEO plugin v27.3 - https:\/\/yoast.com\/product\/yoast-seo-wordpress\/ -->\n<title>Kikkaboo kaasaskantav pudelisoojendaja Brent - Beebipai<\/title>\n<meta name=\"description\" content=\"Kikkaboo kaasaskantav pudelisoojendaja v\u00f5imaldab lapsele toitu soojendada igal ajal. Vaata toodet Kikkaboo kaasaskantav pudelisoojendaja Brent!\" \/>\n<meta name=\"robots\" content=\"index, follow, max-snippet:-1, max-image-preview:large, max-video-preview:-1\" \/>\n<link rel=\"canonical\" href=\"https:\/\/beebipai.ee\/fi\/product\/kikkaboo-kaasaskantav-pudelisoojendaja-brent\/\" \/>\n<meta property=\"og:locale\" content=\"fi_FI\" \/>\n<meta property=\"og:type\" content=\"article\" \/>\n<meta property=\"og:title\" content=\"Kikkaboo kaasaskantav pudelisoojendaja Brent - Beebipai\" \/>\n<meta property=\"og:description\" content=\"Kikkaboo kaasaskantav pudelisoojendaja v\u00f5imaldab lapsele toitu soojendada igal ajal. Vaata toodet Kikkaboo kaasaskantav pudelisoojendaja Brent!\" \/>\n<meta property=\"og:url\" content=\"https:\/\/beebipai.ee\/fi\/product\/kikkaboo-kaasaskantav-pudelisoojendaja-brent\/\" \/>\n<meta property=\"og:site_name\" content=\"Beebipai\" \/>\n<meta property=\"article:modified_time\" content=\"2025-09-06T09:54:44+00:00\" \/>\n<meta property=\"og:image\" content=\"https:\/\/beebipai.ee\/wp-content\/uploads\/2025\/04\/Kikkaboo-kaasaskantav-pudelisoojendaja-1.webp\" \/>\n\t<meta property=\"og:image:width\" content=\"520\" \/>\n\t<meta property=\"og:image:height\" content=\"520\" \/>\n\t<meta property=\"og:image:type\" content=\"image\/webp\" \/>\n<meta name=\"twitter:card\" content=\"summary_large_image\" \/>\n<script type=\"application\/ld+json\" class=\"yoast-schema-graph\">{\"@context\":\"https:\\\/\\\/schema.org\",\"@graph\":[{\"@type\":\"WebPage\",\"@id\":\"https:\\\/\\\/beebipai.ee\\\/product\\\/kikkaboo-kaasaskantav-pudelisoojendaja-brent\\\/\",\"url\":\"https:\\\/\\\/beebipai.ee\\\/product\\\/kikkaboo-kaasaskantav-pudelisoojendaja-brent\\\/\",\"name\":\"Kikkaboo kaasaskantav pudelisoojendaja Brent - Beebipai\",\"isPartOf\":{\"@id\":\"https:\\\/\\\/beebipai.ee\\\/en\\\/#website\"},\"primaryImageOfPage\":{\"@id\":\"https:\\\/\\\/beebipai.ee\\\/product\\\/kikkaboo-kaasaskantav-pudelisoojendaja-brent\\\/#primaryimage\"},\"image\":{\"@id\":\"https:\\\/\\\/beebipai.ee\\\/product\\\/kikkaboo-kaasaskantav-pudelisoojendaja-brent\\\/#primaryimage\"},\"thumbnailUrl\":\"https:\\\/\\\/beebipai.ee\\\/wp-content\\\/uploads\\\/2025\\\/04\\\/Kikkaboo-kaasaskantav-pudelisoojendaja-1.webp\",\"datePublished\":\"2025-04-23T08:16:35+00:00\",\"dateModified\":\"2025-09-06T09:54:44+00:00\",\"description\":\"Kikkaboo kaasaskantav pudelisoojendaja v\u00f5imaldab lapsele toitu soojendada igal ajal. Vaata toodet Kikkaboo kaasaskantav pudelisoojendaja Brent!\",\"breadcrumb\":{\"@id\":\"https:\\\/\\\/beebipai.ee\\\/product\\\/kikkaboo-kaasaskantav-pudelisoojendaja-brent\\\/#breadcrumb\"},\"inLanguage\":\"fi\",\"potentialAction\":[{\"@type\":\"ReadAction\",\"target\":[\"https:\\\/\\\/beebipai.ee\\\/product\\\/kikkaboo-kaasaskantav-pudelisoojendaja-brent\\\/\"]}]},{\"@type\":\"ImageObject\",\"inLanguage\":\"fi\",\"@id\":\"https:\\\/\\\/beebipai.ee\\\/product\\\/kikkaboo-kaasaskantav-pudelisoojendaja-brent\\\/#primaryimage\",\"url\":\"https:\\\/\\\/beebipai.ee\\\/wp-content\\\/uploads\\\/2025\\\/04\\\/Kikkaboo-kaasaskantav-pudelisoojendaja-1.webp\",\"contentUrl\":\"https:\\\/\\\/beebipai.ee\\\/wp-content\\\/uploads\\\/2025\\\/04\\\/Kikkaboo-kaasaskantav-pudelisoojendaja-1.webp\",\"width\":520,\"height\":520},{\"@type\":\"BreadcrumbList\",\"@id\":\"https:\\\/\\\/beebipai.ee\\\/product\\\/kikkaboo-kaasaskantav-pudelisoojendaja-brent\\\/#breadcrumb\",\"itemListElement\":[{\"@type\":\"ListItem\",\"position\":1,\"name\":\"Home\",\"item\":\"https:\\\/\\\/beebipai.ee\\\/\"},{\"@type\":\"ListItem\",\"position\":2,\"name\":\"Pood\",\"item\":\"https:\\\/\\\/beebipai.ee\\\/store\\\/\"},{\"@type\":\"ListItem\",\"position\":3,\"name\":\"Kikkaboo kaasaskantav pudelisoojendaja Brent\"}]},{\"@type\":\"WebSite\",\"@id\":\"https:\\\/\\\/beebipai.ee\\\/en\\\/#website\",\"url\":\"https:\\\/\\\/beebipai.ee\\\/en\\\/\",\"name\":\"Beebipai\",\"description\":\"Rasedate ja beebide veebipood\",\"potentialAction\":[{\"@type\":\"SearchAction\",\"target\":{\"@type\":\"EntryPoint\",\"urlTemplate\":\"https:\\\/\\\/beebipai.ee\\\/en\\\/?s={search_term_string}\"},\"query-input\":{\"@type\":\"PropertyValueSpecification\",\"valueRequired\":true,\"valueName\":\"search_term_string\"}}],\"inLanguage\":\"fi\"}]}<\/script>\n<!-- \/ Yoast SEO plugin. -->","yoast_head_json":{"title":"Kikkaboo kaasaskantav pudelisoojendaja Brent - Beebipai","description":"Kikkaboo kaasaskantav pudelisoojendaja v\u00f5imaldab lapsele toitu soojendada igal ajal. Vaata toodet Kikkaboo kaasaskantav pudelisoojendaja Brent!","robots":{"index":"index","follow":"follow","max-snippet":"max-snippet:-1","max-image-preview":"max-image-preview:large","max-video-preview":"max-video-preview:-1"},"canonical":"https:\/\/beebipai.ee\/fi\/product\/kikkaboo-kaasaskantav-pudelisoojendaja-brent\/","og_locale":"fi_FI","og_type":"article","og_title":"Kikkaboo kaasaskantav pudelisoojendaja Brent - Beebipai","og_description":"Kikkaboo kaasaskantav pudelisoojendaja v\u00f5imaldab lapsele toitu soojendada igal ajal. Vaata toodet Kikkaboo kaasaskantav pudelisoojendaja Brent!","og_url":"https:\/\/beebipai.ee\/fi\/product\/kikkaboo-kaasaskantav-pudelisoojendaja-brent\/","og_site_name":"Beebipai","article_modified_time":"2025-09-06T09:54:44+00:00","og_image":[{"width":520,"height":520,"url":"https:\/\/beebipai.ee\/wp-content\/uploads\/2025\/04\/Kikkaboo-kaasaskantav-pudelisoojendaja-1.webp","type":"image\/webp"}],"twitter_card":"summary_large_image","schema":{"@context":"https:\/\/schema.org","@graph":[{"@type":"WebPage","@id":"https:\/\/beebipai.ee\/product\/kikkaboo-kaasaskantav-pudelisoojendaja-brent\/","url":"https:\/\/beebipai.ee\/product\/kikkaboo-kaasaskantav-pudelisoojendaja-brent\/","name":"Kikkaboo kaasaskantav pudelisoojendaja Brent - Beebipai","isPartOf":{"@id":"https:\/\/beebipai.ee\/en\/#website"},"primaryImageOfPage":{"@id":"https:\/\/beebipai.ee\/product\/kikkaboo-kaasaskantav-pudelisoojendaja-brent\/#primaryimage"},"image":{"@id":"https:\/\/beebipai.ee\/product\/kikkaboo-kaasaskantav-pudelisoojendaja-brent\/#primaryimage"},"thumbnailUrl":"https:\/\/beebipai.ee\/wp-content\/uploads\/2025\/04\/Kikkaboo-kaasaskantav-pudelisoojendaja-1.webp","datePublished":"2025-04-23T08:16:35+00:00","dateModified":"2025-09-06T09:54:44+00:00","description":"Kikkaboo kaasaskantav pudelisoojendaja v\u00f5imaldab lapsele toitu soojendada igal ajal. Vaata toodet Kikkaboo kaasaskantav pudelisoojendaja Brent!","breadcrumb":{"@id":"https:\/\/beebipai.ee\/product\/kikkaboo-kaasaskantav-pudelisoojendaja-brent\/#breadcrumb"},"inLanguage":"fi","potentialAction":[{"@type":"ReadAction","target":["https:\/\/beebipai.ee\/product\/kikkaboo-kaasaskantav-pudelisoojendaja-brent\/"]}]},{"@type":"ImageObject","inLanguage":"fi","@id":"https:\/\/beebipai.ee\/product\/kikkaboo-kaasaskantav-pudelisoojendaja-brent\/#primaryimage","url":"https:\/\/beebipai.ee\/wp-content\/uploads\/2025\/04\/Kikkaboo-kaasaskantav-pudelisoojendaja-1.webp","contentUrl":"https:\/\/beebipai.ee\/wp-content\/uploads\/2025\/04\/Kikkaboo-kaasaskantav-pudelisoojendaja-1.webp","width":520,"height":520},{"@type":"BreadcrumbList","@id":"https:\/\/beebipai.ee\/product\/kikkaboo-kaasaskantav-pudelisoojendaja-brent\/#breadcrumb","itemListElement":[{"@type":"ListItem","position":1,"name":"Home","item":"https:\/\/beebipai.ee\/"},{"@type":"ListItem","position":2,"name":"Pood","item":"https:\/\/beebipai.ee\/store\/"},{"@type":"ListItem","position":3,"name":"Kikkaboo kaasaskantav pudelisoojendaja Brent"}]},{"@type":"WebSite","@id":"https:\/\/beebipai.ee\/en\/#website","url":"https:\/\/beebipai.ee\/en\/","name":"Beebipai","description":"Rasedate ja beebide veebipood","potentialAction":[{"@type":"SearchAction","target":{"@type":"EntryPoint","urlTemplate":"https:\/\/beebipai.ee\/en\/?s={search_term_string}"},"query-input":{"@type":"PropertyValueSpecification","valueRequired":true,"valueName":"search_term_string"}}],"inLanguage":"fi"}]}},"_links":{"self":[{"href":"https:\/\/beebipai.ee\/fi\/wp-json\/wp\/v2\/product\/12544","targetHints":{"allow":["GET"]}}],"collection":[{"href":"https:\/\/beebipai.ee\/fi\/wp-json\/wp\/v2\/product"}],"about":[{"href":"https:\/\/beebipai.ee\/fi\/wp-json\/wp\/v2\/types\/product"}],"version-history":[{"count":5,"href":"https:\/\/beebipai.ee\/fi\/wp-json\/wp\/v2\/product\/12544\/revisions"}],"predecessor-version":[{"id":12991,"href":"https:\/\/beebipai.ee\/fi\/wp-json\/wp\/v2\/product\/12544\/revisions\/12991"}],"wp:featuredmedia":[{"embeddable":true,"href":"https:\/\/beebipai.ee\/fi\/wp-json\/wp\/v2\/media\/12545"}],"wp:attachment":[{"href":"https:\/\/beebipai.ee\/fi\/wp-json\/wp\/v2\/media?parent=12544"}],"wp:term":[{"taxonomy":"product_brand","embeddable":true,"href":"https:\/\/beebipai.ee\/fi\/wp-json\/wp\/v2\/product_brand?post=12544"},{"taxonomy":"product_cat","embeddable":true,"href":"https:\/\/beebipai.ee\/fi\/wp-json\/wp\/v2\/product_cat?post=12544"},{"taxonomy":"product_tag","embeddable":true,"href":"https:\/\/beebipai.ee\/fi\/wp-json\/wp\/v2\/product_tag?post=12544"}],"curies":[{"name":"wp","href":"https:\/\/api.w.org\/{rel}","templated":true}]}}