{"id":11520,"date":"2024-10-06T11:03:10","date_gmt":"2024-10-06T08:03:10","guid":{"rendered":"https:\/\/beebipai.ee\/?post_type=product&#038;p=11520"},"modified":"2024-10-06T13:36:41","modified_gmt":"2024-10-06T10:36:41","slug":"gabriella-polvikud-15den-2-paari-pakis","status":"publish","type":"product","link":"https:\/\/beebipai.ee\/fi\/product\/gabriella-polvikud-15den-2-paari-pakis\/","title":{"rendered":"Gabriella p\u00f5lvikud 15den, 2 paari pakis"},"content":{"rendered":"","protected":false},"excerpt":{"rendered":"<p>Gabriella survevabad p\u00f5lvikud on elastsed ja mugavad. Lai \u00fclaosa hoiab p\u00f5lviku \u00f5iges kohas ja v\u00e4ldib surve tekkimist jalale. Tugevdatud varbaosa muudab p\u00f5lviku vastupidavamaks.<\/p>\n<p>Pakis 2 paari<\/p>","protected":false},"featured_media":11521,"template":"","meta":{"_monsterinsights_skip_tracking":false,"_monsterinsights_sitenote_active":false,"_monsterinsights_sitenote_note":"","_monsterinsights_sitenote_category":0,"site-sidebar-layout":"default","site-content-layout":"","ast-site-content-layout":"default","site-content-style":"default","site-sidebar-style":"default","ast-global-header-display":"","ast-banner-title-visibility":"","ast-main-header-display":"","ast-hfb-above-header-display":"","ast-hfb-below-header-display":"","ast-hfb-mobile-header-display":"","site-post-title":"","ast-breadcrumbs-content":"","ast-featured-img":"","footer-sml-layout":"","ast-disable-related-posts":"","theme-transparent-header-meta":"default","adv-header-id-meta":"","stick-header-meta":"","header-above-stick-meta":"","header-main-stick-meta":"","header-below-stick-meta":"","astra-migrate-meta-layouts":"set","ast-page-background-enabled":"default","ast-page-background-meta":{"desktop":{"background-color":"","background-image":"","background-repeat":"repeat","background-position":"center center","background-size":"auto","background-attachment":"scroll","background-type":"","background-media":"","overlay-type":"","overlay-color":"","overlay-opacity":"","overlay-gradient":""},"tablet":{"background-color":"","background-image":"","background-repeat":"repeat","background-position":"center center","background-size":"auto","background-attachment":"scroll","background-type":"","background-media":"","overlay-type":"","overlay-color":"","overlay-opacity":"","overlay-gradient":""},"mobile":{"background-color":"","background-image":"","background-repeat":"repeat","background-position":"center center","background-size":"auto","background-attachment":"scroll","background-type":"","background-media":"","overlay-type":"","overlay-color":"","overlay-opacity":"","overlay-gradient":""}},"ast-content-background-meta":{"desktop":{"background-color":"var(--ast-global-color-5)","background-image":"","background-repeat":"repeat","background-position":"center center","background-size":"auto","background-attachment":"scroll","background-type":"","background-media":"","overlay-type":"","overlay-color":"","overlay-opacity":"","overlay-gradient":""},"tablet":{"background-color":"var(--ast-global-color-5)","background-image":"","background-repeat":"repeat","background-position":"center center","background-size":"auto","background-attachment":"scroll","background-type":"","background-media":"","overlay-type":"","overlay-color":"","overlay-opacity":"","overlay-gradient":""},"mobile":{"background-color":"var(--ast-global-color-5)","background-image":"","background-repeat":"repeat","background-position":"center center","background-size":"auto","background-attachment":"scroll","background-type":"","background-media":"","overlay-type":"","overlay-color":"","overlay-opacity":"","overlay-gradient":""}}},"product_brand":[],"product_cat":[22,130],"product_tag":[],"class_list":{"0":"post-11520","1":"product","2":"type-product","3":"status-publish","4":"has-post-thumbnail","6":"product_cat-emale","7":"product_cat-sukkpuksid-polvikud-sokid","8":"desktop-align-left","9":"tablet-align-left","10":"mobile-align-left","12":"first","13":"instock","14":"taxable","15":"shipping-taxable","16":"purchasable","17":"product-type-variable"},"yoast_head":"<!-- This site is optimized with the Yoast SEO plugin v27.4 - https:\/\/yoast.com\/product\/yoast-seo-wordpress\/ -->\n<title>Gabriella p\u00f5lvikud 15den, 2 paari pakis - Beebipai<\/title>\n<meta name=\"description\" content=\"Gabriella p\u00f5lvikud on survevabadm elastsed ja mugavad. Vaata toodet Gabriella p\u00f5lvikud!\" \/>\n<meta name=\"robots\" content=\"index, follow, max-snippet:-1, max-image-preview:large, max-video-preview:-1\" \/>\n<link rel=\"canonical\" href=\"https:\/\/beebipai.ee\/fi\/product\/gabriella-polvikud-15den-2-paari-pakis\/\" \/>\n<meta property=\"og:locale\" content=\"fi_FI\" \/>\n<meta property=\"og:type\" content=\"article\" \/>\n<meta property=\"og:title\" content=\"Gabriella p\u00f5lvikud 15den, 2 paari pakis - Beebipai\" \/>\n<meta property=\"og:description\" content=\"Gabriella p\u00f5lvikud on survevabadm elastsed ja mugavad. Vaata toodet Gabriella p\u00f5lvikud!\" \/>\n<meta property=\"og:url\" content=\"https:\/\/beebipai.ee\/fi\/product\/gabriella-polvikud-15den-2-paari-pakis\/\" \/>\n<meta property=\"og:site_name\" content=\"Beebipai\" \/>\n<meta property=\"article:modified_time\" content=\"2024-10-06T10:36:41+00:00\" \/>\n<meta property=\"og:image\" content=\"https:\/\/beebipai.ee\/wp-content\/uploads\/2024\/10\/Gabriella-polvikud-15den-e1728201775773.webp\" \/>\n\t<meta property=\"og:image:width\" content=\"400\" \/>\n\t<meta property=\"og:image:height\" content=\"500\" \/>\n\t<meta property=\"og:image:type\" content=\"image\/webp\" \/>\n<meta name=\"twitter:card\" content=\"summary_large_image\" \/>\n<script type=\"application\/ld+json\" class=\"yoast-schema-graph\">{\"@context\":\"https:\\\/\\\/schema.org\",\"@graph\":[{\"@type\":\"WebPage\",\"@id\":\"https:\\\/\\\/beebipai.ee\\\/product\\\/gabriella-polvikud-15den-2-paari-pakis\\\/\",\"url\":\"https:\\\/\\\/beebipai.ee\\\/product\\\/gabriella-polvikud-15den-2-paari-pakis\\\/\",\"name\":\"Gabriella p\u00f5lvikud 15den, 2 paari pakis - Beebipai\",\"isPartOf\":{\"@id\":\"https:\\\/\\\/beebipai.ee\\\/en\\\/#website\"},\"primaryImageOfPage\":{\"@id\":\"https:\\\/\\\/beebipai.ee\\\/product\\\/gabriella-polvikud-15den-2-paari-pakis\\\/#primaryimage\"},\"image\":{\"@id\":\"https:\\\/\\\/beebipai.ee\\\/product\\\/gabriella-polvikud-15den-2-paari-pakis\\\/#primaryimage\"},\"thumbnailUrl\":\"https:\\\/\\\/beebipai.ee\\\/wp-content\\\/uploads\\\/2024\\\/10\\\/Gabriella-polvikud-15den-e1728201775773.webp\",\"datePublished\":\"2024-10-06T08:03:10+00:00\",\"dateModified\":\"2024-10-06T10:36:41+00:00\",\"description\":\"Gabriella p\u00f5lvikud on survevabadm elastsed ja mugavad. Vaata toodet Gabriella p\u00f5lvikud!\",\"breadcrumb\":{\"@id\":\"https:\\\/\\\/beebipai.ee\\\/product\\\/gabriella-polvikud-15den-2-paari-pakis\\\/#breadcrumb\"},\"inLanguage\":\"fi\",\"potentialAction\":[{\"@type\":\"ReadAction\",\"target\":[\"https:\\\/\\\/beebipai.ee\\\/product\\\/gabriella-polvikud-15den-2-paari-pakis\\\/\"]}]},{\"@type\":\"ImageObject\",\"inLanguage\":\"fi\",\"@id\":\"https:\\\/\\\/beebipai.ee\\\/product\\\/gabriella-polvikud-15den-2-paari-pakis\\\/#primaryimage\",\"url\":\"https:\\\/\\\/beebipai.ee\\\/wp-content\\\/uploads\\\/2024\\\/10\\\/Gabriella-polvikud-15den-e1728201775773.webp\",\"contentUrl\":\"https:\\\/\\\/beebipai.ee\\\/wp-content\\\/uploads\\\/2024\\\/10\\\/Gabriella-polvikud-15den-e1728201775773.webp\",\"width\":400,\"height\":500},{\"@type\":\"BreadcrumbList\",\"@id\":\"https:\\\/\\\/beebipai.ee\\\/product\\\/gabriella-polvikud-15den-2-paari-pakis\\\/#breadcrumb\",\"itemListElement\":[{\"@type\":\"ListItem\",\"position\":1,\"name\":\"Home\",\"item\":\"https:\\\/\\\/beebipai.ee\\\/\"},{\"@type\":\"ListItem\",\"position\":2,\"name\":\"Pood\",\"item\":\"https:\\\/\\\/beebipai.ee\\\/store\\\/\"},{\"@type\":\"ListItem\",\"position\":3,\"name\":\"Gabriella p\u00f5lvikud 15den, 2 paari pakis\"}]},{\"@type\":\"WebSite\",\"@id\":\"https:\\\/\\\/beebipai.ee\\\/en\\\/#website\",\"url\":\"https:\\\/\\\/beebipai.ee\\\/en\\\/\",\"name\":\"Beebipai\",\"description\":\"Rasedate ja beebide veebipood\",\"potentialAction\":[{\"@type\":\"SearchAction\",\"target\":{\"@type\":\"EntryPoint\",\"urlTemplate\":\"https:\\\/\\\/beebipai.ee\\\/en\\\/?s={search_term_string}\"},\"query-input\":{\"@type\":\"PropertyValueSpecification\",\"valueRequired\":true,\"valueName\":\"search_term_string\"}}],\"inLanguage\":\"fi\"}]}<\/script>\n<!-- \/ Yoast SEO plugin. -->","yoast_head_json":{"title":"Gabriella p\u00f5lvikud 15den, 2 paari pakis - Beebipai","description":"Gabriella p\u00f5lvikud on survevabadm elastsed ja mugavad. Vaata toodet Gabriella p\u00f5lvikud!","robots":{"index":"index","follow":"follow","max-snippet":"max-snippet:-1","max-image-preview":"max-image-preview:large","max-video-preview":"max-video-preview:-1"},"canonical":"https:\/\/beebipai.ee\/fi\/product\/gabriella-polvikud-15den-2-paari-pakis\/","og_locale":"fi_FI","og_type":"article","og_title":"Gabriella p\u00f5lvikud 15den, 2 paari pakis - Beebipai","og_description":"Gabriella p\u00f5lvikud on survevabadm elastsed ja mugavad. Vaata toodet Gabriella p\u00f5lvikud!","og_url":"https:\/\/beebipai.ee\/fi\/product\/gabriella-polvikud-15den-2-paari-pakis\/","og_site_name":"Beebipai","article_modified_time":"2024-10-06T10:36:41+00:00","og_image":[{"width":400,"height":500,"url":"https:\/\/beebipai.ee\/wp-content\/uploads\/2024\/10\/Gabriella-polvikud-15den-e1728201775773.webp","type":"image\/webp"}],"twitter_card":"summary_large_image","schema":{"@context":"https:\/\/schema.org","@graph":[{"@type":"WebPage","@id":"https:\/\/beebipai.ee\/product\/gabriella-polvikud-15den-2-paari-pakis\/","url":"https:\/\/beebipai.ee\/product\/gabriella-polvikud-15den-2-paari-pakis\/","name":"Gabriella p\u00f5lvikud 15den, 2 paari pakis - Beebipai","isPartOf":{"@id":"https:\/\/beebipai.ee\/en\/#website"},"primaryImageOfPage":{"@id":"https:\/\/beebipai.ee\/product\/gabriella-polvikud-15den-2-paari-pakis\/#primaryimage"},"image":{"@id":"https:\/\/beebipai.ee\/product\/gabriella-polvikud-15den-2-paari-pakis\/#primaryimage"},"thumbnailUrl":"https:\/\/beebipai.ee\/wp-content\/uploads\/2024\/10\/Gabriella-polvikud-15den-e1728201775773.webp","datePublished":"2024-10-06T08:03:10+00:00","dateModified":"2024-10-06T10:36:41+00:00","description":"Gabriella p\u00f5lvikud on survevabadm elastsed ja mugavad. Vaata toodet Gabriella p\u00f5lvikud!","breadcrumb":{"@id":"https:\/\/beebipai.ee\/product\/gabriella-polvikud-15den-2-paari-pakis\/#breadcrumb"},"inLanguage":"fi","potentialAction":[{"@type":"ReadAction","target":["https:\/\/beebipai.ee\/product\/gabriella-polvikud-15den-2-paari-pakis\/"]}]},{"@type":"ImageObject","inLanguage":"fi","@id":"https:\/\/beebipai.ee\/product\/gabriella-polvikud-15den-2-paari-pakis\/#primaryimage","url":"https:\/\/beebipai.ee\/wp-content\/uploads\/2024\/10\/Gabriella-polvikud-15den-e1728201775773.webp","contentUrl":"https:\/\/beebipai.ee\/wp-content\/uploads\/2024\/10\/Gabriella-polvikud-15den-e1728201775773.webp","width":400,"height":500},{"@type":"BreadcrumbList","@id":"https:\/\/beebipai.ee\/product\/gabriella-polvikud-15den-2-paari-pakis\/#breadcrumb","itemListElement":[{"@type":"ListItem","position":1,"name":"Home","item":"https:\/\/beebipai.ee\/"},{"@type":"ListItem","position":2,"name":"Pood","item":"https:\/\/beebipai.ee\/store\/"},{"@type":"ListItem","position":3,"name":"Gabriella p\u00f5lvikud 15den, 2 paari pakis"}]},{"@type":"WebSite","@id":"https:\/\/beebipai.ee\/en\/#website","url":"https:\/\/beebipai.ee\/en\/","name":"Beebipai","description":"Rasedate ja beebide veebipood","potentialAction":[{"@type":"SearchAction","target":{"@type":"EntryPoint","urlTemplate":"https:\/\/beebipai.ee\/en\/?s={search_term_string}"},"query-input":{"@type":"PropertyValueSpecification","valueRequired":true,"valueName":"search_term_string"}}],"inLanguage":"fi"}]}},"_links":{"self":[{"href":"https:\/\/beebipai.ee\/fi\/wp-json\/wp\/v2\/product\/11520","targetHints":{"allow":["GET"]}}],"collection":[{"href":"https:\/\/beebipai.ee\/fi\/wp-json\/wp\/v2\/product"}],"about":[{"href":"https:\/\/beebipai.ee\/fi\/wp-json\/wp\/v2\/types\/product"}],"version-history":[{"count":1,"href":"https:\/\/beebipai.ee\/fi\/wp-json\/wp\/v2\/product\/11520\/revisions"}],"predecessor-version":[{"id":11522,"href":"https:\/\/beebipai.ee\/fi\/wp-json\/wp\/v2\/product\/11520\/revisions\/11522"}],"wp:featuredmedia":[{"embeddable":true,"href":"https:\/\/beebipai.ee\/fi\/wp-json\/wp\/v2\/media\/11521"}],"wp:attachment":[{"href":"https:\/\/beebipai.ee\/fi\/wp-json\/wp\/v2\/media?parent=11520"}],"wp:term":[{"taxonomy":"product_brand","embeddable":true,"href":"https:\/\/beebipai.ee\/fi\/wp-json\/wp\/v2\/product_brand?post=11520"},{"taxonomy":"product_cat","embeddable":true,"href":"https:\/\/beebipai.ee\/fi\/wp-json\/wp\/v2\/product_cat?post=11520"},{"taxonomy":"product_tag","embeddable":true,"href":"https:\/\/beebipai.ee\/fi\/wp-json\/wp\/v2\/product_tag?post=11520"}],"curies":[{"name":"wp","href":"https:\/\/api.w.org\/{rel}","templated":true}]}}