{"id":10934,"date":"2024-06-17T23:23:56","date_gmt":"2024-06-17T20:23:56","guid":{"rendered":"https:\/\/beebipai.ee\/?post_type=product&#038;p=10934"},"modified":"2025-09-06T10:37:13","modified_gmt":"2025-09-06T07:37:13","slug":"kikkaboo-beebitarvete-kott-cerise","status":"publish","type":"product","link":"https:\/\/beebipai.ee\/fi\/product\/kikkaboo-beebitarvete-kott-cerise\/","title":{"rendered":"Kikkaboo beebitarvete kott Cerise, must"},"content":{"rendered":"<div data-elementor-type=\"wp-post\" data-elementor-id=\"10934\" class=\"elementor elementor-10934\">\n\t\t\t\t\t\t<section class=\"elementor-section elementor-top-section elementor-element elementor-element-fa5b57a elementor-section-boxed elementor-section-height-default elementor-section-height-default\" data-id=\"fa5b57a\" data-element_type=\"section\" data-e-type=\"section\">\n\t\t\t\t\t\t<div class=\"elementor-container elementor-column-gap-default\">\n\t\t\t\t\t<div class=\"elementor-column elementor-col-50 elementor-top-column elementor-element elementor-element-50d8246\" data-id=\"50d8246\" data-element_type=\"column\" data-e-type=\"column\">\n\t\t\t<div class=\"elementor-widget-wrap elementor-element-populated\">\n\t\t\t\t\t\t<div class=\"elementor-element elementor-element-1737f8d elementor-widget elementor-widget-heading\" data-id=\"1737f8d\" data-element_type=\"widget\" data-e-type=\"widget\" data-widget_type=\"heading.default\">\n\t\t\t\t<div class=\"elementor-widget-container\">\n\t\t\t\t\t<h2 class=\"elementor-heading-title elementor-size-default\">Kikkaboo vauvalaukku Cerise<\/h2>\t\t\t\t<\/div>\n\t\t\t\t<\/div>\n\t\t\t\t<div class=\"elementor-element elementor-element-8e7e910 elementor-widget elementor-widget-text-editor\" data-id=\"8e7e910\" data-element_type=\"widget\" data-e-type=\"widget\" data-widget_type=\"text-editor.default\">\n\t\t\t\t<div class=\"elementor-widget-container\">\n\t\t\t\t\t\t\t\t\t<p>Tyylik\u00e4s muotoilu ja pehme\u00e4 nahkainen PU-materiaalista valmistettu laukku vauvantarvikkeille sopii k\u00e4ytett\u00e4v\u00e4ksi sek\u00e4 reppuna ett\u00e4 k\u00e4silaukuna. Sopii hyvin tarvittaviin asioihin sek\u00e4 vauvalle ett\u00e4 \u00e4idille. Mukana tulee vaippatarjotin, joka helpottaa vauvan pukemista.<\/p><p>P\u00e4\u00e4taskussa leve\u00e4 aukko helpottaa ja nopeampaa p\u00e4\u00e4sy\u00e4. P\u00e4\u00e4tasku voidaan kiinnitt\u00e4\u00e4 magneetilla ja rullap\u00e4\u00e4ll\u00e4. Vetoketjullinen aukko takana mahdollistaa nopean p\u00e4\u00e4syn p\u00e4\u00e4laatikon pohjaan. Helppo kiinnitt\u00e4\u00e4 rattaiden kahvaan klipsien avulla. Joustava hihnan pituuden s\u00e4\u00e4din.\u00a0<\/p><p>Erilaiset lokerot vaatteille ja vaipoille sek\u00e4 vedenpit\u00e4v\u00e4t taskut m\u00e4rille tai vuotaville tavaroille. 2 l\u00e4mp\u00f6s\u00e4ili\u00f6t\u00e4 pit\u00e4m\u00e4\u00e4n maidon, veden ja mehun tasaisessa l\u00e4mp\u00f6tilassa tuntikausia. Sivutasku nopeasti tarvitsemillesi tavaroille.<\/p>\t\t\t\t\t\t\t\t<\/div>\n\t\t\t\t<\/div>\n\t\t\t\t\t<\/div>\n\t\t<\/div>\n\t\t\t\t<div class=\"elementor-column elementor-col-50 elementor-top-column elementor-element elementor-element-2143fba\" data-id=\"2143fba\" data-element_type=\"column\" data-e-type=\"column\">\n\t\t\t<div class=\"elementor-widget-wrap elementor-element-populated\">\n\t\t\t\t\t\t<div class=\"elementor-element elementor-element-a67cdbe elementor-widget elementor-widget-image\" data-id=\"a67cdbe\" data-element_type=\"widget\" data-e-type=\"widget\" data-widget_type=\"image.default\">\n\t\t\t\t<div class=\"elementor-widget-container\">\n\t\t\t\t\t\t\t\t\t\t\t\t\t\t\t<img fetchpriority=\"high\" decoding=\"async\" width=\"520\" height=\"520\" src=\"https:\/\/beebipai.ee\/wp-content\/uploads\/2024\/06\/Kikkaboo-beebitarvete-kott-Cerise.webp\" class=\"attachment-large size-large wp-image-11699\" alt=\"\" srcset=\"https:\/\/beebipai.ee\/wp-content\/uploads\/2024\/06\/Kikkaboo-beebitarvete-kott-Cerise.webp 520w, https:\/\/beebipai.ee\/wp-content\/uploads\/2024\/06\/Kikkaboo-beebitarvete-kott-Cerise-300x300.webp 300w, https:\/\/beebipai.ee\/wp-content\/uploads\/2024\/06\/Kikkaboo-beebitarvete-kott-Cerise-150x150.webp 150w, https:\/\/beebipai.ee\/wp-content\/uploads\/2024\/06\/Kikkaboo-beebitarvete-kott-Cerise-12x12.webp 12w, https:\/\/beebipai.ee\/wp-content\/uploads\/2024\/06\/Kikkaboo-beebitarvete-kott-Cerise-100x100.webp 100w\" sizes=\"(max-width: 520px) 100vw, 520px\" \/>\t\t\t\t\t\t\t\t\t\t\t\t\t\t\t<\/div>\n\t\t\t\t<\/div>\n\t\t\t\t\t<\/div>\n\t\t<\/div>\n\t\t\t\t\t<\/div>\n\t\t<\/section>\n\t\t\t\t<\/div>","protected":false},"excerpt":{"rendered":"<div class=\"woocommerce-product-details__short-description\">\n<p>Kikkaboo beebitarvete kott Cerise on mugav, praktiline ja stiilne. Multifunktsionaalne kott \u00fchendab ilusa v\u00e4limuse praktilisusega, tagades et k\u00f5ik vajalikud asjad oleksid k\u00e4eulatuses.\u00a0 Kotti mahutad k\u00f5ik vajalikud asjad nii endale kui ka beebile. Hooldusvahenditest s\u00f6\u00f6gitarveteni.<\/p>\n<\/div>\n<form class=\"cart\" action=\"https:\/\/beebipai.ee\/fi\/product\/kikkaboo-beebitarvete-seljakott\/\" enctype=\"multipart\/form-data\" method=\"post\" data-trp-original-action=\"https:\/\/beebipai.ee\/product\/kikkaboo-beebitarvete-seljakott\/\">\n<div class=\"quantity\"><\/div>\n<input type=\"hidden\" name=\"trp-form-language\" value=\"fi\"\/><\/form>\n<p>&nbsp;<\/p>","protected":false},"featured_media":10936,"template":"","meta":{"_monsterinsights_skip_tracking":false,"_monsterinsights_sitenote_active":false,"_monsterinsights_sitenote_note":"","_monsterinsights_sitenote_category":0,"site-sidebar-layout":"no-sidebar","site-content-layout":"page-builder","ast-site-content-layout":"full-width-container","site-content-style":"default","site-sidebar-style":"default","ast-global-header-display":"","ast-banner-title-visibility":"","ast-main-header-display":"","ast-hfb-above-header-display":"","ast-hfb-below-header-display":"","ast-hfb-mobile-header-display":"","site-post-title":"disabled","ast-breadcrumbs-content":"","ast-featured-img":"disabled","footer-sml-layout":"","ast-disable-related-posts":"","theme-transparent-header-meta":"default","adv-header-id-meta":"","stick-header-meta":"","header-above-stick-meta":"","header-main-stick-meta":"","header-below-stick-meta":"","astra-migrate-meta-layouts":"set","ast-page-background-enabled":"default","ast-page-background-meta":{"desktop":{"background-color":"","background-image":"","background-repeat":"repeat","background-position":"center center","background-size":"auto","background-attachment":"scroll","background-type":"","background-media":"","overlay-type":"","overlay-color":"","overlay-opacity":"","overlay-gradient":""},"tablet":{"background-color":"","background-image":"","background-repeat":"repeat","background-position":"center center","background-size":"auto","background-attachment":"scroll","background-type":"","background-media":"","overlay-type":"","overlay-color":"","overlay-opacity":"","overlay-gradient":""},"mobile":{"background-color":"","background-image":"","background-repeat":"repeat","background-position":"center center","background-size":"auto","background-attachment":"scroll","background-type":"","background-media":"","overlay-type":"","overlay-color":"","overlay-opacity":"","overlay-gradient":""}},"ast-content-background-meta":{"desktop":{"background-color":"var(--ast-global-color-5)","background-image":"","background-repeat":"repeat","background-position":"center center","background-size":"auto","background-attachment":"scroll","background-type":"","background-media":"","overlay-type":"","overlay-color":"","overlay-opacity":"","overlay-gradient":""},"tablet":{"background-color":"var(--ast-global-color-5)","background-image":"","background-repeat":"repeat","background-position":"center center","background-size":"auto","background-attachment":"scroll","background-type":"","background-media":"","overlay-type":"","overlay-color":"","overlay-opacity":"","overlay-gradient":""},"mobile":{"background-color":"var(--ast-global-color-5)","background-image":"","background-repeat":"repeat","background-position":"center center","background-size":"auto","background-attachment":"scroll","background-type":"","background-media":"","overlay-type":"","overlay-color":"","overlay-opacity":"","overlay-gradient":""}}},"product_brand":[],"product_cat":[157,22],"product_tag":[],"class_list":{"0":"post-10934","1":"product","2":"type-product","3":"status-publish","4":"has-post-thumbnail","6":"product_cat-beebitarvete-kotid","7":"product_cat-emale","8":"desktop-align-left","9":"tablet-align-left","10":"mobile-align-left","12":"first","13":"instock","14":"taxable","15":"shipping-taxable","16":"purchasable","17":"product-type-simple"},"yoast_head":"<!-- This site is optimized with the Yoast SEO plugin v27.5 - https:\/\/yoast.com\/product\/yoast-seo-wordpress\/ -->\n<title>Kikkaboo beebitarvete kott Cerise, must - Beebipai<\/title>\n<meta name=\"description\" content=\"Kikkaboo beebitarvete kott Cerise mahutab k\u00f5ik vajalikud asjad emale ja beebile. Vaata toodet Kikkaboo beebitarvete kott Cerise!\" \/>\n<meta name=\"robots\" content=\"index, follow, max-snippet:-1, max-image-preview:large, max-video-preview:-1\" \/>\n<link rel=\"canonical\" href=\"https:\/\/beebipai.ee\/fi\/product\/kikkaboo-beebitarvete-kott-cerise\/\" \/>\n<meta property=\"og:locale\" content=\"fi_FI\" \/>\n<meta property=\"og:type\" content=\"article\" \/>\n<meta property=\"og:title\" content=\"Kikkaboo beebitarvete kott Cerise, must - Beebipai\" \/>\n<meta property=\"og:description\" content=\"Kikkaboo beebitarvete kott Cerise mahutab k\u00f5ik vajalikud asjad emale ja beebile. Vaata toodet Kikkaboo beebitarvete kott Cerise!\" \/>\n<meta property=\"og:url\" content=\"https:\/\/beebipai.ee\/fi\/product\/kikkaboo-beebitarvete-kott-cerise\/\" \/>\n<meta property=\"og:site_name\" content=\"Beebipai\" \/>\n<meta property=\"article:modified_time\" content=\"2025-09-06T07:37:13+00:00\" \/>\n<meta property=\"og:image\" content=\"https:\/\/beebipai.ee\/wp-content\/uploads\/2024\/06\/Kikkaboo-beebitarvete-kott-1-e1718654365308.jpg\" \/>\n\t<meta property=\"og:image:width\" content=\"500\" \/>\n\t<meta property=\"og:image:height\" content=\"625\" \/>\n\t<meta property=\"og:image:type\" content=\"image\/jpeg\" \/>\n<meta name=\"twitter:card\" content=\"summary_large_image\" \/>\n<meta name=\"twitter:label1\" content=\"Arvioitu lukuaika\" \/>\n\t<meta name=\"twitter:data1\" content=\"1 minuutti\" \/>\n<script type=\"application\/ld+json\" class=\"yoast-schema-graph\">{\"@context\":\"https:\\\/\\\/schema.org\",\"@graph\":[{\"@type\":\"WebPage\",\"@id\":\"https:\\\/\\\/beebipai.ee\\\/product\\\/kikkaboo-beebitarvete-kott-cerise\\\/\",\"url\":\"https:\\\/\\\/beebipai.ee\\\/product\\\/kikkaboo-beebitarvete-kott-cerise\\\/\",\"name\":\"Kikkaboo beebitarvete kott Cerise, must - Beebipai\",\"isPartOf\":{\"@id\":\"https:\\\/\\\/beebipai.ee\\\/en\\\/#website\"},\"primaryImageOfPage\":{\"@id\":\"https:\\\/\\\/beebipai.ee\\\/product\\\/kikkaboo-beebitarvete-kott-cerise\\\/#primaryimage\"},\"image\":{\"@id\":\"https:\\\/\\\/beebipai.ee\\\/product\\\/kikkaboo-beebitarvete-kott-cerise\\\/#primaryimage\"},\"thumbnailUrl\":\"https:\\\/\\\/beebipai.ee\\\/wp-content\\\/uploads\\\/2024\\\/06\\\/Kikkaboo-beebitarvete-kott-1-e1718654365308.jpg\",\"datePublished\":\"2024-06-17T20:23:56+00:00\",\"dateModified\":\"2025-09-06T07:37:13+00:00\",\"description\":\"Kikkaboo beebitarvete kott Cerise mahutab k\u00f5ik vajalikud asjad emale ja beebile. Vaata toodet Kikkaboo beebitarvete kott Cerise!\",\"breadcrumb\":{\"@id\":\"https:\\\/\\\/beebipai.ee\\\/product\\\/kikkaboo-beebitarvete-kott-cerise\\\/#breadcrumb\"},\"inLanguage\":\"fi\",\"potentialAction\":[{\"@type\":\"ReadAction\",\"target\":[\"https:\\\/\\\/beebipai.ee\\\/product\\\/kikkaboo-beebitarvete-kott-cerise\\\/\"]}]},{\"@type\":\"ImageObject\",\"inLanguage\":\"fi\",\"@id\":\"https:\\\/\\\/beebipai.ee\\\/product\\\/kikkaboo-beebitarvete-kott-cerise\\\/#primaryimage\",\"url\":\"https:\\\/\\\/beebipai.ee\\\/wp-content\\\/uploads\\\/2024\\\/06\\\/Kikkaboo-beebitarvete-kott-1-e1718654365308.jpg\",\"contentUrl\":\"https:\\\/\\\/beebipai.ee\\\/wp-content\\\/uploads\\\/2024\\\/06\\\/Kikkaboo-beebitarvete-kott-1-e1718654365308.jpg\",\"width\":500,\"height\":625},{\"@type\":\"BreadcrumbList\",\"@id\":\"https:\\\/\\\/beebipai.ee\\\/product\\\/kikkaboo-beebitarvete-kott-cerise\\\/#breadcrumb\",\"itemListElement\":[{\"@type\":\"ListItem\",\"position\":1,\"name\":\"Home\",\"item\":\"https:\\\/\\\/beebipai.ee\\\/\"},{\"@type\":\"ListItem\",\"position\":2,\"name\":\"Pood\",\"item\":\"https:\\\/\\\/beebipai.ee\\\/store\\\/\"},{\"@type\":\"ListItem\",\"position\":3,\"name\":\"Kikkaboo beebitarvete kott Cerise, must\"}]},{\"@type\":\"WebSite\",\"@id\":\"https:\\\/\\\/beebipai.ee\\\/en\\\/#website\",\"url\":\"https:\\\/\\\/beebipai.ee\\\/en\\\/\",\"name\":\"Beebipai\",\"description\":\"Rasedate ja beebide veebipood\",\"potentialAction\":[{\"@type\":\"SearchAction\",\"target\":{\"@type\":\"EntryPoint\",\"urlTemplate\":\"https:\\\/\\\/beebipai.ee\\\/en\\\/?s={search_term_string}\"},\"query-input\":{\"@type\":\"PropertyValueSpecification\",\"valueRequired\":true,\"valueName\":\"search_term_string\"}}],\"inLanguage\":\"fi\"}]}<\/script>\n<!-- \/ Yoast SEO plugin. -->","yoast_head_json":{"title":"Kikkaboo beebitarvete kott Cerise, must - Beebipai","description":"Kikkaboo beebitarvete kott Cerise mahutab k\u00f5ik vajalikud asjad emale ja beebile. Vaata toodet Kikkaboo beebitarvete kott Cerise!","robots":{"index":"index","follow":"follow","max-snippet":"max-snippet:-1","max-image-preview":"max-image-preview:large","max-video-preview":"max-video-preview:-1"},"canonical":"https:\/\/beebipai.ee\/fi\/product\/kikkaboo-beebitarvete-kott-cerise\/","og_locale":"fi_FI","og_type":"article","og_title":"Kikkaboo beebitarvete kott Cerise, must - Beebipai","og_description":"Kikkaboo beebitarvete kott Cerise mahutab k\u00f5ik vajalikud asjad emale ja beebile. Vaata toodet Kikkaboo beebitarvete kott Cerise!","og_url":"https:\/\/beebipai.ee\/fi\/product\/kikkaboo-beebitarvete-kott-cerise\/","og_site_name":"Beebipai","article_modified_time":"2025-09-06T07:37:13+00:00","og_image":[{"width":500,"height":625,"url":"https:\/\/beebipai.ee\/wp-content\/uploads\/2024\/06\/Kikkaboo-beebitarvete-kott-1-e1718654365308.jpg","type":"image\/jpeg"}],"twitter_card":"summary_large_image","twitter_misc":{"Arvioitu lukuaika":"1 minuutti"},"schema":{"@context":"https:\/\/schema.org","@graph":[{"@type":"WebPage","@id":"https:\/\/beebipai.ee\/product\/kikkaboo-beebitarvete-kott-cerise\/","url":"https:\/\/beebipai.ee\/product\/kikkaboo-beebitarvete-kott-cerise\/","name":"Kikkaboo beebitarvete kott Cerise, must - Beebipai","isPartOf":{"@id":"https:\/\/beebipai.ee\/en\/#website"},"primaryImageOfPage":{"@id":"https:\/\/beebipai.ee\/product\/kikkaboo-beebitarvete-kott-cerise\/#primaryimage"},"image":{"@id":"https:\/\/beebipai.ee\/product\/kikkaboo-beebitarvete-kott-cerise\/#primaryimage"},"thumbnailUrl":"https:\/\/beebipai.ee\/wp-content\/uploads\/2024\/06\/Kikkaboo-beebitarvete-kott-1-e1718654365308.jpg","datePublished":"2024-06-17T20:23:56+00:00","dateModified":"2025-09-06T07:37:13+00:00","description":"Kikkaboo beebitarvete kott Cerise mahutab k\u00f5ik vajalikud asjad emale ja beebile. Vaata toodet Kikkaboo beebitarvete kott Cerise!","breadcrumb":{"@id":"https:\/\/beebipai.ee\/product\/kikkaboo-beebitarvete-kott-cerise\/#breadcrumb"},"inLanguage":"fi","potentialAction":[{"@type":"ReadAction","target":["https:\/\/beebipai.ee\/product\/kikkaboo-beebitarvete-kott-cerise\/"]}]},{"@type":"ImageObject","inLanguage":"fi","@id":"https:\/\/beebipai.ee\/product\/kikkaboo-beebitarvete-kott-cerise\/#primaryimage","url":"https:\/\/beebipai.ee\/wp-content\/uploads\/2024\/06\/Kikkaboo-beebitarvete-kott-1-e1718654365308.jpg","contentUrl":"https:\/\/beebipai.ee\/wp-content\/uploads\/2024\/06\/Kikkaboo-beebitarvete-kott-1-e1718654365308.jpg","width":500,"height":625},{"@type":"BreadcrumbList","@id":"https:\/\/beebipai.ee\/product\/kikkaboo-beebitarvete-kott-cerise\/#breadcrumb","itemListElement":[{"@type":"ListItem","position":1,"name":"Home","item":"https:\/\/beebipai.ee\/"},{"@type":"ListItem","position":2,"name":"Pood","item":"https:\/\/beebipai.ee\/store\/"},{"@type":"ListItem","position":3,"name":"Kikkaboo beebitarvete kott Cerise, must"}]},{"@type":"WebSite","@id":"https:\/\/beebipai.ee\/en\/#website","url":"https:\/\/beebipai.ee\/en\/","name":"Beebipai","description":"Rasedate ja beebide veebipood","potentialAction":[{"@type":"SearchAction","target":{"@type":"EntryPoint","urlTemplate":"https:\/\/beebipai.ee\/en\/?s={search_term_string}"},"query-input":{"@type":"PropertyValueSpecification","valueRequired":true,"valueName":"search_term_string"}}],"inLanguage":"fi"}]}},"_links":{"self":[{"href":"https:\/\/beebipai.ee\/fi\/wp-json\/wp\/v2\/product\/10934","targetHints":{"allow":["GET"]}}],"collection":[{"href":"https:\/\/beebipai.ee\/fi\/wp-json\/wp\/v2\/product"}],"about":[{"href":"https:\/\/beebipai.ee\/fi\/wp-json\/wp\/v2\/types\/product"}],"version-history":[{"count":5,"href":"https:\/\/beebipai.ee\/fi\/wp-json\/wp\/v2\/product\/10934\/revisions"}],"predecessor-version":[{"id":11713,"href":"https:\/\/beebipai.ee\/fi\/wp-json\/wp\/v2\/product\/10934\/revisions\/11713"}],"wp:featuredmedia":[{"embeddable":true,"href":"https:\/\/beebipai.ee\/fi\/wp-json\/wp\/v2\/media\/10936"}],"wp:attachment":[{"href":"https:\/\/beebipai.ee\/fi\/wp-json\/wp\/v2\/media?parent=10934"}],"wp:term":[{"taxonomy":"product_brand","embeddable":true,"href":"https:\/\/beebipai.ee\/fi\/wp-json\/wp\/v2\/product_brand?post=10934"},{"taxonomy":"product_cat","embeddable":true,"href":"https:\/\/beebipai.ee\/fi\/wp-json\/wp\/v2\/product_cat?post=10934"},{"taxonomy":"product_tag","embeddable":true,"href":"https:\/\/beebipai.ee\/fi\/wp-json\/wp\/v2\/product_tag?post=10934"}],"curies":[{"name":"wp","href":"https:\/\/api.w.org\/{rel}","templated":true}]}}