{"id":9651,"date":"2023-11-15T10:51:43","date_gmt":"2023-11-15T08:51:43","guid":{"rendered":"https:\/\/beebipai.ee\/?post_type=product&#038;p=9651"},"modified":"2023-11-15T22:50:47","modified_gmt":"2023-11-15T20:50:47","slug":"neobulle-kandevoo-beebile-vaikelapsele","status":"publish","type":"product","link":"https:\/\/beebipai.ee\/en\/product\/neobulle-kandevoo-beebile-vaikelapsele\/","title":{"rendered":"Neobulle baby\/toddler carrier"},"content":{"rendered":"<div data-elementor-type=\"wp-post\" data-elementor-id=\"9651\" class=\"elementor elementor-9651\">\n\t\t\t\t\t\t<section class=\"elementor-section elementor-top-section elementor-element elementor-element-114f5b4 elementor-section-boxed elementor-section-height-default elementor-section-height-default\" data-id=\"114f5b4\" data-element_type=\"section\" data-e-type=\"section\">\n\t\t\t\t\t\t<div class=\"elementor-container elementor-column-gap-default\">\n\t\t\t\t\t<div class=\"elementor-column elementor-col-50 elementor-top-column elementor-element elementor-element-2069e64\" data-id=\"2069e64\" data-element_type=\"column\" data-e-type=\"column\">\n\t\t\t<div class=\"elementor-widget-wrap elementor-element-populated\">\n\t\t\t\t\t\t<div class=\"elementor-element elementor-element-b98c332 elementor-widget elementor-widget-heading\" data-id=\"b98c332\" data-element_type=\"widget\" data-e-type=\"widget\" data-widget_type=\"heading.default\">\n\t\t\t\t<div class=\"elementor-widget-container\">\n\t\t\t\t\t<h2 class=\"elementor-heading-title elementor-size-default\">Neobulle baby\/toddler carrier<\/h2>\t\t\t\t<\/div>\n\t\t\t\t<\/div>\n\t\t\t\t<div class=\"elementor-element elementor-element-5b96f4e elementor-widget elementor-widget-text-editor\" data-id=\"5b96f4e\" data-element_type=\"widget\" data-e-type=\"widget\" data-widget_type=\"text-editor.default\">\n\t\t\t\t<div class=\"elementor-widget-container\">\n\t\t\t\t\t\t\t\t\t<p>The Neobulle baby carrier is specially adapted for active parents. Eases the burden on the hands and body associated with carrying and holding the child. Ideal for shorter walks, breastfeeding, soothing the baby or just cuddling.\u00a0<\/p><p>Can be used for children aged 6 months (6kg) to 3 years (15kg). Ensures the child's ergonomic position, where the knees are higher than the buttocks and the back is rounded. The carrying belt can be used by children who hold their own head.<\/p><p>The carrying belt is incredibly easy to install on either the right or left shoulder, and you can distribute the weight on the shoulder according to your wishes and needs. The carrying belt is made of organic cotton, it is soft and comfortable for both the child and the wearer.\u00a0<\/p>\t\t\t\t\t\t\t\t<\/div>\n\t\t\t\t<\/div>\n\t\t\t\t\t<\/div>\n\t\t<\/div>\n\t\t\t\t<div class=\"elementor-column elementor-col-50 elementor-top-column elementor-element elementor-element-7745642\" data-id=\"7745642\" data-element_type=\"column\" data-e-type=\"column\">\n\t\t\t<div class=\"elementor-widget-wrap elementor-element-populated\">\n\t\t\t\t\t\t<div class=\"elementor-element elementor-element-cd92d3c elementor-widget elementor-widget-image\" data-id=\"cd92d3c\" data-element_type=\"widget\" data-e-type=\"widget\" data-widget_type=\"image.default\">\n\t\t\t\t<div class=\"elementor-widget-container\">\n\t\t\t\t\t\t\t\t\t\t\t\t\t\t\t<img fetchpriority=\"high\" decoding=\"async\" width=\"350\" height=\"350\" src=\"https:\/\/beebipai.ee\/wp-content\/uploads\/2023\/11\/Neobulle-kandekott-6.jpg\" class=\"attachment-large size-large wp-image-9674\" alt=\"\" srcset=\"https:\/\/beebipai.ee\/wp-content\/uploads\/2023\/11\/Neobulle-kandekott-6.jpg 350w, https:\/\/beebipai.ee\/wp-content\/uploads\/2023\/11\/Neobulle-kandekott-6-300x300.jpg 300w, https:\/\/beebipai.ee\/wp-content\/uploads\/2023\/11\/Neobulle-kandekott-6-150x150.jpg 150w, https:\/\/beebipai.ee\/wp-content\/uploads\/2023\/11\/Neobulle-kandekott-6-12x12.jpg 12w, https:\/\/beebipai.ee\/wp-content\/uploads\/2023\/11\/Neobulle-kandekott-6-100x100.jpg 100w\" sizes=\"(max-width: 350px) 100vw, 350px\" \/>\t\t\t\t\t\t\t\t\t\t\t\t\t\t\t<\/div>\n\t\t\t\t<\/div>\n\t\t\t\t\t<\/div>\n\t\t<\/div>\n\t\t\t\t\t<\/div>\n\t\t<\/section>\n\t\t\t\t<section class=\"elementor-section elementor-top-section elementor-element elementor-element-f11f3fe elementor-section-boxed elementor-section-height-default elementor-section-height-default\" data-id=\"f11f3fe\" data-element_type=\"section\" data-e-type=\"section\">\n\t\t\t\t\t\t<div class=\"elementor-container elementor-column-gap-default\">\n\t\t\t\t\t<div class=\"elementor-column elementor-col-50 elementor-top-column elementor-element elementor-element-8ffb4b8\" data-id=\"8ffb4b8\" data-element_type=\"column\" data-e-type=\"column\">\n\t\t\t<div class=\"elementor-widget-wrap elementor-element-populated\">\n\t\t\t\t\t\t<div class=\"elementor-element elementor-element-f43d15c elementor-widget elementor-widget-text-editor\" data-id=\"f43d15c\" data-element_type=\"widget\" data-e-type=\"widget\" data-widget_type=\"text-editor.default\">\n\t\t\t\t<div class=\"elementor-widget-container\">\n\t\t\t\t\t\t\t\t\t<p>Installing the harness is a breeze, just three quick steps.<\/p><ol><li>put on the belt, the Neobulle logo must remain on the shoulder<\/li><li>have the child sit on the hip in the belt. The child's buttocks sink slightly below the knees<\/li><li>distribute the weight on your shoulder evenly so that you feel comfortable and light<\/li><\/ol>\t\t\t\t\t\t\t\t<\/div>\n\t\t\t\t<\/div>\n\t\t\t\t\t<\/div>\n\t\t<\/div>\n\t\t\t\t<div class=\"elementor-column elementor-col-50 elementor-top-column elementor-element elementor-element-7ad8d1d\" data-id=\"7ad8d1d\" data-element_type=\"column\" data-e-type=\"column\">\n\t\t\t<div class=\"elementor-widget-wrap elementor-element-populated\">\n\t\t\t\t\t\t<div class=\"elementor-element elementor-element-94b10cb elementor-widget elementor-widget-image\" data-id=\"94b10cb\" data-element_type=\"widget\" data-e-type=\"widget\" data-widget_type=\"image.default\">\n\t\t\t\t<div class=\"elementor-widget-container\">\n\t\t\t\t\t\t\t\t\t\t\t\t\t\t\t<img decoding=\"async\" width=\"683\" height=\"304\" src=\"https:\/\/beebipai.ee\/wp-content\/uploads\/2023\/11\/Neobulle-kandevoo-6.png\" class=\"attachment-large size-large wp-image-9683\" alt=\"\" srcset=\"https:\/\/beebipai.ee\/wp-content\/uploads\/2023\/11\/Neobulle-kandevoo-6.png 683w, https:\/\/beebipai.ee\/wp-content\/uploads\/2023\/11\/Neobulle-kandevoo-6-300x134.png 300w, https:\/\/beebipai.ee\/wp-content\/uploads\/2023\/11\/Neobulle-kandevoo-6-18x8.png 18w, https:\/\/beebipai.ee\/wp-content\/uploads\/2023\/11\/Neobulle-kandevoo-6-600x267.png 600w\" sizes=\"(max-width: 683px) 100vw, 683px\" \/>\t\t\t\t\t\t\t\t\t\t\t\t\t\t\t<\/div>\n\t\t\t\t<\/div>\n\t\t\t\t\t<\/div>\n\t\t<\/div>\n\t\t\t\t\t<\/div>\n\t\t<\/section>\n\t\t\t\t<\/div>","protected":false},"excerpt":{"rendered":"<p>The Neobulle organic cotton carrier provides support for carrying or holding the child on the hip. Easy to install and easy to use.<\/p>\n<p>The Neobulle carrier belt is made in France from 100% organic cotton, does not contain heavy metals, pollutants or toxic substances.<\/p>\n<p>Complies with safety requirements: European Committee for Standards, CEN\/TER 16512<\/p>","protected":false},"featured_media":9672,"template":"","meta":{"_monsterinsights_skip_tracking":false,"_monsterinsights_sitenote_active":false,"_monsterinsights_sitenote_note":"","_monsterinsights_sitenote_category":0,"site-sidebar-layout":"no-sidebar","site-content-layout":"page-builder","ast-site-content-layout":"full-width-container","site-content-style":"default","site-sidebar-style":"default","ast-global-header-display":"","ast-banner-title-visibility":"","ast-main-header-display":"","ast-hfb-above-header-display":"","ast-hfb-below-header-display":"","ast-hfb-mobile-header-display":"","site-post-title":"disabled","ast-breadcrumbs-content":"","ast-featured-img":"disabled","footer-sml-layout":"","ast-disable-related-posts":"","theme-transparent-header-meta":"default","adv-header-id-meta":"","stick-header-meta":"","header-above-stick-meta":"","header-main-stick-meta":"","header-below-stick-meta":"","astra-migrate-meta-layouts":"set","ast-page-background-enabled":"default","ast-page-background-meta":{"desktop":{"background-color":"","background-image":"","background-repeat":"repeat","background-position":"center center","background-size":"auto","background-attachment":"scroll","background-type":"","background-media":"","overlay-type":"","overlay-color":"","overlay-opacity":"","overlay-gradient":""},"tablet":{"background-color":"","background-image":"","background-repeat":"repeat","background-position":"center center","background-size":"auto","background-attachment":"scroll","background-type":"","background-media":"","overlay-type":"","overlay-color":"","overlay-opacity":"","overlay-gradient":""},"mobile":{"background-color":"","background-image":"","background-repeat":"repeat","background-position":"center center","background-size":"auto","background-attachment":"scroll","background-type":"","background-media":"","overlay-type":"","overlay-color":"","overlay-opacity":"","overlay-gradient":""}},"ast-content-background-meta":{"desktop":{"background-color":"var(--ast-global-color-5)","background-image":"","background-repeat":"repeat","background-position":"center center","background-size":"auto","background-attachment":"scroll","background-type":"","background-media":"","overlay-type":"","overlay-color":"","overlay-opacity":"","overlay-gradient":""},"tablet":{"background-color":"var(--ast-global-color-5)","background-image":"","background-repeat":"repeat","background-position":"center center","background-size":"auto","background-attachment":"scroll","background-type":"","background-media":"","overlay-type":"","overlay-color":"","overlay-opacity":"","overlay-gradient":""},"mobile":{"background-color":"var(--ast-global-color-5)","background-image":"","background-repeat":"repeat","background-position":"center center","background-size":"auto","background-attachment":"scroll","background-type":"","background-media":"","overlay-type":"","overlay-color":"","overlay-opacity":"","overlay-gradient":""}}},"product_brand":[],"product_cat":[23,98],"product_tag":[],"class_list":{"0":"post-9651","1":"product","2":"type-product","3":"status-publish","4":"has-post-thumbnail","6":"product_cat-beebile","7":"product_cat-kandekotid","8":"desktop-align-left","9":"tablet-align-left","10":"mobile-align-left","12":"first","13":"instock","14":"taxable","15":"shipping-taxable","16":"purchasable","17":"product-type-variable"},"yoast_head":"<!-- This site is optimized with the Yoast SEO plugin v27.4 - https:\/\/yoast.com\/product\/yoast-seo-wordpress\/ -->\n<title>Neobulle kandev\u00f6\u00f6 beebile\/v\u00e4ikelapsele - Beebipai<\/title>\n<meta name=\"description\" content=\"Neobulle kandev\u00f6\u00f6 beebile\/v\u00e4ikelapsele kergendab lapse kandmist ja hoidmist puusal l\u00fchematel k\u00e4ikudel. Vaata toodet Neobulle kandev\u00f6\u00f6 beebile\/v\u00e4ikelapsele!\" \/>\n<meta name=\"robots\" content=\"index, follow, max-snippet:-1, max-image-preview:large, max-video-preview:-1\" \/>\n<link rel=\"canonical\" href=\"https:\/\/beebipai.ee\/en\/product\/neobulle-kandevoo-beebile-vaikelapsele\/\" \/>\n<meta property=\"og:locale\" content=\"en_US\" \/>\n<meta property=\"og:type\" content=\"article\" \/>\n<meta property=\"og:title\" content=\"Neobulle kandev\u00f6\u00f6 beebile\/v\u00e4ikelapsele - Beebipai\" \/>\n<meta property=\"og:description\" content=\"Neobulle kandev\u00f6\u00f6 beebile\/v\u00e4ikelapsele kergendab lapse kandmist ja hoidmist puusal l\u00fchematel k\u00e4ikudel. Vaata toodet Neobulle kandev\u00f6\u00f6 beebile\/v\u00e4ikelapsele!\" \/>\n<meta property=\"og:url\" content=\"https:\/\/beebipai.ee\/en\/product\/neobulle-kandevoo-beebile-vaikelapsele\/\" \/>\n<meta property=\"og:site_name\" content=\"Beebipai\" \/>\n<meta property=\"article:modified_time\" content=\"2023-11-15T20:50:47+00:00\" \/>\n<meta property=\"og:image\" content=\"https:\/\/beebipai.ee\/wp-content\/uploads\/2023\/11\/Neobulle-kandevoo-scaled-e1700054351243.jpeg\" \/>\n\t<meta property=\"og:image:width\" content=\"500\" \/>\n\t<meta property=\"og:image:height\" content=\"750\" \/>\n\t<meta property=\"og:image:type\" content=\"image\/jpeg\" \/>\n<meta name=\"twitter:card\" content=\"summary_large_image\" \/>\n<meta name=\"twitter:label1\" content=\"Est. reading time\" \/>\n\t<meta name=\"twitter:data1\" content=\"1 minute\" \/>\n<script type=\"application\/ld+json\" class=\"yoast-schema-graph\">{\"@context\":\"https:\\\/\\\/schema.org\",\"@graph\":[{\"@type\":\"WebPage\",\"@id\":\"https:\\\/\\\/beebipai.ee\\\/product\\\/neobulle-kandevoo-beebile-vaikelapsele\\\/\",\"url\":\"https:\\\/\\\/beebipai.ee\\\/product\\\/neobulle-kandevoo-beebile-vaikelapsele\\\/\",\"name\":\"Neobulle kandev\u00f6\u00f6 beebile\\\/v\u00e4ikelapsele - Beebipai\",\"isPartOf\":{\"@id\":\"https:\\\/\\\/beebipai.ee\\\/en\\\/#website\"},\"primaryImageOfPage\":{\"@id\":\"https:\\\/\\\/beebipai.ee\\\/product\\\/neobulle-kandevoo-beebile-vaikelapsele\\\/#primaryimage\"},\"image\":{\"@id\":\"https:\\\/\\\/beebipai.ee\\\/product\\\/neobulle-kandevoo-beebile-vaikelapsele\\\/#primaryimage\"},\"thumbnailUrl\":\"https:\\\/\\\/beebipai.ee\\\/wp-content\\\/uploads\\\/2023\\\/11\\\/Neobulle-kandevoo-scaled-e1700054351243.jpeg\",\"datePublished\":\"2023-11-15T08:51:43+00:00\",\"dateModified\":\"2023-11-15T20:50:47+00:00\",\"description\":\"Neobulle kandev\u00f6\u00f6 beebile\\\/v\u00e4ikelapsele kergendab lapse kandmist ja hoidmist puusal l\u00fchematel k\u00e4ikudel. Vaata toodet Neobulle kandev\u00f6\u00f6 beebile\\\/v\u00e4ikelapsele!\",\"breadcrumb\":{\"@id\":\"https:\\\/\\\/beebipai.ee\\\/product\\\/neobulle-kandevoo-beebile-vaikelapsele\\\/#breadcrumb\"},\"inLanguage\":\"en-US\",\"potentialAction\":[{\"@type\":\"ReadAction\",\"target\":[\"https:\\\/\\\/beebipai.ee\\\/product\\\/neobulle-kandevoo-beebile-vaikelapsele\\\/\"]}]},{\"@type\":\"ImageObject\",\"inLanguage\":\"en-US\",\"@id\":\"https:\\\/\\\/beebipai.ee\\\/product\\\/neobulle-kandevoo-beebile-vaikelapsele\\\/#primaryimage\",\"url\":\"https:\\\/\\\/beebipai.ee\\\/wp-content\\\/uploads\\\/2023\\\/11\\\/Neobulle-kandevoo-scaled-e1700054351243.jpeg\",\"contentUrl\":\"https:\\\/\\\/beebipai.ee\\\/wp-content\\\/uploads\\\/2023\\\/11\\\/Neobulle-kandevoo-scaled-e1700054351243.jpeg\",\"width\":500,\"height\":750},{\"@type\":\"BreadcrumbList\",\"@id\":\"https:\\\/\\\/beebipai.ee\\\/product\\\/neobulle-kandevoo-beebile-vaikelapsele\\\/#breadcrumb\",\"itemListElement\":[{\"@type\":\"ListItem\",\"position\":1,\"name\":\"Home\",\"item\":\"https:\\\/\\\/beebipai.ee\\\/\"},{\"@type\":\"ListItem\",\"position\":2,\"name\":\"Pood\",\"item\":\"https:\\\/\\\/beebipai.ee\\\/store\\\/\"},{\"@type\":\"ListItem\",\"position\":3,\"name\":\"Neobulle kandev\u00f6\u00f6 beebile\\\/v\u00e4ikelapsele\"}]},{\"@type\":\"WebSite\",\"@id\":\"https:\\\/\\\/beebipai.ee\\\/en\\\/#website\",\"url\":\"https:\\\/\\\/beebipai.ee\\\/en\\\/\",\"name\":\"Beebipai\",\"description\":\"Rasedate ja beebide veebipood\",\"potentialAction\":[{\"@type\":\"SearchAction\",\"target\":{\"@type\":\"EntryPoint\",\"urlTemplate\":\"https:\\\/\\\/beebipai.ee\\\/en\\\/?s={search_term_string}\"},\"query-input\":{\"@type\":\"PropertyValueSpecification\",\"valueRequired\":true,\"valueName\":\"search_term_string\"}}],\"inLanguage\":\"en-US\"}]}<\/script>\n<!-- \/ Yoast SEO plugin. -->","yoast_head_json":{"title":"Neobulle kandev\u00f6\u00f6 beebile\/v\u00e4ikelapsele - Beebipai","description":"Neobulle kandev\u00f6\u00f6 beebile\/v\u00e4ikelapsele kergendab lapse kandmist ja hoidmist puusal l\u00fchematel k\u00e4ikudel. Vaata toodet Neobulle kandev\u00f6\u00f6 beebile\/v\u00e4ikelapsele!","robots":{"index":"index","follow":"follow","max-snippet":"max-snippet:-1","max-image-preview":"max-image-preview:large","max-video-preview":"max-video-preview:-1"},"canonical":"https:\/\/beebipai.ee\/en\/product\/neobulle-kandevoo-beebile-vaikelapsele\/","og_locale":"en_US","og_type":"article","og_title":"Neobulle kandev\u00f6\u00f6 beebile\/v\u00e4ikelapsele - Beebipai","og_description":"Neobulle kandev\u00f6\u00f6 beebile\/v\u00e4ikelapsele kergendab lapse kandmist ja hoidmist puusal l\u00fchematel k\u00e4ikudel. Vaata toodet Neobulle kandev\u00f6\u00f6 beebile\/v\u00e4ikelapsele!","og_url":"https:\/\/beebipai.ee\/en\/product\/neobulle-kandevoo-beebile-vaikelapsele\/","og_site_name":"Beebipai","article_modified_time":"2023-11-15T20:50:47+00:00","og_image":[{"width":500,"height":750,"url":"https:\/\/beebipai.ee\/wp-content\/uploads\/2023\/11\/Neobulle-kandevoo-scaled-e1700054351243.jpeg","type":"image\/jpeg"}],"twitter_card":"summary_large_image","twitter_misc":{"Est. reading time":"1 minute"},"schema":{"@context":"https:\/\/schema.org","@graph":[{"@type":"WebPage","@id":"https:\/\/beebipai.ee\/product\/neobulle-kandevoo-beebile-vaikelapsele\/","url":"https:\/\/beebipai.ee\/product\/neobulle-kandevoo-beebile-vaikelapsele\/","name":"Neobulle kandev\u00f6\u00f6 beebile\/v\u00e4ikelapsele - Beebipai","isPartOf":{"@id":"https:\/\/beebipai.ee\/en\/#website"},"primaryImageOfPage":{"@id":"https:\/\/beebipai.ee\/product\/neobulle-kandevoo-beebile-vaikelapsele\/#primaryimage"},"image":{"@id":"https:\/\/beebipai.ee\/product\/neobulle-kandevoo-beebile-vaikelapsele\/#primaryimage"},"thumbnailUrl":"https:\/\/beebipai.ee\/wp-content\/uploads\/2023\/11\/Neobulle-kandevoo-scaled-e1700054351243.jpeg","datePublished":"2023-11-15T08:51:43+00:00","dateModified":"2023-11-15T20:50:47+00:00","description":"Neobulle kandev\u00f6\u00f6 beebile\/v\u00e4ikelapsele kergendab lapse kandmist ja hoidmist puusal l\u00fchematel k\u00e4ikudel. Vaata toodet Neobulle kandev\u00f6\u00f6 beebile\/v\u00e4ikelapsele!","breadcrumb":{"@id":"https:\/\/beebipai.ee\/product\/neobulle-kandevoo-beebile-vaikelapsele\/#breadcrumb"},"inLanguage":"en-US","potentialAction":[{"@type":"ReadAction","target":["https:\/\/beebipai.ee\/product\/neobulle-kandevoo-beebile-vaikelapsele\/"]}]},{"@type":"ImageObject","inLanguage":"en-US","@id":"https:\/\/beebipai.ee\/product\/neobulle-kandevoo-beebile-vaikelapsele\/#primaryimage","url":"https:\/\/beebipai.ee\/wp-content\/uploads\/2023\/11\/Neobulle-kandevoo-scaled-e1700054351243.jpeg","contentUrl":"https:\/\/beebipai.ee\/wp-content\/uploads\/2023\/11\/Neobulle-kandevoo-scaled-e1700054351243.jpeg","width":500,"height":750},{"@type":"BreadcrumbList","@id":"https:\/\/beebipai.ee\/product\/neobulle-kandevoo-beebile-vaikelapsele\/#breadcrumb","itemListElement":[{"@type":"ListItem","position":1,"name":"Home","item":"https:\/\/beebipai.ee\/"},{"@type":"ListItem","position":2,"name":"Pood","item":"https:\/\/beebipai.ee\/store\/"},{"@type":"ListItem","position":3,"name":"Neobulle kandev\u00f6\u00f6 beebile\/v\u00e4ikelapsele"}]},{"@type":"WebSite","@id":"https:\/\/beebipai.ee\/en\/#website","url":"https:\/\/beebipai.ee\/en\/","name":"Beebipai","description":"Rasedate ja beebide veebipood","potentialAction":[{"@type":"SearchAction","target":{"@type":"EntryPoint","urlTemplate":"https:\/\/beebipai.ee\/en\/?s={search_term_string}"},"query-input":{"@type":"PropertyValueSpecification","valueRequired":true,"valueName":"search_term_string"}}],"inLanguage":"en-US"}]}},"_links":{"self":[{"href":"https:\/\/beebipai.ee\/en\/wp-json\/wp\/v2\/product\/9651","targetHints":{"allow":["GET"]}}],"collection":[{"href":"https:\/\/beebipai.ee\/en\/wp-json\/wp\/v2\/product"}],"about":[{"href":"https:\/\/beebipai.ee\/en\/wp-json\/wp\/v2\/types\/product"}],"version-history":[{"count":5,"href":"https:\/\/beebipai.ee\/en\/wp-json\/wp\/v2\/product\/9651\/revisions"}],"predecessor-version":[{"id":9688,"href":"https:\/\/beebipai.ee\/en\/wp-json\/wp\/v2\/product\/9651\/revisions\/9688"}],"wp:featuredmedia":[{"embeddable":true,"href":"https:\/\/beebipai.ee\/en\/wp-json\/wp\/v2\/media\/9672"}],"wp:attachment":[{"href":"https:\/\/beebipai.ee\/en\/wp-json\/wp\/v2\/media?parent=9651"}],"wp:term":[{"taxonomy":"product_brand","embeddable":true,"href":"https:\/\/beebipai.ee\/en\/wp-json\/wp\/v2\/product_brand?post=9651"},{"taxonomy":"product_cat","embeddable":true,"href":"https:\/\/beebipai.ee\/en\/wp-json\/wp\/v2\/product_cat?post=9651"},{"taxonomy":"product_tag","embeddable":true,"href":"https:\/\/beebipai.ee\/en\/wp-json\/wp\/v2\/product_tag?post=9651"}],"curies":[{"name":"wp","href":"https:\/\/api.w.org\/{rel}","templated":true}]}}