{"id":9327,"date":"2023-10-08T13:50:48","date_gmt":"2023-10-08T10:50:48","guid":{"rendered":"https:\/\/beebipai.ee\/?post_type=product&#038;p=9327"},"modified":"2023-10-08T14:28:18","modified_gmt":"2023-10-08T11:28:18","slug":"kikkaboo-beebi-magamiskott-joehobu-unistus","status":"publish","type":"product","link":"https:\/\/beebipai.ee\/en\/product\/kikkaboo-beebi-magamiskott-joehobu-unistus\/","title":{"rendered":"Kikkaboo baby sleeping bag \"Hippo's dream\""},"content":{"rendered":"<div data-elementor-type=\"wp-post\" data-elementor-id=\"9327\" class=\"elementor elementor-9327\">\n\t\t\t\t\t\t<section class=\"elementor-section elementor-top-section elementor-element elementor-element-f144013 elementor-section-boxed elementor-section-height-default elementor-section-height-default\" data-id=\"f144013\" data-element_type=\"section\" data-e-type=\"section\">\n\t\t\t\t\t\t<div class=\"elementor-container elementor-column-gap-default\">\n\t\t\t\t\t<div class=\"elementor-column elementor-col-33 elementor-top-column elementor-element elementor-element-d723d50\" data-id=\"d723d50\" data-element_type=\"column\" data-e-type=\"column\">\n\t\t\t<div class=\"elementor-widget-wrap elementor-element-populated\">\n\t\t\t\t\t\t<div class=\"elementor-element elementor-element-990440c elementor-widget elementor-widget-image\" data-id=\"990440c\" data-element_type=\"widget\" data-e-type=\"widget\" data-widget_type=\"image.default\">\n\t\t\t\t<div class=\"elementor-widget-container\">\n\t\t\t\t\t\t\t\t\t\t\t\t\t\t\t<img fetchpriority=\"high\" decoding=\"async\" width=\"505\" height=\"325\" src=\"https:\/\/beebipai.ee\/wp-content\/uploads\/2023\/10\/Kikkaboo-magamiskott-3.jpg\" class=\"attachment-large size-large wp-image-9332\" alt=\"\" srcset=\"https:\/\/beebipai.ee\/wp-content\/uploads\/2023\/10\/Kikkaboo-magamiskott-3.jpg 505w, https:\/\/beebipai.ee\/wp-content\/uploads\/2023\/10\/Kikkaboo-magamiskott-3-300x193.jpg 300w, https:\/\/beebipai.ee\/wp-content\/uploads\/2023\/10\/Kikkaboo-magamiskott-3-18x12.jpg 18w\" sizes=\"(max-width: 505px) 100vw, 505px\" \/>\t\t\t\t\t\t\t\t\t\t\t\t\t\t\t<\/div>\n\t\t\t\t<\/div>\n\t\t\t\t\t<\/div>\n\t\t<\/div>\n\t\t\t\t<div class=\"elementor-column elementor-col-33 elementor-top-column elementor-element elementor-element-9c98324\" data-id=\"9c98324\" data-element_type=\"column\" data-e-type=\"column\">\n\t\t\t<div class=\"elementor-widget-wrap elementor-element-populated\">\n\t\t\t\t\t\t<div class=\"elementor-element elementor-element-327e8ef elementor-widget elementor-widget-heading\" data-id=\"327e8ef\" data-element_type=\"widget\" data-e-type=\"widget\" data-widget_type=\"heading.default\">\n\t\t\t\t<div class=\"elementor-widget-container\">\n\t\t\t\t\t<h2 class=\"elementor-heading-title elementor-size-default\">Kikkaboo sleeping bag for baby<\/h2>\t\t\t\t<\/div>\n\t\t\t\t<\/div>\n\t\t\t\t<div class=\"elementor-element elementor-element-febedd8 elementor-widget elementor-widget-text-editor\" data-id=\"febedd8\" data-element_type=\"widget\" data-e-type=\"widget\" data-widget_type=\"text-editor.default\">\n\t\t\t\t<div class=\"elementor-widget-container\">\n\t\t\t\t\t\t\t\t\t<p>In a sleeping bag, it is warm and safe for the baby to sleep. The sleeping bag keeps the baby's body evenly warm and the baby cannot shove it off while he sleeps. The sleeping bag is an ultra-light and comfortable nest for the baby.<\/p><p>The sleeping bag is made of high-quality ranforce cotton, which is air permeable, healthy and environmentally friendly. The bag with a double-sided lock and zipper protector will open easily and quietly to the extent you need. Strapped on the shoulders with snap fasteners.\u00a0<\/p><p>Heat ratio 3.3 TOG<\/p><p>Sleeping bag size 0-6 months- 45\u00d770 cm<\/p><p>Sleeping bag size 6-18 months- 55x90 cm<\/p><p>Produced in accordance with safety requirements EN 16781<\/p>\t\t\t\t\t\t\t\t<\/div>\n\t\t\t\t<\/div>\n\t\t\t\t\t<\/div>\n\t\t<\/div>\n\t\t\t\t<div class=\"elementor-column elementor-col-33 elementor-top-column elementor-element elementor-element-e50c60f\" data-id=\"e50c60f\" data-element_type=\"column\" data-e-type=\"column\">\n\t\t\t<div class=\"elementor-widget-wrap elementor-element-populated\">\n\t\t\t\t\t\t<div class=\"elementor-element elementor-element-b72177b elementor-widget elementor-widget-image\" data-id=\"b72177b\" data-element_type=\"widget\" data-e-type=\"widget\" data-widget_type=\"image.default\">\n\t\t\t\t<div class=\"elementor-widget-container\">\n\t\t\t\t\t\t\t\t\t\t\t\t\t\t\t<img decoding=\"async\" width=\"505\" height=\"325\" src=\"https:\/\/beebipai.ee\/wp-content\/uploads\/2023\/10\/Kikkaboo-magamiskott-1.jpg\" class=\"attachment-large size-large wp-image-9330\" alt=\"\" srcset=\"https:\/\/beebipai.ee\/wp-content\/uploads\/2023\/10\/Kikkaboo-magamiskott-1.jpg 505w, https:\/\/beebipai.ee\/wp-content\/uploads\/2023\/10\/Kikkaboo-magamiskott-1-300x193.jpg 300w, https:\/\/beebipai.ee\/wp-content\/uploads\/2023\/10\/Kikkaboo-magamiskott-1-18x12.jpg 18w\" sizes=\"(max-width: 505px) 100vw, 505px\" \/>\t\t\t\t\t\t\t\t\t\t\t\t\t\t\t<\/div>\n\t\t\t\t<\/div>\n\t\t\t\t\t<\/div>\n\t\t<\/div>\n\t\t\t\t\t<\/div>\n\t\t<\/section>\n\t\t\t\t<\/div>","protected":false},"excerpt":{"rendered":"<p>With a Kikkaboo baby sleeping bag, the baby sleeps all his sleep warmly and safely. The sleeping bag is lightweight, air-permeable and keeps evenly warm.<\/p>","protected":false},"featured_media":9335,"template":"","meta":{"_monsterinsights_skip_tracking":false,"_monsterinsights_sitenote_active":false,"_monsterinsights_sitenote_note":"","_monsterinsights_sitenote_category":0,"site-sidebar-layout":"no-sidebar","site-content-layout":"page-builder","ast-site-content-layout":"full-width-container","site-content-style":"default","site-sidebar-style":"default","ast-global-header-display":"","ast-banner-title-visibility":"","ast-main-header-display":"","ast-hfb-above-header-display":"","ast-hfb-below-header-display":"","ast-hfb-mobile-header-display":"","site-post-title":"disabled","ast-breadcrumbs-content":"","ast-featured-img":"disabled","footer-sml-layout":"","ast-disable-related-posts":"","theme-transparent-header-meta":"default","adv-header-id-meta":"","stick-header-meta":"","header-above-stick-meta":"","header-main-stick-meta":"","header-below-stick-meta":"","astra-migrate-meta-layouts":"set","ast-page-background-enabled":"default","ast-page-background-meta":{"desktop":{"background-color":"","background-image":"","background-repeat":"repeat","background-position":"center center","background-size":"auto","background-attachment":"scroll","background-type":"","background-media":"","overlay-type":"","overlay-color":"","overlay-opacity":"","overlay-gradient":""},"tablet":{"background-color":"","background-image":"","background-repeat":"repeat","background-position":"center center","background-size":"auto","background-attachment":"scroll","background-type":"","background-media":"","overlay-type":"","overlay-color":"","overlay-opacity":"","overlay-gradient":""},"mobile":{"background-color":"","background-image":"","background-repeat":"repeat","background-position":"center center","background-size":"auto","background-attachment":"scroll","background-type":"","background-media":"","overlay-type":"","overlay-color":"","overlay-opacity":"","overlay-gradient":""}},"ast-content-background-meta":{"desktop":{"background-color":"var(--ast-global-color-5)","background-image":"","background-repeat":"repeat","background-position":"center center","background-size":"auto","background-attachment":"scroll","background-type":"","background-media":"","overlay-type":"","overlay-color":"","overlay-opacity":"","overlay-gradient":""},"tablet":{"background-color":"var(--ast-global-color-5)","background-image":"","background-repeat":"repeat","background-position":"center center","background-size":"auto","background-attachment":"scroll","background-type":"","background-media":"","overlay-type":"","overlay-color":"","overlay-opacity":"","overlay-gradient":""},"mobile":{"background-color":"var(--ast-global-color-5)","background-image":"","background-repeat":"repeat","background-position":"center center","background-size":"auto","background-attachment":"scroll","background-type":"","background-media":"","overlay-type":"","overlay-color":"","overlay-opacity":"","overlay-gradient":""}}},"product_brand":[],"product_cat":[23,146],"product_tag":[],"class_list":{"0":"post-9327","1":"product","2":"type-product","3":"status-publish","4":"has-post-thumbnail","6":"product_cat-beebile","7":"product_cat-magamiseks","8":"desktop-align-left","9":"tablet-align-left","10":"mobile-align-left","12":"first","13":"instock","14":"taxable","15":"shipping-taxable","16":"purchasable","17":"product-type-variable"},"yoast_head":"<!-- This site is optimized with the Yoast SEO plugin v27.4 - https:\/\/yoast.com\/product\/yoast-seo-wordpress\/ -->\n<title>Kikkaboo beebi magamiskott &quot;J\u00f5ehobu unistus&quot; - Beebipai<\/title>\n<meta name=\"description\" content=\"Kikkaboo beebi magamiskotiga magab beebi k\u00f5ik oma uned soojalt ja turvaliselt. Magamiskott on kerge, \u00f5hku l\u00e4bilaskev ja \u00fchtlaselt sooja hoidev. Vaata toodet!\" \/>\n<meta name=\"robots\" content=\"index, follow, max-snippet:-1, max-image-preview:large, max-video-preview:-1\" \/>\n<link rel=\"canonical\" href=\"https:\/\/beebipai.ee\/en\/product\/kikkaboo-beebi-magamiskott-joehobu-unistus\/\" \/>\n<meta property=\"og:locale\" content=\"en_US\" \/>\n<meta property=\"og:type\" content=\"article\" \/>\n<meta property=\"og:title\" content=\"Kikkaboo beebi magamiskott &quot;J\u00f5ehobu unistus&quot; - Beebipai\" \/>\n<meta property=\"og:description\" content=\"Kikkaboo beebi magamiskotiga magab beebi k\u00f5ik oma uned soojalt ja turvaliselt. Magamiskott on kerge, \u00f5hku l\u00e4bilaskev ja \u00fchtlaselt sooja hoidev. Vaata toodet!\" \/>\n<meta property=\"og:url\" content=\"https:\/\/beebipai.ee\/en\/product\/kikkaboo-beebi-magamiskott-joehobu-unistus\/\" \/>\n<meta property=\"og:site_name\" content=\"Beebipai\" \/>\n<meta property=\"article:modified_time\" content=\"2023-10-08T11:28:18+00:00\" \/>\n<meta property=\"og:image\" content=\"https:\/\/beebipai.ee\/wp-content\/uploads\/2023\/10\/Kikkaboo-magamiskott.jpg\" \/>\n\t<meta property=\"og:image:width\" content=\"522\" \/>\n\t<meta property=\"og:image:height\" content=\"522\" \/>\n\t<meta property=\"og:image:type\" content=\"image\/jpeg\" \/>\n<meta name=\"twitter:card\" content=\"summary_large_image\" \/>\n<script type=\"application\/ld+json\" class=\"yoast-schema-graph\">{\"@context\":\"https:\\\/\\\/schema.org\",\"@graph\":[{\"@type\":\"WebPage\",\"@id\":\"https:\\\/\\\/beebipai.ee\\\/lv\\\/product\\\/kikkaboo-beebi-magamiskott-joehobu-unistus\\\/\",\"url\":\"https:\\\/\\\/beebipai.ee\\\/lv\\\/product\\\/kikkaboo-beebi-magamiskott-joehobu-unistus\\\/\",\"name\":\"Kikkaboo beebi magamiskott \\\"J\u00f5ehobu unistus\\\" - Beebipai\",\"isPartOf\":{\"@id\":\"https:\\\/\\\/beebipai.ee\\\/en\\\/#website\"},\"primaryImageOfPage\":{\"@id\":\"https:\\\/\\\/beebipai.ee\\\/lv\\\/product\\\/kikkaboo-beebi-magamiskott-joehobu-unistus\\\/#primaryimage\"},\"image\":{\"@id\":\"https:\\\/\\\/beebipai.ee\\\/lv\\\/product\\\/kikkaboo-beebi-magamiskott-joehobu-unistus\\\/#primaryimage\"},\"thumbnailUrl\":\"https:\\\/\\\/beebipai.ee\\\/wp-content\\\/uploads\\\/2023\\\/10\\\/Kikkaboo-magamiskott.jpg\",\"datePublished\":\"2023-10-08T10:50:48+00:00\",\"dateModified\":\"2023-10-08T11:28:18+00:00\",\"description\":\"Kikkaboo beebi magamiskotiga magab beebi k\u00f5ik oma uned soojalt ja turvaliselt. Magamiskott on kerge, \u00f5hku l\u00e4bilaskev ja \u00fchtlaselt sooja hoidev. Vaata toodet!\",\"breadcrumb\":{\"@id\":\"https:\\\/\\\/beebipai.ee\\\/lv\\\/product\\\/kikkaboo-beebi-magamiskott-joehobu-unistus\\\/#breadcrumb\"},\"inLanguage\":\"en-US\",\"potentialAction\":[{\"@type\":\"ReadAction\",\"target\":[\"https:\\\/\\\/beebipai.ee\\\/lv\\\/product\\\/kikkaboo-beebi-magamiskott-joehobu-unistus\\\/\"]}]},{\"@type\":\"ImageObject\",\"inLanguage\":\"en-US\",\"@id\":\"https:\\\/\\\/beebipai.ee\\\/lv\\\/product\\\/kikkaboo-beebi-magamiskott-joehobu-unistus\\\/#primaryimage\",\"url\":\"https:\\\/\\\/beebipai.ee\\\/wp-content\\\/uploads\\\/2023\\\/10\\\/Kikkaboo-magamiskott.jpg\",\"contentUrl\":\"https:\\\/\\\/beebipai.ee\\\/wp-content\\\/uploads\\\/2023\\\/10\\\/Kikkaboo-magamiskott.jpg\",\"width\":522,\"height\":522},{\"@type\":\"BreadcrumbList\",\"@id\":\"https:\\\/\\\/beebipai.ee\\\/lv\\\/product\\\/kikkaboo-beebi-magamiskott-joehobu-unistus\\\/#breadcrumb\",\"itemListElement\":[{\"@type\":\"ListItem\",\"position\":1,\"name\":\"Home\",\"item\":\"https:\\\/\\\/beebipai.ee\\\/\"},{\"@type\":\"ListItem\",\"position\":2,\"name\":\"Pood\",\"item\":\"https:\\\/\\\/beebipai.ee\\\/store\\\/\"},{\"@type\":\"ListItem\",\"position\":3,\"name\":\"Kikkaboo beebi magamiskott &#8220;J\u00f5ehobu unistus&#8221;\"}]},{\"@type\":\"WebSite\",\"@id\":\"https:\\\/\\\/beebipai.ee\\\/en\\\/#website\",\"url\":\"https:\\\/\\\/beebipai.ee\\\/en\\\/\",\"name\":\"Beebipai\",\"description\":\"Rasedate ja beebide veebipood\",\"potentialAction\":[{\"@type\":\"SearchAction\",\"target\":{\"@type\":\"EntryPoint\",\"urlTemplate\":\"https:\\\/\\\/beebipai.ee\\\/en\\\/?s={search_term_string}\"},\"query-input\":{\"@type\":\"PropertyValueSpecification\",\"valueRequired\":true,\"valueName\":\"search_term_string\"}}],\"inLanguage\":\"en-US\"}]}<\/script>\n<!-- \/ Yoast SEO plugin. -->","yoast_head_json":{"title":"Kikkaboo beebi magamiskott \"J\u00f5ehobu unistus\" - Beebipai","description":"Kikkaboo beebi magamiskotiga magab beebi k\u00f5ik oma uned soojalt ja turvaliselt. Magamiskott on kerge, \u00f5hku l\u00e4bilaskev ja \u00fchtlaselt sooja hoidev. Vaata toodet!","robots":{"index":"index","follow":"follow","max-snippet":"max-snippet:-1","max-image-preview":"max-image-preview:large","max-video-preview":"max-video-preview:-1"},"canonical":"https:\/\/beebipai.ee\/en\/product\/kikkaboo-beebi-magamiskott-joehobu-unistus\/","og_locale":"en_US","og_type":"article","og_title":"Kikkaboo beebi magamiskott \"J\u00f5ehobu unistus\" - Beebipai","og_description":"Kikkaboo beebi magamiskotiga magab beebi k\u00f5ik oma uned soojalt ja turvaliselt. Magamiskott on kerge, \u00f5hku l\u00e4bilaskev ja \u00fchtlaselt sooja hoidev. Vaata toodet!","og_url":"https:\/\/beebipai.ee\/en\/product\/kikkaboo-beebi-magamiskott-joehobu-unistus\/","og_site_name":"Beebipai","article_modified_time":"2023-10-08T11:28:18+00:00","og_image":[{"width":522,"height":522,"url":"https:\/\/beebipai.ee\/wp-content\/uploads\/2023\/10\/Kikkaboo-magamiskott.jpg","type":"image\/jpeg"}],"twitter_card":"summary_large_image","schema":{"@context":"https:\/\/schema.org","@graph":[{"@type":"WebPage","@id":"https:\/\/beebipai.ee\/lv\/product\/kikkaboo-beebi-magamiskott-joehobu-unistus\/","url":"https:\/\/beebipai.ee\/lv\/product\/kikkaboo-beebi-magamiskott-joehobu-unistus\/","name":"Kikkaboo beebi magamiskott \"J\u00f5ehobu unistus\" - Beebipai","isPartOf":{"@id":"https:\/\/beebipai.ee\/en\/#website"},"primaryImageOfPage":{"@id":"https:\/\/beebipai.ee\/lv\/product\/kikkaboo-beebi-magamiskott-joehobu-unistus\/#primaryimage"},"image":{"@id":"https:\/\/beebipai.ee\/lv\/product\/kikkaboo-beebi-magamiskott-joehobu-unistus\/#primaryimage"},"thumbnailUrl":"https:\/\/beebipai.ee\/wp-content\/uploads\/2023\/10\/Kikkaboo-magamiskott.jpg","datePublished":"2023-10-08T10:50:48+00:00","dateModified":"2023-10-08T11:28:18+00:00","description":"Kikkaboo beebi magamiskotiga magab beebi k\u00f5ik oma uned soojalt ja turvaliselt. Magamiskott on kerge, \u00f5hku l\u00e4bilaskev ja \u00fchtlaselt sooja hoidev. Vaata toodet!","breadcrumb":{"@id":"https:\/\/beebipai.ee\/lv\/product\/kikkaboo-beebi-magamiskott-joehobu-unistus\/#breadcrumb"},"inLanguage":"en-US","potentialAction":[{"@type":"ReadAction","target":["https:\/\/beebipai.ee\/lv\/product\/kikkaboo-beebi-magamiskott-joehobu-unistus\/"]}]},{"@type":"ImageObject","inLanguage":"en-US","@id":"https:\/\/beebipai.ee\/lv\/product\/kikkaboo-beebi-magamiskott-joehobu-unistus\/#primaryimage","url":"https:\/\/beebipai.ee\/wp-content\/uploads\/2023\/10\/Kikkaboo-magamiskott.jpg","contentUrl":"https:\/\/beebipai.ee\/wp-content\/uploads\/2023\/10\/Kikkaboo-magamiskott.jpg","width":522,"height":522},{"@type":"BreadcrumbList","@id":"https:\/\/beebipai.ee\/lv\/product\/kikkaboo-beebi-magamiskott-joehobu-unistus\/#breadcrumb","itemListElement":[{"@type":"ListItem","position":1,"name":"Home","item":"https:\/\/beebipai.ee\/"},{"@type":"ListItem","position":2,"name":"Pood","item":"https:\/\/beebipai.ee\/store\/"},{"@type":"ListItem","position":3,"name":"Kikkaboo beebi magamiskott &#8220;J\u00f5ehobu unistus&#8221;"}]},{"@type":"WebSite","@id":"https:\/\/beebipai.ee\/en\/#website","url":"https:\/\/beebipai.ee\/en\/","name":"Beebipai","description":"Rasedate ja beebide veebipood","potentialAction":[{"@type":"SearchAction","target":{"@type":"EntryPoint","urlTemplate":"https:\/\/beebipai.ee\/en\/?s={search_term_string}"},"query-input":{"@type":"PropertyValueSpecification","valueRequired":true,"valueName":"search_term_string"}}],"inLanguage":"en-US"}]}},"_links":{"self":[{"href":"https:\/\/beebipai.ee\/en\/wp-json\/wp\/v2\/product\/9327","targetHints":{"allow":["GET"]}}],"collection":[{"href":"https:\/\/beebipai.ee\/en\/wp-json\/wp\/v2\/product"}],"about":[{"href":"https:\/\/beebipai.ee\/en\/wp-json\/wp\/v2\/types\/product"}],"version-history":[{"count":5,"href":"https:\/\/beebipai.ee\/en\/wp-json\/wp\/v2\/product\/9327\/revisions"}],"predecessor-version":[{"id":9349,"href":"https:\/\/beebipai.ee\/en\/wp-json\/wp\/v2\/product\/9327\/revisions\/9349"}],"wp:featuredmedia":[{"embeddable":true,"href":"https:\/\/beebipai.ee\/en\/wp-json\/wp\/v2\/media\/9335"}],"wp:attachment":[{"href":"https:\/\/beebipai.ee\/en\/wp-json\/wp\/v2\/media?parent=9327"}],"wp:term":[{"taxonomy":"product_brand","embeddable":true,"href":"https:\/\/beebipai.ee\/en\/wp-json\/wp\/v2\/product_brand?post=9327"},{"taxonomy":"product_cat","embeddable":true,"href":"https:\/\/beebipai.ee\/en\/wp-json\/wp\/v2\/product_cat?post=9327"},{"taxonomy":"product_tag","embeddable":true,"href":"https:\/\/beebipai.ee\/en\/wp-json\/wp\/v2\/product_tag?post=9327"}],"curies":[{"name":"wp","href":"https:\/\/api.w.org\/{rel}","templated":true}]}}