{"id":9257,"date":"2023-10-08T10:15:38","date_gmt":"2023-10-08T07:15:38","guid":{"rendered":"https:\/\/beebipai.ee\/?post_type=product&#038;p=9257"},"modified":"2025-09-28T12:42:05","modified_gmt":"2025-09-28T09:42:05","slug":"kikkaboo-plastikuvabad-niisked-salvratikud-60tk","status":"publish","type":"product","link":"https:\/\/beebipai.ee\/en\/product\/kikkaboo-plastikuvabad-niisked-salvratikud-60tk\/","title":{"rendered":"Kikkaboo plastikuvabad niisked salvr\u00e4tikud, 60tk"},"content":{"rendered":"<div data-elementor-type=\"wp-post\" data-elementor-id=\"9257\" class=\"elementor elementor-9257\">\n\t\t\t\t\t\t<section class=\"elementor-section elementor-top-section elementor-element elementor-element-842e977 elementor-section-boxed elementor-section-height-default elementor-section-height-default\" data-id=\"842e977\" data-element_type=\"section\" data-e-type=\"section\">\n\t\t\t\t\t\t<div class=\"elementor-container elementor-column-gap-default\">\n\t\t\t\t\t<div class=\"elementor-column elementor-col-50 elementor-top-column elementor-element elementor-element-033e5cd\" data-id=\"033e5cd\" data-element_type=\"column\" data-e-type=\"column\">\n\t\t\t<div class=\"elementor-widget-wrap elementor-element-populated\">\n\t\t\t\t\t\t<div class=\"elementor-element elementor-element-cd66b7b elementor-widget elementor-widget-heading\" data-id=\"cd66b7b\" data-element_type=\"widget\" data-e-type=\"widget\" data-widget_type=\"heading.default\">\n\t\t\t\t<div class=\"elementor-widget-container\">\n\t\t\t\t\t<h2 class=\"elementor-heading-title elementor-size-default\">Kikkaboo plastikuvabad niisked salvr\u00e4tikud<\/h2>\t\t\t\t<\/div>\n\t\t\t\t<\/div>\n\t\t\t\t<div class=\"elementor-element elementor-element-1a671e0 elementor-widget elementor-widget-text-editor\" data-id=\"1a671e0\" data-element_type=\"widget\" data-e-type=\"widget\" data-widget_type=\"text-editor.default\">\n\t\t\t\t<div class=\"elementor-widget-container\">\n\t\t\t\t\t\t\t\t\t<p>Kikkaboo plastikuvabad niisked salvr\u00e4tikud koosnevad 99% ulatuses puhtast veest. Ei sisalda l\u00f5hnaaineid, parabeene, ftalaate, alkoholi, seepi ega v\u00e4rvaineid olles seel\u00e4bi eriti sobilikud tundlikule nahale. H\u00fcpoallergilised ja dermatoloogiliselt testitud ning tasakaalustatud pH-ga.<\/p><p>Valmistatud taimsest biolagunevast materjalist, tagades keskkonnas\u00f5bralikkuse.\u00a0<\/p><p>Hoia totemperatuuril, kindlalt suletuna ning kaitstuna otsese p\u00e4ikesevalguse ja kuumuse eest<\/p>\t\t\t\t\t\t\t\t<\/div>\n\t\t\t\t<\/div>\n\t\t\t\t\t<\/div>\n\t\t<\/div>\n\t\t\t\t<div class=\"elementor-column elementor-col-50 elementor-top-column elementor-element elementor-element-faa8b8f\" data-id=\"faa8b8f\" data-element_type=\"column\" data-e-type=\"column\">\n\t\t\t<div class=\"elementor-widget-wrap elementor-element-populated\">\n\t\t\t\t\t\t<div class=\"elementor-element elementor-element-195c1ee elementor-widget elementor-widget-image\" data-id=\"195c1ee\" data-element_type=\"widget\" data-e-type=\"widget\" data-widget_type=\"image.default\">\n\t\t\t\t<div class=\"elementor-widget-container\">\n\t\t\t\t\t\t\t\t\t\t\t\t\t\t\t<img fetchpriority=\"high\" decoding=\"async\" width=\"522\" height=\"522\" src=\"https:\/\/beebipai.ee\/wp-content\/uploads\/2023\/10\/Veebaasil-niisked-salvratikud.jpg\" class=\"attachment-large size-large wp-image-9258\" alt=\"\" srcset=\"https:\/\/beebipai.ee\/wp-content\/uploads\/2023\/10\/Veebaasil-niisked-salvratikud.jpg 522w, https:\/\/beebipai.ee\/wp-content\/uploads\/2023\/10\/Veebaasil-niisked-salvratikud-300x300.jpg 300w, https:\/\/beebipai.ee\/wp-content\/uploads\/2023\/10\/Veebaasil-niisked-salvratikud-150x150.jpg 150w, https:\/\/beebipai.ee\/wp-content\/uploads\/2023\/10\/Veebaasil-niisked-salvratikud-12x12.jpg 12w, https:\/\/beebipai.ee\/wp-content\/uploads\/2023\/10\/Veebaasil-niisked-salvratikud-100x100.jpg 100w\" sizes=\"(max-width: 522px) 100vw, 522px\" \/>\t\t\t\t\t\t\t\t\t\t\t\t\t\t\t<\/div>\n\t\t\t\t<\/div>\n\t\t\t\t\t<\/div>\n\t\t<\/div>\n\t\t\t\t\t<\/div>\n\t\t<\/section>\n\t\t\t\t<\/div>","protected":false},"excerpt":{"rendered":"<p>Kikkaboo plastikuvabad ,99% puhta veega tehtud niisked salvr\u00e4tikud on eriti ideaalsed beebi tundlikule nahale.<\/p>","protected":false},"featured_media":9258,"template":"","meta":{"_monsterinsights_skip_tracking":false,"_monsterinsights_sitenote_active":false,"_monsterinsights_sitenote_note":"","_monsterinsights_sitenote_category":0,"site-sidebar-layout":"no-sidebar","site-content-layout":"page-builder","ast-site-content-layout":"full-width-container","site-content-style":"default","site-sidebar-style":"default","ast-global-header-display":"","ast-banner-title-visibility":"","ast-main-header-display":"","ast-hfb-above-header-display":"","ast-hfb-below-header-display":"","ast-hfb-mobile-header-display":"","site-post-title":"disabled","ast-breadcrumbs-content":"","ast-featured-img":"disabled","footer-sml-layout":"","ast-disable-related-posts":"","theme-transparent-header-meta":"default","adv-header-id-meta":"","stick-header-meta":"","header-above-stick-meta":"","header-main-stick-meta":"","header-below-stick-meta":"","astra-migrate-meta-layouts":"set","ast-page-background-enabled":"default","ast-page-background-meta":{"desktop":{"background-color":"","background-image":"","background-repeat":"repeat","background-position":"center center","background-size":"auto","background-attachment":"scroll","background-type":"","background-media":"","overlay-type":"","overlay-color":"","overlay-opacity":"","overlay-gradient":""},"tablet":{"background-color":"","background-image":"","background-repeat":"repeat","background-position":"center center","background-size":"auto","background-attachment":"scroll","background-type":"","background-media":"","overlay-type":"","overlay-color":"","overlay-opacity":"","overlay-gradient":""},"mobile":{"background-color":"","background-image":"","background-repeat":"repeat","background-position":"center center","background-size":"auto","background-attachment":"scroll","background-type":"","background-media":"","overlay-type":"","overlay-color":"","overlay-opacity":"","overlay-gradient":""}},"ast-content-background-meta":{"desktop":{"background-color":"var(--ast-global-color-5)","background-image":"","background-repeat":"repeat","background-position":"center center","background-size":"auto","background-attachment":"scroll","background-type":"","background-media":"","overlay-type":"","overlay-color":"","overlay-opacity":"","overlay-gradient":""},"tablet":{"background-color":"var(--ast-global-color-5)","background-image":"","background-repeat":"repeat","background-position":"center center","background-size":"auto","background-attachment":"scroll","background-type":"","background-media":"","overlay-type":"","overlay-color":"","overlay-opacity":"","overlay-gradient":""},"mobile":{"background-color":"var(--ast-global-color-5)","background-image":"","background-repeat":"repeat","background-position":"center center","background-size":"auto","background-attachment":"scroll","background-type":"","background-media":"","overlay-type":"","overlay-color":"","overlay-opacity":"","overlay-gradient":""}}},"product_brand":[],"product_cat":[23,94,108],"product_tag":[],"class_list":{"0":"post-9257","1":"product","2":"type-product","3":"status-publish","4":"has-post-thumbnail","6":"product_cat-beebile","7":"product_cat-nahahooldus","8":"product_cat-keha-juukse-ja-suuhooldusvahendid","9":"desktop-align-left","10":"tablet-align-left","11":"mobile-align-left","13":"first","14":"outofstock","15":"taxable","16":"shipping-taxable","17":"purchasable","18":"product-type-simple"},"yoast_head":"<!-- This site is optimized with the Yoast SEO plugin v27.3 - https:\/\/yoast.com\/product\/yoast-seo-wordpress\/ -->\n<title>Kikkaboo plastikuvabad niisked salvr\u00e4tikud, 60tk - Beebipai<\/title>\n<meta name=\"description\" content=\"99% puhta veega tehtud Kikkaboo plastikuvabad veebaasil niisked salvr\u00e4tikud on eriti ideaalsed beebi tundlikule nahale.\u00a0Vaata toodet!\" \/>\n<meta name=\"robots\" content=\"index, follow, max-snippet:-1, max-image-preview:large, max-video-preview:-1\" \/>\n<link rel=\"canonical\" href=\"https:\/\/beebipai.ee\/en\/product\/kikkaboo-plastikuvabad-niisked-salvratikud-60tk\/\" \/>\n<meta property=\"og:locale\" content=\"en_US\" \/>\n<meta property=\"og:type\" content=\"article\" \/>\n<meta property=\"og:title\" content=\"Kikkaboo plastikuvabad niisked salvr\u00e4tikud, 60tk - Beebipai\" \/>\n<meta property=\"og:description\" content=\"99% puhta veega tehtud Kikkaboo plastikuvabad veebaasil niisked salvr\u00e4tikud on eriti ideaalsed beebi tundlikule nahale.\u00a0Vaata toodet!\" \/>\n<meta property=\"og:url\" content=\"https:\/\/beebipai.ee\/en\/product\/kikkaboo-plastikuvabad-niisked-salvratikud-60tk\/\" \/>\n<meta property=\"og:site_name\" content=\"Beebipai\" \/>\n<meta property=\"article:modified_time\" content=\"2025-09-28T09:42:05+00:00\" \/>\n<meta property=\"og:image\" content=\"https:\/\/beebipai.ee\/wp-content\/uploads\/2023\/10\/Veebaasil-niisked-salvratikud.jpg\" \/>\n\t<meta property=\"og:image:width\" content=\"522\" \/>\n\t<meta property=\"og:image:height\" content=\"522\" \/>\n\t<meta property=\"og:image:type\" content=\"image\/jpeg\" \/>\n<meta name=\"twitter:card\" content=\"summary_large_image\" \/>\n<script type=\"application\/ld+json\" class=\"yoast-schema-graph\">{\"@context\":\"https:\\\/\\\/schema.org\",\"@graph\":[{\"@type\":\"WebPage\",\"@id\":\"https:\\\/\\\/beebipai.ee\\\/product\\\/kikkaboo-plastikuvabad-niisked-salvratikud-60tk\\\/\",\"url\":\"https:\\\/\\\/beebipai.ee\\\/product\\\/kikkaboo-plastikuvabad-niisked-salvratikud-60tk\\\/\",\"name\":\"Kikkaboo plastikuvabad niisked salvr\u00e4tikud, 60tk - Beebipai\",\"isPartOf\":{\"@id\":\"https:\\\/\\\/beebipai.ee\\\/en\\\/#website\"},\"primaryImageOfPage\":{\"@id\":\"https:\\\/\\\/beebipai.ee\\\/product\\\/kikkaboo-plastikuvabad-niisked-salvratikud-60tk\\\/#primaryimage\"},\"image\":{\"@id\":\"https:\\\/\\\/beebipai.ee\\\/product\\\/kikkaboo-plastikuvabad-niisked-salvratikud-60tk\\\/#primaryimage\"},\"thumbnailUrl\":\"https:\\\/\\\/beebipai.ee\\\/wp-content\\\/uploads\\\/2023\\\/10\\\/Veebaasil-niisked-salvratikud.jpg\",\"datePublished\":\"2023-10-08T07:15:38+00:00\",\"dateModified\":\"2025-09-28T09:42:05+00:00\",\"description\":\"99% puhta veega tehtud Kikkaboo plastikuvabad veebaasil niisked salvr\u00e4tikud on eriti ideaalsed beebi tundlikule nahale.\u00a0Vaata toodet!\",\"breadcrumb\":{\"@id\":\"https:\\\/\\\/beebipai.ee\\\/product\\\/kikkaboo-plastikuvabad-niisked-salvratikud-60tk\\\/#breadcrumb\"},\"inLanguage\":\"en-US\",\"potentialAction\":[{\"@type\":\"ReadAction\",\"target\":[\"https:\\\/\\\/beebipai.ee\\\/product\\\/kikkaboo-plastikuvabad-niisked-salvratikud-60tk\\\/\"]}]},{\"@type\":\"ImageObject\",\"inLanguage\":\"en-US\",\"@id\":\"https:\\\/\\\/beebipai.ee\\\/product\\\/kikkaboo-plastikuvabad-niisked-salvratikud-60tk\\\/#primaryimage\",\"url\":\"https:\\\/\\\/beebipai.ee\\\/wp-content\\\/uploads\\\/2023\\\/10\\\/Veebaasil-niisked-salvratikud.jpg\",\"contentUrl\":\"https:\\\/\\\/beebipai.ee\\\/wp-content\\\/uploads\\\/2023\\\/10\\\/Veebaasil-niisked-salvratikud.jpg\",\"width\":522,\"height\":522},{\"@type\":\"BreadcrumbList\",\"@id\":\"https:\\\/\\\/beebipai.ee\\\/product\\\/kikkaboo-plastikuvabad-niisked-salvratikud-60tk\\\/#breadcrumb\",\"itemListElement\":[{\"@type\":\"ListItem\",\"position\":1,\"name\":\"Home\",\"item\":\"https:\\\/\\\/beebipai.ee\\\/\"},{\"@type\":\"ListItem\",\"position\":2,\"name\":\"Pood\",\"item\":\"https:\\\/\\\/beebipai.ee\\\/store\\\/\"},{\"@type\":\"ListItem\",\"position\":3,\"name\":\"Kikkaboo plastikuvabad niisked salvr\u00e4tikud, 60tk\"}]},{\"@type\":\"WebSite\",\"@id\":\"https:\\\/\\\/beebipai.ee\\\/en\\\/#website\",\"url\":\"https:\\\/\\\/beebipai.ee\\\/en\\\/\",\"name\":\"Beebipai\",\"description\":\"Rasedate ja beebide veebipood\",\"potentialAction\":[{\"@type\":\"SearchAction\",\"target\":{\"@type\":\"EntryPoint\",\"urlTemplate\":\"https:\\\/\\\/beebipai.ee\\\/en\\\/?s={search_term_string}\"},\"query-input\":{\"@type\":\"PropertyValueSpecification\",\"valueRequired\":true,\"valueName\":\"search_term_string\"}}],\"inLanguage\":\"en-US\"}]}<\/script>\n<!-- \/ Yoast SEO plugin. -->","yoast_head_json":{"title":"Kikkaboo plastikuvabad niisked salvr\u00e4tikud, 60tk - Beebipai","description":"99% puhta veega tehtud Kikkaboo plastikuvabad veebaasil niisked salvr\u00e4tikud on eriti ideaalsed beebi tundlikule nahale.\u00a0Vaata toodet!","robots":{"index":"index","follow":"follow","max-snippet":"max-snippet:-1","max-image-preview":"max-image-preview:large","max-video-preview":"max-video-preview:-1"},"canonical":"https:\/\/beebipai.ee\/en\/product\/kikkaboo-plastikuvabad-niisked-salvratikud-60tk\/","og_locale":"en_US","og_type":"article","og_title":"Kikkaboo plastikuvabad niisked salvr\u00e4tikud, 60tk - Beebipai","og_description":"99% puhta veega tehtud Kikkaboo plastikuvabad veebaasil niisked salvr\u00e4tikud on eriti ideaalsed beebi tundlikule nahale.\u00a0Vaata toodet!","og_url":"https:\/\/beebipai.ee\/en\/product\/kikkaboo-plastikuvabad-niisked-salvratikud-60tk\/","og_site_name":"Beebipai","article_modified_time":"2025-09-28T09:42:05+00:00","og_image":[{"width":522,"height":522,"url":"https:\/\/beebipai.ee\/wp-content\/uploads\/2023\/10\/Veebaasil-niisked-salvratikud.jpg","type":"image\/jpeg"}],"twitter_card":"summary_large_image","schema":{"@context":"https:\/\/schema.org","@graph":[{"@type":"WebPage","@id":"https:\/\/beebipai.ee\/product\/kikkaboo-plastikuvabad-niisked-salvratikud-60tk\/","url":"https:\/\/beebipai.ee\/product\/kikkaboo-plastikuvabad-niisked-salvratikud-60tk\/","name":"Kikkaboo plastikuvabad niisked salvr\u00e4tikud, 60tk - Beebipai","isPartOf":{"@id":"https:\/\/beebipai.ee\/en\/#website"},"primaryImageOfPage":{"@id":"https:\/\/beebipai.ee\/product\/kikkaboo-plastikuvabad-niisked-salvratikud-60tk\/#primaryimage"},"image":{"@id":"https:\/\/beebipai.ee\/product\/kikkaboo-plastikuvabad-niisked-salvratikud-60tk\/#primaryimage"},"thumbnailUrl":"https:\/\/beebipai.ee\/wp-content\/uploads\/2023\/10\/Veebaasil-niisked-salvratikud.jpg","datePublished":"2023-10-08T07:15:38+00:00","dateModified":"2025-09-28T09:42:05+00:00","description":"99% puhta veega tehtud Kikkaboo plastikuvabad veebaasil niisked salvr\u00e4tikud on eriti ideaalsed beebi tundlikule nahale.\u00a0Vaata toodet!","breadcrumb":{"@id":"https:\/\/beebipai.ee\/product\/kikkaboo-plastikuvabad-niisked-salvratikud-60tk\/#breadcrumb"},"inLanguage":"en-US","potentialAction":[{"@type":"ReadAction","target":["https:\/\/beebipai.ee\/product\/kikkaboo-plastikuvabad-niisked-salvratikud-60tk\/"]}]},{"@type":"ImageObject","inLanguage":"en-US","@id":"https:\/\/beebipai.ee\/product\/kikkaboo-plastikuvabad-niisked-salvratikud-60tk\/#primaryimage","url":"https:\/\/beebipai.ee\/wp-content\/uploads\/2023\/10\/Veebaasil-niisked-salvratikud.jpg","contentUrl":"https:\/\/beebipai.ee\/wp-content\/uploads\/2023\/10\/Veebaasil-niisked-salvratikud.jpg","width":522,"height":522},{"@type":"BreadcrumbList","@id":"https:\/\/beebipai.ee\/product\/kikkaboo-plastikuvabad-niisked-salvratikud-60tk\/#breadcrumb","itemListElement":[{"@type":"ListItem","position":1,"name":"Home","item":"https:\/\/beebipai.ee\/"},{"@type":"ListItem","position":2,"name":"Pood","item":"https:\/\/beebipai.ee\/store\/"},{"@type":"ListItem","position":3,"name":"Kikkaboo plastikuvabad niisked salvr\u00e4tikud, 60tk"}]},{"@type":"WebSite","@id":"https:\/\/beebipai.ee\/en\/#website","url":"https:\/\/beebipai.ee\/en\/","name":"Beebipai","description":"Rasedate ja beebide veebipood","potentialAction":[{"@type":"SearchAction","target":{"@type":"EntryPoint","urlTemplate":"https:\/\/beebipai.ee\/en\/?s={search_term_string}"},"query-input":{"@type":"PropertyValueSpecification","valueRequired":true,"valueName":"search_term_string"}}],"inLanguage":"en-US"}]}},"_links":{"self":[{"href":"https:\/\/beebipai.ee\/en\/wp-json\/wp\/v2\/product\/9257","targetHints":{"allow":["GET"]}}],"collection":[{"href":"https:\/\/beebipai.ee\/en\/wp-json\/wp\/v2\/product"}],"about":[{"href":"https:\/\/beebipai.ee\/en\/wp-json\/wp\/v2\/types\/product"}],"version-history":[{"count":5,"href":"https:\/\/beebipai.ee\/en\/wp-json\/wp\/v2\/product\/9257\/revisions"}],"predecessor-version":[{"id":13069,"href":"https:\/\/beebipai.ee\/en\/wp-json\/wp\/v2\/product\/9257\/revisions\/13069"}],"wp:featuredmedia":[{"embeddable":true,"href":"https:\/\/beebipai.ee\/en\/wp-json\/wp\/v2\/media\/9258"}],"wp:attachment":[{"href":"https:\/\/beebipai.ee\/en\/wp-json\/wp\/v2\/media?parent=9257"}],"wp:term":[{"taxonomy":"product_brand","embeddable":true,"href":"https:\/\/beebipai.ee\/en\/wp-json\/wp\/v2\/product_brand?post=9257"},{"taxonomy":"product_cat","embeddable":true,"href":"https:\/\/beebipai.ee\/en\/wp-json\/wp\/v2\/product_cat?post=9257"},{"taxonomy":"product_tag","embeddable":true,"href":"https:\/\/beebipai.ee\/en\/wp-json\/wp\/v2\/product_tag?post=9257"}],"curies":[{"name":"wp","href":"https:\/\/api.w.org\/{rel}","templated":true}]}}