{"id":7728,"date":"2023-02-03T23:41:54","date_gmt":"2023-02-03T21:41:54","guid":{"rendered":"https:\/\/beebipai.ee\/?post_type=product&#038;p=7728"},"modified":"2025-01-17T13:12:23","modified_gmt":"2025-01-17T11:12:23","slug":"seraphine-rasedate-ujumistrikoo","status":"publish","type":"product","link":"https:\/\/beebipai.ee\/en\/product\/seraphine-rasedate-ujumistrikoo\/","title":{"rendered":"Seraphine maternity swimsuit"},"content":{"rendered":"<div data-elementor-type=\"wp-post\" data-elementor-id=\"7728\" class=\"elementor elementor-7728\">\n\t\t\t\t\t\t<section class=\"elementor-section elementor-top-section elementor-element elementor-element-a2b99b1 elementor-section-boxed elementor-section-height-default elementor-section-height-default\" data-id=\"a2b99b1\" data-element_type=\"section\" data-e-type=\"section\">\n\t\t\t\t\t\t<div class=\"elementor-container elementor-column-gap-default\">\n\t\t\t\t\t<div class=\"elementor-column elementor-col-50 elementor-top-column elementor-element elementor-element-5c468b8\" data-id=\"5c468b8\" data-element_type=\"column\" data-e-type=\"column\">\n\t\t\t<div class=\"elementor-widget-wrap elementor-element-populated\">\n\t\t\t\t\t\t<div class=\"elementor-element elementor-element-90ae181 elementor-widget elementor-widget-heading\" data-id=\"90ae181\" data-element_type=\"widget\" data-e-type=\"widget\" data-widget_type=\"heading.default\">\n\t\t\t\t<div class=\"elementor-widget-container\">\n\t\t\t\t\t<h2 class=\"elementor-heading-title elementor-size-default\">Maternity swimsuit<\/h2>\t\t\t\t<\/div>\n\t\t\t\t<\/div>\n\t\t\t\t<div class=\"elementor-element elementor-element-a0c6864 elementor-widget elementor-widget-text-editor\" data-id=\"a0c6864\" data-element_type=\"widget\" data-e-type=\"widget\" data-widget_type=\"text-editor.default\">\n\t\t\t\t<div class=\"elementor-widget-container\">\n\t\t\t\t\t\t\t\t\t<p>Tekstuurse pealispinnaga Seraphine rasedate ujumistrikoo sobib kasutamiseks igas raseduse suuruses. T\u00e4nu superelastsele materjalile ideaalselt kasutatav ka peale s\u00fcnnitust. J\u00e4rgib kenasti kehakuju. Polsterdatud rinnaosa on rinda toetav.\u00a0 Rinnaalune l\u00e4bil\u00f5ige teeb trikoo seljas ilusaks ja teeb ruumi kasvavale k\u00f5hule. Valmistatud taaskasutatud materjalist.\u00a0<\/p>\t\t\t\t\t\t\t\t<\/div>\n\t\t\t\t<\/div>\n\t\t\t\t\t<\/div>\n\t\t<\/div>\n\t\t\t\t<div class=\"elementor-column elementor-col-50 elementor-top-column elementor-element elementor-element-f674871\" data-id=\"f674871\" data-element_type=\"column\" data-e-type=\"column\">\n\t\t\t<div class=\"elementor-widget-wrap elementor-element-populated\">\n\t\t\t\t\t\t<div class=\"elementor-element elementor-element-1037b1c elementor-widget elementor-widget-image\" data-id=\"1037b1c\" data-element_type=\"widget\" data-e-type=\"widget\" data-widget_type=\"image.default\">\n\t\t\t\t<div class=\"elementor-widget-container\">\n\t\t\t\t\t\t\t\t\t\t\t\t\t\t\t<img fetchpriority=\"high\" decoding=\"async\" width=\"800\" height=\"1024\" src=\"https:\/\/beebipai.ee\/wp-content\/uploads\/2024\/12\/Seraphine-rasedate-ujumistrikoo-1-800x1024.jpg\" class=\"attachment-large size-large wp-image-11956\" alt=\"\" srcset=\"https:\/\/beebipai.ee\/wp-content\/uploads\/2024\/12\/Seraphine-rasedate-ujumistrikoo-1-800x1024.jpg 800w, https:\/\/beebipai.ee\/wp-content\/uploads\/2024\/12\/Seraphine-rasedate-ujumistrikoo-1-234x300.jpg 234w, https:\/\/beebipai.ee\/wp-content\/uploads\/2024\/12\/Seraphine-rasedate-ujumistrikoo-1-768x983.jpg 768w, https:\/\/beebipai.ee\/wp-content\/uploads\/2024\/12\/Seraphine-rasedate-ujumistrikoo-1-9x12.jpg 9w, https:\/\/beebipai.ee\/wp-content\/uploads\/2024\/12\/Seraphine-rasedate-ujumistrikoo-1-600x768.jpg 600w, https:\/\/beebipai.ee\/wp-content\/uploads\/2024\/12\/Seraphine-rasedate-ujumistrikoo-1-e1733917417161.jpg 500w\" sizes=\"(max-width: 800px) 100vw, 800px\" \/>\t\t\t\t\t\t\t\t\t\t\t\t\t\t\t<\/div>\n\t\t\t\t<\/div>\n\t\t\t\t\t<\/div>\n\t\t<\/div>\n\t\t\t\t\t<\/div>\n\t\t<\/section>\n\t\t\t\t<\/div>","protected":false},"excerpt":{"rendered":"<p>The Seraphine maternity swimsuit has a timeless cut and is suitable for any pregnancy size.<\/p>","protected":false},"featured_media":11959,"template":"","meta":{"_monsterinsights_skip_tracking":false,"_monsterinsights_sitenote_active":false,"_monsterinsights_sitenote_note":"","_monsterinsights_sitenote_category":0,"site-sidebar-layout":"no-sidebar","site-content-layout":"page-builder","ast-site-content-layout":"full-width-container","site-content-style":"unboxed","site-sidebar-style":"unboxed","ast-global-header-display":"","ast-banner-title-visibility":"","ast-main-header-display":"","ast-hfb-above-header-display":"","ast-hfb-below-header-display":"","ast-hfb-mobile-header-display":"","site-post-title":"disabled","ast-breadcrumbs-content":"","ast-featured-img":"disabled","footer-sml-layout":"","ast-disable-related-posts":"","theme-transparent-header-meta":"default","adv-header-id-meta":"","stick-header-meta":"","header-above-stick-meta":"","header-main-stick-meta":"","header-below-stick-meta":"","astra-migrate-meta-layouts":"set","ast-page-background-enabled":"default","ast-page-background-meta":{"desktop":{"background-color":"","background-image":"","background-repeat":"repeat","background-position":"center center","background-size":"auto","background-attachment":"scroll","background-type":"","background-media":"","overlay-type":"","overlay-color":"","overlay-opacity":"","overlay-gradient":""},"tablet":{"background-color":"","background-image":"","background-repeat":"repeat","background-position":"center center","background-size":"auto","background-attachment":"scroll","background-type":"","background-media":"","overlay-type":"","overlay-color":"","overlay-opacity":"","overlay-gradient":""},"mobile":{"background-color":"","background-image":"","background-repeat":"repeat","background-position":"center center","background-size":"auto","background-attachment":"scroll","background-type":"","background-media":"","overlay-type":"","overlay-color":"","overlay-opacity":"","overlay-gradient":""}},"ast-content-background-meta":{"desktop":{"background-color":"var(--ast-global-color-5)","background-image":"","background-repeat":"repeat","background-position":"center center","background-size":"auto","background-attachment":"scroll","background-type":"","background-media":"","overlay-type":"","overlay-color":"","overlay-opacity":"","overlay-gradient":""},"tablet":{"background-color":"var(--ast-global-color-5)","background-image":"","background-repeat":"repeat","background-position":"center center","background-size":"auto","background-attachment":"scroll","background-type":"","background-media":"","overlay-type":"","overlay-color":"","overlay-opacity":"","overlay-gradient":""},"mobile":{"background-color":"var(--ast-global-color-5)","background-image":"","background-repeat":"repeat","background-position":"center center","background-size":"auto","background-attachment":"scroll","background-type":"","background-media":"","overlay-type":"","overlay-color":"","overlay-opacity":"","overlay-gradient":""}}},"product_brand":[],"product_cat":[133],"product_tag":[],"class_list":{"0":"post-7728","1":"product","2":"type-product","3":"status-publish","4":"has-post-thumbnail","6":"product_cat-riided-rasedatele-ja-rinnaga-toitvatele-emadele","7":"desktop-align-left","8":"tablet-align-left","9":"mobile-align-left","11":"first","12":"instock","13":"taxable","14":"shipping-taxable","15":"purchasable","16":"product-type-variable"},"yoast_head":"<!-- This site is optimized with the Yoast SEO plugin v27.3 - https:\/\/yoast.com\/product\/yoast-seo-wordpress\/ -->\n<title>Seraphine rasedate ujumistrikoo - Beebipai<\/title>\n<meta name=\"description\" content=\"Seraphine rasedate ujumistrikoo on ajatu disainiga ja sobib igas raseduse suuruses. Vaata toodet Seraphine rasedate ujumistrikoo!\" \/>\n<meta name=\"robots\" content=\"index, follow, max-snippet:-1, max-image-preview:large, max-video-preview:-1\" \/>\n<link rel=\"canonical\" href=\"https:\/\/beebipai.ee\/en\/product\/seraphine-rasedate-ujumistrikoo\/\" \/>\n<meta property=\"og:locale\" content=\"en_US\" \/>\n<meta property=\"og:type\" content=\"article\" \/>\n<meta property=\"og:title\" content=\"Seraphine rasedate ujumistrikoo - Beebipai\" \/>\n<meta property=\"og:description\" content=\"Seraphine rasedate ujumistrikoo on ajatu disainiga ja sobib igas raseduse suuruses. Vaata toodet Seraphine rasedate ujumistrikoo!\" \/>\n<meta property=\"og:url\" content=\"https:\/\/beebipai.ee\/en\/product\/seraphine-rasedate-ujumistrikoo\/\" \/>\n<meta property=\"og:site_name\" content=\"Beebipai\" \/>\n<meta property=\"article:modified_time\" content=\"2025-01-17T11:12:23+00:00\" \/>\n<meta property=\"og:image\" content=\"https:\/\/beebipai.ee\/wp-content\/uploads\/2024\/12\/Seraphine-rasedate-ujumistrikoo-4-e1733917361452.jpg\" \/>\n\t<meta property=\"og:image:width\" content=\"500\" \/>\n\t<meta property=\"og:image:height\" content=\"641\" \/>\n\t<meta property=\"og:image:type\" content=\"image\/jpeg\" \/>\n<meta name=\"twitter:card\" content=\"summary_large_image\" \/>\n<script type=\"application\/ld+json\" class=\"yoast-schema-graph\">{\"@context\":\"https:\\\/\\\/schema.org\",\"@graph\":[{\"@type\":\"WebPage\",\"@id\":\"https:\\\/\\\/beebipai.ee\\\/product\\\/seraphine-rasedate-ujumistrikoo\\\/\",\"url\":\"https:\\\/\\\/beebipai.ee\\\/product\\\/seraphine-rasedate-ujumistrikoo\\\/\",\"name\":\"Seraphine rasedate ujumistrikoo - Beebipai\",\"isPartOf\":{\"@id\":\"https:\\\/\\\/beebipai.ee\\\/en\\\/#website\"},\"primaryImageOfPage\":{\"@id\":\"https:\\\/\\\/beebipai.ee\\\/product\\\/seraphine-rasedate-ujumistrikoo\\\/#primaryimage\"},\"image\":{\"@id\":\"https:\\\/\\\/beebipai.ee\\\/product\\\/seraphine-rasedate-ujumistrikoo\\\/#primaryimage\"},\"thumbnailUrl\":\"https:\\\/\\\/beebipai.ee\\\/wp-content\\\/uploads\\\/2024\\\/12\\\/Seraphine-rasedate-ujumistrikoo-4-e1733917361452.jpg\",\"datePublished\":\"2023-02-03T21:41:54+00:00\",\"dateModified\":\"2025-01-17T11:12:23+00:00\",\"description\":\"Seraphine rasedate ujumistrikoo on ajatu disainiga ja sobib igas raseduse suuruses. Vaata toodet Seraphine rasedate ujumistrikoo!\",\"breadcrumb\":{\"@id\":\"https:\\\/\\\/beebipai.ee\\\/product\\\/seraphine-rasedate-ujumistrikoo\\\/#breadcrumb\"},\"inLanguage\":\"en-US\",\"potentialAction\":[{\"@type\":\"ReadAction\",\"target\":[\"https:\\\/\\\/beebipai.ee\\\/product\\\/seraphine-rasedate-ujumistrikoo\\\/\"]}]},{\"@type\":\"ImageObject\",\"inLanguage\":\"en-US\",\"@id\":\"https:\\\/\\\/beebipai.ee\\\/product\\\/seraphine-rasedate-ujumistrikoo\\\/#primaryimage\",\"url\":\"https:\\\/\\\/beebipai.ee\\\/wp-content\\\/uploads\\\/2024\\\/12\\\/Seraphine-rasedate-ujumistrikoo-4-e1733917361452.jpg\",\"contentUrl\":\"https:\\\/\\\/beebipai.ee\\\/wp-content\\\/uploads\\\/2024\\\/12\\\/Seraphine-rasedate-ujumistrikoo-4-e1733917361452.jpg\",\"width\":500,\"height\":641},{\"@type\":\"BreadcrumbList\",\"@id\":\"https:\\\/\\\/beebipai.ee\\\/product\\\/seraphine-rasedate-ujumistrikoo\\\/#breadcrumb\",\"itemListElement\":[{\"@type\":\"ListItem\",\"position\":1,\"name\":\"Home\",\"item\":\"https:\\\/\\\/beebipai.ee\\\/\"},{\"@type\":\"ListItem\",\"position\":2,\"name\":\"Pood\",\"item\":\"https:\\\/\\\/beebipai.ee\\\/store\\\/\"},{\"@type\":\"ListItem\",\"position\":3,\"name\":\"Seraphine rasedate ujumistrikoo\"}]},{\"@type\":\"WebSite\",\"@id\":\"https:\\\/\\\/beebipai.ee\\\/en\\\/#website\",\"url\":\"https:\\\/\\\/beebipai.ee\\\/en\\\/\",\"name\":\"Beebipai\",\"description\":\"Rasedate ja beebide veebipood\",\"potentialAction\":[{\"@type\":\"SearchAction\",\"target\":{\"@type\":\"EntryPoint\",\"urlTemplate\":\"https:\\\/\\\/beebipai.ee\\\/en\\\/?s={search_term_string}\"},\"query-input\":{\"@type\":\"PropertyValueSpecification\",\"valueRequired\":true,\"valueName\":\"search_term_string\"}}],\"inLanguage\":\"en-US\"}]}<\/script>\n<!-- \/ Yoast SEO plugin. -->","yoast_head_json":{"title":"Seraphine rasedate ujumistrikoo - Beebipai","description":"Seraphine rasedate ujumistrikoo on ajatu disainiga ja sobib igas raseduse suuruses. Vaata toodet Seraphine rasedate ujumistrikoo!","robots":{"index":"index","follow":"follow","max-snippet":"max-snippet:-1","max-image-preview":"max-image-preview:large","max-video-preview":"max-video-preview:-1"},"canonical":"https:\/\/beebipai.ee\/en\/product\/seraphine-rasedate-ujumistrikoo\/","og_locale":"en_US","og_type":"article","og_title":"Seraphine rasedate ujumistrikoo - Beebipai","og_description":"Seraphine rasedate ujumistrikoo on ajatu disainiga ja sobib igas raseduse suuruses. Vaata toodet Seraphine rasedate ujumistrikoo!","og_url":"https:\/\/beebipai.ee\/en\/product\/seraphine-rasedate-ujumistrikoo\/","og_site_name":"Beebipai","article_modified_time":"2025-01-17T11:12:23+00:00","og_image":[{"width":500,"height":641,"url":"https:\/\/beebipai.ee\/wp-content\/uploads\/2024\/12\/Seraphine-rasedate-ujumistrikoo-4-e1733917361452.jpg","type":"image\/jpeg"}],"twitter_card":"summary_large_image","schema":{"@context":"https:\/\/schema.org","@graph":[{"@type":"WebPage","@id":"https:\/\/beebipai.ee\/product\/seraphine-rasedate-ujumistrikoo\/","url":"https:\/\/beebipai.ee\/product\/seraphine-rasedate-ujumistrikoo\/","name":"Seraphine rasedate ujumistrikoo - Beebipai","isPartOf":{"@id":"https:\/\/beebipai.ee\/en\/#website"},"primaryImageOfPage":{"@id":"https:\/\/beebipai.ee\/product\/seraphine-rasedate-ujumistrikoo\/#primaryimage"},"image":{"@id":"https:\/\/beebipai.ee\/product\/seraphine-rasedate-ujumistrikoo\/#primaryimage"},"thumbnailUrl":"https:\/\/beebipai.ee\/wp-content\/uploads\/2024\/12\/Seraphine-rasedate-ujumistrikoo-4-e1733917361452.jpg","datePublished":"2023-02-03T21:41:54+00:00","dateModified":"2025-01-17T11:12:23+00:00","description":"Seraphine rasedate ujumistrikoo on ajatu disainiga ja sobib igas raseduse suuruses. Vaata toodet Seraphine rasedate ujumistrikoo!","breadcrumb":{"@id":"https:\/\/beebipai.ee\/product\/seraphine-rasedate-ujumistrikoo\/#breadcrumb"},"inLanguage":"en-US","potentialAction":[{"@type":"ReadAction","target":["https:\/\/beebipai.ee\/product\/seraphine-rasedate-ujumistrikoo\/"]}]},{"@type":"ImageObject","inLanguage":"en-US","@id":"https:\/\/beebipai.ee\/product\/seraphine-rasedate-ujumistrikoo\/#primaryimage","url":"https:\/\/beebipai.ee\/wp-content\/uploads\/2024\/12\/Seraphine-rasedate-ujumistrikoo-4-e1733917361452.jpg","contentUrl":"https:\/\/beebipai.ee\/wp-content\/uploads\/2024\/12\/Seraphine-rasedate-ujumistrikoo-4-e1733917361452.jpg","width":500,"height":641},{"@type":"BreadcrumbList","@id":"https:\/\/beebipai.ee\/product\/seraphine-rasedate-ujumistrikoo\/#breadcrumb","itemListElement":[{"@type":"ListItem","position":1,"name":"Home","item":"https:\/\/beebipai.ee\/"},{"@type":"ListItem","position":2,"name":"Pood","item":"https:\/\/beebipai.ee\/store\/"},{"@type":"ListItem","position":3,"name":"Seraphine rasedate ujumistrikoo"}]},{"@type":"WebSite","@id":"https:\/\/beebipai.ee\/en\/#website","url":"https:\/\/beebipai.ee\/en\/","name":"Beebipai","description":"Rasedate ja beebide veebipood","potentialAction":[{"@type":"SearchAction","target":{"@type":"EntryPoint","urlTemplate":"https:\/\/beebipai.ee\/en\/?s={search_term_string}"},"query-input":{"@type":"PropertyValueSpecification","valueRequired":true,"valueName":"search_term_string"}}],"inLanguage":"en-US"}]}},"_links":{"self":[{"href":"https:\/\/beebipai.ee\/en\/wp-json\/wp\/v2\/product\/7728","targetHints":{"allow":["GET"]}}],"collection":[{"href":"https:\/\/beebipai.ee\/en\/wp-json\/wp\/v2\/product"}],"about":[{"href":"https:\/\/beebipai.ee\/en\/wp-json\/wp\/v2\/types\/product"}],"version-history":[{"count":5,"href":"https:\/\/beebipai.ee\/en\/wp-json\/wp\/v2\/product\/7728\/revisions"}],"predecessor-version":[{"id":12120,"href":"https:\/\/beebipai.ee\/en\/wp-json\/wp\/v2\/product\/7728\/revisions\/12120"}],"wp:featuredmedia":[{"embeddable":true,"href":"https:\/\/beebipai.ee\/en\/wp-json\/wp\/v2\/media\/11959"}],"wp:attachment":[{"href":"https:\/\/beebipai.ee\/en\/wp-json\/wp\/v2\/media?parent=7728"}],"wp:term":[{"taxonomy":"product_brand","embeddable":true,"href":"https:\/\/beebipai.ee\/en\/wp-json\/wp\/v2\/product_brand?post=7728"},{"taxonomy":"product_cat","embeddable":true,"href":"https:\/\/beebipai.ee\/en\/wp-json\/wp\/v2\/product_cat?post=7728"},{"taxonomy":"product_tag","embeddable":true,"href":"https:\/\/beebipai.ee\/en\/wp-json\/wp\/v2\/product_tag?post=7728"}],"curies":[{"name":"wp","href":"https:\/\/api.w.org\/{rel}","templated":true}]}}