{"id":6631,"date":"2022-09-14T10:46:43","date_gmt":"2022-09-14T07:46:43","guid":{"rendered":"https:\/\/beebipai.ee\/?post_type=product&#038;p=6631"},"modified":"2025-05-23T13:06:22","modified_gmt":"2025-05-23T10:06:22","slug":"varutarvikud-rinnapumpadele-ja-lutipudelitele","status":"publish","type":"product","link":"https:\/\/beebipai.ee\/en\/product\/varutarvikud-rinnapumpadele-ja-lutipudelitele\/","title":{"rendered":"Spare accessories for breast pumps and baby bottles"},"content":{"rendered":"","protected":false},"excerpt":{"rendered":"<p>Replacement accessories for breast pumps and baby bottles allow you to replace only the broken or worn part without buying a new device.<\/p>","protected":false},"featured_media":6639,"template":"","meta":{"_monsterinsights_skip_tracking":false,"_monsterinsights_sitenote_active":false,"_monsterinsights_sitenote_note":"","_monsterinsights_sitenote_category":0,"site-sidebar-layout":"default","site-content-layout":"default","ast-site-content-layout":"default","site-content-style":"default","site-sidebar-style":"default","ast-global-header-display":"","ast-banner-title-visibility":"","ast-main-header-display":"","ast-hfb-above-header-display":"","ast-hfb-below-header-display":"","ast-hfb-mobile-header-display":"","site-post-title":"","ast-breadcrumbs-content":"","ast-featured-img":"","footer-sml-layout":"","ast-disable-related-posts":"","theme-transparent-header-meta":"default","adv-header-id-meta":"","stick-header-meta":"","header-above-stick-meta":"","header-main-stick-meta":"","header-below-stick-meta":"","astra-migrate-meta-layouts":"set","ast-page-background-enabled":"default","ast-page-background-meta":{"desktop":{"background-color":"","background-image":"","background-repeat":"repeat","background-position":"center center","background-size":"auto","background-attachment":"scroll","background-type":"","background-media":"","overlay-type":"","overlay-color":"","overlay-opacity":"","overlay-gradient":""},"tablet":{"background-color":"","background-image":"","background-repeat":"repeat","background-position":"center center","background-size":"auto","background-attachment":"scroll","background-type":"","background-media":"","overlay-type":"","overlay-color":"","overlay-opacity":"","overlay-gradient":""},"mobile":{"background-color":"","background-image":"","background-repeat":"repeat","background-position":"center center","background-size":"auto","background-attachment":"scroll","background-type":"","background-media":"","overlay-type":"","overlay-color":"","overlay-opacity":"","overlay-gradient":""}},"ast-content-background-meta":{"desktop":{"background-color":"var(--ast-global-color-5)","background-image":"","background-repeat":"repeat","background-position":"center center","background-size":"auto","background-attachment":"scroll","background-type":"","background-media":"","overlay-type":"","overlay-color":"","overlay-opacity":"","overlay-gradient":""},"tablet":{"background-color":"var(--ast-global-color-5)","background-image":"","background-repeat":"repeat","background-position":"center center","background-size":"auto","background-attachment":"scroll","background-type":"","background-media":"","overlay-type":"","overlay-color":"","overlay-opacity":"","overlay-gradient":""},"mobile":{"background-color":"var(--ast-global-color-5)","background-image":"","background-repeat":"repeat","background-position":"center center","background-size":"auto","background-attachment":"scroll","background-type":"","background-media":"","overlay-type":"","overlay-color":"","overlay-opacity":"","overlay-gradient":""}}},"product_brand":[],"product_cat":[22,103],"product_tag":[],"class_list":{"0":"post-6631","1":"product","2":"type-product","3":"status-publish","4":"has-post-thumbnail","6":"product_cat-emale","7":"product_cat-imetamine","8":"desktop-align-left","9":"tablet-align-left","10":"mobile-align-left","12":"first","13":"instock","14":"taxable","15":"shipping-taxable","16":"purchasable","17":"product-type-variable"},"yoast_head":"<!-- This site is optimized with the Yoast SEO plugin v27.3 - https:\/\/yoast.com\/product\/yoast-seo-wordpress\/ -->\n<title>Varutarvikud rinnapumpadele ja lutipudelitele - Beebipai<\/title>\n<meta name=\"description\" content=\"Varutarvikud v\u00f5imaldavad vahetada seadme katki l\u00e4inud v\u00f5i kulunud osa, uut seadet ostamata. Vaata toodet varutarvikud rinnapumpadele!\" \/>\n<meta name=\"robots\" content=\"index, follow, max-snippet:-1, max-image-preview:large, max-video-preview:-1\" \/>\n<link rel=\"canonical\" href=\"https:\/\/beebipai.ee\/en\/product\/varutarvikud-rinnapumpadele-ja-lutipudelitele\/\" \/>\n<meta property=\"og:locale\" content=\"en_US\" \/>\n<meta property=\"og:type\" content=\"article\" \/>\n<meta property=\"og:title\" content=\"Varutarvikud rinnapumpadele ja lutipudelitele - Beebipai\" \/>\n<meta property=\"og:description\" content=\"Varutarvikud v\u00f5imaldavad vahetada seadme katki l\u00e4inud v\u00f5i kulunud osa, uut seadet ostamata. Vaata toodet varutarvikud rinnapumpadele!\" \/>\n<meta property=\"og:url\" content=\"https:\/\/beebipai.ee\/en\/product\/varutarvikud-rinnapumpadele-ja-lutipudelitele\/\" \/>\n<meta property=\"og:site_name\" content=\"Beebipai\" \/>\n<meta property=\"article:modified_time\" content=\"2025-05-23T10:06:22+00:00\" \/>\n<meta property=\"og:image\" content=\"https:\/\/beebipai.ee\/wp-content\/uploads\/2022\/09\/Varu-voolik-e1663140390774.jpg\" \/>\n\t<meta property=\"og:image:width\" content=\"400\" \/>\n\t<meta property=\"og:image:height\" content=\"400\" \/>\n\t<meta property=\"og:image:type\" content=\"image\/jpeg\" \/>\n<meta name=\"twitter:card\" content=\"summary_large_image\" \/>\n<script type=\"application\/ld+json\" class=\"yoast-schema-graph\">{\"@context\":\"https:\\\/\\\/schema.org\",\"@graph\":[{\"@type\":\"WebPage\",\"@id\":\"https:\\\/\\\/beebipai.ee\\\/product\\\/varutarvikud-rinnapumpadele-ja-lutipudelitele\\\/\",\"url\":\"https:\\\/\\\/beebipai.ee\\\/product\\\/varutarvikud-rinnapumpadele-ja-lutipudelitele\\\/\",\"name\":\"Varutarvikud rinnapumpadele ja lutipudelitele - Beebipai\",\"isPartOf\":{\"@id\":\"https:\\\/\\\/beebipai.ee\\\/en\\\/#website\"},\"primaryImageOfPage\":{\"@id\":\"https:\\\/\\\/beebipai.ee\\\/product\\\/varutarvikud-rinnapumpadele-ja-lutipudelitele\\\/#primaryimage\"},\"image\":{\"@id\":\"https:\\\/\\\/beebipai.ee\\\/product\\\/varutarvikud-rinnapumpadele-ja-lutipudelitele\\\/#primaryimage\"},\"thumbnailUrl\":\"https:\\\/\\\/beebipai.ee\\\/wp-content\\\/uploads\\\/2022\\\/09\\\/Varu-voolik-e1663140390774.jpg\",\"datePublished\":\"2022-09-14T07:46:43+00:00\",\"dateModified\":\"2025-05-23T10:06:22+00:00\",\"description\":\"Varutarvikud v\u00f5imaldavad vahetada seadme katki l\u00e4inud v\u00f5i kulunud osa, uut seadet ostamata. Vaata toodet varutarvikud rinnapumpadele!\",\"breadcrumb\":{\"@id\":\"https:\\\/\\\/beebipai.ee\\\/product\\\/varutarvikud-rinnapumpadele-ja-lutipudelitele\\\/#breadcrumb\"},\"inLanguage\":\"en-US\",\"potentialAction\":[{\"@type\":\"ReadAction\",\"target\":[\"https:\\\/\\\/beebipai.ee\\\/product\\\/varutarvikud-rinnapumpadele-ja-lutipudelitele\\\/\"]}]},{\"@type\":\"ImageObject\",\"inLanguage\":\"en-US\",\"@id\":\"https:\\\/\\\/beebipai.ee\\\/product\\\/varutarvikud-rinnapumpadele-ja-lutipudelitele\\\/#primaryimage\",\"url\":\"https:\\\/\\\/beebipai.ee\\\/wp-content\\\/uploads\\\/2022\\\/09\\\/Varu-voolik-e1663140390774.jpg\",\"contentUrl\":\"https:\\\/\\\/beebipai.ee\\\/wp-content\\\/uploads\\\/2022\\\/09\\\/Varu-voolik-e1663140390774.jpg\",\"width\":400,\"height\":400},{\"@type\":\"BreadcrumbList\",\"@id\":\"https:\\\/\\\/beebipai.ee\\\/product\\\/varutarvikud-rinnapumpadele-ja-lutipudelitele\\\/#breadcrumb\",\"itemListElement\":[{\"@type\":\"ListItem\",\"position\":1,\"name\":\"Home\",\"item\":\"https:\\\/\\\/beebipai.ee\\\/\"},{\"@type\":\"ListItem\",\"position\":2,\"name\":\"Pood\",\"item\":\"https:\\\/\\\/beebipai.ee\\\/store\\\/\"},{\"@type\":\"ListItem\",\"position\":3,\"name\":\"Varutarvikud rinnapumpadele ja lutipudelitele\"}]},{\"@type\":\"WebSite\",\"@id\":\"https:\\\/\\\/beebipai.ee\\\/en\\\/#website\",\"url\":\"https:\\\/\\\/beebipai.ee\\\/en\\\/\",\"name\":\"Beebipai\",\"description\":\"Rasedate ja beebide veebipood\",\"potentialAction\":[{\"@type\":\"SearchAction\",\"target\":{\"@type\":\"EntryPoint\",\"urlTemplate\":\"https:\\\/\\\/beebipai.ee\\\/en\\\/?s={search_term_string}\"},\"query-input\":{\"@type\":\"PropertyValueSpecification\",\"valueRequired\":true,\"valueName\":\"search_term_string\"}}],\"inLanguage\":\"en-US\"}]}<\/script>\n<!-- \/ Yoast SEO plugin. -->","yoast_head_json":{"title":"Varutarvikud rinnapumpadele ja lutipudelitele - Beebipai","description":"Varutarvikud v\u00f5imaldavad vahetada seadme katki l\u00e4inud v\u00f5i kulunud osa, uut seadet ostamata. Vaata toodet varutarvikud rinnapumpadele!","robots":{"index":"index","follow":"follow","max-snippet":"max-snippet:-1","max-image-preview":"max-image-preview:large","max-video-preview":"max-video-preview:-1"},"canonical":"https:\/\/beebipai.ee\/en\/product\/varutarvikud-rinnapumpadele-ja-lutipudelitele\/","og_locale":"en_US","og_type":"article","og_title":"Varutarvikud rinnapumpadele ja lutipudelitele - Beebipai","og_description":"Varutarvikud v\u00f5imaldavad vahetada seadme katki l\u00e4inud v\u00f5i kulunud osa, uut seadet ostamata. Vaata toodet varutarvikud rinnapumpadele!","og_url":"https:\/\/beebipai.ee\/en\/product\/varutarvikud-rinnapumpadele-ja-lutipudelitele\/","og_site_name":"Beebipai","article_modified_time":"2025-05-23T10:06:22+00:00","og_image":[{"width":400,"height":400,"url":"https:\/\/beebipai.ee\/wp-content\/uploads\/2022\/09\/Varu-voolik-e1663140390774.jpg","type":"image\/jpeg"}],"twitter_card":"summary_large_image","schema":{"@context":"https:\/\/schema.org","@graph":[{"@type":"WebPage","@id":"https:\/\/beebipai.ee\/product\/varutarvikud-rinnapumpadele-ja-lutipudelitele\/","url":"https:\/\/beebipai.ee\/product\/varutarvikud-rinnapumpadele-ja-lutipudelitele\/","name":"Varutarvikud rinnapumpadele ja lutipudelitele - Beebipai","isPartOf":{"@id":"https:\/\/beebipai.ee\/en\/#website"},"primaryImageOfPage":{"@id":"https:\/\/beebipai.ee\/product\/varutarvikud-rinnapumpadele-ja-lutipudelitele\/#primaryimage"},"image":{"@id":"https:\/\/beebipai.ee\/product\/varutarvikud-rinnapumpadele-ja-lutipudelitele\/#primaryimage"},"thumbnailUrl":"https:\/\/beebipai.ee\/wp-content\/uploads\/2022\/09\/Varu-voolik-e1663140390774.jpg","datePublished":"2022-09-14T07:46:43+00:00","dateModified":"2025-05-23T10:06:22+00:00","description":"Varutarvikud v\u00f5imaldavad vahetada seadme katki l\u00e4inud v\u00f5i kulunud osa, uut seadet ostamata. Vaata toodet varutarvikud rinnapumpadele!","breadcrumb":{"@id":"https:\/\/beebipai.ee\/product\/varutarvikud-rinnapumpadele-ja-lutipudelitele\/#breadcrumb"},"inLanguage":"en-US","potentialAction":[{"@type":"ReadAction","target":["https:\/\/beebipai.ee\/product\/varutarvikud-rinnapumpadele-ja-lutipudelitele\/"]}]},{"@type":"ImageObject","inLanguage":"en-US","@id":"https:\/\/beebipai.ee\/product\/varutarvikud-rinnapumpadele-ja-lutipudelitele\/#primaryimage","url":"https:\/\/beebipai.ee\/wp-content\/uploads\/2022\/09\/Varu-voolik-e1663140390774.jpg","contentUrl":"https:\/\/beebipai.ee\/wp-content\/uploads\/2022\/09\/Varu-voolik-e1663140390774.jpg","width":400,"height":400},{"@type":"BreadcrumbList","@id":"https:\/\/beebipai.ee\/product\/varutarvikud-rinnapumpadele-ja-lutipudelitele\/#breadcrumb","itemListElement":[{"@type":"ListItem","position":1,"name":"Home","item":"https:\/\/beebipai.ee\/"},{"@type":"ListItem","position":2,"name":"Pood","item":"https:\/\/beebipai.ee\/store\/"},{"@type":"ListItem","position":3,"name":"Varutarvikud rinnapumpadele ja lutipudelitele"}]},{"@type":"WebSite","@id":"https:\/\/beebipai.ee\/en\/#website","url":"https:\/\/beebipai.ee\/en\/","name":"Beebipai","description":"Rasedate ja beebide veebipood","potentialAction":[{"@type":"SearchAction","target":{"@type":"EntryPoint","urlTemplate":"https:\/\/beebipai.ee\/en\/?s={search_term_string}"},"query-input":{"@type":"PropertyValueSpecification","valueRequired":true,"valueName":"search_term_string"}}],"inLanguage":"en-US"}]}},"_links":{"self":[{"href":"https:\/\/beebipai.ee\/en\/wp-json\/wp\/v2\/product\/6631","targetHints":{"allow":["GET"]}}],"collection":[{"href":"https:\/\/beebipai.ee\/en\/wp-json\/wp\/v2\/product"}],"about":[{"href":"https:\/\/beebipai.ee\/en\/wp-json\/wp\/v2\/types\/product"}],"version-history":[{"count":1,"href":"https:\/\/beebipai.ee\/en\/wp-json\/wp\/v2\/product\/6631\/revisions"}],"predecessor-version":[{"id":6650,"href":"https:\/\/beebipai.ee\/en\/wp-json\/wp\/v2\/product\/6631\/revisions\/6650"}],"wp:featuredmedia":[{"embeddable":true,"href":"https:\/\/beebipai.ee\/en\/wp-json\/wp\/v2\/media\/6639"}],"wp:attachment":[{"href":"https:\/\/beebipai.ee\/en\/wp-json\/wp\/v2\/media?parent=6631"}],"wp:term":[{"taxonomy":"product_brand","embeddable":true,"href":"https:\/\/beebipai.ee\/en\/wp-json\/wp\/v2\/product_brand?post=6631"},{"taxonomy":"product_cat","embeddable":true,"href":"https:\/\/beebipai.ee\/en\/wp-json\/wp\/v2\/product_cat?post=6631"},{"taxonomy":"product_tag","embeddable":true,"href":"https:\/\/beebipai.ee\/en\/wp-json\/wp\/v2\/product_tag?post=6631"}],"curies":[{"name":"wp","href":"https:\/\/api.w.org\/{rel}","templated":true}]}}