{"id":6242,"date":"2022-08-31T22:47:23","date_gmt":"2022-08-31T19:47:23","guid":{"rendered":"https:\/\/beebipai.ee\/?post_type=product&#038;p=6242"},"modified":"2025-10-08T09:31:46","modified_gmt":"2025-10-08T06:31:46","slug":"laveen-naturaalne-omega-3-60-kapslit","status":"publish","type":"product","link":"https:\/\/beebipai.ee\/en\/product\/laveen-naturaalne-omega-3-60-kapslit\/","title":{"rendered":"Laveen natural omega from algea oil"},"content":{"rendered":"<div data-elementor-type=\"wp-post\" data-elementor-id=\"6242\" class=\"elementor elementor-6242\">\n\t\t\t\t\t\t<section class=\"elementor-section elementor-top-section elementor-element elementor-element-d4cb0c7 elementor-section-boxed elementor-section-height-default elementor-section-height-default\" data-id=\"d4cb0c7\" data-element_type=\"section\" data-e-type=\"section\">\n\t\t\t\t\t\t<div class=\"elementor-container elementor-column-gap-default\">\n\t\t\t\t\t<div class=\"elementor-column elementor-col-50 elementor-top-column elementor-element elementor-element-830cf26\" data-id=\"830cf26\" data-element_type=\"column\" data-e-type=\"column\">\n\t\t\t<div class=\"elementor-widget-wrap elementor-element-populated\">\n\t\t\t\t\t\t<div class=\"elementor-element elementor-element-ed2f52c elementor-widget elementor-widget-heading\" data-id=\"ed2f52c\" data-element_type=\"widget\" data-e-type=\"widget\" data-widget_type=\"heading.default\">\n\t\t\t\t<div class=\"elementor-widget-container\">\n\t\t\t\t\t<h2 class=\"elementor-heading-title elementor-size-default\">Laveen natural Omega 3<\/h2>\t\t\t\t<\/div>\n\t\t\t\t<\/div>\n\t\t\t\t<div class=\"elementor-element elementor-element-7d85eec elementor-widget elementor-widget-text-editor\" data-id=\"7d85eec\" data-element_type=\"widget\" data-e-type=\"widget\" data-widget_type=\"text-editor.default\">\n\t\t\t\t<div class=\"elementor-widget-container\">\n\t\t\t\t\t\t\t\t\t<p>During pregnancy, the need for all vitamins and minerals increases. It is also important to supply yourself with Omega 3 fatty acids during pregnancy. Omega 3 is an irreplaceable fatty acid in the body, as the body does not have the ability to produce it on its own. While DHA and EPA fatty acids are produced by the body itself, Omega 3 fatty acids can only be obtained from food. Therefore, supplying a growing child with Omega 3 fatty acids only affects the mother's diet. Omega 3 fatty acids are important for the development of the brain, eyes and central nervous system of the fetus.\u00a0<\/p><p>In addition, Omega-3 fatty acids strengthen the immune system of every person and improve vitality. They regulate fat metabolism and lower arterial blood pressure. Omega-3 fatty acids improve brain and spinal cord, eye and heart functions and prevent heart attacks and strokes. Omega-3 fatty acids are also anti-allergic.<\/p><p>Omega-3 fatty acids are mainly found in fatty fish such as salmon, mackerel, tuna, anchovy and herring. The most omega-3 fatty acids are found in linseed oil and olive oil. Omega-3 fatty acids are abundant in algae. In addition, omega-3 fatty acids are found in seeds such as chia, pumpkin and flax seeds.<\/p>\t\t\t\t\t\t\t\t<\/div>\n\t\t\t\t<\/div>\n\t\t\t\t\t<\/div>\n\t\t<\/div>\n\t\t\t\t<div class=\"elementor-column elementor-col-50 elementor-top-column elementor-element elementor-element-1622f5f\" data-id=\"1622f5f\" data-element_type=\"column\" data-e-type=\"column\">\n\t\t\t<div class=\"elementor-widget-wrap elementor-element-populated\">\n\t\t\t\t\t\t<div class=\"elementor-element elementor-element-44a0fe7 elementor-widget elementor-widget-image\" data-id=\"44a0fe7\" data-element_type=\"widget\" data-e-type=\"widget\" data-widget_type=\"image.default\">\n\t\t\t\t<div class=\"elementor-widget-container\">\n\t\t\t\t\t\t\t\t\t\t\t\t\t\t\t<img fetchpriority=\"high\" decoding=\"async\" width=\"400\" height=\"600\" src=\"https:\/\/beebipai.ee\/wp-content\/uploads\/2022\/08\/Laveen-Omega-3-4-e1661975179373.jpeg\" class=\"attachment-large size-large wp-image-6244\" alt=\"\" srcset=\"https:\/\/beebipai.ee\/wp-content\/uploads\/2022\/08\/Laveen-Omega-3-4-e1661975179373.jpeg 400w, https:\/\/beebipai.ee\/wp-content\/uploads\/2022\/08\/Laveen-Omega-3-4-e1661975179373-200x300.jpeg 200w, https:\/\/beebipai.ee\/wp-content\/uploads\/2022\/08\/Laveen-Omega-3-4-e1661975179373-8x12.jpeg 8w\" sizes=\"(max-width: 400px) 100vw, 400px\" \/>\t\t\t\t\t\t\t\t\t\t\t\t\t\t\t<\/div>\n\t\t\t\t<\/div>\n\t\t\t\t\t<\/div>\n\t\t<\/div>\n\t\t\t\t\t<\/div>\n\t\t<\/section>\n\t\t\t\t<section class=\"elementor-section elementor-top-section elementor-element elementor-element-cdf0691 elementor-section-boxed elementor-section-height-default elementor-section-height-default\" data-id=\"cdf0691\" data-element_type=\"section\" data-e-type=\"section\">\n\t\t\t\t\t\t<div class=\"elementor-container elementor-column-gap-default\">\n\t\t\t\t\t<div class=\"elementor-column elementor-col-50 elementor-top-column elementor-element elementor-element-137233b\" data-id=\"137233b\" data-element_type=\"column\" data-e-type=\"column\">\n\t\t\t<div class=\"elementor-widget-wrap elementor-element-populated\">\n\t\t\t\t\t\t<div class=\"elementor-element elementor-element-3647e47 elementor-widget elementor-widget-text-editor\" data-id=\"3647e47\" data-element_type=\"widget\" data-e-type=\"widget\" data-widget_type=\"text-editor.default\">\n\t\t\t\t<div class=\"elementor-widget-container\">\n\t\t\t\t\t\t\t\t\t<p>Laveen Omega-3 is made from extremely pure and high-quality algae oil and is enriched with DHA. One soft gel capsule contains 250mg of DHA. Being made from algae oil, the product is also suitable for vegans. Avalanche Omega 3 is free of heavy metals (e.g. mercury), polychlorinated biphenyls and dioxins, which can often be found in fish. Algae oil is made from algae grown in a controlled growing environment. This method also protects the ecosystem from disruption and\/or damage.\u00a0<\/p><p>One gel capsule contains:<\/p><table width=\"604\"><tbody><tr><td width=\"387\"><strong>One gel capsule contains:<\/strong><\/td><td width=\"123\"><b>Amount per 1 capsule<\/b><\/td><td width=\"94\"><strong>RI (%)*<\/strong><\/td><\/tr><tr><td width=\"387\">Algae oil<\/td><td width=\"123\">500 mg<\/td><td width=\"94\">NA<\/td><\/tr><tr><td width=\"387\">of which: Omega 3 DHA<\/td><td width=\"123\">250 mg<\/td><td width=\"94\">\u00a0<\/td><\/tr><tr><td width=\"387\">Vitamin E (D-alpha tocopherol)<\/td><td width=\"123\">4 mg<\/td><td width=\"94\">33<\/td><\/tr><\/tbody><\/table><p>The recommended dose is 1 gel capsule per day.\u00a0<\/p><p>The product is soy-, lactose-, nut- and gluten-free.<\/p>\t\t\t\t\t\t\t\t<\/div>\n\t\t\t\t<\/div>\n\t\t\t\t\t<\/div>\n\t\t<\/div>\n\t\t\t\t<div class=\"elementor-column elementor-col-50 elementor-top-column elementor-element elementor-element-1b95a9a\" data-id=\"1b95a9a\" data-element_type=\"column\" data-e-type=\"column\">\n\t\t\t<div class=\"elementor-widget-wrap elementor-element-populated\">\n\t\t\t\t\t\t<div class=\"elementor-element elementor-element-f3e6548 elementor-widget elementor-widget-image\" data-id=\"f3e6548\" data-element_type=\"widget\" data-e-type=\"widget\" data-widget_type=\"image.default\">\n\t\t\t\t<div class=\"elementor-widget-container\">\n\t\t\t\t\t\t\t\t\t\t\t\t\t\t\t<img decoding=\"async\" width=\"683\" height=\"1024\" src=\"https:\/\/beebipai.ee\/wp-content\/uploads\/2022\/08\/Laveen-Omega3-3-683x1024.jpeg\" class=\"attachment-large size-large wp-image-6247\" alt=\"\" srcset=\"https:\/\/beebipai.ee\/wp-content\/uploads\/2022\/08\/Laveen-Omega3-3-683x1024.jpeg 683w, https:\/\/beebipai.ee\/wp-content\/uploads\/2022\/08\/Laveen-Omega3-3-e1661975144682-200x300.jpeg 200w, https:\/\/beebipai.ee\/wp-content\/uploads\/2022\/08\/Laveen-Omega3-3-768x1152.jpeg 768w, https:\/\/beebipai.ee\/wp-content\/uploads\/2022\/08\/Laveen-Omega3-3-1024x1536.jpeg 1024w, https:\/\/beebipai.ee\/wp-content\/uploads\/2022\/08\/Laveen-Omega3-3-1366x2048.jpeg 1366w, https:\/\/beebipai.ee\/wp-content\/uploads\/2022\/08\/Laveen-Omega3-3-e1661975144682-8x12.jpeg 8w, https:\/\/beebipai.ee\/wp-content\/uploads\/2022\/08\/Laveen-Omega3-3-600x900.jpeg 600w, https:\/\/beebipai.ee\/wp-content\/uploads\/2022\/08\/Laveen-Omega3-3-e1661975144682.jpeg 400w\" sizes=\"(max-width: 683px) 100vw, 683px\" \/>\t\t\t\t\t\t\t\t\t\t\t\t\t\t\t<\/div>\n\t\t\t\t<\/div>\n\t\t\t\t\t<\/div>\n\t\t<\/div>\n\t\t\t\t\t<\/div>\n\t\t<\/section>\n\t\t\t\t<\/div>","protected":false},"excerpt":{"rendered":"<p>Laveen natural Omega 3 enriched with DHA is made from extremely high quality algae oil. Omega 3 capsules ensure that the mother and the growing child are adequately supplied with this valuable fatty acid.<\/p>\n<p>There is a convenient refill container for further filling the jar<\/p>","protected":false},"featured_media":7908,"template":"","meta":{"_monsterinsights_skip_tracking":false,"_monsterinsights_sitenote_active":false,"_monsterinsights_sitenote_note":"","_monsterinsights_sitenote_category":0,"site-sidebar-layout":"no-sidebar","site-content-layout":"page-builder","ast-site-content-layout":"full-width-container","site-content-style":"unboxed","site-sidebar-style":"unboxed","ast-global-header-display":"","ast-banner-title-visibility":"","ast-main-header-display":"","ast-hfb-above-header-display":"","ast-hfb-below-header-display":"","ast-hfb-mobile-header-display":"","site-post-title":"disabled","ast-breadcrumbs-content":"","ast-featured-img":"disabled","footer-sml-layout":"","ast-disable-related-posts":"","theme-transparent-header-meta":"default","adv-header-id-meta":"","stick-header-meta":"","header-above-stick-meta":"","header-main-stick-meta":"","header-below-stick-meta":"","astra-migrate-meta-layouts":"set","ast-page-background-enabled":"default","ast-page-background-meta":{"desktop":{"background-color":"","background-image":"","background-repeat":"repeat","background-position":"center center","background-size":"auto","background-attachment":"scroll","background-type":"","background-media":"","overlay-type":"","overlay-color":"","overlay-opacity":"","overlay-gradient":""},"tablet":{"background-color":"","background-image":"","background-repeat":"repeat","background-position":"center center","background-size":"auto","background-attachment":"scroll","background-type":"","background-media":"","overlay-type":"","overlay-color":"","overlay-opacity":"","overlay-gradient":""},"mobile":{"background-color":"","background-image":"","background-repeat":"repeat","background-position":"center center","background-size":"auto","background-attachment":"scroll","background-type":"","background-media":"","overlay-type":"","overlay-color":"","overlay-opacity":"","overlay-gradient":""}},"ast-content-background-meta":{"desktop":{"background-color":"var(--ast-global-color-5)","background-image":"","background-repeat":"repeat","background-position":"center center","background-size":"auto","background-attachment":"scroll","background-type":"","background-media":"","overlay-type":"","overlay-color":"","overlay-opacity":"","overlay-gradient":""},"tablet":{"background-color":"var(--ast-global-color-5)","background-image":"","background-repeat":"repeat","background-position":"center center","background-size":"auto","background-attachment":"scroll","background-type":"","background-media":"","overlay-type":"","overlay-color":"","overlay-opacity":"","overlay-gradient":""},"mobile":{"background-color":"var(--ast-global-color-5)","background-image":"","background-repeat":"repeat","background-position":"center center","background-size":"auto","background-attachment":"scroll","background-type":"","background-media":"","overlay-type":"","overlay-color":"","overlay-opacity":"","overlay-gradient":""}}},"product_brand":[],"product_cat":[22,104],"product_tag":[],"class_list":{"0":"post-6242","1":"product","2":"type-product","3":"status-publish","4":"has-post-thumbnail","6":"product_cat-emale","7":"product_cat-vitamiinid-emale","8":"desktop-align-left","9":"tablet-align-left","10":"mobile-align-left","12":"first","13":"instock","14":"taxable","15":"shipping-taxable","16":"purchasable","17":"product-type-variable"},"yoast_head":"<!-- This site is optimized with the Yoast SEO plugin v27.4 - https:\/\/yoast.com\/product\/yoast-seo-wordpress\/ -->\n<title>Laveen naturaalne Omega 3 vetika\u00f5list - Beebipai<\/title>\n<meta name=\"description\" content=\"Laveen naturaalne Omega 3 toetab raseduse ajal loote keskn\u00e4rvis\u00fcsteemi arengut. Vaata toodet Laveen naturaalne Omega 3!\" \/>\n<meta name=\"robots\" content=\"index, follow, max-snippet:-1, max-image-preview:large, max-video-preview:-1\" \/>\n<link rel=\"canonical\" href=\"https:\/\/beebipai.ee\/en\/product\/laveen-naturaalne-omega-3-60-kapslit\/\" \/>\n<meta property=\"og:locale\" content=\"en_US\" \/>\n<meta property=\"og:type\" content=\"article\" \/>\n<meta property=\"og:title\" content=\"Laveen naturaalne Omega 3 vetika\u00f5list - Beebipai\" \/>\n<meta property=\"og:description\" content=\"Laveen naturaalne Omega 3 toetab raseduse ajal loote keskn\u00e4rvis\u00fcsteemi arengut. Vaata toodet Laveen naturaalne Omega 3!\" \/>\n<meta property=\"og:url\" content=\"https:\/\/beebipai.ee\/en\/product\/laveen-naturaalne-omega-3-60-kapslit\/\" \/>\n<meta property=\"og:site_name\" content=\"Beebipai\" \/>\n<meta property=\"article:modified_time\" content=\"2025-10-08T06:31:46+00:00\" \/>\n<meta property=\"og:image\" content=\"https:\/\/beebipai.ee\/wp-content\/uploads\/2022\/08\/Omega-3-vetikaolist-e1677330267453.webp\" \/>\n\t<meta property=\"og:image:width\" content=\"600\" \/>\n\t<meta property=\"og:image:height\" content=\"600\" \/>\n\t<meta property=\"og:image:type\" content=\"image\/webp\" \/>\n<meta name=\"twitter:card\" content=\"summary_large_image\" \/>\n<meta name=\"twitter:label1\" content=\"Est. reading time\" \/>\n\t<meta name=\"twitter:data1\" content=\"1 minute\" \/>\n<script type=\"application\/ld+json\" class=\"yoast-schema-graph\">{\"@context\":\"https:\\\/\\\/schema.org\",\"@graph\":[{\"@type\":\"WebPage\",\"@id\":\"https:\\\/\\\/beebipai.ee\\\/product\\\/laveen-naturaalne-omega-3-60-kapslit\\\/\",\"url\":\"https:\\\/\\\/beebipai.ee\\\/product\\\/laveen-naturaalne-omega-3-60-kapslit\\\/\",\"name\":\"Laveen naturaalne Omega 3 vetika\u00f5list - Beebipai\",\"isPartOf\":{\"@id\":\"https:\\\/\\\/beebipai.ee\\\/en\\\/#website\"},\"primaryImageOfPage\":{\"@id\":\"https:\\\/\\\/beebipai.ee\\\/product\\\/laveen-naturaalne-omega-3-60-kapslit\\\/#primaryimage\"},\"image\":{\"@id\":\"https:\\\/\\\/beebipai.ee\\\/product\\\/laveen-naturaalne-omega-3-60-kapslit\\\/#primaryimage\"},\"thumbnailUrl\":\"https:\\\/\\\/beebipai.ee\\\/wp-content\\\/uploads\\\/2022\\\/08\\\/Omega-3-vetikaolist-e1677330267453.webp\",\"datePublished\":\"2022-08-31T19:47:23+00:00\",\"dateModified\":\"2025-10-08T06:31:46+00:00\",\"description\":\"Laveen naturaalne Omega 3 toetab raseduse ajal loote keskn\u00e4rvis\u00fcsteemi arengut. Vaata toodet Laveen naturaalne Omega 3!\",\"breadcrumb\":{\"@id\":\"https:\\\/\\\/beebipai.ee\\\/product\\\/laveen-naturaalne-omega-3-60-kapslit\\\/#breadcrumb\"},\"inLanguage\":\"en-US\",\"potentialAction\":[{\"@type\":\"ReadAction\",\"target\":[\"https:\\\/\\\/beebipai.ee\\\/product\\\/laveen-naturaalne-omega-3-60-kapslit\\\/\"]}]},{\"@type\":\"ImageObject\",\"inLanguage\":\"en-US\",\"@id\":\"https:\\\/\\\/beebipai.ee\\\/product\\\/laveen-naturaalne-omega-3-60-kapslit\\\/#primaryimage\",\"url\":\"https:\\\/\\\/beebipai.ee\\\/wp-content\\\/uploads\\\/2022\\\/08\\\/Omega-3-vetikaolist-e1677330267453.webp\",\"contentUrl\":\"https:\\\/\\\/beebipai.ee\\\/wp-content\\\/uploads\\\/2022\\\/08\\\/Omega-3-vetikaolist-e1677330267453.webp\",\"width\":600,\"height\":600},{\"@type\":\"BreadcrumbList\",\"@id\":\"https:\\\/\\\/beebipai.ee\\\/product\\\/laveen-naturaalne-omega-3-60-kapslit\\\/#breadcrumb\",\"itemListElement\":[{\"@type\":\"ListItem\",\"position\":1,\"name\":\"Home\",\"item\":\"https:\\\/\\\/beebipai.ee\\\/\"},{\"@type\":\"ListItem\",\"position\":2,\"name\":\"Pood\",\"item\":\"https:\\\/\\\/beebipai.ee\\\/store\\\/\"},{\"@type\":\"ListItem\",\"position\":3,\"name\":\"Laveen naturaalne Omega 3 vetika\u00f5list\"}]},{\"@type\":\"WebSite\",\"@id\":\"https:\\\/\\\/beebipai.ee\\\/en\\\/#website\",\"url\":\"https:\\\/\\\/beebipai.ee\\\/en\\\/\",\"name\":\"Beebipai\",\"description\":\"Rasedate ja beebide veebipood\",\"potentialAction\":[{\"@type\":\"SearchAction\",\"target\":{\"@type\":\"EntryPoint\",\"urlTemplate\":\"https:\\\/\\\/beebipai.ee\\\/en\\\/?s={search_term_string}\"},\"query-input\":{\"@type\":\"PropertyValueSpecification\",\"valueRequired\":true,\"valueName\":\"search_term_string\"}}],\"inLanguage\":\"en-US\"}]}<\/script>\n<!-- \/ Yoast SEO plugin. -->","yoast_head_json":{"title":"Laveen naturaalne Omega 3 vetika\u00f5list - Beebipai","description":"Laveen naturaalne Omega 3 toetab raseduse ajal loote keskn\u00e4rvis\u00fcsteemi arengut. Vaata toodet Laveen naturaalne Omega 3!","robots":{"index":"index","follow":"follow","max-snippet":"max-snippet:-1","max-image-preview":"max-image-preview:large","max-video-preview":"max-video-preview:-1"},"canonical":"https:\/\/beebipai.ee\/en\/product\/laveen-naturaalne-omega-3-60-kapslit\/","og_locale":"en_US","og_type":"article","og_title":"Laveen naturaalne Omega 3 vetika\u00f5list - Beebipai","og_description":"Laveen naturaalne Omega 3 toetab raseduse ajal loote keskn\u00e4rvis\u00fcsteemi arengut. Vaata toodet Laveen naturaalne Omega 3!","og_url":"https:\/\/beebipai.ee\/en\/product\/laveen-naturaalne-omega-3-60-kapslit\/","og_site_name":"Beebipai","article_modified_time":"2025-10-08T06:31:46+00:00","og_image":[{"width":600,"height":600,"url":"https:\/\/beebipai.ee\/wp-content\/uploads\/2022\/08\/Omega-3-vetikaolist-e1677330267453.webp","type":"image\/webp"}],"twitter_card":"summary_large_image","twitter_misc":{"Est. reading time":"1 minute"},"schema":{"@context":"https:\/\/schema.org","@graph":[{"@type":"WebPage","@id":"https:\/\/beebipai.ee\/product\/laveen-naturaalne-omega-3-60-kapslit\/","url":"https:\/\/beebipai.ee\/product\/laveen-naturaalne-omega-3-60-kapslit\/","name":"Laveen naturaalne Omega 3 vetika\u00f5list - Beebipai","isPartOf":{"@id":"https:\/\/beebipai.ee\/en\/#website"},"primaryImageOfPage":{"@id":"https:\/\/beebipai.ee\/product\/laveen-naturaalne-omega-3-60-kapslit\/#primaryimage"},"image":{"@id":"https:\/\/beebipai.ee\/product\/laveen-naturaalne-omega-3-60-kapslit\/#primaryimage"},"thumbnailUrl":"https:\/\/beebipai.ee\/wp-content\/uploads\/2022\/08\/Omega-3-vetikaolist-e1677330267453.webp","datePublished":"2022-08-31T19:47:23+00:00","dateModified":"2025-10-08T06:31:46+00:00","description":"Laveen naturaalne Omega 3 toetab raseduse ajal loote keskn\u00e4rvis\u00fcsteemi arengut. Vaata toodet Laveen naturaalne Omega 3!","breadcrumb":{"@id":"https:\/\/beebipai.ee\/product\/laveen-naturaalne-omega-3-60-kapslit\/#breadcrumb"},"inLanguage":"en-US","potentialAction":[{"@type":"ReadAction","target":["https:\/\/beebipai.ee\/product\/laveen-naturaalne-omega-3-60-kapslit\/"]}]},{"@type":"ImageObject","inLanguage":"en-US","@id":"https:\/\/beebipai.ee\/product\/laveen-naturaalne-omega-3-60-kapslit\/#primaryimage","url":"https:\/\/beebipai.ee\/wp-content\/uploads\/2022\/08\/Omega-3-vetikaolist-e1677330267453.webp","contentUrl":"https:\/\/beebipai.ee\/wp-content\/uploads\/2022\/08\/Omega-3-vetikaolist-e1677330267453.webp","width":600,"height":600},{"@type":"BreadcrumbList","@id":"https:\/\/beebipai.ee\/product\/laveen-naturaalne-omega-3-60-kapslit\/#breadcrumb","itemListElement":[{"@type":"ListItem","position":1,"name":"Home","item":"https:\/\/beebipai.ee\/"},{"@type":"ListItem","position":2,"name":"Pood","item":"https:\/\/beebipai.ee\/store\/"},{"@type":"ListItem","position":3,"name":"Laveen naturaalne Omega 3 vetika\u00f5list"}]},{"@type":"WebSite","@id":"https:\/\/beebipai.ee\/en\/#website","url":"https:\/\/beebipai.ee\/en\/","name":"Beebipai","description":"Rasedate ja beebide veebipood","potentialAction":[{"@type":"SearchAction","target":{"@type":"EntryPoint","urlTemplate":"https:\/\/beebipai.ee\/en\/?s={search_term_string}"},"query-input":{"@type":"PropertyValueSpecification","valueRequired":true,"valueName":"search_term_string"}}],"inLanguage":"en-US"}]}},"_links":{"self":[{"href":"https:\/\/beebipai.ee\/en\/wp-json\/wp\/v2\/product\/6242","targetHints":{"allow":["GET"]}}],"collection":[{"href":"https:\/\/beebipai.ee\/en\/wp-json\/wp\/v2\/product"}],"about":[{"href":"https:\/\/beebipai.ee\/en\/wp-json\/wp\/v2\/types\/product"}],"version-history":[{"count":5,"href":"https:\/\/beebipai.ee\/en\/wp-json\/wp\/v2\/product\/6242\/revisions"}],"predecessor-version":[{"id":7913,"href":"https:\/\/beebipai.ee\/en\/wp-json\/wp\/v2\/product\/6242\/revisions\/7913"}],"wp:featuredmedia":[{"embeddable":true,"href":"https:\/\/beebipai.ee\/en\/wp-json\/wp\/v2\/media\/7908"}],"wp:attachment":[{"href":"https:\/\/beebipai.ee\/en\/wp-json\/wp\/v2\/media?parent=6242"}],"wp:term":[{"taxonomy":"product_brand","embeddable":true,"href":"https:\/\/beebipai.ee\/en\/wp-json\/wp\/v2\/product_brand?post=6242"},{"taxonomy":"product_cat","embeddable":true,"href":"https:\/\/beebipai.ee\/en\/wp-json\/wp\/v2\/product_cat?post=6242"},{"taxonomy":"product_tag","embeddable":true,"href":"https:\/\/beebipai.ee\/en\/wp-json\/wp\/v2\/product_tag?post=6242"}],"curies":[{"name":"wp","href":"https:\/\/api.w.org\/{rel}","templated":true}]}}