{"id":6212,"date":"2022-08-31T12:45:07","date_gmt":"2022-08-31T09:45:07","guid":{"rendered":"https:\/\/beebipai.ee\/?post_type=product&#038;p=6212"},"modified":"2024-04-24T09:25:13","modified_gmt":"2024-04-24T06:25:13","slug":"kikkaboo-klaasist-lutipudel","status":"publish","type":"product","link":"https:\/\/beebipai.ee\/en\/product\/kikkaboo-klaasist-lutipudel\/","title":{"rendered":"Kikkaboo glass baby bottle"},"content":{"rendered":"<div data-elementor-type=\"wp-post\" data-elementor-id=\"6212\" class=\"elementor elementor-6212\">\n\t\t\t\t\t\t<section class=\"elementor-section elementor-top-section elementor-element elementor-element-19fe844 elementor-section-boxed elementor-section-height-default elementor-section-height-default\" data-id=\"19fe844\" data-element_type=\"section\" data-e-type=\"section\">\n\t\t\t\t\t\t<div class=\"elementor-container elementor-column-gap-default\">\n\t\t\t\t\t<div class=\"elementor-column elementor-col-50 elementor-top-column elementor-element elementor-element-f1d1cea\" data-id=\"f1d1cea\" data-element_type=\"column\" data-e-type=\"column\">\n\t\t\t<div class=\"elementor-widget-wrap elementor-element-populated\">\n\t\t\t\t\t\t<div class=\"elementor-element elementor-element-0b1cadb elementor-widget elementor-widget-heading\" data-id=\"0b1cadb\" data-element_type=\"widget\" data-e-type=\"widget\" data-widget_type=\"heading.default\">\n\t\t\t\t<div class=\"elementor-widget-container\">\n\t\t\t\t\t<h2 class=\"elementor-heading-title elementor-size-default\">Kikkaboo glass baby bottle<\/h2>\t\t\t\t<\/div>\n\t\t\t\t<\/div>\n\t\t\t\t<div class=\"elementor-element elementor-element-6fff696 elementor-widget elementor-widget-text-editor\" data-id=\"6fff696\" data-element_type=\"widget\" data-e-type=\"widget\" data-widget_type=\"text-editor.default\">\n\t\t\t\t<div class=\"elementor-widget-container\">\n\t\t\t\t\t\t\t\t\t<p>Ka rinnaga toitval emal v\u00f5iks igaks juhuks kodus olemas olla alternatiivne v\u00f5imalus beebi toitmiseks- juhuks, kui rinnaga toitmine kas ema v\u00f5i beebi poolsetel p\u00f5hjustel osutub v\u00f5imatuks. \u00a0<\/p><p>The Kikkaboo glass baby bottle is made of high-quality borosilicate glass. Borosilicate glass is BPA free, being the best for baby's health. The glass baby bottle has extremely high heat resistance (0C-600C), which allows the bottle to be sterilized and ensures the necessary hygiene when feeding the baby.\u00a0<\/p>\t\t\t\t\t\t\t\t<\/div>\n\t\t\t\t<\/div>\n\t\t\t\t<div class=\"elementor-element elementor-element-dacd41e elementor-widget elementor-widget-text-editor\" data-id=\"dacd41e\" data-element_type=\"widget\" data-e-type=\"widget\" data-widget_type=\"text-editor.default\">\n\t\t\t\t<div class=\"elementor-widget-container\">\n\t\t\t\t\t\t\t\t\t<p>Kikkaboo klaasist lutipudeli lutt on valmistatud pehmest, kvaliteetsest, BPA vabast silikoonist. Luti kuju on sarnane rinnanibule, mis v\u00f5imaldab seda kasutada kombineeritud toitmisel rinna ja pudeliga. Lutt on s\u00fcmmeetriline ja koolikutevastane, v\u00e4ltides beebi s\u00f6\u00f6misel \u00f5hu alla neelamist. Lutipudel on laia pudelikaelaga, mis v\u00f5imaldab kasutada laia lutti ning teeb \u00fchtlasi mugavaks ka piima valamise.\u00a0<\/p>\t\t\t\t\t\t\t\t<\/div>\n\t\t\t\t<\/div>\n\t\t\t\t\t<\/div>\n\t\t<\/div>\n\t\t\t\t<div class=\"elementor-column elementor-col-50 elementor-top-column elementor-element elementor-element-a80eed6\" data-id=\"a80eed6\" data-element_type=\"column\" data-e-type=\"column\">\n\t\t\t<div class=\"elementor-widget-wrap elementor-element-populated\">\n\t\t\t\t\t\t<div class=\"elementor-element elementor-element-b15f55a elementor-widget elementor-widget-image\" data-id=\"b15f55a\" data-element_type=\"widget\" data-e-type=\"widget\" data-widget_type=\"image.default\">\n\t\t\t\t<div class=\"elementor-widget-container\">\n\t\t\t\t\t\t\t\t\t\t\t\t\t\t\t<img fetchpriority=\"high\" decoding=\"async\" width=\"768\" height=\"422\" src=\"https:\/\/beebipai.ee\/wp-content\/uploads\/2022\/08\/Kikkaboo-klaasist-lutipudel8-768x422.png\" class=\"attachment-medium_large size-medium_large wp-image-6223\" alt=\"\" srcset=\"https:\/\/beebipai.ee\/wp-content\/uploads\/2022\/08\/Kikkaboo-klaasist-lutipudel8-768x422.png 768w, https:\/\/beebipai.ee\/wp-content\/uploads\/2022\/08\/Kikkaboo-klaasist-lutipudel8-e1661939642820-300x165.png 300w, https:\/\/beebipai.ee\/wp-content\/uploads\/2022\/08\/Kikkaboo-klaasist-lutipudel8-1024x563.png 1024w, https:\/\/beebipai.ee\/wp-content\/uploads\/2022\/08\/Kikkaboo-klaasist-lutipudel8-1536x845.png 1536w, https:\/\/beebipai.ee\/wp-content\/uploads\/2022\/08\/Kikkaboo-klaasist-lutipudel8-e1661939642820-18x10.png 18w, https:\/\/beebipai.ee\/wp-content\/uploads\/2022\/08\/Kikkaboo-klaasist-lutipudel8-600x330.png 600w, https:\/\/beebipai.ee\/wp-content\/uploads\/2022\/08\/Kikkaboo-klaasist-lutipudel8-e1661939642820.png 400w\" sizes=\"(max-width: 768px) 100vw, 768px\" \/>\t\t\t\t\t\t\t\t\t\t\t\t\t\t\t<\/div>\n\t\t\t\t<\/div>\n\t\t\t\t\t<\/div>\n\t\t<\/div>\n\t\t\t\t\t<\/div>\n\t\t<\/section>\n\t\t\t\t<\/div>","protected":false},"excerpt":{"rendered":"<p>Kikkaboo klaasist lutipudel on ideaalne beebi toitmiseks. Pudelil on koolikutevastane lutt.<\/p>","protected":false},"featured_media":8351,"template":"","meta":{"_monsterinsights_skip_tracking":false,"_monsterinsights_sitenote_active":false,"_monsterinsights_sitenote_note":"","_monsterinsights_sitenote_category":0,"site-sidebar-layout":"no-sidebar","site-content-layout":"page-builder","ast-site-content-layout":"full-width-container","site-content-style":"unboxed","site-sidebar-style":"unboxed","ast-global-header-display":"","ast-banner-title-visibility":"","ast-main-header-display":"","ast-hfb-above-header-display":"","ast-hfb-below-header-display":"","ast-hfb-mobile-header-display":"","site-post-title":"disabled","ast-breadcrumbs-content":"","ast-featured-img":"disabled","footer-sml-layout":"","ast-disable-related-posts":"","theme-transparent-header-meta":"default","adv-header-id-meta":"","stick-header-meta":"","header-above-stick-meta":"","header-main-stick-meta":"","header-below-stick-meta":"","astra-migrate-meta-layouts":"set","ast-page-background-enabled":"default","ast-page-background-meta":{"desktop":{"background-color":"","background-image":"","background-repeat":"repeat","background-position":"center center","background-size":"auto","background-attachment":"scroll","background-type":"","background-media":"","overlay-type":"","overlay-color":"","overlay-opacity":"","overlay-gradient":""},"tablet":{"background-color":"","background-image":"","background-repeat":"repeat","background-position":"center center","background-size":"auto","background-attachment":"scroll","background-type":"","background-media":"","overlay-type":"","overlay-color":"","overlay-opacity":"","overlay-gradient":""},"mobile":{"background-color":"","background-image":"","background-repeat":"repeat","background-position":"center center","background-size":"auto","background-attachment":"scroll","background-type":"","background-media":"","overlay-type":"","overlay-color":"","overlay-opacity":"","overlay-gradient":""}},"ast-content-background-meta":{"desktop":{"background-color":"var(--ast-global-color-5)","background-image":"","background-repeat":"repeat","background-position":"center center","background-size":"auto","background-attachment":"scroll","background-type":"","background-media":"","overlay-type":"","overlay-color":"","overlay-opacity":"","overlay-gradient":""},"tablet":{"background-color":"var(--ast-global-color-5)","background-image":"","background-repeat":"repeat","background-position":"center center","background-size":"auto","background-attachment":"scroll","background-type":"","background-media":"","overlay-type":"","overlay-color":"","overlay-opacity":"","overlay-gradient":""},"mobile":{"background-color":"var(--ast-global-color-5)","background-image":"","background-repeat":"repeat","background-position":"center center","background-size":"auto","background-attachment":"scroll","background-type":"","background-media":"","overlay-type":"","overlay-color":"","overlay-opacity":"","overlay-gradient":""}}},"product_brand":[],"product_cat":[23,143],"product_tag":[],"class_list":{"0":"post-6212","1":"product","2":"type-product","3":"status-publish","4":"has-post-thumbnail","6":"product_cat-beebile","7":"product_cat-sootmiseks-soomiseks","8":"desktop-align-left","9":"tablet-align-left","10":"mobile-align-left","12":"first","13":"instock","14":"taxable","15":"shipping-taxable","16":"purchasable","17":"product-type-variable"},"yoast_head":"<!-- This site is optimized with the Yoast SEO plugin v27.3 - https:\/\/yoast.com\/product\/yoast-seo-wordpress\/ -->\n<title>Kikkaboo klaasist lutipudel - Beebipai<\/title>\n<meta name=\"description\" content=\"Kikkaboo klaasist lutipudel on puhas, tervislik ja praktiline beebi toitmiseks. Vaata toodet Kikkaboo klaasist lutipudel!\" \/>\n<meta name=\"robots\" content=\"index, follow, max-snippet:-1, max-image-preview:large, max-video-preview:-1\" \/>\n<link rel=\"canonical\" href=\"https:\/\/beebipai.ee\/en\/product\/kikkaboo-klaasist-lutipudel\/\" \/>\n<meta property=\"og:locale\" content=\"en_US\" \/>\n<meta property=\"og:type\" content=\"article\" \/>\n<meta property=\"og:title\" content=\"Kikkaboo klaasist lutipudel - Beebipai\" \/>\n<meta property=\"og:description\" content=\"Kikkaboo klaasist lutipudel on puhas, tervislik ja praktiline beebi toitmiseks. Vaata toodet Kikkaboo klaasist lutipudel!\" \/>\n<meta property=\"og:url\" content=\"https:\/\/beebipai.ee\/en\/product\/kikkaboo-klaasist-lutipudel\/\" \/>\n<meta property=\"og:site_name\" content=\"Beebipai\" \/>\n<meta property=\"article:modified_time\" content=\"2024-04-24T06:25:13+00:00\" \/>\n<meta property=\"og:image\" content=\"https:\/\/beebipai.ee\/wp-content\/uploads\/2022\/08\/Kikkaboo-klaasist-lutipudel-4.jpg\" \/>\n\t<meta property=\"og:image:width\" content=\"522\" \/>\n\t<meta property=\"og:image:height\" content=\"522\" \/>\n\t<meta property=\"og:image:type\" content=\"image\/jpeg\" \/>\n<meta name=\"twitter:card\" content=\"summary_large_image\" \/>\n<meta name=\"twitter:label1\" content=\"Est. reading time\" \/>\n\t<meta name=\"twitter:data1\" content=\"1 minute\" \/>\n<script type=\"application\/ld+json\" class=\"yoast-schema-graph\">{\"@context\":\"https:\\\/\\\/schema.org\",\"@graph\":[{\"@type\":\"WebPage\",\"@id\":\"https:\\\/\\\/beebipai.ee\\\/product\\\/kikkaboo-klaasist-lutipudel\\\/\",\"url\":\"https:\\\/\\\/beebipai.ee\\\/product\\\/kikkaboo-klaasist-lutipudel\\\/\",\"name\":\"Kikkaboo klaasist lutipudel - Beebipai\",\"isPartOf\":{\"@id\":\"https:\\\/\\\/beebipai.ee\\\/en\\\/#website\"},\"primaryImageOfPage\":{\"@id\":\"https:\\\/\\\/beebipai.ee\\\/product\\\/kikkaboo-klaasist-lutipudel\\\/#primaryimage\"},\"image\":{\"@id\":\"https:\\\/\\\/beebipai.ee\\\/product\\\/kikkaboo-klaasist-lutipudel\\\/#primaryimage\"},\"thumbnailUrl\":\"https:\\\/\\\/beebipai.ee\\\/wp-content\\\/uploads\\\/2022\\\/08\\\/Kikkaboo-klaasist-lutipudel-4.jpg\",\"datePublished\":\"2022-08-31T09:45:07+00:00\",\"dateModified\":\"2024-04-24T06:25:13+00:00\",\"description\":\"Kikkaboo klaasist lutipudel on puhas, tervislik ja praktiline beebi toitmiseks. Vaata toodet Kikkaboo klaasist lutipudel!\",\"breadcrumb\":{\"@id\":\"https:\\\/\\\/beebipai.ee\\\/product\\\/kikkaboo-klaasist-lutipudel\\\/#breadcrumb\"},\"inLanguage\":\"en-US\",\"potentialAction\":[{\"@type\":\"ReadAction\",\"target\":[\"https:\\\/\\\/beebipai.ee\\\/product\\\/kikkaboo-klaasist-lutipudel\\\/\"]}]},{\"@type\":\"ImageObject\",\"inLanguage\":\"en-US\",\"@id\":\"https:\\\/\\\/beebipai.ee\\\/product\\\/kikkaboo-klaasist-lutipudel\\\/#primaryimage\",\"url\":\"https:\\\/\\\/beebipai.ee\\\/wp-content\\\/uploads\\\/2022\\\/08\\\/Kikkaboo-klaasist-lutipudel-4.jpg\",\"contentUrl\":\"https:\\\/\\\/beebipai.ee\\\/wp-content\\\/uploads\\\/2022\\\/08\\\/Kikkaboo-klaasist-lutipudel-4.jpg\",\"width\":522,\"height\":522},{\"@type\":\"BreadcrumbList\",\"@id\":\"https:\\\/\\\/beebipai.ee\\\/product\\\/kikkaboo-klaasist-lutipudel\\\/#breadcrumb\",\"itemListElement\":[{\"@type\":\"ListItem\",\"position\":1,\"name\":\"Home\",\"item\":\"https:\\\/\\\/beebipai.ee\\\/\"},{\"@type\":\"ListItem\",\"position\":2,\"name\":\"Pood\",\"item\":\"https:\\\/\\\/beebipai.ee\\\/store\\\/\"},{\"@type\":\"ListItem\",\"position\":3,\"name\":\"Kikkaboo klaasist lutipudel\"}]},{\"@type\":\"WebSite\",\"@id\":\"https:\\\/\\\/beebipai.ee\\\/en\\\/#website\",\"url\":\"https:\\\/\\\/beebipai.ee\\\/en\\\/\",\"name\":\"Beebipai\",\"description\":\"Rasedate ja beebide veebipood\",\"potentialAction\":[{\"@type\":\"SearchAction\",\"target\":{\"@type\":\"EntryPoint\",\"urlTemplate\":\"https:\\\/\\\/beebipai.ee\\\/en\\\/?s={search_term_string}\"},\"query-input\":{\"@type\":\"PropertyValueSpecification\",\"valueRequired\":true,\"valueName\":\"search_term_string\"}}],\"inLanguage\":\"en-US\"}]}<\/script>\n<!-- \/ Yoast SEO plugin. -->","yoast_head_json":{"title":"Kikkaboo klaasist lutipudel - Beebipai","description":"Kikkaboo klaasist lutipudel on puhas, tervislik ja praktiline beebi toitmiseks. Vaata toodet Kikkaboo klaasist lutipudel!","robots":{"index":"index","follow":"follow","max-snippet":"max-snippet:-1","max-image-preview":"max-image-preview:large","max-video-preview":"max-video-preview:-1"},"canonical":"https:\/\/beebipai.ee\/en\/product\/kikkaboo-klaasist-lutipudel\/","og_locale":"en_US","og_type":"article","og_title":"Kikkaboo klaasist lutipudel - Beebipai","og_description":"Kikkaboo klaasist lutipudel on puhas, tervislik ja praktiline beebi toitmiseks. Vaata toodet Kikkaboo klaasist lutipudel!","og_url":"https:\/\/beebipai.ee\/en\/product\/kikkaboo-klaasist-lutipudel\/","og_site_name":"Beebipai","article_modified_time":"2024-04-24T06:25:13+00:00","og_image":[{"width":522,"height":522,"url":"https:\/\/beebipai.ee\/wp-content\/uploads\/2022\/08\/Kikkaboo-klaasist-lutipudel-4.jpg","type":"image\/jpeg"}],"twitter_card":"summary_large_image","twitter_misc":{"Est. reading time":"1 minute"},"schema":{"@context":"https:\/\/schema.org","@graph":[{"@type":"WebPage","@id":"https:\/\/beebipai.ee\/product\/kikkaboo-klaasist-lutipudel\/","url":"https:\/\/beebipai.ee\/product\/kikkaboo-klaasist-lutipudel\/","name":"Kikkaboo klaasist lutipudel - Beebipai","isPartOf":{"@id":"https:\/\/beebipai.ee\/en\/#website"},"primaryImageOfPage":{"@id":"https:\/\/beebipai.ee\/product\/kikkaboo-klaasist-lutipudel\/#primaryimage"},"image":{"@id":"https:\/\/beebipai.ee\/product\/kikkaboo-klaasist-lutipudel\/#primaryimage"},"thumbnailUrl":"https:\/\/beebipai.ee\/wp-content\/uploads\/2022\/08\/Kikkaboo-klaasist-lutipudel-4.jpg","datePublished":"2022-08-31T09:45:07+00:00","dateModified":"2024-04-24T06:25:13+00:00","description":"Kikkaboo klaasist lutipudel on puhas, tervislik ja praktiline beebi toitmiseks. Vaata toodet Kikkaboo klaasist lutipudel!","breadcrumb":{"@id":"https:\/\/beebipai.ee\/product\/kikkaboo-klaasist-lutipudel\/#breadcrumb"},"inLanguage":"en-US","potentialAction":[{"@type":"ReadAction","target":["https:\/\/beebipai.ee\/product\/kikkaboo-klaasist-lutipudel\/"]}]},{"@type":"ImageObject","inLanguage":"en-US","@id":"https:\/\/beebipai.ee\/product\/kikkaboo-klaasist-lutipudel\/#primaryimage","url":"https:\/\/beebipai.ee\/wp-content\/uploads\/2022\/08\/Kikkaboo-klaasist-lutipudel-4.jpg","contentUrl":"https:\/\/beebipai.ee\/wp-content\/uploads\/2022\/08\/Kikkaboo-klaasist-lutipudel-4.jpg","width":522,"height":522},{"@type":"BreadcrumbList","@id":"https:\/\/beebipai.ee\/product\/kikkaboo-klaasist-lutipudel\/#breadcrumb","itemListElement":[{"@type":"ListItem","position":1,"name":"Home","item":"https:\/\/beebipai.ee\/"},{"@type":"ListItem","position":2,"name":"Pood","item":"https:\/\/beebipai.ee\/store\/"},{"@type":"ListItem","position":3,"name":"Kikkaboo klaasist lutipudel"}]},{"@type":"WebSite","@id":"https:\/\/beebipai.ee\/en\/#website","url":"https:\/\/beebipai.ee\/en\/","name":"Beebipai","description":"Rasedate ja beebide veebipood","potentialAction":[{"@type":"SearchAction","target":{"@type":"EntryPoint","urlTemplate":"https:\/\/beebipai.ee\/en\/?s={search_term_string}"},"query-input":{"@type":"PropertyValueSpecification","valueRequired":true,"valueName":"search_term_string"}}],"inLanguage":"en-US"}]}},"_links":{"self":[{"href":"https:\/\/beebipai.ee\/en\/wp-json\/wp\/v2\/product\/6212","targetHints":{"allow":["GET"]}}],"collection":[{"href":"https:\/\/beebipai.ee\/en\/wp-json\/wp\/v2\/product"}],"about":[{"href":"https:\/\/beebipai.ee\/en\/wp-json\/wp\/v2\/types\/product"}],"version-history":[{"count":5,"href":"https:\/\/beebipai.ee\/en\/wp-json\/wp\/v2\/product\/6212\/revisions"}],"predecessor-version":[{"id":10605,"href":"https:\/\/beebipai.ee\/en\/wp-json\/wp\/v2\/product\/6212\/revisions\/10605"}],"wp:featuredmedia":[{"embeddable":true,"href":"https:\/\/beebipai.ee\/en\/wp-json\/wp\/v2\/media\/8351"}],"wp:attachment":[{"href":"https:\/\/beebipai.ee\/en\/wp-json\/wp\/v2\/media?parent=6212"}],"wp:term":[{"taxonomy":"product_brand","embeddable":true,"href":"https:\/\/beebipai.ee\/en\/wp-json\/wp\/v2\/product_brand?post=6212"},{"taxonomy":"product_cat","embeddable":true,"href":"https:\/\/beebipai.ee\/en\/wp-json\/wp\/v2\/product_cat?post=6212"},{"taxonomy":"product_tag","embeddable":true,"href":"https:\/\/beebipai.ee\/en\/wp-json\/wp\/v2\/product_tag?post=6212"}],"curies":[{"name":"wp","href":"https:\/\/api.w.org\/{rel}","templated":true}]}}