{"id":5961,"date":"2022-08-20T23:50:45","date_gmt":"2022-08-20T20:50:45","guid":{"rendered":"https:\/\/beebipai.ee\/?post_type=product&#038;p=5961"},"modified":"2023-08-07T09:02:45","modified_gmt":"2023-08-07T06:02:45","slug":"kikkaboo-rinnapiima-sailituskotid-temperatuuri-sensoriga","status":"publish","type":"product","link":"https:\/\/beebipai.ee\/en\/product\/kikkaboo-rinnapiima-sailituskotid-temperatuuri-sensoriga\/","title":{"rendered":"Kikkaboo breast milk storage bags with temperature sensor"},"content":{"rendered":"<div data-elementor-type=\"wp-post\" data-elementor-id=\"5961\" class=\"elementor elementor-5961\">\n\t\t\t\t\t\t<section class=\"elementor-section elementor-top-section elementor-element elementor-element-3e90634 elementor-section-boxed elementor-section-height-default elementor-section-height-default\" data-id=\"3e90634\" data-element_type=\"section\" data-e-type=\"section\">\n\t\t\t\t\t\t<div class=\"elementor-container elementor-column-gap-default\">\n\t\t\t\t\t<div class=\"elementor-column elementor-col-50 elementor-top-column elementor-element elementor-element-cacbc53\" data-id=\"cacbc53\" data-element_type=\"column\" data-e-type=\"column\">\n\t\t\t<div class=\"elementor-widget-wrap elementor-element-populated\">\n\t\t\t\t\t\t<div class=\"elementor-element elementor-element-88f99b9 elementor-widget elementor-widget-heading\" data-id=\"88f99b9\" data-element_type=\"widget\" data-e-type=\"widget\" data-widget_type=\"heading.default\">\n\t\t\t\t<div class=\"elementor-widget-container\">\n\t\t\t\t\t<h2 class=\"elementor-heading-title elementor-size-default\">Breast milk storage bags with temperature sensor<\/h2>\t\t\t\t<\/div>\n\t\t\t\t<\/div>\n\t\t\t\t<div class=\"elementor-element elementor-element-1f0dd3c elementor-widget elementor-widget-text-editor\" data-id=\"1f0dd3c\" data-element_type=\"widget\" data-e-type=\"widget\" data-widget_type=\"text-editor.default\">\n\t\t\t\t<div class=\"elementor-widget-container\">\n\t\t\t\t\t\t\t\t\t<p>Breast milk is the best food for a baby. However, in order to always have it, it is good if there is enough milk for at least a couple of meals in the freezer during breastfeeding. This ensures that the child gets the necessary food and drink even if for some reason you cannot breastfeed yourself, you have to be away from the child or if the child, for example, refuses to breastfeed. Sometimes it is also necessary to increase the amount of milk with additional stimulation, and it is also wise to freeze the milk left over from the baby.\u00a0<\/p>\t\t\t\t\t\t\t\t<\/div>\n\t\t\t\t<\/div>\n\t\t\t\t\t<\/div>\n\t\t<\/div>\n\t\t\t\t<div class=\"elementor-column elementor-col-50 elementor-top-column elementor-element elementor-element-b8152c9\" data-id=\"b8152c9\" data-element_type=\"column\" data-e-type=\"column\">\n\t\t\t<div class=\"elementor-widget-wrap elementor-element-populated\">\n\t\t\t\t\t\t<div class=\"elementor-element elementor-element-583d5e8 elementor-widget elementor-widget-image\" data-id=\"583d5e8\" data-element_type=\"widget\" data-e-type=\"widget\" data-widget_type=\"image.default\">\n\t\t\t\t<div class=\"elementor-widget-container\">\n\t\t\t\t\t\t\t\t\t\t\t\t\t\t\t<img fetchpriority=\"high\" decoding=\"async\" width=\"400\" height=\"267\" src=\"https:\/\/beebipai.ee\/wp-content\/uploads\/2022\/06\/Neobulle-rinnapiimakogus-suurendavad-kapslid5-e1661028011504.jpg\" class=\"attachment-large size-large wp-image-4871\" alt=\"\" srcset=\"https:\/\/beebipai.ee\/wp-content\/uploads\/2022\/06\/Neobulle-rinnapiimakogus-suurendavad-kapslid5-e1661028011504.jpg 400w, https:\/\/beebipai.ee\/wp-content\/uploads\/2022\/06\/Neobulle-rinnapiimakogus-suurendavad-kapslid5-e1661028011504-300x200.jpg 300w, https:\/\/beebipai.ee\/wp-content\/uploads\/2022\/06\/Neobulle-rinnapiimakogus-suurendavad-kapslid5-e1661028011504-18x12.jpg 18w\" sizes=\"(max-width: 400px) 100vw, 400px\" \/>\t\t\t\t\t\t\t\t\t\t\t\t\t\t\t<\/div>\n\t\t\t\t<\/div>\n\t\t\t\t\t<\/div>\n\t\t<\/div>\n\t\t\t\t\t<\/div>\n\t\t<\/section>\n\t\t\t\t<section class=\"elementor-section elementor-top-section elementor-element elementor-element-207a868 elementor-section-boxed elementor-section-height-default elementor-section-height-default\" data-id=\"207a868\" data-element_type=\"section\" data-e-type=\"section\">\n\t\t\t\t\t\t<div class=\"elementor-container elementor-column-gap-default\">\n\t\t\t\t\t<div class=\"elementor-column elementor-col-50 elementor-top-column elementor-element elementor-element-a1a506e\" data-id=\"a1a506e\" data-element_type=\"column\" data-e-type=\"column\">\n\t\t\t<div class=\"elementor-widget-wrap elementor-element-populated\">\n\t\t\t\t\t\t<div class=\"elementor-element elementor-element-9499602 elementor-widget elementor-widget-image\" data-id=\"9499602\" data-element_type=\"widget\" data-e-type=\"widget\" data-widget_type=\"image.default\">\n\t\t\t\t<div class=\"elementor-widget-container\">\n\t\t\t\t\t\t\t\t\t\t\t\t\t\t\t<img decoding=\"async\" width=\"522\" height=\"522\" src=\"https:\/\/beebipai.ee\/wp-content\/uploads\/2022\/08\/Rinnapiima-sailituskotid.jpg\" class=\"attachment-large size-large wp-image-8395\" alt=\"\" srcset=\"https:\/\/beebipai.ee\/wp-content\/uploads\/2022\/08\/Rinnapiima-sailituskotid.jpg 522w, https:\/\/beebipai.ee\/wp-content\/uploads\/2022\/08\/Rinnapiima-sailituskotid-300x300.jpg 300w, https:\/\/beebipai.ee\/wp-content\/uploads\/2022\/08\/Rinnapiima-sailituskotid-150x150.jpg 150w, https:\/\/beebipai.ee\/wp-content\/uploads\/2022\/08\/Rinnapiima-sailituskotid-12x12.jpg 12w, https:\/\/beebipai.ee\/wp-content\/uploads\/2022\/08\/Rinnapiima-sailituskotid-100x100.jpg 100w\" sizes=\"(max-width: 522px) 100vw, 522px\" \/>\t\t\t\t\t\t\t\t\t\t\t\t\t\t\t<\/div>\n\t\t\t\t<\/div>\n\t\t\t\t\t<\/div>\n\t\t<\/div>\n\t\t\t\t<div class=\"elementor-column elementor-col-50 elementor-top-column elementor-element elementor-element-d04ec9b\" data-id=\"d04ec9b\" data-element_type=\"column\" data-e-type=\"column\">\n\t\t\t<div class=\"elementor-widget-wrap elementor-element-populated\">\n\t\t\t\t\t\t<div class=\"elementor-element elementor-element-89405a6 elementor-widget elementor-widget-text-editor\" data-id=\"89405a6\" data-element_type=\"widget\" data-e-type=\"widget\" data-widget_type=\"text-editor.default\">\n\t\t\t\t<div class=\"elementor-widget-container\">\n\t\t\t\t\t\t\t\t\t<p>Kikkaboo breast milk storage bags are spacious, holding 200 ml of milk. The double fastening makes the breast milk storage bags leak-proof. The storage bags are pre-sterilized, ensuring the purity of the breast milk. The BPA-free storage bags are suitable for both refrigerator and freezer use. Breast milk storage bags are equipped with a temperature sensor, which ensures correct, high-quality and safe storage of breast milk.<\/p><p>Breast milk can be stored at room temperature for 8 hours. You can use the milk expressed in the morning throughout the day.\u00a0<\/p><p>In a normal refrigerator, milk can be stored for 48 hours, it is important to properly cool down the milk.<\/p><p>In the freezer of an ordinary refrigerator (mostly - 18 degrees), breast milk is preserved for 3 months, and in the freezer (above -21 degrees) breast milk is preserved for 6 months<\/p><p>Always use a clean storage bag to store milk. Cool the milk immediately after pumping and do not freeze. Fill 2\/3 of the bag with milk, breast milk expands somewhat when frozen. When thawing milk, it is best to let it thaw at room temperature. If you are in a hurry, a water bath is also good. Breast milk should not be thawed in the microwave. Gently shake the melted breast milk so that the valuable fat settled at the bottom mixes with the rest of the milk. Use the thawed milk within 2 hours. Thawed breast milk must not be frozen again!<\/p>\t\t\t\t\t\t\t\t<\/div>\n\t\t\t\t<\/div>\n\t\t\t\t\t<\/div>\n\t\t<\/div>\n\t\t\t\t\t<\/div>\n\t\t<\/section>\n\t\t\t\t<\/div>","protected":false},"excerpt":{"rendered":"<p>Kikkaboo breast milk storage bags allow you to store precious breast milk for your baby in a deep freeze for up to six months. Breast milk storage bags are equipped with a temperature sensor, which makes breast milk storage correct and safe.<\/p>","protected":false},"featured_media":8395,"template":"","meta":{"_monsterinsights_skip_tracking":false,"_monsterinsights_sitenote_active":false,"_monsterinsights_sitenote_note":"","_monsterinsights_sitenote_category":0,"site-sidebar-layout":"no-sidebar","site-content-layout":"page-builder","ast-site-content-layout":"default","site-content-style":"default","site-sidebar-style":"default","ast-global-header-display":"","ast-banner-title-visibility":"","ast-main-header-display":"","ast-hfb-above-header-display":"","ast-hfb-below-header-display":"","ast-hfb-mobile-header-display":"","site-post-title":"disabled","ast-breadcrumbs-content":"","ast-featured-img":"disabled","footer-sml-layout":"","ast-disable-related-posts":"","theme-transparent-header-meta":"default","adv-header-id-meta":"","stick-header-meta":"","header-above-stick-meta":"","header-main-stick-meta":"","header-below-stick-meta":"","astra-migrate-meta-layouts":"default","ast-page-background-enabled":"default","ast-page-background-meta":{"desktop":{"background-color":"","background-image":"","background-repeat":"repeat","background-position":"center center","background-size":"auto","background-attachment":"scroll","background-type":"","background-media":"","overlay-type":"","overlay-color":"","overlay-opacity":"","overlay-gradient":""},"tablet":{"background-color":"","background-image":"","background-repeat":"repeat","background-position":"center center","background-size":"auto","background-attachment":"scroll","background-type":"","background-media":"","overlay-type":"","overlay-color":"","overlay-opacity":"","overlay-gradient":""},"mobile":{"background-color":"","background-image":"","background-repeat":"repeat","background-position":"center center","background-size":"auto","background-attachment":"scroll","background-type":"","background-media":"","overlay-type":"","overlay-color":"","overlay-opacity":"","overlay-gradient":""}},"ast-content-background-meta":{"desktop":{"background-color":"var(--ast-global-color-5)","background-image":"","background-repeat":"repeat","background-position":"center center","background-size":"auto","background-attachment":"scroll","background-type":"","background-media":"","overlay-type":"","overlay-color":"","overlay-opacity":"","overlay-gradient":""},"tablet":{"background-color":"var(--ast-global-color-5)","background-image":"","background-repeat":"repeat","background-position":"center center","background-size":"auto","background-attachment":"scroll","background-type":"","background-media":"","overlay-type":"","overlay-color":"","overlay-opacity":"","overlay-gradient":""},"mobile":{"background-color":"var(--ast-global-color-5)","background-image":"","background-repeat":"repeat","background-position":"center center","background-size":"auto","background-attachment":"scroll","background-type":"","background-media":"","overlay-type":"","overlay-color":"","overlay-opacity":"","overlay-gradient":""}}},"product_brand":[],"product_cat":[22,103],"product_tag":[],"class_list":{"0":"post-5961","1":"product","2":"type-product","3":"status-publish","4":"has-post-thumbnail","6":"product_cat-emale","7":"product_cat-imetamine","8":"desktop-align-left","9":"tablet-align-left","10":"mobile-align-left","12":"first","13":"instock","14":"taxable","15":"shipping-taxable","16":"purchasable","17":"product-type-variable"},"yoast_head":"<!-- This site is optimized with the Yoast SEO plugin v27.3 - https:\/\/yoast.com\/product\/yoast-seo-wordpress\/ -->\n<title>Kikkaboo rinnapiima s\u00e4ilituskotid temperatuuri sensoriga - Beebipai<\/title>\n<meta name=\"description\" content=\"Kikkaboo rinnapiima s\u00e4ilituskotid s\u00e4ilitavad rinnapiima puhtalt ja turvaliselt. Vaata toodet Kikkaboo rinnapiima s\u00e4ilituskotid temperatuuri sensoriga!\" \/>\n<meta name=\"robots\" content=\"index, follow, max-snippet:-1, max-image-preview:large, max-video-preview:-1\" \/>\n<link rel=\"canonical\" href=\"https:\/\/beebipai.ee\/en\/product\/kikkaboo-rinnapiima-sailituskotid-temperatuuri-sensoriga\/\" \/>\n<meta property=\"og:locale\" content=\"en_US\" \/>\n<meta property=\"og:type\" content=\"article\" \/>\n<meta property=\"og:title\" content=\"Kikkaboo rinnapiima s\u00e4ilituskotid temperatuuri sensoriga - Beebipai\" \/>\n<meta property=\"og:description\" content=\"Kikkaboo rinnapiima s\u00e4ilituskotid s\u00e4ilitavad rinnapiima puhtalt ja turvaliselt. Vaata toodet Kikkaboo rinnapiima s\u00e4ilituskotid temperatuuri sensoriga!\" \/>\n<meta property=\"og:url\" content=\"https:\/\/beebipai.ee\/en\/product\/kikkaboo-rinnapiima-sailituskotid-temperatuuri-sensoriga\/\" \/>\n<meta property=\"og:site_name\" content=\"Beebipai\" \/>\n<meta property=\"article:modified_time\" content=\"2023-08-07T06:02:45+00:00\" \/>\n<meta property=\"og:image\" content=\"https:\/\/beebipai.ee\/wp-content\/uploads\/2022\/08\/Rinnapiima-sailituskotid.jpg\" \/>\n\t<meta property=\"og:image:width\" content=\"522\" \/>\n\t<meta property=\"og:image:height\" content=\"522\" \/>\n\t<meta property=\"og:image:type\" content=\"image\/jpeg\" \/>\n<meta name=\"twitter:card\" content=\"summary_large_image\" \/>\n<meta name=\"twitter:label1\" content=\"Est. reading time\" \/>\n\t<meta name=\"twitter:data1\" content=\"1 minute\" \/>\n<script type=\"application\/ld+json\" class=\"yoast-schema-graph\">{\"@context\":\"https:\\\/\\\/schema.org\",\"@graph\":[{\"@type\":\"WebPage\",\"@id\":\"https:\\\/\\\/beebipai.ee\\\/product\\\/kikkaboo-rinnapiima-sailituskotid-temperatuuri-sensoriga\\\/\",\"url\":\"https:\\\/\\\/beebipai.ee\\\/product\\\/kikkaboo-rinnapiima-sailituskotid-temperatuuri-sensoriga\\\/\",\"name\":\"Kikkaboo rinnapiima s\u00e4ilituskotid temperatuuri sensoriga - Beebipai\",\"isPartOf\":{\"@id\":\"https:\\\/\\\/beebipai.ee\\\/en\\\/#website\"},\"primaryImageOfPage\":{\"@id\":\"https:\\\/\\\/beebipai.ee\\\/product\\\/kikkaboo-rinnapiima-sailituskotid-temperatuuri-sensoriga\\\/#primaryimage\"},\"image\":{\"@id\":\"https:\\\/\\\/beebipai.ee\\\/product\\\/kikkaboo-rinnapiima-sailituskotid-temperatuuri-sensoriga\\\/#primaryimage\"},\"thumbnailUrl\":\"https:\\\/\\\/beebipai.ee\\\/wp-content\\\/uploads\\\/2022\\\/08\\\/Rinnapiima-sailituskotid.jpg\",\"datePublished\":\"2022-08-20T20:50:45+00:00\",\"dateModified\":\"2023-08-07T06:02:45+00:00\",\"description\":\"Kikkaboo rinnapiima s\u00e4ilituskotid s\u00e4ilitavad rinnapiima puhtalt ja turvaliselt. Vaata toodet Kikkaboo rinnapiima s\u00e4ilituskotid temperatuuri sensoriga!\",\"breadcrumb\":{\"@id\":\"https:\\\/\\\/beebipai.ee\\\/product\\\/kikkaboo-rinnapiima-sailituskotid-temperatuuri-sensoriga\\\/#breadcrumb\"},\"inLanguage\":\"en-US\",\"potentialAction\":[{\"@type\":\"ReadAction\",\"target\":[\"https:\\\/\\\/beebipai.ee\\\/product\\\/kikkaboo-rinnapiima-sailituskotid-temperatuuri-sensoriga\\\/\"]}]},{\"@type\":\"ImageObject\",\"inLanguage\":\"en-US\",\"@id\":\"https:\\\/\\\/beebipai.ee\\\/product\\\/kikkaboo-rinnapiima-sailituskotid-temperatuuri-sensoriga\\\/#primaryimage\",\"url\":\"https:\\\/\\\/beebipai.ee\\\/wp-content\\\/uploads\\\/2022\\\/08\\\/Rinnapiima-sailituskotid.jpg\",\"contentUrl\":\"https:\\\/\\\/beebipai.ee\\\/wp-content\\\/uploads\\\/2022\\\/08\\\/Rinnapiima-sailituskotid.jpg\",\"width\":522,\"height\":522},{\"@type\":\"BreadcrumbList\",\"@id\":\"https:\\\/\\\/beebipai.ee\\\/product\\\/kikkaboo-rinnapiima-sailituskotid-temperatuuri-sensoriga\\\/#breadcrumb\",\"itemListElement\":[{\"@type\":\"ListItem\",\"position\":1,\"name\":\"Home\",\"item\":\"https:\\\/\\\/beebipai.ee\\\/\"},{\"@type\":\"ListItem\",\"position\":2,\"name\":\"Pood\",\"item\":\"https:\\\/\\\/beebipai.ee\\\/store\\\/\"},{\"@type\":\"ListItem\",\"position\":3,\"name\":\"Kikkaboo rinnapiima s\u00e4ilituskotid temperatuuri sensoriga\"}]},{\"@type\":\"WebSite\",\"@id\":\"https:\\\/\\\/beebipai.ee\\\/en\\\/#website\",\"url\":\"https:\\\/\\\/beebipai.ee\\\/en\\\/\",\"name\":\"Beebipai\",\"description\":\"Rasedate ja beebide veebipood\",\"potentialAction\":[{\"@type\":\"SearchAction\",\"target\":{\"@type\":\"EntryPoint\",\"urlTemplate\":\"https:\\\/\\\/beebipai.ee\\\/en\\\/?s={search_term_string}\"},\"query-input\":{\"@type\":\"PropertyValueSpecification\",\"valueRequired\":true,\"valueName\":\"search_term_string\"}}],\"inLanguage\":\"en-US\"}]}<\/script>\n<!-- \/ Yoast SEO plugin. -->","yoast_head_json":{"title":"Kikkaboo rinnapiima s\u00e4ilituskotid temperatuuri sensoriga - Beebipai","description":"Kikkaboo rinnapiima s\u00e4ilituskotid s\u00e4ilitavad rinnapiima puhtalt ja turvaliselt. Vaata toodet Kikkaboo rinnapiima s\u00e4ilituskotid temperatuuri sensoriga!","robots":{"index":"index","follow":"follow","max-snippet":"max-snippet:-1","max-image-preview":"max-image-preview:large","max-video-preview":"max-video-preview:-1"},"canonical":"https:\/\/beebipai.ee\/en\/product\/kikkaboo-rinnapiima-sailituskotid-temperatuuri-sensoriga\/","og_locale":"en_US","og_type":"article","og_title":"Kikkaboo rinnapiima s\u00e4ilituskotid temperatuuri sensoriga - Beebipai","og_description":"Kikkaboo rinnapiima s\u00e4ilituskotid s\u00e4ilitavad rinnapiima puhtalt ja turvaliselt. Vaata toodet Kikkaboo rinnapiima s\u00e4ilituskotid temperatuuri sensoriga!","og_url":"https:\/\/beebipai.ee\/en\/product\/kikkaboo-rinnapiima-sailituskotid-temperatuuri-sensoriga\/","og_site_name":"Beebipai","article_modified_time":"2023-08-07T06:02:45+00:00","og_image":[{"width":522,"height":522,"url":"https:\/\/beebipai.ee\/wp-content\/uploads\/2022\/08\/Rinnapiima-sailituskotid.jpg","type":"image\/jpeg"}],"twitter_card":"summary_large_image","twitter_misc":{"Est. reading time":"1 minute"},"schema":{"@context":"https:\/\/schema.org","@graph":[{"@type":"WebPage","@id":"https:\/\/beebipai.ee\/product\/kikkaboo-rinnapiima-sailituskotid-temperatuuri-sensoriga\/","url":"https:\/\/beebipai.ee\/product\/kikkaboo-rinnapiima-sailituskotid-temperatuuri-sensoriga\/","name":"Kikkaboo rinnapiima s\u00e4ilituskotid temperatuuri sensoriga - Beebipai","isPartOf":{"@id":"https:\/\/beebipai.ee\/en\/#website"},"primaryImageOfPage":{"@id":"https:\/\/beebipai.ee\/product\/kikkaboo-rinnapiima-sailituskotid-temperatuuri-sensoriga\/#primaryimage"},"image":{"@id":"https:\/\/beebipai.ee\/product\/kikkaboo-rinnapiima-sailituskotid-temperatuuri-sensoriga\/#primaryimage"},"thumbnailUrl":"https:\/\/beebipai.ee\/wp-content\/uploads\/2022\/08\/Rinnapiima-sailituskotid.jpg","datePublished":"2022-08-20T20:50:45+00:00","dateModified":"2023-08-07T06:02:45+00:00","description":"Kikkaboo rinnapiima s\u00e4ilituskotid s\u00e4ilitavad rinnapiima puhtalt ja turvaliselt. Vaata toodet Kikkaboo rinnapiima s\u00e4ilituskotid temperatuuri sensoriga!","breadcrumb":{"@id":"https:\/\/beebipai.ee\/product\/kikkaboo-rinnapiima-sailituskotid-temperatuuri-sensoriga\/#breadcrumb"},"inLanguage":"en-US","potentialAction":[{"@type":"ReadAction","target":["https:\/\/beebipai.ee\/product\/kikkaboo-rinnapiima-sailituskotid-temperatuuri-sensoriga\/"]}]},{"@type":"ImageObject","inLanguage":"en-US","@id":"https:\/\/beebipai.ee\/product\/kikkaboo-rinnapiima-sailituskotid-temperatuuri-sensoriga\/#primaryimage","url":"https:\/\/beebipai.ee\/wp-content\/uploads\/2022\/08\/Rinnapiima-sailituskotid.jpg","contentUrl":"https:\/\/beebipai.ee\/wp-content\/uploads\/2022\/08\/Rinnapiima-sailituskotid.jpg","width":522,"height":522},{"@type":"BreadcrumbList","@id":"https:\/\/beebipai.ee\/product\/kikkaboo-rinnapiima-sailituskotid-temperatuuri-sensoriga\/#breadcrumb","itemListElement":[{"@type":"ListItem","position":1,"name":"Home","item":"https:\/\/beebipai.ee\/"},{"@type":"ListItem","position":2,"name":"Pood","item":"https:\/\/beebipai.ee\/store\/"},{"@type":"ListItem","position":3,"name":"Kikkaboo rinnapiima s\u00e4ilituskotid temperatuuri sensoriga"}]},{"@type":"WebSite","@id":"https:\/\/beebipai.ee\/en\/#website","url":"https:\/\/beebipai.ee\/en\/","name":"Beebipai","description":"Rasedate ja beebide veebipood","potentialAction":[{"@type":"SearchAction","target":{"@type":"EntryPoint","urlTemplate":"https:\/\/beebipai.ee\/en\/?s={search_term_string}"},"query-input":{"@type":"PropertyValueSpecification","valueRequired":true,"valueName":"search_term_string"}}],"inLanguage":"en-US"}]}},"_links":{"self":[{"href":"https:\/\/beebipai.ee\/en\/wp-json\/wp\/v2\/product\/5961","targetHints":{"allow":["GET"]}}],"collection":[{"href":"https:\/\/beebipai.ee\/en\/wp-json\/wp\/v2\/product"}],"about":[{"href":"https:\/\/beebipai.ee\/en\/wp-json\/wp\/v2\/types\/product"}],"version-history":[{"count":5,"href":"https:\/\/beebipai.ee\/en\/wp-json\/wp\/v2\/product\/5961\/revisions"}],"predecessor-version":[{"id":8399,"href":"https:\/\/beebipai.ee\/en\/wp-json\/wp\/v2\/product\/5961\/revisions\/8399"}],"wp:featuredmedia":[{"embeddable":true,"href":"https:\/\/beebipai.ee\/en\/wp-json\/wp\/v2\/media\/8395"}],"wp:attachment":[{"href":"https:\/\/beebipai.ee\/en\/wp-json\/wp\/v2\/media?parent=5961"}],"wp:term":[{"taxonomy":"product_brand","embeddable":true,"href":"https:\/\/beebipai.ee\/en\/wp-json\/wp\/v2\/product_brand?post=5961"},{"taxonomy":"product_cat","embeddable":true,"href":"https:\/\/beebipai.ee\/en\/wp-json\/wp\/v2\/product_cat?post=5961"},{"taxonomy":"product_tag","embeddable":true,"href":"https:\/\/beebipai.ee\/en\/wp-json\/wp\/v2\/product_tag?post=5961"}],"curies":[{"name":"wp","href":"https:\/\/api.w.org\/{rel}","templated":true}]}}