{"id":5813,"date":"2022-08-14T23:48:53","date_gmt":"2022-08-14T20:48:53","guid":{"rendered":"https:\/\/www.beebipai.ee\/?post_type=product&#038;p=5813"},"modified":"2024-07-03T00:29:57","modified_gmt":"2024-07-02T21:29:57","slug":"seraphine-vabaaja-puksid-rasedatele-2tk-pakis","status":"publish","type":"product","link":"https:\/\/beebipai.ee\/en\/product\/seraphine-vabaaja-puksid-rasedatele-2tk-pakis\/","title":{"rendered":"Seraphine casual pants for pregnant women, 2 in a pack"},"content":{"rendered":"<div data-elementor-type=\"wp-post\" data-elementor-id=\"5813\" class=\"elementor elementor-5813\">\n\t\t\t\t\t\t<section class=\"elementor-section elementor-top-section elementor-element elementor-element-207fd5a elementor-section-boxed elementor-section-height-default elementor-section-height-default\" data-id=\"207fd5a\" data-element_type=\"section\" data-e-type=\"section\">\n\t\t\t\t\t\t<div class=\"elementor-container elementor-column-gap-default\">\n\t\t\t\t\t<div class=\"elementor-column elementor-col-33 elementor-top-column elementor-element elementor-element-32b7c1e\" data-id=\"32b7c1e\" data-element_type=\"column\" data-e-type=\"column\">\n\t\t\t<div class=\"elementor-widget-wrap elementor-element-populated\">\n\t\t\t\t\t\t<div class=\"elementor-element elementor-element-f1d5e10 elementor-widget elementor-widget-heading\" data-id=\"f1d5e10\" data-element_type=\"widget\" data-e-type=\"widget\" data-widget_type=\"heading.default\">\n\t\t\t\t<div class=\"elementor-widget-container\">\n\t\t\t\t\t<h2 class=\"elementor-heading-title elementor-size-default\">Seraphine casual pants for pregnant women<\/h2>\t\t\t\t<\/div>\n\t\t\t\t<\/div>\n\t\t\t\t<div class=\"elementor-element elementor-element-2bbce45 elementor-widget elementor-widget-text-editor\" data-id=\"2bbce45\" data-element_type=\"widget\" data-e-type=\"widget\" data-widget_type=\"text-editor.default\">\n\t\t\t\t<div class=\"elementor-widget-container\">\n\t\t\t\t\t\t\t\t\t<p>Seraphine casual pants for pregnant women are made of soft and stretchy viscose. The softness and stretchability of the material make the pants comfortable to wear in any pregnancy size. The pants have a separate panel for the growing belly, which can be worn both above and below the stomach. There is also a drawstring to adjust the waist.\u00a0<\/p><p>The material of the pants is light, loose and airy. They don't make you sweat, so the pants are comfortable even in warm weather.<\/p><p>Seraphine casual pants are also suitable to be worn in the postpartum period due to the stretchy and soft material.<\/p>\t\t\t\t\t\t\t\t<\/div>\n\t\t\t\t<\/div>\n\t\t\t\t\t<\/div>\n\t\t<\/div>\n\t\t\t\t<div class=\"elementor-column elementor-col-33 elementor-top-column elementor-element elementor-element-a1476c4\" data-id=\"a1476c4\" data-element_type=\"column\" data-e-type=\"column\">\n\t\t\t<div class=\"elementor-widget-wrap elementor-element-populated\">\n\t\t\t\t\t\t<div class=\"elementor-element elementor-element-e2db478 elementor-widget elementor-widget-image\" data-id=\"e2db478\" data-element_type=\"widget\" data-e-type=\"widget\" data-widget_type=\"image.default\">\n\t\t\t\t<div class=\"elementor-widget-container\">\n\t\t\t\t\t\t\t\t\t\t\t\t\t\t\t<img fetchpriority=\"high\" decoding=\"async\" width=\"400\" height=\"513\" src=\"https:\/\/beebipai.ee\/wp-content\/uploads\/2022\/08\/Seraphine-vabaaja-puksid-rasedatele6-e1660510406404.jpeg\" class=\"attachment-large size-large wp-image-5822\" alt=\"\" srcset=\"https:\/\/beebipai.ee\/wp-content\/uploads\/2022\/08\/Seraphine-vabaaja-puksid-rasedatele6-e1660510406404.jpeg 400w, https:\/\/beebipai.ee\/wp-content\/uploads\/2022\/08\/Seraphine-vabaaja-puksid-rasedatele6-e1660510406404-234x300.jpeg 234w, https:\/\/beebipai.ee\/wp-content\/uploads\/2022\/08\/Seraphine-vabaaja-puksid-rasedatele6-e1660510406404-9x12.jpeg 9w\" sizes=\"(max-width: 400px) 100vw, 400px\" \/>\t\t\t\t\t\t\t\t\t\t\t\t\t\t\t<\/div>\n\t\t\t\t<\/div>\n\t\t\t\t\t<\/div>\n\t\t<\/div>\n\t\t\t\t<div class=\"elementor-column elementor-col-33 elementor-top-column elementor-element elementor-element-e68d54f\" data-id=\"e68d54f\" data-element_type=\"column\" data-e-type=\"column\">\n\t\t\t<div class=\"elementor-widget-wrap elementor-element-populated\">\n\t\t\t\t\t\t<div class=\"elementor-element elementor-element-e4105d9 elementor-widget elementor-widget-text-editor\" data-id=\"e4105d9\" data-element_type=\"widget\" data-e-type=\"widget\" data-widget_type=\"text-editor.default\">\n\t\t\t\t<div class=\"elementor-widget-container\">\n\t\t\t\t\t\t\t\t\t<p>Seraphine casual pants for pregnant women are easy to care for. They are easy to wash and dry quickly. However, in order for them to retain their beautiful appearance for a long time, pay attention to some maintenance recommendations:<\/p>\t\t\t\t\t\t\t\t<\/div>\n\t\t\t\t<\/div>\n\t\t\t\t<div class=\"elementor-element elementor-element-bede94d elementor-icon-list--layout-traditional elementor-list-item-link-full_width elementor-widget elementor-widget-icon-list\" data-id=\"bede94d\" data-element_type=\"widget\" data-e-type=\"widget\" data-widget_type=\"icon-list.default\">\n\t\t\t\t<div class=\"elementor-widget-container\">\n\t\t\t\t\t\t\t<ul class=\"elementor-icon-list-items\">\n\t\t\t\t\t\t\t<li class=\"elementor-icon-list-item\">\n\t\t\t\t\t\t\t\t\t\t\t<span class=\"elementor-icon-list-icon\">\n\t\t\t\t\t\t\t<i aria-hidden=\"true\" class=\"fas fa-check\"><\/i>\t\t\t\t\t\t<\/span>\n\t\t\t\t\t\t\t\t\t\t<span class=\"elementor-icon-list-text\">Machine washable at 30 degrees<\/span>\n\t\t\t\t\t\t\t\t\t<\/li>\n\t\t\t\t\t\t\t\t<li class=\"elementor-icon-list-item\">\n\t\t\t\t\t\t\t\t\t\t\t<span class=\"elementor-icon-list-icon\">\n\t\t\t\t\t\t\t<i aria-hidden=\"true\" class=\"fas fa-check\"><\/i>\t\t\t\t\t\t<\/span>\n\t\t\t\t\t\t\t\t\t\t<span class=\"elementor-icon-list-text\">Do not bleach<\/span>\n\t\t\t\t\t\t\t\t\t<\/li>\n\t\t\t\t\t\t\t\t<li class=\"elementor-icon-list-item\">\n\t\t\t\t\t\t\t\t\t\t\t<span class=\"elementor-icon-list-icon\">\n\t\t\t\t\t\t\t<i aria-hidden=\"true\" class=\"fas fa-check\"><\/i>\t\t\t\t\t\t<\/span>\n\t\t\t\t\t\t\t\t\t\t<span class=\"elementor-icon-list-text\">Do not tumble dry<\/span>\n\t\t\t\t\t\t\t\t\t<\/li>\n\t\t\t\t\t\t\t\t<li class=\"elementor-icon-list-item\">\n\t\t\t\t\t\t\t\t\t\t\t<span class=\"elementor-icon-list-icon\">\n\t\t\t\t\t\t\t<i aria-hidden=\"true\" class=\"fas fa-check\"><\/i>\t\t\t\t\t\t<\/span>\n\t\t\t\t\t\t\t\t\t\t<span class=\"elementor-icon-list-text\">Do not use dry cleaning<\/span>\n\t\t\t\t\t\t\t\t\t<\/li>\n\t\t\t\t\t\t\t\t<li class=\"elementor-icon-list-item\">\n\t\t\t\t\t\t\t\t\t\t\t<span class=\"elementor-icon-list-icon\">\n\t\t\t\t\t\t\t<i aria-hidden=\"true\" class=\"fas fa-check\"><\/i>\t\t\t\t\t\t<\/span>\n\t\t\t\t\t\t\t\t\t\t<span class=\"elementor-icon-list-text\">Iron on medium heat<\/span>\n\t\t\t\t\t\t\t\t\t<\/li>\n\t\t\t\t\t\t<\/ul>\n\t\t\t\t\t\t<\/div>\n\t\t\t\t<\/div>\n\t\t\t\t\t<\/div>\n\t\t<\/div>\n\t\t\t\t\t<\/div>\n\t\t<\/section>\n\t\t\t\t<\/div>","protected":false},"excerpt":{"rendered":"<p>Seraphine casual pants for pregnant women are comfortable and practical. Suitable both for the entire period of pregnancy and for the postpartum period.<\/p>","protected":false},"featured_media":5818,"template":"","meta":{"_monsterinsights_skip_tracking":false,"_monsterinsights_sitenote_active":false,"_monsterinsights_sitenote_note":"","_monsterinsights_sitenote_category":0,"site-sidebar-layout":"no-sidebar","site-content-layout":"page-builder","ast-site-content-layout":"full-width-container","site-content-style":"unboxed","site-sidebar-style":"unboxed","ast-global-header-display":"","ast-banner-title-visibility":"","ast-main-header-display":"","ast-hfb-above-header-display":"","ast-hfb-below-header-display":"","ast-hfb-mobile-header-display":"","site-post-title":"disabled","ast-breadcrumbs-content":"","ast-featured-img":"disabled","footer-sml-layout":"","ast-disable-related-posts":"","theme-transparent-header-meta":"default","adv-header-id-meta":"","stick-header-meta":"","header-above-stick-meta":"","header-main-stick-meta":"","header-below-stick-meta":"","astra-migrate-meta-layouts":"set","ast-page-background-enabled":"default","ast-page-background-meta":{"desktop":{"background-color":"","background-image":"","background-repeat":"repeat","background-position":"center center","background-size":"auto","background-attachment":"scroll","background-type":"","background-media":"","overlay-type":"","overlay-color":"","overlay-opacity":"","overlay-gradient":""},"tablet":{"background-color":"","background-image":"","background-repeat":"repeat","background-position":"center center","background-size":"auto","background-attachment":"scroll","background-type":"","background-media":"","overlay-type":"","overlay-color":"","overlay-opacity":"","overlay-gradient":""},"mobile":{"background-color":"","background-image":"","background-repeat":"repeat","background-position":"center center","background-size":"auto","background-attachment":"scroll","background-type":"","background-media":"","overlay-type":"","overlay-color":"","overlay-opacity":"","overlay-gradient":""}},"ast-content-background-meta":{"desktop":{"background-color":"var(--ast-global-color-5)","background-image":"","background-repeat":"repeat","background-position":"center center","background-size":"auto","background-attachment":"scroll","background-type":"","background-media":"","overlay-type":"","overlay-color":"","overlay-opacity":"","overlay-gradient":""},"tablet":{"background-color":"var(--ast-global-color-5)","background-image":"","background-repeat":"repeat","background-position":"center center","background-size":"auto","background-attachment":"scroll","background-type":"","background-media":"","overlay-type":"","overlay-color":"","overlay-opacity":"","overlay-gradient":""},"mobile":{"background-color":"var(--ast-global-color-5)","background-image":"","background-repeat":"repeat","background-position":"center center","background-size":"auto","background-attachment":"scroll","background-type":"","background-media":"","overlay-type":"","overlay-color":"","overlay-opacity":"","overlay-gradient":""}}},"product_brand":[],"product_cat":[22,133],"product_tag":[],"class_list":{"0":"post-5813","1":"product","2":"type-product","3":"status-publish","4":"has-post-thumbnail","6":"product_cat-emale","7":"product_cat-riided-rasedatele-ja-rinnaga-toitvatele-emadele","8":"desktop-align-left","9":"tablet-align-left","10":"mobile-align-left","12":"first","13":"outofstock","14":"sale","15":"taxable","16":"shipping-taxable","17":"purchasable","18":"product-type-variable"},"yoast_head":"<!-- This site is optimized with the Yoast SEO plugin v27.4 - https:\/\/yoast.com\/product\/yoast-seo-wordpress\/ -->\n<title>Seraphine vabaaja p\u00fcksid rasedatele, 2tk pakis - Beebipai<\/title>\n<meta name=\"description\" content=\"Seraphine vabaaja p\u00fcksid rasedatele on mugavad ja praktilised terveks raseduse perioodiks. Vaata toodet Seraphine vabaaja p\u00fcksid rasedatele!\" \/>\n<meta name=\"robots\" content=\"index, follow, max-snippet:-1, max-image-preview:large, max-video-preview:-1\" \/>\n<link rel=\"canonical\" href=\"https:\/\/beebipai.ee\/en\/product\/seraphine-vabaaja-puksid-rasedatele-2tk-pakis\/\" \/>\n<meta property=\"og:locale\" content=\"en_US\" \/>\n<meta property=\"og:type\" content=\"article\" \/>\n<meta property=\"og:title\" content=\"Seraphine vabaaja p\u00fcksid rasedatele, 2tk pakis - Beebipai\" \/>\n<meta property=\"og:description\" content=\"Seraphine vabaaja p\u00fcksid rasedatele on mugavad ja praktilised terveks raseduse perioodiks. Vaata toodet Seraphine vabaaja p\u00fcksid rasedatele!\" \/>\n<meta property=\"og:url\" content=\"https:\/\/beebipai.ee\/en\/product\/seraphine-vabaaja-puksid-rasedatele-2tk-pakis\/\" \/>\n<meta property=\"og:site_name\" content=\"Beebipai\" \/>\n<meta property=\"article:modified_time\" content=\"2024-07-02T21:29:57+00:00\" \/>\n<meta property=\"og:image\" content=\"https:\/\/beebipai.ee\/wp-content\/uploads\/2022\/08\/Seraphine-vabaaja-puksid-rasedatele.jpeg\" \/>\n\t<meta property=\"og:image:width\" content=\"586\" \/>\n\t<meta property=\"og:image:height\" content=\"750\" \/>\n\t<meta property=\"og:image:type\" content=\"image\/jpeg\" \/>\n<meta name=\"twitter:card\" content=\"summary_large_image\" \/>\n<meta name=\"twitter:label1\" content=\"Est. reading time\" \/>\n\t<meta name=\"twitter:data1\" content=\"1 minute\" \/>\n<script type=\"application\/ld+json\" class=\"yoast-schema-graph\">{\"@context\":\"https:\\\/\\\/schema.org\",\"@graph\":[{\"@type\":\"WebPage\",\"@id\":\"https:\\\/\\\/beebipai.ee\\\/product\\\/seraphine-vabaaja-puksid-rasedatele-2tk-pakis\\\/\",\"url\":\"https:\\\/\\\/beebipai.ee\\\/product\\\/seraphine-vabaaja-puksid-rasedatele-2tk-pakis\\\/\",\"name\":\"Seraphine vabaaja p\u00fcksid rasedatele, 2tk pakis - Beebipai\",\"isPartOf\":{\"@id\":\"https:\\\/\\\/beebipai.ee\\\/en\\\/#website\"},\"primaryImageOfPage\":{\"@id\":\"https:\\\/\\\/beebipai.ee\\\/product\\\/seraphine-vabaaja-puksid-rasedatele-2tk-pakis\\\/#primaryimage\"},\"image\":{\"@id\":\"https:\\\/\\\/beebipai.ee\\\/product\\\/seraphine-vabaaja-puksid-rasedatele-2tk-pakis\\\/#primaryimage\"},\"thumbnailUrl\":\"https:\\\/\\\/beebipai.ee\\\/wp-content\\\/uploads\\\/2022\\\/08\\\/Seraphine-vabaaja-puksid-rasedatele.jpeg\",\"datePublished\":\"2022-08-14T20:48:53+00:00\",\"dateModified\":\"2024-07-02T21:29:57+00:00\",\"description\":\"Seraphine vabaaja p\u00fcksid rasedatele on mugavad ja praktilised terveks raseduse perioodiks. Vaata toodet Seraphine vabaaja p\u00fcksid rasedatele!\",\"breadcrumb\":{\"@id\":\"https:\\\/\\\/beebipai.ee\\\/product\\\/seraphine-vabaaja-puksid-rasedatele-2tk-pakis\\\/#breadcrumb\"},\"inLanguage\":\"en-US\",\"potentialAction\":[{\"@type\":\"ReadAction\",\"target\":[\"https:\\\/\\\/beebipai.ee\\\/product\\\/seraphine-vabaaja-puksid-rasedatele-2tk-pakis\\\/\"]}]},{\"@type\":\"ImageObject\",\"inLanguage\":\"en-US\",\"@id\":\"https:\\\/\\\/beebipai.ee\\\/product\\\/seraphine-vabaaja-puksid-rasedatele-2tk-pakis\\\/#primaryimage\",\"url\":\"https:\\\/\\\/beebipai.ee\\\/wp-content\\\/uploads\\\/2022\\\/08\\\/Seraphine-vabaaja-puksid-rasedatele.jpeg\",\"contentUrl\":\"https:\\\/\\\/beebipai.ee\\\/wp-content\\\/uploads\\\/2022\\\/08\\\/Seraphine-vabaaja-puksid-rasedatele.jpeg\",\"width\":586,\"height\":750},{\"@type\":\"BreadcrumbList\",\"@id\":\"https:\\\/\\\/beebipai.ee\\\/product\\\/seraphine-vabaaja-puksid-rasedatele-2tk-pakis\\\/#breadcrumb\",\"itemListElement\":[{\"@type\":\"ListItem\",\"position\":1,\"name\":\"Home\",\"item\":\"https:\\\/\\\/beebipai.ee\\\/\"},{\"@type\":\"ListItem\",\"position\":2,\"name\":\"Pood\",\"item\":\"https:\\\/\\\/beebipai.ee\\\/store\\\/\"},{\"@type\":\"ListItem\",\"position\":3,\"name\":\"Seraphine vabaaja p\u00fcksid rasedatele, 2tk pakis\"}]},{\"@type\":\"WebSite\",\"@id\":\"https:\\\/\\\/beebipai.ee\\\/en\\\/#website\",\"url\":\"https:\\\/\\\/beebipai.ee\\\/en\\\/\",\"name\":\"Beebipai\",\"description\":\"Rasedate ja beebide veebipood\",\"potentialAction\":[{\"@type\":\"SearchAction\",\"target\":{\"@type\":\"EntryPoint\",\"urlTemplate\":\"https:\\\/\\\/beebipai.ee\\\/en\\\/?s={search_term_string}\"},\"query-input\":{\"@type\":\"PropertyValueSpecification\",\"valueRequired\":true,\"valueName\":\"search_term_string\"}}],\"inLanguage\":\"en-US\"}]}<\/script>\n<!-- \/ Yoast SEO plugin. -->","yoast_head_json":{"title":"Seraphine vabaaja p\u00fcksid rasedatele, 2tk pakis - Beebipai","description":"Seraphine vabaaja p\u00fcksid rasedatele on mugavad ja praktilised terveks raseduse perioodiks. Vaata toodet Seraphine vabaaja p\u00fcksid rasedatele!","robots":{"index":"index","follow":"follow","max-snippet":"max-snippet:-1","max-image-preview":"max-image-preview:large","max-video-preview":"max-video-preview:-1"},"canonical":"https:\/\/beebipai.ee\/en\/product\/seraphine-vabaaja-puksid-rasedatele-2tk-pakis\/","og_locale":"en_US","og_type":"article","og_title":"Seraphine vabaaja p\u00fcksid rasedatele, 2tk pakis - Beebipai","og_description":"Seraphine vabaaja p\u00fcksid rasedatele on mugavad ja praktilised terveks raseduse perioodiks. Vaata toodet Seraphine vabaaja p\u00fcksid rasedatele!","og_url":"https:\/\/beebipai.ee\/en\/product\/seraphine-vabaaja-puksid-rasedatele-2tk-pakis\/","og_site_name":"Beebipai","article_modified_time":"2024-07-02T21:29:57+00:00","og_image":[{"width":586,"height":750,"url":"https:\/\/beebipai.ee\/wp-content\/uploads\/2022\/08\/Seraphine-vabaaja-puksid-rasedatele.jpeg","type":"image\/jpeg"}],"twitter_card":"summary_large_image","twitter_misc":{"Est. reading time":"1 minute"},"schema":{"@context":"https:\/\/schema.org","@graph":[{"@type":"WebPage","@id":"https:\/\/beebipai.ee\/product\/seraphine-vabaaja-puksid-rasedatele-2tk-pakis\/","url":"https:\/\/beebipai.ee\/product\/seraphine-vabaaja-puksid-rasedatele-2tk-pakis\/","name":"Seraphine vabaaja p\u00fcksid rasedatele, 2tk pakis - Beebipai","isPartOf":{"@id":"https:\/\/beebipai.ee\/en\/#website"},"primaryImageOfPage":{"@id":"https:\/\/beebipai.ee\/product\/seraphine-vabaaja-puksid-rasedatele-2tk-pakis\/#primaryimage"},"image":{"@id":"https:\/\/beebipai.ee\/product\/seraphine-vabaaja-puksid-rasedatele-2tk-pakis\/#primaryimage"},"thumbnailUrl":"https:\/\/beebipai.ee\/wp-content\/uploads\/2022\/08\/Seraphine-vabaaja-puksid-rasedatele.jpeg","datePublished":"2022-08-14T20:48:53+00:00","dateModified":"2024-07-02T21:29:57+00:00","description":"Seraphine vabaaja p\u00fcksid rasedatele on mugavad ja praktilised terveks raseduse perioodiks. Vaata toodet Seraphine vabaaja p\u00fcksid rasedatele!","breadcrumb":{"@id":"https:\/\/beebipai.ee\/product\/seraphine-vabaaja-puksid-rasedatele-2tk-pakis\/#breadcrumb"},"inLanguage":"en-US","potentialAction":[{"@type":"ReadAction","target":["https:\/\/beebipai.ee\/product\/seraphine-vabaaja-puksid-rasedatele-2tk-pakis\/"]}]},{"@type":"ImageObject","inLanguage":"en-US","@id":"https:\/\/beebipai.ee\/product\/seraphine-vabaaja-puksid-rasedatele-2tk-pakis\/#primaryimage","url":"https:\/\/beebipai.ee\/wp-content\/uploads\/2022\/08\/Seraphine-vabaaja-puksid-rasedatele.jpeg","contentUrl":"https:\/\/beebipai.ee\/wp-content\/uploads\/2022\/08\/Seraphine-vabaaja-puksid-rasedatele.jpeg","width":586,"height":750},{"@type":"BreadcrumbList","@id":"https:\/\/beebipai.ee\/product\/seraphine-vabaaja-puksid-rasedatele-2tk-pakis\/#breadcrumb","itemListElement":[{"@type":"ListItem","position":1,"name":"Home","item":"https:\/\/beebipai.ee\/"},{"@type":"ListItem","position":2,"name":"Pood","item":"https:\/\/beebipai.ee\/store\/"},{"@type":"ListItem","position":3,"name":"Seraphine vabaaja p\u00fcksid rasedatele, 2tk pakis"}]},{"@type":"WebSite","@id":"https:\/\/beebipai.ee\/en\/#website","url":"https:\/\/beebipai.ee\/en\/","name":"Beebipai","description":"Rasedate ja beebide veebipood","potentialAction":[{"@type":"SearchAction","target":{"@type":"EntryPoint","urlTemplate":"https:\/\/beebipai.ee\/en\/?s={search_term_string}"},"query-input":{"@type":"PropertyValueSpecification","valueRequired":true,"valueName":"search_term_string"}}],"inLanguage":"en-US"}]}},"_links":{"self":[{"href":"https:\/\/beebipai.ee\/en\/wp-json\/wp\/v2\/product\/5813","targetHints":{"allow":["GET"]}}],"collection":[{"href":"https:\/\/beebipai.ee\/en\/wp-json\/wp\/v2\/product"}],"about":[{"href":"https:\/\/beebipai.ee\/en\/wp-json\/wp\/v2\/types\/product"}],"version-history":[{"count":5,"href":"https:\/\/beebipai.ee\/en\/wp-json\/wp\/v2\/product\/5813\/revisions"}],"predecessor-version":[{"id":10309,"href":"https:\/\/beebipai.ee\/en\/wp-json\/wp\/v2\/product\/5813\/revisions\/10309"}],"wp:featuredmedia":[{"embeddable":true,"href":"https:\/\/beebipai.ee\/en\/wp-json\/wp\/v2\/media\/5818"}],"wp:attachment":[{"href":"https:\/\/beebipai.ee\/en\/wp-json\/wp\/v2\/media?parent=5813"}],"wp:term":[{"taxonomy":"product_brand","embeddable":true,"href":"https:\/\/beebipai.ee\/en\/wp-json\/wp\/v2\/product_brand?post=5813"},{"taxonomy":"product_cat","embeddable":true,"href":"https:\/\/beebipai.ee\/en\/wp-json\/wp\/v2\/product_cat?post=5813"},{"taxonomy":"product_tag","embeddable":true,"href":"https:\/\/beebipai.ee\/en\/wp-json\/wp\/v2\/product_tag?post=5813"}],"curies":[{"name":"wp","href":"https:\/\/api.w.org\/{rel}","templated":true}]}}