{"id":5170,"date":"2022-07-01T15:02:23","date_gmt":"2022-07-01T12:02:23","guid":{"rendered":"https:\/\/beebipai.ee\/?post_type=product&#038;p=5170"},"modified":"2022-08-10T03:30:59","modified_gmt":"2022-08-10T00:30:59","slug":"neobulle-orgaaniline-saasetorjevahend-beebidele-20-ml","status":"publish","type":"product","link":"https:\/\/beebipai.ee\/en\/product\/neobulle-orgaaniline-saasetorjevahend-beebidele-20-ml\/","title":{"rendered":"Neobulle organic mosquito repellent for babies, 20 ml"},"content":{"rendered":"<div data-elementor-type=\"wp-post\" data-elementor-id=\"5170\" class=\"elementor elementor-5170\">\n\t\t\t\t\t\t<section class=\"elementor-section elementor-top-section elementor-element elementor-element-e46c61f elementor-section-boxed elementor-section-height-default elementor-section-height-default\" data-id=\"e46c61f\" data-element_type=\"section\" data-e-type=\"section\">\n\t\t\t\t\t\t<div class=\"elementor-container elementor-column-gap-default\">\n\t\t\t\t\t<div class=\"elementor-column elementor-col-50 elementor-top-column elementor-element elementor-element-6b26519\" data-id=\"6b26519\" data-element_type=\"column\" data-e-type=\"column\">\n\t\t\t<div class=\"elementor-widget-wrap elementor-element-populated\">\n\t\t\t\t\t\t<div class=\"elementor-element elementor-element-bcf20b6 elementor-widget elementor-widget-heading\" data-id=\"bcf20b6\" data-element_type=\"widget\" data-e-type=\"widget\" data-widget_type=\"heading.default\">\n\t\t\t\t<div class=\"elementor-widget-container\">\n\t\t\t\t\t<h2 class=\"elementor-heading-title elementor-size-default\">Neobulle organic mosquito repellent for babies<\/h2>\t\t\t\t<\/div>\n\t\t\t\t<\/div>\n\t\t\t\t<div class=\"elementor-element elementor-element-9a18d93 elementor-widget elementor-widget-text-editor\" data-id=\"9a18d93\" data-element_type=\"widget\" data-e-type=\"widget\" data-widget_type=\"text-editor.default\">\n\t\t\t\t<div class=\"elementor-widget-container\">\n\t\t\t\t\t\t\t\t\t<p>Soojad suvep\u00e4evad toovad kaasa s\u00e4\u00e4sed, parmud, herilased jt hammustavad putukad.\u00a0 Pea iga putukahammustusega kaasneb naha\u00e4rritus, millest annab m\u00e4rku punetav punn nahal. Olenemata punni suurusest p\u00f5hjustab hammustuse koht valu ja s\u00fcgelust.<\/p><p>A baby's skin is much more delicate than that of an adult, so it can react much more intensely to an insect bite. Post-bite cubs tend to be larger and more red. The baby may become restless, eating and sleeping may be disturbed and there may be unexplained crying.\u00a0\u00a0<\/p><p>The size of the bulge and the intensity of the signs of irritation depend on the area where the bite was bitten. Areas with firmer skin, such as fingers, give fewer signs of irritation. At the same time, in the area of the eye with delicate skin, the reaction can be much stronger.<\/p>\t\t\t\t\t\t\t\t<\/div>\n\t\t\t\t<\/div>\n\t\t\t\t\t<\/div>\n\t\t<\/div>\n\t\t\t\t<div class=\"elementor-column elementor-col-50 elementor-top-column elementor-element elementor-element-275dbd5\" data-id=\"275dbd5\" data-element_type=\"column\" data-e-type=\"column\">\n\t\t\t<div class=\"elementor-widget-wrap elementor-element-populated\">\n\t\t\t\t\t\t<div class=\"elementor-element elementor-element-9216dbd elementor-widget elementor-widget-image\" data-id=\"9216dbd\" data-element_type=\"widget\" data-e-type=\"widget\" data-widget_type=\"image.default\">\n\t\t\t\t<div class=\"elementor-widget-container\">\n\t\t\t\t\t\t\t\t\t\t\t\t\t\t\t<img fetchpriority=\"high\" decoding=\"async\" width=\"400\" height=\"253\" src=\"https:\/\/beebipai.ee\/wp-content\/uploads\/2022\/07\/Neobulle-orgaaniline-saasetorjevahend-beebidele3-e1656677443532.jpg\" class=\"attachment-medium_large size-medium_large wp-image-5176\" alt=\"\" srcset=\"https:\/\/beebipai.ee\/wp-content\/uploads\/2022\/07\/Neobulle-orgaaniline-saasetorjevahend-beebidele3-e1656677443532.jpg 400w, https:\/\/beebipai.ee\/wp-content\/uploads\/2022\/07\/Neobulle-orgaaniline-saasetorjevahend-beebidele3-e1656677443532-300x190.jpg 300w, https:\/\/beebipai.ee\/wp-content\/uploads\/2022\/07\/Neobulle-orgaaniline-saasetorjevahend-beebidele3-e1656677443532-18x12.jpg 18w\" sizes=\"(max-width: 400px) 100vw, 400px\" \/>\t\t\t\t\t\t\t\t\t\t\t\t\t\t\t<\/div>\n\t\t\t\t<\/div>\n\t\t\t\t\t<\/div>\n\t\t<\/div>\n\t\t\t\t\t<\/div>\n\t\t<\/section>\n\t\t\t\t<section class=\"elementor-section elementor-top-section elementor-element elementor-element-e3fc846 elementor-section-boxed elementor-section-height-default elementor-section-height-default\" data-id=\"e3fc846\" data-element_type=\"section\" data-e-type=\"section\">\n\t\t\t\t\t\t<div class=\"elementor-container elementor-column-gap-default\">\n\t\t\t\t\t<div class=\"elementor-column elementor-col-50 elementor-top-column elementor-element elementor-element-16fcf94\" data-id=\"16fcf94\" data-element_type=\"column\" data-e-type=\"column\">\n\t\t\t<div class=\"elementor-widget-wrap elementor-element-populated\">\n\t\t\t\t\t\t<div class=\"elementor-element elementor-element-3872218 elementor-widget elementor-widget-image\" data-id=\"3872218\" data-element_type=\"widget\" data-e-type=\"widget\" data-widget_type=\"image.default\">\n\t\t\t\t<div class=\"elementor-widget-container\">\n\t\t\t\t\t\t\t\t\t\t\t\t\t\t\t<img decoding=\"async\" width=\"400\" height=\"400\" src=\"https:\/\/beebipai.ee\/wp-content\/uploads\/2022\/07\/Neobulle-orgaaniline-saasetorjevahend-beebidele-e1656678064260.webp\" class=\"attachment-large size-large wp-image-5171\" alt=\"\" srcset=\"https:\/\/beebipai.ee\/wp-content\/uploads\/2022\/07\/Neobulle-orgaaniline-saasetorjevahend-beebidele-e1656678064260.webp 400w, https:\/\/beebipai.ee\/wp-content\/uploads\/2022\/07\/Neobulle-orgaaniline-saasetorjevahend-beebidele-e1656678064260-300x300.webp 300w, https:\/\/beebipai.ee\/wp-content\/uploads\/2022\/07\/Neobulle-orgaaniline-saasetorjevahend-beebidele-e1656678064260-150x150.webp 150w, https:\/\/beebipai.ee\/wp-content\/uploads\/2022\/07\/Neobulle-orgaaniline-saasetorjevahend-beebidele-e1656678064260-12x12.webp 12w, https:\/\/beebipai.ee\/wp-content\/uploads\/2022\/07\/Neobulle-orgaaniline-saasetorjevahend-beebidele-e1656678064260-100x100.webp 100w\" sizes=\"(max-width: 400px) 100vw, 400px\" \/>\t\t\t\t\t\t\t\t\t\t\t\t\t\t\t<\/div>\n\t\t\t\t<\/div>\n\t\t\t\t\t<\/div>\n\t\t<\/div>\n\t\t\t\t<div class=\"elementor-column elementor-col-50 elementor-top-column elementor-element elementor-element-0e78bff\" data-id=\"0e78bff\" data-element_type=\"column\" data-e-type=\"column\">\n\t\t\t<div class=\"elementor-widget-wrap elementor-element-populated\">\n\t\t\t\t\t\t<div class=\"elementor-element elementor-element-ea8da61 elementor-widget elementor-widget-text-editor\" data-id=\"ea8da61\" data-element_type=\"widget\" data-e-type=\"widget\" data-widget_type=\"text-editor.default\">\n\t\t\t\t<div class=\"elementor-widget-container\">\n\t\t\t\t\t\t\t\t\t<p>The most effective way to deal with insect bites is to avoid them as much as possible.\u00a0<\/p><p>Neobulle organic mosquito repellent for babies contains only organic dry oils and essential oils. Does not contain alcohol or preservatives. It is effective against mosquitoes, cockroaches, ticks and wasps.<\/p><p>It is a gentle and healthy option for the delicate skin of the baby. Lightly textured oil absorbs quickly, does not leave the skin greasy and does not stain clothes.<\/p><p>Spray evenly on exposed body parts. Avoid getting the oil in the eyes, wounds, mouth and mucous membranes. For external use only! The effect lasts at least 5 hours. Suitable for use by babies from the 3rd month of life and pregnant women from the 3rd month of pregnancy<\/p>\t\t\t\t\t\t\t\t<\/div>\n\t\t\t\t<\/div>\n\t\t\t\t\t<\/div>\n\t\t<\/div>\n\t\t\t\t\t<\/div>\n\t\t<\/section>\n\t\t\t\t<\/div>","protected":false},"excerpt":{"rendered":"<p>Neobulle organic mosquito repellent is suitable for babies from the 3rd month of age. The composition of Neobulle mosquito repellent is suitable for the delicate and sensitive skin of the baby. Effectively protects against insect bites for at least 5 hours. Also suitable for use during pregnancy from the 3rd month of pregnancy.<\/p>\n<p>100% of the assembly parts come from organic farming<\/p>\n<p>Produced in France<\/p>","protected":false},"featured_media":5633,"template":"","meta":{"_monsterinsights_skip_tracking":false,"_monsterinsights_sitenote_active":false,"_monsterinsights_sitenote_note":"","_monsterinsights_sitenote_category":0,"site-sidebar-layout":"no-sidebar","site-content-layout":"page-builder","ast-site-content-layout":"default","site-content-style":"default","site-sidebar-style":"default","ast-global-header-display":"","ast-banner-title-visibility":"","ast-main-header-display":"","ast-hfb-above-header-display":"","ast-hfb-below-header-display":"","ast-hfb-mobile-header-display":"","site-post-title":"disabled","ast-breadcrumbs-content":"","ast-featured-img":"disabled","footer-sml-layout":"","ast-disable-related-posts":"","theme-transparent-header-meta":"default","adv-header-id-meta":"","stick-header-meta":"","header-above-stick-meta":"","header-main-stick-meta":"","header-below-stick-meta":"","astra-migrate-meta-layouts":"default","ast-page-background-enabled":"default","ast-page-background-meta":{"desktop":{"background-color":"","background-image":"","background-repeat":"repeat","background-position":"center center","background-size":"auto","background-attachment":"scroll","background-type":"","background-media":"","overlay-type":"","overlay-color":"","overlay-opacity":"","overlay-gradient":""},"tablet":{"background-color":"","background-image":"","background-repeat":"repeat","background-position":"center center","background-size":"auto","background-attachment":"scroll","background-type":"","background-media":"","overlay-type":"","overlay-color":"","overlay-opacity":"","overlay-gradient":""},"mobile":{"background-color":"","background-image":"","background-repeat":"repeat","background-position":"center center","background-size":"auto","background-attachment":"scroll","background-type":"","background-media":"","overlay-type":"","overlay-color":"","overlay-opacity":"","overlay-gradient":""}},"ast-content-background-meta":{"desktop":{"background-color":"var(--ast-global-color-5)","background-image":"","background-repeat":"repeat","background-position":"center center","background-size":"auto","background-attachment":"scroll","background-type":"","background-media":"","overlay-type":"","overlay-color":"","overlay-opacity":"","overlay-gradient":""},"tablet":{"background-color":"var(--ast-global-color-5)","background-image":"","background-repeat":"repeat","background-position":"center center","background-size":"auto","background-attachment":"scroll","background-type":"","background-media":"","overlay-type":"","overlay-color":"","overlay-opacity":"","overlay-gradient":""},"mobile":{"background-color":"var(--ast-global-color-5)","background-image":"","background-repeat":"repeat","background-position":"center center","background-size":"auto","background-attachment":"scroll","background-type":"","background-media":"","overlay-type":"","overlay-color":"","overlay-opacity":"","overlay-gradient":""}}},"product_brand":[],"product_cat":[23,100,111,135],"product_tag":[],"class_list":{"0":"post-5170","1":"product","2":"type-product","3":"status-publish","4":"has-post-thumbnail","6":"product_cat-beebile","7":"product_cat-hooldus-emale","8":"product_cat-saasetorje-putukahammustused-vigastused","9":"product_cat-tervisemurede-leevend","10":"desktop-align-left","11":"tablet-align-left","12":"mobile-align-left","14":"first","15":"instock","16":"taxable","17":"shipping-taxable","18":"purchasable","19":"product-type-simple"},"yoast_head":"<!-- This site is optimized with the Yoast SEO plugin v27.4 - https:\/\/yoast.com\/product\/yoast-seo-wordpress\/ -->\n<title>Neobulle orgaaniline s\u00e4\u00e4set\u00f5rjevahend beebidele, 20 ml - Beebipai<\/title>\n<meta name=\"description\" content=\"Neobulle orgaaniline s\u00e4\u00e4set\u00f5rjevahend beebidele kaitseb beebi nahka s\u00e4\u00e4sehammustuste eest. Vaata toodet Neobulle orgaaniline s\u00e4\u00e4set\u00f5rjevahend beebidele!\" \/>\n<meta name=\"robots\" content=\"index, follow, max-snippet:-1, max-image-preview:large, max-video-preview:-1\" \/>\n<link rel=\"canonical\" href=\"https:\/\/beebipai.ee\/en\/product\/neobulle-orgaaniline-saasetorjevahend-beebidele-20-ml\/\" \/>\n<meta property=\"og:locale\" content=\"en_US\" \/>\n<meta property=\"og:type\" content=\"article\" \/>\n<meta property=\"og:title\" content=\"Neobulle orgaaniline s\u00e4\u00e4set\u00f5rjevahend beebidele, 20 ml - Beebipai\" \/>\n<meta property=\"og:description\" content=\"Neobulle orgaaniline s\u00e4\u00e4set\u00f5rjevahend beebidele kaitseb beebi nahka s\u00e4\u00e4sehammustuste eest. Vaata toodet Neobulle orgaaniline s\u00e4\u00e4set\u00f5rjevahend beebidele!\" \/>\n<meta property=\"og:url\" content=\"https:\/\/beebipai.ee\/en\/product\/neobulle-orgaaniline-saasetorjevahend-beebidele-20-ml\/\" \/>\n<meta property=\"og:site_name\" content=\"Beebipai\" \/>\n<meta property=\"article:modified_time\" content=\"2022-08-10T00:30:59+00:00\" \/>\n<meta property=\"og:image\" content=\"https:\/\/beebipai.ee\/wp-content\/uploads\/2022\/07\/IMG-8554-2-scaled.jpg\" \/>\n\t<meta property=\"og:image:width\" content=\"2560\" \/>\n\t<meta property=\"og:image:height\" content=\"1118\" \/>\n\t<meta property=\"og:image:type\" content=\"image\/jpeg\" \/>\n<meta name=\"twitter:card\" content=\"summary_large_image\" \/>\n<meta name=\"twitter:label1\" content=\"Est. reading time\" \/>\n\t<meta name=\"twitter:data1\" content=\"2 minutes\" \/>\n<script type=\"application\/ld+json\" class=\"yoast-schema-graph\">{\"@context\":\"https:\\\/\\\/schema.org\",\"@graph\":[{\"@type\":\"WebPage\",\"@id\":\"https:\\\/\\\/beebipai.ee\\\/ru\\\/product\\\/neobulle-orgaaniline-saasetorjevahend-beebidele-20-ml\\\/\",\"url\":\"https:\\\/\\\/beebipai.ee\\\/ru\\\/product\\\/neobulle-orgaaniline-saasetorjevahend-beebidele-20-ml\\\/\",\"name\":\"Neobulle orgaaniline s\u00e4\u00e4set\u00f5rjevahend beebidele, 20 ml - Beebipai\",\"isPartOf\":{\"@id\":\"https:\\\/\\\/beebipai.ee\\\/en\\\/#website\"},\"primaryImageOfPage\":{\"@id\":\"https:\\\/\\\/beebipai.ee\\\/ru\\\/product\\\/neobulle-orgaaniline-saasetorjevahend-beebidele-20-ml\\\/#primaryimage\"},\"image\":{\"@id\":\"https:\\\/\\\/beebipai.ee\\\/ru\\\/product\\\/neobulle-orgaaniline-saasetorjevahend-beebidele-20-ml\\\/#primaryimage\"},\"thumbnailUrl\":\"https:\\\/\\\/beebipai.ee\\\/wp-content\\\/uploads\\\/2022\\\/07\\\/IMG-8554-2-scaled.jpg\",\"datePublished\":\"2022-07-01T12:02:23+00:00\",\"dateModified\":\"2022-08-10T00:30:59+00:00\",\"description\":\"Neobulle orgaaniline s\u00e4\u00e4set\u00f5rjevahend beebidele kaitseb beebi nahka s\u00e4\u00e4sehammustuste eest. Vaata toodet Neobulle orgaaniline s\u00e4\u00e4set\u00f5rjevahend beebidele!\",\"breadcrumb\":{\"@id\":\"https:\\\/\\\/beebipai.ee\\\/ru\\\/product\\\/neobulle-orgaaniline-saasetorjevahend-beebidele-20-ml\\\/#breadcrumb\"},\"inLanguage\":\"en-US\",\"potentialAction\":[{\"@type\":\"ReadAction\",\"target\":[\"https:\\\/\\\/beebipai.ee\\\/ru\\\/product\\\/neobulle-orgaaniline-saasetorjevahend-beebidele-20-ml\\\/\"]}]},{\"@type\":\"ImageObject\",\"inLanguage\":\"en-US\",\"@id\":\"https:\\\/\\\/beebipai.ee\\\/ru\\\/product\\\/neobulle-orgaaniline-saasetorjevahend-beebidele-20-ml\\\/#primaryimage\",\"url\":\"https:\\\/\\\/beebipai.ee\\\/wp-content\\\/uploads\\\/2022\\\/07\\\/IMG-8554-2-scaled.jpg\",\"contentUrl\":\"https:\\\/\\\/beebipai.ee\\\/wp-content\\\/uploads\\\/2022\\\/07\\\/IMG-8554-2-scaled.jpg\",\"width\":2560,\"height\":1118},{\"@type\":\"BreadcrumbList\",\"@id\":\"https:\\\/\\\/beebipai.ee\\\/ru\\\/product\\\/neobulle-orgaaniline-saasetorjevahend-beebidele-20-ml\\\/#breadcrumb\",\"itemListElement\":[{\"@type\":\"ListItem\",\"position\":1,\"name\":\"Home\",\"item\":\"https:\\\/\\\/beebipai.ee\\\/\"},{\"@type\":\"ListItem\",\"position\":2,\"name\":\"Pood\",\"item\":\"https:\\\/\\\/beebipai.ee\\\/store\\\/\"},{\"@type\":\"ListItem\",\"position\":3,\"name\":\"Neobulle orgaaniline s\u00e4\u00e4set\u00f5rjevahend beebidele, 20 ml\"}]},{\"@type\":\"WebSite\",\"@id\":\"https:\\\/\\\/beebipai.ee\\\/en\\\/#website\",\"url\":\"https:\\\/\\\/beebipai.ee\\\/en\\\/\",\"name\":\"Beebipai\",\"description\":\"Rasedate ja beebide veebipood\",\"potentialAction\":[{\"@type\":\"SearchAction\",\"target\":{\"@type\":\"EntryPoint\",\"urlTemplate\":\"https:\\\/\\\/beebipai.ee\\\/en\\\/?s={search_term_string}\"},\"query-input\":{\"@type\":\"PropertyValueSpecification\",\"valueRequired\":true,\"valueName\":\"search_term_string\"}}],\"inLanguage\":\"en-US\"}]}<\/script>\n<!-- \/ Yoast SEO plugin. -->","yoast_head_json":{"title":"Neobulle orgaaniline s\u00e4\u00e4set\u00f5rjevahend beebidele, 20 ml - Beebipai","description":"Neobulle orgaaniline s\u00e4\u00e4set\u00f5rjevahend beebidele kaitseb beebi nahka s\u00e4\u00e4sehammustuste eest. Vaata toodet Neobulle orgaaniline s\u00e4\u00e4set\u00f5rjevahend beebidele!","robots":{"index":"index","follow":"follow","max-snippet":"max-snippet:-1","max-image-preview":"max-image-preview:large","max-video-preview":"max-video-preview:-1"},"canonical":"https:\/\/beebipai.ee\/en\/product\/neobulle-orgaaniline-saasetorjevahend-beebidele-20-ml\/","og_locale":"en_US","og_type":"article","og_title":"Neobulle orgaaniline s\u00e4\u00e4set\u00f5rjevahend beebidele, 20 ml - Beebipai","og_description":"Neobulle orgaaniline s\u00e4\u00e4set\u00f5rjevahend beebidele kaitseb beebi nahka s\u00e4\u00e4sehammustuste eest. Vaata toodet Neobulle orgaaniline s\u00e4\u00e4set\u00f5rjevahend beebidele!","og_url":"https:\/\/beebipai.ee\/en\/product\/neobulle-orgaaniline-saasetorjevahend-beebidele-20-ml\/","og_site_name":"Beebipai","article_modified_time":"2022-08-10T00:30:59+00:00","og_image":[{"width":2560,"height":1118,"url":"https:\/\/beebipai.ee\/wp-content\/uploads\/2022\/07\/IMG-8554-2-scaled.jpg","type":"image\/jpeg"}],"twitter_card":"summary_large_image","twitter_misc":{"Est. reading time":"2 minutes"},"schema":{"@context":"https:\/\/schema.org","@graph":[{"@type":"WebPage","@id":"https:\/\/beebipai.ee\/ru\/product\/neobulle-orgaaniline-saasetorjevahend-beebidele-20-ml\/","url":"https:\/\/beebipai.ee\/ru\/product\/neobulle-orgaaniline-saasetorjevahend-beebidele-20-ml\/","name":"Neobulle orgaaniline s\u00e4\u00e4set\u00f5rjevahend beebidele, 20 ml - Beebipai","isPartOf":{"@id":"https:\/\/beebipai.ee\/en\/#website"},"primaryImageOfPage":{"@id":"https:\/\/beebipai.ee\/ru\/product\/neobulle-orgaaniline-saasetorjevahend-beebidele-20-ml\/#primaryimage"},"image":{"@id":"https:\/\/beebipai.ee\/ru\/product\/neobulle-orgaaniline-saasetorjevahend-beebidele-20-ml\/#primaryimage"},"thumbnailUrl":"https:\/\/beebipai.ee\/wp-content\/uploads\/2022\/07\/IMG-8554-2-scaled.jpg","datePublished":"2022-07-01T12:02:23+00:00","dateModified":"2022-08-10T00:30:59+00:00","description":"Neobulle orgaaniline s\u00e4\u00e4set\u00f5rjevahend beebidele kaitseb beebi nahka s\u00e4\u00e4sehammustuste eest. Vaata toodet Neobulle orgaaniline s\u00e4\u00e4set\u00f5rjevahend beebidele!","breadcrumb":{"@id":"https:\/\/beebipai.ee\/ru\/product\/neobulle-orgaaniline-saasetorjevahend-beebidele-20-ml\/#breadcrumb"},"inLanguage":"en-US","potentialAction":[{"@type":"ReadAction","target":["https:\/\/beebipai.ee\/ru\/product\/neobulle-orgaaniline-saasetorjevahend-beebidele-20-ml\/"]}]},{"@type":"ImageObject","inLanguage":"en-US","@id":"https:\/\/beebipai.ee\/ru\/product\/neobulle-orgaaniline-saasetorjevahend-beebidele-20-ml\/#primaryimage","url":"https:\/\/beebipai.ee\/wp-content\/uploads\/2022\/07\/IMG-8554-2-scaled.jpg","contentUrl":"https:\/\/beebipai.ee\/wp-content\/uploads\/2022\/07\/IMG-8554-2-scaled.jpg","width":2560,"height":1118},{"@type":"BreadcrumbList","@id":"https:\/\/beebipai.ee\/ru\/product\/neobulle-orgaaniline-saasetorjevahend-beebidele-20-ml\/#breadcrumb","itemListElement":[{"@type":"ListItem","position":1,"name":"Home","item":"https:\/\/beebipai.ee\/"},{"@type":"ListItem","position":2,"name":"Pood","item":"https:\/\/beebipai.ee\/store\/"},{"@type":"ListItem","position":3,"name":"Neobulle orgaaniline s\u00e4\u00e4set\u00f5rjevahend beebidele, 20 ml"}]},{"@type":"WebSite","@id":"https:\/\/beebipai.ee\/en\/#website","url":"https:\/\/beebipai.ee\/en\/","name":"Beebipai","description":"Rasedate ja beebide veebipood","potentialAction":[{"@type":"SearchAction","target":{"@type":"EntryPoint","urlTemplate":"https:\/\/beebipai.ee\/en\/?s={search_term_string}"},"query-input":{"@type":"PropertyValueSpecification","valueRequired":true,"valueName":"search_term_string"}}],"inLanguage":"en-US"}]}},"_links":{"self":[{"href":"https:\/\/beebipai.ee\/en\/wp-json\/wp\/v2\/product\/5170","targetHints":{"allow":["GET"]}}],"collection":[{"href":"https:\/\/beebipai.ee\/en\/wp-json\/wp\/v2\/product"}],"about":[{"href":"https:\/\/beebipai.ee\/en\/wp-json\/wp\/v2\/types\/product"}],"version-history":[{"count":5,"href":"https:\/\/beebipai.ee\/en\/wp-json\/wp\/v2\/product\/5170\/revisions"}],"predecessor-version":[{"id":5744,"href":"https:\/\/beebipai.ee\/en\/wp-json\/wp\/v2\/product\/5170\/revisions\/5744"}],"wp:featuredmedia":[{"embeddable":true,"href":"https:\/\/beebipai.ee\/en\/wp-json\/wp\/v2\/media\/5633"}],"wp:attachment":[{"href":"https:\/\/beebipai.ee\/en\/wp-json\/wp\/v2\/media?parent=5170"}],"wp:term":[{"taxonomy":"product_brand","embeddable":true,"href":"https:\/\/beebipai.ee\/en\/wp-json\/wp\/v2\/product_brand?post=5170"},{"taxonomy":"product_cat","embeddable":true,"href":"https:\/\/beebipai.ee\/en\/wp-json\/wp\/v2\/product_cat?post=5170"},{"taxonomy":"product_tag","embeddable":true,"href":"https:\/\/beebipai.ee\/en\/wp-json\/wp\/v2\/product_tag?post=5170"}],"curies":[{"name":"wp","href":"https:\/\/api.w.org\/{rel}","templated":true}]}}