{"id":4904,"date":"2022-06-25T15:22:37","date_gmt":"2022-06-25T12:22:37","guid":{"rendered":"https:\/\/beebipai.ee\/?post_type=product&#038;p=4904"},"modified":"2024-06-02T23:53:21","modified_gmt":"2024-06-02T20:53:21","slug":"neobulle-kohukott-3-15kg","status":"publish","type":"product","link":"https:\/\/beebipai.ee\/en\/product\/neobulle-kohukott-3-15kg\/","title":{"rendered":"Neobulle ergonomic belly bag, for 3-15kg child"},"content":{"rendered":"<div data-elementor-type=\"wp-post\" data-elementor-id=\"4904\" class=\"elementor elementor-4904\">\n\t\t\t\t\t\t<section class=\"elementor-section elementor-top-section elementor-element elementor-element-b75cd04 elementor-section-boxed elementor-section-height-default elementor-section-height-default\" data-id=\"b75cd04\" data-element_type=\"section\" data-e-type=\"section\">\n\t\t\t\t\t\t<div class=\"elementor-container elementor-column-gap-default\">\n\t\t\t\t\t<div class=\"elementor-column elementor-col-50 elementor-top-column elementor-element elementor-element-d7a9ef5\" data-id=\"d7a9ef5\" data-element_type=\"column\" data-e-type=\"column\">\n\t\t\t<div class=\"elementor-widget-wrap elementor-element-populated\">\n\t\t\t\t\t\t<div class=\"elementor-element elementor-element-64ae2a4 elementor-widget elementor-widget-heading\" data-id=\"64ae2a4\" data-element_type=\"widget\" data-e-type=\"widget\" data-widget_type=\"heading.default\">\n\t\t\t\t<div class=\"elementor-widget-container\">\n\t\t\t\t\t<h2 class=\"elementor-heading-title elementor-size-default\">Neobulle ergonomic belly bag<\/h2>\t\t\t\t<\/div>\n\t\t\t\t<\/div>\n\t\t\t\t<div class=\"elementor-element elementor-element-cbba286 elementor-widget elementor-widget-text-editor\" data-id=\"cbba286\" data-element_type=\"widget\" data-e-type=\"widget\" data-widget_type=\"text-editor.default\">\n\t\t\t\t<div class=\"elementor-widget-container\">\n\t\t\t\t\t\t\t\t\t<p>The abdominal baby carrier is the best-known and most widely used way of carrying a baby. The abdominal baby carrier is easy to install, does not require the skill of tying or setting, but at the same time carries all the benefits of a baby wrap<\/p><p>Being in the tummy bag gives the baby the opportunity to explore the world safely and in the safest place - close to its closest person. A safe environment promotes the baby's motor, cognitive and emotional development. Children who are carried cry less, are more satisfied, sleep better, become independent faster, are more confident and trust themselves and those around them more. In addition, carrying in a tummy bag also stimulates the baby's sense of balance and movement. An important place for babies is the so-called the frog position, which is the most natural and physiological position for them, promoting the child's physical development, including the hips.<\/p><p>Carrying a baby in a belly bag is also convenient for the mother\/father, giving more freedom of movement. With your hands free, you can deal with your usual tasks, while keeping your baby close to you securely and protected. Movement is practical and safe even in narrow conditions, such as city streets, public transport, stairs, etc.\u00a0<\/p><p>The greatest value of carrying a child close to you, however, is the moments spent together \u2013 close to each other, discovering, learning and experiencing the world together. It lays the cornerstone of a trusting and close relationship for life.<\/p>\t\t\t\t\t\t\t\t<\/div>\n\t\t\t\t<\/div>\n\t\t\t\t\t<\/div>\n\t\t<\/div>\n\t\t\t\t<div class=\"elementor-column elementor-col-50 elementor-top-column elementor-element elementor-element-f9c5593\" data-id=\"f9c5593\" data-element_type=\"column\" data-e-type=\"column\">\n\t\t\t<div class=\"elementor-widget-wrap elementor-element-populated\">\n\t\t\t\t\t\t<div class=\"elementor-element elementor-element-3eebbcf elementor-widget elementor-widget-image\" data-id=\"3eebbcf\" data-element_type=\"widget\" data-e-type=\"widget\" data-widget_type=\"image.default\">\n\t\t\t\t<div class=\"elementor-widget-container\">\n\t\t\t\t\t\t\t\t\t\t\t\t\t\t\t<img fetchpriority=\"high\" decoding=\"async\" width=\"768\" height=\"768\" src=\"https:\/\/beebipai.ee\/wp-content\/uploads\/2022\/06\/Neobulle-kohukott-must3-768x768.jpg\" class=\"attachment-medium_large size-medium_large wp-image-4913\" alt=\"\" srcset=\"https:\/\/beebipai.ee\/wp-content\/uploads\/2022\/06\/Neobulle-kohukott-must3-768x768.jpg 768w, https:\/\/beebipai.ee\/wp-content\/uploads\/2022\/06\/Neobulle-kohukott-must3-e1656161002935-300x300.jpg 300w, https:\/\/beebipai.ee\/wp-content\/uploads\/2022\/06\/Neobulle-kohukott-must3-e1656161002935-150x150.jpg 150w, https:\/\/beebipai.ee\/wp-content\/uploads\/2022\/06\/Neobulle-kohukott-must3-e1656161002935-12x12.jpg 12w, https:\/\/beebipai.ee\/wp-content\/uploads\/2022\/06\/Neobulle-kohukott-must3-600x600.jpg 600w, https:\/\/beebipai.ee\/wp-content\/uploads\/2022\/06\/Neobulle-kohukott-must3-e1656161002935-100x100.jpg 100w, https:\/\/beebipai.ee\/wp-content\/uploads\/2022\/06\/Neobulle-kohukott-must3-e1656161002935.jpg 400w\" sizes=\"(max-width: 768px) 100vw, 768px\" \/>\t\t\t\t\t\t\t\t\t\t\t\t\t\t\t<\/div>\n\t\t\t\t<\/div>\n\t\t\t\t\t<\/div>\n\t\t<\/div>\n\t\t\t\t\t<\/div>\n\t\t<\/section>\n\t\t\t\t<section class=\"elementor-section elementor-top-section elementor-element elementor-element-b30054a elementor-section-boxed elementor-section-height-default elementor-section-height-default\" data-id=\"b30054a\" data-element_type=\"section\" data-e-type=\"section\">\n\t\t\t\t\t\t<div class=\"elementor-container elementor-column-gap-default\">\n\t\t\t\t\t<div class=\"elementor-column elementor-col-50 elementor-top-column elementor-element elementor-element-5ac896c\" data-id=\"5ac896c\" data-element_type=\"column\" data-e-type=\"column\">\n\t\t\t<div class=\"elementor-widget-wrap elementor-element-populated\">\n\t\t\t\t\t\t<div class=\"elementor-element elementor-element-0841937 elementor-widget elementor-widget-text-editor\" data-id=\"0841937\" data-element_type=\"widget\" data-e-type=\"widget\" data-widget_type=\"text-editor.default\">\n\t\t\t\t<div class=\"elementor-widget-container\">\n\t\t\t\t\t\t\t\t\t<p>Neobulle My Neo ergonoomilne k\u00f5hukott on \u00fclikerge, j\u00e4rjest suureneva t\u00f6\u00f6koormusega kohanev, innovaatiline ja \u00fclilihtsalt kasutatav k\u00f5hukott. T\u00e4nu 3D kudumistehnikale on ta sujuv ja kohandub h\u00e4sti beebi kehaga.<\/p><p>Neobulle ergonoomilne k\u00f5hukott on f\u00fcsioloogiline, intuitiivne ja uuenduslikult eelvormitud. Sobib alates lapse s\u00fcnnist ja kasvab koos\u00a0 lapse vajadustega kuni lapse 1 eluaastani.\u00a0 Neobulle k\u00f5hukoti\u00a0 seljatagune tagab lapse f\u00fcsiololoogiliselt kumera ehk C-t\u00e4he kuju. Selja sirgeks viimine lapsel tekitab seljale sundasendi ning koos sellega r\u00fchivead ja lihaspinged. K\u00f5hukoti lai istumisalus viib lapse jalad konnaasendisse ehk M-t\u00e4he asendisse. See asend on vajalik lapse puusaliigeste arenguks.\u00a0 Lapse pepu vajub kangap\u00f5hja, allapoole p\u00f5lvi, viies koormuse seljalt ja andes puusaliigestele f\u00fcsioloogilise asendi. Neobulle ergonoomiline k\u00f5hukott on heaks kiidetud Rahvusvahelise Puusad\u00fcsplaasia Instituudi poolt.\u00a0<\/p><p>The neobulle baby carrier is quick and easy to install, it is enough just to fasten the clamp. The straps, both shoulder and waist, are adjustable. The height of the seat and seat is also adjustable.\u00a0 Padded shoulder straps provide comfort to the wearer.\u00a0 A wide belt leads to the weight from the wearer's pelvis. The fabric is soft, breathable and comfortable with 100% recycled polyamide.<\/p><p>Neobulle baby carrier allows you to carry the baby both on the abdomen and on the back. Ideal for everyday use. There is no time limit, also suitable for longer walks.\u00a0<\/p><p>Machine washable at 30 degrees. Tiny stains are removed with a damp cloth.\u00a0<\/p><p>Neobulle My Neo baby carrier is extremely environmental friendly. The baby carrier is made of 100% recycled polyamide. Not increasing greenhouse gases, conserving non-renewable natural resources, reducing the ecological impact of biodegradable waste. The yarn used is GRS certified.<\/p>\t\t\t\t\t\t\t\t<\/div>\n\t\t\t\t<\/div>\n\t\t\t\t\t<\/div>\n\t\t<\/div>\n\t\t\t\t<div class=\"elementor-column elementor-col-50 elementor-top-column elementor-element elementor-element-c7d8a85\" data-id=\"c7d8a85\" data-element_type=\"column\" data-e-type=\"column\">\n\t\t\t<div class=\"elementor-widget-wrap elementor-element-populated\">\n\t\t\t\t\t\t<div class=\"elementor-element elementor-element-c646c14 elementor-widget elementor-widget-image\" data-id=\"c646c14\" data-element_type=\"widget\" data-e-type=\"widget\" data-widget_type=\"image.default\">\n\t\t\t\t<div class=\"elementor-widget-container\">\n\t\t\t\t\t\t\t\t\t\t\t\t\t\t\t<img decoding=\"async\" width=\"400\" height=\"400\" src=\"https:\/\/beebipai.ee\/wp-content\/uploads\/2022\/06\/Neobulle-kohukott-must-e1656161114615.jpg\" class=\"attachment-large size-large wp-image-4910\" alt=\"\" srcset=\"https:\/\/beebipai.ee\/wp-content\/uploads\/2022\/06\/Neobulle-kohukott-must-e1656161114615.jpg 400w, https:\/\/beebipai.ee\/wp-content\/uploads\/2022\/06\/Neobulle-kohukott-must-e1656161114615-300x300.jpg 300w, https:\/\/beebipai.ee\/wp-content\/uploads\/2022\/06\/Neobulle-kohukott-must-e1656161114615-150x150.jpg 150w, https:\/\/beebipai.ee\/wp-content\/uploads\/2022\/06\/Neobulle-kohukott-must-e1656161114615-12x12.jpg 12w, https:\/\/beebipai.ee\/wp-content\/uploads\/2022\/06\/Neobulle-kohukott-must-e1656161114615-100x100.jpg 100w\" sizes=\"(max-width: 400px) 100vw, 400px\" \/>\t\t\t\t\t\t\t\t\t\t\t\t\t\t\t<\/div>\n\t\t\t\t<\/div>\n\t\t\t\t\t<\/div>\n\t\t<\/div>\n\t\t\t\t\t<\/div>\n\t\t<\/section>\n\t\t\t\t<section class=\"elementor-section elementor-top-section elementor-element elementor-element-8840adb elementor-section-boxed elementor-section-height-default elementor-section-height-default\" data-id=\"8840adb\" data-element_type=\"section\" data-e-type=\"section\">\n\t\t\t\t\t\t<div class=\"elementor-container elementor-column-gap-default\">\n\t\t\t\t\t<div class=\"elementor-column elementor-col-100 elementor-top-column elementor-element elementor-element-fcb1ea5\" data-id=\"fcb1ea5\" data-element_type=\"column\" data-e-type=\"column\">\n\t\t\t<div class=\"elementor-widget-wrap elementor-element-populated\">\n\t\t\t\t\t\t<div class=\"elementor-element elementor-element-e49c656 elementor-widget elementor-widget-video\" data-id=\"e49c656\" data-element_type=\"widget\" data-e-type=\"widget\" data-settings=\"{&quot;youtube_url&quot;:&quot;https:\\\/\\\/www.youtube.com\\\/watch?v=blv0vUxURtU&quot;,&quot;video_type&quot;:&quot;youtube&quot;,&quot;controls&quot;:&quot;yes&quot;}\" data-widget_type=\"video.default\">\n\t\t\t\t<div class=\"elementor-widget-container\">\n\t\t\t\t\t\t\t<div class=\"elementor-wrapper elementor-open-inline\">\n\t\t\t<div class=\"elementor-video\"><\/div>\t\t<\/div>\n\t\t\t\t\t\t<\/div>\n\t\t\t\t<\/div>\n\t\t\t\t\t<\/div>\n\t\t<\/div>\n\t\t\t\t\t<\/div>\n\t\t<\/section>\n\t\t\t\t<\/div>","protected":false},"excerpt":{"rendered":"<p>The Neobulle My Neo ergonomic tummy bag allows the child to be carried comfortably and safely, while supporting the child's physiological position and development. Gives the wearer freedom of movement and the opportunity to carry out daily tasks while being with the child. Supports the closeness of the child and parent and creates emotional satisfaction from the time spent with the child.<\/p>\n<p>The Neobulle ergonomic belly bag is recognized by the International Hip Dysplasia Institute as a belly bag that supports physiological hip position and development.<\/p>\n<p>Made in France<\/p>","protected":false},"featured_media":4918,"template":"","meta":{"_monsterinsights_skip_tracking":false,"_monsterinsights_sitenote_active":false,"_monsterinsights_sitenote_note":"","_monsterinsights_sitenote_category":0,"site-sidebar-layout":"no-sidebar","site-content-layout":"page-builder","ast-site-content-layout":"full-width-container","site-content-style":"unboxed","site-sidebar-style":"unboxed","ast-global-header-display":"","ast-banner-title-visibility":"","ast-main-header-display":"","ast-hfb-above-header-display":"","ast-hfb-below-header-display":"","ast-hfb-mobile-header-display":"","site-post-title":"disabled","ast-breadcrumbs-content":"","ast-featured-img":"disabled","footer-sml-layout":"","ast-disable-related-posts":"","theme-transparent-header-meta":"default","adv-header-id-meta":"","stick-header-meta":"","header-above-stick-meta":"","header-main-stick-meta":"","header-below-stick-meta":"","astra-migrate-meta-layouts":"set","ast-page-background-enabled":"default","ast-page-background-meta":{"desktop":{"background-color":"","background-image":"","background-repeat":"repeat","background-position":"center center","background-size":"auto","background-attachment":"scroll","background-type":"","background-media":"","overlay-type":"","overlay-color":"","overlay-opacity":"","overlay-gradient":""},"tablet":{"background-color":"","background-image":"","background-repeat":"repeat","background-position":"center center","background-size":"auto","background-attachment":"scroll","background-type":"","background-media":"","overlay-type":"","overlay-color":"","overlay-opacity":"","overlay-gradient":""},"mobile":{"background-color":"","background-image":"","background-repeat":"repeat","background-position":"center center","background-size":"auto","background-attachment":"scroll","background-type":"","background-media":"","overlay-type":"","overlay-color":"","overlay-opacity":"","overlay-gradient":""}},"ast-content-background-meta":{"desktop":{"background-color":"var(--ast-global-color-5)","background-image":"","background-repeat":"repeat","background-position":"center center","background-size":"auto","background-attachment":"scroll","background-type":"","background-media":"","overlay-type":"","overlay-color":"","overlay-opacity":"","overlay-gradient":""},"tablet":{"background-color":"var(--ast-global-color-5)","background-image":"","background-repeat":"repeat","background-position":"center center","background-size":"auto","background-attachment":"scroll","background-type":"","background-media":"","overlay-type":"","overlay-color":"","overlay-opacity":"","overlay-gradient":""},"mobile":{"background-color":"var(--ast-global-color-5)","background-image":"","background-repeat":"repeat","background-position":"center center","background-size":"auto","background-attachment":"scroll","background-type":"","background-media":"","overlay-type":"","overlay-color":"","overlay-opacity":"","overlay-gradient":""}}},"product_brand":[],"product_cat":[23,98],"product_tag":[],"class_list":{"0":"post-4904","1":"product","2":"type-product","3":"status-publish","4":"has-post-thumbnail","6":"product_cat-beebile","7":"product_cat-kandekotid","8":"desktop-align-left","9":"tablet-align-left","10":"mobile-align-left","12":"first","13":"instock","14":"taxable","15":"shipping-taxable","16":"purchasable","17":"product-type-variable"},"yoast_head":"<!-- This site is optimized with the Yoast SEO plugin v27.4 - https:\/\/yoast.com\/product\/yoast-seo-wordpress\/ -->\n<title>Neobulle ergonoomiline k\u00f5hukott, 3-15kg lapsele - Beebipai<\/title>\n<meta name=\"description\" content=\"Neobulle k\u00f5hukott v\u00f5imaldab beebit hoida enda l\u00e4hedal ja samal ajal annab kandjale liikumisvabaduse. Vaata toodet Neobulle k\u00f5hukott!\" \/>\n<meta name=\"robots\" content=\"index, follow, max-snippet:-1, max-image-preview:large, max-video-preview:-1\" \/>\n<link rel=\"canonical\" href=\"https:\/\/beebipai.ee\/en\/product\/neobulle-kohukott-3-15kg\/\" \/>\n<meta property=\"og:locale\" content=\"en_US\" \/>\n<meta property=\"og:type\" content=\"article\" \/>\n<meta property=\"og:title\" content=\"Neobulle ergonoomiline k\u00f5hukott, 3-15kg lapsele - Beebipai\" \/>\n<meta property=\"og:description\" content=\"Neobulle k\u00f5hukott v\u00f5imaldab beebit hoida enda l\u00e4hedal ja samal ajal annab kandjale liikumisvabaduse. Vaata toodet Neobulle k\u00f5hukott!\" \/>\n<meta property=\"og:url\" content=\"https:\/\/beebipai.ee\/en\/product\/neobulle-kohukott-3-15kg\/\" \/>\n<meta property=\"og:site_name\" content=\"Beebipai\" \/>\n<meta property=\"article:modified_time\" content=\"2024-06-02T20:53:21+00:00\" \/>\n<meta property=\"og:image\" content=\"https:\/\/beebipai.ee\/wp-content\/uploads\/2022\/06\/Neobulle-kohukott-oliivroheline4.jpg\" \/>\n\t<meta property=\"og:image:width\" content=\"800\" \/>\n\t<meta property=\"og:image:height\" content=\"800\" \/>\n\t<meta property=\"og:image:type\" content=\"image\/jpeg\" \/>\n<meta name=\"twitter:card\" content=\"summary_large_image\" \/>\n<meta name=\"twitter:label1\" content=\"Est. reading time\" \/>\n\t<meta name=\"twitter:data1\" content=\"3 minutes\" \/>\n<script type=\"application\/ld+json\" class=\"yoast-schema-graph\">{\"@context\":\"https:\\\/\\\/schema.org\",\"@graph\":[{\"@type\":\"WebPage\",\"@id\":\"https:\\\/\\\/beebipai.ee\\\/lt\\\/product\\\/neobulle-kohukott-3-15kg\\\/\",\"url\":\"https:\\\/\\\/beebipai.ee\\\/lt\\\/product\\\/neobulle-kohukott-3-15kg\\\/\",\"name\":\"Neobulle ergonoomiline k\u00f5hukott, 3-15kg lapsele - Beebipai\",\"isPartOf\":{\"@id\":\"https:\\\/\\\/beebipai.ee\\\/en\\\/#website\"},\"primaryImageOfPage\":{\"@id\":\"https:\\\/\\\/beebipai.ee\\\/lt\\\/product\\\/neobulle-kohukott-3-15kg\\\/#primaryimage\"},\"image\":{\"@id\":\"https:\\\/\\\/beebipai.ee\\\/lt\\\/product\\\/neobulle-kohukott-3-15kg\\\/#primaryimage\"},\"thumbnailUrl\":\"https:\\\/\\\/beebipai.ee\\\/wp-content\\\/uploads\\\/2022\\\/06\\\/Neobulle-kohukott-oliivroheline4.jpg\",\"datePublished\":\"2022-06-25T12:22:37+00:00\",\"dateModified\":\"2024-06-02T20:53:21+00:00\",\"description\":\"Neobulle k\u00f5hukott v\u00f5imaldab beebit hoida enda l\u00e4hedal ja samal ajal annab kandjale liikumisvabaduse. Vaata toodet Neobulle k\u00f5hukott!\",\"breadcrumb\":{\"@id\":\"https:\\\/\\\/beebipai.ee\\\/lt\\\/product\\\/neobulle-kohukott-3-15kg\\\/#breadcrumb\"},\"inLanguage\":\"en-US\",\"potentialAction\":[{\"@type\":\"ReadAction\",\"target\":[\"https:\\\/\\\/beebipai.ee\\\/lt\\\/product\\\/neobulle-kohukott-3-15kg\\\/\"]}]},{\"@type\":\"ImageObject\",\"inLanguage\":\"en-US\",\"@id\":\"https:\\\/\\\/beebipai.ee\\\/lt\\\/product\\\/neobulle-kohukott-3-15kg\\\/#primaryimage\",\"url\":\"https:\\\/\\\/beebipai.ee\\\/wp-content\\\/uploads\\\/2022\\\/06\\\/Neobulle-kohukott-oliivroheline4.jpg\",\"contentUrl\":\"https:\\\/\\\/beebipai.ee\\\/wp-content\\\/uploads\\\/2022\\\/06\\\/Neobulle-kohukott-oliivroheline4.jpg\",\"width\":800,\"height\":800},{\"@type\":\"BreadcrumbList\",\"@id\":\"https:\\\/\\\/beebipai.ee\\\/lt\\\/product\\\/neobulle-kohukott-3-15kg\\\/#breadcrumb\",\"itemListElement\":[{\"@type\":\"ListItem\",\"position\":1,\"name\":\"Home\",\"item\":\"https:\\\/\\\/beebipai.ee\\\/\"},{\"@type\":\"ListItem\",\"position\":2,\"name\":\"Pood\",\"item\":\"https:\\\/\\\/beebipai.ee\\\/store\\\/\"},{\"@type\":\"ListItem\",\"position\":3,\"name\":\"Neobulle ergonoomiline k\u00f5hukott, 3-15kg lapsele\"}]},{\"@type\":\"WebSite\",\"@id\":\"https:\\\/\\\/beebipai.ee\\\/en\\\/#website\",\"url\":\"https:\\\/\\\/beebipai.ee\\\/en\\\/\",\"name\":\"Beebipai\",\"description\":\"Rasedate ja beebide veebipood\",\"potentialAction\":[{\"@type\":\"SearchAction\",\"target\":{\"@type\":\"EntryPoint\",\"urlTemplate\":\"https:\\\/\\\/beebipai.ee\\\/en\\\/?s={search_term_string}\"},\"query-input\":{\"@type\":\"PropertyValueSpecification\",\"valueRequired\":true,\"valueName\":\"search_term_string\"}}],\"inLanguage\":\"en-US\"}]}<\/script>\n<!-- \/ Yoast SEO plugin. -->","yoast_head_json":{"title":"Neobulle ergonoomiline k\u00f5hukott, 3-15kg lapsele - Beebipai","description":"Neobulle k\u00f5hukott v\u00f5imaldab beebit hoida enda l\u00e4hedal ja samal ajal annab kandjale liikumisvabaduse. Vaata toodet Neobulle k\u00f5hukott!","robots":{"index":"index","follow":"follow","max-snippet":"max-snippet:-1","max-image-preview":"max-image-preview:large","max-video-preview":"max-video-preview:-1"},"canonical":"https:\/\/beebipai.ee\/en\/product\/neobulle-kohukott-3-15kg\/","og_locale":"en_US","og_type":"article","og_title":"Neobulle ergonoomiline k\u00f5hukott, 3-15kg lapsele - Beebipai","og_description":"Neobulle k\u00f5hukott v\u00f5imaldab beebit hoida enda l\u00e4hedal ja samal ajal annab kandjale liikumisvabaduse. Vaata toodet Neobulle k\u00f5hukott!","og_url":"https:\/\/beebipai.ee\/en\/product\/neobulle-kohukott-3-15kg\/","og_site_name":"Beebipai","article_modified_time":"2024-06-02T20:53:21+00:00","og_image":[{"width":800,"height":800,"url":"https:\/\/beebipai.ee\/wp-content\/uploads\/2022\/06\/Neobulle-kohukott-oliivroheline4.jpg","type":"image\/jpeg"}],"twitter_card":"summary_large_image","twitter_misc":{"Est. reading time":"3 minutes"},"schema":{"@context":"https:\/\/schema.org","@graph":[{"@type":"WebPage","@id":"https:\/\/beebipai.ee\/lt\/product\/neobulle-kohukott-3-15kg\/","url":"https:\/\/beebipai.ee\/lt\/product\/neobulle-kohukott-3-15kg\/","name":"Neobulle ergonoomiline k\u00f5hukott, 3-15kg lapsele - Beebipai","isPartOf":{"@id":"https:\/\/beebipai.ee\/en\/#website"},"primaryImageOfPage":{"@id":"https:\/\/beebipai.ee\/lt\/product\/neobulle-kohukott-3-15kg\/#primaryimage"},"image":{"@id":"https:\/\/beebipai.ee\/lt\/product\/neobulle-kohukott-3-15kg\/#primaryimage"},"thumbnailUrl":"https:\/\/beebipai.ee\/wp-content\/uploads\/2022\/06\/Neobulle-kohukott-oliivroheline4.jpg","datePublished":"2022-06-25T12:22:37+00:00","dateModified":"2024-06-02T20:53:21+00:00","description":"Neobulle k\u00f5hukott v\u00f5imaldab beebit hoida enda l\u00e4hedal ja samal ajal annab kandjale liikumisvabaduse. Vaata toodet Neobulle k\u00f5hukott!","breadcrumb":{"@id":"https:\/\/beebipai.ee\/lt\/product\/neobulle-kohukott-3-15kg\/#breadcrumb"},"inLanguage":"en-US","potentialAction":[{"@type":"ReadAction","target":["https:\/\/beebipai.ee\/lt\/product\/neobulle-kohukott-3-15kg\/"]}]},{"@type":"ImageObject","inLanguage":"en-US","@id":"https:\/\/beebipai.ee\/lt\/product\/neobulle-kohukott-3-15kg\/#primaryimage","url":"https:\/\/beebipai.ee\/wp-content\/uploads\/2022\/06\/Neobulle-kohukott-oliivroheline4.jpg","contentUrl":"https:\/\/beebipai.ee\/wp-content\/uploads\/2022\/06\/Neobulle-kohukott-oliivroheline4.jpg","width":800,"height":800},{"@type":"BreadcrumbList","@id":"https:\/\/beebipai.ee\/lt\/product\/neobulle-kohukott-3-15kg\/#breadcrumb","itemListElement":[{"@type":"ListItem","position":1,"name":"Home","item":"https:\/\/beebipai.ee\/"},{"@type":"ListItem","position":2,"name":"Pood","item":"https:\/\/beebipai.ee\/store\/"},{"@type":"ListItem","position":3,"name":"Neobulle ergonoomiline k\u00f5hukott, 3-15kg lapsele"}]},{"@type":"WebSite","@id":"https:\/\/beebipai.ee\/en\/#website","url":"https:\/\/beebipai.ee\/en\/","name":"Beebipai","description":"Rasedate ja beebide veebipood","potentialAction":[{"@type":"SearchAction","target":{"@type":"EntryPoint","urlTemplate":"https:\/\/beebipai.ee\/en\/?s={search_term_string}"},"query-input":{"@type":"PropertyValueSpecification","valueRequired":true,"valueName":"search_term_string"}}],"inLanguage":"en-US"}]}},"_links":{"self":[{"href":"https:\/\/beebipai.ee\/en\/wp-json\/wp\/v2\/product\/4904","targetHints":{"allow":["GET"]}}],"collection":[{"href":"https:\/\/beebipai.ee\/en\/wp-json\/wp\/v2\/product"}],"about":[{"href":"https:\/\/beebipai.ee\/en\/wp-json\/wp\/v2\/types\/product"}],"version-history":[{"count":5,"href":"https:\/\/beebipai.ee\/en\/wp-json\/wp\/v2\/product\/4904\/revisions"}],"predecessor-version":[{"id":9722,"href":"https:\/\/beebipai.ee\/en\/wp-json\/wp\/v2\/product\/4904\/revisions\/9722"}],"wp:featuredmedia":[{"embeddable":true,"href":"https:\/\/beebipai.ee\/en\/wp-json\/wp\/v2\/media\/4918"}],"wp:attachment":[{"href":"https:\/\/beebipai.ee\/en\/wp-json\/wp\/v2\/media?parent=4904"}],"wp:term":[{"taxonomy":"product_brand","embeddable":true,"href":"https:\/\/beebipai.ee\/en\/wp-json\/wp\/v2\/product_brand?post=4904"},{"taxonomy":"product_cat","embeddable":true,"href":"https:\/\/beebipai.ee\/en\/wp-json\/wp\/v2\/product_cat?post=4904"},{"taxonomy":"product_tag","embeddable":true,"href":"https:\/\/beebipai.ee\/en\/wp-json\/wp\/v2\/product_tag?post=4904"}],"curies":[{"name":"wp","href":"https:\/\/api.w.org\/{rel}","templated":true}]}}