{"id":4716,"date":"2022-06-21T10:52:58","date_gmt":"2022-06-21T07:52:58","guid":{"rendered":"https:\/\/beebipai.ee\/?post_type=product&#038;p=4716"},"modified":"2025-09-26T05:55:03","modified_gmt":"2025-09-26T02:55:03","slug":"meditsiiniline-tugivoo-pukstega-rasedatele-nera-lux","status":"publish","type":"product","link":"https:\/\/beebipai.ee\/en\/product\/meditsiiniline-tugivoo-pukstega-rasedatele-nera-lux\/","title":{"rendered":"Medical support belt- pants for pregnant Nera Lux"},"content":{"rendered":"<div data-elementor-type=\"wp-post\" data-elementor-id=\"4716\" class=\"elementor elementor-4716\">\n\t\t\t\t\t\t<section class=\"elementor-section elementor-top-section elementor-element elementor-element-0faabcf elementor-section-boxed elementor-section-height-default elementor-section-height-default\" data-id=\"0faabcf\" data-element_type=\"section\" data-e-type=\"section\">\n\t\t\t\t\t\t<div class=\"elementor-container elementor-column-gap-default\">\n\t\t\t\t\t<div class=\"elementor-column elementor-col-50 elementor-top-column elementor-element elementor-element-920045c\" data-id=\"920045c\" data-element_type=\"column\" data-e-type=\"column\">\n\t\t\t<div class=\"elementor-widget-wrap elementor-element-populated\">\n\t\t\t\t\t\t<div class=\"elementor-element elementor-element-99c51ea elementor-widget elementor-widget-heading\" data-id=\"99c51ea\" data-element_type=\"widget\" data-e-type=\"widget\" data-widget_type=\"heading.default\">\n\t\t\t\t<div class=\"elementor-widget-container\">\n\t\t\t\t\t<h2 class=\"elementor-heading-title elementor-size-default\">Medical support belt-pants Nera Lux<\/h2>\t\t\t\t<\/div>\n\t\t\t\t<\/div>\n\t\t\t\t<div class=\"elementor-element elementor-element-c0a41cc elementor-widget elementor-widget-text-editor\" data-id=\"c0a41cc\" data-element_type=\"widget\" data-e-type=\"widget\" data-widget_type=\"text-editor.default\">\n\t\t\t\t<div class=\"elementor-widget-container\">\n\t\t\t\t\t\t\t\t\t<p>There is no doubt that the biggest changes visible to the eye during pregnancy are related to the growth of the abdomen. The eye can see the abdomen swelling larger, as well as tightening and stretching of the skin. Many also perceive drying out and itching of the skin. The skin becomes more sensitive, and signs of irritation, such as redness, occur faster. Apparently, at one point all pregnant women also perceive the heaviness of the abdomen, pain in the lower abdomen, pelvis and lower back. The movement becomes a little more arduous and the slowness of the change of positions.\u00a0<\/p><p>However, the same changes and even bigger ones occur hidden to one's eye, i.e. inside the stomach. A growing uterus makes room for itself in all directions. The internal organs are placed around, remaining in a slightly compressed state around the uterus. Major changes also occur in the abdominal muscles, which go into the stretch and make their \"place\" make way for a growing uterus.\u00a0<\/p>\t\t\t\t\t\t\t\t<\/div>\n\t\t\t\t<\/div>\n\t\t\t\t\t<\/div>\n\t\t<\/div>\n\t\t\t\t<div class=\"elementor-column elementor-col-50 elementor-top-column elementor-element elementor-element-ad63b46\" data-id=\"ad63b46\" data-element_type=\"column\" data-e-type=\"column\">\n\t\t\t<div class=\"elementor-widget-wrap elementor-element-populated\">\n\t\t\t\t\t\t<div class=\"elementor-element elementor-element-3aca150 elementor-widget elementor-widget-image\" data-id=\"3aca150\" data-element_type=\"widget\" data-e-type=\"widget\" data-widget_type=\"image.default\">\n\t\t\t\t<div class=\"elementor-widget-container\">\n\t\t\t\t\t\t\t\t\t\t\t\t\t\t\t<img fetchpriority=\"high\" decoding=\"async\" width=\"768\" height=\"616\" src=\"https:\/\/beebipai.ee\/wp-content\/uploads\/2022\/06\/Rasedate-alakohuvalu-768x616.jpg\" class=\"attachment-medium_large size-medium_large wp-image-4610\" alt=\"\" srcset=\"https:\/\/beebipai.ee\/wp-content\/uploads\/2022\/06\/Rasedate-alakohuvalu-768x616.jpg 768w, https:\/\/beebipai.ee\/wp-content\/uploads\/2022\/06\/Rasedate-alakohuvalu-e1655798333596-300x241.jpg 300w, https:\/\/beebipai.ee\/wp-content\/uploads\/2022\/06\/Rasedate-alakohuvalu-1024x821.jpg 1024w, https:\/\/beebipai.ee\/wp-content\/uploads\/2022\/06\/Rasedate-alakohuvalu-e1655798333596-15x12.jpg 15w, https:\/\/beebipai.ee\/wp-content\/uploads\/2022\/06\/Rasedate-alakohuvalu-600x481.jpg 600w, https:\/\/beebipai.ee\/wp-content\/uploads\/2022\/06\/Rasedate-alakohuvalu-e1655798333596.jpg 400w\" sizes=\"(max-width: 768px) 100vw, 768px\" \/>\t\t\t\t\t\t\t\t\t\t\t\t\t\t\t<\/div>\n\t\t\t\t<\/div>\n\t\t\t\t\t<\/div>\n\t\t<\/div>\n\t\t\t\t\t<\/div>\n\t\t<\/section>\n\t\t\t\t<section class=\"elementor-section elementor-top-section elementor-element elementor-element-f4f570a elementor-section-boxed elementor-section-height-default elementor-section-height-default\" data-id=\"f4f570a\" data-element_type=\"section\" data-e-type=\"section\">\n\t\t\t\t\t\t<div class=\"elementor-container elementor-column-gap-default\">\n\t\t\t\t\t<div class=\"elementor-column elementor-col-50 elementor-top-column elementor-element elementor-element-3565800\" data-id=\"3565800\" data-element_type=\"column\" data-e-type=\"column\">\n\t\t\t<div class=\"elementor-widget-wrap elementor-element-populated\">\n\t\t\t\t\t\t<div class=\"elementor-element elementor-element-87eba35 elementor-widget elementor-widget-image\" data-id=\"87eba35\" data-element_type=\"widget\" data-e-type=\"widget\" data-widget_type=\"image.default\">\n\t\t\t\t<div class=\"elementor-widget-container\">\n\t\t\t\t\t\t\t\t\t\t\t\t\t\t\t<img decoding=\"async\" width=\"768\" height=\"410\" src=\"https:\/\/beebipai.ee\/wp-content\/uploads\/2022\/06\/Diastaas-768x410.webp\" class=\"attachment-medium_large size-medium_large wp-image-4733\" alt=\"\" srcset=\"https:\/\/beebipai.ee\/wp-content\/uploads\/2022\/06\/Diastaas-768x410.webp 768w, https:\/\/beebipai.ee\/wp-content\/uploads\/2022\/06\/Diastaas-e1655800516506-300x160.webp 300w, https:\/\/beebipai.ee\/wp-content\/uploads\/2022\/06\/Diastaas-1024x546.webp 1024w, https:\/\/beebipai.ee\/wp-content\/uploads\/2022\/06\/Diastaas-e1655800516506-18x10.webp 18w, https:\/\/beebipai.ee\/wp-content\/uploads\/2022\/06\/Diastaas-600x320.webp 600w, https:\/\/beebipai.ee\/wp-content\/uploads\/2022\/06\/Diastaas-e1655800516506.webp 400w\" sizes=\"(max-width: 768px) 100vw, 768px\" \/>\t\t\t\t\t\t\t\t\t\t\t\t\t\t\t<\/div>\n\t\t\t\t<\/div>\n\t\t\t\t\t<\/div>\n\t\t<\/div>\n\t\t\t\t<div class=\"elementor-column elementor-col-50 elementor-top-column elementor-element elementor-element-b103d0e\" data-id=\"b103d0e\" data-element_type=\"column\" data-e-type=\"column\">\n\t\t\t<div class=\"elementor-widget-wrap elementor-element-populated\">\n\t\t\t\t\t\t<div class=\"elementor-element elementor-element-0b2fcae elementor-widget elementor-widget-text-editor\" data-id=\"0b2fcae\" data-element_type=\"widget\" data-e-type=\"widget\" data-widget_type=\"text-editor.default\">\n\t\t\t\t<div class=\"elementor-widget-container\">\n\t\t\t\t\t\t\t\t\t<p>With pregnancy, hand-in-hand walks diastasis, i.e. a divergence of the straight muscle of the abdomen. The main cause of diastasis is intra-abdominal pressure on the muscles, causing the connection between the two muscle layers to stretch out. It is known that in the last trimester, diastasis occurs to a lesser or greater extent in all pregnant women.\u00a0<\/p><p>Diastasis can begin to recede after childbirth, when the pressure inside the abdomen disappears. Recovery is very different. Depends on the previous condition of the muscles, the size of the divergence, the speed of connective tissue and muscle recovery. Most diastasis needs support at retreat such as postpartum abdominal support, deep muscle training, breathing exercises<\/p>\t\t\t\t\t\t\t\t<\/div>\n\t\t\t\t<\/div>\n\t\t\t\t\t<\/div>\n\t\t<\/div>\n\t\t\t\t\t<\/div>\n\t\t<\/section>\n\t\t\t\t<section class=\"elementor-section elementor-top-section elementor-element elementor-element-9f05d02 elementor-section-boxed elementor-section-height-default elementor-section-height-default\" data-id=\"9f05d02\" data-element_type=\"section\" data-e-type=\"section\">\n\t\t\t\t\t\t<div class=\"elementor-container elementor-column-gap-default\">\n\t\t\t\t\t<div class=\"elementor-column elementor-col-50 elementor-top-column elementor-element elementor-element-f6bb787\" data-id=\"f6bb787\" data-element_type=\"column\" data-e-type=\"column\">\n\t\t\t<div class=\"elementor-widget-wrap elementor-element-populated\">\n\t\t\t\t\t\t<div class=\"elementor-element elementor-element-0612171 elementor-widget elementor-widget-text-editor\" data-id=\"0612171\" data-element_type=\"widget\" data-e-type=\"widget\" data-widget_type=\"text-editor.default\">\n\t\t\t\t<div class=\"elementor-widget-container\">\n\t\t\t\t\t\t\t\t\t<p>Medical support belt pants are a two-in-one solution for pregnancy support. Comfortable and slightly seated trousers are suitable for both wear during pregnancy and postpartum. The part of the support belt has a special strengthening of the abdomen, relieving pressure on the pelvis and lower back. The support belt is elastic, changing and adapting along with a changing body and a growing stomach. The material is soft, suitable for sensitive skin during pregnancy. Support belt pants are an excellent helper for the postpartum period, helping to support the abdominal area after childbirth and restore the tone of the abdominal muscles.\u00a0<\/p><p>\u00a0<\/p>\t\t\t\t\t\t\t\t<\/div>\n\t\t\t\t<\/div>\n\t\t\t\t\t<\/div>\n\t\t<\/div>\n\t\t\t\t<div class=\"elementor-column elementor-col-50 elementor-top-column elementor-element elementor-element-856bd7d\" data-id=\"856bd7d\" data-element_type=\"column\" data-e-type=\"column\">\n\t\t\t<div class=\"elementor-widget-wrap elementor-element-populated\">\n\t\t\t\t\t\t<div class=\"elementor-element elementor-element-ff82985 elementor-widget elementor-widget-image\" data-id=\"ff82985\" data-element_type=\"widget\" data-e-type=\"widget\" data-widget_type=\"image.default\">\n\t\t\t\t<div class=\"elementor-widget-container\">\n\t\t\t\t\t\t\t\t\t\t\t\t\t\t\t<img decoding=\"async\" width=\"360\" height=\"379\" src=\"https:\/\/beebipai.ee\/wp-content\/uploads\/2022\/06\/Nera-lux.webp\" class=\"attachment-large size-large wp-image-4724\" alt=\"\" srcset=\"https:\/\/beebipai.ee\/wp-content\/uploads\/2022\/06\/Nera-lux.webp 360w, https:\/\/beebipai.ee\/wp-content\/uploads\/2022\/06\/Nera-lux-285x300.webp 285w, https:\/\/beebipai.ee\/wp-content\/uploads\/2022\/06\/Nera-lux-11x12.webp 11w\" sizes=\"(max-width: 360px) 100vw, 360px\" \/>\t\t\t\t\t\t\t\t\t\t\t\t\t\t\t<\/div>\n\t\t\t\t<\/div>\n\t\t\t\t\t<\/div>\n\t\t<\/div>\n\t\t\t\t\t<\/div>\n\t\t<\/section>\n\t\t\t\t<\/div>","protected":false},"excerpt":{"rendered":"<p>The medical support belt Nera Lux is a two-in-one pregnancy support for both the lower abdomen and the lower back. With trousers, the support belt is for both underwear and bandage. Used from the beginning of pregnancy, as well as in the postpartum period.<\/p>","protected":false},"featured_media":4725,"template":"","meta":{"_monsterinsights_skip_tracking":false,"_monsterinsights_sitenote_active":false,"_monsterinsights_sitenote_note":"","_monsterinsights_sitenote_category":0,"site-sidebar-layout":"no-sidebar","site-content-layout":"page-builder","ast-site-content-layout":"full-width-container","site-content-style":"unboxed","site-sidebar-style":"unboxed","ast-global-header-display":"","ast-banner-title-visibility":"","ast-main-header-display":"","ast-hfb-above-header-display":"","ast-hfb-below-header-display":"","ast-hfb-mobile-header-display":"","site-post-title":"disabled","ast-breadcrumbs-content":"","ast-featured-img":"disabled","footer-sml-layout":"","ast-disable-related-posts":"","theme-transparent-header-meta":"default","adv-header-id-meta":"","stick-header-meta":"","header-above-stick-meta":"","header-main-stick-meta":"","header-below-stick-meta":"","astra-migrate-meta-layouts":"set","ast-page-background-enabled":"default","ast-page-background-meta":{"desktop":{"background-color":"","background-image":"","background-repeat":"repeat","background-position":"center center","background-size":"auto","background-attachment":"scroll","background-type":"","background-media":"","overlay-type":"","overlay-color":"","overlay-opacity":"","overlay-gradient":""},"tablet":{"background-color":"","background-image":"","background-repeat":"repeat","background-position":"center center","background-size":"auto","background-attachment":"scroll","background-type":"","background-media":"","overlay-type":"","overlay-color":"","overlay-opacity":"","overlay-gradient":""},"mobile":{"background-color":"","background-image":"","background-repeat":"repeat","background-position":"center center","background-size":"auto","background-attachment":"scroll","background-type":"","background-media":"","overlay-type":"","overlay-color":"","overlay-opacity":"","overlay-gradient":""}},"ast-content-background-meta":{"desktop":{"background-color":"var(--ast-global-color-5)","background-image":"","background-repeat":"repeat","background-position":"center center","background-size":"auto","background-attachment":"scroll","background-type":"","background-media":"","overlay-type":"","overlay-color":"","overlay-opacity":"","overlay-gradient":""},"tablet":{"background-color":"var(--ast-global-color-5)","background-image":"","background-repeat":"repeat","background-position":"center center","background-size":"auto","background-attachment":"scroll","background-type":"","background-media":"","overlay-type":"","overlay-color":"","overlay-opacity":"","overlay-gradient":""},"mobile":{"background-color":"var(--ast-global-color-5)","background-image":"","background-repeat":"repeat","background-position":"center center","background-size":"auto","background-attachment":"scroll","background-type":"","background-media":"","overlay-type":"","overlay-color":"","overlay-opacity":"","overlay-gradient":""}}},"product_brand":[],"product_cat":[102,22],"product_tag":[],"class_list":{"0":"post-4716","1":"product","2":"type-product","3":"status-publish","4":"has-post-thumbnail","6":"product_cat-bandaazid-tugivood","7":"product_cat-emale","8":"desktop-align-left","9":"tablet-align-left","10":"mobile-align-left","12":"first","13":"instock","14":"sale","15":"taxable","16":"shipping-taxable","17":"purchasable","18":"product-type-variable"},"yoast_head":"<!-- This site is optimized with the Yoast SEO plugin v27.4 - https:\/\/yoast.com\/product\/yoast-seo-wordpress\/ -->\n<title>Meditsiiniline tugiv\u00f6\u00f6 p\u00fckstega rasedatele Nera Lux - Beebipai<\/title>\n<meta name=\"description\" content=\"Meditsiiniline tugiv\u00f6\u00f6 p\u00fckstega Nera Lux leevendab rasedusaegseid alak\u00f5hu ja selja vaevuseid. Vaata toodet meditsiiniline tugiv\u00f6\u00f6 p\u00fckstega Nera Lux!\" \/>\n<meta name=\"robots\" content=\"index, follow, max-snippet:-1, max-image-preview:large, max-video-preview:-1\" \/>\n<link rel=\"canonical\" href=\"https:\/\/beebipai.ee\/en\/product\/meditsiiniline-tugivoo-pukstega-rasedatele-nera-lux\/\" \/>\n<meta property=\"og:locale\" content=\"en_US\" \/>\n<meta property=\"og:type\" content=\"article\" \/>\n<meta property=\"og:title\" content=\"Meditsiiniline tugiv\u00f6\u00f6 p\u00fckstega rasedatele Nera Lux - Beebipai\" \/>\n<meta property=\"og:description\" content=\"Meditsiiniline tugiv\u00f6\u00f6 p\u00fckstega Nera Lux leevendab rasedusaegseid alak\u00f5hu ja selja vaevuseid. Vaata toodet meditsiiniline tugiv\u00f6\u00f6 p\u00fckstega Nera Lux!\" \/>\n<meta property=\"og:url\" content=\"https:\/\/beebipai.ee\/en\/product\/meditsiiniline-tugivoo-pukstega-rasedatele-nera-lux\/\" \/>\n<meta property=\"og:site_name\" content=\"Beebipai\" \/>\n<meta property=\"article:modified_time\" content=\"2025-09-26T02:55:03+00:00\" \/>\n<meta property=\"og:image\" content=\"https:\/\/beebipai.ee\/wp-content\/uploads\/2022\/06\/nera-lux1.jpg\" \/>\n\t<meta property=\"og:image:width\" content=\"960\" \/>\n\t<meta property=\"og:image:height\" content=\"1200\" \/>\n\t<meta property=\"og:image:type\" content=\"image\/jpeg\" \/>\n<meta name=\"twitter:card\" content=\"summary_large_image\" \/>\n<meta name=\"twitter:label1\" content=\"Est. reading time\" \/>\n\t<meta name=\"twitter:data1\" content=\"2 minutes\" \/>\n<script type=\"application\/ld+json\" class=\"yoast-schema-graph\">{\"@context\":\"https:\\\/\\\/schema.org\",\"@graph\":[{\"@type\":\"WebPage\",\"@id\":\"https:\\\/\\\/beebipai.ee\\\/product\\\/meditsiiniline-tugivoo-pukstega-rasedatele-nera-lux\\\/\",\"url\":\"https:\\\/\\\/beebipai.ee\\\/product\\\/meditsiiniline-tugivoo-pukstega-rasedatele-nera-lux\\\/\",\"name\":\"Meditsiiniline tugiv\u00f6\u00f6 p\u00fckstega rasedatele Nera Lux - Beebipai\",\"isPartOf\":{\"@id\":\"https:\\\/\\\/beebipai.ee\\\/en\\\/#website\"},\"primaryImageOfPage\":{\"@id\":\"https:\\\/\\\/beebipai.ee\\\/product\\\/meditsiiniline-tugivoo-pukstega-rasedatele-nera-lux\\\/#primaryimage\"},\"image\":{\"@id\":\"https:\\\/\\\/beebipai.ee\\\/product\\\/meditsiiniline-tugivoo-pukstega-rasedatele-nera-lux\\\/#primaryimage\"},\"thumbnailUrl\":\"https:\\\/\\\/beebipai.ee\\\/wp-content\\\/uploads\\\/2022\\\/06\\\/nera-lux1.jpg\",\"datePublished\":\"2022-06-21T07:52:58+00:00\",\"dateModified\":\"2025-09-26T02:55:03+00:00\",\"description\":\"Meditsiiniline tugiv\u00f6\u00f6 p\u00fckstega Nera Lux leevendab rasedusaegseid alak\u00f5hu ja selja vaevuseid. Vaata toodet meditsiiniline tugiv\u00f6\u00f6 p\u00fckstega Nera Lux!\",\"breadcrumb\":{\"@id\":\"https:\\\/\\\/beebipai.ee\\\/product\\\/meditsiiniline-tugivoo-pukstega-rasedatele-nera-lux\\\/#breadcrumb\"},\"inLanguage\":\"en-US\",\"potentialAction\":[{\"@type\":\"ReadAction\",\"target\":[\"https:\\\/\\\/beebipai.ee\\\/product\\\/meditsiiniline-tugivoo-pukstega-rasedatele-nera-lux\\\/\"]}]},{\"@type\":\"ImageObject\",\"inLanguage\":\"en-US\",\"@id\":\"https:\\\/\\\/beebipai.ee\\\/product\\\/meditsiiniline-tugivoo-pukstega-rasedatele-nera-lux\\\/#primaryimage\",\"url\":\"https:\\\/\\\/beebipai.ee\\\/wp-content\\\/uploads\\\/2022\\\/06\\\/nera-lux1.jpg\",\"contentUrl\":\"https:\\\/\\\/beebipai.ee\\\/wp-content\\\/uploads\\\/2022\\\/06\\\/nera-lux1.jpg\",\"width\":960,\"height\":1200},{\"@type\":\"BreadcrumbList\",\"@id\":\"https:\\\/\\\/beebipai.ee\\\/product\\\/meditsiiniline-tugivoo-pukstega-rasedatele-nera-lux\\\/#breadcrumb\",\"itemListElement\":[{\"@type\":\"ListItem\",\"position\":1,\"name\":\"Home\",\"item\":\"https:\\\/\\\/beebipai.ee\\\/\"},{\"@type\":\"ListItem\",\"position\":2,\"name\":\"Pood\",\"item\":\"https:\\\/\\\/beebipai.ee\\\/store\\\/\"},{\"@type\":\"ListItem\",\"position\":3,\"name\":\"Meditsiiniline tugiv\u00f6\u00f6 p\u00fckstega rasedatele Nera Lux\"}]},{\"@type\":\"WebSite\",\"@id\":\"https:\\\/\\\/beebipai.ee\\\/en\\\/#website\",\"url\":\"https:\\\/\\\/beebipai.ee\\\/en\\\/\",\"name\":\"Beebipai\",\"description\":\"Rasedate ja beebide veebipood\",\"potentialAction\":[{\"@type\":\"SearchAction\",\"target\":{\"@type\":\"EntryPoint\",\"urlTemplate\":\"https:\\\/\\\/beebipai.ee\\\/en\\\/?s={search_term_string}\"},\"query-input\":{\"@type\":\"PropertyValueSpecification\",\"valueRequired\":true,\"valueName\":\"search_term_string\"}}],\"inLanguage\":\"en-US\"}]}<\/script>\n<!-- \/ Yoast SEO plugin. -->","yoast_head_json":{"title":"Meditsiiniline tugiv\u00f6\u00f6 p\u00fckstega rasedatele Nera Lux - Beebipai","description":"Meditsiiniline tugiv\u00f6\u00f6 p\u00fckstega Nera Lux leevendab rasedusaegseid alak\u00f5hu ja selja vaevuseid. Vaata toodet meditsiiniline tugiv\u00f6\u00f6 p\u00fckstega Nera Lux!","robots":{"index":"index","follow":"follow","max-snippet":"max-snippet:-1","max-image-preview":"max-image-preview:large","max-video-preview":"max-video-preview:-1"},"canonical":"https:\/\/beebipai.ee\/en\/product\/meditsiiniline-tugivoo-pukstega-rasedatele-nera-lux\/","og_locale":"en_US","og_type":"article","og_title":"Meditsiiniline tugiv\u00f6\u00f6 p\u00fckstega rasedatele Nera Lux - Beebipai","og_description":"Meditsiiniline tugiv\u00f6\u00f6 p\u00fckstega Nera Lux leevendab rasedusaegseid alak\u00f5hu ja selja vaevuseid. Vaata toodet meditsiiniline tugiv\u00f6\u00f6 p\u00fckstega Nera Lux!","og_url":"https:\/\/beebipai.ee\/en\/product\/meditsiiniline-tugivoo-pukstega-rasedatele-nera-lux\/","og_site_name":"Beebipai","article_modified_time":"2025-09-26T02:55:03+00:00","og_image":[{"width":960,"height":1200,"url":"https:\/\/beebipai.ee\/wp-content\/uploads\/2022\/06\/nera-lux1.jpg","type":"image\/jpeg"}],"twitter_card":"summary_large_image","twitter_misc":{"Est. reading time":"2 minutes"},"schema":{"@context":"https:\/\/schema.org","@graph":[{"@type":"WebPage","@id":"https:\/\/beebipai.ee\/product\/meditsiiniline-tugivoo-pukstega-rasedatele-nera-lux\/","url":"https:\/\/beebipai.ee\/product\/meditsiiniline-tugivoo-pukstega-rasedatele-nera-lux\/","name":"Meditsiiniline tugiv\u00f6\u00f6 p\u00fckstega rasedatele Nera Lux - Beebipai","isPartOf":{"@id":"https:\/\/beebipai.ee\/en\/#website"},"primaryImageOfPage":{"@id":"https:\/\/beebipai.ee\/product\/meditsiiniline-tugivoo-pukstega-rasedatele-nera-lux\/#primaryimage"},"image":{"@id":"https:\/\/beebipai.ee\/product\/meditsiiniline-tugivoo-pukstega-rasedatele-nera-lux\/#primaryimage"},"thumbnailUrl":"https:\/\/beebipai.ee\/wp-content\/uploads\/2022\/06\/nera-lux1.jpg","datePublished":"2022-06-21T07:52:58+00:00","dateModified":"2025-09-26T02:55:03+00:00","description":"Meditsiiniline tugiv\u00f6\u00f6 p\u00fckstega Nera Lux leevendab rasedusaegseid alak\u00f5hu ja selja vaevuseid. Vaata toodet meditsiiniline tugiv\u00f6\u00f6 p\u00fckstega Nera Lux!","breadcrumb":{"@id":"https:\/\/beebipai.ee\/product\/meditsiiniline-tugivoo-pukstega-rasedatele-nera-lux\/#breadcrumb"},"inLanguage":"en-US","potentialAction":[{"@type":"ReadAction","target":["https:\/\/beebipai.ee\/product\/meditsiiniline-tugivoo-pukstega-rasedatele-nera-lux\/"]}]},{"@type":"ImageObject","inLanguage":"en-US","@id":"https:\/\/beebipai.ee\/product\/meditsiiniline-tugivoo-pukstega-rasedatele-nera-lux\/#primaryimage","url":"https:\/\/beebipai.ee\/wp-content\/uploads\/2022\/06\/nera-lux1.jpg","contentUrl":"https:\/\/beebipai.ee\/wp-content\/uploads\/2022\/06\/nera-lux1.jpg","width":960,"height":1200},{"@type":"BreadcrumbList","@id":"https:\/\/beebipai.ee\/product\/meditsiiniline-tugivoo-pukstega-rasedatele-nera-lux\/#breadcrumb","itemListElement":[{"@type":"ListItem","position":1,"name":"Home","item":"https:\/\/beebipai.ee\/"},{"@type":"ListItem","position":2,"name":"Pood","item":"https:\/\/beebipai.ee\/store\/"},{"@type":"ListItem","position":3,"name":"Meditsiiniline tugiv\u00f6\u00f6 p\u00fckstega rasedatele Nera Lux"}]},{"@type":"WebSite","@id":"https:\/\/beebipai.ee\/en\/#website","url":"https:\/\/beebipai.ee\/en\/","name":"Beebipai","description":"Rasedate ja beebide veebipood","potentialAction":[{"@type":"SearchAction","target":{"@type":"EntryPoint","urlTemplate":"https:\/\/beebipai.ee\/en\/?s={search_term_string}"},"query-input":{"@type":"PropertyValueSpecification","valueRequired":true,"valueName":"search_term_string"}}],"inLanguage":"en-US"}]}},"_links":{"self":[{"href":"https:\/\/beebipai.ee\/en\/wp-json\/wp\/v2\/product\/4716","targetHints":{"allow":["GET"]}}],"collection":[{"href":"https:\/\/beebipai.ee\/en\/wp-json\/wp\/v2\/product"}],"about":[{"href":"https:\/\/beebipai.ee\/en\/wp-json\/wp\/v2\/types\/product"}],"version-history":[{"count":5,"href":"https:\/\/beebipai.ee\/en\/wp-json\/wp\/v2\/product\/4716\/revisions"}],"predecessor-version":[{"id":13051,"href":"https:\/\/beebipai.ee\/en\/wp-json\/wp\/v2\/product\/4716\/revisions\/13051"}],"wp:featuredmedia":[{"embeddable":true,"href":"https:\/\/beebipai.ee\/en\/wp-json\/wp\/v2\/media\/4725"}],"wp:attachment":[{"href":"https:\/\/beebipai.ee\/en\/wp-json\/wp\/v2\/media?parent=4716"}],"wp:term":[{"taxonomy":"product_brand","embeddable":true,"href":"https:\/\/beebipai.ee\/en\/wp-json\/wp\/v2\/product_brand?post=4716"},{"taxonomy":"product_cat","embeddable":true,"href":"https:\/\/beebipai.ee\/en\/wp-json\/wp\/v2\/product_cat?post=4716"},{"taxonomy":"product_tag","embeddable":true,"href":"https:\/\/beebipai.ee\/en\/wp-json\/wp\/v2\/product_tag?post=4716"}],"curies":[{"name":"wp","href":"https:\/\/api.w.org\/{rel}","templated":true}]}}