{"id":4592,"date":"2022-06-19T13:28:43","date_gmt":"2022-06-19T10:28:43","guid":{"rendered":"https:\/\/beebipai.ee\/?post_type=product&#038;p=4592"},"modified":"2025-09-26T05:47:53","modified_gmt":"2025-09-26T02:47:53","slug":"beebipai-meditsiiniline-tugivoo-rasedatele","status":"publish","type":"product","link":"https:\/\/beebipai.ee\/en\/product\/beebipai-meditsiiniline-tugivoo-rasedatele\/","title":{"rendered":"Medical support belt for pregnant women Gerda"},"content":{"rendered":"<div data-elementor-type=\"wp-post\" data-elementor-id=\"4592\" class=\"elementor elementor-4592\">\n\t\t\t\t\t\t<section class=\"elementor-section elementor-top-section elementor-element elementor-element-ff6f736 elementor-section-boxed elementor-section-height-default elementor-section-height-default\" data-id=\"ff6f736\" data-element_type=\"section\" data-e-type=\"section\">\n\t\t\t\t\t\t<div class=\"elementor-container elementor-column-gap-default\">\n\t\t\t\t\t<div class=\"elementor-column elementor-col-50 elementor-top-column elementor-element elementor-element-404e19e\" data-id=\"404e19e\" data-element_type=\"column\" data-e-type=\"column\">\n\t\t\t<div class=\"elementor-widget-wrap elementor-element-populated\">\n\t\t\t\t\t\t<div class=\"elementor-element elementor-element-dfea4a6 elementor-widget elementor-widget-heading\" data-id=\"dfea4a6\" data-element_type=\"widget\" data-e-type=\"widget\" data-widget_type=\"heading.default\">\n\t\t\t\t<div class=\"elementor-widget-container\">\n\t\t\t\t\t<h2 class=\"elementor-heading-title elementor-size-default\">Medical support belt Gerda<\/h2>\t\t\t\t<\/div>\n\t\t\t\t<\/div>\n\t\t\t\t<div class=\"elementor-element elementor-element-78b50f8 elementor-widget elementor-widget-text-editor\" data-id=\"78b50f8\" data-element_type=\"widget\" data-e-type=\"widget\" data-widget_type=\"text-editor.default\">\n\t\t\t\t<div class=\"elementor-widget-container\">\n\t\t\t\t\t\t\t\t\t<p>Back and lower abdominal pain during pregnancy is one of the most common pregnancy concerns that probably affects every second pregnant woman. A growing belly is a large load on the lower abdomen, lower back, as well as on the pelvis. Relaxin, in cooperation with other hormones in the body, makes the joints and ligaments softer and more elastic. The abdominal muscles weaken, the load on the spine increases. The center of gravity of the body also changes, progressively forward, bringing with it a changed posture. All these changes can manifest as lower back pain, which usually strengthens when moving and eases in resting positions.\u00a0<\/p>\t\t\t\t\t\t\t\t<\/div>\n\t\t\t\t<\/div>\n\t\t\t\t\t<\/div>\n\t\t<\/div>\n\t\t\t\t<div class=\"elementor-column elementor-col-50 elementor-top-column elementor-element elementor-element-f6835a9\" data-id=\"f6835a9\" data-element_type=\"column\" data-e-type=\"column\">\n\t\t\t<div class=\"elementor-widget-wrap elementor-element-populated\">\n\t\t\t\t\t\t<div class=\"elementor-element elementor-element-b8dda11 elementor-widget elementor-widget-image\" data-id=\"b8dda11\" data-element_type=\"widget\" data-e-type=\"widget\" data-widget_type=\"image.default\">\n\t\t\t\t<div class=\"elementor-widget-container\">\n\t\t\t\t\t\t\t\t\t\t\t\t\t\t\t<img fetchpriority=\"high\" decoding=\"async\" width=\"400\" height=\"267\" src=\"https:\/\/beebipai.ee\/wp-content\/uploads\/2022\/06\/Rasedate-seljavalu1-e1655635381871.jpg\" class=\"attachment-large size-large wp-image-4613\" alt=\"\" srcset=\"https:\/\/beebipai.ee\/wp-content\/uploads\/2022\/06\/Rasedate-seljavalu1-e1655635381871.jpg 400w, https:\/\/beebipai.ee\/wp-content\/uploads\/2022\/06\/Rasedate-seljavalu1-e1655635381871-300x200.jpg 300w, https:\/\/beebipai.ee\/wp-content\/uploads\/2022\/06\/Rasedate-seljavalu1-e1655635381871-18x12.jpg 18w\" sizes=\"(max-width: 400px) 100vw, 400px\" \/>\t\t\t\t\t\t\t\t\t\t\t\t\t\t\t<\/div>\n\t\t\t\t<\/div>\n\t\t\t\t\t<\/div>\n\t\t<\/div>\n\t\t\t\t\t<\/div>\n\t\t<\/section>\n\t\t\t\t<section class=\"elementor-section elementor-top-section elementor-element elementor-element-fc6dbf0 elementor-section-boxed elementor-section-height-default elementor-section-height-default\" data-id=\"fc6dbf0\" data-element_type=\"section\" data-e-type=\"section\">\n\t\t\t\t\t\t<div class=\"elementor-container elementor-column-gap-default\">\n\t\t\t\t\t<div class=\"elementor-column elementor-col-50 elementor-top-column elementor-element elementor-element-c7a4066\" data-id=\"c7a4066\" data-element_type=\"column\" data-e-type=\"column\">\n\t\t\t<div class=\"elementor-widget-wrap elementor-element-populated\">\n\t\t\t\t\t\t<div class=\"elementor-element elementor-element-8cff91b elementor-widget elementor-widget-text-editor\" data-id=\"8cff91b\" data-element_type=\"widget\" data-e-type=\"widget\" data-widget_type=\"text-editor.default\">\n\t\t\t\t<div class=\"elementor-widget-container\">\n\t\t\t\t\t\t\t\t\t<p>There are several ways to relieve back pain, one of them is to make your actions and movements more appropriate to the body that has become more suitable for the pregnancy-related body.\u00a0<\/p><ul><li>avoid movements that weigh on your back, take things up from the ground by squatting with your back straight rather than bowing.<\/li><li>use the lateral muscles to go to bed and get over - don't pry yourself over your stomach and over your back<\/li><li>if you have been standing or sitting for a long time, then in the meantime, get up and do relaxing exercises on the pelvis that will also help relax the lower clear, such as moving the pelvis forward and backward, spinning eights or doing slow hip circles.\u00a0<\/li><li>a very good reliever of back pain is to make a \"cat hump\". Be on a quadruplet, pull your back into an \"evil cat\" and relax.<\/li><li>sit with your back straight with both feet supported or in tailors. It is also good to support your back straight against the wall<\/li><li>when sleeping, prefer lateral postures, pillow between the knees. This reduces the pressure on the sciatic nerve<\/li><li>wear low shoes so that the walk is firm, stable and your back does not get tired<\/li><\/ul>\t\t\t\t\t\t\t\t<\/div>\n\t\t\t\t<\/div>\n\t\t\t\t\t<\/div>\n\t\t<\/div>\n\t\t\t\t<div class=\"elementor-column elementor-col-50 elementor-top-column elementor-element elementor-element-d411c9d\" data-id=\"d411c9d\" data-element_type=\"column\" data-e-type=\"column\">\n\t\t\t<div class=\"elementor-widget-wrap elementor-element-populated\">\n\t\t\t\t\t\t<div class=\"elementor-element elementor-element-7c0fbf9 elementor-widget elementor-widget-image\" data-id=\"7c0fbf9\" data-element_type=\"widget\" data-e-type=\"widget\" data-widget_type=\"image.default\">\n\t\t\t\t<div class=\"elementor-widget-container\">\n\t\t\t\t\t\t\t\t\t\t\t\t\t\t\t<img decoding=\"async\" width=\"1024\" height=\"1024\" src=\"https:\/\/beebipai.ee\/wp-content\/uploads\/2022\/06\/rasedusaegne-seljavalu-1024x1024.jpg\" class=\"attachment-large size-large wp-image-4641\" alt=\"\" srcset=\"https:\/\/beebipai.ee\/wp-content\/uploads\/2022\/06\/rasedusaegne-seljavalu-1024x1024.jpg 1024w, https:\/\/beebipai.ee\/wp-content\/uploads\/2022\/06\/rasedusaegne-seljavalu-e1655642635543-300x300.jpg 300w, https:\/\/beebipai.ee\/wp-content\/uploads\/2022\/06\/rasedusaegne-seljavalu-e1655642635543-150x150.jpg 150w, https:\/\/beebipai.ee\/wp-content\/uploads\/2022\/06\/rasedusaegne-seljavalu-768x768.jpg 768w, https:\/\/beebipai.ee\/wp-content\/uploads\/2022\/06\/rasedusaegne-seljavalu-e1655642635543-12x12.jpg 12w, https:\/\/beebipai.ee\/wp-content\/uploads\/2022\/06\/rasedusaegne-seljavalu-600x600.jpg 600w, https:\/\/beebipai.ee\/wp-content\/uploads\/2022\/06\/rasedusaegne-seljavalu-e1655642635543-100x100.jpg 100w, https:\/\/beebipai.ee\/wp-content\/uploads\/2022\/06\/rasedusaegne-seljavalu-e1655642635543.jpg 400w\" sizes=\"(max-width: 1024px) 100vw, 1024px\" \/>\t\t\t\t\t\t\t\t\t\t\t\t\t\t\t<\/div>\n\t\t\t\t<\/div>\n\t\t\t\t\t<\/div>\n\t\t<\/div>\n\t\t\t\t\t<\/div>\n\t\t<\/section>\n\t\t\t\t<section class=\"elementor-section elementor-top-section elementor-element elementor-element-2f24cd3 elementor-section-boxed elementor-section-height-default elementor-section-height-default\" data-id=\"2f24cd3\" data-element_type=\"section\" data-e-type=\"section\">\n\t\t\t\t\t\t<div class=\"elementor-container elementor-column-gap-default\">\n\t\t\t\t\t<div class=\"elementor-column elementor-col-50 elementor-top-column elementor-element elementor-element-e1b6c67\" data-id=\"e1b6c67\" data-element_type=\"column\" data-e-type=\"column\">\n\t\t\t<div class=\"elementor-widget-wrap elementor-element-populated\">\n\t\t\t\t\t\t<div class=\"elementor-element elementor-element-be4178b elementor-widget elementor-widget-text-editor\" data-id=\"be4178b\" data-element_type=\"widget\" data-e-type=\"widget\" data-widget_type=\"text-editor.default\">\n\t\t\t\t<div class=\"elementor-widget-container\">\n\t\t\t\t\t\t\t\t\t<p>Support belts or bandages are a great help in relieving back pain and lower abdominal pain during pregnancy. Gerda, a support belt for pregnant women, is a medical remedy specifically for alleviating these ailments.\u00a0<\/p><p>The support belt is designed to be worn during the active period of the day when you are moving and carrying out your daily activities. While sitting and resting, you could be without a support belt. The support belt of pregnant women comes in different sizes, each size is very well adjusted according to body shape and abdominal size. The back of the support belt is wider, consists of two complementary parts, which provide very good relief from the pains of the lumbar region. It also helps prevent back fatigue.\u00a0<\/p><p>This support belt is a model with a universal design, which is why it is also suitable to use after childbirth to increase the tone of the abdominal muscles and to recede diastasis<\/p><p>The support belt for pregnant women is easy to maintain, washable and quick drying and does not require ironing<\/p>\t\t\t\t\t\t\t\t<\/div>\n\t\t\t\t<\/div>\n\t\t\t\t<div class=\"elementor-element elementor-element-a159140 elementor-widget elementor-widget-image\" data-id=\"a159140\" data-element_type=\"widget\" data-e-type=\"widget\" data-widget_type=\"image.default\">\n\t\t\t\t<div class=\"elementor-widget-container\">\n\t\t\t\t\t\t\t\t\t\t\t\t\t\t\t<img decoding=\"async\" width=\"400\" height=\"93\" src=\"https:\/\/beebipai.ee\/wp-content\/uploads\/2022\/06\/Tonus-elast-moottabel-e1655645004809.jpg\" class=\"attachment-medium_large size-medium_large wp-image-4646\" alt=\"\" srcset=\"https:\/\/beebipai.ee\/wp-content\/uploads\/2022\/06\/Tonus-elast-moottabel-e1655645004809.jpg 400w, https:\/\/beebipai.ee\/wp-content\/uploads\/2022\/06\/Tonus-elast-moottabel-e1655645004809-300x70.jpg 300w, https:\/\/beebipai.ee\/wp-content\/uploads\/2022\/06\/Tonus-elast-moottabel-e1655645004809-18x4.jpg 18w\" sizes=\"(max-width: 400px) 100vw, 400px\" \/>\t\t\t\t\t\t\t\t\t\t\t\t\t\t\t<\/div>\n\t\t\t\t<\/div>\n\t\t\t\t\t<\/div>\n\t\t<\/div>\n\t\t\t\t<div class=\"elementor-column elementor-col-50 elementor-top-column elementor-element elementor-element-e920d04\" data-id=\"e920d04\" data-element_type=\"column\" data-e-type=\"column\">\n\t\t\t<div class=\"elementor-widget-wrap elementor-element-populated\">\n\t\t\t\t\t\t<div class=\"elementor-element elementor-element-1394f58 elementor-widget elementor-widget-image\" data-id=\"1394f58\" data-element_type=\"widget\" data-e-type=\"widget\" data-widget_type=\"image.default\">\n\t\t\t\t<div class=\"elementor-widget-container\">\n\t\t\t\t\t\t\t\t\t\t\t\t\t\t\t<img loading=\"lazy\" decoding=\"async\" width=\"691\" height=\"1024\" src=\"https:\/\/beebipai.ee\/wp-content\/uploads\/2022\/06\/Bandaaz-gerda2-691x1024.jpg\" class=\"attachment-large size-large wp-image-4632\" alt=\"\" srcset=\"https:\/\/beebipai.ee\/wp-content\/uploads\/2022\/06\/Bandaaz-gerda2-691x1024.jpg 691w, https:\/\/beebipai.ee\/wp-content\/uploads\/2022\/06\/Bandaaz-gerda2-e1655644336729-203x300.jpg 203w, https:\/\/beebipai.ee\/wp-content\/uploads\/2022\/06\/Bandaaz-gerda2-e1655644336729-8x12.jpg 8w, https:\/\/beebipai.ee\/wp-content\/uploads\/2022\/06\/Bandaaz-gerda2-600x889.jpg 600w, https:\/\/beebipai.ee\/wp-content\/uploads\/2022\/06\/Bandaaz-gerda2-e1655644336729.jpg 400w\" sizes=\"(max-width: 691px) 100vw, 691px\" \/>\t\t\t\t\t\t\t\t\t\t\t\t\t\t\t<\/div>\n\t\t\t\t<\/div>\n\t\t\t\t\t<\/div>\n\t\t<\/div>\n\t\t\t\t\t<\/div>\n\t\t<\/section>\n\t\t\t\t<section class=\"elementor-section elementor-top-section elementor-element elementor-element-51061ab elementor-section-boxed elementor-section-height-default elementor-section-height-default\" data-id=\"51061ab\" data-element_type=\"section\" data-e-type=\"section\">\n\t\t\t\t\t\t<div class=\"elementor-container elementor-column-gap-default\">\n\t\t\t\t\t<div class=\"elementor-column elementor-col-100 elementor-top-column elementor-element elementor-element-47359ff\" data-id=\"47359ff\" data-element_type=\"column\" data-e-type=\"column\">\n\t\t\t<div class=\"elementor-widget-wrap elementor-element-populated\">\n\t\t\t\t\t\t<div class=\"elementor-element elementor-element-7e02a1d elementor-widget elementor-widget-video\" data-id=\"7e02a1d\" data-element_type=\"widget\" data-e-type=\"widget\" data-settings=\"{&quot;youtube_url&quot;:&quot;https:\\\/\\\/www.youtube.com\\\/watch?v=qfsfUao9Ac0&quot;,&quot;video_type&quot;:&quot;youtube&quot;,&quot;controls&quot;:&quot;yes&quot;}\" data-widget_type=\"video.default\">\n\t\t\t\t<div class=\"elementor-widget-container\">\n\t\t\t\t\t\t\t<div class=\"elementor-wrapper elementor-open-inline\">\n\t\t\t<div class=\"elementor-video\"><\/div>\t\t<\/div>\n\t\t\t\t\t\t<\/div>\n\t\t\t\t<\/div>\n\t\t\t\t\t<\/div>\n\t\t<\/div>\n\t\t\t\t\t<\/div>\n\t\t<\/section>\n\t\t\t\t<\/div>","protected":false},"excerpt":{"rendered":"<p>Gerda, a medical support belt, provides relief from back pain during pregnancy by supporting the ever-growing stomach and relieving the load on the lower back.<\/p>","protected":false},"featured_media":4602,"template":"","meta":{"_monsterinsights_skip_tracking":false,"_monsterinsights_sitenote_active":false,"_monsterinsights_sitenote_note":"","_monsterinsights_sitenote_category":0,"site-sidebar-layout":"no-sidebar","site-content-layout":"page-builder","ast-site-content-layout":"full-width-container","site-content-style":"unboxed","site-sidebar-style":"unboxed","ast-global-header-display":"","ast-banner-title-visibility":"","ast-main-header-display":"","ast-hfb-above-header-display":"","ast-hfb-below-header-display":"","ast-hfb-mobile-header-display":"","site-post-title":"disabled","ast-breadcrumbs-content":"","ast-featured-img":"disabled","footer-sml-layout":"","ast-disable-related-posts":"","theme-transparent-header-meta":"default","adv-header-id-meta":"","stick-header-meta":"","header-above-stick-meta":"","header-main-stick-meta":"","header-below-stick-meta":"","astra-migrate-meta-layouts":"set","ast-page-background-enabled":"default","ast-page-background-meta":{"desktop":{"background-color":"","background-image":"","background-repeat":"repeat","background-position":"center center","background-size":"auto","background-attachment":"scroll","background-type":"","background-media":"","overlay-type":"","overlay-color":"","overlay-opacity":"","overlay-gradient":""},"tablet":{"background-color":"","background-image":"","background-repeat":"repeat","background-position":"center center","background-size":"auto","background-attachment":"scroll","background-type":"","background-media":"","overlay-type":"","overlay-color":"","overlay-opacity":"","overlay-gradient":""},"mobile":{"background-color":"","background-image":"","background-repeat":"repeat","background-position":"center center","background-size":"auto","background-attachment":"scroll","background-type":"","background-media":"","overlay-type":"","overlay-color":"","overlay-opacity":"","overlay-gradient":""}},"ast-content-background-meta":{"desktop":{"background-color":"var(--ast-global-color-5)","background-image":"","background-repeat":"repeat","background-position":"center center","background-size":"auto","background-attachment":"scroll","background-type":"","background-media":"","overlay-type":"","overlay-color":"","overlay-opacity":"","overlay-gradient":""},"tablet":{"background-color":"var(--ast-global-color-5)","background-image":"","background-repeat":"repeat","background-position":"center center","background-size":"auto","background-attachment":"scroll","background-type":"","background-media":"","overlay-type":"","overlay-color":"","overlay-opacity":"","overlay-gradient":""},"mobile":{"background-color":"var(--ast-global-color-5)","background-image":"","background-repeat":"repeat","background-position":"center center","background-size":"auto","background-attachment":"scroll","background-type":"","background-media":"","overlay-type":"","overlay-color":"","overlay-opacity":"","overlay-gradient":""}}},"product_brand":[],"product_cat":[102,22,148],"product_tag":[],"class_list":{"0":"post-4592","1":"product","2":"type-product","3":"status-publish","4":"has-post-thumbnail","6":"product_cat-bandaazid-tugivood","7":"product_cat-emale","8":"product_cat-kingiideed-emale","9":"desktop-align-left","10":"tablet-align-left","11":"mobile-align-left","13":"first","14":"instock","15":"taxable","16":"shipping-taxable","17":"purchasable","18":"product-type-variable"},"yoast_head":"<!-- This site is optimized with the Yoast SEO plugin v27.3 - https:\/\/yoast.com\/product\/yoast-seo-wordpress\/ -->\n<title>Meditsiiniline tugiv\u00f6\u00f6 rasedatele Gerda - Beebipai<\/title>\n<meta name=\"description\" content=\"Meditsiiniline tugiv\u00f6\u00f6 rasedatele toetab kasvavat k\u00f5htu ja v\u00e4hendab rasedusega seotud koormust alaseljale. Vaata toodet meditsiiniline tugiv\u00f6\u00f6 rasedatele!\" \/>\n<meta name=\"robots\" content=\"index, follow, max-snippet:-1, max-image-preview:large, max-video-preview:-1\" \/>\n<link rel=\"canonical\" href=\"https:\/\/beebipai.ee\/en\/product\/beebipai-meditsiiniline-tugivoo-rasedatele\/\" \/>\n<meta property=\"og:locale\" content=\"en_US\" \/>\n<meta property=\"og:type\" content=\"article\" \/>\n<meta property=\"og:title\" content=\"Meditsiiniline tugiv\u00f6\u00f6 rasedatele Gerda - Beebipai\" \/>\n<meta property=\"og:description\" content=\"Meditsiiniline tugiv\u00f6\u00f6 rasedatele toetab kasvavat k\u00f5htu ja v\u00e4hendab rasedusega seotud koormust alaseljale. Vaata toodet meditsiiniline tugiv\u00f6\u00f6 rasedatele!\" \/>\n<meta property=\"og:url\" content=\"https:\/\/beebipai.ee\/en\/product\/beebipai-meditsiiniline-tugivoo-rasedatele\/\" \/>\n<meta property=\"og:site_name\" content=\"Beebipai\" \/>\n<meta property=\"article:modified_time\" content=\"2025-09-26T02:47:53+00:00\" \/>\n<meta property=\"og:image\" content=\"https:\/\/beebipai.ee\/wp-content\/uploads\/2022\/06\/Bandaaz-Gerda1-e1655645475554.jpg\" \/>\n\t<meta property=\"og:image:width\" content=\"400\" \/>\n\t<meta property=\"og:image:height\" content=\"400\" \/>\n\t<meta property=\"og:image:type\" content=\"image\/jpeg\" \/>\n<meta name=\"twitter:card\" content=\"summary_large_image\" \/>\n<meta name=\"twitter:label1\" content=\"Est. reading time\" \/>\n\t<meta name=\"twitter:data1\" content=\"3 minutes\" \/>\n<script type=\"application\/ld+json\" class=\"yoast-schema-graph\">{\"@context\":\"https:\\\/\\\/schema.org\",\"@graph\":[{\"@type\":\"WebPage\",\"@id\":\"https:\\\/\\\/beebipai.ee\\\/product\\\/beebipai-meditsiiniline-tugivoo-rasedatele\\\/\",\"url\":\"https:\\\/\\\/beebipai.ee\\\/product\\\/beebipai-meditsiiniline-tugivoo-rasedatele\\\/\",\"name\":\"Meditsiiniline tugiv\u00f6\u00f6 rasedatele Gerda - Beebipai\",\"isPartOf\":{\"@id\":\"https:\\\/\\\/beebipai.ee\\\/en\\\/#website\"},\"primaryImageOfPage\":{\"@id\":\"https:\\\/\\\/beebipai.ee\\\/product\\\/beebipai-meditsiiniline-tugivoo-rasedatele\\\/#primaryimage\"},\"image\":{\"@id\":\"https:\\\/\\\/beebipai.ee\\\/product\\\/beebipai-meditsiiniline-tugivoo-rasedatele\\\/#primaryimage\"},\"thumbnailUrl\":\"https:\\\/\\\/beebipai.ee\\\/wp-content\\\/uploads\\\/2022\\\/06\\\/Bandaaz-Gerda1-e1655645475554.jpg\",\"datePublished\":\"2022-06-19T10:28:43+00:00\",\"dateModified\":\"2025-09-26T02:47:53+00:00\",\"description\":\"Meditsiiniline tugiv\u00f6\u00f6 rasedatele toetab kasvavat k\u00f5htu ja v\u00e4hendab rasedusega seotud koormust alaseljale. Vaata toodet meditsiiniline tugiv\u00f6\u00f6 rasedatele!\",\"breadcrumb\":{\"@id\":\"https:\\\/\\\/beebipai.ee\\\/product\\\/beebipai-meditsiiniline-tugivoo-rasedatele\\\/#breadcrumb\"},\"inLanguage\":\"en-US\",\"potentialAction\":[{\"@type\":\"ReadAction\",\"target\":[\"https:\\\/\\\/beebipai.ee\\\/product\\\/beebipai-meditsiiniline-tugivoo-rasedatele\\\/\"]}]},{\"@type\":\"ImageObject\",\"inLanguage\":\"en-US\",\"@id\":\"https:\\\/\\\/beebipai.ee\\\/product\\\/beebipai-meditsiiniline-tugivoo-rasedatele\\\/#primaryimage\",\"url\":\"https:\\\/\\\/beebipai.ee\\\/wp-content\\\/uploads\\\/2022\\\/06\\\/Bandaaz-Gerda1-e1655645475554.jpg\",\"contentUrl\":\"https:\\\/\\\/beebipai.ee\\\/wp-content\\\/uploads\\\/2022\\\/06\\\/Bandaaz-Gerda1-e1655645475554.jpg\",\"width\":400,\"height\":400},{\"@type\":\"BreadcrumbList\",\"@id\":\"https:\\\/\\\/beebipai.ee\\\/product\\\/beebipai-meditsiiniline-tugivoo-rasedatele\\\/#breadcrumb\",\"itemListElement\":[{\"@type\":\"ListItem\",\"position\":1,\"name\":\"Home\",\"item\":\"https:\\\/\\\/beebipai.ee\\\/\"},{\"@type\":\"ListItem\",\"position\":2,\"name\":\"Pood\",\"item\":\"https:\\\/\\\/beebipai.ee\\\/store\\\/\"},{\"@type\":\"ListItem\",\"position\":3,\"name\":\"Meditsiiniline tugiv\u00f6\u00f6 rasedatele Gerda\"}]},{\"@type\":\"WebSite\",\"@id\":\"https:\\\/\\\/beebipai.ee\\\/en\\\/#website\",\"url\":\"https:\\\/\\\/beebipai.ee\\\/en\\\/\",\"name\":\"Beebipai\",\"description\":\"Rasedate ja beebide veebipood\",\"potentialAction\":[{\"@type\":\"SearchAction\",\"target\":{\"@type\":\"EntryPoint\",\"urlTemplate\":\"https:\\\/\\\/beebipai.ee\\\/en\\\/?s={search_term_string}\"},\"query-input\":{\"@type\":\"PropertyValueSpecification\",\"valueRequired\":true,\"valueName\":\"search_term_string\"}}],\"inLanguage\":\"en-US\"}]}<\/script>\n<!-- \/ Yoast SEO plugin. -->","yoast_head_json":{"title":"Meditsiiniline tugiv\u00f6\u00f6 rasedatele Gerda - Beebipai","description":"Meditsiiniline tugiv\u00f6\u00f6 rasedatele toetab kasvavat k\u00f5htu ja v\u00e4hendab rasedusega seotud koormust alaseljale. Vaata toodet meditsiiniline tugiv\u00f6\u00f6 rasedatele!","robots":{"index":"index","follow":"follow","max-snippet":"max-snippet:-1","max-image-preview":"max-image-preview:large","max-video-preview":"max-video-preview:-1"},"canonical":"https:\/\/beebipai.ee\/en\/product\/beebipai-meditsiiniline-tugivoo-rasedatele\/","og_locale":"en_US","og_type":"article","og_title":"Meditsiiniline tugiv\u00f6\u00f6 rasedatele Gerda - Beebipai","og_description":"Meditsiiniline tugiv\u00f6\u00f6 rasedatele toetab kasvavat k\u00f5htu ja v\u00e4hendab rasedusega seotud koormust alaseljale. Vaata toodet meditsiiniline tugiv\u00f6\u00f6 rasedatele!","og_url":"https:\/\/beebipai.ee\/en\/product\/beebipai-meditsiiniline-tugivoo-rasedatele\/","og_site_name":"Beebipai","article_modified_time":"2025-09-26T02:47:53+00:00","og_image":[{"width":400,"height":400,"url":"https:\/\/beebipai.ee\/wp-content\/uploads\/2022\/06\/Bandaaz-Gerda1-e1655645475554.jpg","type":"image\/jpeg"}],"twitter_card":"summary_large_image","twitter_misc":{"Est. reading time":"3 minutes"},"schema":{"@context":"https:\/\/schema.org","@graph":[{"@type":"WebPage","@id":"https:\/\/beebipai.ee\/product\/beebipai-meditsiiniline-tugivoo-rasedatele\/","url":"https:\/\/beebipai.ee\/product\/beebipai-meditsiiniline-tugivoo-rasedatele\/","name":"Meditsiiniline tugiv\u00f6\u00f6 rasedatele Gerda - Beebipai","isPartOf":{"@id":"https:\/\/beebipai.ee\/en\/#website"},"primaryImageOfPage":{"@id":"https:\/\/beebipai.ee\/product\/beebipai-meditsiiniline-tugivoo-rasedatele\/#primaryimage"},"image":{"@id":"https:\/\/beebipai.ee\/product\/beebipai-meditsiiniline-tugivoo-rasedatele\/#primaryimage"},"thumbnailUrl":"https:\/\/beebipai.ee\/wp-content\/uploads\/2022\/06\/Bandaaz-Gerda1-e1655645475554.jpg","datePublished":"2022-06-19T10:28:43+00:00","dateModified":"2025-09-26T02:47:53+00:00","description":"Meditsiiniline tugiv\u00f6\u00f6 rasedatele toetab kasvavat k\u00f5htu ja v\u00e4hendab rasedusega seotud koormust alaseljale. Vaata toodet meditsiiniline tugiv\u00f6\u00f6 rasedatele!","breadcrumb":{"@id":"https:\/\/beebipai.ee\/product\/beebipai-meditsiiniline-tugivoo-rasedatele\/#breadcrumb"},"inLanguage":"en-US","potentialAction":[{"@type":"ReadAction","target":["https:\/\/beebipai.ee\/product\/beebipai-meditsiiniline-tugivoo-rasedatele\/"]}]},{"@type":"ImageObject","inLanguage":"en-US","@id":"https:\/\/beebipai.ee\/product\/beebipai-meditsiiniline-tugivoo-rasedatele\/#primaryimage","url":"https:\/\/beebipai.ee\/wp-content\/uploads\/2022\/06\/Bandaaz-Gerda1-e1655645475554.jpg","contentUrl":"https:\/\/beebipai.ee\/wp-content\/uploads\/2022\/06\/Bandaaz-Gerda1-e1655645475554.jpg","width":400,"height":400},{"@type":"BreadcrumbList","@id":"https:\/\/beebipai.ee\/product\/beebipai-meditsiiniline-tugivoo-rasedatele\/#breadcrumb","itemListElement":[{"@type":"ListItem","position":1,"name":"Home","item":"https:\/\/beebipai.ee\/"},{"@type":"ListItem","position":2,"name":"Pood","item":"https:\/\/beebipai.ee\/store\/"},{"@type":"ListItem","position":3,"name":"Meditsiiniline tugiv\u00f6\u00f6 rasedatele Gerda"}]},{"@type":"WebSite","@id":"https:\/\/beebipai.ee\/en\/#website","url":"https:\/\/beebipai.ee\/en\/","name":"Beebipai","description":"Rasedate ja beebide veebipood","potentialAction":[{"@type":"SearchAction","target":{"@type":"EntryPoint","urlTemplate":"https:\/\/beebipai.ee\/en\/?s={search_term_string}"},"query-input":{"@type":"PropertyValueSpecification","valueRequired":true,"valueName":"search_term_string"}}],"inLanguage":"en-US"}]}},"_links":{"self":[{"href":"https:\/\/beebipai.ee\/en\/wp-json\/wp\/v2\/product\/4592","targetHints":{"allow":["GET"]}}],"collection":[{"href":"https:\/\/beebipai.ee\/en\/wp-json\/wp\/v2\/product"}],"about":[{"href":"https:\/\/beebipai.ee\/en\/wp-json\/wp\/v2\/types\/product"}],"version-history":[{"count":5,"href":"https:\/\/beebipai.ee\/en\/wp-json\/wp\/v2\/product\/4592\/revisions"}],"predecessor-version":[{"id":7360,"href":"https:\/\/beebipai.ee\/en\/wp-json\/wp\/v2\/product\/4592\/revisions\/7360"}],"wp:featuredmedia":[{"embeddable":true,"href":"https:\/\/beebipai.ee\/en\/wp-json\/wp\/v2\/media\/4602"}],"wp:attachment":[{"href":"https:\/\/beebipai.ee\/en\/wp-json\/wp\/v2\/media?parent=4592"}],"wp:term":[{"taxonomy":"product_brand","embeddable":true,"href":"https:\/\/beebipai.ee\/en\/wp-json\/wp\/v2\/product_brand?post=4592"},{"taxonomy":"product_cat","embeddable":true,"href":"https:\/\/beebipai.ee\/en\/wp-json\/wp\/v2\/product_cat?post=4592"},{"taxonomy":"product_tag","embeddable":true,"href":"https:\/\/beebipai.ee\/en\/wp-json\/wp\/v2\/product_tag?post=4592"}],"curies":[{"name":"wp","href":"https:\/\/api.w.org\/{rel}","templated":true}]}}