{"id":4407,"date":"2022-06-14T10:00:29","date_gmt":"2022-06-14T07:00:29","guid":{"rendered":"https:\/\/beebipai.ee\/?post_type=product&#038;p=4407"},"modified":"2025-10-14T18:35:44","modified_gmt":"2025-10-14T15:35:44","slug":"cadenshae-korge-pihaga-treeningpuksid","status":"publish","type":"product","link":"https:\/\/beebipai.ee\/en\/product\/cadenshae-korge-pihaga-treeningpuksid\/","title":{"rendered":"Cadenshae High Waist Leggings for Postpartum"},"content":{"rendered":"<div data-elementor-type=\"wp-post\" data-elementor-id=\"4407\" class=\"elementor elementor-4407\">\n\t\t\t\t\t\t<section class=\"elementor-section elementor-top-section elementor-element elementor-element-6769da4 elementor-section-boxed elementor-section-height-default elementor-section-height-default\" data-id=\"6769da4\" data-element_type=\"section\" data-e-type=\"section\">\n\t\t\t\t\t\t<div class=\"elementor-container elementor-column-gap-default\">\n\t\t\t\t\t<div class=\"elementor-column elementor-col-50 elementor-top-column elementor-element elementor-element-3a80c15\" data-id=\"3a80c15\" data-element_type=\"column\" data-e-type=\"column\">\n\t\t\t<div class=\"elementor-widget-wrap elementor-element-populated\">\n\t\t\t\t\t\t<div class=\"elementor-element elementor-element-d835e5b elementor-widget elementor-widget-heading\" data-id=\"d835e5b\" data-element_type=\"widget\" data-e-type=\"widget\" data-widget_type=\"heading.default\">\n\t\t\t\t<div class=\"elementor-widget-container\">\n\t\t\t\t\t<h2 class=\"elementor-heading-title elementor-size-default\">Cadenshae High Waist Leggings for Postpartum<\/h2>\t\t\t\t<\/div>\n\t\t\t\t<\/div>\n\t\t\t\t<div class=\"elementor-element elementor-element-3405145 elementor-widget elementor-widget-text-editor\" data-id=\"3405145\" data-element_type=\"widget\" data-e-type=\"widget\" data-widget_type=\"text-editor.default\">\n\t\t\t\t<div class=\"elementor-widget-container\">\n\t\t\t\t\t\t\t\t\t<p>When the birth is over and the baby is in hand, one period with big others is behind us. But another equally important time with great changes is ahead. The postpartum period\u2026. recovery time.<\/p><p>Sooner or later, both the desire and the need to restore your pre-pregnancy shape, improve muscle tone, feeling of well-being, increase endurance arise after childbirth. The goal of postpartum training is mostly effective physical fitness improvement and recovery. As physical fitness improves, so does emotional balance and self-satisfaction.<\/p><p>Don't forget that pregnancy and childbirth are very heavy burdens on a woman's organism, so give yourself time and don't set too big goals right away. Postpartum training must start gradually, observing how you feel. Although the desire for quick results can be very great, beating yourself up too much does more harm than good.\u00a0<\/p>\t\t\t\t\t\t\t\t<\/div>\n\t\t\t\t<\/div>\n\t\t\t\t\t<\/div>\n\t\t<\/div>\n\t\t\t\t<div class=\"elementor-column elementor-col-50 elementor-top-column elementor-element elementor-element-e118257\" data-id=\"e118257\" data-element_type=\"column\" data-e-type=\"column\">\n\t\t\t<div class=\"elementor-widget-wrap elementor-element-populated\">\n\t\t\t\t\t\t<div class=\"elementor-element elementor-element-79b43b9 elementor-widget elementor-widget-image\" data-id=\"79b43b9\" data-element_type=\"widget\" data-e-type=\"widget\" data-widget_type=\"image.default\">\n\t\t\t\t<div class=\"elementor-widget-container\">\n\t\t\t\t\t\t\t\t\t\t\t\t\t\t\t<img fetchpriority=\"high\" decoding=\"async\" width=\"768\" height=\"576\" src=\"https:\/\/beebipai.ee\/wp-content\/uploads\/2022\/06\/Sunnitusjargne-treening-768x576.webp\" class=\"attachment-medium_large size-medium_large wp-image-4419\" alt=\"\" srcset=\"https:\/\/beebipai.ee\/wp-content\/uploads\/2022\/06\/Sunnitusjargne-treening-768x576.webp 768w, https:\/\/beebipai.ee\/wp-content\/uploads\/2022\/06\/Sunnitusjargne-treening-e1655191546973-300x225.webp 300w, https:\/\/beebipai.ee\/wp-content\/uploads\/2022\/06\/Sunnitusjargne-treening-1024x768.webp 1024w, https:\/\/beebipai.ee\/wp-content\/uploads\/2022\/06\/Sunnitusjargne-treening-1536x1152.webp 1536w, https:\/\/beebipai.ee\/wp-content\/uploads\/2022\/06\/Sunnitusjargne-treening-2048x1536.webp 2048w, https:\/\/beebipai.ee\/wp-content\/uploads\/2022\/06\/Sunnitusjargne-treening-e1655191546973-16x12.webp 16w, https:\/\/beebipai.ee\/wp-content\/uploads\/2022\/06\/Sunnitusjargne-treening-600x450.webp 600w, https:\/\/beebipai.ee\/wp-content\/uploads\/2022\/06\/Sunnitusjargne-treening-e1655191546973.webp 400w\" sizes=\"(max-width: 768px) 100vw, 768px\" \/>\t\t\t\t\t\t\t\t\t\t\t\t\t\t\t<\/div>\n\t\t\t\t<\/div>\n\t\t\t\t\t<\/div>\n\t\t<\/div>\n\t\t\t\t\t<\/div>\n\t\t<\/section>\n\t\t\t\t<section class=\"elementor-section elementor-top-section elementor-element elementor-element-7d10e1a elementor-section-boxed elementor-section-height-default elementor-section-height-default\" data-id=\"7d10e1a\" data-element_type=\"section\" data-e-type=\"section\">\n\t\t\t\t\t\t<div class=\"elementor-container elementor-column-gap-default\">\n\t\t\t\t\t<div class=\"elementor-column elementor-col-50 elementor-top-column elementor-element elementor-element-942c806\" data-id=\"942c806\" data-element_type=\"column\" data-e-type=\"column\">\n\t\t\t<div class=\"elementor-widget-wrap elementor-element-populated\">\n\t\t\t\t\t\t<div class=\"elementor-element elementor-element-d2eae3f elementor-widget elementor-widget-text-editor\" data-id=\"d2eae3f\" data-element_type=\"widget\" data-e-type=\"widget\" data-widget_type=\"text-editor.default\">\n\t\t\t\t<div class=\"elementor-widget-container\">\n\t\t\t\t\t\t\t\t\t<p>Very high-intensity training is not suitable for postpartum training. At first, you may feel a bit lacking in body awareness, especially when it comes to the corset and pelvic floor muscles. Before moving into high-intensity training, start by training your core and core muscles. Breathing exercises, yoga, pilates and stretching exercises are very suitable. And walking circles with a stroller are an excellent endurance training opportunity \ud83d\ude42<\/p><p>Rather, start with shorter and lighter workouts, moving forward step by step. Monitor how you feel both during and after exercise. When you feel good and your performance increases, it's time to increase the load a little.\u00a0<\/p><p>You can also include your baby in post-natal training. Many postpartum exercise programs and group exercises are structured in such a way that you can do the exercises with your baby. A baby gives the exercises just the right amount of extra load. As the baby grows, so does the extra load.\u00a0<\/p>\t\t\t\t\t\t\t\t<\/div>\n\t\t\t\t<\/div>\n\t\t\t\t\t<\/div>\n\t\t<\/div>\n\t\t\t\t<div class=\"elementor-column elementor-col-50 elementor-top-column elementor-element elementor-element-f4ebb23\" data-id=\"f4ebb23\" data-element_type=\"column\" data-e-type=\"column\">\n\t\t\t<div class=\"elementor-widget-wrap elementor-element-populated\">\n\t\t\t\t\t\t<div class=\"elementor-element elementor-element-b1716f9 elementor-widget elementor-widget-image\" data-id=\"b1716f9\" data-element_type=\"widget\" data-e-type=\"widget\" data-widget_type=\"image.default\">\n\t\t\t\t<div class=\"elementor-widget-container\">\n\t\t\t\t\t\t\t\t\t\t\t\t\t\t\t<img decoding=\"async\" width=\"768\" height=\"768\" src=\"https:\/\/beebipai.ee\/wp-content\/uploads\/2022\/06\/Sunnitusjargne-treening1-768x768.jpg\" class=\"attachment-medium_large size-medium_large wp-image-4420\" alt=\"\" srcset=\"https:\/\/beebipai.ee\/wp-content\/uploads\/2022\/06\/Sunnitusjargne-treening1-768x768.jpg 768w, https:\/\/beebipai.ee\/wp-content\/uploads\/2022\/06\/Sunnitusjargne-treening1-e1655192225601-300x300.jpg 300w, https:\/\/beebipai.ee\/wp-content\/uploads\/2022\/06\/Sunnitusjargne-treening1-1024x1024.jpg 1024w, https:\/\/beebipai.ee\/wp-content\/uploads\/2022\/06\/Sunnitusjargne-treening1-e1655192225601-150x150.jpg 150w, https:\/\/beebipai.ee\/wp-content\/uploads\/2022\/06\/Sunnitusjargne-treening1-e1655192225601-12x12.jpg 12w, https:\/\/beebipai.ee\/wp-content\/uploads\/2022\/06\/Sunnitusjargne-treening1-600x600.jpg 600w, https:\/\/beebipai.ee\/wp-content\/uploads\/2022\/06\/Sunnitusjargne-treening1-e1655192225601-100x100.jpg 100w, https:\/\/beebipai.ee\/wp-content\/uploads\/2022\/06\/Sunnitusjargne-treening1-e1655192225601.jpg 400w\" sizes=\"(max-width: 768px) 100vw, 768px\" \/>\t\t\t\t\t\t\t\t\t\t\t\t\t\t\t<\/div>\n\t\t\t\t<\/div>\n\t\t\t\t\t<\/div>\n\t\t<\/div>\n\t\t\t\t\t<\/div>\n\t\t<\/section>\n\t\t\t\t<section class=\"elementor-section elementor-top-section elementor-element elementor-element-99a3a69 elementor-section-boxed elementor-section-height-default elementor-section-height-default\" data-id=\"99a3a69\" data-element_type=\"section\" data-e-type=\"section\">\n\t\t\t\t\t\t<div class=\"elementor-container elementor-column-gap-default\">\n\t\t\t\t\t<div class=\"elementor-column elementor-col-50 elementor-top-column elementor-element elementor-element-38bcf23\" data-id=\"38bcf23\" data-element_type=\"column\" data-e-type=\"column\">\n\t\t\t<div class=\"elementor-widget-wrap elementor-element-populated\">\n\t\t\t\t\t\t<div class=\"elementor-element elementor-element-ea75b8f elementor-widget elementor-widget-text-editor\" data-id=\"ea75b8f\" data-element_type=\"widget\" data-e-type=\"widget\" data-widget_type=\"text-editor.default\">\n\t\t\t\t<div class=\"elementor-widget-container\">\n\t\t\t\t\t\t\t\t\t<p>Cadenshae high-waisted training pants are ideal for postpartum training. Suitable for aerobic exercise, muscle training, as well as going for a walk.\u00a0 The reinforced higher piha part supports the stomach and back, the musculature that has changed the most since pregnancy. Postpartum leggings are also excellent helpers in the retreat of diastasis. The fabric of ultra-comfortable and well-fitting leggings is smooth and shapely, supporting the legs and buttocks.  There are no ribbing or squeezing seams. Trousers have comfortable pockets on the sides.\u00a0<\/p><p>Training leggings must be maintained according to the same principles as other training clothes. In this way, they remain functional, healthy and beautiful for longer.<\/p><ul><li>Machine wash or hand wash in cool water<\/li><li>Wash with similar colors products<\/li><li>Training leggings must not be ironed or bleached<\/li><\/ul>\t\t\t\t\t\t\t\t<\/div>\n\t\t\t\t<\/div>\n\t\t\t\t\t<\/div>\n\t\t<\/div>\n\t\t\t\t<div class=\"elementor-column elementor-col-50 elementor-top-column elementor-element elementor-element-3072db2\" data-id=\"3072db2\" data-element_type=\"column\" data-e-type=\"column\">\n\t\t\t<div class=\"elementor-widget-wrap elementor-element-populated\">\n\t\t\t\t\t\t<div class=\"elementor-element elementor-element-9e964bc elementor-widget elementor-widget-image\" data-id=\"9e964bc\" data-element_type=\"widget\" data-e-type=\"widget\" data-widget_type=\"image.default\">\n\t\t\t\t<div class=\"elementor-widget-container\">\n\t\t\t\t\t\t\t\t\t\t\t\t\t\t\t<img decoding=\"async\" width=\"807\" height=\"1024\" src=\"https:\/\/beebipai.ee\/wp-content\/uploads\/2022\/06\/Cadenshae-korge-pihaga-treeningpuksid4-807x1024.jpg\" class=\"attachment-large size-large wp-image-4417\" alt=\"\" srcset=\"https:\/\/beebipai.ee\/wp-content\/uploads\/2022\/06\/Cadenshae-korge-pihaga-treeningpuksid4-807x1024.jpg 807w, https:\/\/beebipai.ee\/wp-content\/uploads\/2022\/06\/Cadenshae-korge-pihaga-treeningpuksid4-e1655193513876-237x300.jpg 237w, https:\/\/beebipai.ee\/wp-content\/uploads\/2022\/06\/Cadenshae-korge-pihaga-treeningpuksid4-768x974.jpg 768w, https:\/\/beebipai.ee\/wp-content\/uploads\/2022\/06\/Cadenshae-korge-pihaga-treeningpuksid4-1211x1536.jpg 1211w, https:\/\/beebipai.ee\/wp-content\/uploads\/2022\/06\/Cadenshae-korge-pihaga-treeningpuksid4-e1655193513876-9x12.jpg 9w, https:\/\/beebipai.ee\/wp-content\/uploads\/2022\/06\/Cadenshae-korge-pihaga-treeningpuksid4-600x761.jpg 600w, https:\/\/beebipai.ee\/wp-content\/uploads\/2022\/06\/Cadenshae-korge-pihaga-treeningpuksid4-e1655193513876.jpg 400w\" sizes=\"(max-width: 807px) 100vw, 807px\" \/>\t\t\t\t\t\t\t\t\t\t\t\t\t\t\t<\/div>\n\t\t\t\t<\/div>\n\t\t\t\t\t<\/div>\n\t\t<\/div>\n\t\t\t\t\t<\/div>\n\t\t<\/section>\n\t\t\t\t<\/div>","protected":false},"excerpt":{"rendered":"<p>Cadenshae's high-waisted training pants are ideal for post-natal training. They support the corset muscles after childbirth and help to reduce diastasis. Comfortable and practical even for everyday wear.<\/p>","protected":false},"featured_media":4413,"template":"","meta":{"_monsterinsights_skip_tracking":false,"_monsterinsights_sitenote_active":false,"_monsterinsights_sitenote_note":"","_monsterinsights_sitenote_category":0,"site-sidebar-layout":"no-sidebar","site-content-layout":"page-builder","ast-site-content-layout":"full-width-container","site-content-style":"unboxed","site-sidebar-style":"unboxed","ast-global-header-display":"","ast-banner-title-visibility":"","ast-main-header-display":"","ast-hfb-above-header-display":"","ast-hfb-below-header-display":"","ast-hfb-mobile-header-display":"","site-post-title":"disabled","ast-breadcrumbs-content":"","ast-featured-img":"disabled","footer-sml-layout":"","ast-disable-related-posts":"","theme-transparent-header-meta":"default","adv-header-id-meta":"","stick-header-meta":"","header-above-stick-meta":"","header-main-stick-meta":"","header-below-stick-meta":"","astra-migrate-meta-layouts":"set","ast-page-background-enabled":"default","ast-page-background-meta":{"desktop":{"background-color":"","background-image":"","background-repeat":"repeat","background-position":"center center","background-size":"auto","background-attachment":"scroll","background-type":"","background-media":"","overlay-type":"","overlay-color":"","overlay-opacity":"","overlay-gradient":""},"tablet":{"background-color":"","background-image":"","background-repeat":"repeat","background-position":"center center","background-size":"auto","background-attachment":"scroll","background-type":"","background-media":"","overlay-type":"","overlay-color":"","overlay-opacity":"","overlay-gradient":""},"mobile":{"background-color":"","background-image":"","background-repeat":"repeat","background-position":"center center","background-size":"auto","background-attachment":"scroll","background-type":"","background-media":"","overlay-type":"","overlay-color":"","overlay-opacity":"","overlay-gradient":""}},"ast-content-background-meta":{"desktop":{"background-color":"var(--ast-global-color-5)","background-image":"","background-repeat":"repeat","background-position":"center center","background-size":"auto","background-attachment":"scroll","background-type":"","background-media":"","overlay-type":"","overlay-color":"","overlay-opacity":"","overlay-gradient":""},"tablet":{"background-color":"var(--ast-global-color-5)","background-image":"","background-repeat":"repeat","background-position":"center center","background-size":"auto","background-attachment":"scroll","background-type":"","background-media":"","overlay-type":"","overlay-color":"","overlay-opacity":"","overlay-gradient":""},"mobile":{"background-color":"var(--ast-global-color-5)","background-image":"","background-repeat":"repeat","background-position":"center center","background-size":"auto","background-attachment":"scroll","background-type":"","background-media":"","overlay-type":"","overlay-color":"","overlay-opacity":"","overlay-gradient":""}}},"product_brand":[],"product_cat":[22,105,133],"product_tag":[],"class_list":{"0":"post-4407","1":"product","2":"type-product","3":"status-publish","4":"has-post-thumbnail","6":"product_cat-emale","7":"product_cat-treening","8":"product_cat-riided-rasedatele-ja-rinnaga-toitvatele-emadele","9":"desktop-align-left","10":"tablet-align-left","11":"mobile-align-left","13":"first","14":"instock","15":"sale","16":"taxable","17":"shipping-taxable","18":"purchasable","19":"product-type-variable"},"yoast_head":"<!-- This site is optimized with the Yoast SEO plugin v27.4 - https:\/\/yoast.com\/product\/yoast-seo-wordpress\/ -->\n<title>Cadenshae k\u00f5rge pihaga retuusid s\u00fcnnitusj\u00e4rgseks perioodiks - Beebipai<\/title>\n<meta name=\"description\" content=\"Cadenshae k\u00f5rge pihaga treeningp\u00fcksid on ideaalsed treenimiseks s\u00fcnnitusj\u00e4rgses perioodis. Vaata toodet Cadensha k\u00f5rge pihaga treeningp\u00fcksid!\" \/>\n<meta name=\"robots\" content=\"index, follow, max-snippet:-1, max-image-preview:large, max-video-preview:-1\" \/>\n<link rel=\"canonical\" href=\"https:\/\/beebipai.ee\/en\/product\/cadenshae-korge-pihaga-treeningpuksid\/\" \/>\n<meta property=\"og:locale\" content=\"en_US\" \/>\n<meta property=\"og:type\" content=\"article\" \/>\n<meta property=\"og:title\" content=\"Cadenshae k\u00f5rge pihaga retuusid s\u00fcnnitusj\u00e4rgseks perioodiks - Beebipai\" \/>\n<meta property=\"og:description\" content=\"Cadenshae k\u00f5rge pihaga treeningp\u00fcksid on ideaalsed treenimiseks s\u00fcnnitusj\u00e4rgses perioodis. Vaata toodet Cadensha k\u00f5rge pihaga treeningp\u00fcksid!\" \/>\n<meta property=\"og:url\" content=\"https:\/\/beebipai.ee\/en\/product\/cadenshae-korge-pihaga-treeningpuksid\/\" \/>\n<meta property=\"og:site_name\" content=\"Beebipai\" \/>\n<meta property=\"article:modified_time\" content=\"2025-10-14T15:35:44+00:00\" \/>\n<meta property=\"og:image\" content=\"https:\/\/beebipai.ee\/wp-content\/uploads\/2022\/06\/Cadenshae-korge-pihaga-treeningpuksid.jpg\" \/>\n\t<meta property=\"og:image:width\" content=\"1576\" \/>\n\t<meta property=\"og:image:height\" content=\"1999\" \/>\n\t<meta property=\"og:image:type\" content=\"image\/jpeg\" \/>\n<meta name=\"twitter:card\" content=\"summary_large_image\" \/>\n<meta name=\"twitter:label1\" content=\"Est. reading time\" \/>\n\t<meta name=\"twitter:data1\" content=\"3 minutes\" \/>\n<script type=\"application\/ld+json\" class=\"yoast-schema-graph\">{\"@context\":\"https:\\\/\\\/schema.org\",\"@graph\":[{\"@type\":\"WebPage\",\"@id\":\"https:\\\/\\\/beebipai.ee\\\/product\\\/cadenshae-korge-pihaga-treeningpuksid\\\/\",\"url\":\"https:\\\/\\\/beebipai.ee\\\/product\\\/cadenshae-korge-pihaga-treeningpuksid\\\/\",\"name\":\"Cadenshae k\u00f5rge pihaga retuusid s\u00fcnnitusj\u00e4rgseks perioodiks - Beebipai\",\"isPartOf\":{\"@id\":\"https:\\\/\\\/beebipai.ee\\\/en\\\/#website\"},\"primaryImageOfPage\":{\"@id\":\"https:\\\/\\\/beebipai.ee\\\/product\\\/cadenshae-korge-pihaga-treeningpuksid\\\/#primaryimage\"},\"image\":{\"@id\":\"https:\\\/\\\/beebipai.ee\\\/product\\\/cadenshae-korge-pihaga-treeningpuksid\\\/#primaryimage\"},\"thumbnailUrl\":\"https:\\\/\\\/beebipai.ee\\\/wp-content\\\/uploads\\\/2022\\\/06\\\/Cadenshae-korge-pihaga-treeningpuksid.jpg\",\"datePublished\":\"2022-06-14T07:00:29+00:00\",\"dateModified\":\"2025-10-14T15:35:44+00:00\",\"description\":\"Cadenshae k\u00f5rge pihaga treeningp\u00fcksid on ideaalsed treenimiseks s\u00fcnnitusj\u00e4rgses perioodis. Vaata toodet Cadensha k\u00f5rge pihaga treeningp\u00fcksid!\",\"breadcrumb\":{\"@id\":\"https:\\\/\\\/beebipai.ee\\\/product\\\/cadenshae-korge-pihaga-treeningpuksid\\\/#breadcrumb\"},\"inLanguage\":\"en-US\",\"potentialAction\":[{\"@type\":\"ReadAction\",\"target\":[\"https:\\\/\\\/beebipai.ee\\\/product\\\/cadenshae-korge-pihaga-treeningpuksid\\\/\"]}]},{\"@type\":\"ImageObject\",\"inLanguage\":\"en-US\",\"@id\":\"https:\\\/\\\/beebipai.ee\\\/product\\\/cadenshae-korge-pihaga-treeningpuksid\\\/#primaryimage\",\"url\":\"https:\\\/\\\/beebipai.ee\\\/wp-content\\\/uploads\\\/2022\\\/06\\\/Cadenshae-korge-pihaga-treeningpuksid.jpg\",\"contentUrl\":\"https:\\\/\\\/beebipai.ee\\\/wp-content\\\/uploads\\\/2022\\\/06\\\/Cadenshae-korge-pihaga-treeningpuksid.jpg\",\"width\":1576,\"height\":1999},{\"@type\":\"BreadcrumbList\",\"@id\":\"https:\\\/\\\/beebipai.ee\\\/product\\\/cadenshae-korge-pihaga-treeningpuksid\\\/#breadcrumb\",\"itemListElement\":[{\"@type\":\"ListItem\",\"position\":1,\"name\":\"Home\",\"item\":\"https:\\\/\\\/beebipai.ee\\\/\"},{\"@type\":\"ListItem\",\"position\":2,\"name\":\"Pood\",\"item\":\"https:\\\/\\\/beebipai.ee\\\/store\\\/\"},{\"@type\":\"ListItem\",\"position\":3,\"name\":\"Cadenshae k\u00f5rge pihaga retuusid s\u00fcnnitusj\u00e4rgseks perioodiks\"}]},{\"@type\":\"WebSite\",\"@id\":\"https:\\\/\\\/beebipai.ee\\\/en\\\/#website\",\"url\":\"https:\\\/\\\/beebipai.ee\\\/en\\\/\",\"name\":\"Beebipai\",\"description\":\"Rasedate ja beebide veebipood\",\"potentialAction\":[{\"@type\":\"SearchAction\",\"target\":{\"@type\":\"EntryPoint\",\"urlTemplate\":\"https:\\\/\\\/beebipai.ee\\\/en\\\/?s={search_term_string}\"},\"query-input\":{\"@type\":\"PropertyValueSpecification\",\"valueRequired\":true,\"valueName\":\"search_term_string\"}}],\"inLanguage\":\"en-US\"}]}<\/script>\n<!-- \/ Yoast SEO plugin. -->","yoast_head_json":{"title":"Cadenshae k\u00f5rge pihaga retuusid s\u00fcnnitusj\u00e4rgseks perioodiks - Beebipai","description":"Cadenshae k\u00f5rge pihaga treeningp\u00fcksid on ideaalsed treenimiseks s\u00fcnnitusj\u00e4rgses perioodis. Vaata toodet Cadensha k\u00f5rge pihaga treeningp\u00fcksid!","robots":{"index":"index","follow":"follow","max-snippet":"max-snippet:-1","max-image-preview":"max-image-preview:large","max-video-preview":"max-video-preview:-1"},"canonical":"https:\/\/beebipai.ee\/en\/product\/cadenshae-korge-pihaga-treeningpuksid\/","og_locale":"en_US","og_type":"article","og_title":"Cadenshae k\u00f5rge pihaga retuusid s\u00fcnnitusj\u00e4rgseks perioodiks - Beebipai","og_description":"Cadenshae k\u00f5rge pihaga treeningp\u00fcksid on ideaalsed treenimiseks s\u00fcnnitusj\u00e4rgses perioodis. Vaata toodet Cadensha k\u00f5rge pihaga treeningp\u00fcksid!","og_url":"https:\/\/beebipai.ee\/en\/product\/cadenshae-korge-pihaga-treeningpuksid\/","og_site_name":"Beebipai","article_modified_time":"2025-10-14T15:35:44+00:00","og_image":[{"width":1576,"height":1999,"url":"https:\/\/beebipai.ee\/wp-content\/uploads\/2022\/06\/Cadenshae-korge-pihaga-treeningpuksid.jpg","type":"image\/jpeg"}],"twitter_card":"summary_large_image","twitter_misc":{"Est. reading time":"3 minutes"},"schema":{"@context":"https:\/\/schema.org","@graph":[{"@type":"WebPage","@id":"https:\/\/beebipai.ee\/product\/cadenshae-korge-pihaga-treeningpuksid\/","url":"https:\/\/beebipai.ee\/product\/cadenshae-korge-pihaga-treeningpuksid\/","name":"Cadenshae k\u00f5rge pihaga retuusid s\u00fcnnitusj\u00e4rgseks perioodiks - Beebipai","isPartOf":{"@id":"https:\/\/beebipai.ee\/en\/#website"},"primaryImageOfPage":{"@id":"https:\/\/beebipai.ee\/product\/cadenshae-korge-pihaga-treeningpuksid\/#primaryimage"},"image":{"@id":"https:\/\/beebipai.ee\/product\/cadenshae-korge-pihaga-treeningpuksid\/#primaryimage"},"thumbnailUrl":"https:\/\/beebipai.ee\/wp-content\/uploads\/2022\/06\/Cadenshae-korge-pihaga-treeningpuksid.jpg","datePublished":"2022-06-14T07:00:29+00:00","dateModified":"2025-10-14T15:35:44+00:00","description":"Cadenshae k\u00f5rge pihaga treeningp\u00fcksid on ideaalsed treenimiseks s\u00fcnnitusj\u00e4rgses perioodis. Vaata toodet Cadensha k\u00f5rge pihaga treeningp\u00fcksid!","breadcrumb":{"@id":"https:\/\/beebipai.ee\/product\/cadenshae-korge-pihaga-treeningpuksid\/#breadcrumb"},"inLanguage":"en-US","potentialAction":[{"@type":"ReadAction","target":["https:\/\/beebipai.ee\/product\/cadenshae-korge-pihaga-treeningpuksid\/"]}]},{"@type":"ImageObject","inLanguage":"en-US","@id":"https:\/\/beebipai.ee\/product\/cadenshae-korge-pihaga-treeningpuksid\/#primaryimage","url":"https:\/\/beebipai.ee\/wp-content\/uploads\/2022\/06\/Cadenshae-korge-pihaga-treeningpuksid.jpg","contentUrl":"https:\/\/beebipai.ee\/wp-content\/uploads\/2022\/06\/Cadenshae-korge-pihaga-treeningpuksid.jpg","width":1576,"height":1999},{"@type":"BreadcrumbList","@id":"https:\/\/beebipai.ee\/product\/cadenshae-korge-pihaga-treeningpuksid\/#breadcrumb","itemListElement":[{"@type":"ListItem","position":1,"name":"Home","item":"https:\/\/beebipai.ee\/"},{"@type":"ListItem","position":2,"name":"Pood","item":"https:\/\/beebipai.ee\/store\/"},{"@type":"ListItem","position":3,"name":"Cadenshae k\u00f5rge pihaga retuusid s\u00fcnnitusj\u00e4rgseks perioodiks"}]},{"@type":"WebSite","@id":"https:\/\/beebipai.ee\/en\/#website","url":"https:\/\/beebipai.ee\/en\/","name":"Beebipai","description":"Rasedate ja beebide veebipood","potentialAction":[{"@type":"SearchAction","target":{"@type":"EntryPoint","urlTemplate":"https:\/\/beebipai.ee\/en\/?s={search_term_string}"},"query-input":{"@type":"PropertyValueSpecification","valueRequired":true,"valueName":"search_term_string"}}],"inLanguage":"en-US"}]}},"_links":{"self":[{"href":"https:\/\/beebipai.ee\/en\/wp-json\/wp\/v2\/product\/4407","targetHints":{"allow":["GET"]}}],"collection":[{"href":"https:\/\/beebipai.ee\/en\/wp-json\/wp\/v2\/product"}],"about":[{"href":"https:\/\/beebipai.ee\/en\/wp-json\/wp\/v2\/types\/product"}],"version-history":[{"count":5,"href":"https:\/\/beebipai.ee\/en\/wp-json\/wp\/v2\/product\/4407\/revisions"}],"predecessor-version":[{"id":10703,"href":"https:\/\/beebipai.ee\/en\/wp-json\/wp\/v2\/product\/4407\/revisions\/10703"}],"wp:featuredmedia":[{"embeddable":true,"href":"https:\/\/beebipai.ee\/en\/wp-json\/wp\/v2\/media\/4413"}],"wp:attachment":[{"href":"https:\/\/beebipai.ee\/en\/wp-json\/wp\/v2\/media?parent=4407"}],"wp:term":[{"taxonomy":"product_brand","embeddable":true,"href":"https:\/\/beebipai.ee\/en\/wp-json\/wp\/v2\/product_brand?post=4407"},{"taxonomy":"product_cat","embeddable":true,"href":"https:\/\/beebipai.ee\/en\/wp-json\/wp\/v2\/product_cat?post=4407"},{"taxonomy":"product_tag","embeddable":true,"href":"https:\/\/beebipai.ee\/en\/wp-json\/wp\/v2\/product_tag?post=4407"}],"curies":[{"name":"wp","href":"https:\/\/api.w.org\/{rel}","templated":true}]}}